{"id":267425,"date":"2025-02-18T13:37:51","date_gmt":"2025-02-18T13:37:51","guid":{"rendered":"https:\/\/my.stlflix.com\/?post_type=product&#038;p=267425"},"modified":"2025-02-27T06:27:14","modified_gmt":"2025-02-27T06:27:14","slug":"cute-flexi-clownfish-67b4893cbae25","status":"publish","type":"product","link":"https:\/\/my.stlflix.com\/es\/product\/cute-flexi-clownfish-67b4893cbae25\/","title":{"rendered":"Clownfish Keychain"},"content":{"rendered":"<p data-start=\"235\" data-end=\"284\">Palya\u00e7o Bal\u0131\u011f\u0131 Hareketli Anahtarl\u0131k<\/p>\n<p data-start=\"286\" data-end=\"649\">E\u015fsiz ve fonksiyonel bir tasar\u0131ma sahip olan bu hareketli anahtarl\u0131k, 3D yaz\u0131c\u0131 teknolojisi ile y\u00fcksek hassasiyetle \u00fcretilmi\u015ftir. Hem \u015f\u0131k hem de e\u011flenceli bir aksesuar arayanlar i\u00e7in ideal olan bu anahtarl\u0131k, kullan\u0131m\u0131 kolay ve dayan\u0131kl\u0131d\u0131r. Tasar\u0131m\u0131ndaki hareketli par\u00e7alar sayesinde dinamik bir g\u00f6r\u00fcn\u00fcm sunarken, anahtarlar\u0131n\u0131z\u0131 g\u00fcvenle ta\u015f\u0131man\u0131za olanak tan\u0131r.<\/p>\n<p data-start=\"651\" data-end=\"676\"><strong data-start=\"651\" data-end=\"676\">\u00d6ne \u00e7\u0131kan \u00f6zellikler:<\/strong><\/p>\n<ul data-start=\"677\" data-end=\"942\">\n<li data-start=\"677\" data-end=\"748\"><strong data-start=\"679\" data-end=\"710\">3D yaz\u0131c\u0131 ile \u00fcretilmi\u015ftir:<\/strong> Y\u00fcksek kalite ve dayan\u0131kl\u0131l\u0131k sa\u011flar.<\/li>\n<li data-start=\"749\" data-end=\"804\"><strong data-start=\"751\" data-end=\"771\">Hareketli par\u00e7a:<\/strong> E\u011flenceli ve ilgin\u00e7 bir tasar\u0131m.<\/li>\n<li data-start=\"805\" data-end=\"881\"><strong data-start=\"807\" data-end=\"827\">Teknik \u00f6zellik:<\/strong> Do\u011fa dostu PLA malzemeden \u00fcretilmi\u015ftir.<\/li>\n<\/ul>\n<p data-start=\"944\" data-end=\"1097\">E\u015fsiz tasar\u0131m ve i\u015flevselli\u011fiyle bu anahtarl\u0131k, g\u00fcnl\u00fck hayat\u0131n\u0131za renk katacak. Hem kendiniz i\u00e7in hem de sevdiklerinize hediye olarak m\u00fckemmel bir se\u00e7im!<\/p>\n","protected":false},"excerpt":{"rendered":"<p>Palya\u00e7o Bal\u0131\u011f\u0131 Hareketli Anahtarl\u0131k E\u015fsiz ve fonksiyonel bir tasar\u0131ma sahip olan bu hareketli anahtarl\u0131k, 3D yaz\u0131c\u0131 teknolojisi ile y\u00fcksek hassasiyetle \u00fcretilmi\u015ftir. Hem \u015f\u0131k hem de e\u011flenceli bir aksesuar arayanlar i\u00e7in ideal olan bu anahtarl\u0131k, kullan\u0131m\u0131 kolay ve dayan\u0131kl\u0131d\u0131r. Tasar\u0131m\u0131ndaki hareketli par\u00e7alar sayesinde dinamik bir g\u00f6r\u00fcn\u00fcm sunarken, anahtarlar\u0131n\u0131z\u0131 g\u00fcvenle ta\u015f\u0131man\u0131za olanak tan\u0131r. \u00d6ne \u00e7\u0131kan \u00f6zellikler: 3D [&hellip;]<\/p>\n","protected":false},"featured_media":153075,"comment_status":"open","ping_status":"closed","template":"","meta":[],"product_brand":[],"product_cat":[504],"product_tag":[2971],"class_list":{"0":"post-267425","1":"product","2":"type-product","3":"status-publish","4":"has-post-thumbnail","6":"product_cat-mini-articulated","7":"product_tag-keychains-2","9":"first","10":"instock","11":"product-type-simple"},"yoast_head":"<!-- This site is optimized with the Yoast SEO plugin v25.1 - https:\/\/yoast.com\/wordpress\/plugins\/seo\/ -->\n<title>Clownfish Keychain - MyStore - By STLFLIX<\/title>\n<meta name=\"robots\" content=\"index, follow, max-snippet:-1, max-image-preview:large, max-video-preview:-1\" \/>\n<link rel=\"canonical\" href=\"https:\/\/my.stlflix.com\/es\/product\/cute-flexi-clownfish-67b4893cbae25\/\" \/>\n<meta property=\"og:locale\" content=\"es_ES\" \/>\n<meta property=\"og:type\" content=\"article\" \/>\n<meta property=\"og:title\" content=\"Clownfish Keychain - MyStore - By STLFLIX\" \/>\n<meta property=\"og:description\" content=\"Palya\u00e7o Bal\u0131\u011f\u0131 Hareketli Anahtarl\u0131k E\u015fsiz ve fonksiyonel bir tasar\u0131ma sahip olan bu hareketli anahtarl\u0131k, 3D yaz\u0131c\u0131 teknolojisi ile y\u00fcksek hassasiyetle \u00fcretilmi\u015ftir. Hem \u015f\u0131k hem de e\u011flenceli bir aksesuar arayanlar i\u00e7in ideal olan bu anahtarl\u0131k, kullan\u0131m\u0131 kolay ve dayan\u0131kl\u0131d\u0131r. Tasar\u0131m\u0131ndaki hareketli par\u00e7alar sayesinde dinamik bir g\u00f6r\u00fcn\u00fcm sunarken, anahtarlar\u0131n\u0131z\u0131 g\u00fcvenle ta\u015f\u0131man\u0131za olanak tan\u0131r. \u00d6ne \u00e7\u0131kan \u00f6zellikler: 3D [&hellip;]\" \/>\n<meta property=\"og:url\" content=\"https:\/\/my.stlflix.com\/es\/product\/cute-flexi-clownfish-67b4893cbae25\/\" \/>\n<meta property=\"og:site_name\" content=\"MyStore - By STLFLIX\" \/>\n<meta property=\"article:publisher\" content=\"https:\/\/www.facebook.com\/STLFLIX\" \/>\n<meta property=\"article:modified_time\" content=\"2025-02-27T06:27:14+00:00\" \/>\n<meta property=\"og:image\" content=\"https:\/\/my.stlflix.com\/wp-content\/uploads\/2024\/11\/Cute_Flexi_Clownfishthumb_489a2d0e6b.jpg\" \/>\n\t<meta property=\"og:image:width\" content=\"1080\" \/>\n\t<meta property=\"og:image:height\" content=\"1350\" \/>\n\t<meta property=\"og:image:type\" content=\"image\/jpeg\" \/>\n<meta name=\"twitter:card\" content=\"summary_large_image\" \/>\n<meta name=\"twitter:label1\" content=\"Est. reading time\" \/>\n\t<meta name=\"twitter:data1\" content=\"1 minute\" \/>\n<script type=\"application\/ld+json\" class=\"yoast-schema-graph\">{\"@context\":\"https:\/\/schema.org\",\"@graph\":[{\"@type\":\"WebPage\",\"@id\":\"https:\/\/my.stlflix.com\/es\/product\/cute-flexi-clownfish-67b4893cbae25\/\",\"url\":\"https:\/\/my.stlflix.com\/es\/product\/cute-flexi-clownfish-67b4893cbae25\/\",\"name\":\"Clownfish Keychain - MyStore - By STLFLIX\",\"isPartOf\":{\"@id\":\"https:\/\/my.stlflix.com\/#website\"},\"primaryImageOfPage\":{\"@id\":\"https:\/\/my.stlflix.com\/es\/product\/cute-flexi-clownfish-67b4893cbae25\/#primaryimage\"},\"image\":{\"@id\":\"https:\/\/my.stlflix.com\/es\/product\/cute-flexi-clownfish-67b4893cbae25\/#primaryimage\"},\"thumbnailUrl\":\"https:\/\/my.stlflix.com\/wp-content\/uploads\/2024\/11\/Cute_Flexi_Clownfishthumb_489a2d0e6b.jpg\",\"datePublished\":\"2025-02-18T13:37:51+00:00\",\"dateModified\":\"2025-02-27T06:27:14+00:00\",\"breadcrumb\":{\"@id\":\"https:\/\/my.stlflix.com\/es\/product\/cute-flexi-clownfish-67b4893cbae25\/#breadcrumb\"},\"inLanguage\":\"es-ES\",\"potentialAction\":[{\"@type\":\"ReadAction\",\"target\":[\"https:\/\/my.stlflix.com\/es\/product\/cute-flexi-clownfish-67b4893cbae25\/\"]}]},{\"@type\":\"ImageObject\",\"inLanguage\":\"es-ES\",\"@id\":\"https:\/\/my.stlflix.com\/es\/product\/cute-flexi-clownfish-67b4893cbae25\/#primaryimage\",\"url\":\"https:\/\/my.stlflix.com\/wp-content\/uploads\/2024\/11\/Cute_Flexi_Clownfishthumb_489a2d0e6b.jpg\",\"contentUrl\":\"https:\/\/my.stlflix.com\/wp-content\/uploads\/2024\/11\/Cute_Flexi_Clownfishthumb_489a2d0e6b.jpg\",\"width\":1080,\"height\":1350},{\"@type\":\"BreadcrumbList\",\"@id\":\"https:\/\/my.stlflix.com\/es\/product\/cute-flexi-clownfish-67b4893cbae25\/#breadcrumb\",\"itemListElement\":[{\"@type\":\"ListItem\",\"position\":1,\"name\":\"Home\",\"item\":\"https:\/\/www.stlflix-store.com\/\"},{\"@type\":\"ListItem\",\"position\":2,\"name\":\"Products\",\"item\":\"https:\/\/www.stlflix-store.com\/shop\/\"},{\"@type\":\"ListItem\",\"position\":3,\"name\":\"Clownfish Keychain\"}]},{\"@type\":\"WebSite\",\"@id\":\"https:\/\/my.stlflix.com\/#website\",\"url\":\"https:\/\/my.stlflix.com\/\",\"name\":\"MyStore - By STLFLIX\",\"description\":\"\",\"publisher\":{\"@id\":\"https:\/\/my.stlflix.com\/#organization\"},\"potentialAction\":[{\"@type\":\"SearchAction\",\"target\":{\"@type\":\"EntryPoint\",\"urlTemplate\":\"https:\/\/my.stlflix.com\/?s={search_term_string}\"},\"query-input\":{\"@type\":\"PropertyValueSpecification\",\"valueRequired\":true,\"valueName\":\"search_term_string\"}}],\"inLanguage\":\"es-ES\"},{\"@type\":\"Organization\",\"@id\":\"https:\/\/my.stlflix.com\/#organization\",\"name\":\"MyStore - By STLFLIX\",\"url\":\"https:\/\/my.stlflix.com\/\",\"logo\":{\"@type\":\"ImageObject\",\"inLanguage\":\"es-ES\",\"@id\":\"https:\/\/my.stlflix.com\/#\/schema\/logo\/image\/\",\"url\":\"https:\/\/my.stlflix.com\/wp-content\/uploads\/2024\/06\/logo-mystore.png\",\"contentUrl\":\"https:\/\/my.stlflix.com\/wp-content\/uploads\/2024\/06\/logo-mystore.png\",\"width\":150,\"height\":41,\"caption\":\"MyStore - By STLFLIX\"},\"image\":{\"@id\":\"https:\/\/my.stlflix.com\/#\/schema\/logo\/image\/\"},\"sameAs\":[\"https:\/\/www.facebook.com\/STLFLIX\",\"https:\/\/www.instagram.com\/stlflix_\/\",\"https:\/\/www.tiktok.com\/@stlflix\"]}]}<\/script>\n<!-- \/ Yoast SEO plugin. -->","yoast_head_json":{"title":"Clownfish Keychain - MyStore - By STLFLIX","robots":{"index":"index","follow":"follow","max-snippet":"max-snippet:-1","max-image-preview":"max-image-preview:large","max-video-preview":"max-video-preview:-1"},"canonical":"https:\/\/my.stlflix.com\/es\/product\/cute-flexi-clownfish-67b4893cbae25\/","og_locale":"es_ES","og_type":"article","og_title":"Clownfish Keychain - MyStore - By STLFLIX","og_description":"Palya\u00e7o Bal\u0131\u011f\u0131 Hareketli Anahtarl\u0131k E\u015fsiz ve fonksiyonel bir tasar\u0131ma sahip olan bu hareketli anahtarl\u0131k, 3D yaz\u0131c\u0131 teknolojisi ile y\u00fcksek hassasiyetle \u00fcretilmi\u015ftir. Hem \u015f\u0131k hem de e\u011flenceli bir aksesuar arayanlar i\u00e7in ideal olan bu anahtarl\u0131k, kullan\u0131m\u0131 kolay ve dayan\u0131kl\u0131d\u0131r. Tasar\u0131m\u0131ndaki hareketli par\u00e7alar sayesinde dinamik bir g\u00f6r\u00fcn\u00fcm sunarken, anahtarlar\u0131n\u0131z\u0131 g\u00fcvenle ta\u015f\u0131man\u0131za olanak tan\u0131r. \u00d6ne \u00e7\u0131kan \u00f6zellikler: 3D [&hellip;]","og_url":"https:\/\/my.stlflix.com\/es\/product\/cute-flexi-clownfish-67b4893cbae25\/","og_site_name":"MyStore - By STLFLIX","article_publisher":"https:\/\/www.facebook.com\/STLFLIX","article_modified_time":"2025-02-27T06:27:14+00:00","og_image":[{"width":1080,"height":1350,"url":"https:\/\/my.stlflix.com\/wp-content\/uploads\/2024\/11\/Cute_Flexi_Clownfishthumb_489a2d0e6b.jpg","type":"image\/jpeg"}],"twitter_card":"summary_large_image","twitter_misc":{"Est. reading time":"1 minute"},"schema":{"@context":"https:\/\/schema.org","@graph":[{"@type":"WebPage","@id":"https:\/\/my.stlflix.com\/es\/product\/cute-flexi-clownfish-67b4893cbae25\/","url":"https:\/\/my.stlflix.com\/es\/product\/cute-flexi-clownfish-67b4893cbae25\/","name":"Clownfish Keychain - MyStore - By STLFLIX","isPartOf":{"@id":"https:\/\/my.stlflix.com\/#website"},"primaryImageOfPage":{"@id":"https:\/\/my.stlflix.com\/es\/product\/cute-flexi-clownfish-67b4893cbae25\/#primaryimage"},"image":{"@id":"https:\/\/my.stlflix.com\/es\/product\/cute-flexi-clownfish-67b4893cbae25\/#primaryimage"},"thumbnailUrl":"https:\/\/my.stlflix.com\/wp-content\/uploads\/2024\/11\/Cute_Flexi_Clownfishthumb_489a2d0e6b.jpg","datePublished":"2025-02-18T13:37:51+00:00","dateModified":"2025-02-27T06:27:14+00:00","breadcrumb":{"@id":"https:\/\/my.stlflix.com\/es\/product\/cute-flexi-clownfish-67b4893cbae25\/#breadcrumb"},"inLanguage":"es-ES","potentialAction":[{"@type":"ReadAction","target":["https:\/\/my.stlflix.com\/es\/product\/cute-flexi-clownfish-67b4893cbae25\/"]}]},{"@type":"ImageObject","inLanguage":"es-ES","@id":"https:\/\/my.stlflix.com\/es\/product\/cute-flexi-clownfish-67b4893cbae25\/#primaryimage","url":"https:\/\/my.stlflix.com\/wp-content\/uploads\/2024\/11\/Cute_Flexi_Clownfishthumb_489a2d0e6b.jpg","contentUrl":"https:\/\/my.stlflix.com\/wp-content\/uploads\/2024\/11\/Cute_Flexi_Clownfishthumb_489a2d0e6b.jpg","width":1080,"height":1350},{"@type":"BreadcrumbList","@id":"https:\/\/my.stlflix.com\/es\/product\/cute-flexi-clownfish-67b4893cbae25\/#breadcrumb","itemListElement":[{"@type":"ListItem","position":1,"name":"Home","item":"https:\/\/www.stlflix-store.com\/"},{"@type":"ListItem","position":2,"name":"Products","item":"https:\/\/www.stlflix-store.com\/shop\/"},{"@type":"ListItem","position":3,"name":"Clownfish Keychain"}]},{"@type":"WebSite","@id":"https:\/\/my.stlflix.com\/#website","url":"https:\/\/my.stlflix.com\/","name":"MyStore - By STLFLIX","description":"","publisher":{"@id":"https:\/\/my.stlflix.com\/#organization"},"potentialAction":[{"@type":"SearchAction","target":{"@type":"EntryPoint","urlTemplate":"https:\/\/my.stlflix.com\/?s={search_term_string}"},"query-input":{"@type":"PropertyValueSpecification","valueRequired":true,"valueName":"search_term_string"}}],"inLanguage":"es-ES"},{"@type":"Organization","@id":"https:\/\/my.stlflix.com\/#organization","name":"MyStore - By STLFLIX","url":"https:\/\/my.stlflix.com\/","logo":{"@type":"ImageObject","inLanguage":"es-ES","@id":"https:\/\/my.stlflix.com\/#\/schema\/logo\/image\/","url":"https:\/\/my.stlflix.com\/wp-content\/uploads\/2024\/06\/logo-mystore.png","contentUrl":"https:\/\/my.stlflix.com\/wp-content\/uploads\/2024\/06\/logo-mystore.png","width":150,"height":41,"caption":"MyStore - By STLFLIX"},"image":{"@id":"https:\/\/my.stlflix.com\/#\/schema\/logo\/image\/"},"sameAs":["https:\/\/www.facebook.com\/STLFLIX","https:\/\/www.instagram.com\/stlflix_\/","https:\/\/www.tiktok.com\/@stlflix"]}]}},"_links":{"self":[{"href":"https:\/\/my.stlflix.com\/es\/wp-json\/wp\/v2\/product\/267425","targetHints":{"allow":["GET"]}}],"collection":[{"href":"https:\/\/my.stlflix.com\/es\/wp-json\/wp\/v2\/product"}],"about":[{"href":"https:\/\/my.stlflix.com\/es\/wp-json\/wp\/v2\/types\/product"}],"replies":[{"embeddable":true,"href":"https:\/\/my.stlflix.com\/es\/wp-json\/wp\/v2\/comments?post=267425"}],"wp:featuredmedia":[{"embeddable":true,"href":"https:\/\/my.stlflix.com\/es\/wp-json\/wp\/v2\/media\/153075"}],"wp:attachment":[{"href":"https:\/\/my.stlflix.com\/es\/wp-json\/wp\/v2\/media?parent=267425"}],"wp:term":[{"taxonomy":"product_brand","embeddable":true,"href":"https:\/\/my.stlflix.com\/es\/wp-json\/wp\/v2\/product_brand?post=267425"},{"taxonomy":"product_cat","embeddable":true,"href":"https:\/\/my.stlflix.com\/es\/wp-json\/wp\/v2\/product_cat?post=267425"},{"taxonomy":"product_tag","embeddable":true,"href":"https:\/\/my.stlflix.com\/es\/wp-json\/wp\/v2\/product_tag?post=267425"}],"curies":[{"name":"wp","href":"https:\/\/api.w.org\/{rel}","templated":true}]}}