{"id":283252,"date":"2025-03-09T00:28:36","date_gmt":"2025-03-09T00:28:36","guid":{"rendered":"https:\/\/my.stlflix.com\/?post_type=product&#038;p=283252"},"modified":"2025-04-21T02:06:53","modified_gmt":"2025-04-21T02:06:53","slug":"vaso-decorativo-em-espiral-vaso-em-espiral","status":"publish","type":"product","link":"https:\/\/my.stlflix.com\/es\/product\/vaso-decorativo-em-espiral-vaso-em-espiral\/","title":{"rendered":"Vaso decorativo em espiral | Vaso em espiral"},"content":{"rendered":"<p data-start=\"0\" data-end=\"53\"><strong data-start=\"0\" data-end=\"47\">Vaso Decorativo Espiral \u2013 Feito Sob Demanda<\/strong> \ud83c\udfe1\u2728<\/p>\n<p data-start=\"55\" data-end=\"303\">Este <strong data-start=\"60\" data-end=\"87\">vaso decorativo espiral<\/strong> \u00e9 uma pe\u00e7a <strong data-start=\"99\" data-end=\"118\">\u00fanica e moderna<\/strong>, ideal para dar um toque <strong data-start=\"144\" data-end=\"170\">sofisticado e criativo<\/strong> \u00e0 sua decora\u00e7\u00e3o. Produzido em <strong data-start=\"201\" data-end=\"226\">PLA de alta qualidade<\/strong>, ele \u00e9 feito sob demanda, garantindo exclusividade e aten\u00e7\u00e3o aos detalhes.<\/p>\n<p data-start=\"305\" data-end=\"490\">\ud83d\udd39 <strong data-start=\"308\" data-end=\"321\">Material:<\/strong> PLA (biodegrad\u00e1vel e resistente)<br data-start=\"354\" data-end=\"357\" \/>\ud83d\udd39 <strong data-start=\"360\" data-end=\"371\">Design:<\/strong> Formato espiral moderno e elegante<br data-start=\"406\" data-end=\"409\" \/>\ud83d\udd39 <strong data-start=\"412\" data-end=\"436\">Prazo de fabrica\u00e7\u00e3o:<\/strong> At\u00e9 <strong data-start=\"441\" data-end=\"457\">4 dias \u00fateis<\/strong><br data-start=\"457\" data-end=\"460\" data-is-only-node=\"\" \/>\ud83d\udd39 <strong data-start=\"463\" data-end=\"478\">Quantidade:<\/strong> 1 unidade<\/p>\n<p data-start=\"492\" data-end=\"686\">\ud83d\udccf <strong data-start=\"495\" data-end=\"520\">Tamanhos dispon\u00edveis:<\/strong><br data-start=\"520\" data-end=\"523\" \/>\u2714 <strong data-start=\"525\" data-end=\"535\">18 cm:<\/strong> 18 x 12 x 12 cm (Altura x Largura x Profundidade) \u2013 <strong data-start=\"588\" data-end=\"597\">Peso:<\/strong> 90g<br data-start=\"601\" data-end=\"604\" \/>\u2714 <strong data-start=\"606\" data-end=\"616\">15 cm:<\/strong> 15 x 9,5 x 9,5 cm (Altura x Largura x Profundidade) \u2013 <strong data-start=\"671\" data-end=\"680\" data-is-only-node=\"\">Peso:<\/strong> 63g<\/p>\n<p data-start=\"688\" data-end=\"787\">\u26a0 <strong data-start=\"690\" data-end=\"702\">Aten\u00e7\u00e3o:<\/strong> A tonalidade da cor pode variar conforme a ilumina\u00e7\u00e3o e a tela do seu dispositivo.<\/p>\n<p data-start=\"789\" data-end=\"1169\">\ud83d\udca1 <strong data-start=\"792\" data-end=\"817\">Perguntas Frequentes:<\/strong><br data-start=\"817\" data-end=\"820\" \/>\u2714 <strong data-start=\"822\" data-end=\"851\">Posso jogar \u00e1gua no vaso?<\/strong> Sim, por\u00e9m n\u00e3o recomendamos, pois al\u00e9m de comprometer a durabilidade, a \u00e1gua ficar\u00e1 acumulada dentro do vaso, j\u00e1 que ele <strong data-start=\"973\" data-end=\"1005\">n\u00e3o cont\u00e9m furos de drenagem<\/strong>.<br data-start=\"1006\" data-end=\"1009\" \/>\u2714 <strong data-start=\"1011\" data-end=\"1046\">Posso colocar plantas naturais?<\/strong> Sim, mas sugerimos <strong data-start=\"1066\" data-end=\"1094\" data-is-only-node=\"\">usar plantas artificiais<\/strong>, pois este vaso foi projetado especialmente para esse tipo de decora\u00e7\u00e3o.<\/p>\n<p data-start=\"1171\" data-end=\"1291\">\ud83c\udfa8 <strong data-start=\"1174\" data-end=\"1193\">Quer outra cor?<\/strong> Entre em contato para verificar disponibilidade! Temos tamb\u00e9m a op\u00e7\u00e3o <strong data-start=\"1264\" data-end=\"1277\">Rosa Pink<\/strong> dispon\u00edvel.<\/p>\n<p data-start=\"1293\" data-end=\"1365\" data-is-last-node=\"\" data-is-only-node=\"\">\u2728 <strong data-start=\"1295\" data-end=\"1365\" data-is-last-node=\"\">Ideal para decorar casa, escrit\u00f3rio ou presentear algu\u00e9m especial!<\/strong><\/p>\n","protected":false},"excerpt":{"rendered":"<p>Vaso Decorativo Espiral \u2013 Feito Sob Demanda \ud83c\udfe1\u2728 Este vaso decorativo espiral \u00e9 uma pe\u00e7a \u00fanica e moderna, ideal para dar um toque sofisticado e criativo \u00e0 sua decora\u00e7\u00e3o. Produzido em PLA de alta qualidade, ele \u00e9 feito sob demanda, garantindo exclusividade e aten\u00e7\u00e3o aos detalhes. \ud83d\udd39 Material: PLA (biodegrad\u00e1vel e resistente)\ud83d\udd39 Design: Formato espiral [&hellip;]<\/p>\n","protected":false},"featured_media":319461,"comment_status":"open","ping_status":"closed","template":"","meta":[],"product_brand":[],"product_cat":[19],"product_tag":[738,5687,726],"class_list":{"0":"post-283252","1":"product","2":"type-product","3":"status-publish","4":"has-post-thumbnail","6":"product_cat-animals","7":"product_tag-decoracao","8":"product_tag-principal","9":"product_tag-vaso","11":"first","12":"instock","13":"sold-individually","14":"purchasable","15":"product-type-variable","16":"has-default-attributes"},"yoast_head":"<!-- This site is optimized with the Yoast SEO plugin v25.1 - https:\/\/yoast.com\/wordpress\/plugins\/seo\/ -->\n<title>[Vaso Espiral] [Vaso] [Fantasia Ludica] [Vaso decorativo]<\/title>\n<meta name=\"description\" content=\"Vaso decorativo em espiral | Vaso em espiral - MyStore - By STLFLIX\" \/>\n<meta name=\"robots\" content=\"index, follow, max-snippet:-1, max-image-preview:large, max-video-preview:-1\" \/>\n<link rel=\"canonical\" href=\"https:\/\/my.stlflix.com\/es\/product\/vaso-decorativo-em-espiral-vaso-em-espiral\/\" \/>\n<meta property=\"og:locale\" content=\"es_ES\" \/>\n<meta property=\"og:type\" content=\"article\" \/>\n<meta property=\"og:title\" content=\"[Vaso Espiral] [Vaso] [Fantasia Ludica] [Vaso decorativo]\" \/>\n<meta property=\"og:description\" content=\"Vaso decorativo em espiral | Vaso em espiral - MyStore - By STLFLIX\" \/>\n<meta property=\"og:url\" content=\"https:\/\/my.stlflix.com\/es\/product\/vaso-decorativo-em-espiral-vaso-em-espiral\/\" \/>\n<meta property=\"og:site_name\" content=\"MyStore - By STLFLIX\" \/>\n<meta property=\"article:publisher\" content=\"https:\/\/www.facebook.com\/STLFLIX\" \/>\n<meta property=\"article:modified_time\" content=\"2025-04-21T02:06:53+00:00\" \/>\n<meta property=\"og:image\" content=\"https:\/\/my.stlflix.com\/wp-content\/uploads\/2025\/04\/vaso1.jpg\" \/>\n\t<meta property=\"og:image:width\" content=\"1512\" \/>\n\t<meta property=\"og:image:height\" content=\"1512\" \/>\n\t<meta property=\"og:image:type\" content=\"image\/jpeg\" \/>\n<meta name=\"twitter:card\" content=\"summary_large_image\" \/>\n<meta name=\"twitter:label1\" content=\"Est. reading time\" \/>\n\t<meta name=\"twitter:data1\" content=\"1 minute\" \/>\n<script type=\"application\/ld+json\" class=\"yoast-schema-graph\">{\"@context\":\"https:\/\/schema.org\",\"@graph\":[{\"@type\":\"WebPage\",\"@id\":\"https:\/\/my.stlflix.com\/es\/product\/vaso-decorativo-em-espiral-vaso-em-espiral\/\",\"url\":\"https:\/\/my.stlflix.com\/es\/product\/vaso-decorativo-em-espiral-vaso-em-espiral\/\",\"name\":\"[Vaso Espiral] [Vaso] [Fantasia Ludica] [Vaso decorativo]\",\"isPartOf\":{\"@id\":\"https:\/\/my.stlflix.com\/#website\"},\"primaryImageOfPage\":{\"@id\":\"https:\/\/my.stlflix.com\/es\/product\/vaso-decorativo-em-espiral-vaso-em-espiral\/#primaryimage\"},\"image\":{\"@id\":\"https:\/\/my.stlflix.com\/es\/product\/vaso-decorativo-em-espiral-vaso-em-espiral\/#primaryimage\"},\"thumbnailUrl\":\"https:\/\/my.stlflix.com\/wp-content\/uploads\/2025\/04\/vaso1.jpg\",\"datePublished\":\"2025-03-09T00:28:36+00:00\",\"dateModified\":\"2025-04-21T02:06:53+00:00\",\"description\":\"Vaso decorativo em espiral | Vaso em espiral - MyStore - By STLFLIX\",\"breadcrumb\":{\"@id\":\"https:\/\/my.stlflix.com\/es\/product\/vaso-decorativo-em-espiral-vaso-em-espiral\/#breadcrumb\"},\"inLanguage\":\"es-ES\",\"potentialAction\":[{\"@type\":\"ReadAction\",\"target\":[\"https:\/\/my.stlflix.com\/es\/product\/vaso-decorativo-em-espiral-vaso-em-espiral\/\"]}]},{\"@type\":\"ImageObject\",\"inLanguage\":\"es-ES\",\"@id\":\"https:\/\/my.stlflix.com\/es\/product\/vaso-decorativo-em-espiral-vaso-em-espiral\/#primaryimage\",\"url\":\"https:\/\/my.stlflix.com\/wp-content\/uploads\/2025\/04\/vaso1.jpg\",\"contentUrl\":\"https:\/\/my.stlflix.com\/wp-content\/uploads\/2025\/04\/vaso1.jpg\",\"width\":1512,\"height\":1512},{\"@type\":\"BreadcrumbList\",\"@id\":\"https:\/\/my.stlflix.com\/es\/product\/vaso-decorativo-em-espiral-vaso-em-espiral\/#breadcrumb\",\"itemListElement\":[{\"@type\":\"ListItem\",\"position\":1,\"name\":\"Home\",\"item\":\"https:\/\/www.stlflix-store.com\/\"},{\"@type\":\"ListItem\",\"position\":2,\"name\":\"Products\",\"item\":\"https:\/\/www.stlflix-store.com\/shop\/\"},{\"@type\":\"ListItem\",\"position\":3,\"name\":\"Vaso decorativo em espiral | Vaso em espiral\"}]},{\"@type\":\"WebSite\",\"@id\":\"https:\/\/my.stlflix.com\/#website\",\"url\":\"https:\/\/my.stlflix.com\/\",\"name\":\"MyStore - By STLFLIX\",\"description\":\"\",\"publisher\":{\"@id\":\"https:\/\/my.stlflix.com\/#organization\"},\"potentialAction\":[{\"@type\":\"SearchAction\",\"target\":{\"@type\":\"EntryPoint\",\"urlTemplate\":\"https:\/\/my.stlflix.com\/?s={search_term_string}\"},\"query-input\":{\"@type\":\"PropertyValueSpecification\",\"valueRequired\":true,\"valueName\":\"search_term_string\"}}],\"inLanguage\":\"es-ES\"},{\"@type\":\"Organization\",\"@id\":\"https:\/\/my.stlflix.com\/#organization\",\"name\":\"MyStore - By STLFLIX\",\"url\":\"https:\/\/my.stlflix.com\/\",\"logo\":{\"@type\":\"ImageObject\",\"inLanguage\":\"es-ES\",\"@id\":\"https:\/\/my.stlflix.com\/#\/schema\/logo\/image\/\",\"url\":\"https:\/\/my.stlflix.com\/wp-content\/uploads\/2024\/06\/logo-mystore.png\",\"contentUrl\":\"https:\/\/my.stlflix.com\/wp-content\/uploads\/2024\/06\/logo-mystore.png\",\"width\":150,\"height\":41,\"caption\":\"MyStore - By STLFLIX\"},\"image\":{\"@id\":\"https:\/\/my.stlflix.com\/#\/schema\/logo\/image\/\"},\"sameAs\":[\"https:\/\/www.facebook.com\/STLFLIX\",\"https:\/\/www.instagram.com\/stlflix_\/\",\"https:\/\/www.tiktok.com\/@stlflix\"]}]}<\/script>\n<!-- \/ Yoast SEO plugin. -->","yoast_head_json":{"title":"[Vaso Espiral] [Vaso] [Fantasia Ludica] [Vaso decorativo]","description":"Vaso decorativo em espiral | Vaso em espiral - MyStore - By STLFLIX","robots":{"index":"index","follow":"follow","max-snippet":"max-snippet:-1","max-image-preview":"max-image-preview:large","max-video-preview":"max-video-preview:-1"},"canonical":"https:\/\/my.stlflix.com\/es\/product\/vaso-decorativo-em-espiral-vaso-em-espiral\/","og_locale":"es_ES","og_type":"article","og_title":"[Vaso Espiral] [Vaso] [Fantasia Ludica] [Vaso decorativo]","og_description":"Vaso decorativo em espiral | Vaso em espiral - MyStore - By STLFLIX","og_url":"https:\/\/my.stlflix.com\/es\/product\/vaso-decorativo-em-espiral-vaso-em-espiral\/","og_site_name":"MyStore - By STLFLIX","article_publisher":"https:\/\/www.facebook.com\/STLFLIX","article_modified_time":"2025-04-21T02:06:53+00:00","og_image":[{"width":1512,"height":1512,"url":"https:\/\/my.stlflix.com\/wp-content\/uploads\/2025\/04\/vaso1.jpg","type":"image\/jpeg"}],"twitter_card":"summary_large_image","twitter_misc":{"Est. reading time":"1 minute"},"schema":{"@context":"https:\/\/schema.org","@graph":[{"@type":"WebPage","@id":"https:\/\/my.stlflix.com\/es\/product\/vaso-decorativo-em-espiral-vaso-em-espiral\/","url":"https:\/\/my.stlflix.com\/es\/product\/vaso-decorativo-em-espiral-vaso-em-espiral\/","name":"[Vaso Espiral] [Vaso] [Fantasia Ludica] [Vaso decorativo]","isPartOf":{"@id":"https:\/\/my.stlflix.com\/#website"},"primaryImageOfPage":{"@id":"https:\/\/my.stlflix.com\/es\/product\/vaso-decorativo-em-espiral-vaso-em-espiral\/#primaryimage"},"image":{"@id":"https:\/\/my.stlflix.com\/es\/product\/vaso-decorativo-em-espiral-vaso-em-espiral\/#primaryimage"},"thumbnailUrl":"https:\/\/my.stlflix.com\/wp-content\/uploads\/2025\/04\/vaso1.jpg","datePublished":"2025-03-09T00:28:36+00:00","dateModified":"2025-04-21T02:06:53+00:00","description":"Vaso decorativo em espiral | Vaso em espiral - MyStore - By STLFLIX","breadcrumb":{"@id":"https:\/\/my.stlflix.com\/es\/product\/vaso-decorativo-em-espiral-vaso-em-espiral\/#breadcrumb"},"inLanguage":"es-ES","potentialAction":[{"@type":"ReadAction","target":["https:\/\/my.stlflix.com\/es\/product\/vaso-decorativo-em-espiral-vaso-em-espiral\/"]}]},{"@type":"ImageObject","inLanguage":"es-ES","@id":"https:\/\/my.stlflix.com\/es\/product\/vaso-decorativo-em-espiral-vaso-em-espiral\/#primaryimage","url":"https:\/\/my.stlflix.com\/wp-content\/uploads\/2025\/04\/vaso1.jpg","contentUrl":"https:\/\/my.stlflix.com\/wp-content\/uploads\/2025\/04\/vaso1.jpg","width":1512,"height":1512},{"@type":"BreadcrumbList","@id":"https:\/\/my.stlflix.com\/es\/product\/vaso-decorativo-em-espiral-vaso-em-espiral\/#breadcrumb","itemListElement":[{"@type":"ListItem","position":1,"name":"Home","item":"https:\/\/www.stlflix-store.com\/"},{"@type":"ListItem","position":2,"name":"Products","item":"https:\/\/www.stlflix-store.com\/shop\/"},{"@type":"ListItem","position":3,"name":"Vaso decorativo em espiral | Vaso em espiral"}]},{"@type":"WebSite","@id":"https:\/\/my.stlflix.com\/#website","url":"https:\/\/my.stlflix.com\/","name":"MyStore - By STLFLIX","description":"","publisher":{"@id":"https:\/\/my.stlflix.com\/#organization"},"potentialAction":[{"@type":"SearchAction","target":{"@type":"EntryPoint","urlTemplate":"https:\/\/my.stlflix.com\/?s={search_term_string}"},"query-input":{"@type":"PropertyValueSpecification","valueRequired":true,"valueName":"search_term_string"}}],"inLanguage":"es-ES"},{"@type":"Organization","@id":"https:\/\/my.stlflix.com\/#organization","name":"MyStore - By STLFLIX","url":"https:\/\/my.stlflix.com\/","logo":{"@type":"ImageObject","inLanguage":"es-ES","@id":"https:\/\/my.stlflix.com\/#\/schema\/logo\/image\/","url":"https:\/\/my.stlflix.com\/wp-content\/uploads\/2024\/06\/logo-mystore.png","contentUrl":"https:\/\/my.stlflix.com\/wp-content\/uploads\/2024\/06\/logo-mystore.png","width":150,"height":41,"caption":"MyStore - By STLFLIX"},"image":{"@id":"https:\/\/my.stlflix.com\/#\/schema\/logo\/image\/"},"sameAs":["https:\/\/www.facebook.com\/STLFLIX","https:\/\/www.instagram.com\/stlflix_\/","https:\/\/www.tiktok.com\/@stlflix"]}]}},"_links":{"self":[{"href":"https:\/\/my.stlflix.com\/es\/wp-json\/wp\/v2\/product\/283252","targetHints":{"allow":["GET"]}}],"collection":[{"href":"https:\/\/my.stlflix.com\/es\/wp-json\/wp\/v2\/product"}],"about":[{"href":"https:\/\/my.stlflix.com\/es\/wp-json\/wp\/v2\/types\/product"}],"replies":[{"embeddable":true,"href":"https:\/\/my.stlflix.com\/es\/wp-json\/wp\/v2\/comments?post=283252"}],"wp:featuredmedia":[{"embeddable":true,"href":"https:\/\/my.stlflix.com\/es\/wp-json\/wp\/v2\/media\/319461"}],"wp:attachment":[{"href":"https:\/\/my.stlflix.com\/es\/wp-json\/wp\/v2\/media?parent=283252"}],"wp:term":[{"taxonomy":"product_brand","embeddable":true,"href":"https:\/\/my.stlflix.com\/es\/wp-json\/wp\/v2\/product_brand?post=283252"},{"taxonomy":"product_cat","embeddable":true,"href":"https:\/\/my.stlflix.com\/es\/wp-json\/wp\/v2\/product_cat?post=283252"},{"taxonomy":"product_tag","embeddable":true,"href":"https:\/\/my.stlflix.com\/es\/wp-json\/wp\/v2\/product_tag?post=283252"}],"curies":[{"name":"wp","href":"https:\/\/api.w.org\/{rel}","templated":true}]}}