{"id":283462,"date":"2025-03-09T13:12:20","date_gmt":"2025-03-09T13:12:20","guid":{"rendered":"https:\/\/my.stlflix.com\/?post_type=product&#038;p=283462"},"modified":"2025-10-30T20:44:11","modified_gmt":"2025-10-30T20:44:11","slug":"chaveiro-de-letra-e-nome-chaveiro-personalizado-chaveiro-colorido-presente-chaveiro-para-mochila-chaveiro-de-letra","status":"publish","type":"product","link":"https:\/\/my.stlflix.com\/es\/product\/chaveiro-de-letra-e-nome-chaveiro-personalizado-chaveiro-colorido-presente-chaveiro-para-mochila-chaveiro-de-letra\/","title":{"rendered":"Chaveiro de letra e nome | chaveiro personalizado | chaveiro"},"content":{"rendered":"<p data-start=\"0\" data-end=\"61\"><strong data-start=\"0\" data-end=\"55\">Chaveiro Personalizado com Nome \u2013 Feito Sob Demanda<\/strong> \ud83d\udd11\u2728<\/p>\n<p data-start=\"63\" data-end=\"288\">Este <strong data-start=\"68\" data-end=\"94\">chaveiro personalizado<\/strong> \u00e9 perfeito para quem deseja algo <strong data-start=\"128\" data-end=\"149\">\u00fanico e exclusivo<\/strong>! Produzido em <strong data-start=\"164\" data-end=\"198\">PLA biodegrad\u00e1vel e resistente<\/strong>, ele traz o seu <strong data-start=\"215\" data-end=\"245\">nome ou palavra de escolha<\/strong> com um acabamento de <strong data-start=\"267\" data-end=\"285\">alta qualidade<\/strong>.<\/p>\n<p data-start=\"290\" data-end=\"589\">\ud83d\udd39 <strong data-start=\"293\" data-end=\"306\">Material:<\/strong> PLA (biodegrad\u00e1vel e resistente)<br data-start=\"339\" data-end=\"342\" \/>\ud83d\udd39 <strong data-start=\"345\" data-end=\"359\">Dimens\u00f5es:<\/strong> Aproximadamente 5 cm (largura) x 1 cm (altura)<br data-start=\"455\" data-end=\"458\" \/>\ud83d\udd39 <strong data-start=\"461\" data-end=\"474\">Produ\u00e7\u00e3o:<\/strong> Impress\u00e3o 3D de alta precis\u00e3o<br data-start=\"504\" data-end=\"507\" \/>\ud83d\udd39 <strong data-start=\"510\" data-end=\"534\">Prazo de fabrica\u00e7\u00e3o:<\/strong> M\u00e9dia de 3 dias \u00fateis<br data-start=\"556\" data-end=\"559\" \/>\ud83d\udd39 <strong data-start=\"562\" data-end=\"577\">Quantidade:<\/strong> 1 unidade<\/p>\n<p data-start=\"591\" data-end=\"690\">\u26a0 <strong data-start=\"593\" data-end=\"605\">Aten\u00e7\u00e3o:<\/strong> A tonalidade da cor pode variar conforme a ilumina\u00e7\u00e3o e a tela do seu dispositivo.<\/p>\n<p data-start=\"692\" data-end=\"862\">\ud83d\udce9 <strong data-start=\"695\" data-end=\"714\">Personaliza\u00e7\u00e3o:<\/strong><br data-start=\"714\" data-end=\"717\" \/>Envie o <strong data-start=\"725\" data-end=\"753\">nome ou palavra desejada<\/strong> no momento da compra ou no chat para que possamos personalizar o seu chaveiro exatamente como voc\u00ea deseja!<\/p>\n<p data-start=\"864\" data-end=\"937\">\ud83c\udfa8 <strong data-start=\"867\" data-end=\"886\">Quer outra cor?<\/strong> Entre em contato para verificar disponibilidade!<\/p>\n<p data-start=\"939\" data-end=\"1008\" data-is-last-node=\"\" data-is-only-node=\"\">\ud83c\udf81 <strong data-start=\"942\" data-end=\"1008\" data-is-last-node=\"\">Ideal para presentear ou dar um toque especial \u00e0s suas chaves!<\/strong><\/p>\n","protected":false},"excerpt":{"rendered":"<p>Chaveiro Personalizado com Nome \u2013 Feito Sob Demanda \ud83d\udd11\u2728 Este chaveiro personalizado \u00e9 perfeito para quem deseja algo \u00fanico e exclusivo! Produzido em PLA biodegrad\u00e1vel e resistente, ele traz o seu nome ou palavra de escolha com um acabamento de alta qualidade. \ud83d\udd39 Material: PLA (biodegrad\u00e1vel e resistente)\ud83d\udd39 Dimens\u00f5es: Aproximadamente 5 cm (largura) x 1 [&hellip;]<\/p>\n","protected":false},"featured_media":319396,"comment_status":"open","ping_status":"closed","template":"","meta":[],"product_brand":[],"product_cat":[15],"product_tag":[1564,517,5687],"class_list":{"0":"post-283462","1":"product","2":"type-product","3":"status-publish","4":"has-post-thumbnail","6":"product_cat-uncategorized","7":"product_tag-chaveiro","8":"product_tag-chaveiros-personalizados","9":"product_tag-principal","11":"first","12":"onbackorder","13":"purchasable","14":"product-type-variable"},"yoast_head":"<!-- This site is optimized with the Yoast SEO plugin v25.1 - https:\/\/yoast.com\/wordpress\/plugins\/seo\/ -->\n<title>Chaveiro de letra e nome | chaveiro personalizado | chaveiro - MyStore - By STLFLIX<\/title>\n<meta name=\"robots\" content=\"index, follow, max-snippet:-1, max-image-preview:large, max-video-preview:-1\" \/>\n<link rel=\"canonical\" href=\"https:\/\/www.my3dstore-example.com\/product\/chaveiro-de-letra-e-nome-chaveiro-personalizado-chaveiro-colorido-presente-chaveiro-para-mochila-chaveiro-de-letra\/\" \/>\n<meta property=\"og:locale\" content=\"es_ES\" \/>\n<meta property=\"og:type\" content=\"article\" \/>\n<meta property=\"og:title\" content=\"Chaveiro de letra e nome | chaveiro personalizado | chaveiro - MyStore - By STLFLIX\" \/>\n<meta property=\"og:description\" content=\"Chaveiro Personalizado com Nome \u2013 Feito Sob Demanda \ud83d\udd11\u2728 Este chaveiro personalizado \u00e9 perfeito para quem deseja algo \u00fanico e exclusivo! Produzido em PLA biodegrad\u00e1vel e resistente, ele traz o seu nome ou palavra de escolha com um acabamento de alta qualidade. \ud83d\udd39 Material: PLA (biodegrad\u00e1vel e resistente)\ud83d\udd39 Dimens\u00f5es: Aproximadamente 5 cm (largura) x 1 [&hellip;]\" \/>\n<meta property=\"og:url\" content=\"https:\/\/www.my3dstore-example.com\/product\/chaveiro-de-letra-e-nome-chaveiro-personalizado-chaveiro-colorido-presente-chaveiro-para-mochila-chaveiro-de-letra\/\" \/>\n<meta property=\"og:site_name\" content=\"MyStore - By STLFLIX\" \/>\n<meta property=\"article:publisher\" content=\"https:\/\/www.facebook.com\/STLFLIX\" \/>\n<meta property=\"article:modified_time\" content=\"2025-10-30T20:44:11+00:00\" \/>\n<meta property=\"og:image\" content=\"https:\/\/www.my3dstore-example.com\/wp-content\/uploads\/2025\/04\/MercadoLibre-Photoroom__14_-removebg-preview.png\" \/>\n\t<meta property=\"og:image:width\" content=\"500\" \/>\n\t<meta property=\"og:image:height\" content=\"500\" \/>\n\t<meta property=\"og:image:type\" content=\"image\/png\" \/>\n<meta name=\"twitter:card\" content=\"summary_large_image\" \/>\n<meta name=\"twitter:label1\" content=\"Est. reading time\" \/>\n\t<meta name=\"twitter:data1\" content=\"1 minute\" \/>\n<script type=\"application\/ld+json\" class=\"yoast-schema-graph\">{\"@context\":\"https:\/\/schema.org\",\"@graph\":[{\"@type\":\"WebPage\",\"@id\":\"https:\/\/www.my3dstore-example.com\/product\/chaveiro-de-letra-e-nome-chaveiro-personalizado-chaveiro-colorido-presente-chaveiro-para-mochila-chaveiro-de-letra\/\",\"url\":\"https:\/\/www.my3dstore-example.com\/product\/chaveiro-de-letra-e-nome-chaveiro-personalizado-chaveiro-colorido-presente-chaveiro-para-mochila-chaveiro-de-letra\/\",\"name\":\"Chaveiro de letra e nome | chaveiro personalizado | chaveiro - MyStore - By STLFLIX\",\"isPartOf\":{\"@id\":\"https:\/\/my.stlflix.com\/#website\"},\"primaryImageOfPage\":{\"@id\":\"https:\/\/www.my3dstore-example.com\/product\/chaveiro-de-letra-e-nome-chaveiro-personalizado-chaveiro-colorido-presente-chaveiro-para-mochila-chaveiro-de-letra\/#primaryimage\"},\"image\":{\"@id\":\"https:\/\/www.my3dstore-example.com\/product\/chaveiro-de-letra-e-nome-chaveiro-personalizado-chaveiro-colorido-presente-chaveiro-para-mochila-chaveiro-de-letra\/#primaryimage\"},\"thumbnailUrl\":\"https:\/\/my.stlflix.com\/wp-content\/uploads\/2025\/04\/MercadoLibre-Photoroom__14_-removebg-preview.png\",\"datePublished\":\"2025-03-09T13:12:20+00:00\",\"dateModified\":\"2025-10-30T20:44:11+00:00\",\"breadcrumb\":{\"@id\":\"https:\/\/www.my3dstore-example.com\/product\/chaveiro-de-letra-e-nome-chaveiro-personalizado-chaveiro-colorido-presente-chaveiro-para-mochila-chaveiro-de-letra\/#breadcrumb\"},\"inLanguage\":\"es-ES\",\"potentialAction\":[{\"@type\":\"ReadAction\",\"target\":[\"https:\/\/www.my3dstore-example.com\/product\/chaveiro-de-letra-e-nome-chaveiro-personalizado-chaveiro-colorido-presente-chaveiro-para-mochila-chaveiro-de-letra\/\"]}]},{\"@type\":\"ImageObject\",\"inLanguage\":\"es-ES\",\"@id\":\"https:\/\/www.my3dstore-example.com\/product\/chaveiro-de-letra-e-nome-chaveiro-personalizado-chaveiro-colorido-presente-chaveiro-para-mochila-chaveiro-de-letra\/#primaryimage\",\"url\":\"https:\/\/my.stlflix.com\/wp-content\/uploads\/2025\/04\/MercadoLibre-Photoroom__14_-removebg-preview.png\",\"contentUrl\":\"https:\/\/my.stlflix.com\/wp-content\/uploads\/2025\/04\/MercadoLibre-Photoroom__14_-removebg-preview.png\",\"width\":500,\"height\":500},{\"@type\":\"BreadcrumbList\",\"@id\":\"https:\/\/www.my3dstore-example.com\/product\/chaveiro-de-letra-e-nome-chaveiro-personalizado-chaveiro-colorido-presente-chaveiro-para-mochila-chaveiro-de-letra\/#breadcrumb\",\"itemListElement\":[{\"@type\":\"ListItem\",\"position\":1,\"name\":\"Home\",\"item\":\"https:\/\/www.stlflix-store.com\/\"},{\"@type\":\"ListItem\",\"position\":2,\"name\":\"Products\",\"item\":\"https:\/\/www.stlflix-store.com\/shop\/\"},{\"@type\":\"ListItem\",\"position\":3,\"name\":\"Chaveiro de letra e nome | chaveiro personalizado | chaveiro\"}]},{\"@type\":\"WebSite\",\"@id\":\"https:\/\/my.stlflix.com\/#website\",\"url\":\"https:\/\/my.stlflix.com\/\",\"name\":\"MyStore - By STLFLIX\",\"description\":\"\",\"publisher\":{\"@id\":\"https:\/\/my.stlflix.com\/#organization\"},\"potentialAction\":[{\"@type\":\"SearchAction\",\"target\":{\"@type\":\"EntryPoint\",\"urlTemplate\":\"https:\/\/my.stlflix.com\/?s={search_term_string}\"},\"query-input\":{\"@type\":\"PropertyValueSpecification\",\"valueRequired\":true,\"valueName\":\"search_term_string\"}}],\"inLanguage\":\"es-ES\"},{\"@type\":\"Organization\",\"@id\":\"https:\/\/my.stlflix.com\/#organization\",\"name\":\"MyStore - By STLFLIX\",\"url\":\"https:\/\/my.stlflix.com\/\",\"logo\":{\"@type\":\"ImageObject\",\"inLanguage\":\"es-ES\",\"@id\":\"https:\/\/my.stlflix.com\/#\/schema\/logo\/image\/\",\"url\":\"https:\/\/my.stlflix.com\/wp-content\/uploads\/2024\/06\/logo-mystore.png\",\"contentUrl\":\"https:\/\/my.stlflix.com\/wp-content\/uploads\/2024\/06\/logo-mystore.png\",\"width\":150,\"height\":41,\"caption\":\"MyStore - By STLFLIX\"},\"image\":{\"@id\":\"https:\/\/my.stlflix.com\/#\/schema\/logo\/image\/\"},\"sameAs\":[\"https:\/\/www.facebook.com\/STLFLIX\",\"https:\/\/www.instagram.com\/stlflix_\/\",\"https:\/\/www.tiktok.com\/@stlflix\"]}]}<\/script>\n<!-- \/ Yoast SEO plugin. -->","yoast_head_json":{"title":"Chaveiro de letra e nome | chaveiro personalizado | chaveiro - MyStore - By STLFLIX","robots":{"index":"index","follow":"follow","max-snippet":"max-snippet:-1","max-image-preview":"max-image-preview:large","max-video-preview":"max-video-preview:-1"},"canonical":"https:\/\/www.my3dstore-example.com\/product\/chaveiro-de-letra-e-nome-chaveiro-personalizado-chaveiro-colorido-presente-chaveiro-para-mochila-chaveiro-de-letra\/","og_locale":"es_ES","og_type":"article","og_title":"Chaveiro de letra e nome | chaveiro personalizado | chaveiro - MyStore - By STLFLIX","og_description":"Chaveiro Personalizado com Nome \u2013 Feito Sob Demanda \ud83d\udd11\u2728 Este chaveiro personalizado \u00e9 perfeito para quem deseja algo \u00fanico e exclusivo! Produzido em PLA biodegrad\u00e1vel e resistente, ele traz o seu nome ou palavra de escolha com um acabamento de alta qualidade. \ud83d\udd39 Material: PLA (biodegrad\u00e1vel e resistente)\ud83d\udd39 Dimens\u00f5es: Aproximadamente 5 cm (largura) x 1 [&hellip;]","og_url":"https:\/\/www.my3dstore-example.com\/product\/chaveiro-de-letra-e-nome-chaveiro-personalizado-chaveiro-colorido-presente-chaveiro-para-mochila-chaveiro-de-letra\/","og_site_name":"MyStore - By STLFLIX","article_publisher":"https:\/\/www.facebook.com\/STLFLIX","article_modified_time":"2025-10-30T20:44:11+00:00","og_image":[{"width":500,"height":500,"url":"https:\/\/www.my3dstore-example.com\/wp-content\/uploads\/2025\/04\/MercadoLibre-Photoroom__14_-removebg-preview.png","type":"image\/png"}],"twitter_card":"summary_large_image","twitter_misc":{"Est. reading time":"1 minute"},"schema":{"@context":"https:\/\/schema.org","@graph":[{"@type":"WebPage","@id":"https:\/\/www.my3dstore-example.com\/product\/chaveiro-de-letra-e-nome-chaveiro-personalizado-chaveiro-colorido-presente-chaveiro-para-mochila-chaveiro-de-letra\/","url":"https:\/\/www.my3dstore-example.com\/product\/chaveiro-de-letra-e-nome-chaveiro-personalizado-chaveiro-colorido-presente-chaveiro-para-mochila-chaveiro-de-letra\/","name":"Chaveiro de letra e nome | chaveiro personalizado | chaveiro - MyStore - By STLFLIX","isPartOf":{"@id":"https:\/\/my.stlflix.com\/#website"},"primaryImageOfPage":{"@id":"https:\/\/www.my3dstore-example.com\/product\/chaveiro-de-letra-e-nome-chaveiro-personalizado-chaveiro-colorido-presente-chaveiro-para-mochila-chaveiro-de-letra\/#primaryimage"},"image":{"@id":"https:\/\/www.my3dstore-example.com\/product\/chaveiro-de-letra-e-nome-chaveiro-personalizado-chaveiro-colorido-presente-chaveiro-para-mochila-chaveiro-de-letra\/#primaryimage"},"thumbnailUrl":"https:\/\/my.stlflix.com\/wp-content\/uploads\/2025\/04\/MercadoLibre-Photoroom__14_-removebg-preview.png","datePublished":"2025-03-09T13:12:20+00:00","dateModified":"2025-10-30T20:44:11+00:00","breadcrumb":{"@id":"https:\/\/www.my3dstore-example.com\/product\/chaveiro-de-letra-e-nome-chaveiro-personalizado-chaveiro-colorido-presente-chaveiro-para-mochila-chaveiro-de-letra\/#breadcrumb"},"inLanguage":"es-ES","potentialAction":[{"@type":"ReadAction","target":["https:\/\/www.my3dstore-example.com\/product\/chaveiro-de-letra-e-nome-chaveiro-personalizado-chaveiro-colorido-presente-chaveiro-para-mochila-chaveiro-de-letra\/"]}]},{"@type":"ImageObject","inLanguage":"es-ES","@id":"https:\/\/www.my3dstore-example.com\/product\/chaveiro-de-letra-e-nome-chaveiro-personalizado-chaveiro-colorido-presente-chaveiro-para-mochila-chaveiro-de-letra\/#primaryimage","url":"https:\/\/my.stlflix.com\/wp-content\/uploads\/2025\/04\/MercadoLibre-Photoroom__14_-removebg-preview.png","contentUrl":"https:\/\/my.stlflix.com\/wp-content\/uploads\/2025\/04\/MercadoLibre-Photoroom__14_-removebg-preview.png","width":500,"height":500},{"@type":"BreadcrumbList","@id":"https:\/\/www.my3dstore-example.com\/product\/chaveiro-de-letra-e-nome-chaveiro-personalizado-chaveiro-colorido-presente-chaveiro-para-mochila-chaveiro-de-letra\/#breadcrumb","itemListElement":[{"@type":"ListItem","position":1,"name":"Home","item":"https:\/\/www.stlflix-store.com\/"},{"@type":"ListItem","position":2,"name":"Products","item":"https:\/\/www.stlflix-store.com\/shop\/"},{"@type":"ListItem","position":3,"name":"Chaveiro de letra e nome | chaveiro personalizado | chaveiro"}]},{"@type":"WebSite","@id":"https:\/\/my.stlflix.com\/#website","url":"https:\/\/my.stlflix.com\/","name":"MyStore - By STLFLIX","description":"","publisher":{"@id":"https:\/\/my.stlflix.com\/#organization"},"potentialAction":[{"@type":"SearchAction","target":{"@type":"EntryPoint","urlTemplate":"https:\/\/my.stlflix.com\/?s={search_term_string}"},"query-input":{"@type":"PropertyValueSpecification","valueRequired":true,"valueName":"search_term_string"}}],"inLanguage":"es-ES"},{"@type":"Organization","@id":"https:\/\/my.stlflix.com\/#organization","name":"MyStore - By STLFLIX","url":"https:\/\/my.stlflix.com\/","logo":{"@type":"ImageObject","inLanguage":"es-ES","@id":"https:\/\/my.stlflix.com\/#\/schema\/logo\/image\/","url":"https:\/\/my.stlflix.com\/wp-content\/uploads\/2024\/06\/logo-mystore.png","contentUrl":"https:\/\/my.stlflix.com\/wp-content\/uploads\/2024\/06\/logo-mystore.png","width":150,"height":41,"caption":"MyStore - By STLFLIX"},"image":{"@id":"https:\/\/my.stlflix.com\/#\/schema\/logo\/image\/"},"sameAs":["https:\/\/www.facebook.com\/STLFLIX","https:\/\/www.instagram.com\/stlflix_\/","https:\/\/www.tiktok.com\/@stlflix"]}]}},"_links":{"self":[{"href":"https:\/\/my.stlflix.com\/es\/wp-json\/wp\/v2\/product\/283462","targetHints":{"allow":["GET"]}}],"collection":[{"href":"https:\/\/my.stlflix.com\/es\/wp-json\/wp\/v2\/product"}],"about":[{"href":"https:\/\/my.stlflix.com\/es\/wp-json\/wp\/v2\/types\/product"}],"replies":[{"embeddable":true,"href":"https:\/\/my.stlflix.com\/es\/wp-json\/wp\/v2\/comments?post=283462"}],"wp:featuredmedia":[{"embeddable":true,"href":"https:\/\/my.stlflix.com\/es\/wp-json\/wp\/v2\/media\/319396"}],"wp:attachment":[{"href":"https:\/\/my.stlflix.com\/es\/wp-json\/wp\/v2\/media?parent=283462"}],"wp:term":[{"taxonomy":"product_brand","embeddable":true,"href":"https:\/\/my.stlflix.com\/es\/wp-json\/wp\/v2\/product_brand?post=283462"},{"taxonomy":"product_cat","embeddable":true,"href":"https:\/\/my.stlflix.com\/es\/wp-json\/wp\/v2\/product_cat?post=283462"},{"taxonomy":"product_tag","embeddable":true,"href":"https:\/\/my.stlflix.com\/es\/wp-json\/wp\/v2\/product_tag?post=283462"}],"curies":[{"name":"wp","href":"https:\/\/api.w.org\/{rel}","templated":true}]}}