{"id":283945,"date":"2025-03-16T18:45:35","date_gmt":"2025-03-16T18:45:35","guid":{"rendered":"https:\/\/my.stlflix.com\/?post_type=product&#038;p=283945"},"modified":"2025-03-16T18:45:35","modified_gmt":"2025-03-16T18:45:35","slug":"cylindrix-wall-planter-set-67ce798b36356","status":"publish","type":"product","link":"https:\/\/my.stlflix.com\/es\/product\/cylindrix-wall-planter-set-67ce798b36356\/","title":{"rendered":"Vasos Decorativos Suspensos \u2013 Eleg\u00e2ncia e Funcionalidade"},"content":{"rendered":"<p>Sofistica\u00e7\u00e3o e inova\u00e7\u00e3o em um \u00fanico design.<br \/>\nEstes vasos minimalistas podem ser fixados na parede com fita dupla face ou parafusos, criando composi\u00e7\u00f5es \u00fanicas. Sua base rosque\u00e1vel permite o escoamento controlado da \u00e1gua, preservando a sa\u00fade das plantas sem comprometer a est\u00e9tica.<br \/>\nFabricado com materiais de alta qualidade, unem durabilidade e requinte para transformar qualquer ambiente.<\/p>\n","protected":false},"excerpt":{"rendered":"<p>Sofistica\u00e7\u00e3o e inova\u00e7\u00e3o em um \u00fanico design. Estes vasos minimalistas podem ser fixados na parede com fita dupla face ou parafusos, criando composi\u00e7\u00f5es \u00fanicas. Sua base rosque\u00e1vel permite o escoamento controlado da \u00e1gua, preservando a sa\u00fade das plantas sem comprometer a est\u00e9tica. Fabricado com materiais de alta qualidade, unem durabilidade e requinte para transformar qualquer [&hellip;]<\/p>\n","protected":false},"featured_media":266429,"comment_status":"open","ping_status":"closed","template":"","meta":[],"product_brand":[],"product_cat":[15],"product_tag":[5081,5638,5639,2833,2834,667,5468,3662,5707,3397,110,3751,5682,1713,292,748,401,1641,570],"class_list":{"0":"post-283945","1":"product","2":"type-product","3":"status-publish","4":"has-post-thumbnail","6":"product_cat-uncategorized","7":"product_tag-home-decor-3","8":"product_tag-decor-3","9":"product_tag-homedecor","10":"product_tag-3dprinted","11":"product_tag-3dprintedornaments","12":"product_tag-art-decor","13":"product_tag-decoracao-animais-impressao-3d","14":"product_tag-flower-vase","15":"product_tag-plant","16":"product_tag-plantas","17":"product_tag-planter","18":"product_tag-planter-vase","19":"product_tag-planters","20":"product_tag-planters-and-pots","21":"product_tag-set","22":"product_tag-stlflix","23":"product_tag-vase","24":"product_tag-vase-ubertopf","25":"product_tag-vases","27":"first","28":"onbackorder","29":"sale","30":"taxable","31":"shipping-taxable","32":"purchasable","33":"product-type-simple"},"yoast_head":"<!-- This site is optimized with the Yoast SEO plugin v25.1 - https:\/\/yoast.com\/wordpress\/plugins\/seo\/ -->\n<title>Vasos Decorativos de Parede - Drenagem Inteligente<\/title>\n<meta name=\"description\" content=\"Vasos decorativos sofisticados, fix\u00e1veis na parede, com sistema de drenagem rosque\u00e1vel. Design minimalista e funcional para um ambiente moderno e elegante.\" \/>\n<meta name=\"robots\" content=\"index, follow, max-snippet:-1, max-image-preview:large, max-video-preview:-1\" \/>\n<link rel=\"canonical\" href=\"https:\/\/my.stlflix.com\/es\/product\/cylindrix-wall-planter-set-67ce798b36356\/\" \/>\n<meta property=\"og:locale\" content=\"es_ES\" \/>\n<meta property=\"og:type\" content=\"article\" \/>\n<meta property=\"og:title\" content=\"Vasos Decorativos de Parede - Drenagem Inteligente\" \/>\n<meta property=\"og:description\" content=\"Vasos decorativos sofisticados, fix\u00e1veis na parede, com sistema de drenagem rosque\u00e1vel. Design minimalista e funcional para um ambiente moderno e elegante.\" \/>\n<meta property=\"og:url\" content=\"https:\/\/my.stlflix.com\/es\/product\/cylindrix-wall-planter-set-67ce798b36356\/\" \/>\n<meta property=\"og:site_name\" content=\"MyStore - By STLFLIX\" \/>\n<meta property=\"article:publisher\" content=\"https:\/\/www.facebook.com\/STLFLIX\" \/>\n<meta property=\"og:image\" content=\"https:\/\/my.stlflix.com\/wp-content\/uploads\/2025\/02\/CYLINDRIX_Wall_planter_setthumb_2b888680fc.jpg\" \/>\n\t<meta property=\"og:image:width\" content=\"1080\" \/>\n\t<meta property=\"og:image:height\" content=\"1350\" \/>\n\t<meta property=\"og:image:type\" content=\"image\/jpeg\" \/>\n<meta name=\"twitter:card\" content=\"summary_large_image\" \/>\n<script type=\"application\/ld+json\" class=\"yoast-schema-graph\">{\"@context\":\"https:\/\/schema.org\",\"@graph\":[{\"@type\":\"WebPage\",\"@id\":\"https:\/\/my.stlflix.com\/es\/product\/cylindrix-wall-planter-set-67ce798b36356\/\",\"url\":\"https:\/\/my.stlflix.com\/es\/product\/cylindrix-wall-planter-set-67ce798b36356\/\",\"name\":\"Vasos Decorativos de Parede - Drenagem Inteligente\",\"isPartOf\":{\"@id\":\"https:\/\/my.stlflix.com\/#website\"},\"primaryImageOfPage\":{\"@id\":\"https:\/\/my.stlflix.com\/es\/product\/cylindrix-wall-planter-set-67ce798b36356\/#primaryimage\"},\"image\":{\"@id\":\"https:\/\/my.stlflix.com\/es\/product\/cylindrix-wall-planter-set-67ce798b36356\/#primaryimage\"},\"thumbnailUrl\":\"https:\/\/my.stlflix.com\/wp-content\/uploads\/2025\/02\/CYLINDRIX_Wall_planter_setthumb_2b888680fc.jpg\",\"datePublished\":\"2025-03-16T18:45:35+00:00\",\"description\":\"Vasos decorativos sofisticados, fix\u00e1veis na parede, com sistema de drenagem rosque\u00e1vel. Design minimalista e funcional para um ambiente moderno e elegante.\",\"breadcrumb\":{\"@id\":\"https:\/\/my.stlflix.com\/es\/product\/cylindrix-wall-planter-set-67ce798b36356\/#breadcrumb\"},\"inLanguage\":\"es-ES\",\"potentialAction\":[{\"@type\":\"ReadAction\",\"target\":[\"https:\/\/my.stlflix.com\/es\/product\/cylindrix-wall-planter-set-67ce798b36356\/\"]}]},{\"@type\":\"ImageObject\",\"inLanguage\":\"es-ES\",\"@id\":\"https:\/\/my.stlflix.com\/es\/product\/cylindrix-wall-planter-set-67ce798b36356\/#primaryimage\",\"url\":\"https:\/\/my.stlflix.com\/wp-content\/uploads\/2025\/02\/CYLINDRIX_Wall_planter_setthumb_2b888680fc.jpg\",\"contentUrl\":\"https:\/\/my.stlflix.com\/wp-content\/uploads\/2025\/02\/CYLINDRIX_Wall_planter_setthumb_2b888680fc.jpg\",\"width\":1080,\"height\":1350},{\"@type\":\"BreadcrumbList\",\"@id\":\"https:\/\/my.stlflix.com\/es\/product\/cylindrix-wall-planter-set-67ce798b36356\/#breadcrumb\",\"itemListElement\":[{\"@type\":\"ListItem\",\"position\":1,\"name\":\"Home\",\"item\":\"https:\/\/www.stlflix-store.com\/\"},{\"@type\":\"ListItem\",\"position\":2,\"name\":\"Products\",\"item\":\"https:\/\/www.stlflix-store.com\/shop\/\"},{\"@type\":\"ListItem\",\"position\":3,\"name\":\"Vasos Decorativos Suspensos \u2013 Eleg\u00e2ncia e Funcionalidade\"}]},{\"@type\":\"WebSite\",\"@id\":\"https:\/\/my.stlflix.com\/#website\",\"url\":\"https:\/\/my.stlflix.com\/\",\"name\":\"MyStore - By STLFLIX\",\"description\":\"\",\"publisher\":{\"@id\":\"https:\/\/my.stlflix.com\/#organization\"},\"potentialAction\":[{\"@type\":\"SearchAction\",\"target\":{\"@type\":\"EntryPoint\",\"urlTemplate\":\"https:\/\/my.stlflix.com\/?s={search_term_string}\"},\"query-input\":{\"@type\":\"PropertyValueSpecification\",\"valueRequired\":true,\"valueName\":\"search_term_string\"}}],\"inLanguage\":\"es-ES\"},{\"@type\":\"Organization\",\"@id\":\"https:\/\/my.stlflix.com\/#organization\",\"name\":\"MyStore - By STLFLIX\",\"url\":\"https:\/\/my.stlflix.com\/\",\"logo\":{\"@type\":\"ImageObject\",\"inLanguage\":\"es-ES\",\"@id\":\"https:\/\/my.stlflix.com\/#\/schema\/logo\/image\/\",\"url\":\"https:\/\/my.stlflix.com\/wp-content\/uploads\/2024\/06\/logo-mystore.png\",\"contentUrl\":\"https:\/\/my.stlflix.com\/wp-content\/uploads\/2024\/06\/logo-mystore.png\",\"width\":150,\"height\":41,\"caption\":\"MyStore - By STLFLIX\"},\"image\":{\"@id\":\"https:\/\/my.stlflix.com\/#\/schema\/logo\/image\/\"},\"sameAs\":[\"https:\/\/www.facebook.com\/STLFLIX\",\"https:\/\/www.instagram.com\/stlflix_\/\",\"https:\/\/www.tiktok.com\/@stlflix\"]}]}<\/script>\n<!-- \/ Yoast SEO plugin. -->","yoast_head_json":{"title":"Vasos Decorativos de Parede - Drenagem Inteligente","description":"Vasos decorativos sofisticados, fix\u00e1veis na parede, com sistema de drenagem rosque\u00e1vel. Design minimalista e funcional para um ambiente moderno e elegante.","robots":{"index":"index","follow":"follow","max-snippet":"max-snippet:-1","max-image-preview":"max-image-preview:large","max-video-preview":"max-video-preview:-1"},"canonical":"https:\/\/my.stlflix.com\/es\/product\/cylindrix-wall-planter-set-67ce798b36356\/","og_locale":"es_ES","og_type":"article","og_title":"Vasos Decorativos de Parede - Drenagem Inteligente","og_description":"Vasos decorativos sofisticados, fix\u00e1veis na parede, com sistema de drenagem rosque\u00e1vel. Design minimalista e funcional para um ambiente moderno e elegante.","og_url":"https:\/\/my.stlflix.com\/es\/product\/cylindrix-wall-planter-set-67ce798b36356\/","og_site_name":"MyStore - By STLFLIX","article_publisher":"https:\/\/www.facebook.com\/STLFLIX","og_image":[{"width":1080,"height":1350,"url":"https:\/\/my.stlflix.com\/wp-content\/uploads\/2025\/02\/CYLINDRIX_Wall_planter_setthumb_2b888680fc.jpg","type":"image\/jpeg"}],"twitter_card":"summary_large_image","schema":{"@context":"https:\/\/schema.org","@graph":[{"@type":"WebPage","@id":"https:\/\/my.stlflix.com\/es\/product\/cylindrix-wall-planter-set-67ce798b36356\/","url":"https:\/\/my.stlflix.com\/es\/product\/cylindrix-wall-planter-set-67ce798b36356\/","name":"Vasos Decorativos de Parede - Drenagem Inteligente","isPartOf":{"@id":"https:\/\/my.stlflix.com\/#website"},"primaryImageOfPage":{"@id":"https:\/\/my.stlflix.com\/es\/product\/cylindrix-wall-planter-set-67ce798b36356\/#primaryimage"},"image":{"@id":"https:\/\/my.stlflix.com\/es\/product\/cylindrix-wall-planter-set-67ce798b36356\/#primaryimage"},"thumbnailUrl":"https:\/\/my.stlflix.com\/wp-content\/uploads\/2025\/02\/CYLINDRIX_Wall_planter_setthumb_2b888680fc.jpg","datePublished":"2025-03-16T18:45:35+00:00","description":"Vasos decorativos sofisticados, fix\u00e1veis na parede, com sistema de drenagem rosque\u00e1vel. Design minimalista e funcional para um ambiente moderno e elegante.","breadcrumb":{"@id":"https:\/\/my.stlflix.com\/es\/product\/cylindrix-wall-planter-set-67ce798b36356\/#breadcrumb"},"inLanguage":"es-ES","potentialAction":[{"@type":"ReadAction","target":["https:\/\/my.stlflix.com\/es\/product\/cylindrix-wall-planter-set-67ce798b36356\/"]}]},{"@type":"ImageObject","inLanguage":"es-ES","@id":"https:\/\/my.stlflix.com\/es\/product\/cylindrix-wall-planter-set-67ce798b36356\/#primaryimage","url":"https:\/\/my.stlflix.com\/wp-content\/uploads\/2025\/02\/CYLINDRIX_Wall_planter_setthumb_2b888680fc.jpg","contentUrl":"https:\/\/my.stlflix.com\/wp-content\/uploads\/2025\/02\/CYLINDRIX_Wall_planter_setthumb_2b888680fc.jpg","width":1080,"height":1350},{"@type":"BreadcrumbList","@id":"https:\/\/my.stlflix.com\/es\/product\/cylindrix-wall-planter-set-67ce798b36356\/#breadcrumb","itemListElement":[{"@type":"ListItem","position":1,"name":"Home","item":"https:\/\/www.stlflix-store.com\/"},{"@type":"ListItem","position":2,"name":"Products","item":"https:\/\/www.stlflix-store.com\/shop\/"},{"@type":"ListItem","position":3,"name":"Vasos Decorativos Suspensos \u2013 Eleg\u00e2ncia e Funcionalidade"}]},{"@type":"WebSite","@id":"https:\/\/my.stlflix.com\/#website","url":"https:\/\/my.stlflix.com\/","name":"MyStore - By STLFLIX","description":"","publisher":{"@id":"https:\/\/my.stlflix.com\/#organization"},"potentialAction":[{"@type":"SearchAction","target":{"@type":"EntryPoint","urlTemplate":"https:\/\/my.stlflix.com\/?s={search_term_string}"},"query-input":{"@type":"PropertyValueSpecification","valueRequired":true,"valueName":"search_term_string"}}],"inLanguage":"es-ES"},{"@type":"Organization","@id":"https:\/\/my.stlflix.com\/#organization","name":"MyStore - By STLFLIX","url":"https:\/\/my.stlflix.com\/","logo":{"@type":"ImageObject","inLanguage":"es-ES","@id":"https:\/\/my.stlflix.com\/#\/schema\/logo\/image\/","url":"https:\/\/my.stlflix.com\/wp-content\/uploads\/2024\/06\/logo-mystore.png","contentUrl":"https:\/\/my.stlflix.com\/wp-content\/uploads\/2024\/06\/logo-mystore.png","width":150,"height":41,"caption":"MyStore - By STLFLIX"},"image":{"@id":"https:\/\/my.stlflix.com\/#\/schema\/logo\/image\/"},"sameAs":["https:\/\/www.facebook.com\/STLFLIX","https:\/\/www.instagram.com\/stlflix_\/","https:\/\/www.tiktok.com\/@stlflix"]}]}},"_links":{"self":[{"href":"https:\/\/my.stlflix.com\/es\/wp-json\/wp\/v2\/product\/283945","targetHints":{"allow":["GET"]}}],"collection":[{"href":"https:\/\/my.stlflix.com\/es\/wp-json\/wp\/v2\/product"}],"about":[{"href":"https:\/\/my.stlflix.com\/es\/wp-json\/wp\/v2\/types\/product"}],"replies":[{"embeddable":true,"href":"https:\/\/my.stlflix.com\/es\/wp-json\/wp\/v2\/comments?post=283945"}],"wp:featuredmedia":[{"embeddable":true,"href":"https:\/\/my.stlflix.com\/es\/wp-json\/wp\/v2\/media\/266429"}],"wp:attachment":[{"href":"https:\/\/my.stlflix.com\/es\/wp-json\/wp\/v2\/media?parent=283945"}],"wp:term":[{"taxonomy":"product_brand","embeddable":true,"href":"https:\/\/my.stlflix.com\/es\/wp-json\/wp\/v2\/product_brand?post=283945"},{"taxonomy":"product_cat","embeddable":true,"href":"https:\/\/my.stlflix.com\/es\/wp-json\/wp\/v2\/product_cat?post=283945"},{"taxonomy":"product_tag","embeddable":true,"href":"https:\/\/my.stlflix.com\/es\/wp-json\/wp\/v2\/product_tag?post=283945"}],"curies":[{"name":"wp","href":"https:\/\/api.w.org\/{rel}","templated":true}]}}