{"id":284887,"date":"2025-03-10T23:35:00","date_gmt":"2025-03-10T23:35:00","guid":{"rendered":"https:\/\/my.stlflix.com\/?post_type=product&#038;p=284887"},"modified":"2025-03-10T23:35:01","modified_gmt":"2025-03-10T23:35:01","slug":"choco-brick-container-67cf77022de8c","status":"publish","type":"product","link":"https:\/\/my.stlflix.com\/es\/product\/choco-brick-container-67cf77022de8c\/","title":{"rendered":"Ovo de P\u00e1scoa Choco Brick Container"},"content":{"rendered":"<p><strong>Caixa Organizadora Ovo de P\u00e1scoa<\/strong><\/p>\n<p><strong>Choco Brick Container<\/strong><\/p>\n<p><em>Leia a descri\u00e7\u00e3o completa do an\u00fancio para conhecer todos os detalhes do produto<\/em><\/p>\n<p>&nbsp;<\/p>\n<p>Transforme seu espa\u00e7o com um toque de\u00a0<strong>Mist\u00e9rio, Funcionalidade, Design<\/strong>\u00a0e\u00a0<strong>Decora\u00e7\u00e3o<\/strong><\/p>\n<p>Seja para o seu\u00a0<strong>Escrit\u00f3rio<\/strong>, sala ou jardim, nossa\u00a0<strong>Cole\u00e7\u00e3o Secreta\u00a0<\/strong>\u00e9 a escolha perfeita!<\/p>\n<p>Feita sob encomenda, com cores e tamanhos exclusivos, ela combina praticidade e estilo. Ideal para esconder pequenos objetos e manter o ambiente organizado, essa caixa secreta pode ser usada como organizador, porta-l\u00e1pis ou at\u00e9 um cachepot estilizado.<\/p>\n<p>&nbsp;<\/p>\n<p><strong>Versatilidade<\/strong>: Pode ser usada como organizador, porta-l\u00e1pis ou caixa secreta.<\/p>\n<p><strong>Design Exclusivo:<\/strong>\u00a0Produto \u00fanico, feito sob demanda, com acabamentos personalizados.<\/p>\n<p><strong>Funcionalidade<\/strong>: Perfeita para adicionar charme e organiza\u00e7\u00e3o a qualquer ambiente.<\/p>\n<p><strong>Personaliza\u00e7\u00e3o:<\/strong>\u00a0Escolha a cor e o estilo que mais se adequam ao seu gosto e espa\u00e7o.<\/p>\n<p>&nbsp;<\/p>\n<p>\u2713 Ideal para armazenar chocolates e doces<\/p>\n<p>\u2713 Ideal para ambientes internos!<\/p>\n<p>\u2713 Valor referente a 1 unidade.<\/p>\n<p>\u2713 Manter longe de fontes de calor extremas.<\/p>\n<p>Transforme seu espa\u00e7o com um toque de mist\u00e9rio e funcionalidade!<\/p>\n<p>&nbsp;<\/p>\n<p><strong>Material:\u00a0<\/strong>Pl\u00e1stico PLA \u00e9 biodegrad\u00e1vel, recicl\u00e1vel, biocompat\u00edvel e compost\u00e1vel. N\u00e3o agride o meio ambiente.<\/p>\n<p>&nbsp;<\/p>\n<p><strong>Medidas<\/strong><\/p>\n<p>vide fotos, tamanho tamb\u00e9m pode ser personalizado, entre em contato.<\/p>\n<p>&nbsp;<\/p>\n<p><strong>Disponibilidade de Cores<\/strong><\/p>\n<p>Se preferir, entre em contato pelo WhatsApp antes da compra para verificar as cores dispon\u00edveis. Caso contr\u00e1rio, ao finalizar sua compra, por favor, indique a cor desejada no campo &#8220;MENSAGENS&#8221;. Estamos \u00e0 disposi\u00e7\u00e3o para ajudar!<\/p>\n<p>Se n\u00e3o recebermos nenhuma indica\u00e7\u00e3o de cor, enviaremos uma cor aleat\u00f3ria. Estamos \u00e0 disposi\u00e7\u00e3o para ajudar!<\/p>\n<p>* As cores e gradientes do arco-\u00edris variam em cada impress\u00e3o, e os resultados podem ser diferentes dos exemplos mostrados. Cada impress\u00e3o tem padr\u00f5es de cores \u00fanicos, e dependendo do tamanho, pode ser que voc\u00ea veja apenas algumas cores do filamento. No entanto, nos esfor\u00e7amos para oferecer os melhores resultados poss\u00edveis.<\/p>\n<p>&nbsp;<\/p>\n<p><strong>Para Compras no Atacado<\/strong><\/p>\n<p>Por favor, entre em contato conosco diretamente para receber um or\u00e7amento. Estamos \u00e0 disposi\u00e7\u00e3o para ajudar!<\/p>\n<p>&nbsp;<\/p>\n<p><strong>*Nosso tempo necess\u00e1rio para produ\u00e7\u00e3o \u00e9 de 5 dias \u00fateis, podendo variar conforme a demanda.<\/strong><\/p>\n<p><strong>* Devido ao m\u00e9todo de fabrica\u00e7\u00e3o por impress\u00e3o 3D, \u00e9 poss\u00edvel que alguns itens exibam pequenas marcas ou texturas sutis, as quais s\u00e3o t\u00edpicas desse processo espec\u00edfico.<\/strong><\/p>\n<p><strong>* As cores podem variar ligeiramente devido \u00e0s configura\u00e7\u00f5es do monitor.<\/strong><\/p>\n<p><strong>\u00a0<\/strong><\/p>\n<p><strong>Aproveite esta oportunidade e adquira j\u00e1 o seu!<\/strong><\/p>\n<p>Somos um revendedor aprovado para designs STLFLIX<\/p>\n<p>&nbsp;<\/p>\n<p><strong>CUIDADOS E MANUTEN\u00c7\u00c3O<\/strong><\/p>\n<p>&nbsp;<\/p>\n<p>Embora o pl\u00e1stico seja resistente ao sol e \u00e0 chuva, o PLA n\u00e3o \u00e9 ideal para exposi\u00e7\u00e3o a raios solares intensos. Portanto, n\u00e3o recomendamos o uso em \u00e1reas externas.<\/p>\n<p>Se voc\u00ea deseja ou precisa de um material mais resistente a temperaturas extremas, como pl\u00e1sticos de alta resist\u00eancia que suportam impactos e quedas, entre em contato conosco. Faremos um produto que atenda \u00e0s suas necessidades.<\/p>\n<p>&nbsp;<\/p>\n<p><strong>O QUE \u00c9 O PL\u00c1STICO PLA?<\/strong><\/p>\n<p>O PLA ou melhor dizendo, \u00e1cido polil\u00e1tico, \u00e9 um pol\u00edmero sint\u00e9tico termopl\u00e1stico que vem substituindo os pl\u00e1sticos convencionais em diversas aplica\u00e7\u00f5es.<\/p>\n<p>&nbsp;<\/p>\n<p><strong>COMO PRODUZ PL\u00c1STICO PLA?<\/strong><\/p>\n<p>A produ\u00e7\u00e3o ocorre a partir da fermenta\u00e7\u00e3o, por parte de bact\u00e9rias, de vegetais ricos em amido, como a beterraba, o milho e a mandioca, por isso, \u00e9 biodegrad\u00e1vel, compost\u00e1vel e recicl\u00e1vel e n\u00e3o possui nenhum tipo de res\u00edduo t\u00f3xico.<\/p>\n<p>&nbsp;<\/p>\n<p><strong>ABS<\/strong><\/p>\n<p>Material: Para garantir maior durabilidade e resist\u00eancia, oferecemos a op\u00e7\u00e3o de produ\u00e7\u00e3o em ABS. No entanto, n\u00e3o recomendamos este material para uso em equipamentos destinados \u00e0 culin\u00e1ria ou qualquer outro contato direto com alimentos. A escolha do material ser\u00e1 confirmada ap\u00f3s a compra.<\/p>\n","protected":false},"excerpt":{"rendered":"<p>Caixa Organizadora Ovo de P\u00e1scoa Choco Brick Container Leia a descri\u00e7\u00e3o completa do an\u00fancio para conhecer todos os detalhes do produto &nbsp; Transforme seu espa\u00e7o com um toque de\u00a0Mist\u00e9rio, Funcionalidade, Design\u00a0e\u00a0Decora\u00e7\u00e3o Seja para o seu\u00a0Escrit\u00f3rio, sala ou jardim, nossa\u00a0Cole\u00e7\u00e3o Secreta\u00a0\u00e9 a escolha perfeita! Feita sob encomenda, com cores e tamanhos exclusivos, ela combina praticidade e [&hellip;]<\/p>\n","protected":false},"featured_media":0,"comment_status":"open","ping_status":"closed","template":"","meta":[],"product_brand":[],"product_cat":[15],"product_tag":[],"class_list":{"0":"post-284887","1":"product","2":"type-product","3":"status-publish","5":"product_cat-uncategorized","7":"first","8":"instock","9":"taxable","10":"shipping-taxable","11":"purchasable","12":"product-type-simple"},"yoast_head":"<!-- This site is optimized with the Yoast SEO plugin v25.1 - https:\/\/yoast.com\/wordpress\/plugins\/seo\/ -->\n<title>Ovo de P\u00e1scoa Choco Brick Container - MyStore - By STLFLIX<\/title>\n<meta name=\"robots\" content=\"index, follow, max-snippet:-1, max-image-preview:large, max-video-preview:-1\" \/>\n<link rel=\"canonical\" href=\"https:\/\/www.monitorstlflix.online\/product\/choco-brick-container-67cf77022de8c\/\" \/>\n<meta property=\"og:locale\" content=\"es_ES\" \/>\n<meta property=\"og:type\" content=\"article\" \/>\n<meta property=\"og:title\" content=\"Ovo de P\u00e1scoa Choco Brick Container - MyStore - By STLFLIX\" \/>\n<meta property=\"og:description\" content=\"Caixa Organizadora Ovo de P\u00e1scoa Choco Brick Container Leia a descri\u00e7\u00e3o completa do an\u00fancio para conhecer todos os detalhes do produto &nbsp; Transforme seu espa\u00e7o com um toque de\u00a0Mist\u00e9rio, Funcionalidade, Design\u00a0e\u00a0Decora\u00e7\u00e3o Seja para o seu\u00a0Escrit\u00f3rio, sala ou jardim, nossa\u00a0Cole\u00e7\u00e3o Secreta\u00a0\u00e9 a escolha perfeita! Feita sob encomenda, com cores e tamanhos exclusivos, ela combina praticidade e [&hellip;]\" \/>\n<meta property=\"og:url\" content=\"https:\/\/www.monitorstlflix.online\/product\/choco-brick-container-67cf77022de8c\/\" \/>\n<meta property=\"og:site_name\" content=\"MyStore - By STLFLIX\" \/>\n<meta property=\"article:publisher\" content=\"https:\/\/www.facebook.com\/STLFLIX\" \/>\n<meta property=\"article:modified_time\" content=\"2025-03-10T23:35:01+00:00\" \/>\n<meta name=\"twitter:card\" content=\"summary_large_image\" \/>\n<meta name=\"twitter:label1\" content=\"Est. reading time\" \/>\n\t<meta name=\"twitter:data1\" content=\"3 minutes\" \/>\n<script type=\"application\/ld+json\" class=\"yoast-schema-graph\">{\"@context\":\"https:\/\/schema.org\",\"@graph\":[{\"@type\":\"WebPage\",\"@id\":\"https:\/\/www.monitorstlflix.online\/product\/choco-brick-container-67cf77022de8c\/\",\"url\":\"https:\/\/www.monitorstlflix.online\/product\/choco-brick-container-67cf77022de8c\/\",\"name\":\"Ovo de P\u00e1scoa Choco Brick Container - MyStore - By STLFLIX\",\"isPartOf\":{\"@id\":\"https:\/\/my.stlflix.com\/#website\"},\"datePublished\":\"2025-03-10T23:35:00+00:00\",\"dateModified\":\"2025-03-10T23:35:01+00:00\",\"breadcrumb\":{\"@id\":\"https:\/\/www.monitorstlflix.online\/product\/choco-brick-container-67cf77022de8c\/#breadcrumb\"},\"inLanguage\":\"es-ES\",\"potentialAction\":[{\"@type\":\"ReadAction\",\"target\":[\"https:\/\/www.monitorstlflix.online\/product\/choco-brick-container-67cf77022de8c\/\"]}]},{\"@type\":\"BreadcrumbList\",\"@id\":\"https:\/\/www.monitorstlflix.online\/product\/choco-brick-container-67cf77022de8c\/#breadcrumb\",\"itemListElement\":[{\"@type\":\"ListItem\",\"position\":1,\"name\":\"Home\",\"item\":\"https:\/\/www.stlflix-store.com\/\"},{\"@type\":\"ListItem\",\"position\":2,\"name\":\"Products\",\"item\":\"https:\/\/www.stlflix-store.com\/shop\/\"},{\"@type\":\"ListItem\",\"position\":3,\"name\":\"Ovo de P\u00e1scoa Choco Brick Container\"}]},{\"@type\":\"WebSite\",\"@id\":\"https:\/\/my.stlflix.com\/#website\",\"url\":\"https:\/\/my.stlflix.com\/\",\"name\":\"MyStore - By STLFLIX\",\"description\":\"\",\"publisher\":{\"@id\":\"https:\/\/my.stlflix.com\/#organization\"},\"potentialAction\":[{\"@type\":\"SearchAction\",\"target\":{\"@type\":\"EntryPoint\",\"urlTemplate\":\"https:\/\/my.stlflix.com\/?s={search_term_string}\"},\"query-input\":{\"@type\":\"PropertyValueSpecification\",\"valueRequired\":true,\"valueName\":\"search_term_string\"}}],\"inLanguage\":\"es-ES\"},{\"@type\":\"Organization\",\"@id\":\"https:\/\/my.stlflix.com\/#organization\",\"name\":\"MyStore - By STLFLIX\",\"url\":\"https:\/\/my.stlflix.com\/\",\"logo\":{\"@type\":\"ImageObject\",\"inLanguage\":\"es-ES\",\"@id\":\"https:\/\/my.stlflix.com\/#\/schema\/logo\/image\/\",\"url\":\"https:\/\/my.stlflix.com\/wp-content\/uploads\/2024\/06\/logo-mystore.png\",\"contentUrl\":\"https:\/\/my.stlflix.com\/wp-content\/uploads\/2024\/06\/logo-mystore.png\",\"width\":150,\"height\":41,\"caption\":\"MyStore - By STLFLIX\"},\"image\":{\"@id\":\"https:\/\/my.stlflix.com\/#\/schema\/logo\/image\/\"},\"sameAs\":[\"https:\/\/www.facebook.com\/STLFLIX\",\"https:\/\/www.instagram.com\/stlflix_\/\",\"https:\/\/www.tiktok.com\/@stlflix\"]}]}<\/script>\n<!-- \/ Yoast SEO plugin. -->","yoast_head_json":{"title":"Ovo de P\u00e1scoa Choco Brick Container - MyStore - By STLFLIX","robots":{"index":"index","follow":"follow","max-snippet":"max-snippet:-1","max-image-preview":"max-image-preview:large","max-video-preview":"max-video-preview:-1"},"canonical":"https:\/\/www.monitorstlflix.online\/product\/choco-brick-container-67cf77022de8c\/","og_locale":"es_ES","og_type":"article","og_title":"Ovo de P\u00e1scoa Choco Brick Container - MyStore - By STLFLIX","og_description":"Caixa Organizadora Ovo de P\u00e1scoa Choco Brick Container Leia a descri\u00e7\u00e3o completa do an\u00fancio para conhecer todos os detalhes do produto &nbsp; Transforme seu espa\u00e7o com um toque de\u00a0Mist\u00e9rio, Funcionalidade, Design\u00a0e\u00a0Decora\u00e7\u00e3o Seja para o seu\u00a0Escrit\u00f3rio, sala ou jardim, nossa\u00a0Cole\u00e7\u00e3o Secreta\u00a0\u00e9 a escolha perfeita! Feita sob encomenda, com cores e tamanhos exclusivos, ela combina praticidade e [&hellip;]","og_url":"https:\/\/www.monitorstlflix.online\/product\/choco-brick-container-67cf77022de8c\/","og_site_name":"MyStore - By STLFLIX","article_publisher":"https:\/\/www.facebook.com\/STLFLIX","article_modified_time":"2025-03-10T23:35:01+00:00","twitter_card":"summary_large_image","twitter_misc":{"Est. reading time":"3 minutes"},"schema":{"@context":"https:\/\/schema.org","@graph":[{"@type":"WebPage","@id":"https:\/\/www.monitorstlflix.online\/product\/choco-brick-container-67cf77022de8c\/","url":"https:\/\/www.monitorstlflix.online\/product\/choco-brick-container-67cf77022de8c\/","name":"Ovo de P\u00e1scoa Choco Brick Container - MyStore - By STLFLIX","isPartOf":{"@id":"https:\/\/my.stlflix.com\/#website"},"datePublished":"2025-03-10T23:35:00+00:00","dateModified":"2025-03-10T23:35:01+00:00","breadcrumb":{"@id":"https:\/\/www.monitorstlflix.online\/product\/choco-brick-container-67cf77022de8c\/#breadcrumb"},"inLanguage":"es-ES","potentialAction":[{"@type":"ReadAction","target":["https:\/\/www.monitorstlflix.online\/product\/choco-brick-container-67cf77022de8c\/"]}]},{"@type":"BreadcrumbList","@id":"https:\/\/www.monitorstlflix.online\/product\/choco-brick-container-67cf77022de8c\/#breadcrumb","itemListElement":[{"@type":"ListItem","position":1,"name":"Home","item":"https:\/\/www.stlflix-store.com\/"},{"@type":"ListItem","position":2,"name":"Products","item":"https:\/\/www.stlflix-store.com\/shop\/"},{"@type":"ListItem","position":3,"name":"Ovo de P\u00e1scoa Choco Brick Container"}]},{"@type":"WebSite","@id":"https:\/\/my.stlflix.com\/#website","url":"https:\/\/my.stlflix.com\/","name":"MyStore - By STLFLIX","description":"","publisher":{"@id":"https:\/\/my.stlflix.com\/#organization"},"potentialAction":[{"@type":"SearchAction","target":{"@type":"EntryPoint","urlTemplate":"https:\/\/my.stlflix.com\/?s={search_term_string}"},"query-input":{"@type":"PropertyValueSpecification","valueRequired":true,"valueName":"search_term_string"}}],"inLanguage":"es-ES"},{"@type":"Organization","@id":"https:\/\/my.stlflix.com\/#organization","name":"MyStore - By STLFLIX","url":"https:\/\/my.stlflix.com\/","logo":{"@type":"ImageObject","inLanguage":"es-ES","@id":"https:\/\/my.stlflix.com\/#\/schema\/logo\/image\/","url":"https:\/\/my.stlflix.com\/wp-content\/uploads\/2024\/06\/logo-mystore.png","contentUrl":"https:\/\/my.stlflix.com\/wp-content\/uploads\/2024\/06\/logo-mystore.png","width":150,"height":41,"caption":"MyStore - By STLFLIX"},"image":{"@id":"https:\/\/my.stlflix.com\/#\/schema\/logo\/image\/"},"sameAs":["https:\/\/www.facebook.com\/STLFLIX","https:\/\/www.instagram.com\/stlflix_\/","https:\/\/www.tiktok.com\/@stlflix"]}]}},"_links":{"self":[{"href":"https:\/\/my.stlflix.com\/es\/wp-json\/wp\/v2\/product\/284887","targetHints":{"allow":["GET"]}}],"collection":[{"href":"https:\/\/my.stlflix.com\/es\/wp-json\/wp\/v2\/product"}],"about":[{"href":"https:\/\/my.stlflix.com\/es\/wp-json\/wp\/v2\/types\/product"}],"replies":[{"embeddable":true,"href":"https:\/\/my.stlflix.com\/es\/wp-json\/wp\/v2\/comments?post=284887"}],"wp:attachment":[{"href":"https:\/\/my.stlflix.com\/es\/wp-json\/wp\/v2\/media?parent=284887"}],"wp:term":[{"taxonomy":"product_brand","embeddable":true,"href":"https:\/\/my.stlflix.com\/es\/wp-json\/wp\/v2\/product_brand?post=284887"},{"taxonomy":"product_cat","embeddable":true,"href":"https:\/\/my.stlflix.com\/es\/wp-json\/wp\/v2\/product_cat?post=284887"},{"taxonomy":"product_tag","embeddable":true,"href":"https:\/\/my.stlflix.com\/es\/wp-json\/wp\/v2\/product_tag?post=284887"}],"curies":[{"name":"wp","href":"https:\/\/api.w.org\/{rel}","templated":true}]}}