{"id":313490,"date":"2025-04-13T13:43:00","date_gmt":"2025-04-13T13:43:00","guid":{"rendered":"https:\/\/my.stlflix.com\/?post_type=product&#038;p=313490"},"modified":"2025-04-14T22:35:49","modified_gmt":"2025-04-14T22:35:49","slug":"banguela-como-trinar-seu-dragao","status":"publish","type":"product","link":"https:\/\/my.stlflix.com\/es\/product\/banguela-como-trinar-seu-dragao\/","title":{"rendered":"Banguela articulado &#8211; Como treinar seu drag\u00e3o"},"content":{"rendered":"<p class=\"\" data-start=\"217\" data-end=\"231\"><strong data-start=\"217\" data-end=\"231\">Descri\u00e7\u00e3o:<\/strong><\/p>\n<p class=\"\" data-start=\"233\" data-end=\"491\">\ud83d\udda8\ufe0f Modelo 3D do drag\u00e3o <strong data-start=\"257\" data-end=\"281\">Banguela (Toothless)<\/strong> impresso em <strong data-start=\"294\" data-end=\"311\">PLA ecol\u00f3gico<\/strong>, inspirado no filme <em data-start=\"332\" data-end=\"359\">Como Treinar o Seu Drag\u00e3o<\/em>.<br data-start=\"360\" data-end=\"363\" \/>Produto feito em impress\u00e3o 3D de alta precis\u00e3o, perfeito para <strong data-start=\"425\" data-end=\"457\">decora\u00e7\u00e3o, presente criativo<\/strong> ou item de <strong data-start=\"469\" data-end=\"490\">cole\u00e7\u00e3o geek\/nerd<\/strong>.<\/p>\n<p class=\"\" data-start=\"493\" data-end=\"601\">\u2705 Impress\u00e3o em PLA resistente<br data-start=\"522\" data-end=\"525\" \/>\u2705 Design fiel ao personagem<br data-start=\"552\" data-end=\"555\" \/>\u2705 Ideal para decorar estantes, mesas ou nichos<\/p>\n<p class=\"\" data-start=\"997\" data-end=\"1014\">\ud83d\udccf <strong data-start=\"1000\" data-end=\"1013\">Dimens\u00f5es<\/strong>:<\/p>\n<ul data-start=\"1015\" data-end=\"1073\">\n<li class=\"\" data-start=\"1015\" data-end=\"1037\">\n<p class=\"\" data-start=\"1017\" data-end=\"1037\">Comprimento: 20 cm<\/p>\n<\/li>\n<li class=\"\" data-start=\"1038\" data-end=\"1073\">\n<p class=\"\" data-start=\"1040\" data-end=\"1073\">Envergadura (asas abertas): 27 cm<\/p>\n<\/li>\n<\/ul>\n<p class=\"\" data-start=\"1075\" data-end=\"1239\">\u2714 Impress\u00e3o 3D de alta precis\u00e3o<br data-start=\"1106\" data-end=\"1109\" \/>\u2714 Personagem ic\u00f4nico da franquia <em data-start=\"1142\" data-end=\"1169\">Como Treinar o Seu Drag\u00e3o<\/em><br data-start=\"1169\" data-end=\"1172\" \/>\u2714 \u00d3timo para decora\u00e7\u00e3o geek, presente criativo ou cole\u00e7\u00e3o de filmes<\/p>\n<p class=\"\" data-start=\"1241\" data-end=\"1370\">Produto enviado bem embalado, pronto para brilhar na sua prateleira.<br data-start=\"1309\" data-end=\"1312\" \/>Garanta j\u00e1 seu drag\u00e3o favorito com visual fiel e realista!<\/p>\n","protected":false},"excerpt":{"rendered":"<p>Descri\u00e7\u00e3o: \ud83d\udda8\ufe0f Modelo 3D do drag\u00e3o Banguela (Toothless) impresso em PLA ecol\u00f3gico, inspirado no filme Como Treinar o Seu Drag\u00e3o.Produto feito em impress\u00e3o 3D de alta precis\u00e3o, perfeito para decora\u00e7\u00e3o, presente criativo ou item de cole\u00e7\u00e3o geek\/nerd. \u2705 Impress\u00e3o em PLA resistente\u2705 Design fiel ao personagem\u2705 Ideal para decorar estantes, mesas ou nichos \ud83d\udccf Dimens\u00f5es: [&hellip;]<\/p>\n","protected":false},"featured_media":313470,"comment_status":"open","ping_status":"closed","template":"","meta":[],"product_brand":[],"product_cat":[15],"product_tag":[4026,5781,2500,552,272,425,124],"class_list":{"0":"post-313490","1":"product","2":"type-product","3":"status-publish","4":"has-post-thumbnail","6":"product_cat-uncategorized","7":"product_tag-articulated-2","8":"product_tag-articulated-toys-2","9":"product_tag-articulado","10":"product_tag-articulados","11":"product_tag-articulated-dragon","12":"product_tag-brinquedo-articulado","13":"product_tag-dragon","15":"first","16":"instock","17":"purchasable","18":"product-type-simple"},"yoast_head":"<!-- This site is optimized with the Yoast SEO plugin v25.1 - https:\/\/yoast.com\/wordpress\/plugins\/seo\/ -->\n<title>Banguela articulado - Como treinar seu drag\u00e3o - MyStore - By STLFLIX<\/title>\n<meta name=\"robots\" content=\"index, follow, max-snippet:-1, max-image-preview:large, max-video-preview:-1\" \/>\n<link rel=\"canonical\" href=\"https:\/\/www.monitorstlflix.com\/product\/banguela-como-trinar-seu-dragao\/\" \/>\n<meta property=\"og:locale\" content=\"es_ES\" \/>\n<meta property=\"og:type\" content=\"article\" \/>\n<meta property=\"og:title\" content=\"Banguela articulado - Como treinar seu drag\u00e3o - MyStore - By STLFLIX\" \/>\n<meta property=\"og:description\" content=\"Descri\u00e7\u00e3o: \ud83d\udda8\ufe0f Modelo 3D do drag\u00e3o Banguela (Toothless) impresso em PLA ecol\u00f3gico, inspirado no filme Como Treinar o Seu Drag\u00e3o.Produto feito em impress\u00e3o 3D de alta precis\u00e3o, perfeito para decora\u00e7\u00e3o, presente criativo ou item de cole\u00e7\u00e3o geek\/nerd. \u2705 Impress\u00e3o em PLA resistente\u2705 Design fiel ao personagem\u2705 Ideal para decorar estantes, mesas ou nichos \ud83d\udccf Dimens\u00f5es: [&hellip;]\" \/>\n<meta property=\"og:url\" content=\"https:\/\/www.monitorstlflix.com\/product\/banguela-como-trinar-seu-dragao\/\" \/>\n<meta property=\"og:site_name\" content=\"MyStore - By STLFLIX\" \/>\n<meta property=\"article:publisher\" content=\"https:\/\/www.facebook.com\/STLFLIX\" \/>\n<meta property=\"article:modified_time\" content=\"2025-04-14T22:35:49+00:00\" \/>\n<meta property=\"og:image\" content=\"https:\/\/www.monitorstlflix.com\/wp-content\/uploads\/2025\/04\/IMG_20250413_102441.jpg\" \/>\n\t<meta property=\"og:image:width\" content=\"2375\" \/>\n\t<meta property=\"og:image:height\" content=\"1783\" \/>\n\t<meta property=\"og:image:type\" content=\"image\/jpeg\" \/>\n<meta name=\"twitter:card\" content=\"summary_large_image\" \/>\n<meta name=\"twitter:label1\" content=\"Est. reading time\" \/>\n\t<meta name=\"twitter:data1\" content=\"1 minute\" \/>\n<script type=\"application\/ld+json\" class=\"yoast-schema-graph\">{\"@context\":\"https:\/\/schema.org\",\"@graph\":[{\"@type\":\"WebPage\",\"@id\":\"https:\/\/www.monitorstlflix.com\/product\/banguela-como-trinar-seu-dragao\/\",\"url\":\"https:\/\/www.monitorstlflix.com\/product\/banguela-como-trinar-seu-dragao\/\",\"name\":\"Banguela articulado - Como treinar seu drag\u00e3o - MyStore - By STLFLIX\",\"isPartOf\":{\"@id\":\"https:\/\/my.stlflix.com\/#website\"},\"primaryImageOfPage\":{\"@id\":\"https:\/\/www.monitorstlflix.com\/product\/banguela-como-trinar-seu-dragao\/#primaryimage\"},\"image\":{\"@id\":\"https:\/\/www.monitorstlflix.com\/product\/banguela-como-trinar-seu-dragao\/#primaryimage\"},\"thumbnailUrl\":\"https:\/\/my.stlflix.com\/wp-content\/uploads\/2025\/04\/IMG_20250413_102441.jpg\",\"datePublished\":\"2025-04-13T13:43:00+00:00\",\"dateModified\":\"2025-04-14T22:35:49+00:00\",\"breadcrumb\":{\"@id\":\"https:\/\/www.monitorstlflix.com\/product\/banguela-como-trinar-seu-dragao\/#breadcrumb\"},\"inLanguage\":\"es-ES\",\"potentialAction\":[{\"@type\":\"ReadAction\",\"target\":[\"https:\/\/www.monitorstlflix.com\/product\/banguela-como-trinar-seu-dragao\/\"]}]},{\"@type\":\"ImageObject\",\"inLanguage\":\"es-ES\",\"@id\":\"https:\/\/www.monitorstlflix.com\/product\/banguela-como-trinar-seu-dragao\/#primaryimage\",\"url\":\"https:\/\/my.stlflix.com\/wp-content\/uploads\/2025\/04\/IMG_20250413_102441.jpg\",\"contentUrl\":\"https:\/\/my.stlflix.com\/wp-content\/uploads\/2025\/04\/IMG_20250413_102441.jpg\",\"width\":2375,\"height\":1783,\"caption\":\"Banguela - Como treinar seu drag\u00e3o\"},{\"@type\":\"BreadcrumbList\",\"@id\":\"https:\/\/www.monitorstlflix.com\/product\/banguela-como-trinar-seu-dragao\/#breadcrumb\",\"itemListElement\":[{\"@type\":\"ListItem\",\"position\":1,\"name\":\"Home\",\"item\":\"https:\/\/www.stlflix-store.com\/\"},{\"@type\":\"ListItem\",\"position\":2,\"name\":\"Products\",\"item\":\"https:\/\/www.stlflix-store.com\/shop\/\"},{\"@type\":\"ListItem\",\"position\":3,\"name\":\"Banguela articulado &#8211; Como treinar seu drag\u00e3o\"}]},{\"@type\":\"WebSite\",\"@id\":\"https:\/\/my.stlflix.com\/#website\",\"url\":\"https:\/\/my.stlflix.com\/\",\"name\":\"MyStore - By STLFLIX\",\"description\":\"\",\"publisher\":{\"@id\":\"https:\/\/my.stlflix.com\/#organization\"},\"potentialAction\":[{\"@type\":\"SearchAction\",\"target\":{\"@type\":\"EntryPoint\",\"urlTemplate\":\"https:\/\/my.stlflix.com\/?s={search_term_string}\"},\"query-input\":{\"@type\":\"PropertyValueSpecification\",\"valueRequired\":true,\"valueName\":\"search_term_string\"}}],\"inLanguage\":\"es-ES\"},{\"@type\":\"Organization\",\"@id\":\"https:\/\/my.stlflix.com\/#organization\",\"name\":\"MyStore - By STLFLIX\",\"url\":\"https:\/\/my.stlflix.com\/\",\"logo\":{\"@type\":\"ImageObject\",\"inLanguage\":\"es-ES\",\"@id\":\"https:\/\/my.stlflix.com\/#\/schema\/logo\/image\/\",\"url\":\"https:\/\/my.stlflix.com\/wp-content\/uploads\/2024\/06\/logo-mystore.png\",\"contentUrl\":\"https:\/\/my.stlflix.com\/wp-content\/uploads\/2024\/06\/logo-mystore.png\",\"width\":150,\"height\":41,\"caption\":\"MyStore - By STLFLIX\"},\"image\":{\"@id\":\"https:\/\/my.stlflix.com\/#\/schema\/logo\/image\/\"},\"sameAs\":[\"https:\/\/www.facebook.com\/STLFLIX\",\"https:\/\/www.instagram.com\/stlflix_\/\",\"https:\/\/www.tiktok.com\/@stlflix\"]}]}<\/script>\n<!-- \/ Yoast SEO plugin. -->","yoast_head_json":{"title":"Banguela articulado - Como treinar seu drag\u00e3o - MyStore - By STLFLIX","robots":{"index":"index","follow":"follow","max-snippet":"max-snippet:-1","max-image-preview":"max-image-preview:large","max-video-preview":"max-video-preview:-1"},"canonical":"https:\/\/www.monitorstlflix.com\/product\/banguela-como-trinar-seu-dragao\/","og_locale":"es_ES","og_type":"article","og_title":"Banguela articulado - Como treinar seu drag\u00e3o - MyStore - By STLFLIX","og_description":"Descri\u00e7\u00e3o: \ud83d\udda8\ufe0f Modelo 3D do drag\u00e3o Banguela (Toothless) impresso em PLA ecol\u00f3gico, inspirado no filme Como Treinar o Seu Drag\u00e3o.Produto feito em impress\u00e3o 3D de alta precis\u00e3o, perfeito para decora\u00e7\u00e3o, presente criativo ou item de cole\u00e7\u00e3o geek\/nerd. \u2705 Impress\u00e3o em PLA resistente\u2705 Design fiel ao personagem\u2705 Ideal para decorar estantes, mesas ou nichos \ud83d\udccf Dimens\u00f5es: [&hellip;]","og_url":"https:\/\/www.monitorstlflix.com\/product\/banguela-como-trinar-seu-dragao\/","og_site_name":"MyStore - By STLFLIX","article_publisher":"https:\/\/www.facebook.com\/STLFLIX","article_modified_time":"2025-04-14T22:35:49+00:00","og_image":[{"width":2375,"height":1783,"url":"https:\/\/www.monitorstlflix.com\/wp-content\/uploads\/2025\/04\/IMG_20250413_102441.jpg","type":"image\/jpeg"}],"twitter_card":"summary_large_image","twitter_misc":{"Est. reading time":"1 minute"},"schema":{"@context":"https:\/\/schema.org","@graph":[{"@type":"WebPage","@id":"https:\/\/www.monitorstlflix.com\/product\/banguela-como-trinar-seu-dragao\/","url":"https:\/\/www.monitorstlflix.com\/product\/banguela-como-trinar-seu-dragao\/","name":"Banguela articulado - Como treinar seu drag\u00e3o - MyStore - By STLFLIX","isPartOf":{"@id":"https:\/\/my.stlflix.com\/#website"},"primaryImageOfPage":{"@id":"https:\/\/www.monitorstlflix.com\/product\/banguela-como-trinar-seu-dragao\/#primaryimage"},"image":{"@id":"https:\/\/www.monitorstlflix.com\/product\/banguela-como-trinar-seu-dragao\/#primaryimage"},"thumbnailUrl":"https:\/\/my.stlflix.com\/wp-content\/uploads\/2025\/04\/IMG_20250413_102441.jpg","datePublished":"2025-04-13T13:43:00+00:00","dateModified":"2025-04-14T22:35:49+00:00","breadcrumb":{"@id":"https:\/\/www.monitorstlflix.com\/product\/banguela-como-trinar-seu-dragao\/#breadcrumb"},"inLanguage":"es-ES","potentialAction":[{"@type":"ReadAction","target":["https:\/\/www.monitorstlflix.com\/product\/banguela-como-trinar-seu-dragao\/"]}]},{"@type":"ImageObject","inLanguage":"es-ES","@id":"https:\/\/www.monitorstlflix.com\/product\/banguela-como-trinar-seu-dragao\/#primaryimage","url":"https:\/\/my.stlflix.com\/wp-content\/uploads\/2025\/04\/IMG_20250413_102441.jpg","contentUrl":"https:\/\/my.stlflix.com\/wp-content\/uploads\/2025\/04\/IMG_20250413_102441.jpg","width":2375,"height":1783,"caption":"Banguela - Como treinar seu drag\u00e3o"},{"@type":"BreadcrumbList","@id":"https:\/\/www.monitorstlflix.com\/product\/banguela-como-trinar-seu-dragao\/#breadcrumb","itemListElement":[{"@type":"ListItem","position":1,"name":"Home","item":"https:\/\/www.stlflix-store.com\/"},{"@type":"ListItem","position":2,"name":"Products","item":"https:\/\/www.stlflix-store.com\/shop\/"},{"@type":"ListItem","position":3,"name":"Banguela articulado &#8211; Como treinar seu drag\u00e3o"}]},{"@type":"WebSite","@id":"https:\/\/my.stlflix.com\/#website","url":"https:\/\/my.stlflix.com\/","name":"MyStore - By STLFLIX","description":"","publisher":{"@id":"https:\/\/my.stlflix.com\/#organization"},"potentialAction":[{"@type":"SearchAction","target":{"@type":"EntryPoint","urlTemplate":"https:\/\/my.stlflix.com\/?s={search_term_string}"},"query-input":{"@type":"PropertyValueSpecification","valueRequired":true,"valueName":"search_term_string"}}],"inLanguage":"es-ES"},{"@type":"Organization","@id":"https:\/\/my.stlflix.com\/#organization","name":"MyStore - By STLFLIX","url":"https:\/\/my.stlflix.com\/","logo":{"@type":"ImageObject","inLanguage":"es-ES","@id":"https:\/\/my.stlflix.com\/#\/schema\/logo\/image\/","url":"https:\/\/my.stlflix.com\/wp-content\/uploads\/2024\/06\/logo-mystore.png","contentUrl":"https:\/\/my.stlflix.com\/wp-content\/uploads\/2024\/06\/logo-mystore.png","width":150,"height":41,"caption":"MyStore - By STLFLIX"},"image":{"@id":"https:\/\/my.stlflix.com\/#\/schema\/logo\/image\/"},"sameAs":["https:\/\/www.facebook.com\/STLFLIX","https:\/\/www.instagram.com\/stlflix_\/","https:\/\/www.tiktok.com\/@stlflix"]}]}},"_links":{"self":[{"href":"https:\/\/my.stlflix.com\/es\/wp-json\/wp\/v2\/product\/313490","targetHints":{"allow":["GET"]}}],"collection":[{"href":"https:\/\/my.stlflix.com\/es\/wp-json\/wp\/v2\/product"}],"about":[{"href":"https:\/\/my.stlflix.com\/es\/wp-json\/wp\/v2\/types\/product"}],"replies":[{"embeddable":true,"href":"https:\/\/my.stlflix.com\/es\/wp-json\/wp\/v2\/comments?post=313490"}],"wp:featuredmedia":[{"embeddable":true,"href":"https:\/\/my.stlflix.com\/es\/wp-json\/wp\/v2\/media\/313470"}],"wp:attachment":[{"href":"https:\/\/my.stlflix.com\/es\/wp-json\/wp\/v2\/media?parent=313490"}],"wp:term":[{"taxonomy":"product_brand","embeddable":true,"href":"https:\/\/my.stlflix.com\/es\/wp-json\/wp\/v2\/product_brand?post=313490"},{"taxonomy":"product_cat","embeddable":true,"href":"https:\/\/my.stlflix.com\/es\/wp-json\/wp\/v2\/product_cat?post=313490"},{"taxonomy":"product_tag","embeddable":true,"href":"https:\/\/my.stlflix.com\/es\/wp-json\/wp\/v2\/product_tag?post=313490"}],"curies":[{"name":"wp","href":"https:\/\/api.w.org\/{rel}","templated":true}]}}