{"id":317532,"date":"2025-05-05T18:35:05","date_gmt":"2025-05-05T18:35:05","guid":{"rendered":"https:\/\/my.stlflix.com\/?post_type=product&#038;p=317532"},"modified":"2025-05-23T22:46:54","modified_gmt":"2025-05-23T22:46:54","slug":"suporte-de-vinho-com-atitude","status":"publish","type":"product","link":"https:\/\/my.stlflix.com\/es\/product\/suporte-de-vinho-com-atitude\/","title":{"rendered":"Suporte de Vinho com Atitude"},"content":{"rendered":"<p><span style=\"font-weight: 400\">Quem disse que segurar vinho precisa ser sem gra\u00e7a? Este suporte estilizado traz um personagem carism\u00e1tico com uma pose cheia de atitude, transformando sua garrafa em uma verdadeira declara\u00e7\u00e3o de estilo. Perfeito para bares, \u00e1reas gourmet e presentes inusitados.<\/span><\/p>\n<p><span style=\"font-weight: 400\">Peso: 135 gramas<\/span><\/p>\n<p><span style=\"font-weight: 400\">Altura Aproximada: 24 cm<\/span><\/p>\n<p><span style=\"font-weight: 400\">Tempo M\u00ednimo de Espera: 1 Dia<\/span><\/p>\n","protected":false},"excerpt":{"rendered":"<p>Quem disse que segurar vinho precisa ser sem gra\u00e7a? Este suporte estilizado traz um personagem carism\u00e1tico com uma pose cheia de atitude, transformando sua garrafa em uma verdadeira declara\u00e7\u00e3o de estilo. Perfeito para bares, \u00e1reas gourmet e presentes inusitados. Peso: 135 gramas Altura Aproximada: 24 cm Tempo M\u00ednimo de Espera: 1 Dia<\/p>\n","protected":false},"featured_media":361470,"comment_status":"open","ping_status":"closed","template":"","meta":[],"product_brand":[],"product_cat":[25],"product_tag":[5902],"class_list":{"0":"post-317532","1":"product","2":"type-product","3":"status-publish","4":"has-post-thumbnail","6":"product_cat-home-decor","7":"product_tag-suporte-de-vinho","9":"first","10":"onbackorder","11":"taxable","12":"shipping-taxable","13":"purchasable","14":"product-type-simple"},"yoast_head":"<!-- This site is optimized with the Yoast SEO plugin v25.1 - https:\/\/yoast.com\/wordpress\/plugins\/seo\/ -->\n<title>Suporte de Vinho com Atitude - MyStore - By STLFLIX<\/title>\n<meta name=\"robots\" content=\"index, follow, max-snippet:-1, max-image-preview:large, max-video-preview:-1\" \/>\n<link rel=\"canonical\" href=\"https:\/\/my.stlflix.com\/es\/product\/suporte-de-vinho-com-atitude\/\" \/>\n<meta property=\"og:locale\" content=\"es_ES\" \/>\n<meta property=\"og:type\" content=\"article\" \/>\n<meta property=\"og:title\" content=\"Suporte de Vinho com Atitude - MyStore - By STLFLIX\" \/>\n<meta property=\"og:description\" content=\"Quem disse que segurar vinho precisa ser sem gra\u00e7a? Este suporte estilizado traz um personagem carism\u00e1tico com uma pose cheia de atitude, transformando sua garrafa em uma verdadeira declara\u00e7\u00e3o de estilo. Perfeito para bares, \u00e1reas gourmet e presentes inusitados. Peso: 135 gramas Altura Aproximada: 24 cm Tempo M\u00ednimo de Espera: 1 Dia\" \/>\n<meta property=\"og:url\" content=\"https:\/\/my.stlflix.com\/es\/product\/suporte-de-vinho-com-atitude\/\" \/>\n<meta property=\"og:site_name\" content=\"MyStore - By STLFLIX\" \/>\n<meta property=\"article:publisher\" content=\"https:\/\/www.facebook.com\/STLFLIX\" \/>\n<meta property=\"article:modified_time\" content=\"2025-05-23T22:46:54+00:00\" \/>\n<meta property=\"og:image\" content=\"https:\/\/my.stlflix.com\/wp-content\/uploads\/2025\/05\/Attitude_Wine_Holder_1_3bd21668fe.jpg\" \/>\n\t<meta property=\"og:image:width\" content=\"1080\" \/>\n\t<meta property=\"og:image:height\" content=\"1350\" \/>\n\t<meta property=\"og:image:type\" content=\"image\/jpeg\" \/>\n<meta name=\"twitter:card\" content=\"summary_large_image\" \/>\n<script type=\"application\/ld+json\" class=\"yoast-schema-graph\">{\"@context\":\"https:\/\/schema.org\",\"@graph\":[{\"@type\":\"WebPage\",\"@id\":\"https:\/\/my.stlflix.com\/es\/product\/suporte-de-vinho-com-atitude\/\",\"url\":\"https:\/\/my.stlflix.com\/es\/product\/suporte-de-vinho-com-atitude\/\",\"name\":\"Suporte de Vinho com Atitude - MyStore - By STLFLIX\",\"isPartOf\":{\"@id\":\"https:\/\/my.stlflix.com\/#website\"},\"primaryImageOfPage\":{\"@id\":\"https:\/\/my.stlflix.com\/es\/product\/suporte-de-vinho-com-atitude\/#primaryimage\"},\"image\":{\"@id\":\"https:\/\/my.stlflix.com\/es\/product\/suporte-de-vinho-com-atitude\/#primaryimage\"},\"thumbnailUrl\":\"https:\/\/my.stlflix.com\/wp-content\/uploads\/2025\/05\/Attitude_Wine_Holder_1_3bd21668fe.jpg\",\"datePublished\":\"2025-05-05T18:35:05+00:00\",\"dateModified\":\"2025-05-23T22:46:54+00:00\",\"breadcrumb\":{\"@id\":\"https:\/\/my.stlflix.com\/es\/product\/suporte-de-vinho-com-atitude\/#breadcrumb\"},\"inLanguage\":\"es-ES\",\"potentialAction\":[{\"@type\":\"ReadAction\",\"target\":[\"https:\/\/my.stlflix.com\/es\/product\/suporte-de-vinho-com-atitude\/\"]}]},{\"@type\":\"ImageObject\",\"inLanguage\":\"es-ES\",\"@id\":\"https:\/\/my.stlflix.com\/es\/product\/suporte-de-vinho-com-atitude\/#primaryimage\",\"url\":\"https:\/\/my.stlflix.com\/wp-content\/uploads\/2025\/05\/Attitude_Wine_Holder_1_3bd21668fe.jpg\",\"contentUrl\":\"https:\/\/my.stlflix.com\/wp-content\/uploads\/2025\/05\/Attitude_Wine_Holder_1_3bd21668fe.jpg\",\"width\":1080,\"height\":1350},{\"@type\":\"BreadcrumbList\",\"@id\":\"https:\/\/my.stlflix.com\/es\/product\/suporte-de-vinho-com-atitude\/#breadcrumb\",\"itemListElement\":[{\"@type\":\"ListItem\",\"position\":1,\"name\":\"Home\",\"item\":\"https:\/\/www.stlflix-store.com\/\"},{\"@type\":\"ListItem\",\"position\":2,\"name\":\"Products\",\"item\":\"https:\/\/www.stlflix-store.com\/shop\/\"},{\"@type\":\"ListItem\",\"position\":3,\"name\":\"Suporte de Vinho com Atitude\"}]},{\"@type\":\"WebSite\",\"@id\":\"https:\/\/my.stlflix.com\/#website\",\"url\":\"https:\/\/my.stlflix.com\/\",\"name\":\"MyStore - By STLFLIX\",\"description\":\"\",\"publisher\":{\"@id\":\"https:\/\/my.stlflix.com\/#organization\"},\"potentialAction\":[{\"@type\":\"SearchAction\",\"target\":{\"@type\":\"EntryPoint\",\"urlTemplate\":\"https:\/\/my.stlflix.com\/?s={search_term_string}\"},\"query-input\":{\"@type\":\"PropertyValueSpecification\",\"valueRequired\":true,\"valueName\":\"search_term_string\"}}],\"inLanguage\":\"es-ES\"},{\"@type\":\"Organization\",\"@id\":\"https:\/\/my.stlflix.com\/#organization\",\"name\":\"MyStore - By STLFLIX\",\"url\":\"https:\/\/my.stlflix.com\/\",\"logo\":{\"@type\":\"ImageObject\",\"inLanguage\":\"es-ES\",\"@id\":\"https:\/\/my.stlflix.com\/#\/schema\/logo\/image\/\",\"url\":\"https:\/\/my.stlflix.com\/wp-content\/uploads\/2024\/06\/logo-mystore.png\",\"contentUrl\":\"https:\/\/my.stlflix.com\/wp-content\/uploads\/2024\/06\/logo-mystore.png\",\"width\":150,\"height\":41,\"caption\":\"MyStore - By STLFLIX\"},\"image\":{\"@id\":\"https:\/\/my.stlflix.com\/#\/schema\/logo\/image\/\"},\"sameAs\":[\"https:\/\/www.facebook.com\/STLFLIX\",\"https:\/\/www.instagram.com\/stlflix_\/\",\"https:\/\/www.tiktok.com\/@stlflix\"]}]}<\/script>\n<!-- \/ Yoast SEO plugin. -->","yoast_head_json":{"title":"Suporte de Vinho com Atitude - MyStore - By STLFLIX","robots":{"index":"index","follow":"follow","max-snippet":"max-snippet:-1","max-image-preview":"max-image-preview:large","max-video-preview":"max-video-preview:-1"},"canonical":"https:\/\/my.stlflix.com\/es\/product\/suporte-de-vinho-com-atitude\/","og_locale":"es_ES","og_type":"article","og_title":"Suporte de Vinho com Atitude - MyStore - By STLFLIX","og_description":"Quem disse que segurar vinho precisa ser sem gra\u00e7a? Este suporte estilizado traz um personagem carism\u00e1tico com uma pose cheia de atitude, transformando sua garrafa em uma verdadeira declara\u00e7\u00e3o de estilo. Perfeito para bares, \u00e1reas gourmet e presentes inusitados. Peso: 135 gramas Altura Aproximada: 24 cm Tempo M\u00ednimo de Espera: 1 Dia","og_url":"https:\/\/my.stlflix.com\/es\/product\/suporte-de-vinho-com-atitude\/","og_site_name":"MyStore - By STLFLIX","article_publisher":"https:\/\/www.facebook.com\/STLFLIX","article_modified_time":"2025-05-23T22:46:54+00:00","og_image":[{"width":1080,"height":1350,"url":"https:\/\/my.stlflix.com\/wp-content\/uploads\/2025\/05\/Attitude_Wine_Holder_1_3bd21668fe.jpg","type":"image\/jpeg"}],"twitter_card":"summary_large_image","schema":{"@context":"https:\/\/schema.org","@graph":[{"@type":"WebPage","@id":"https:\/\/my.stlflix.com\/es\/product\/suporte-de-vinho-com-atitude\/","url":"https:\/\/my.stlflix.com\/es\/product\/suporte-de-vinho-com-atitude\/","name":"Suporte de Vinho com Atitude - MyStore - By STLFLIX","isPartOf":{"@id":"https:\/\/my.stlflix.com\/#website"},"primaryImageOfPage":{"@id":"https:\/\/my.stlflix.com\/es\/product\/suporte-de-vinho-com-atitude\/#primaryimage"},"image":{"@id":"https:\/\/my.stlflix.com\/es\/product\/suporte-de-vinho-com-atitude\/#primaryimage"},"thumbnailUrl":"https:\/\/my.stlflix.com\/wp-content\/uploads\/2025\/05\/Attitude_Wine_Holder_1_3bd21668fe.jpg","datePublished":"2025-05-05T18:35:05+00:00","dateModified":"2025-05-23T22:46:54+00:00","breadcrumb":{"@id":"https:\/\/my.stlflix.com\/es\/product\/suporte-de-vinho-com-atitude\/#breadcrumb"},"inLanguage":"es-ES","potentialAction":[{"@type":"ReadAction","target":["https:\/\/my.stlflix.com\/es\/product\/suporte-de-vinho-com-atitude\/"]}]},{"@type":"ImageObject","inLanguage":"es-ES","@id":"https:\/\/my.stlflix.com\/es\/product\/suporte-de-vinho-com-atitude\/#primaryimage","url":"https:\/\/my.stlflix.com\/wp-content\/uploads\/2025\/05\/Attitude_Wine_Holder_1_3bd21668fe.jpg","contentUrl":"https:\/\/my.stlflix.com\/wp-content\/uploads\/2025\/05\/Attitude_Wine_Holder_1_3bd21668fe.jpg","width":1080,"height":1350},{"@type":"BreadcrumbList","@id":"https:\/\/my.stlflix.com\/es\/product\/suporte-de-vinho-com-atitude\/#breadcrumb","itemListElement":[{"@type":"ListItem","position":1,"name":"Home","item":"https:\/\/www.stlflix-store.com\/"},{"@type":"ListItem","position":2,"name":"Products","item":"https:\/\/www.stlflix-store.com\/shop\/"},{"@type":"ListItem","position":3,"name":"Suporte de Vinho com Atitude"}]},{"@type":"WebSite","@id":"https:\/\/my.stlflix.com\/#website","url":"https:\/\/my.stlflix.com\/","name":"MyStore - By STLFLIX","description":"","publisher":{"@id":"https:\/\/my.stlflix.com\/#organization"},"potentialAction":[{"@type":"SearchAction","target":{"@type":"EntryPoint","urlTemplate":"https:\/\/my.stlflix.com\/?s={search_term_string}"},"query-input":{"@type":"PropertyValueSpecification","valueRequired":true,"valueName":"search_term_string"}}],"inLanguage":"es-ES"},{"@type":"Organization","@id":"https:\/\/my.stlflix.com\/#organization","name":"MyStore - By STLFLIX","url":"https:\/\/my.stlflix.com\/","logo":{"@type":"ImageObject","inLanguage":"es-ES","@id":"https:\/\/my.stlflix.com\/#\/schema\/logo\/image\/","url":"https:\/\/my.stlflix.com\/wp-content\/uploads\/2024\/06\/logo-mystore.png","contentUrl":"https:\/\/my.stlflix.com\/wp-content\/uploads\/2024\/06\/logo-mystore.png","width":150,"height":41,"caption":"MyStore - By STLFLIX"},"image":{"@id":"https:\/\/my.stlflix.com\/#\/schema\/logo\/image\/"},"sameAs":["https:\/\/www.facebook.com\/STLFLIX","https:\/\/www.instagram.com\/stlflix_\/","https:\/\/www.tiktok.com\/@stlflix"]}]}},"_links":{"self":[{"href":"https:\/\/my.stlflix.com\/es\/wp-json\/wp\/v2\/product\/317532","targetHints":{"allow":["GET"]}}],"collection":[{"href":"https:\/\/my.stlflix.com\/es\/wp-json\/wp\/v2\/product"}],"about":[{"href":"https:\/\/my.stlflix.com\/es\/wp-json\/wp\/v2\/types\/product"}],"replies":[{"embeddable":true,"href":"https:\/\/my.stlflix.com\/es\/wp-json\/wp\/v2\/comments?post=317532"}],"wp:featuredmedia":[{"embeddable":true,"href":"https:\/\/my.stlflix.com\/es\/wp-json\/wp\/v2\/media\/361470"}],"wp:attachment":[{"href":"https:\/\/my.stlflix.com\/es\/wp-json\/wp\/v2\/media?parent=317532"}],"wp:term":[{"taxonomy":"product_brand","embeddable":true,"href":"https:\/\/my.stlflix.com\/es\/wp-json\/wp\/v2\/product_brand?post=317532"},{"taxonomy":"product_cat","embeddable":true,"href":"https:\/\/my.stlflix.com\/es\/wp-json\/wp\/v2\/product_cat?post=317532"},{"taxonomy":"product_tag","embeddable":true,"href":"https:\/\/my.stlflix.com\/es\/wp-json\/wp\/v2\/product_tag?post=317532"}],"curies":[{"name":"wp","href":"https:\/\/api.w.org\/{rel}","templated":true}]}}