{"id":318492,"date":"2025-05-23T22:33:18","date_gmt":"2025-05-23T22:33:18","guid":{"rendered":"https:\/\/my.stlflix.com\/?post_type=product&#038;p=318492"},"modified":"2025-05-23T22:33:18","modified_gmt":"2025-05-23T22:33:18","slug":"porta-incenso-panda-zen","status":"publish","type":"product","link":"https:\/\/my.stlflix.com\/es\/product\/porta-incenso-panda-zen\/","title":{"rendered":"Porta-Incenso Panda Zen"},"content":{"rendered":"<p><span style=\"font-weight: 400\">Traga serenidade e charme ao seu ambiente com este ador\u00e1vel suporte de incenso em forma de panda. Com um design minimalista e uma base em tom verde jade, ele combina fofura com funcionalidade. Ideal para momentos de medita\u00e7\u00e3o, relaxamento ou para dar um toque tranquilo \u00e0 decora\u00e7\u00e3o. Uma pe\u00e7a perfeita para quem busca equil\u00edbrio e leveza no dia a dia.<\/span><\/p>\n<p><span style=\"font-weight: 400\">Peso: 259 gramas<\/span><\/p>\n<p><span style=\"font-weight: 400\">Altura Aproximada: 15 cm<\/span><\/p>\n<p><span style=\"font-weight: 400\">Tempo M\u00ednimo de Espera: 2 Dias<\/span><\/p>\n","protected":false},"excerpt":{"rendered":"<p>Traga serenidade e charme ao seu ambiente com este ador\u00e1vel suporte de incenso em forma de panda. Com um design minimalista e uma base em tom verde jade, ele combina fofura com funcionalidade. Ideal para momentos de medita\u00e7\u00e3o, relaxamento ou para dar um toque tranquilo \u00e0 decora\u00e7\u00e3o. Uma pe\u00e7a perfeita para quem busca equil\u00edbrio e [&hellip;]<\/p>\n","protected":false},"featured_media":361419,"comment_status":"open","ping_status":"closed","template":"","meta":[],"product_brand":[],"product_cat":[25],"product_tag":[2624],"class_list":{"0":"post-318492","1":"product","2":"type-product","3":"status-publish","4":"has-post-thumbnail","6":"product_cat-home-decor","7":"product_tag-porta-incenso","9":"first","10":"onbackorder","11":"taxable","12":"shipping-taxable","13":"purchasable","14":"product-type-simple"},"yoast_head":"<!-- This site is optimized with the Yoast SEO plugin v25.1 - https:\/\/yoast.com\/wordpress\/plugins\/seo\/ -->\n<title>Porta-Incenso Panda Zen - MyStore - By STLFLIX<\/title>\n<meta name=\"robots\" content=\"index, follow, max-snippet:-1, max-image-preview:large, max-video-preview:-1\" \/>\n<link rel=\"canonical\" href=\"https:\/\/www.monitorstlflix.com\/product\/porta-incenso-panda-zen\/\" \/>\n<meta property=\"og:locale\" content=\"es_ES\" \/>\n<meta property=\"og:type\" content=\"article\" \/>\n<meta property=\"og:title\" content=\"Porta-Incenso Panda Zen - MyStore - By STLFLIX\" \/>\n<meta property=\"og:description\" content=\"Traga serenidade e charme ao seu ambiente com este ador\u00e1vel suporte de incenso em forma de panda. Com um design minimalista e uma base em tom verde jade, ele combina fofura com funcionalidade. Ideal para momentos de medita\u00e7\u00e3o, relaxamento ou para dar um toque tranquilo \u00e0 decora\u00e7\u00e3o. Uma pe\u00e7a perfeita para quem busca equil\u00edbrio e [&hellip;]\" \/>\n<meta property=\"og:url\" content=\"https:\/\/www.monitorstlflix.com\/product\/porta-incenso-panda-zen\/\" \/>\n<meta property=\"og:site_name\" content=\"MyStore - By STLFLIX\" \/>\n<meta property=\"article:publisher\" content=\"https:\/\/www.facebook.com\/STLFLIX\" \/>\n<meta property=\"og:image\" content=\"https:\/\/www.monitorstlflix.com\/wp-content\/uploads\/2025\/05\/The_Panda_Flutist_Incense_Holder_1_8c4ae6e40e.jpg\" \/>\n\t<meta property=\"og:image:width\" content=\"1080\" \/>\n\t<meta property=\"og:image:height\" content=\"1350\" \/>\n\t<meta property=\"og:image:type\" content=\"image\/jpeg\" \/>\n<meta name=\"twitter:card\" content=\"summary_large_image\" \/>\n<script type=\"application\/ld+json\" class=\"yoast-schema-graph\">{\"@context\":\"https:\/\/schema.org\",\"@graph\":[{\"@type\":\"WebPage\",\"@id\":\"https:\/\/www.monitorstlflix.com\/product\/porta-incenso-panda-zen\/\",\"url\":\"https:\/\/www.monitorstlflix.com\/product\/porta-incenso-panda-zen\/\",\"name\":\"Porta-Incenso Panda Zen - MyStore - By STLFLIX\",\"isPartOf\":{\"@id\":\"https:\/\/my.stlflix.com\/#website\"},\"primaryImageOfPage\":{\"@id\":\"https:\/\/www.monitorstlflix.com\/product\/porta-incenso-panda-zen\/#primaryimage\"},\"image\":{\"@id\":\"https:\/\/www.monitorstlflix.com\/product\/porta-incenso-panda-zen\/#primaryimage\"},\"thumbnailUrl\":\"https:\/\/my.stlflix.com\/wp-content\/uploads\/2025\/05\/The_Panda_Flutist_Incense_Holder_1_8c4ae6e40e.jpg\",\"datePublished\":\"2025-05-23T22:33:18+00:00\",\"breadcrumb\":{\"@id\":\"https:\/\/www.monitorstlflix.com\/product\/porta-incenso-panda-zen\/#breadcrumb\"},\"inLanguage\":\"es-ES\",\"potentialAction\":[{\"@type\":\"ReadAction\",\"target\":[\"https:\/\/www.monitorstlflix.com\/product\/porta-incenso-panda-zen\/\"]}]},{\"@type\":\"ImageObject\",\"inLanguage\":\"es-ES\",\"@id\":\"https:\/\/www.monitorstlflix.com\/product\/porta-incenso-panda-zen\/#primaryimage\",\"url\":\"https:\/\/my.stlflix.com\/wp-content\/uploads\/2025\/05\/The_Panda_Flutist_Incense_Holder_1_8c4ae6e40e.jpg\",\"contentUrl\":\"https:\/\/my.stlflix.com\/wp-content\/uploads\/2025\/05\/The_Panda_Flutist_Incense_Holder_1_8c4ae6e40e.jpg\",\"width\":1080,\"height\":1350},{\"@type\":\"BreadcrumbList\",\"@id\":\"https:\/\/www.monitorstlflix.com\/product\/porta-incenso-panda-zen\/#breadcrumb\",\"itemListElement\":[{\"@type\":\"ListItem\",\"position\":1,\"name\":\"Home\",\"item\":\"https:\/\/www.stlflix-store.com\/\"},{\"@type\":\"ListItem\",\"position\":2,\"name\":\"Products\",\"item\":\"https:\/\/www.stlflix-store.com\/shop\/\"},{\"@type\":\"ListItem\",\"position\":3,\"name\":\"Porta-Incenso Panda Zen\"}]},{\"@type\":\"WebSite\",\"@id\":\"https:\/\/my.stlflix.com\/#website\",\"url\":\"https:\/\/my.stlflix.com\/\",\"name\":\"MyStore - By STLFLIX\",\"description\":\"\",\"publisher\":{\"@id\":\"https:\/\/my.stlflix.com\/#organization\"},\"potentialAction\":[{\"@type\":\"SearchAction\",\"target\":{\"@type\":\"EntryPoint\",\"urlTemplate\":\"https:\/\/my.stlflix.com\/?s={search_term_string}\"},\"query-input\":{\"@type\":\"PropertyValueSpecification\",\"valueRequired\":true,\"valueName\":\"search_term_string\"}}],\"inLanguage\":\"es-ES\"},{\"@type\":\"Organization\",\"@id\":\"https:\/\/my.stlflix.com\/#organization\",\"name\":\"MyStore - By STLFLIX\",\"url\":\"https:\/\/my.stlflix.com\/\",\"logo\":{\"@type\":\"ImageObject\",\"inLanguage\":\"es-ES\",\"@id\":\"https:\/\/my.stlflix.com\/#\/schema\/logo\/image\/\",\"url\":\"https:\/\/my.stlflix.com\/wp-content\/uploads\/2024\/06\/logo-mystore.png\",\"contentUrl\":\"https:\/\/my.stlflix.com\/wp-content\/uploads\/2024\/06\/logo-mystore.png\",\"width\":150,\"height\":41,\"caption\":\"MyStore - By STLFLIX\"},\"image\":{\"@id\":\"https:\/\/my.stlflix.com\/#\/schema\/logo\/image\/\"},\"sameAs\":[\"https:\/\/www.facebook.com\/STLFLIX\",\"https:\/\/www.instagram.com\/stlflix_\/\",\"https:\/\/www.tiktok.com\/@stlflix\"]}]}<\/script>\n<!-- \/ Yoast SEO plugin. -->","yoast_head_json":{"title":"Porta-Incenso Panda Zen - MyStore - By STLFLIX","robots":{"index":"index","follow":"follow","max-snippet":"max-snippet:-1","max-image-preview":"max-image-preview:large","max-video-preview":"max-video-preview:-1"},"canonical":"https:\/\/www.monitorstlflix.com\/product\/porta-incenso-panda-zen\/","og_locale":"es_ES","og_type":"article","og_title":"Porta-Incenso Panda Zen - MyStore - By STLFLIX","og_description":"Traga serenidade e charme ao seu ambiente com este ador\u00e1vel suporte de incenso em forma de panda. Com um design minimalista e uma base em tom verde jade, ele combina fofura com funcionalidade. Ideal para momentos de medita\u00e7\u00e3o, relaxamento ou para dar um toque tranquilo \u00e0 decora\u00e7\u00e3o. Uma pe\u00e7a perfeita para quem busca equil\u00edbrio e [&hellip;]","og_url":"https:\/\/www.monitorstlflix.com\/product\/porta-incenso-panda-zen\/","og_site_name":"MyStore - By STLFLIX","article_publisher":"https:\/\/www.facebook.com\/STLFLIX","og_image":[{"width":1080,"height":1350,"url":"https:\/\/www.monitorstlflix.com\/wp-content\/uploads\/2025\/05\/The_Panda_Flutist_Incense_Holder_1_8c4ae6e40e.jpg","type":"image\/jpeg"}],"twitter_card":"summary_large_image","schema":{"@context":"https:\/\/schema.org","@graph":[{"@type":"WebPage","@id":"https:\/\/www.monitorstlflix.com\/product\/porta-incenso-panda-zen\/","url":"https:\/\/www.monitorstlflix.com\/product\/porta-incenso-panda-zen\/","name":"Porta-Incenso Panda Zen - MyStore - By STLFLIX","isPartOf":{"@id":"https:\/\/my.stlflix.com\/#website"},"primaryImageOfPage":{"@id":"https:\/\/www.monitorstlflix.com\/product\/porta-incenso-panda-zen\/#primaryimage"},"image":{"@id":"https:\/\/www.monitorstlflix.com\/product\/porta-incenso-panda-zen\/#primaryimage"},"thumbnailUrl":"https:\/\/my.stlflix.com\/wp-content\/uploads\/2025\/05\/The_Panda_Flutist_Incense_Holder_1_8c4ae6e40e.jpg","datePublished":"2025-05-23T22:33:18+00:00","breadcrumb":{"@id":"https:\/\/www.monitorstlflix.com\/product\/porta-incenso-panda-zen\/#breadcrumb"},"inLanguage":"es-ES","potentialAction":[{"@type":"ReadAction","target":["https:\/\/www.monitorstlflix.com\/product\/porta-incenso-panda-zen\/"]}]},{"@type":"ImageObject","inLanguage":"es-ES","@id":"https:\/\/www.monitorstlflix.com\/product\/porta-incenso-panda-zen\/#primaryimage","url":"https:\/\/my.stlflix.com\/wp-content\/uploads\/2025\/05\/The_Panda_Flutist_Incense_Holder_1_8c4ae6e40e.jpg","contentUrl":"https:\/\/my.stlflix.com\/wp-content\/uploads\/2025\/05\/The_Panda_Flutist_Incense_Holder_1_8c4ae6e40e.jpg","width":1080,"height":1350},{"@type":"BreadcrumbList","@id":"https:\/\/www.monitorstlflix.com\/product\/porta-incenso-panda-zen\/#breadcrumb","itemListElement":[{"@type":"ListItem","position":1,"name":"Home","item":"https:\/\/www.stlflix-store.com\/"},{"@type":"ListItem","position":2,"name":"Products","item":"https:\/\/www.stlflix-store.com\/shop\/"},{"@type":"ListItem","position":3,"name":"Porta-Incenso Panda Zen"}]},{"@type":"WebSite","@id":"https:\/\/my.stlflix.com\/#website","url":"https:\/\/my.stlflix.com\/","name":"MyStore - By STLFLIX","description":"","publisher":{"@id":"https:\/\/my.stlflix.com\/#organization"},"potentialAction":[{"@type":"SearchAction","target":{"@type":"EntryPoint","urlTemplate":"https:\/\/my.stlflix.com\/?s={search_term_string}"},"query-input":{"@type":"PropertyValueSpecification","valueRequired":true,"valueName":"search_term_string"}}],"inLanguage":"es-ES"},{"@type":"Organization","@id":"https:\/\/my.stlflix.com\/#organization","name":"MyStore - By STLFLIX","url":"https:\/\/my.stlflix.com\/","logo":{"@type":"ImageObject","inLanguage":"es-ES","@id":"https:\/\/my.stlflix.com\/#\/schema\/logo\/image\/","url":"https:\/\/my.stlflix.com\/wp-content\/uploads\/2024\/06\/logo-mystore.png","contentUrl":"https:\/\/my.stlflix.com\/wp-content\/uploads\/2024\/06\/logo-mystore.png","width":150,"height":41,"caption":"MyStore - By STLFLIX"},"image":{"@id":"https:\/\/my.stlflix.com\/#\/schema\/logo\/image\/"},"sameAs":["https:\/\/www.facebook.com\/STLFLIX","https:\/\/www.instagram.com\/stlflix_\/","https:\/\/www.tiktok.com\/@stlflix"]}]}},"_links":{"self":[{"href":"https:\/\/my.stlflix.com\/es\/wp-json\/wp\/v2\/product\/318492","targetHints":{"allow":["GET"]}}],"collection":[{"href":"https:\/\/my.stlflix.com\/es\/wp-json\/wp\/v2\/product"}],"about":[{"href":"https:\/\/my.stlflix.com\/es\/wp-json\/wp\/v2\/types\/product"}],"replies":[{"embeddable":true,"href":"https:\/\/my.stlflix.com\/es\/wp-json\/wp\/v2\/comments?post=318492"}],"wp:featuredmedia":[{"embeddable":true,"href":"https:\/\/my.stlflix.com\/es\/wp-json\/wp\/v2\/media\/361419"}],"wp:attachment":[{"href":"https:\/\/my.stlflix.com\/es\/wp-json\/wp\/v2\/media?parent=318492"}],"wp:term":[{"taxonomy":"product_brand","embeddable":true,"href":"https:\/\/my.stlflix.com\/es\/wp-json\/wp\/v2\/product_brand?post=318492"},{"taxonomy":"product_cat","embeddable":true,"href":"https:\/\/my.stlflix.com\/es\/wp-json\/wp\/v2\/product_cat?post=318492"},{"taxonomy":"product_tag","embeddable":true,"href":"https:\/\/my.stlflix.com\/es\/wp-json\/wp\/v2\/product_tag?post=318492"}],"curies":[{"name":"wp","href":"https:\/\/api.w.org\/{rel}","templated":true}]}}