{"id":320911,"date":"2025-04-23T01:28:51","date_gmt":"2025-04-23T01:28:51","guid":{"rendered":"https:\/\/my.stlflix.com\/?post_type=product&#038;p=320911"},"modified":"2025-04-26T16:24:30","modified_gmt":"2025-04-26T16:24:30","slug":"stick-it-controller-grip-680841f49d801","status":"publish","type":"product","link":"https:\/\/my.stlflix.com\/es\/product\/stick-it-controller-grip-680841f49d801\/","title":{"rendered":"Grip de M\u00e3o Nintendo Switch &#8211; Edi\u00e7\u00e3o &#8220;Chew It&#8221;"},"content":{"rendered":"<p class=\"\" data-start=\"426\" data-end=\"736\">Transforme sua gameplay com o <strong data-start=\"456\" data-end=\"486\">Grip de M\u00e3o &#8220;Chew It&#8221;<\/strong>, parte da nossa cole\u00e7\u00e3o exclusiva desenvolvida para trazer conforto, estilo e autenticidade ao seu Nintendo Switch!<br data-start=\"602\" data-end=\"605\" \/>Inspirado em texturas org\u00e2nicas e din\u00e2micas, o design &#8220;Chew It&#8221; combina est\u00e9tica ousada com ergonomia pensada nos m\u00ednimos detalhes.<\/p>\n<p class=\"\" data-start=\"738\" data-end=\"1013\">Ideal para sess\u00f5es de jogo intensas, esse grip oferece uma pegada firme, confort\u00e1vel e segura, diminuindo a fadiga e melhorando a precis\u00e3o dos seus movimentos. Seu visual inovador, cheio de personalidade, \u00e9 perfeito para quem busca fugir do b\u00e1sico e destacar seu setup gamer!<\/p>\n<p class=\"\" data-start=\"1015\" data-end=\"1161\">Fabricado com materiais de alta qualidade e impress\u00e3o 3D de alt\u00edssima defini\u00e7\u00e3o, voc\u00ea ainda pode escolher a cor que mais combina com o seu estilo.<\/p>\n<p class=\"\" data-start=\"1163\" data-end=\"1295\">Combine este grip com outros itens da <strong data-start=\"1201\" data-end=\"1220\">Cole\u00e7\u00e3o Chew It<\/strong> e crie uma experi\u00eancia de jogo completa, personalizada e cheia de atitude!<\/p>\n<p><strong data-start=\"1306\" data-end=\"1329\">O que est\u00e1 incluso:<\/strong><\/p>\n<ul data-start=\"1332\" data-end=\"1392\">\n<li class=\"\" data-start=\"1332\" data-end=\"1392\">\n<p class=\"\" data-start=\"1334\" data-end=\"1392\">1x Grip de de M\u00e3o&#8221;Chew It&#8221; para Joy-Con Nintendo Switch<\/p>\n<\/li>\n<\/ul>\n","protected":false},"excerpt":{"rendered":"<p>Transforme sua gameplay com o Grip de M\u00e3o &#8220;Chew It&#8221;, parte da nossa cole\u00e7\u00e3o exclusiva desenvolvida para trazer conforto, estilo e autenticidade ao seu Nintendo Switch!Inspirado em texturas org\u00e2nicas e din\u00e2micas, o design &#8220;Chew It&#8221; combina est\u00e9tica ousada com ergonomia pensada nos m\u00ednimos detalhes. Ideal para sess\u00f5es de jogo intensas, esse grip oferece uma pegada [&hellip;]<\/p>\n","protected":false},"featured_media":323247,"comment_status":"open","ping_status":"closed","template":"","meta":[],"product_brand":[],"product_cat":[15],"product_tag":[5861],"class_list":{"0":"post-320911","1":"product","2":"type-product","3":"status-publish","4":"has-post-thumbnail","6":"product_cat-uncategorized","7":"product_tag-acessories-for-gamers","9":"first","10":"instock","11":"sale","12":"taxable","13":"shipping-taxable","14":"purchasable","15":"product-type-simple"},"yoast_head":"<!-- This site is optimized with the Yoast SEO plugin v25.1 - https:\/\/yoast.com\/wordpress\/plugins\/seo\/ -->\n<title>Grip de M\u00e3o Nintendo Switch - Edi\u00e7\u00e3o &quot;Chew It&quot;<\/title>\n<meta name=\"description\" content=\"Grip de M\u00e3o 3D para Nintendo Switch com design texturizado exclusivo\" \/>\n<meta name=\"robots\" content=\"index, follow, max-snippet:-1, max-image-preview:large, max-video-preview:-1\" \/>\n<link rel=\"canonical\" href=\"https:\/\/www.my3dstore-example.com\/product\/stick-it-controller-grip-680841f49d801\/\" \/>\n<meta property=\"og:locale\" content=\"es_ES\" \/>\n<meta property=\"og:type\" content=\"article\" \/>\n<meta property=\"og:title\" content=\"Grip de M\u00e3o Nintendo Switch - Edi\u00e7\u00e3o &quot;Chew It&quot;\" \/>\n<meta property=\"og:description\" content=\"Grip de M\u00e3o 3D para Nintendo Switch com design texturizado exclusivo\" \/>\n<meta property=\"og:url\" content=\"https:\/\/www.my3dstore-example.com\/product\/stick-it-controller-grip-680841f49d801\/\" \/>\n<meta property=\"og:site_name\" content=\"MyStore - By STLFLIX\" \/>\n<meta property=\"article:publisher\" content=\"https:\/\/www.facebook.com\/STLFLIX\" \/>\n<meta property=\"article:modified_time\" content=\"2025-04-26T16:24:30+00:00\" \/>\n<meta property=\"og:image\" content=\"https:\/\/www.my3dstore-example.com\/wp-content\/uploads\/2025\/04\/chew_it_300x300_borda.png\" \/>\n\t<meta property=\"og:image:width\" content=\"300\" \/>\n\t<meta property=\"og:image:height\" content=\"300\" \/>\n\t<meta property=\"og:image:type\" content=\"image\/png\" \/>\n<meta name=\"twitter:card\" content=\"summary_large_image\" \/>\n<meta name=\"twitter:label1\" content=\"Est. reading time\" \/>\n\t<meta name=\"twitter:data1\" content=\"1 minute\" \/>\n<script type=\"application\/ld+json\" class=\"yoast-schema-graph\">{\"@context\":\"https:\/\/schema.org\",\"@graph\":[{\"@type\":\"WebPage\",\"@id\":\"https:\/\/www.my3dstore-example.com\/product\/stick-it-controller-grip-680841f49d801\/\",\"url\":\"https:\/\/www.my3dstore-example.com\/product\/stick-it-controller-grip-680841f49d801\/\",\"name\":\"Grip de M\u00e3o Nintendo Switch - Edi\u00e7\u00e3o \\\"Chew It\\\"\",\"isPartOf\":{\"@id\":\"https:\/\/my.stlflix.com\/#website\"},\"primaryImageOfPage\":{\"@id\":\"https:\/\/www.my3dstore-example.com\/product\/stick-it-controller-grip-680841f49d801\/#primaryimage\"},\"image\":{\"@id\":\"https:\/\/www.my3dstore-example.com\/product\/stick-it-controller-grip-680841f49d801\/#primaryimage\"},\"thumbnailUrl\":\"https:\/\/my.stlflix.com\/wp-content\/uploads\/2025\/04\/chew_it_300x300_borda.png\",\"datePublished\":\"2025-04-23T01:28:51+00:00\",\"dateModified\":\"2025-04-26T16:24:30+00:00\",\"description\":\"Grip de M\u00e3o 3D para Nintendo Switch com design texturizado exclusivo\",\"breadcrumb\":{\"@id\":\"https:\/\/www.my3dstore-example.com\/product\/stick-it-controller-grip-680841f49d801\/#breadcrumb\"},\"inLanguage\":\"es-ES\",\"potentialAction\":[{\"@type\":\"ReadAction\",\"target\":[\"https:\/\/www.my3dstore-example.com\/product\/stick-it-controller-grip-680841f49d801\/\"]}]},{\"@type\":\"ImageObject\",\"inLanguage\":\"es-ES\",\"@id\":\"https:\/\/www.my3dstore-example.com\/product\/stick-it-controller-grip-680841f49d801\/#primaryimage\",\"url\":\"https:\/\/my.stlflix.com\/wp-content\/uploads\/2025\/04\/chew_it_300x300_borda.png\",\"contentUrl\":\"https:\/\/my.stlflix.com\/wp-content\/uploads\/2025\/04\/chew_it_300x300_borda.png\",\"width\":300,\"height\":300},{\"@type\":\"BreadcrumbList\",\"@id\":\"https:\/\/www.my3dstore-example.com\/product\/stick-it-controller-grip-680841f49d801\/#breadcrumb\",\"itemListElement\":[{\"@type\":\"ListItem\",\"position\":1,\"name\":\"Home\",\"item\":\"https:\/\/www.stlflix-store.com\/\"},{\"@type\":\"ListItem\",\"position\":2,\"name\":\"Products\",\"item\":\"https:\/\/www.stlflix-store.com\/shop\/\"},{\"@type\":\"ListItem\",\"position\":3,\"name\":\"Grip de M\u00e3o Nintendo Switch &#8211; Edi\u00e7\u00e3o &#8220;Chew It&#8221;\"}]},{\"@type\":\"WebSite\",\"@id\":\"https:\/\/my.stlflix.com\/#website\",\"url\":\"https:\/\/my.stlflix.com\/\",\"name\":\"MyStore - By STLFLIX\",\"description\":\"\",\"publisher\":{\"@id\":\"https:\/\/my.stlflix.com\/#organization\"},\"potentialAction\":[{\"@type\":\"SearchAction\",\"target\":{\"@type\":\"EntryPoint\",\"urlTemplate\":\"https:\/\/my.stlflix.com\/?s={search_term_string}\"},\"query-input\":{\"@type\":\"PropertyValueSpecification\",\"valueRequired\":true,\"valueName\":\"search_term_string\"}}],\"inLanguage\":\"es-ES\"},{\"@type\":\"Organization\",\"@id\":\"https:\/\/my.stlflix.com\/#organization\",\"name\":\"MyStore - By STLFLIX\",\"url\":\"https:\/\/my.stlflix.com\/\",\"logo\":{\"@type\":\"ImageObject\",\"inLanguage\":\"es-ES\",\"@id\":\"https:\/\/my.stlflix.com\/#\/schema\/logo\/image\/\",\"url\":\"https:\/\/my.stlflix.com\/wp-content\/uploads\/2024\/06\/logo-mystore.png\",\"contentUrl\":\"https:\/\/my.stlflix.com\/wp-content\/uploads\/2024\/06\/logo-mystore.png\",\"width\":150,\"height\":41,\"caption\":\"MyStore - By STLFLIX\"},\"image\":{\"@id\":\"https:\/\/my.stlflix.com\/#\/schema\/logo\/image\/\"},\"sameAs\":[\"https:\/\/www.facebook.com\/STLFLIX\",\"https:\/\/www.instagram.com\/stlflix_\/\",\"https:\/\/www.tiktok.com\/@stlflix\"]}]}<\/script>\n<!-- \/ Yoast SEO plugin. -->","yoast_head_json":{"title":"Grip de M\u00e3o Nintendo Switch - Edi\u00e7\u00e3o \"Chew It\"","description":"Grip de M\u00e3o 3D para Nintendo Switch com design texturizado exclusivo","robots":{"index":"index","follow":"follow","max-snippet":"max-snippet:-1","max-image-preview":"max-image-preview:large","max-video-preview":"max-video-preview:-1"},"canonical":"https:\/\/www.my3dstore-example.com\/product\/stick-it-controller-grip-680841f49d801\/","og_locale":"es_ES","og_type":"article","og_title":"Grip de M\u00e3o Nintendo Switch - Edi\u00e7\u00e3o \"Chew It\"","og_description":"Grip de M\u00e3o 3D para Nintendo Switch com design texturizado exclusivo","og_url":"https:\/\/www.my3dstore-example.com\/product\/stick-it-controller-grip-680841f49d801\/","og_site_name":"MyStore - By STLFLIX","article_publisher":"https:\/\/www.facebook.com\/STLFLIX","article_modified_time":"2025-04-26T16:24:30+00:00","og_image":[{"width":300,"height":300,"url":"https:\/\/www.my3dstore-example.com\/wp-content\/uploads\/2025\/04\/chew_it_300x300_borda.png","type":"image\/png"}],"twitter_card":"summary_large_image","twitter_misc":{"Est. reading time":"1 minute"},"schema":{"@context":"https:\/\/schema.org","@graph":[{"@type":"WebPage","@id":"https:\/\/www.my3dstore-example.com\/product\/stick-it-controller-grip-680841f49d801\/","url":"https:\/\/www.my3dstore-example.com\/product\/stick-it-controller-grip-680841f49d801\/","name":"Grip de M\u00e3o Nintendo Switch - Edi\u00e7\u00e3o \"Chew It\"","isPartOf":{"@id":"https:\/\/my.stlflix.com\/#website"},"primaryImageOfPage":{"@id":"https:\/\/www.my3dstore-example.com\/product\/stick-it-controller-grip-680841f49d801\/#primaryimage"},"image":{"@id":"https:\/\/www.my3dstore-example.com\/product\/stick-it-controller-grip-680841f49d801\/#primaryimage"},"thumbnailUrl":"https:\/\/my.stlflix.com\/wp-content\/uploads\/2025\/04\/chew_it_300x300_borda.png","datePublished":"2025-04-23T01:28:51+00:00","dateModified":"2025-04-26T16:24:30+00:00","description":"Grip de M\u00e3o 3D para Nintendo Switch com design texturizado exclusivo","breadcrumb":{"@id":"https:\/\/www.my3dstore-example.com\/product\/stick-it-controller-grip-680841f49d801\/#breadcrumb"},"inLanguage":"es-ES","potentialAction":[{"@type":"ReadAction","target":["https:\/\/www.my3dstore-example.com\/product\/stick-it-controller-grip-680841f49d801\/"]}]},{"@type":"ImageObject","inLanguage":"es-ES","@id":"https:\/\/www.my3dstore-example.com\/product\/stick-it-controller-grip-680841f49d801\/#primaryimage","url":"https:\/\/my.stlflix.com\/wp-content\/uploads\/2025\/04\/chew_it_300x300_borda.png","contentUrl":"https:\/\/my.stlflix.com\/wp-content\/uploads\/2025\/04\/chew_it_300x300_borda.png","width":300,"height":300},{"@type":"BreadcrumbList","@id":"https:\/\/www.my3dstore-example.com\/product\/stick-it-controller-grip-680841f49d801\/#breadcrumb","itemListElement":[{"@type":"ListItem","position":1,"name":"Home","item":"https:\/\/www.stlflix-store.com\/"},{"@type":"ListItem","position":2,"name":"Products","item":"https:\/\/www.stlflix-store.com\/shop\/"},{"@type":"ListItem","position":3,"name":"Grip de M\u00e3o Nintendo Switch &#8211; Edi\u00e7\u00e3o &#8220;Chew It&#8221;"}]},{"@type":"WebSite","@id":"https:\/\/my.stlflix.com\/#website","url":"https:\/\/my.stlflix.com\/","name":"MyStore - By STLFLIX","description":"","publisher":{"@id":"https:\/\/my.stlflix.com\/#organization"},"potentialAction":[{"@type":"SearchAction","target":{"@type":"EntryPoint","urlTemplate":"https:\/\/my.stlflix.com\/?s={search_term_string}"},"query-input":{"@type":"PropertyValueSpecification","valueRequired":true,"valueName":"search_term_string"}}],"inLanguage":"es-ES"},{"@type":"Organization","@id":"https:\/\/my.stlflix.com\/#organization","name":"MyStore - By STLFLIX","url":"https:\/\/my.stlflix.com\/","logo":{"@type":"ImageObject","inLanguage":"es-ES","@id":"https:\/\/my.stlflix.com\/#\/schema\/logo\/image\/","url":"https:\/\/my.stlflix.com\/wp-content\/uploads\/2024\/06\/logo-mystore.png","contentUrl":"https:\/\/my.stlflix.com\/wp-content\/uploads\/2024\/06\/logo-mystore.png","width":150,"height":41,"caption":"MyStore - By STLFLIX"},"image":{"@id":"https:\/\/my.stlflix.com\/#\/schema\/logo\/image\/"},"sameAs":["https:\/\/www.facebook.com\/STLFLIX","https:\/\/www.instagram.com\/stlflix_\/","https:\/\/www.tiktok.com\/@stlflix"]}]}},"_links":{"self":[{"href":"https:\/\/my.stlflix.com\/es\/wp-json\/wp\/v2\/product\/320911","targetHints":{"allow":["GET"]}}],"collection":[{"href":"https:\/\/my.stlflix.com\/es\/wp-json\/wp\/v2\/product"}],"about":[{"href":"https:\/\/my.stlflix.com\/es\/wp-json\/wp\/v2\/types\/product"}],"replies":[{"embeddable":true,"href":"https:\/\/my.stlflix.com\/es\/wp-json\/wp\/v2\/comments?post=320911"}],"wp:featuredmedia":[{"embeddable":true,"href":"https:\/\/my.stlflix.com\/es\/wp-json\/wp\/v2\/media\/323247"}],"wp:attachment":[{"href":"https:\/\/my.stlflix.com\/es\/wp-json\/wp\/v2\/media?parent=320911"}],"wp:term":[{"taxonomy":"product_brand","embeddable":true,"href":"https:\/\/my.stlflix.com\/es\/wp-json\/wp\/v2\/product_brand?post=320911"},{"taxonomy":"product_cat","embeddable":true,"href":"https:\/\/my.stlflix.com\/es\/wp-json\/wp\/v2\/product_cat?post=320911"},{"taxonomy":"product_tag","embeddable":true,"href":"https:\/\/my.stlflix.com\/es\/wp-json\/wp\/v2\/product_tag?post=320911"}],"curies":[{"name":"wp","href":"https:\/\/api.w.org\/{rel}","templated":true}]}}