{"id":328562,"date":"2025-08-06T11:38:30","date_gmt":"2025-08-06T11:38:30","guid":{"rendered":"https:\/\/my.stlflix.com\/?post_type=product&#038;p=328562"},"modified":"2025-08-21T12:14:19","modified_gmt":"2025-08-21T12:14:19","slug":"barn-bird-house-680f65d975f48","status":"publish","type":"product","link":"https:\/\/my.stlflix.com\/es\/product\/barn-bird-house-680f65d975f48\/","title":{"rendered":"Grange, cabane \u00e0 oiseau"},"content":{"rendered":"<p>La &#8220;Barn Bird House&#8221; est une charmante maisonnette pour oiseaux au design rustique et \u00e9l\u00e9gant. Avec ses couleurs douces et son entr\u00e9e turquoise, elle ajoute une touche de charme \u00e0 votre jardin. Parfaite pour les amoureux de la nature, elle offre un abri s\u00fbr aux oiseaux tout en d\u00e9corant votre espace ext\u00e9rieur.<\/p>\n<p>Le prix est en euro m\u00eame s&#8217;il est \u00e9crit en dollars.<\/p>\n","protected":false},"excerpt":{"rendered":"<p>La &#8220;Barn Bird House&#8221; est une charmante maisonnette pour oiseaux au design rustique et \u00e9l\u00e9gant. Avec ses couleurs douces et son entr\u00e9e turquoise, elle ajoute une touche de charme \u00e0 votre jardin. Parfaite pour les amoureux de la nature, elle offre un abri s\u00fbr aux oiseaux tout en d\u00e9corant votre espace ext\u00e9rieur. Le prix est [&hellip;]<\/p>\n","protected":false},"featured_media":188598,"comment_status":"open","ping_status":"closed","template":"","meta":[],"product_brand":[],"product_cat":[25],"product_tag":[6257],"class_list":{"0":"post-328562","1":"product","2":"type-product","3":"status-publish","4":"has-post-thumbnail","6":"product_cat-home-decor","7":"product_tag-animaux-2","9":"first","10":"instock","11":"taxable","12":"shipping-taxable","13":"purchasable","14":"product-type-simple"},"yoast_head":"<!-- This site is optimized with the Yoast SEO plugin v25.1 - https:\/\/yoast.com\/wordpress\/plugins\/seo\/ -->\n<title>Grange, cabane \u00e0 oiseau - MyStore - By STLFLIX<\/title>\n<meta name=\"robots\" content=\"index, follow, max-snippet:-1, max-image-preview:large, max-video-preview:-1\" \/>\n<link rel=\"canonical\" href=\"https:\/\/my.stlflix.com\/es\/product\/barn-bird-house-680f65d975f48\/\" \/>\n<meta property=\"og:locale\" content=\"es_ES\" \/>\n<meta property=\"og:type\" content=\"article\" \/>\n<meta property=\"og:title\" content=\"Grange, cabane \u00e0 oiseau - MyStore - By STLFLIX\" \/>\n<meta property=\"og:description\" content=\"La &#8220;Barn Bird House&#8221; est une charmante maisonnette pour oiseaux au design rustique et \u00e9l\u00e9gant. Avec ses couleurs douces et son entr\u00e9e turquoise, elle ajoute une touche de charme \u00e0 votre jardin. Parfaite pour les amoureux de la nature, elle offre un abri s\u00fbr aux oiseaux tout en d\u00e9corant votre espace ext\u00e9rieur. Le prix est [&hellip;]\" \/>\n<meta property=\"og:url\" content=\"https:\/\/my.stlflix.com\/es\/product\/barn-bird-house-680f65d975f48\/\" \/>\n<meta property=\"og:site_name\" content=\"MyStore - By STLFLIX\" \/>\n<meta property=\"article:publisher\" content=\"https:\/\/www.facebook.com\/STLFLIX\" \/>\n<meta property=\"article:modified_time\" content=\"2025-08-21T12:14:19+00:00\" \/>\n<meta property=\"og:image\" content=\"https:\/\/my.stlflix.com\/wp-content\/uploads\/2024\/12\/Barn_Bird_House_thumb_6029881b40.jpg\" \/>\n\t<meta property=\"og:image:width\" content=\"1080\" \/>\n\t<meta property=\"og:image:height\" content=\"1350\" \/>\n\t<meta property=\"og:image:type\" content=\"image\/jpeg\" \/>\n<meta name=\"twitter:card\" content=\"summary_large_image\" \/>\n<script type=\"application\/ld+json\" class=\"yoast-schema-graph\">{\"@context\":\"https:\/\/schema.org\",\"@graph\":[{\"@type\":\"WebPage\",\"@id\":\"https:\/\/my.stlflix.com\/es\/product\/barn-bird-house-680f65d975f48\/\",\"url\":\"https:\/\/my.stlflix.com\/es\/product\/barn-bird-house-680f65d975f48\/\",\"name\":\"Grange, cabane \u00e0 oiseau - MyStore - By STLFLIX\",\"isPartOf\":{\"@id\":\"https:\/\/my.stlflix.com\/#website\"},\"primaryImageOfPage\":{\"@id\":\"https:\/\/my.stlflix.com\/es\/product\/barn-bird-house-680f65d975f48\/#primaryimage\"},\"image\":{\"@id\":\"https:\/\/my.stlflix.com\/es\/product\/barn-bird-house-680f65d975f48\/#primaryimage\"},\"thumbnailUrl\":\"https:\/\/my.stlflix.com\/wp-content\/uploads\/2024\/12\/Barn_Bird_House_thumb_6029881b40.jpg\",\"datePublished\":\"2025-08-06T11:38:30+00:00\",\"dateModified\":\"2025-08-21T12:14:19+00:00\",\"breadcrumb\":{\"@id\":\"https:\/\/my.stlflix.com\/es\/product\/barn-bird-house-680f65d975f48\/#breadcrumb\"},\"inLanguage\":\"es-ES\",\"potentialAction\":[{\"@type\":\"ReadAction\",\"target\":[\"https:\/\/my.stlflix.com\/es\/product\/barn-bird-house-680f65d975f48\/\"]}]},{\"@type\":\"ImageObject\",\"inLanguage\":\"es-ES\",\"@id\":\"https:\/\/my.stlflix.com\/es\/product\/barn-bird-house-680f65d975f48\/#primaryimage\",\"url\":\"https:\/\/my.stlflix.com\/wp-content\/uploads\/2024\/12\/Barn_Bird_House_thumb_6029881b40.jpg\",\"contentUrl\":\"https:\/\/my.stlflix.com\/wp-content\/uploads\/2024\/12\/Barn_Bird_House_thumb_6029881b40.jpg\",\"width\":1080,\"height\":1350},{\"@type\":\"BreadcrumbList\",\"@id\":\"https:\/\/my.stlflix.com\/es\/product\/barn-bird-house-680f65d975f48\/#breadcrumb\",\"itemListElement\":[{\"@type\":\"ListItem\",\"position\":1,\"name\":\"Home\",\"item\":\"https:\/\/www.stlflix-store.com\/\"},{\"@type\":\"ListItem\",\"position\":2,\"name\":\"Products\",\"item\":\"https:\/\/www.stlflix-store.com\/shop\/\"},{\"@type\":\"ListItem\",\"position\":3,\"name\":\"Grange, cabane \u00e0 oiseau\"}]},{\"@type\":\"WebSite\",\"@id\":\"https:\/\/my.stlflix.com\/#website\",\"url\":\"https:\/\/my.stlflix.com\/\",\"name\":\"MyStore - By STLFLIX\",\"description\":\"\",\"publisher\":{\"@id\":\"https:\/\/my.stlflix.com\/#organization\"},\"potentialAction\":[{\"@type\":\"SearchAction\",\"target\":{\"@type\":\"EntryPoint\",\"urlTemplate\":\"https:\/\/my.stlflix.com\/?s={search_term_string}\"},\"query-input\":{\"@type\":\"PropertyValueSpecification\",\"valueRequired\":true,\"valueName\":\"search_term_string\"}}],\"inLanguage\":\"es-ES\"},{\"@type\":\"Organization\",\"@id\":\"https:\/\/my.stlflix.com\/#organization\",\"name\":\"MyStore - By STLFLIX\",\"url\":\"https:\/\/my.stlflix.com\/\",\"logo\":{\"@type\":\"ImageObject\",\"inLanguage\":\"es-ES\",\"@id\":\"https:\/\/my.stlflix.com\/#\/schema\/logo\/image\/\",\"url\":\"https:\/\/my.stlflix.com\/wp-content\/uploads\/2024\/06\/logo-mystore.png\",\"contentUrl\":\"https:\/\/my.stlflix.com\/wp-content\/uploads\/2024\/06\/logo-mystore.png\",\"width\":150,\"height\":41,\"caption\":\"MyStore - By STLFLIX\"},\"image\":{\"@id\":\"https:\/\/my.stlflix.com\/#\/schema\/logo\/image\/\"},\"sameAs\":[\"https:\/\/www.facebook.com\/STLFLIX\",\"https:\/\/www.instagram.com\/stlflix_\/\",\"https:\/\/www.tiktok.com\/@stlflix\"]}]}<\/script>\n<!-- \/ Yoast SEO plugin. -->","yoast_head_json":{"title":"Grange, cabane \u00e0 oiseau - MyStore - By STLFLIX","robots":{"index":"index","follow":"follow","max-snippet":"max-snippet:-1","max-image-preview":"max-image-preview:large","max-video-preview":"max-video-preview:-1"},"canonical":"https:\/\/my.stlflix.com\/es\/product\/barn-bird-house-680f65d975f48\/","og_locale":"es_ES","og_type":"article","og_title":"Grange, cabane \u00e0 oiseau - MyStore - By STLFLIX","og_description":"La &#8220;Barn Bird House&#8221; est une charmante maisonnette pour oiseaux au design rustique et \u00e9l\u00e9gant. Avec ses couleurs douces et son entr\u00e9e turquoise, elle ajoute une touche de charme \u00e0 votre jardin. Parfaite pour les amoureux de la nature, elle offre un abri s\u00fbr aux oiseaux tout en d\u00e9corant votre espace ext\u00e9rieur. Le prix est [&hellip;]","og_url":"https:\/\/my.stlflix.com\/es\/product\/barn-bird-house-680f65d975f48\/","og_site_name":"MyStore - By STLFLIX","article_publisher":"https:\/\/www.facebook.com\/STLFLIX","article_modified_time":"2025-08-21T12:14:19+00:00","og_image":[{"width":1080,"height":1350,"url":"https:\/\/my.stlflix.com\/wp-content\/uploads\/2024\/12\/Barn_Bird_House_thumb_6029881b40.jpg","type":"image\/jpeg"}],"twitter_card":"summary_large_image","schema":{"@context":"https:\/\/schema.org","@graph":[{"@type":"WebPage","@id":"https:\/\/my.stlflix.com\/es\/product\/barn-bird-house-680f65d975f48\/","url":"https:\/\/my.stlflix.com\/es\/product\/barn-bird-house-680f65d975f48\/","name":"Grange, cabane \u00e0 oiseau - MyStore - By STLFLIX","isPartOf":{"@id":"https:\/\/my.stlflix.com\/#website"},"primaryImageOfPage":{"@id":"https:\/\/my.stlflix.com\/es\/product\/barn-bird-house-680f65d975f48\/#primaryimage"},"image":{"@id":"https:\/\/my.stlflix.com\/es\/product\/barn-bird-house-680f65d975f48\/#primaryimage"},"thumbnailUrl":"https:\/\/my.stlflix.com\/wp-content\/uploads\/2024\/12\/Barn_Bird_House_thumb_6029881b40.jpg","datePublished":"2025-08-06T11:38:30+00:00","dateModified":"2025-08-21T12:14:19+00:00","breadcrumb":{"@id":"https:\/\/my.stlflix.com\/es\/product\/barn-bird-house-680f65d975f48\/#breadcrumb"},"inLanguage":"es-ES","potentialAction":[{"@type":"ReadAction","target":["https:\/\/my.stlflix.com\/es\/product\/barn-bird-house-680f65d975f48\/"]}]},{"@type":"ImageObject","inLanguage":"es-ES","@id":"https:\/\/my.stlflix.com\/es\/product\/barn-bird-house-680f65d975f48\/#primaryimage","url":"https:\/\/my.stlflix.com\/wp-content\/uploads\/2024\/12\/Barn_Bird_House_thumb_6029881b40.jpg","contentUrl":"https:\/\/my.stlflix.com\/wp-content\/uploads\/2024\/12\/Barn_Bird_House_thumb_6029881b40.jpg","width":1080,"height":1350},{"@type":"BreadcrumbList","@id":"https:\/\/my.stlflix.com\/es\/product\/barn-bird-house-680f65d975f48\/#breadcrumb","itemListElement":[{"@type":"ListItem","position":1,"name":"Home","item":"https:\/\/www.stlflix-store.com\/"},{"@type":"ListItem","position":2,"name":"Products","item":"https:\/\/www.stlflix-store.com\/shop\/"},{"@type":"ListItem","position":3,"name":"Grange, cabane \u00e0 oiseau"}]},{"@type":"WebSite","@id":"https:\/\/my.stlflix.com\/#website","url":"https:\/\/my.stlflix.com\/","name":"MyStore - By STLFLIX","description":"","publisher":{"@id":"https:\/\/my.stlflix.com\/#organization"},"potentialAction":[{"@type":"SearchAction","target":{"@type":"EntryPoint","urlTemplate":"https:\/\/my.stlflix.com\/?s={search_term_string}"},"query-input":{"@type":"PropertyValueSpecification","valueRequired":true,"valueName":"search_term_string"}}],"inLanguage":"es-ES"},{"@type":"Organization","@id":"https:\/\/my.stlflix.com\/#organization","name":"MyStore - By STLFLIX","url":"https:\/\/my.stlflix.com\/","logo":{"@type":"ImageObject","inLanguage":"es-ES","@id":"https:\/\/my.stlflix.com\/#\/schema\/logo\/image\/","url":"https:\/\/my.stlflix.com\/wp-content\/uploads\/2024\/06\/logo-mystore.png","contentUrl":"https:\/\/my.stlflix.com\/wp-content\/uploads\/2024\/06\/logo-mystore.png","width":150,"height":41,"caption":"MyStore - By STLFLIX"},"image":{"@id":"https:\/\/my.stlflix.com\/#\/schema\/logo\/image\/"},"sameAs":["https:\/\/www.facebook.com\/STLFLIX","https:\/\/www.instagram.com\/stlflix_\/","https:\/\/www.tiktok.com\/@stlflix"]}]}},"_links":{"self":[{"href":"https:\/\/my.stlflix.com\/es\/wp-json\/wp\/v2\/product\/328562","targetHints":{"allow":["GET"]}}],"collection":[{"href":"https:\/\/my.stlflix.com\/es\/wp-json\/wp\/v2\/product"}],"about":[{"href":"https:\/\/my.stlflix.com\/es\/wp-json\/wp\/v2\/types\/product"}],"replies":[{"embeddable":true,"href":"https:\/\/my.stlflix.com\/es\/wp-json\/wp\/v2\/comments?post=328562"}],"wp:featuredmedia":[{"embeddable":true,"href":"https:\/\/my.stlflix.com\/es\/wp-json\/wp\/v2\/media\/188598"}],"wp:attachment":[{"href":"https:\/\/my.stlflix.com\/es\/wp-json\/wp\/v2\/media?parent=328562"}],"wp:term":[{"taxonomy":"product_brand","embeddable":true,"href":"https:\/\/my.stlflix.com\/es\/wp-json\/wp\/v2\/product_brand?post=328562"},{"taxonomy":"product_cat","embeddable":true,"href":"https:\/\/my.stlflix.com\/es\/wp-json\/wp\/v2\/product_cat?post=328562"},{"taxonomy":"product_tag","embeddable":true,"href":"https:\/\/my.stlflix.com\/es\/wp-json\/wp\/v2\/product_tag?post=328562"}],"curies":[{"name":"wp","href":"https:\/\/api.w.org\/{rel}","templated":true}]}}