{"id":328564,"date":"2025-07-14T15:28:30","date_gmt":"2025-07-14T15:28:30","guid":{"rendered":"https:\/\/my.stlflix.com\/?post_type=product&#038;p=328564"},"modified":"2026-02-06T21:45:30","modified_gmt":"2026-02-06T21:45:30","slug":"fairytale-hut-bird-house-680f65e98bc53","status":"publish","type":"product","link":"https:\/\/my.stlflix.com\/es\/product\/fairytale-hut-bird-house-680f65e98bc53\/","title":{"rendered":"cabane \u00e0 oiseau dans un style f\u00e9\u00e9rique"},"content":{"rendered":"<p data-start=\"804\" data-end=\"927\"><strong data-start=\"804\" data-end=\"821\">Fairytale Hut<\/strong>\u00a0apporte une touche de magie \u00e0 votre ext\u00e9rieur pour le plaisir des oiseaux et des amoureux de la nature.<\/p>\n<p data-start=\"804\" data-end=\"927\">M\u00eame si le prix est \u00e9crit en dollars il est en euro.<\/p>\n","protected":false},"excerpt":{"rendered":"<p>Fairytale Hut\u00a0apporte une touche de magie \u00e0 votre ext\u00e9rieur pour le plaisir des oiseaux et des amoureux de la nature. M\u00eame si le prix est \u00e9crit en dollars il est en euro.<\/p>\n","protected":false},"featured_media":188654,"comment_status":"open","ping_status":"closed","template":"","meta":[],"product_brand":[],"product_cat":[25],"product_tag":[6257,671],"class_list":{"0":"post-328564","1":"product","2":"type-product","3":"status-publish","4":"has-post-thumbnail","6":"product_cat-home-decor","7":"product_tag-animaux-2","8":"product_tag-decoration-2","10":"first","11":"instock","12":"taxable","13":"shipping-taxable","14":"purchasable","15":"product-type-simple"},"yoast_head":"<!-- This site is optimized with the Yoast SEO plugin v25.1 - https:\/\/yoast.com\/wordpress\/plugins\/seo\/ -->\n<title>cabane \u00e0 oiseau dans un style f\u00e9\u00e9rique - MyStore - By STLFLIX<\/title>\n<meta name=\"robots\" content=\"index, follow, max-snippet:-1, max-image-preview:large, max-video-preview:-1\" \/>\n<link rel=\"canonical\" href=\"https:\/\/my.stlflix.com\/tr\/product\/fairytale-hut-bird-house-680f65e98bc53\/\" \/>\n<meta property=\"og:locale\" content=\"es_ES\" \/>\n<meta property=\"og:type\" content=\"article\" \/>\n<meta property=\"og:title\" content=\"cabane \u00e0 oiseau dans un style f\u00e9\u00e9rique - MyStore - By STLFLIX\" \/>\n<meta property=\"og:description\" content=\"Fairytale Hut\u00a0apporte une touche de magie \u00e0 votre ext\u00e9rieur pour le plaisir des oiseaux et des amoureux de la nature. M\u00eame si le prix est \u00e9crit en dollars il est en euro.\" \/>\n<meta property=\"og:url\" content=\"https:\/\/my.stlflix.com\/tr\/product\/fairytale-hut-bird-house-680f65e98bc53\/\" \/>\n<meta property=\"og:site_name\" content=\"MyStore - By STLFLIX\" \/>\n<meta property=\"article:publisher\" content=\"https:\/\/www.facebook.com\/STLFLIX\" \/>\n<meta property=\"article:modified_time\" content=\"2026-02-06T21:45:30+00:00\" \/>\n<meta property=\"og:image\" content=\"https:\/\/my.stlflix.com\/wp-content\/uploads\/2024\/12\/Fairytale_Hut_Bird_House_thumb_24337d1457.jpg\" \/>\n\t<meta property=\"og:image:width\" content=\"1080\" \/>\n\t<meta property=\"og:image:height\" content=\"1350\" \/>\n\t<meta property=\"og:image:type\" content=\"image\/jpeg\" \/>\n<meta name=\"twitter:card\" content=\"summary_large_image\" \/>\n<script type=\"application\/ld+json\" class=\"yoast-schema-graph\">{\"@context\":\"https:\/\/schema.org\",\"@graph\":[{\"@type\":\"WebPage\",\"@id\":\"https:\/\/my.stlflix.com\/tr\/product\/fairytale-hut-bird-house-680f65e98bc53\/\",\"url\":\"https:\/\/my.stlflix.com\/tr\/product\/fairytale-hut-bird-house-680f65e98bc53\/\",\"name\":\"cabane \u00e0 oiseau dans un style f\u00e9\u00e9rique - MyStore - By STLFLIX\",\"isPartOf\":{\"@id\":\"https:\/\/my.stlflix.com\/#website\"},\"primaryImageOfPage\":{\"@id\":\"https:\/\/my.stlflix.com\/tr\/product\/fairytale-hut-bird-house-680f65e98bc53\/#primaryimage\"},\"image\":{\"@id\":\"https:\/\/my.stlflix.com\/tr\/product\/fairytale-hut-bird-house-680f65e98bc53\/#primaryimage\"},\"thumbnailUrl\":\"https:\/\/my.stlflix.com\/wp-content\/uploads\/2024\/12\/Fairytale_Hut_Bird_House_thumb_24337d1457.jpg\",\"datePublished\":\"2025-07-14T15:28:30+00:00\",\"dateModified\":\"2026-02-06T21:45:30+00:00\",\"breadcrumb\":{\"@id\":\"https:\/\/my.stlflix.com\/tr\/product\/fairytale-hut-bird-house-680f65e98bc53\/#breadcrumb\"},\"inLanguage\":\"es-ES\",\"potentialAction\":[{\"@type\":\"ReadAction\",\"target\":[\"https:\/\/my.stlflix.com\/tr\/product\/fairytale-hut-bird-house-680f65e98bc53\/\"]}]},{\"@type\":\"ImageObject\",\"inLanguage\":\"es-ES\",\"@id\":\"https:\/\/my.stlflix.com\/tr\/product\/fairytale-hut-bird-house-680f65e98bc53\/#primaryimage\",\"url\":\"https:\/\/my.stlflix.com\/wp-content\/uploads\/2024\/12\/Fairytale_Hut_Bird_House_thumb_24337d1457.jpg\",\"contentUrl\":\"https:\/\/my.stlflix.com\/wp-content\/uploads\/2024\/12\/Fairytale_Hut_Bird_House_thumb_24337d1457.jpg\",\"width\":1080,\"height\":1350},{\"@type\":\"BreadcrumbList\",\"@id\":\"https:\/\/my.stlflix.com\/tr\/product\/fairytale-hut-bird-house-680f65e98bc53\/#breadcrumb\",\"itemListElement\":[{\"@type\":\"ListItem\",\"position\":1,\"name\":\"Home\",\"item\":\"https:\/\/www.stlflix-store.com\/\"},{\"@type\":\"ListItem\",\"position\":2,\"name\":\"Products\",\"item\":\"https:\/\/www.stlflix-store.com\/shop\/\"},{\"@type\":\"ListItem\",\"position\":3,\"name\":\"cabane \u00e0 oiseau dans un style f\u00e9\u00e9rique\"}]},{\"@type\":\"WebSite\",\"@id\":\"https:\/\/my.stlflix.com\/#website\",\"url\":\"https:\/\/my.stlflix.com\/\",\"name\":\"MyStore - By STLFLIX\",\"description\":\"\",\"publisher\":{\"@id\":\"https:\/\/my.stlflix.com\/#organization\"},\"potentialAction\":[{\"@type\":\"SearchAction\",\"target\":{\"@type\":\"EntryPoint\",\"urlTemplate\":\"https:\/\/my.stlflix.com\/?s={search_term_string}\"},\"query-input\":{\"@type\":\"PropertyValueSpecification\",\"valueRequired\":true,\"valueName\":\"search_term_string\"}}],\"inLanguage\":\"es-ES\"},{\"@type\":\"Organization\",\"@id\":\"https:\/\/my.stlflix.com\/#organization\",\"name\":\"MyStore - By STLFLIX\",\"url\":\"https:\/\/my.stlflix.com\/\",\"logo\":{\"@type\":\"ImageObject\",\"inLanguage\":\"es-ES\",\"@id\":\"https:\/\/my.stlflix.com\/#\/schema\/logo\/image\/\",\"url\":\"https:\/\/my.stlflix.com\/wp-content\/uploads\/2024\/06\/logo-mystore.png\",\"contentUrl\":\"https:\/\/my.stlflix.com\/wp-content\/uploads\/2024\/06\/logo-mystore.png\",\"width\":150,\"height\":41,\"caption\":\"MyStore - By STLFLIX\"},\"image\":{\"@id\":\"https:\/\/my.stlflix.com\/#\/schema\/logo\/image\/\"},\"sameAs\":[\"https:\/\/www.facebook.com\/STLFLIX\",\"https:\/\/www.instagram.com\/stlflix_\/\",\"https:\/\/www.tiktok.com\/@stlflix\"]}]}<\/script>\n<!-- \/ Yoast SEO plugin. -->","yoast_head_json":{"title":"cabane \u00e0 oiseau dans un style f\u00e9\u00e9rique - MyStore - By STLFLIX","robots":{"index":"index","follow":"follow","max-snippet":"max-snippet:-1","max-image-preview":"max-image-preview:large","max-video-preview":"max-video-preview:-1"},"canonical":"https:\/\/my.stlflix.com\/tr\/product\/fairytale-hut-bird-house-680f65e98bc53\/","og_locale":"es_ES","og_type":"article","og_title":"cabane \u00e0 oiseau dans un style f\u00e9\u00e9rique - MyStore - By STLFLIX","og_description":"Fairytale Hut\u00a0apporte une touche de magie \u00e0 votre ext\u00e9rieur pour le plaisir des oiseaux et des amoureux de la nature. M\u00eame si le prix est \u00e9crit en dollars il est en euro.","og_url":"https:\/\/my.stlflix.com\/tr\/product\/fairytale-hut-bird-house-680f65e98bc53\/","og_site_name":"MyStore - By STLFLIX","article_publisher":"https:\/\/www.facebook.com\/STLFLIX","article_modified_time":"2026-02-06T21:45:30+00:00","og_image":[{"width":1080,"height":1350,"url":"https:\/\/my.stlflix.com\/wp-content\/uploads\/2024\/12\/Fairytale_Hut_Bird_House_thumb_24337d1457.jpg","type":"image\/jpeg"}],"twitter_card":"summary_large_image","schema":{"@context":"https:\/\/schema.org","@graph":[{"@type":"WebPage","@id":"https:\/\/my.stlflix.com\/tr\/product\/fairytale-hut-bird-house-680f65e98bc53\/","url":"https:\/\/my.stlflix.com\/tr\/product\/fairytale-hut-bird-house-680f65e98bc53\/","name":"cabane \u00e0 oiseau dans un style f\u00e9\u00e9rique - MyStore - By STLFLIX","isPartOf":{"@id":"https:\/\/my.stlflix.com\/#website"},"primaryImageOfPage":{"@id":"https:\/\/my.stlflix.com\/tr\/product\/fairytale-hut-bird-house-680f65e98bc53\/#primaryimage"},"image":{"@id":"https:\/\/my.stlflix.com\/tr\/product\/fairytale-hut-bird-house-680f65e98bc53\/#primaryimage"},"thumbnailUrl":"https:\/\/my.stlflix.com\/wp-content\/uploads\/2024\/12\/Fairytale_Hut_Bird_House_thumb_24337d1457.jpg","datePublished":"2025-07-14T15:28:30+00:00","dateModified":"2026-02-06T21:45:30+00:00","breadcrumb":{"@id":"https:\/\/my.stlflix.com\/tr\/product\/fairytale-hut-bird-house-680f65e98bc53\/#breadcrumb"},"inLanguage":"es-ES","potentialAction":[{"@type":"ReadAction","target":["https:\/\/my.stlflix.com\/tr\/product\/fairytale-hut-bird-house-680f65e98bc53\/"]}]},{"@type":"ImageObject","inLanguage":"es-ES","@id":"https:\/\/my.stlflix.com\/tr\/product\/fairytale-hut-bird-house-680f65e98bc53\/#primaryimage","url":"https:\/\/my.stlflix.com\/wp-content\/uploads\/2024\/12\/Fairytale_Hut_Bird_House_thumb_24337d1457.jpg","contentUrl":"https:\/\/my.stlflix.com\/wp-content\/uploads\/2024\/12\/Fairytale_Hut_Bird_House_thumb_24337d1457.jpg","width":1080,"height":1350},{"@type":"BreadcrumbList","@id":"https:\/\/my.stlflix.com\/tr\/product\/fairytale-hut-bird-house-680f65e98bc53\/#breadcrumb","itemListElement":[{"@type":"ListItem","position":1,"name":"Home","item":"https:\/\/www.stlflix-store.com\/"},{"@type":"ListItem","position":2,"name":"Products","item":"https:\/\/www.stlflix-store.com\/shop\/"},{"@type":"ListItem","position":3,"name":"cabane \u00e0 oiseau dans un style f\u00e9\u00e9rique"}]},{"@type":"WebSite","@id":"https:\/\/my.stlflix.com\/#website","url":"https:\/\/my.stlflix.com\/","name":"MyStore - By STLFLIX","description":"","publisher":{"@id":"https:\/\/my.stlflix.com\/#organization"},"potentialAction":[{"@type":"SearchAction","target":{"@type":"EntryPoint","urlTemplate":"https:\/\/my.stlflix.com\/?s={search_term_string}"},"query-input":{"@type":"PropertyValueSpecification","valueRequired":true,"valueName":"search_term_string"}}],"inLanguage":"es-ES"},{"@type":"Organization","@id":"https:\/\/my.stlflix.com\/#organization","name":"MyStore - By STLFLIX","url":"https:\/\/my.stlflix.com\/","logo":{"@type":"ImageObject","inLanguage":"es-ES","@id":"https:\/\/my.stlflix.com\/#\/schema\/logo\/image\/","url":"https:\/\/my.stlflix.com\/wp-content\/uploads\/2024\/06\/logo-mystore.png","contentUrl":"https:\/\/my.stlflix.com\/wp-content\/uploads\/2024\/06\/logo-mystore.png","width":150,"height":41,"caption":"MyStore - By STLFLIX"},"image":{"@id":"https:\/\/my.stlflix.com\/#\/schema\/logo\/image\/"},"sameAs":["https:\/\/www.facebook.com\/STLFLIX","https:\/\/www.instagram.com\/stlflix_\/","https:\/\/www.tiktok.com\/@stlflix"]}]}},"_links":{"self":[{"href":"https:\/\/my.stlflix.com\/es\/wp-json\/wp\/v2\/product\/328564","targetHints":{"allow":["GET"]}}],"collection":[{"href":"https:\/\/my.stlflix.com\/es\/wp-json\/wp\/v2\/product"}],"about":[{"href":"https:\/\/my.stlflix.com\/es\/wp-json\/wp\/v2\/types\/product"}],"replies":[{"embeddable":true,"href":"https:\/\/my.stlflix.com\/es\/wp-json\/wp\/v2\/comments?post=328564"}],"wp:featuredmedia":[{"embeddable":true,"href":"https:\/\/my.stlflix.com\/es\/wp-json\/wp\/v2\/media\/188654"}],"wp:attachment":[{"href":"https:\/\/my.stlflix.com\/es\/wp-json\/wp\/v2\/media?parent=328564"}],"wp:term":[{"taxonomy":"product_brand","embeddable":true,"href":"https:\/\/my.stlflix.com\/es\/wp-json\/wp\/v2\/product_brand?post=328564"},{"taxonomy":"product_cat","embeddable":true,"href":"https:\/\/my.stlflix.com\/es\/wp-json\/wp\/v2\/product_cat?post=328564"},{"taxonomy":"product_tag","embeddable":true,"href":"https:\/\/my.stlflix.com\/es\/wp-json\/wp\/v2\/product_tag?post=328564"}],"curies":[{"name":"wp","href":"https:\/\/api.w.org\/{rel}","templated":true}]}}