{"id":333172,"date":"2025-04-29T02:22:53","date_gmt":"2025-04-29T02:22:53","guid":{"rendered":"https:\/\/my.stlflix.com\/?post_type=product&#038;p=333172"},"modified":"2025-04-29T07:05:18","modified_gmt":"2025-04-29T07:05:18","slug":"skeleton-hamster-6810372448585","status":"publish","type":"product","link":"https:\/\/my.stlflix.com\/es\/product\/skeleton-hamster-6810372448585\/","title":{"rendered":"Squelette Hamster \/ Skeleton Hamster"},"content":{"rendered":"<p class=\"\" data-start=\"85\" data-end=\"421\">Chez <strong data-start=\"107\" data-end=\"122\">Latinum Lux<\/strong>, nous nous engageons \u00e0 offrir des produits d&#8217;impression 3D d&#8217;une qualit\u00e9 exceptionnelle. C&#8217;est pourquoi nous utilisons exclusivement du filament <strong data-start=\"268\" data-end=\"285\">PLA Bambu Lab<\/strong> de haute qualit\u00e9. Ce choix garantit des impressions solides, pr\u00e9cises et durables, tout en respectant des standards \u00e9cologiques \u00e9lev\u00e9s.<\/p>\n<p class=\"\" data-start=\"423\" data-end=\"705\"><br data-start=\"436\" data-end=\"439\" \/>At <strong data-start=\"442\" data-end=\"457\">Latinum Lux<\/strong>, we are committed to delivering 3D printed products of exceptional quality. That&#8217;s why we exclusively use premium <strong data-start=\"572\" data-end=\"589\">Bambu Lab PLA<\/strong> filament. This choice ensures strong, precise, and durable prints, while also meeting high environmental standards.<\/p>\n","protected":false},"excerpt":{"rendered":"<p>Chez Latinum Lux, nous nous engageons \u00e0 offrir des produits d&#8217;impression 3D d&#8217;une qualit\u00e9 exceptionnelle. C&#8217;est pourquoi nous utilisons exclusivement du filament PLA Bambu Lab de haute qualit\u00e9. Ce choix garantit des impressions solides, pr\u00e9cises et durables, tout en respectant des standards \u00e9cologiques \u00e9lev\u00e9s. At Latinum Lux, we are committed to delivering 3D printed products [&hellip;]<\/p>\n","protected":false},"featured_media":317334,"comment_status":"open","ping_status":"closed","template":"","meta":[],"product_brand":[],"product_cat":[15],"product_tag":[5872],"class_list":{"0":"post-333172","1":"product","2":"type-product","3":"status-publish","4":"has-post-thumbnail","6":"product_cat-uncategorized","7":"product_tag-skeleton-animals","9":"first","10":"instock","11":"purchasable","12":"product-type-variable"},"yoast_head":"<!-- This site is optimized with the Yoast SEO plugin v25.1 - https:\/\/yoast.com\/wordpress\/plugins\/seo\/ -->\n<title>Squelette Hamster \/ Skeleton Hamster - MyStore - By STLFLIX<\/title>\n<meta name=\"robots\" content=\"index, follow, max-snippet:-1, max-image-preview:large, max-video-preview:-1\" \/>\n<link rel=\"canonical\" href=\"https:\/\/my.stlflix.com\/es\/product\/skeleton-hamster-6810372448585\/\" \/>\n<meta property=\"og:locale\" content=\"es_ES\" \/>\n<meta property=\"og:type\" content=\"article\" \/>\n<meta property=\"og:title\" content=\"Squelette Hamster \/ Skeleton Hamster - MyStore - By STLFLIX\" \/>\n<meta property=\"og:description\" content=\"Chez Latinum Lux, nous nous engageons \u00e0 offrir des produits d&#8217;impression 3D d&#8217;une qualit\u00e9 exceptionnelle. C&#8217;est pourquoi nous utilisons exclusivement du filament PLA Bambu Lab de haute qualit\u00e9. Ce choix garantit des impressions solides, pr\u00e9cises et durables, tout en respectant des standards \u00e9cologiques \u00e9lev\u00e9s. At Latinum Lux, we are committed to delivering 3D printed products [&hellip;]\" \/>\n<meta property=\"og:url\" content=\"https:\/\/my.stlflix.com\/es\/product\/skeleton-hamster-6810372448585\/\" \/>\n<meta property=\"og:site_name\" content=\"MyStore - By STLFLIX\" \/>\n<meta property=\"article:publisher\" content=\"https:\/\/www.facebook.com\/STLFLIX\" \/>\n<meta property=\"article:modified_time\" content=\"2025-04-29T07:05:18+00:00\" \/>\n<meta property=\"og:image\" content=\"https:\/\/my.stlflix.com\/wp-content\/uploads\/2025\/04\/Skeleton_Hamsterthumb_845389e291.png\" \/>\n\t<meta property=\"og:image:width\" content=\"1080\" \/>\n\t<meta property=\"og:image:height\" content=\"1350\" \/>\n\t<meta property=\"og:image:type\" content=\"image\/png\" \/>\n<meta name=\"twitter:card\" content=\"summary_large_image\" \/>\n<script type=\"application\/ld+json\" class=\"yoast-schema-graph\">{\"@context\":\"https:\/\/schema.org\",\"@graph\":[{\"@type\":\"WebPage\",\"@id\":\"https:\/\/my.stlflix.com\/es\/product\/skeleton-hamster-6810372448585\/\",\"url\":\"https:\/\/my.stlflix.com\/es\/product\/skeleton-hamster-6810372448585\/\",\"name\":\"Squelette Hamster \/ Skeleton Hamster - MyStore - By STLFLIX\",\"isPartOf\":{\"@id\":\"https:\/\/my.stlflix.com\/#website\"},\"primaryImageOfPage\":{\"@id\":\"https:\/\/my.stlflix.com\/es\/product\/skeleton-hamster-6810372448585\/#primaryimage\"},\"image\":{\"@id\":\"https:\/\/my.stlflix.com\/es\/product\/skeleton-hamster-6810372448585\/#primaryimage\"},\"thumbnailUrl\":\"https:\/\/my.stlflix.com\/wp-content\/uploads\/2025\/04\/Skeleton_Hamsterthumb_845389e291.png\",\"datePublished\":\"2025-04-29T02:22:53+00:00\",\"dateModified\":\"2025-04-29T07:05:18+00:00\",\"breadcrumb\":{\"@id\":\"https:\/\/my.stlflix.com\/es\/product\/skeleton-hamster-6810372448585\/#breadcrumb\"},\"inLanguage\":\"es-ES\",\"potentialAction\":[{\"@type\":\"ReadAction\",\"target\":[\"https:\/\/my.stlflix.com\/es\/product\/skeleton-hamster-6810372448585\/\"]}]},{\"@type\":\"ImageObject\",\"inLanguage\":\"es-ES\",\"@id\":\"https:\/\/my.stlflix.com\/es\/product\/skeleton-hamster-6810372448585\/#primaryimage\",\"url\":\"https:\/\/my.stlflix.com\/wp-content\/uploads\/2025\/04\/Skeleton_Hamsterthumb_845389e291.png\",\"contentUrl\":\"https:\/\/my.stlflix.com\/wp-content\/uploads\/2025\/04\/Skeleton_Hamsterthumb_845389e291.png\",\"width\":1080,\"height\":1350},{\"@type\":\"BreadcrumbList\",\"@id\":\"https:\/\/my.stlflix.com\/es\/product\/skeleton-hamster-6810372448585\/#breadcrumb\",\"itemListElement\":[{\"@type\":\"ListItem\",\"position\":1,\"name\":\"Home\",\"item\":\"https:\/\/www.stlflix-store.com\/\"},{\"@type\":\"ListItem\",\"position\":2,\"name\":\"Products\",\"item\":\"https:\/\/www.stlflix-store.com\/shop\/\"},{\"@type\":\"ListItem\",\"position\":3,\"name\":\"Squelette Hamster \/ Skeleton Hamster\"}]},{\"@type\":\"WebSite\",\"@id\":\"https:\/\/my.stlflix.com\/#website\",\"url\":\"https:\/\/my.stlflix.com\/\",\"name\":\"MyStore - By STLFLIX\",\"description\":\"\",\"publisher\":{\"@id\":\"https:\/\/my.stlflix.com\/#organization\"},\"potentialAction\":[{\"@type\":\"SearchAction\",\"target\":{\"@type\":\"EntryPoint\",\"urlTemplate\":\"https:\/\/my.stlflix.com\/?s={search_term_string}\"},\"query-input\":{\"@type\":\"PropertyValueSpecification\",\"valueRequired\":true,\"valueName\":\"search_term_string\"}}],\"inLanguage\":\"es-ES\"},{\"@type\":\"Organization\",\"@id\":\"https:\/\/my.stlflix.com\/#organization\",\"name\":\"MyStore - By STLFLIX\",\"url\":\"https:\/\/my.stlflix.com\/\",\"logo\":{\"@type\":\"ImageObject\",\"inLanguage\":\"es-ES\",\"@id\":\"https:\/\/my.stlflix.com\/#\/schema\/logo\/image\/\",\"url\":\"https:\/\/my.stlflix.com\/wp-content\/uploads\/2024\/06\/logo-mystore.png\",\"contentUrl\":\"https:\/\/my.stlflix.com\/wp-content\/uploads\/2024\/06\/logo-mystore.png\",\"width\":150,\"height\":41,\"caption\":\"MyStore - By STLFLIX\"},\"image\":{\"@id\":\"https:\/\/my.stlflix.com\/#\/schema\/logo\/image\/\"},\"sameAs\":[\"https:\/\/www.facebook.com\/STLFLIX\",\"https:\/\/www.instagram.com\/stlflix_\/\",\"https:\/\/www.tiktok.com\/@stlflix\"]}]}<\/script>\n<!-- \/ Yoast SEO plugin. -->","yoast_head_json":{"title":"Squelette Hamster \/ Skeleton Hamster - MyStore - By STLFLIX","robots":{"index":"index","follow":"follow","max-snippet":"max-snippet:-1","max-image-preview":"max-image-preview:large","max-video-preview":"max-video-preview:-1"},"canonical":"https:\/\/my.stlflix.com\/es\/product\/skeleton-hamster-6810372448585\/","og_locale":"es_ES","og_type":"article","og_title":"Squelette Hamster \/ Skeleton Hamster - MyStore - By STLFLIX","og_description":"Chez Latinum Lux, nous nous engageons \u00e0 offrir des produits d&#8217;impression 3D d&#8217;une qualit\u00e9 exceptionnelle. C&#8217;est pourquoi nous utilisons exclusivement du filament PLA Bambu Lab de haute qualit\u00e9. Ce choix garantit des impressions solides, pr\u00e9cises et durables, tout en respectant des standards \u00e9cologiques \u00e9lev\u00e9s. At Latinum Lux, we are committed to delivering 3D printed products [&hellip;]","og_url":"https:\/\/my.stlflix.com\/es\/product\/skeleton-hamster-6810372448585\/","og_site_name":"MyStore - By STLFLIX","article_publisher":"https:\/\/www.facebook.com\/STLFLIX","article_modified_time":"2025-04-29T07:05:18+00:00","og_image":[{"width":1080,"height":1350,"url":"https:\/\/my.stlflix.com\/wp-content\/uploads\/2025\/04\/Skeleton_Hamsterthumb_845389e291.png","type":"image\/png"}],"twitter_card":"summary_large_image","schema":{"@context":"https:\/\/schema.org","@graph":[{"@type":"WebPage","@id":"https:\/\/my.stlflix.com\/es\/product\/skeleton-hamster-6810372448585\/","url":"https:\/\/my.stlflix.com\/es\/product\/skeleton-hamster-6810372448585\/","name":"Squelette Hamster \/ Skeleton Hamster - MyStore - By STLFLIX","isPartOf":{"@id":"https:\/\/my.stlflix.com\/#website"},"primaryImageOfPage":{"@id":"https:\/\/my.stlflix.com\/es\/product\/skeleton-hamster-6810372448585\/#primaryimage"},"image":{"@id":"https:\/\/my.stlflix.com\/es\/product\/skeleton-hamster-6810372448585\/#primaryimage"},"thumbnailUrl":"https:\/\/my.stlflix.com\/wp-content\/uploads\/2025\/04\/Skeleton_Hamsterthumb_845389e291.png","datePublished":"2025-04-29T02:22:53+00:00","dateModified":"2025-04-29T07:05:18+00:00","breadcrumb":{"@id":"https:\/\/my.stlflix.com\/es\/product\/skeleton-hamster-6810372448585\/#breadcrumb"},"inLanguage":"es-ES","potentialAction":[{"@type":"ReadAction","target":["https:\/\/my.stlflix.com\/es\/product\/skeleton-hamster-6810372448585\/"]}]},{"@type":"ImageObject","inLanguage":"es-ES","@id":"https:\/\/my.stlflix.com\/es\/product\/skeleton-hamster-6810372448585\/#primaryimage","url":"https:\/\/my.stlflix.com\/wp-content\/uploads\/2025\/04\/Skeleton_Hamsterthumb_845389e291.png","contentUrl":"https:\/\/my.stlflix.com\/wp-content\/uploads\/2025\/04\/Skeleton_Hamsterthumb_845389e291.png","width":1080,"height":1350},{"@type":"BreadcrumbList","@id":"https:\/\/my.stlflix.com\/es\/product\/skeleton-hamster-6810372448585\/#breadcrumb","itemListElement":[{"@type":"ListItem","position":1,"name":"Home","item":"https:\/\/www.stlflix-store.com\/"},{"@type":"ListItem","position":2,"name":"Products","item":"https:\/\/www.stlflix-store.com\/shop\/"},{"@type":"ListItem","position":3,"name":"Squelette Hamster \/ Skeleton Hamster"}]},{"@type":"WebSite","@id":"https:\/\/my.stlflix.com\/#website","url":"https:\/\/my.stlflix.com\/","name":"MyStore - By STLFLIX","description":"","publisher":{"@id":"https:\/\/my.stlflix.com\/#organization"},"potentialAction":[{"@type":"SearchAction","target":{"@type":"EntryPoint","urlTemplate":"https:\/\/my.stlflix.com\/?s={search_term_string}"},"query-input":{"@type":"PropertyValueSpecification","valueRequired":true,"valueName":"search_term_string"}}],"inLanguage":"es-ES"},{"@type":"Organization","@id":"https:\/\/my.stlflix.com\/#organization","name":"MyStore - By STLFLIX","url":"https:\/\/my.stlflix.com\/","logo":{"@type":"ImageObject","inLanguage":"es-ES","@id":"https:\/\/my.stlflix.com\/#\/schema\/logo\/image\/","url":"https:\/\/my.stlflix.com\/wp-content\/uploads\/2024\/06\/logo-mystore.png","contentUrl":"https:\/\/my.stlflix.com\/wp-content\/uploads\/2024\/06\/logo-mystore.png","width":150,"height":41,"caption":"MyStore - By STLFLIX"},"image":{"@id":"https:\/\/my.stlflix.com\/#\/schema\/logo\/image\/"},"sameAs":["https:\/\/www.facebook.com\/STLFLIX","https:\/\/www.instagram.com\/stlflix_\/","https:\/\/www.tiktok.com\/@stlflix"]}]}},"_links":{"self":[{"href":"https:\/\/my.stlflix.com\/es\/wp-json\/wp\/v2\/product\/333172","targetHints":{"allow":["GET"]}}],"collection":[{"href":"https:\/\/my.stlflix.com\/es\/wp-json\/wp\/v2\/product"}],"about":[{"href":"https:\/\/my.stlflix.com\/es\/wp-json\/wp\/v2\/types\/product"}],"replies":[{"embeddable":true,"href":"https:\/\/my.stlflix.com\/es\/wp-json\/wp\/v2\/comments?post=333172"}],"wp:featuredmedia":[{"embeddable":true,"href":"https:\/\/my.stlflix.com\/es\/wp-json\/wp\/v2\/media\/317334"}],"wp:attachment":[{"href":"https:\/\/my.stlflix.com\/es\/wp-json\/wp\/v2\/media?parent=333172"}],"wp:term":[{"taxonomy":"product_brand","embeddable":true,"href":"https:\/\/my.stlflix.com\/es\/wp-json\/wp\/v2\/product_brand?post=333172"},{"taxonomy":"product_cat","embeddable":true,"href":"https:\/\/my.stlflix.com\/es\/wp-json\/wp\/v2\/product_cat?post=333172"},{"taxonomy":"product_tag","embeddable":true,"href":"https:\/\/my.stlflix.com\/es\/wp-json\/wp\/v2\/product_tag?post=333172"}],"curies":[{"name":"wp","href":"https:\/\/api.w.org\/{rel}","templated":true}]}}