{"id":334202,"date":"2025-04-29T08:41:12","date_gmt":"2025-04-29T08:41:12","guid":{"rendered":"https:\/\/my.stlflix.com\/?post_type=product&#038;p=334202"},"modified":"2025-04-29T08:41:13","modified_gmt":"2025-04-29T08:41:13","slug":"night-owl-wall-light-681065409c252","status":"publish","type":"product","link":"https:\/\/my.stlflix.com\/es\/product\/night-owl-wall-light-681065409c252\/","title":{"rendered":"Lumi\u00e8re de mur Hibou \/ Night Owl Wall Light"},"content":{"rendered":"<p class=\"\" data-start=\"178\" data-end=\"617\">Chez <strong data-start=\"200\" data-end=\"215\">Latinum Lux<\/strong>, nous privil\u00e9gions l&#8217;excellence \u00e0 chaque \u00e9tape de la cr\u00e9ation. Toutes nos impressions sont r\u00e9alis\u00e9es exclusivement avec du filament <strong data-start=\"348\" data-end=\"365\">PLA Bambu Lab<\/strong>, reconnu pour sa qualit\u00e9 sup\u00e9rieure. Ce choix garantit des pi\u00e8ces \u00e0 la finition soign\u00e9e, \u00e0 la fois robustes et respectueuses de l&#8217;environnement. Chaque produit que nous proposons refl\u00e8te notre exigence artisanale et notre engagement envers la qualit\u00e9.<\/p>\n<p class=\"\" data-start=\"619\" data-end=\"986\"><br data-start=\"632\" data-end=\"635\" \/>At <strong data-start=\"638\" data-end=\"653\">Latinum Lux<\/strong>, excellence guides every step of our craft. All our prints are made exclusively with premium <strong data-start=\"747\" data-end=\"764\">Bambu Lab PLA<\/strong> filament, known for its superior quality. This ensures finely finished, durable pieces that are also environmentally responsible. Every product we offer reflects our commitment to craftsmanship and uncompromising quality.<\/p>\n","protected":false},"excerpt":{"rendered":"<p>Chez Latinum Lux, nous privil\u00e9gions l&#8217;excellence \u00e0 chaque \u00e9tape de la cr\u00e9ation. Toutes nos impressions sont r\u00e9alis\u00e9es exclusivement avec du filament PLA Bambu Lab, reconnu pour sa qualit\u00e9 sup\u00e9rieure. Ce choix garantit des pi\u00e8ces \u00e0 la finition soign\u00e9e, \u00e0 la fois robustes et respectueuses de l&#8217;environnement. Chaque produit que nous proposons refl\u00e8te notre exigence artisanale [&hellip;]<\/p>\n","protected":false},"featured_media":4911,"comment_status":"open","ping_status":"closed","template":"","meta":[],"product_brand":[],"product_cat":[52],"product_tag":[2250,601],"class_list":{"0":"post-334202","1":"product","2":"type-product","3":"status-publish","4":"has-post-thumbnail","6":"product_cat-best-sellers","7":"product_tag-wall-lamps","8":"product_tag-wall-lighting","10":"first","11":"instock","12":"purchasable","13":"product-type-variable"},"yoast_head":"<!-- This site is optimized with the Yoast SEO plugin v25.1 - https:\/\/yoast.com\/wordpress\/plugins\/seo\/ -->\n<title>Lumi\u00e8re de mur Hibou \/ Night Owl Wall Light - MyStore - By STLFLIX<\/title>\n<meta name=\"robots\" content=\"index, follow, max-snippet:-1, max-image-preview:large, max-video-preview:-1\" \/>\n<link rel=\"canonical\" href=\"https:\/\/www.testeminhalojamandela.biz\/product\/night-owl-wall-light-681065409c252\/\" \/>\n<meta property=\"og:locale\" content=\"es_ES\" \/>\n<meta property=\"og:type\" content=\"article\" \/>\n<meta property=\"og:title\" content=\"Lumi\u00e8re de mur Hibou \/ Night Owl Wall Light - MyStore - By STLFLIX\" \/>\n<meta property=\"og:description\" content=\"Chez Latinum Lux, nous privil\u00e9gions l&#8217;excellence \u00e0 chaque \u00e9tape de la cr\u00e9ation. Toutes nos impressions sont r\u00e9alis\u00e9es exclusivement avec du filament PLA Bambu Lab, reconnu pour sa qualit\u00e9 sup\u00e9rieure. Ce choix garantit des pi\u00e8ces \u00e0 la finition soign\u00e9e, \u00e0 la fois robustes et respectueuses de l&#8217;environnement. Chaque produit que nous proposons refl\u00e8te notre exigence artisanale [&hellip;]\" \/>\n<meta property=\"og:url\" content=\"https:\/\/www.testeminhalojamandela.biz\/product\/night-owl-wall-light-681065409c252\/\" \/>\n<meta property=\"og:site_name\" content=\"MyStore - By STLFLIX\" \/>\n<meta property=\"article:publisher\" content=\"https:\/\/www.facebook.com\/STLFLIX\" \/>\n<meta property=\"article:modified_time\" content=\"2025-04-29T08:41:13+00:00\" \/>\n<meta property=\"og:image\" content=\"https:\/\/www.testeminhalojamandela.biz\/wp-content\/uploads\/2024\/03\/Night_Owl_Wall_L_Ight_thumb_8321d36b74.jpg\" \/>\n\t<meta property=\"og:image:width\" content=\"1080\" \/>\n\t<meta property=\"og:image:height\" content=\"1350\" \/>\n\t<meta property=\"og:image:type\" content=\"image\/jpeg\" \/>\n<meta name=\"twitter:card\" content=\"summary_large_image\" \/>\n<meta name=\"twitter:label1\" content=\"Est. reading time\" \/>\n\t<meta name=\"twitter:data1\" content=\"1 minute\" \/>\n<script type=\"application\/ld+json\" class=\"yoast-schema-graph\">{\"@context\":\"https:\/\/schema.org\",\"@graph\":[{\"@type\":\"WebPage\",\"@id\":\"https:\/\/www.testeminhalojamandela.biz\/product\/night-owl-wall-light-681065409c252\/\",\"url\":\"https:\/\/www.testeminhalojamandela.biz\/product\/night-owl-wall-light-681065409c252\/\",\"name\":\"Lumi\u00e8re de mur Hibou \/ Night Owl Wall Light - MyStore - By STLFLIX\",\"isPartOf\":{\"@id\":\"https:\/\/my.stlflix.com\/#website\"},\"primaryImageOfPage\":{\"@id\":\"https:\/\/www.testeminhalojamandela.biz\/product\/night-owl-wall-light-681065409c252\/#primaryimage\"},\"image\":{\"@id\":\"https:\/\/www.testeminhalojamandela.biz\/product\/night-owl-wall-light-681065409c252\/#primaryimage\"},\"thumbnailUrl\":\"https:\/\/my.stlflix.com\/wp-content\/uploads\/2024\/03\/Night_Owl_Wall_L_Ight_thumb_8321d36b74.jpg\",\"datePublished\":\"2025-04-29T08:41:12+00:00\",\"dateModified\":\"2025-04-29T08:41:13+00:00\",\"breadcrumb\":{\"@id\":\"https:\/\/www.testeminhalojamandela.biz\/product\/night-owl-wall-light-681065409c252\/#breadcrumb\"},\"inLanguage\":\"es-ES\",\"potentialAction\":[{\"@type\":\"ReadAction\",\"target\":[\"https:\/\/www.testeminhalojamandela.biz\/product\/night-owl-wall-light-681065409c252\/\"]}]},{\"@type\":\"ImageObject\",\"inLanguage\":\"es-ES\",\"@id\":\"https:\/\/www.testeminhalojamandela.biz\/product\/night-owl-wall-light-681065409c252\/#primaryimage\",\"url\":\"https:\/\/my.stlflix.com\/wp-content\/uploads\/2024\/03\/Night_Owl_Wall_L_Ight_thumb_8321d36b74.jpg\",\"contentUrl\":\"https:\/\/my.stlflix.com\/wp-content\/uploads\/2024\/03\/Night_Owl_Wall_L_Ight_thumb_8321d36b74.jpg\",\"width\":1080,\"height\":1350},{\"@type\":\"BreadcrumbList\",\"@id\":\"https:\/\/www.testeminhalojamandela.biz\/product\/night-owl-wall-light-681065409c252\/#breadcrumb\",\"itemListElement\":[{\"@type\":\"ListItem\",\"position\":1,\"name\":\"Home\",\"item\":\"https:\/\/www.stlflix-store.com\/\"},{\"@type\":\"ListItem\",\"position\":2,\"name\":\"Products\",\"item\":\"https:\/\/www.stlflix-store.com\/shop\/\"},{\"@type\":\"ListItem\",\"position\":3,\"name\":\"Lumi\u00e8re de mur Hibou \/ Night Owl Wall Light\"}]},{\"@type\":\"WebSite\",\"@id\":\"https:\/\/my.stlflix.com\/#website\",\"url\":\"https:\/\/my.stlflix.com\/\",\"name\":\"MyStore - By STLFLIX\",\"description\":\"\",\"publisher\":{\"@id\":\"https:\/\/my.stlflix.com\/#organization\"},\"potentialAction\":[{\"@type\":\"SearchAction\",\"target\":{\"@type\":\"EntryPoint\",\"urlTemplate\":\"https:\/\/my.stlflix.com\/?s={search_term_string}\"},\"query-input\":{\"@type\":\"PropertyValueSpecification\",\"valueRequired\":true,\"valueName\":\"search_term_string\"}}],\"inLanguage\":\"es-ES\"},{\"@type\":\"Organization\",\"@id\":\"https:\/\/my.stlflix.com\/#organization\",\"name\":\"MyStore - By STLFLIX\",\"url\":\"https:\/\/my.stlflix.com\/\",\"logo\":{\"@type\":\"ImageObject\",\"inLanguage\":\"es-ES\",\"@id\":\"https:\/\/my.stlflix.com\/#\/schema\/logo\/image\/\",\"url\":\"https:\/\/my.stlflix.com\/wp-content\/uploads\/2024\/06\/logo-mystore.png\",\"contentUrl\":\"https:\/\/my.stlflix.com\/wp-content\/uploads\/2024\/06\/logo-mystore.png\",\"width\":150,\"height\":41,\"caption\":\"MyStore - By STLFLIX\"},\"image\":{\"@id\":\"https:\/\/my.stlflix.com\/#\/schema\/logo\/image\/\"},\"sameAs\":[\"https:\/\/www.facebook.com\/STLFLIX\",\"https:\/\/www.instagram.com\/stlflix_\/\",\"https:\/\/www.tiktok.com\/@stlflix\"]}]}<\/script>\n<!-- \/ Yoast SEO plugin. -->","yoast_head_json":{"title":"Lumi\u00e8re de mur Hibou \/ Night Owl Wall Light - MyStore - By STLFLIX","robots":{"index":"index","follow":"follow","max-snippet":"max-snippet:-1","max-image-preview":"max-image-preview:large","max-video-preview":"max-video-preview:-1"},"canonical":"https:\/\/www.testeminhalojamandela.biz\/product\/night-owl-wall-light-681065409c252\/","og_locale":"es_ES","og_type":"article","og_title":"Lumi\u00e8re de mur Hibou \/ Night Owl Wall Light - MyStore - By STLFLIX","og_description":"Chez Latinum Lux, nous privil\u00e9gions l&#8217;excellence \u00e0 chaque \u00e9tape de la cr\u00e9ation. Toutes nos impressions sont r\u00e9alis\u00e9es exclusivement avec du filament PLA Bambu Lab, reconnu pour sa qualit\u00e9 sup\u00e9rieure. Ce choix garantit des pi\u00e8ces \u00e0 la finition soign\u00e9e, \u00e0 la fois robustes et respectueuses de l&#8217;environnement. Chaque produit que nous proposons refl\u00e8te notre exigence artisanale [&hellip;]","og_url":"https:\/\/www.testeminhalojamandela.biz\/product\/night-owl-wall-light-681065409c252\/","og_site_name":"MyStore - By STLFLIX","article_publisher":"https:\/\/www.facebook.com\/STLFLIX","article_modified_time":"2025-04-29T08:41:13+00:00","og_image":[{"width":1080,"height":1350,"url":"https:\/\/www.testeminhalojamandela.biz\/wp-content\/uploads\/2024\/03\/Night_Owl_Wall_L_Ight_thumb_8321d36b74.jpg","type":"image\/jpeg"}],"twitter_card":"summary_large_image","twitter_misc":{"Est. reading time":"1 minute"},"schema":{"@context":"https:\/\/schema.org","@graph":[{"@type":"WebPage","@id":"https:\/\/www.testeminhalojamandela.biz\/product\/night-owl-wall-light-681065409c252\/","url":"https:\/\/www.testeminhalojamandela.biz\/product\/night-owl-wall-light-681065409c252\/","name":"Lumi\u00e8re de mur Hibou \/ Night Owl Wall Light - MyStore - By STLFLIX","isPartOf":{"@id":"https:\/\/my.stlflix.com\/#website"},"primaryImageOfPage":{"@id":"https:\/\/www.testeminhalojamandela.biz\/product\/night-owl-wall-light-681065409c252\/#primaryimage"},"image":{"@id":"https:\/\/www.testeminhalojamandela.biz\/product\/night-owl-wall-light-681065409c252\/#primaryimage"},"thumbnailUrl":"https:\/\/my.stlflix.com\/wp-content\/uploads\/2024\/03\/Night_Owl_Wall_L_Ight_thumb_8321d36b74.jpg","datePublished":"2025-04-29T08:41:12+00:00","dateModified":"2025-04-29T08:41:13+00:00","breadcrumb":{"@id":"https:\/\/www.testeminhalojamandela.biz\/product\/night-owl-wall-light-681065409c252\/#breadcrumb"},"inLanguage":"es-ES","potentialAction":[{"@type":"ReadAction","target":["https:\/\/www.testeminhalojamandela.biz\/product\/night-owl-wall-light-681065409c252\/"]}]},{"@type":"ImageObject","inLanguage":"es-ES","@id":"https:\/\/www.testeminhalojamandela.biz\/product\/night-owl-wall-light-681065409c252\/#primaryimage","url":"https:\/\/my.stlflix.com\/wp-content\/uploads\/2024\/03\/Night_Owl_Wall_L_Ight_thumb_8321d36b74.jpg","contentUrl":"https:\/\/my.stlflix.com\/wp-content\/uploads\/2024\/03\/Night_Owl_Wall_L_Ight_thumb_8321d36b74.jpg","width":1080,"height":1350},{"@type":"BreadcrumbList","@id":"https:\/\/www.testeminhalojamandela.biz\/product\/night-owl-wall-light-681065409c252\/#breadcrumb","itemListElement":[{"@type":"ListItem","position":1,"name":"Home","item":"https:\/\/www.stlflix-store.com\/"},{"@type":"ListItem","position":2,"name":"Products","item":"https:\/\/www.stlflix-store.com\/shop\/"},{"@type":"ListItem","position":3,"name":"Lumi\u00e8re de mur Hibou \/ Night Owl Wall Light"}]},{"@type":"WebSite","@id":"https:\/\/my.stlflix.com\/#website","url":"https:\/\/my.stlflix.com\/","name":"MyStore - By STLFLIX","description":"","publisher":{"@id":"https:\/\/my.stlflix.com\/#organization"},"potentialAction":[{"@type":"SearchAction","target":{"@type":"EntryPoint","urlTemplate":"https:\/\/my.stlflix.com\/?s={search_term_string}"},"query-input":{"@type":"PropertyValueSpecification","valueRequired":true,"valueName":"search_term_string"}}],"inLanguage":"es-ES"},{"@type":"Organization","@id":"https:\/\/my.stlflix.com\/#organization","name":"MyStore - By STLFLIX","url":"https:\/\/my.stlflix.com\/","logo":{"@type":"ImageObject","inLanguage":"es-ES","@id":"https:\/\/my.stlflix.com\/#\/schema\/logo\/image\/","url":"https:\/\/my.stlflix.com\/wp-content\/uploads\/2024\/06\/logo-mystore.png","contentUrl":"https:\/\/my.stlflix.com\/wp-content\/uploads\/2024\/06\/logo-mystore.png","width":150,"height":41,"caption":"MyStore - By STLFLIX"},"image":{"@id":"https:\/\/my.stlflix.com\/#\/schema\/logo\/image\/"},"sameAs":["https:\/\/www.facebook.com\/STLFLIX","https:\/\/www.instagram.com\/stlflix_\/","https:\/\/www.tiktok.com\/@stlflix"]}]}},"_links":{"self":[{"href":"https:\/\/my.stlflix.com\/es\/wp-json\/wp\/v2\/product\/334202","targetHints":{"allow":["GET"]}}],"collection":[{"href":"https:\/\/my.stlflix.com\/es\/wp-json\/wp\/v2\/product"}],"about":[{"href":"https:\/\/my.stlflix.com\/es\/wp-json\/wp\/v2\/types\/product"}],"replies":[{"embeddable":true,"href":"https:\/\/my.stlflix.com\/es\/wp-json\/wp\/v2\/comments?post=334202"}],"wp:featuredmedia":[{"embeddable":true,"href":"https:\/\/my.stlflix.com\/es\/wp-json\/wp\/v2\/media\/4911"}],"wp:attachment":[{"href":"https:\/\/my.stlflix.com\/es\/wp-json\/wp\/v2\/media?parent=334202"}],"wp:term":[{"taxonomy":"product_brand","embeddable":true,"href":"https:\/\/my.stlflix.com\/es\/wp-json\/wp\/v2\/product_brand?post=334202"},{"taxonomy":"product_cat","embeddable":true,"href":"https:\/\/my.stlflix.com\/es\/wp-json\/wp\/v2\/product_cat?post=334202"},{"taxonomy":"product_tag","embeddable":true,"href":"https:\/\/my.stlflix.com\/es\/wp-json\/wp\/v2\/product_tag?post=334202"}],"curies":[{"name":"wp","href":"https:\/\/api.w.org\/{rel}","templated":true}]}}