{"id":334843,"date":"2025-04-29T19:04:00","date_gmt":"2025-04-29T19:04:00","guid":{"rendered":"https:\/\/my.stlflix.com\/?post_type=product&#038;p=334843"},"modified":"2025-04-29T19:05:44","modified_gmt":"2025-04-29T19:05:44","slug":"n3d-pokeball-0149-dragonite","status":"publish","type":"product","link":"https:\/\/my.stlflix.com\/es\/product\/n3d-pokeball-0149-dragonite\/","title":{"rendered":"N3D Pok\u00e9ball &#8211; 0149 Dragonite"},"content":{"rendered":"<p data-start=\"178\" data-end=\"617\">License Commercial N3D Active.<\/p>\n<p class=\"\" data-start=\"178\" data-end=\"617\">Chez <strong data-start=\"200\" data-end=\"215\">Latinum Lux<\/strong>, nous privil\u00e9gions l&#8217;excellence \u00e0 chaque \u00e9tape de la cr\u00e9ation. Toutes nos impressions sont r\u00e9alis\u00e9es exclusivement avec du filament <strong data-start=\"348\" data-end=\"365\">PLA Bambu Lab<\/strong>, reconnu pour sa qualit\u00e9 sup\u00e9rieure. Ce choix garantit des pi\u00e8ces \u00e0 la finition soign\u00e9e, \u00e0 la fois robustes et respectueuses de l&#8217;environnement. Chaque produit que nous proposons refl\u00e8te notre exigence artisanale et notre engagement envers la qualit\u00e9.<\/p>\n<p class=\"\" data-start=\"178\" data-end=\"617\">At <strong data-start=\"638\" data-end=\"653\">Latinum Lux<\/strong>, excellence guides every step of our craft. All our prints are made exclusively with premium <strong data-start=\"747\" data-end=\"764\">Bambu Lab PLA<\/strong> filament, known for its superior quality. This ensures finely finished, durable pieces that are also environmentally responsible. Every product we offer reflects our commitment to craftsmanship and uncompromising quality.<\/p>\n","protected":false},"excerpt":{"rendered":"<p>License Commercial N3D Active. Chez Latinum Lux, nous privil\u00e9gions l&#8217;excellence \u00e0 chaque \u00e9tape de la cr\u00e9ation. Toutes nos impressions sont r\u00e9alis\u00e9es exclusivement avec du filament PLA Bambu Lab, reconnu pour sa qualit\u00e9 sup\u00e9rieure. Ce choix garantit des pi\u00e8ces \u00e0 la finition soign\u00e9e, \u00e0 la fois robustes et respectueuses de l&#8217;environnement. Chaque produit que nous proposons [&hellip;]<\/p>\n","protected":false},"featured_media":334844,"comment_status":"open","ping_status":"closed","template":"","meta":[],"product_brand":[],"product_cat":[15],"product_tag":[5878],"class_list":{"0":"post-334843","1":"product","2":"type-product","3":"status-publish","4":"has-post-thumbnail","6":"product_cat-uncategorized","7":"product_tag-pokeball-2","9":"first","10":"instock","11":"purchasable","12":"product-type-simple"},"yoast_head":"<!-- This site is optimized with the Yoast SEO plugin v25.1 - https:\/\/yoast.com\/wordpress\/plugins\/seo\/ -->\n<title>N3D Pok\u00e9ball - 0149 Dragonite - MyStore - By STLFLIX<\/title>\n<meta name=\"robots\" content=\"index, follow, max-snippet:-1, max-image-preview:large, max-video-preview:-1\" \/>\n<link rel=\"canonical\" href=\"https:\/\/www.testeminhalojamandela.biz\/product\/n3d-pokeball-0149-dragonite\/\" \/>\n<meta property=\"og:locale\" content=\"es_ES\" \/>\n<meta property=\"og:type\" content=\"article\" \/>\n<meta property=\"og:title\" content=\"N3D Pok\u00e9ball - 0149 Dragonite - MyStore - By STLFLIX\" \/>\n<meta property=\"og:description\" content=\"License Commercial N3D Active. Chez Latinum Lux, nous privil\u00e9gions l&#8217;excellence \u00e0 chaque \u00e9tape de la cr\u00e9ation. Toutes nos impressions sont r\u00e9alis\u00e9es exclusivement avec du filament PLA Bambu Lab, reconnu pour sa qualit\u00e9 sup\u00e9rieure. Ce choix garantit des pi\u00e8ces \u00e0 la finition soign\u00e9e, \u00e0 la fois robustes et respectueuses de l&#8217;environnement. Chaque produit que nous proposons [&hellip;]\" \/>\n<meta property=\"og:url\" content=\"https:\/\/www.testeminhalojamandela.biz\/product\/n3d-pokeball-0149-dragonite\/\" \/>\n<meta property=\"og:site_name\" content=\"MyStore - By STLFLIX\" \/>\n<meta property=\"article:publisher\" content=\"https:\/\/www.facebook.com\/STLFLIX\" \/>\n<meta property=\"article:modified_time\" content=\"2025-04-29T19:05:44+00:00\" \/>\n<meta property=\"og:image\" content=\"https:\/\/www.testeminhalojamandela.biz\/wp-content\/uploads\/2025\/04\/1-9.png\" \/>\n\t<meta property=\"og:image:width\" content=\"1200\" \/>\n\t<meta property=\"og:image:height\" content=\"900\" \/>\n\t<meta property=\"og:image:type\" content=\"image\/png\" \/>\n<meta name=\"twitter:card\" content=\"summary_large_image\" \/>\n<meta name=\"twitter:label1\" content=\"Est. reading time\" \/>\n\t<meta name=\"twitter:data1\" content=\"1 minute\" \/>\n<script type=\"application\/ld+json\" class=\"yoast-schema-graph\">{\"@context\":\"https:\/\/schema.org\",\"@graph\":[{\"@type\":\"WebPage\",\"@id\":\"https:\/\/www.testeminhalojamandela.biz\/product\/n3d-pokeball-0149-dragonite\/\",\"url\":\"https:\/\/www.testeminhalojamandela.biz\/product\/n3d-pokeball-0149-dragonite\/\",\"name\":\"N3D Pok\u00e9ball - 0149 Dragonite - MyStore - By STLFLIX\",\"isPartOf\":{\"@id\":\"https:\/\/my.stlflix.com\/#website\"},\"primaryImageOfPage\":{\"@id\":\"https:\/\/www.testeminhalojamandela.biz\/product\/n3d-pokeball-0149-dragonite\/#primaryimage\"},\"image\":{\"@id\":\"https:\/\/www.testeminhalojamandela.biz\/product\/n3d-pokeball-0149-dragonite\/#primaryimage\"},\"thumbnailUrl\":\"https:\/\/my.stlflix.com\/wp-content\/uploads\/2025\/04\/1-9.png\",\"datePublished\":\"2025-04-29T19:04:00+00:00\",\"dateModified\":\"2025-04-29T19:05:44+00:00\",\"breadcrumb\":{\"@id\":\"https:\/\/www.testeminhalojamandela.biz\/product\/n3d-pokeball-0149-dragonite\/#breadcrumb\"},\"inLanguage\":\"es-ES\",\"potentialAction\":[{\"@type\":\"ReadAction\",\"target\":[\"https:\/\/www.testeminhalojamandela.biz\/product\/n3d-pokeball-0149-dragonite\/\"]}]},{\"@type\":\"ImageObject\",\"inLanguage\":\"es-ES\",\"@id\":\"https:\/\/www.testeminhalojamandela.biz\/product\/n3d-pokeball-0149-dragonite\/#primaryimage\",\"url\":\"https:\/\/my.stlflix.com\/wp-content\/uploads\/2025\/04\/1-9.png\",\"contentUrl\":\"https:\/\/my.stlflix.com\/wp-content\/uploads\/2025\/04\/1-9.png\",\"width\":1200,\"height\":900},{\"@type\":\"BreadcrumbList\",\"@id\":\"https:\/\/www.testeminhalojamandela.biz\/product\/n3d-pokeball-0149-dragonite\/#breadcrumb\",\"itemListElement\":[{\"@type\":\"ListItem\",\"position\":1,\"name\":\"Home\",\"item\":\"https:\/\/www.stlflix-store.com\/\"},{\"@type\":\"ListItem\",\"position\":2,\"name\":\"Products\",\"item\":\"https:\/\/www.stlflix-store.com\/shop\/\"},{\"@type\":\"ListItem\",\"position\":3,\"name\":\"N3D Pok\u00e9ball &#8211; 0149 Dragonite\"}]},{\"@type\":\"WebSite\",\"@id\":\"https:\/\/my.stlflix.com\/#website\",\"url\":\"https:\/\/my.stlflix.com\/\",\"name\":\"MyStore - By STLFLIX\",\"description\":\"\",\"publisher\":{\"@id\":\"https:\/\/my.stlflix.com\/#organization\"},\"potentialAction\":[{\"@type\":\"SearchAction\",\"target\":{\"@type\":\"EntryPoint\",\"urlTemplate\":\"https:\/\/my.stlflix.com\/?s={search_term_string}\"},\"query-input\":{\"@type\":\"PropertyValueSpecification\",\"valueRequired\":true,\"valueName\":\"search_term_string\"}}],\"inLanguage\":\"es-ES\"},{\"@type\":\"Organization\",\"@id\":\"https:\/\/my.stlflix.com\/#organization\",\"name\":\"MyStore - By STLFLIX\",\"url\":\"https:\/\/my.stlflix.com\/\",\"logo\":{\"@type\":\"ImageObject\",\"inLanguage\":\"es-ES\",\"@id\":\"https:\/\/my.stlflix.com\/#\/schema\/logo\/image\/\",\"url\":\"https:\/\/my.stlflix.com\/wp-content\/uploads\/2024\/06\/logo-mystore.png\",\"contentUrl\":\"https:\/\/my.stlflix.com\/wp-content\/uploads\/2024\/06\/logo-mystore.png\",\"width\":150,\"height\":41,\"caption\":\"MyStore - By STLFLIX\"},\"image\":{\"@id\":\"https:\/\/my.stlflix.com\/#\/schema\/logo\/image\/\"},\"sameAs\":[\"https:\/\/www.facebook.com\/STLFLIX\",\"https:\/\/www.instagram.com\/stlflix_\/\",\"https:\/\/www.tiktok.com\/@stlflix\"]}]}<\/script>\n<!-- \/ Yoast SEO plugin. -->","yoast_head_json":{"title":"N3D Pok\u00e9ball - 0149 Dragonite - MyStore - By STLFLIX","robots":{"index":"index","follow":"follow","max-snippet":"max-snippet:-1","max-image-preview":"max-image-preview:large","max-video-preview":"max-video-preview:-1"},"canonical":"https:\/\/www.testeminhalojamandela.biz\/product\/n3d-pokeball-0149-dragonite\/","og_locale":"es_ES","og_type":"article","og_title":"N3D Pok\u00e9ball - 0149 Dragonite - MyStore - By STLFLIX","og_description":"License Commercial N3D Active. Chez Latinum Lux, nous privil\u00e9gions l&#8217;excellence \u00e0 chaque \u00e9tape de la cr\u00e9ation. Toutes nos impressions sont r\u00e9alis\u00e9es exclusivement avec du filament PLA Bambu Lab, reconnu pour sa qualit\u00e9 sup\u00e9rieure. Ce choix garantit des pi\u00e8ces \u00e0 la finition soign\u00e9e, \u00e0 la fois robustes et respectueuses de l&#8217;environnement. Chaque produit que nous proposons [&hellip;]","og_url":"https:\/\/www.testeminhalojamandela.biz\/product\/n3d-pokeball-0149-dragonite\/","og_site_name":"MyStore - By STLFLIX","article_publisher":"https:\/\/www.facebook.com\/STLFLIX","article_modified_time":"2025-04-29T19:05:44+00:00","og_image":[{"width":1200,"height":900,"url":"https:\/\/www.testeminhalojamandela.biz\/wp-content\/uploads\/2025\/04\/1-9.png","type":"image\/png"}],"twitter_card":"summary_large_image","twitter_misc":{"Est. reading time":"1 minute"},"schema":{"@context":"https:\/\/schema.org","@graph":[{"@type":"WebPage","@id":"https:\/\/www.testeminhalojamandela.biz\/product\/n3d-pokeball-0149-dragonite\/","url":"https:\/\/www.testeminhalojamandela.biz\/product\/n3d-pokeball-0149-dragonite\/","name":"N3D Pok\u00e9ball - 0149 Dragonite - MyStore - By STLFLIX","isPartOf":{"@id":"https:\/\/my.stlflix.com\/#website"},"primaryImageOfPage":{"@id":"https:\/\/www.testeminhalojamandela.biz\/product\/n3d-pokeball-0149-dragonite\/#primaryimage"},"image":{"@id":"https:\/\/www.testeminhalojamandela.biz\/product\/n3d-pokeball-0149-dragonite\/#primaryimage"},"thumbnailUrl":"https:\/\/my.stlflix.com\/wp-content\/uploads\/2025\/04\/1-9.png","datePublished":"2025-04-29T19:04:00+00:00","dateModified":"2025-04-29T19:05:44+00:00","breadcrumb":{"@id":"https:\/\/www.testeminhalojamandela.biz\/product\/n3d-pokeball-0149-dragonite\/#breadcrumb"},"inLanguage":"es-ES","potentialAction":[{"@type":"ReadAction","target":["https:\/\/www.testeminhalojamandela.biz\/product\/n3d-pokeball-0149-dragonite\/"]}]},{"@type":"ImageObject","inLanguage":"es-ES","@id":"https:\/\/www.testeminhalojamandela.biz\/product\/n3d-pokeball-0149-dragonite\/#primaryimage","url":"https:\/\/my.stlflix.com\/wp-content\/uploads\/2025\/04\/1-9.png","contentUrl":"https:\/\/my.stlflix.com\/wp-content\/uploads\/2025\/04\/1-9.png","width":1200,"height":900},{"@type":"BreadcrumbList","@id":"https:\/\/www.testeminhalojamandela.biz\/product\/n3d-pokeball-0149-dragonite\/#breadcrumb","itemListElement":[{"@type":"ListItem","position":1,"name":"Home","item":"https:\/\/www.stlflix-store.com\/"},{"@type":"ListItem","position":2,"name":"Products","item":"https:\/\/www.stlflix-store.com\/shop\/"},{"@type":"ListItem","position":3,"name":"N3D Pok\u00e9ball &#8211; 0149 Dragonite"}]},{"@type":"WebSite","@id":"https:\/\/my.stlflix.com\/#website","url":"https:\/\/my.stlflix.com\/","name":"MyStore - By STLFLIX","description":"","publisher":{"@id":"https:\/\/my.stlflix.com\/#organization"},"potentialAction":[{"@type":"SearchAction","target":{"@type":"EntryPoint","urlTemplate":"https:\/\/my.stlflix.com\/?s={search_term_string}"},"query-input":{"@type":"PropertyValueSpecification","valueRequired":true,"valueName":"search_term_string"}}],"inLanguage":"es-ES"},{"@type":"Organization","@id":"https:\/\/my.stlflix.com\/#organization","name":"MyStore - By STLFLIX","url":"https:\/\/my.stlflix.com\/","logo":{"@type":"ImageObject","inLanguage":"es-ES","@id":"https:\/\/my.stlflix.com\/#\/schema\/logo\/image\/","url":"https:\/\/my.stlflix.com\/wp-content\/uploads\/2024\/06\/logo-mystore.png","contentUrl":"https:\/\/my.stlflix.com\/wp-content\/uploads\/2024\/06\/logo-mystore.png","width":150,"height":41,"caption":"MyStore - By STLFLIX"},"image":{"@id":"https:\/\/my.stlflix.com\/#\/schema\/logo\/image\/"},"sameAs":["https:\/\/www.facebook.com\/STLFLIX","https:\/\/www.instagram.com\/stlflix_\/","https:\/\/www.tiktok.com\/@stlflix"]}]}},"_links":{"self":[{"href":"https:\/\/my.stlflix.com\/es\/wp-json\/wp\/v2\/product\/334843","targetHints":{"allow":["GET"]}}],"collection":[{"href":"https:\/\/my.stlflix.com\/es\/wp-json\/wp\/v2\/product"}],"about":[{"href":"https:\/\/my.stlflix.com\/es\/wp-json\/wp\/v2\/types\/product"}],"replies":[{"embeddable":true,"href":"https:\/\/my.stlflix.com\/es\/wp-json\/wp\/v2\/comments?post=334843"}],"wp:featuredmedia":[{"embeddable":true,"href":"https:\/\/my.stlflix.com\/es\/wp-json\/wp\/v2\/media\/334844"}],"wp:attachment":[{"href":"https:\/\/my.stlflix.com\/es\/wp-json\/wp\/v2\/media?parent=334843"}],"wp:term":[{"taxonomy":"product_brand","embeddable":true,"href":"https:\/\/my.stlflix.com\/es\/wp-json\/wp\/v2\/product_brand?post=334843"},{"taxonomy":"product_cat","embeddable":true,"href":"https:\/\/my.stlflix.com\/es\/wp-json\/wp\/v2\/product_cat?post=334843"},{"taxonomy":"product_tag","embeddable":true,"href":"https:\/\/my.stlflix.com\/es\/wp-json\/wp\/v2\/product_tag?post=334843"}],"curies":[{"name":"wp","href":"https:\/\/api.w.org\/{rel}","templated":true}]}}