{"id":341765,"date":"2025-05-04T19:32:13","date_gmt":"2025-05-04T19:32:13","guid":{"rendered":"https:\/\/my.stlflix.com\/?post_type=product&#038;p=341765"},"modified":"2025-05-04T20:11:57","modified_gmt":"2025-05-04T20:11:57","slug":"dummy-13","status":"publish","type":"product","link":"https:\/\/my.stlflix.com\/es\/product\/dummy-13\/","title":{"rendered":"Dummy 13"},"content":{"rendered":"<p class=\"\" data-start=\"183\" data-end=\"571\">O <strong data-start=\"185\" data-end=\"197\">Dummy 13<\/strong> \u00e9 o boneco articulado perfeito para quem ama criatividade, personaliza\u00e7\u00e3o e movimento! Com um visual moderno e modelado com apar\u00eancia de pe\u00e7a impressa em 3D, ele possui m\u00faltiplos pontos de articula\u00e7\u00e3o que permitem poses din\u00e2micas, ideais tanto para <strong data-start=\"447\" data-end=\"465\">decora\u00e7\u00e3o geek<\/strong>, quanto para <strong data-start=\"479\" data-end=\"503\">anima\u00e7\u00e3o stop-motion<\/strong>, <strong data-start=\"505\" data-end=\"535\">treino de desenho\/anatomia<\/strong>, ou at\u00e9 <strong data-start=\"544\" data-end=\"570\">brincadeiras criativas<\/strong>.<\/p>\n<p class=\"\" data-start=\"573\" data-end=\"928\">Fabricado em material resistente e leve, seu acabamento lembra pl\u00e1stico fosco impresso em filamento PLA, o que refor\u00e7a o visual industrial e moderno. Suas juntas s\u00e3o bem ajustadas, o que permite movimentos est\u00e1veis sem perder a firmeza. A pose da imagem mostra o Dummy em posi\u00e7\u00e3o de combate com um bast\u00e3o, mas ele pode ser posicionado de infinitas formas!<\/p>\n<p>Voc\u00ea pode escolher a cor do seu Dummy 13! Basta selecionar a tonalidade desejada na hora da compra e receba um boneco com a sua cara. Isso o torna perfeito tamb\u00e9m como presente exclusivo ou item colecion\u00e1vel diferenciado.<\/p>\n","protected":false},"excerpt":{"rendered":"<p>O Dummy 13 \u00e9 o boneco articulado perfeito para quem ama criatividade, personaliza\u00e7\u00e3o e movimento! Com um visual moderno e modelado com apar\u00eancia de pe\u00e7a impressa em 3D, ele possui m\u00faltiplos pontos de articula\u00e7\u00e3o que permitem poses din\u00e2micas, ideais tanto para decora\u00e7\u00e3o geek, quanto para anima\u00e7\u00e3o stop-motion, treino de desenho\/anatomia, ou at\u00e9 brincadeiras criativas. Fabricado [&hellip;]<\/p>\n","protected":false},"featured_media":341776,"comment_status":"open","ping_status":"closed","template":"","meta":[],"product_brand":[],"product_cat":[15],"product_tag":[3085],"class_list":{"0":"post-341765","1":"product","2":"type-product","3":"status-publish","4":"has-post-thumbnail","6":"product_cat-uncategorized","7":"product_tag-articulated-toys","9":"first","10":"instock","11":"taxable","12":"shipping-taxable","13":"purchasable","14":"product-type-simple"},"yoast_head":"<!-- This site is optimized with the Yoast SEO plugin v25.1 - https:\/\/yoast.com\/wordpress\/plugins\/seo\/ -->\n<title>Dummy 13<\/title>\n<meta name=\"description\" content=\"Um boneco articulado, divertido e totalmente personaliz\u00e1vel\" \/>\n<meta name=\"robots\" content=\"index, follow, max-snippet:-1, max-image-preview:large, max-video-preview:-1\" \/>\n<link rel=\"canonical\" href=\"https:\/\/my.stlflix.com\/tr\/product\/dummy-13\/\" \/>\n<meta property=\"og:locale\" content=\"es_ES\" \/>\n<meta property=\"og:type\" content=\"article\" \/>\n<meta property=\"og:title\" content=\"Dummy 13\" \/>\n<meta property=\"og:description\" content=\"Um boneco articulado, divertido e totalmente personaliz\u00e1vel\" \/>\n<meta property=\"og:url\" content=\"https:\/\/my.stlflix.com\/tr\/product\/dummy-13\/\" \/>\n<meta property=\"og:site_name\" content=\"MyStore - By STLFLIX\" \/>\n<meta property=\"article:publisher\" content=\"https:\/\/www.facebook.com\/STLFLIX\" \/>\n<meta property=\"article:modified_time\" content=\"2025-05-04T20:11:57+00:00\" \/>\n<meta property=\"og:image\" content=\"https:\/\/my.stlflix.com\/wp-content\/uploads\/2025\/05\/1-1.png\" \/>\n\t<meta property=\"og:image:width\" content=\"500\" \/>\n\t<meta property=\"og:image:height\" content=\"500\" \/>\n\t<meta property=\"og:image:type\" content=\"image\/png\" \/>\n<meta name=\"twitter:card\" content=\"summary_large_image\" \/>\n<meta name=\"twitter:label1\" content=\"Est. reading time\" \/>\n\t<meta name=\"twitter:data1\" content=\"1 minute\" \/>\n<script type=\"application\/ld+json\" class=\"yoast-schema-graph\">{\"@context\":\"https:\/\/schema.org\",\"@graph\":[{\"@type\":\"WebPage\",\"@id\":\"https:\/\/my.stlflix.com\/tr\/product\/dummy-13\/\",\"url\":\"https:\/\/my.stlflix.com\/tr\/product\/dummy-13\/\",\"name\":\"Dummy 13\",\"isPartOf\":{\"@id\":\"https:\/\/my.stlflix.com\/#website\"},\"primaryImageOfPage\":{\"@id\":\"https:\/\/my.stlflix.com\/tr\/product\/dummy-13\/#primaryimage\"},\"image\":{\"@id\":\"https:\/\/my.stlflix.com\/tr\/product\/dummy-13\/#primaryimage\"},\"thumbnailUrl\":\"https:\/\/my.stlflix.com\/wp-content\/uploads\/2025\/05\/1-1.png\",\"datePublished\":\"2025-05-04T19:32:13+00:00\",\"dateModified\":\"2025-05-04T20:11:57+00:00\",\"description\":\"Um boneco articulado, divertido e totalmente personaliz\u00e1vel\",\"breadcrumb\":{\"@id\":\"https:\/\/my.stlflix.com\/tr\/product\/dummy-13\/#breadcrumb\"},\"inLanguage\":\"es-ES\",\"potentialAction\":[{\"@type\":\"ReadAction\",\"target\":[\"https:\/\/my.stlflix.com\/tr\/product\/dummy-13\/\"]}]},{\"@type\":\"ImageObject\",\"inLanguage\":\"es-ES\",\"@id\":\"https:\/\/my.stlflix.com\/tr\/product\/dummy-13\/#primaryimage\",\"url\":\"https:\/\/my.stlflix.com\/wp-content\/uploads\/2025\/05\/1-1.png\",\"contentUrl\":\"https:\/\/my.stlflix.com\/wp-content\/uploads\/2025\/05\/1-1.png\",\"width\":500,\"height\":500},{\"@type\":\"BreadcrumbList\",\"@id\":\"https:\/\/my.stlflix.com\/tr\/product\/dummy-13\/#breadcrumb\",\"itemListElement\":[{\"@type\":\"ListItem\",\"position\":1,\"name\":\"Home\",\"item\":\"https:\/\/www.stlflix-store.com\/\"},{\"@type\":\"ListItem\",\"position\":2,\"name\":\"Products\",\"item\":\"https:\/\/www.stlflix-store.com\/shop\/\"},{\"@type\":\"ListItem\",\"position\":3,\"name\":\"Dummy 13\"}]},{\"@type\":\"WebSite\",\"@id\":\"https:\/\/my.stlflix.com\/#website\",\"url\":\"https:\/\/my.stlflix.com\/\",\"name\":\"MyStore - By STLFLIX\",\"description\":\"\",\"publisher\":{\"@id\":\"https:\/\/my.stlflix.com\/#organization\"},\"potentialAction\":[{\"@type\":\"SearchAction\",\"target\":{\"@type\":\"EntryPoint\",\"urlTemplate\":\"https:\/\/my.stlflix.com\/?s={search_term_string}\"},\"query-input\":{\"@type\":\"PropertyValueSpecification\",\"valueRequired\":true,\"valueName\":\"search_term_string\"}}],\"inLanguage\":\"es-ES\"},{\"@type\":\"Organization\",\"@id\":\"https:\/\/my.stlflix.com\/#organization\",\"name\":\"MyStore - By STLFLIX\",\"url\":\"https:\/\/my.stlflix.com\/\",\"logo\":{\"@type\":\"ImageObject\",\"inLanguage\":\"es-ES\",\"@id\":\"https:\/\/my.stlflix.com\/#\/schema\/logo\/image\/\",\"url\":\"https:\/\/my.stlflix.com\/wp-content\/uploads\/2024\/06\/logo-mystore.png\",\"contentUrl\":\"https:\/\/my.stlflix.com\/wp-content\/uploads\/2024\/06\/logo-mystore.png\",\"width\":150,\"height\":41,\"caption\":\"MyStore - By STLFLIX\"},\"image\":{\"@id\":\"https:\/\/my.stlflix.com\/#\/schema\/logo\/image\/\"},\"sameAs\":[\"https:\/\/www.facebook.com\/STLFLIX\",\"https:\/\/www.instagram.com\/stlflix_\/\",\"https:\/\/www.tiktok.com\/@stlflix\"]}]}<\/script>\n<!-- \/ Yoast SEO plugin. -->","yoast_head_json":{"title":"Dummy 13","description":"Um boneco articulado, divertido e totalmente personaliz\u00e1vel","robots":{"index":"index","follow":"follow","max-snippet":"max-snippet:-1","max-image-preview":"max-image-preview:large","max-video-preview":"max-video-preview:-1"},"canonical":"https:\/\/my.stlflix.com\/tr\/product\/dummy-13\/","og_locale":"es_ES","og_type":"article","og_title":"Dummy 13","og_description":"Um boneco articulado, divertido e totalmente personaliz\u00e1vel","og_url":"https:\/\/my.stlflix.com\/tr\/product\/dummy-13\/","og_site_name":"MyStore - By STLFLIX","article_publisher":"https:\/\/www.facebook.com\/STLFLIX","article_modified_time":"2025-05-04T20:11:57+00:00","og_image":[{"width":500,"height":500,"url":"https:\/\/my.stlflix.com\/wp-content\/uploads\/2025\/05\/1-1.png","type":"image\/png"}],"twitter_card":"summary_large_image","twitter_misc":{"Est. reading time":"1 minute"},"schema":{"@context":"https:\/\/schema.org","@graph":[{"@type":"WebPage","@id":"https:\/\/my.stlflix.com\/tr\/product\/dummy-13\/","url":"https:\/\/my.stlflix.com\/tr\/product\/dummy-13\/","name":"Dummy 13","isPartOf":{"@id":"https:\/\/my.stlflix.com\/#website"},"primaryImageOfPage":{"@id":"https:\/\/my.stlflix.com\/tr\/product\/dummy-13\/#primaryimage"},"image":{"@id":"https:\/\/my.stlflix.com\/tr\/product\/dummy-13\/#primaryimage"},"thumbnailUrl":"https:\/\/my.stlflix.com\/wp-content\/uploads\/2025\/05\/1-1.png","datePublished":"2025-05-04T19:32:13+00:00","dateModified":"2025-05-04T20:11:57+00:00","description":"Um boneco articulado, divertido e totalmente personaliz\u00e1vel","breadcrumb":{"@id":"https:\/\/my.stlflix.com\/tr\/product\/dummy-13\/#breadcrumb"},"inLanguage":"es-ES","potentialAction":[{"@type":"ReadAction","target":["https:\/\/my.stlflix.com\/tr\/product\/dummy-13\/"]}]},{"@type":"ImageObject","inLanguage":"es-ES","@id":"https:\/\/my.stlflix.com\/tr\/product\/dummy-13\/#primaryimage","url":"https:\/\/my.stlflix.com\/wp-content\/uploads\/2025\/05\/1-1.png","contentUrl":"https:\/\/my.stlflix.com\/wp-content\/uploads\/2025\/05\/1-1.png","width":500,"height":500},{"@type":"BreadcrumbList","@id":"https:\/\/my.stlflix.com\/tr\/product\/dummy-13\/#breadcrumb","itemListElement":[{"@type":"ListItem","position":1,"name":"Home","item":"https:\/\/www.stlflix-store.com\/"},{"@type":"ListItem","position":2,"name":"Products","item":"https:\/\/www.stlflix-store.com\/shop\/"},{"@type":"ListItem","position":3,"name":"Dummy 13"}]},{"@type":"WebSite","@id":"https:\/\/my.stlflix.com\/#website","url":"https:\/\/my.stlflix.com\/","name":"MyStore - By STLFLIX","description":"","publisher":{"@id":"https:\/\/my.stlflix.com\/#organization"},"potentialAction":[{"@type":"SearchAction","target":{"@type":"EntryPoint","urlTemplate":"https:\/\/my.stlflix.com\/?s={search_term_string}"},"query-input":{"@type":"PropertyValueSpecification","valueRequired":true,"valueName":"search_term_string"}}],"inLanguage":"es-ES"},{"@type":"Organization","@id":"https:\/\/my.stlflix.com\/#organization","name":"MyStore - By STLFLIX","url":"https:\/\/my.stlflix.com\/","logo":{"@type":"ImageObject","inLanguage":"es-ES","@id":"https:\/\/my.stlflix.com\/#\/schema\/logo\/image\/","url":"https:\/\/my.stlflix.com\/wp-content\/uploads\/2024\/06\/logo-mystore.png","contentUrl":"https:\/\/my.stlflix.com\/wp-content\/uploads\/2024\/06\/logo-mystore.png","width":150,"height":41,"caption":"MyStore - By STLFLIX"},"image":{"@id":"https:\/\/my.stlflix.com\/#\/schema\/logo\/image\/"},"sameAs":["https:\/\/www.facebook.com\/STLFLIX","https:\/\/www.instagram.com\/stlflix_\/","https:\/\/www.tiktok.com\/@stlflix"]}]}},"_links":{"self":[{"href":"https:\/\/my.stlflix.com\/es\/wp-json\/wp\/v2\/product\/341765","targetHints":{"allow":["GET"]}}],"collection":[{"href":"https:\/\/my.stlflix.com\/es\/wp-json\/wp\/v2\/product"}],"about":[{"href":"https:\/\/my.stlflix.com\/es\/wp-json\/wp\/v2\/types\/product"}],"replies":[{"embeddable":true,"href":"https:\/\/my.stlflix.com\/es\/wp-json\/wp\/v2\/comments?post=341765"}],"wp:featuredmedia":[{"embeddable":true,"href":"https:\/\/my.stlflix.com\/es\/wp-json\/wp\/v2\/media\/341776"}],"wp:attachment":[{"href":"https:\/\/my.stlflix.com\/es\/wp-json\/wp\/v2\/media?parent=341765"}],"wp:term":[{"taxonomy":"product_brand","embeddable":true,"href":"https:\/\/my.stlflix.com\/es\/wp-json\/wp\/v2\/product_brand?post=341765"},{"taxonomy":"product_cat","embeddable":true,"href":"https:\/\/my.stlflix.com\/es\/wp-json\/wp\/v2\/product_cat?post=341765"},{"taxonomy":"product_tag","embeddable":true,"href":"https:\/\/my.stlflix.com\/es\/wp-json\/wp\/v2\/product_tag?post=341765"}],"curies":[{"name":"wp","href":"https:\/\/api.w.org\/{rel}","templated":true}]}}