{"id":344103,"date":"2025-05-07T17:32:39","date_gmt":"2025-05-07T17:32:39","guid":{"rendered":"https:\/\/my.stlflix.com\/?post_type=product&#038;p=344103"},"modified":"2025-05-07T17:39:14","modified_gmt":"2025-05-07T17:39:14","slug":"chinelo-de-ouro","status":"publish","type":"product","link":"https:\/\/my.stlflix.com\/es\/product\/chinelo-de-ouro\/","title":{"rendered":"Chinelo de Ouro"},"content":{"rendered":"<p class=\"\" data-start=\"160\" data-end=\"402\">Neste Dia das M\u00e3es, surpreenda com um presente criativo e bem-humorado: o <strong data-start=\"234\" data-end=\"260\">Trof\u00e9u Chinela de Ouro<\/strong>! Uma homenagem divertida e carinhosa para aquela que sempre soube colocar ordem na casa \u2013 com amor e, \u00e0s vezes, com uma chinelada imagin\u00e1ria!<\/p>\n<p class=\"\" data-start=\"404\" data-end=\"629\">Com acabamento dourado e um design \u00fanico, esse trof\u00e9u \u00e9 o brinde ideal para celebrar as m\u00e3es guerreiras, firmes e cheias de personalidade. Perfeito para presentear com bom humor e gratid\u00e3o, arrancando sorrisos e boas risadas.<\/p>\n<p class=\"\" data-start=\"631\" data-end=\"698\">\ud83d\udc9b <em data-start=\"634\" data-end=\"696\">Porque toda m\u00e3e merece reconhecimento&#8230; e a chinela tamb\u00e9m!<\/em><\/p>\n","protected":false},"excerpt":{"rendered":"<p>Neste Dia das M\u00e3es, surpreenda com um presente criativo e bem-humorado: o Trof\u00e9u Chinela de Ouro! Uma homenagem divertida e carinhosa para aquela que sempre soube colocar ordem na casa \u2013 com amor e, \u00e0s vezes, com uma chinelada imagin\u00e1ria! Com acabamento dourado e um design \u00fanico, esse trof\u00e9u \u00e9 o brinde ideal para celebrar [&hellip;]<\/p>\n","protected":false},"featured_media":344104,"comment_status":"open","ping_status":"closed","template":"","meta":[],"product_brand":[],"product_cat":[15],"product_tag":[826,1448,1952],"class_list":{"0":"post-344103","1":"product","2":"type-product","3":"status-publish","4":"has-post-thumbnail","6":"product_cat-uncategorized","7":"product_tag-mother","8":"product_tag-mothers-day-2","9":"product_tag-present","11":"first","12":"outofstock","13":"shipping-taxable","14":"product-type-variable"},"yoast_head":"<!-- This site is optimized with the Yoast SEO plugin v25.1 - https:\/\/yoast.com\/wordpress\/plugins\/seo\/ -->\n<title>Chinelo de Ouro - MyStore - By STLFLIX<\/title>\n<meta name=\"robots\" content=\"index, follow, max-snippet:-1, max-image-preview:large, max-video-preview:-1\" \/>\n<link rel=\"canonical\" href=\"https:\/\/my.stlflix.com\/product\/chinelo-de-ouro\/\" \/>\n<meta property=\"og:locale\" content=\"es_ES\" \/>\n<meta property=\"og:type\" content=\"article\" \/>\n<meta property=\"og:title\" content=\"Chinelo de Ouro - MyStore - By STLFLIX\" \/>\n<meta property=\"og:description\" content=\"Neste Dia das M\u00e3es, surpreenda com um presente criativo e bem-humorado: o Trof\u00e9u Chinela de Ouro! Uma homenagem divertida e carinhosa para aquela que sempre soube colocar ordem na casa \u2013 com amor e, \u00e0s vezes, com uma chinelada imagin\u00e1ria! Com acabamento dourado e um design \u00fanico, esse trof\u00e9u \u00e9 o brinde ideal para celebrar [&hellip;]\" \/>\n<meta property=\"og:url\" content=\"https:\/\/my.stlflix.com\/product\/chinelo-de-ouro\/\" \/>\n<meta property=\"og:site_name\" content=\"MyStore - By STLFLIX\" \/>\n<meta property=\"article:publisher\" content=\"https:\/\/www.facebook.com\/STLFLIX\" \/>\n<meta property=\"article:modified_time\" content=\"2025-05-07T17:39:14+00:00\" \/>\n<meta property=\"og:image\" content=\"https:\/\/my.stlflix.com\/wp-content\/uploads\/2025\/05\/WhatsApp-Image-2025-05-07-at-14.33.07.jpeg\" \/>\n\t<meta property=\"og:image:width\" content=\"900\" \/>\n\t<meta property=\"og:image:height\" content=\"1600\" \/>\n\t<meta property=\"og:image:type\" content=\"image\/jpeg\" \/>\n<meta name=\"twitter:card\" content=\"summary_large_image\" \/>\n<script type=\"application\/ld+json\" class=\"yoast-schema-graph\">{\"@context\":\"https:\/\/schema.org\",\"@graph\":[{\"@type\":\"WebPage\",\"@id\":\"https:\/\/my.stlflix.com\/product\/chinelo-de-ouro\/\",\"url\":\"https:\/\/my.stlflix.com\/product\/chinelo-de-ouro\/\",\"name\":\"Chinelo de Ouro - MyStore - By STLFLIX\",\"isPartOf\":{\"@id\":\"https:\/\/my.stlflix.com\/#website\"},\"primaryImageOfPage\":{\"@id\":\"https:\/\/my.stlflix.com\/product\/chinelo-de-ouro\/#primaryimage\"},\"image\":{\"@id\":\"https:\/\/my.stlflix.com\/product\/chinelo-de-ouro\/#primaryimage\"},\"thumbnailUrl\":\"https:\/\/my.stlflix.com\/wp-content\/uploads\/2025\/05\/WhatsApp-Image-2025-05-07-at-14.33.07.jpeg\",\"datePublished\":\"2025-05-07T17:32:39+00:00\",\"dateModified\":\"2025-05-07T17:39:14+00:00\",\"breadcrumb\":{\"@id\":\"https:\/\/my.stlflix.com\/product\/chinelo-de-ouro\/#breadcrumb\"},\"inLanguage\":\"es-ES\",\"potentialAction\":[{\"@type\":\"ReadAction\",\"target\":[\"https:\/\/my.stlflix.com\/product\/chinelo-de-ouro\/\"]}]},{\"@type\":\"ImageObject\",\"inLanguage\":\"es-ES\",\"@id\":\"https:\/\/my.stlflix.com\/product\/chinelo-de-ouro\/#primaryimage\",\"url\":\"https:\/\/my.stlflix.com\/wp-content\/uploads\/2025\/05\/WhatsApp-Image-2025-05-07-at-14.33.07.jpeg\",\"contentUrl\":\"https:\/\/my.stlflix.com\/wp-content\/uploads\/2025\/05\/WhatsApp-Image-2025-05-07-at-14.33.07.jpeg\",\"width\":900,\"height\":1600},{\"@type\":\"BreadcrumbList\",\"@id\":\"https:\/\/my.stlflix.com\/product\/chinelo-de-ouro\/#breadcrumb\",\"itemListElement\":[{\"@type\":\"ListItem\",\"position\":1,\"name\":\"Home\",\"item\":\"https:\/\/www.stlflix-store.com\/\"},{\"@type\":\"ListItem\",\"position\":2,\"name\":\"Products\",\"item\":\"https:\/\/www.stlflix-store.com\/shop\/\"},{\"@type\":\"ListItem\",\"position\":3,\"name\":\"Chinelo de Ouro\"}]},{\"@type\":\"WebSite\",\"@id\":\"https:\/\/my.stlflix.com\/#website\",\"url\":\"https:\/\/my.stlflix.com\/\",\"name\":\"MyStore - By STLFLIX\",\"description\":\"\",\"publisher\":{\"@id\":\"https:\/\/my.stlflix.com\/#organization\"},\"potentialAction\":[{\"@type\":\"SearchAction\",\"target\":{\"@type\":\"EntryPoint\",\"urlTemplate\":\"https:\/\/my.stlflix.com\/?s={search_term_string}\"},\"query-input\":{\"@type\":\"PropertyValueSpecification\",\"valueRequired\":true,\"valueName\":\"search_term_string\"}}],\"inLanguage\":\"es-ES\"},{\"@type\":\"Organization\",\"@id\":\"https:\/\/my.stlflix.com\/#organization\",\"name\":\"MyStore - By STLFLIX\",\"url\":\"https:\/\/my.stlflix.com\/\",\"logo\":{\"@type\":\"ImageObject\",\"inLanguage\":\"es-ES\",\"@id\":\"https:\/\/my.stlflix.com\/#\/schema\/logo\/image\/\",\"url\":\"https:\/\/my.stlflix.com\/wp-content\/uploads\/2024\/06\/logo-mystore.png\",\"contentUrl\":\"https:\/\/my.stlflix.com\/wp-content\/uploads\/2024\/06\/logo-mystore.png\",\"width\":150,\"height\":41,\"caption\":\"MyStore - By STLFLIX\"},\"image\":{\"@id\":\"https:\/\/my.stlflix.com\/#\/schema\/logo\/image\/\"},\"sameAs\":[\"https:\/\/www.facebook.com\/STLFLIX\",\"https:\/\/www.instagram.com\/stlflix_\/\",\"https:\/\/www.tiktok.com\/@stlflix\"]}]}<\/script>\n<!-- \/ Yoast SEO plugin. -->","yoast_head_json":{"title":"Chinelo de Ouro - MyStore - By STLFLIX","robots":{"index":"index","follow":"follow","max-snippet":"max-snippet:-1","max-image-preview":"max-image-preview:large","max-video-preview":"max-video-preview:-1"},"canonical":"https:\/\/my.stlflix.com\/product\/chinelo-de-ouro\/","og_locale":"es_ES","og_type":"article","og_title":"Chinelo de Ouro - MyStore - By STLFLIX","og_description":"Neste Dia das M\u00e3es, surpreenda com um presente criativo e bem-humorado: o Trof\u00e9u Chinela de Ouro! Uma homenagem divertida e carinhosa para aquela que sempre soube colocar ordem na casa \u2013 com amor e, \u00e0s vezes, com uma chinelada imagin\u00e1ria! Com acabamento dourado e um design \u00fanico, esse trof\u00e9u \u00e9 o brinde ideal para celebrar [&hellip;]","og_url":"https:\/\/my.stlflix.com\/product\/chinelo-de-ouro\/","og_site_name":"MyStore - By STLFLIX","article_publisher":"https:\/\/www.facebook.com\/STLFLIX","article_modified_time":"2025-05-07T17:39:14+00:00","og_image":[{"width":900,"height":1600,"url":"https:\/\/my.stlflix.com\/wp-content\/uploads\/2025\/05\/WhatsApp-Image-2025-05-07-at-14.33.07.jpeg","type":"image\/jpeg"}],"twitter_card":"summary_large_image","schema":{"@context":"https:\/\/schema.org","@graph":[{"@type":"WebPage","@id":"https:\/\/my.stlflix.com\/product\/chinelo-de-ouro\/","url":"https:\/\/my.stlflix.com\/product\/chinelo-de-ouro\/","name":"Chinelo de Ouro - MyStore - By STLFLIX","isPartOf":{"@id":"https:\/\/my.stlflix.com\/#website"},"primaryImageOfPage":{"@id":"https:\/\/my.stlflix.com\/product\/chinelo-de-ouro\/#primaryimage"},"image":{"@id":"https:\/\/my.stlflix.com\/product\/chinelo-de-ouro\/#primaryimage"},"thumbnailUrl":"https:\/\/my.stlflix.com\/wp-content\/uploads\/2025\/05\/WhatsApp-Image-2025-05-07-at-14.33.07.jpeg","datePublished":"2025-05-07T17:32:39+00:00","dateModified":"2025-05-07T17:39:14+00:00","breadcrumb":{"@id":"https:\/\/my.stlflix.com\/product\/chinelo-de-ouro\/#breadcrumb"},"inLanguage":"es-ES","potentialAction":[{"@type":"ReadAction","target":["https:\/\/my.stlflix.com\/product\/chinelo-de-ouro\/"]}]},{"@type":"ImageObject","inLanguage":"es-ES","@id":"https:\/\/my.stlflix.com\/product\/chinelo-de-ouro\/#primaryimage","url":"https:\/\/my.stlflix.com\/wp-content\/uploads\/2025\/05\/WhatsApp-Image-2025-05-07-at-14.33.07.jpeg","contentUrl":"https:\/\/my.stlflix.com\/wp-content\/uploads\/2025\/05\/WhatsApp-Image-2025-05-07-at-14.33.07.jpeg","width":900,"height":1600},{"@type":"BreadcrumbList","@id":"https:\/\/my.stlflix.com\/product\/chinelo-de-ouro\/#breadcrumb","itemListElement":[{"@type":"ListItem","position":1,"name":"Home","item":"https:\/\/www.stlflix-store.com\/"},{"@type":"ListItem","position":2,"name":"Products","item":"https:\/\/www.stlflix-store.com\/shop\/"},{"@type":"ListItem","position":3,"name":"Chinelo de Ouro"}]},{"@type":"WebSite","@id":"https:\/\/my.stlflix.com\/#website","url":"https:\/\/my.stlflix.com\/","name":"MyStore - By STLFLIX","description":"","publisher":{"@id":"https:\/\/my.stlflix.com\/#organization"},"potentialAction":[{"@type":"SearchAction","target":{"@type":"EntryPoint","urlTemplate":"https:\/\/my.stlflix.com\/?s={search_term_string}"},"query-input":{"@type":"PropertyValueSpecification","valueRequired":true,"valueName":"search_term_string"}}],"inLanguage":"es-ES"},{"@type":"Organization","@id":"https:\/\/my.stlflix.com\/#organization","name":"MyStore - By STLFLIX","url":"https:\/\/my.stlflix.com\/","logo":{"@type":"ImageObject","inLanguage":"es-ES","@id":"https:\/\/my.stlflix.com\/#\/schema\/logo\/image\/","url":"https:\/\/my.stlflix.com\/wp-content\/uploads\/2024\/06\/logo-mystore.png","contentUrl":"https:\/\/my.stlflix.com\/wp-content\/uploads\/2024\/06\/logo-mystore.png","width":150,"height":41,"caption":"MyStore - By STLFLIX"},"image":{"@id":"https:\/\/my.stlflix.com\/#\/schema\/logo\/image\/"},"sameAs":["https:\/\/www.facebook.com\/STLFLIX","https:\/\/www.instagram.com\/stlflix_\/","https:\/\/www.tiktok.com\/@stlflix"]}]}},"_links":{"self":[{"href":"https:\/\/my.stlflix.com\/es\/wp-json\/wp\/v2\/product\/344103","targetHints":{"allow":["GET"]}}],"collection":[{"href":"https:\/\/my.stlflix.com\/es\/wp-json\/wp\/v2\/product"}],"about":[{"href":"https:\/\/my.stlflix.com\/es\/wp-json\/wp\/v2\/types\/product"}],"replies":[{"embeddable":true,"href":"https:\/\/my.stlflix.com\/es\/wp-json\/wp\/v2\/comments?post=344103"}],"wp:featuredmedia":[{"embeddable":true,"href":"https:\/\/my.stlflix.com\/es\/wp-json\/wp\/v2\/media\/344104"}],"wp:attachment":[{"href":"https:\/\/my.stlflix.com\/es\/wp-json\/wp\/v2\/media?parent=344103"}],"wp:term":[{"taxonomy":"product_brand","embeddable":true,"href":"https:\/\/my.stlflix.com\/es\/wp-json\/wp\/v2\/product_brand?post=344103"},{"taxonomy":"product_cat","embeddable":true,"href":"https:\/\/my.stlflix.com\/es\/wp-json\/wp\/v2\/product_cat?post=344103"},{"taxonomy":"product_tag","embeddable":true,"href":"https:\/\/my.stlflix.com\/es\/wp-json\/wp\/v2\/product_tag?post=344103"}],"curies":[{"name":"wp","href":"https:\/\/api.w.org\/{rel}","templated":true}]}}