{"id":346340,"date":"2025-05-11T17:22:08","date_gmt":"2025-05-11T17:22:08","guid":{"rendered":"https:\/\/my.stlflix.com\/?post_type=product&#038;p=346340"},"modified":"2025-05-11T22:56:22","modified_gmt":"2025-05-11T22:56:22","slug":"luminaria-porsche-gt3","status":"publish","type":"product","link":"https:\/\/my.stlflix.com\/es\/product\/luminaria-porsche-gt3\/","title":{"rendered":"Lumin\u00e1ria Porsche GT3"},"content":{"rendered":"<p data-start=\"140\" data-end=\"217\"><strong data-start=\"140\" data-end=\"217\"><span style=\"vertical-align: inherit\"><span style=\"vertical-align: inherit\"><span style=\"vertical-align: inherit\"><span style=\"vertical-align: inherit\">Lumin\u00e1ria Decorativa Porsche GT3 \u2013 Estilo e Exclusividade em Cada Detalhe<\/span><\/span><\/span><\/span><\/strong><\/p>\n<p data-start=\"219\" data-end=\"414\"><span style=\"vertical-align: inherit\"><span style=\"vertical-align: inherit\"><span style=\"vertical-align: inherit\"><span style=\"vertical-align: inherit\">Destaque sua paix\u00e3o por carros com esta incr\u00edvel ilumina\u00e7\u00e3o inspirada no ic\u00f4nico Porsche GT3! Perfeito para dar um toque moderno e esportivo ao seu ambiente, seja no quarto, escrit\u00f3rio ou garagem.<\/span><\/span><\/span><\/span><\/p>\n<p data-start=\"416\" data-end=\"577\"><span style=\"vertical-align: inherit\"><span style=\"vertical-align: inherit\"><span style=\"vertical-align: inherit\"><span style=\"vertical-align: inherit\">Com design compacto e sofisticado, esta lumin\u00e1ria tem as seguintes dimens\u00f5es: <\/span><\/span><\/span><\/span><br data-start=\"493\" data-end=\"496\" \/><span style=\"vertical-align: inherit\"><span style=\"vertical-align: inherit\"><span style=\"vertical-align: inherit\"><span style=\"vertical-align: inherit\">\ud83d\udccf <\/span><\/span><\/span><\/span><strong data-start=\"499\" data-end=\"515\"><span style=\"vertical-align: inherit\"><span style=\"vertical-align: inherit\"><span style=\"vertical-align: inherit\"><span style=\"vertical-align: inherit\">Comprimento:<\/span><\/span><\/span><\/span><\/strong><span style=\"vertical-align: inherit\"><span style=\"vertical-align: inherit\"><span style=\"vertical-align: inherit\"><span style=\"vertical-align: inherit\"> 17,1 cm <\/span><\/span><\/span><\/span><br data-start=\"523\" data-end=\"526\" \/><span style=\"vertical-align: inherit\"><span style=\"vertical-align: inherit\"><span style=\"vertical-align: inherit\"><span style=\"vertical-align: inherit\">\ud83d\udccf <\/span><\/span><\/span><\/span><strong data-start=\"529\" data-end=\"540\"><span style=\"vertical-align: inherit\"><span style=\"vertical-align: inherit\"><span style=\"vertical-align: inherit\"><span style=\"vertical-align: inherit\">Altura:<\/span><\/span><\/span><\/span><\/strong><span style=\"vertical-align: inherit\"><span style=\"vertical-align: inherit\"><span style=\"vertical-align: inherit\"><span style=\"vertical-align: inherit\"> 17,5 cm <\/span><\/span><\/span><\/span><br data-start=\"548\" data-end=\"551\" \/><span style=\"vertical-align: inherit\"><span style=\"vertical-align: inherit\"><span style=\"vertical-align: inherit\"><span style=\"vertical-align: inherit\">\ud83d\udccf <\/span><\/span><\/span><\/span><strong data-start=\"554\" data-end=\"568\"><span style=\"vertical-align: inherit\"><span style=\"vertical-align: inherit\"><span style=\"vertical-align: inherit\"><span style=\"vertical-align: inherit\">Espessura:<\/span><\/span><\/span><\/span><\/strong><span style=\"vertical-align: inherit\"><span style=\"vertical-align: inherit\"><span style=\"vertical-align: inherit\"><span style=\"vertical-align: inherit\"> 2,5 cm<\/span><\/span><\/span><\/span><\/p>\n<p data-start=\"579\" data-end=\"866\"><span style=\"vertical-align: inherit\"><span style=\"vertical-align: inherit\"><span style=\"vertical-align: inherit\"><span style=\"vertical-align: inherit\">A ilumina\u00e7\u00e3o acompanha um <\/span><\/span><\/span><\/span><strong data-start=\"693\" data-end=\"732\"><span style=\"vertical-align: inherit\"><span style=\"vertical-align: inherit\"><span style=\"vertical-align: inherit\"><span style=\"vertical-align: inherit\">cabo USB de 1 metro com interruptor<\/span><\/span><\/span><\/span><\/strong><span style=\"vertical-align: inherit\"><span style=\"vertical-align: inherit\"><span style=\"vertical-align: inherit\"><span style=\"vertical-align: inherit\"> , garantindo praticidade no uso di\u00e1rio. Basta conectar em uma fonte USB (como notebook, carregador de celular ou power bank) e pronto!<\/span><\/span><\/span><\/span><\/p>\n<p data-start=\"868\" data-end=\"956\"><span style=\"vertical-align: inherit\"><span style=\"vertical-align: inherit\"><span style=\"vertical-align: inherit\"><span style=\"vertical-align: inherit\">\ud83d\udca1 Ideal para f\u00e3s de automobilismo, colecionadores ou como presente criativo e original.<\/span><\/span><\/span><\/span><\/p>\n","protected":false},"excerpt":{"rendered":"<p>Lumin\u00e1ria Decorativa Porsche GT3 \u2013 Estilo e Exclusividade em Cada Detalhe Destaque sua paix\u00e3o por carros com esta incr\u00edvel ilumina\u00e7\u00e3o inspirada no ic\u00f4nico Porsche GT3! Perfeito para dar um toque moderno e esportivo ao seu ambiente, seja no quarto, escrit\u00f3rio ou garagem. Com design compacto e sofisticado, esta lumin\u00e1ria tem as seguintes dimens\u00f5es: \ud83d\udccf Comprimento: [&hellip;]<\/p>\n","protected":false},"featured_media":346372,"comment_status":"open","ping_status":"closed","template":"","meta":[],"product_brand":[],"product_cat":[15],"product_tag":[898],"class_list":{"0":"post-346340","1":"product","2":"type-product","3":"status-publish","4":"has-post-thumbnail","6":"product_cat-uncategorized","7":"product_tag-luminarias","9":"first","10":"onbackorder","11":"purchasable","12":"product-type-simple"},"yoast_head":"<!-- This site is optimized with the Yoast SEO plugin v25.1 - https:\/\/yoast.com\/wordpress\/plugins\/seo\/ -->\n<title>Lumin\u00e1ria Porsche GT3 - MyStore - By STLFLIX<\/title>\n<meta name=\"robots\" content=\"index, follow, max-snippet:-1, max-image-preview:large, max-video-preview:-1\" \/>\n<link rel=\"canonical\" href=\"https:\/\/my.stlflix.com\/es\/product\/luminaria-porsche-gt3\/\" \/>\n<meta property=\"og:locale\" content=\"es_ES\" \/>\n<meta property=\"og:type\" content=\"article\" \/>\n<meta property=\"og:title\" content=\"Lumin\u00e1ria Porsche GT3 - MyStore - By STLFLIX\" \/>\n<meta property=\"og:description\" content=\"Lumin\u00e1ria Decorativa Porsche GT3 \u2013 Estilo e Exclusividade em Cada Detalhe Destaque sua paix\u00e3o por carros com esta incr\u00edvel ilumina\u00e7\u00e3o inspirada no ic\u00f4nico Porsche GT3! Perfeito para dar um toque moderno e esportivo ao seu ambiente, seja no quarto, escrit\u00f3rio ou garagem. Com design compacto e sofisticado, esta lumin\u00e1ria tem as seguintes dimens\u00f5es: \ud83d\udccf Comprimento: [&hellip;]\" \/>\n<meta property=\"og:url\" content=\"https:\/\/my.stlflix.com\/es\/product\/luminaria-porsche-gt3\/\" \/>\n<meta property=\"og:site_name\" content=\"MyStore - By STLFLIX\" \/>\n<meta property=\"article:publisher\" content=\"https:\/\/www.facebook.com\/STLFLIX\" \/>\n<meta property=\"article:modified_time\" content=\"2025-05-11T22:56:22+00:00\" \/>\n<meta property=\"og:image\" content=\"https:\/\/my.stlflix.com\/wp-content\/uploads\/2025\/05\/IMG_20240802_223747-scaled.jpg\" \/>\n\t<meta property=\"og:image:width\" content=\"1928\" \/>\n\t<meta property=\"og:image:height\" content=\"2560\" \/>\n\t<meta property=\"og:image:type\" content=\"image\/jpeg\" \/>\n<meta name=\"twitter:card\" content=\"summary_large_image\" \/>\n<meta name=\"twitter:label1\" content=\"Est. reading time\" \/>\n\t<meta name=\"twitter:data1\" content=\"1 minute\" \/>\n<script type=\"application\/ld+json\" class=\"yoast-schema-graph\">{\"@context\":\"https:\/\/schema.org\",\"@graph\":[{\"@type\":\"WebPage\",\"@id\":\"https:\/\/my.stlflix.com\/es\/product\/luminaria-porsche-gt3\/\",\"url\":\"https:\/\/my.stlflix.com\/es\/product\/luminaria-porsche-gt3\/\",\"name\":\"Lumin\u00e1ria Porsche GT3 - MyStore - By STLFLIX\",\"isPartOf\":{\"@id\":\"https:\/\/my.stlflix.com\/#website\"},\"primaryImageOfPage\":{\"@id\":\"https:\/\/my.stlflix.com\/es\/product\/luminaria-porsche-gt3\/#primaryimage\"},\"image\":{\"@id\":\"https:\/\/my.stlflix.com\/es\/product\/luminaria-porsche-gt3\/#primaryimage\"},\"thumbnailUrl\":\"https:\/\/my.stlflix.com\/wp-content\/uploads\/2025\/05\/IMG_20240802_223747-scaled.jpg\",\"datePublished\":\"2025-05-11T17:22:08+00:00\",\"dateModified\":\"2025-05-11T22:56:22+00:00\",\"breadcrumb\":{\"@id\":\"https:\/\/my.stlflix.com\/es\/product\/luminaria-porsche-gt3\/#breadcrumb\"},\"inLanguage\":\"es-ES\",\"potentialAction\":[{\"@type\":\"ReadAction\",\"target\":[\"https:\/\/my.stlflix.com\/es\/product\/luminaria-porsche-gt3\/\"]}]},{\"@type\":\"ImageObject\",\"inLanguage\":\"es-ES\",\"@id\":\"https:\/\/my.stlflix.com\/es\/product\/luminaria-porsche-gt3\/#primaryimage\",\"url\":\"https:\/\/my.stlflix.com\/wp-content\/uploads\/2025\/05\/IMG_20240802_223747-scaled.jpg\",\"contentUrl\":\"https:\/\/my.stlflix.com\/wp-content\/uploads\/2025\/05\/IMG_20240802_223747-scaled.jpg\",\"width\":1928,\"height\":2560},{\"@type\":\"BreadcrumbList\",\"@id\":\"https:\/\/my.stlflix.com\/es\/product\/luminaria-porsche-gt3\/#breadcrumb\",\"itemListElement\":[{\"@type\":\"ListItem\",\"position\":1,\"name\":\"Home\",\"item\":\"https:\/\/www.stlflix-store.com\/\"},{\"@type\":\"ListItem\",\"position\":2,\"name\":\"Products\",\"item\":\"https:\/\/www.stlflix-store.com\/shop\/\"},{\"@type\":\"ListItem\",\"position\":3,\"name\":\"Lumin\u00e1ria Porsche GT3\"}]},{\"@type\":\"WebSite\",\"@id\":\"https:\/\/my.stlflix.com\/#website\",\"url\":\"https:\/\/my.stlflix.com\/\",\"name\":\"MyStore - By STLFLIX\",\"description\":\"\",\"publisher\":{\"@id\":\"https:\/\/my.stlflix.com\/#organization\"},\"potentialAction\":[{\"@type\":\"SearchAction\",\"target\":{\"@type\":\"EntryPoint\",\"urlTemplate\":\"https:\/\/my.stlflix.com\/?s={search_term_string}\"},\"query-input\":{\"@type\":\"PropertyValueSpecification\",\"valueRequired\":true,\"valueName\":\"search_term_string\"}}],\"inLanguage\":\"es-ES\"},{\"@type\":\"Organization\",\"@id\":\"https:\/\/my.stlflix.com\/#organization\",\"name\":\"MyStore - By STLFLIX\",\"url\":\"https:\/\/my.stlflix.com\/\",\"logo\":{\"@type\":\"ImageObject\",\"inLanguage\":\"es-ES\",\"@id\":\"https:\/\/my.stlflix.com\/#\/schema\/logo\/image\/\",\"url\":\"https:\/\/my.stlflix.com\/wp-content\/uploads\/2024\/06\/logo-mystore.png\",\"contentUrl\":\"https:\/\/my.stlflix.com\/wp-content\/uploads\/2024\/06\/logo-mystore.png\",\"width\":150,\"height\":41,\"caption\":\"MyStore - By STLFLIX\"},\"image\":{\"@id\":\"https:\/\/my.stlflix.com\/#\/schema\/logo\/image\/\"},\"sameAs\":[\"https:\/\/www.facebook.com\/STLFLIX\",\"https:\/\/www.instagram.com\/stlflix_\/\",\"https:\/\/www.tiktok.com\/@stlflix\"]}]}<\/script>\n<!-- \/ Yoast SEO plugin. -->","yoast_head_json":{"title":"Lumin\u00e1ria Porsche GT3 - MyStore - By STLFLIX","robots":{"index":"index","follow":"follow","max-snippet":"max-snippet:-1","max-image-preview":"max-image-preview:large","max-video-preview":"max-video-preview:-1"},"canonical":"https:\/\/my.stlflix.com\/es\/product\/luminaria-porsche-gt3\/","og_locale":"es_ES","og_type":"article","og_title":"Lumin\u00e1ria Porsche GT3 - MyStore - By STLFLIX","og_description":"Lumin\u00e1ria Decorativa Porsche GT3 \u2013 Estilo e Exclusividade em Cada Detalhe Destaque sua paix\u00e3o por carros com esta incr\u00edvel ilumina\u00e7\u00e3o inspirada no ic\u00f4nico Porsche GT3! Perfeito para dar um toque moderno e esportivo ao seu ambiente, seja no quarto, escrit\u00f3rio ou garagem. Com design compacto e sofisticado, esta lumin\u00e1ria tem as seguintes dimens\u00f5es: \ud83d\udccf Comprimento: [&hellip;]","og_url":"https:\/\/my.stlflix.com\/es\/product\/luminaria-porsche-gt3\/","og_site_name":"MyStore - By STLFLIX","article_publisher":"https:\/\/www.facebook.com\/STLFLIX","article_modified_time":"2025-05-11T22:56:22+00:00","og_image":[{"width":1928,"height":2560,"url":"https:\/\/my.stlflix.com\/wp-content\/uploads\/2025\/05\/IMG_20240802_223747-scaled.jpg","type":"image\/jpeg"}],"twitter_card":"summary_large_image","twitter_misc":{"Est. reading time":"1 minute"},"schema":{"@context":"https:\/\/schema.org","@graph":[{"@type":"WebPage","@id":"https:\/\/my.stlflix.com\/es\/product\/luminaria-porsche-gt3\/","url":"https:\/\/my.stlflix.com\/es\/product\/luminaria-porsche-gt3\/","name":"Lumin\u00e1ria Porsche GT3 - MyStore - By STLFLIX","isPartOf":{"@id":"https:\/\/my.stlflix.com\/#website"},"primaryImageOfPage":{"@id":"https:\/\/my.stlflix.com\/es\/product\/luminaria-porsche-gt3\/#primaryimage"},"image":{"@id":"https:\/\/my.stlflix.com\/es\/product\/luminaria-porsche-gt3\/#primaryimage"},"thumbnailUrl":"https:\/\/my.stlflix.com\/wp-content\/uploads\/2025\/05\/IMG_20240802_223747-scaled.jpg","datePublished":"2025-05-11T17:22:08+00:00","dateModified":"2025-05-11T22:56:22+00:00","breadcrumb":{"@id":"https:\/\/my.stlflix.com\/es\/product\/luminaria-porsche-gt3\/#breadcrumb"},"inLanguage":"es-ES","potentialAction":[{"@type":"ReadAction","target":["https:\/\/my.stlflix.com\/es\/product\/luminaria-porsche-gt3\/"]}]},{"@type":"ImageObject","inLanguage":"es-ES","@id":"https:\/\/my.stlflix.com\/es\/product\/luminaria-porsche-gt3\/#primaryimage","url":"https:\/\/my.stlflix.com\/wp-content\/uploads\/2025\/05\/IMG_20240802_223747-scaled.jpg","contentUrl":"https:\/\/my.stlflix.com\/wp-content\/uploads\/2025\/05\/IMG_20240802_223747-scaled.jpg","width":1928,"height":2560},{"@type":"BreadcrumbList","@id":"https:\/\/my.stlflix.com\/es\/product\/luminaria-porsche-gt3\/#breadcrumb","itemListElement":[{"@type":"ListItem","position":1,"name":"Home","item":"https:\/\/www.stlflix-store.com\/"},{"@type":"ListItem","position":2,"name":"Products","item":"https:\/\/www.stlflix-store.com\/shop\/"},{"@type":"ListItem","position":3,"name":"Lumin\u00e1ria Porsche GT3"}]},{"@type":"WebSite","@id":"https:\/\/my.stlflix.com\/#website","url":"https:\/\/my.stlflix.com\/","name":"MyStore - By STLFLIX","description":"","publisher":{"@id":"https:\/\/my.stlflix.com\/#organization"},"potentialAction":[{"@type":"SearchAction","target":{"@type":"EntryPoint","urlTemplate":"https:\/\/my.stlflix.com\/?s={search_term_string}"},"query-input":{"@type":"PropertyValueSpecification","valueRequired":true,"valueName":"search_term_string"}}],"inLanguage":"es-ES"},{"@type":"Organization","@id":"https:\/\/my.stlflix.com\/#organization","name":"MyStore - By STLFLIX","url":"https:\/\/my.stlflix.com\/","logo":{"@type":"ImageObject","inLanguage":"es-ES","@id":"https:\/\/my.stlflix.com\/#\/schema\/logo\/image\/","url":"https:\/\/my.stlflix.com\/wp-content\/uploads\/2024\/06\/logo-mystore.png","contentUrl":"https:\/\/my.stlflix.com\/wp-content\/uploads\/2024\/06\/logo-mystore.png","width":150,"height":41,"caption":"MyStore - By STLFLIX"},"image":{"@id":"https:\/\/my.stlflix.com\/#\/schema\/logo\/image\/"},"sameAs":["https:\/\/www.facebook.com\/STLFLIX","https:\/\/www.instagram.com\/stlflix_\/","https:\/\/www.tiktok.com\/@stlflix"]}]}},"_links":{"self":[{"href":"https:\/\/my.stlflix.com\/es\/wp-json\/wp\/v2\/product\/346340","targetHints":{"allow":["GET"]}}],"collection":[{"href":"https:\/\/my.stlflix.com\/es\/wp-json\/wp\/v2\/product"}],"about":[{"href":"https:\/\/my.stlflix.com\/es\/wp-json\/wp\/v2\/types\/product"}],"replies":[{"embeddable":true,"href":"https:\/\/my.stlflix.com\/es\/wp-json\/wp\/v2\/comments?post=346340"}],"wp:featuredmedia":[{"embeddable":true,"href":"https:\/\/my.stlflix.com\/es\/wp-json\/wp\/v2\/media\/346372"}],"wp:attachment":[{"href":"https:\/\/my.stlflix.com\/es\/wp-json\/wp\/v2\/media?parent=346340"}],"wp:term":[{"taxonomy":"product_brand","embeddable":true,"href":"https:\/\/my.stlflix.com\/es\/wp-json\/wp\/v2\/product_brand?post=346340"},{"taxonomy":"product_cat","embeddable":true,"href":"https:\/\/my.stlflix.com\/es\/wp-json\/wp\/v2\/product_cat?post=346340"},{"taxonomy":"product_tag","embeddable":true,"href":"https:\/\/my.stlflix.com\/es\/wp-json\/wp\/v2\/product_tag?post=346340"}],"curies":[{"name":"wp","href":"https:\/\/api.w.org\/{rel}","templated":true}]}}