{"id":346421,"date":"2025-05-11T21:26:26","date_gmt":"2025-05-11T21:26:26","guid":{"rendered":"https:\/\/my.stlflix.com\/?post_type=product&#038;p=346421"},"modified":"2025-05-11T21:43:53","modified_gmt":"2025-05-11T21:43:53","slug":"grabby-mcglove-controller-holder-68210fe9a4c01","status":"publish","type":"product","link":"https:\/\/my.stlflix.com\/es\/product\/grabby-mcglove-controller-holder-68210fe9a4c01\/","title":{"rendered":"Grabby McGlove Suporte de controle"},"content":{"rendered":"<p><!--StartFragment --><\/p>\n<p>Apresentamos o <strong>Grabby McGlove<\/strong>, o suporte definitivo para seus controles de videogame! \ud83c\udfae\ud83e\udde4<\/p>\n<p>Com um design imponente em formato de <strong>luva gigante<\/strong>, este suporte n\u00e3o \u00e9 apenas funcional, mas tamb\u00e9m uma pe\u00e7a de destaque para sua esta\u00e7\u00e3o gamer. Feito com materiais resistentes, ele mant\u00e9m seus controles organizados, seguros e sempre ao alcance das m\u00e3os. Perfeito para quem valoriza estilo e praticidade!<\/p>\n<p>Transforme seu setup com um toque de poder e personalidade\u2014porque at\u00e9 seus controles merecem um descanso digno de um campe\u00e3o!<\/p>\n<p><!--EndFragment --><\/p>\n","protected":false},"excerpt":{"rendered":"<p>Apresentamos o Grabby McGlove, o suporte definitivo para seus controles de videogame! \ud83c\udfae\ud83e\udde4 Com um design imponente em formato de luva gigante, este suporte n\u00e3o \u00e9 apenas funcional, mas tamb\u00e9m uma pe\u00e7a de destaque para sua esta\u00e7\u00e3o gamer. Feito com materiais resistentes, ele mant\u00e9m seus controles organizados, seguros e sempre ao alcance das m\u00e3os. Perfeito [&hellip;]<\/p>\n","protected":false},"featured_media":337208,"comment_status":"open","ping_status":"closed","template":"","meta":[],"product_brand":[],"product_cat":[15],"product_tag":[506],"class_list":{"0":"post-346421","1":"product","2":"type-product","3":"status-publish","4":"has-post-thumbnail","6":"product_cat-uncategorized","7":"product_tag-suporte-de-controle","9":"first","10":"instock","11":"purchasable","12":"product-type-variable","13":"has-default-attributes"},"yoast_head":"<!-- This site is optimized with the Yoast SEO plugin v25.1 - https:\/\/yoast.com\/wordpress\/plugins\/seo\/ -->\n<title>Grabby McGlove Suporte de controle - MyStore - By STLFLIX<\/title>\n<meta name=\"robots\" content=\"index, follow, max-snippet:-1, max-image-preview:large, max-video-preview:-1\" \/>\n<link rel=\"canonical\" href=\"https:\/\/my.stlflix.com\/es\/product\/grabby-mcglove-controller-holder-68210fe9a4c01\/\" \/>\n<meta property=\"og:locale\" content=\"es_ES\" \/>\n<meta property=\"og:type\" content=\"article\" \/>\n<meta property=\"og:title\" content=\"Grabby McGlove Suporte de controle - MyStore - By STLFLIX\" \/>\n<meta property=\"og:description\" content=\"Apresentamos o Grabby McGlove, o suporte definitivo para seus controles de videogame! \ud83c\udfae\ud83e\udde4 Com um design imponente em formato de luva gigante, este suporte n\u00e3o \u00e9 apenas funcional, mas tamb\u00e9m uma pe\u00e7a de destaque para sua esta\u00e7\u00e3o gamer. Feito com materiais resistentes, ele mant\u00e9m seus controles organizados, seguros e sempre ao alcance das m\u00e3os. Perfeito [&hellip;]\" \/>\n<meta property=\"og:url\" content=\"https:\/\/my.stlflix.com\/es\/product\/grabby-mcglove-controller-holder-68210fe9a4c01\/\" \/>\n<meta property=\"og:site_name\" content=\"MyStore - By STLFLIX\" \/>\n<meta property=\"article:publisher\" content=\"https:\/\/www.facebook.com\/STLFLIX\" \/>\n<meta property=\"article:modified_time\" content=\"2025-05-11T21:43:53+00:00\" \/>\n<meta property=\"og:image\" content=\"https:\/\/my.stlflix.com\/wp-content\/uploads\/2025\/04\/Grabby_Mc_Glove_Controller_Holderthumb_24875a627e.jpg\" \/>\n\t<meta property=\"og:image:width\" content=\"1080\" \/>\n\t<meta property=\"og:image:height\" content=\"1350\" \/>\n\t<meta property=\"og:image:type\" content=\"image\/jpeg\" \/>\n<meta name=\"twitter:card\" content=\"summary_large_image\" \/>\n<script type=\"application\/ld+json\" class=\"yoast-schema-graph\">{\"@context\":\"https:\/\/schema.org\",\"@graph\":[{\"@type\":\"WebPage\",\"@id\":\"https:\/\/my.stlflix.com\/es\/product\/grabby-mcglove-controller-holder-68210fe9a4c01\/\",\"url\":\"https:\/\/my.stlflix.com\/es\/product\/grabby-mcglove-controller-holder-68210fe9a4c01\/\",\"name\":\"Grabby McGlove Suporte de controle - MyStore - By STLFLIX\",\"isPartOf\":{\"@id\":\"https:\/\/my.stlflix.com\/#website\"},\"primaryImageOfPage\":{\"@id\":\"https:\/\/my.stlflix.com\/es\/product\/grabby-mcglove-controller-holder-68210fe9a4c01\/#primaryimage\"},\"image\":{\"@id\":\"https:\/\/my.stlflix.com\/es\/product\/grabby-mcglove-controller-holder-68210fe9a4c01\/#primaryimage\"},\"thumbnailUrl\":\"https:\/\/my.stlflix.com\/wp-content\/uploads\/2025\/04\/Grabby_Mc_Glove_Controller_Holderthumb_24875a627e.jpg\",\"datePublished\":\"2025-05-11T21:26:26+00:00\",\"dateModified\":\"2025-05-11T21:43:53+00:00\",\"breadcrumb\":{\"@id\":\"https:\/\/my.stlflix.com\/es\/product\/grabby-mcglove-controller-holder-68210fe9a4c01\/#breadcrumb\"},\"inLanguage\":\"es-ES\",\"potentialAction\":[{\"@type\":\"ReadAction\",\"target\":[\"https:\/\/my.stlflix.com\/es\/product\/grabby-mcglove-controller-holder-68210fe9a4c01\/\"]}]},{\"@type\":\"ImageObject\",\"inLanguage\":\"es-ES\",\"@id\":\"https:\/\/my.stlflix.com\/es\/product\/grabby-mcglove-controller-holder-68210fe9a4c01\/#primaryimage\",\"url\":\"https:\/\/my.stlflix.com\/wp-content\/uploads\/2025\/04\/Grabby_Mc_Glove_Controller_Holderthumb_24875a627e.jpg\",\"contentUrl\":\"https:\/\/my.stlflix.com\/wp-content\/uploads\/2025\/04\/Grabby_Mc_Glove_Controller_Holderthumb_24875a627e.jpg\",\"width\":1080,\"height\":1350},{\"@type\":\"BreadcrumbList\",\"@id\":\"https:\/\/my.stlflix.com\/es\/product\/grabby-mcglove-controller-holder-68210fe9a4c01\/#breadcrumb\",\"itemListElement\":[{\"@type\":\"ListItem\",\"position\":1,\"name\":\"Home\",\"item\":\"https:\/\/www.stlflix-store.com\/\"},{\"@type\":\"ListItem\",\"position\":2,\"name\":\"Products\",\"item\":\"https:\/\/www.stlflix-store.com\/shop\/\"},{\"@type\":\"ListItem\",\"position\":3,\"name\":\"Grabby McGlove Suporte de controle\"}]},{\"@type\":\"WebSite\",\"@id\":\"https:\/\/my.stlflix.com\/#website\",\"url\":\"https:\/\/my.stlflix.com\/\",\"name\":\"MyStore - By STLFLIX\",\"description\":\"\",\"publisher\":{\"@id\":\"https:\/\/my.stlflix.com\/#organization\"},\"potentialAction\":[{\"@type\":\"SearchAction\",\"target\":{\"@type\":\"EntryPoint\",\"urlTemplate\":\"https:\/\/my.stlflix.com\/?s={search_term_string}\"},\"query-input\":{\"@type\":\"PropertyValueSpecification\",\"valueRequired\":true,\"valueName\":\"search_term_string\"}}],\"inLanguage\":\"es-ES\"},{\"@type\":\"Organization\",\"@id\":\"https:\/\/my.stlflix.com\/#organization\",\"name\":\"MyStore - By STLFLIX\",\"url\":\"https:\/\/my.stlflix.com\/\",\"logo\":{\"@type\":\"ImageObject\",\"inLanguage\":\"es-ES\",\"@id\":\"https:\/\/my.stlflix.com\/#\/schema\/logo\/image\/\",\"url\":\"https:\/\/my.stlflix.com\/wp-content\/uploads\/2024\/06\/logo-mystore.png\",\"contentUrl\":\"https:\/\/my.stlflix.com\/wp-content\/uploads\/2024\/06\/logo-mystore.png\",\"width\":150,\"height\":41,\"caption\":\"MyStore - By STLFLIX\"},\"image\":{\"@id\":\"https:\/\/my.stlflix.com\/#\/schema\/logo\/image\/\"},\"sameAs\":[\"https:\/\/www.facebook.com\/STLFLIX\",\"https:\/\/www.instagram.com\/stlflix_\/\",\"https:\/\/www.tiktok.com\/@stlflix\"]}]}<\/script>\n<!-- \/ Yoast SEO plugin. -->","yoast_head_json":{"title":"Grabby McGlove Suporte de controle - MyStore - By STLFLIX","robots":{"index":"index","follow":"follow","max-snippet":"max-snippet:-1","max-image-preview":"max-image-preview:large","max-video-preview":"max-video-preview:-1"},"canonical":"https:\/\/my.stlflix.com\/es\/product\/grabby-mcglove-controller-holder-68210fe9a4c01\/","og_locale":"es_ES","og_type":"article","og_title":"Grabby McGlove Suporte de controle - MyStore - By STLFLIX","og_description":"Apresentamos o Grabby McGlove, o suporte definitivo para seus controles de videogame! \ud83c\udfae\ud83e\udde4 Com um design imponente em formato de luva gigante, este suporte n\u00e3o \u00e9 apenas funcional, mas tamb\u00e9m uma pe\u00e7a de destaque para sua esta\u00e7\u00e3o gamer. Feito com materiais resistentes, ele mant\u00e9m seus controles organizados, seguros e sempre ao alcance das m\u00e3os. Perfeito [&hellip;]","og_url":"https:\/\/my.stlflix.com\/es\/product\/grabby-mcglove-controller-holder-68210fe9a4c01\/","og_site_name":"MyStore - By STLFLIX","article_publisher":"https:\/\/www.facebook.com\/STLFLIX","article_modified_time":"2025-05-11T21:43:53+00:00","og_image":[{"width":1080,"height":1350,"url":"https:\/\/my.stlflix.com\/wp-content\/uploads\/2025\/04\/Grabby_Mc_Glove_Controller_Holderthumb_24875a627e.jpg","type":"image\/jpeg"}],"twitter_card":"summary_large_image","schema":{"@context":"https:\/\/schema.org","@graph":[{"@type":"WebPage","@id":"https:\/\/my.stlflix.com\/es\/product\/grabby-mcglove-controller-holder-68210fe9a4c01\/","url":"https:\/\/my.stlflix.com\/es\/product\/grabby-mcglove-controller-holder-68210fe9a4c01\/","name":"Grabby McGlove Suporte de controle - MyStore - By STLFLIX","isPartOf":{"@id":"https:\/\/my.stlflix.com\/#website"},"primaryImageOfPage":{"@id":"https:\/\/my.stlflix.com\/es\/product\/grabby-mcglove-controller-holder-68210fe9a4c01\/#primaryimage"},"image":{"@id":"https:\/\/my.stlflix.com\/es\/product\/grabby-mcglove-controller-holder-68210fe9a4c01\/#primaryimage"},"thumbnailUrl":"https:\/\/my.stlflix.com\/wp-content\/uploads\/2025\/04\/Grabby_Mc_Glove_Controller_Holderthumb_24875a627e.jpg","datePublished":"2025-05-11T21:26:26+00:00","dateModified":"2025-05-11T21:43:53+00:00","breadcrumb":{"@id":"https:\/\/my.stlflix.com\/es\/product\/grabby-mcglove-controller-holder-68210fe9a4c01\/#breadcrumb"},"inLanguage":"es-ES","potentialAction":[{"@type":"ReadAction","target":["https:\/\/my.stlflix.com\/es\/product\/grabby-mcglove-controller-holder-68210fe9a4c01\/"]}]},{"@type":"ImageObject","inLanguage":"es-ES","@id":"https:\/\/my.stlflix.com\/es\/product\/grabby-mcglove-controller-holder-68210fe9a4c01\/#primaryimage","url":"https:\/\/my.stlflix.com\/wp-content\/uploads\/2025\/04\/Grabby_Mc_Glove_Controller_Holderthumb_24875a627e.jpg","contentUrl":"https:\/\/my.stlflix.com\/wp-content\/uploads\/2025\/04\/Grabby_Mc_Glove_Controller_Holderthumb_24875a627e.jpg","width":1080,"height":1350},{"@type":"BreadcrumbList","@id":"https:\/\/my.stlflix.com\/es\/product\/grabby-mcglove-controller-holder-68210fe9a4c01\/#breadcrumb","itemListElement":[{"@type":"ListItem","position":1,"name":"Home","item":"https:\/\/www.stlflix-store.com\/"},{"@type":"ListItem","position":2,"name":"Products","item":"https:\/\/www.stlflix-store.com\/shop\/"},{"@type":"ListItem","position":3,"name":"Grabby McGlove Suporte de controle"}]},{"@type":"WebSite","@id":"https:\/\/my.stlflix.com\/#website","url":"https:\/\/my.stlflix.com\/","name":"MyStore - By STLFLIX","description":"","publisher":{"@id":"https:\/\/my.stlflix.com\/#organization"},"potentialAction":[{"@type":"SearchAction","target":{"@type":"EntryPoint","urlTemplate":"https:\/\/my.stlflix.com\/?s={search_term_string}"},"query-input":{"@type":"PropertyValueSpecification","valueRequired":true,"valueName":"search_term_string"}}],"inLanguage":"es-ES"},{"@type":"Organization","@id":"https:\/\/my.stlflix.com\/#organization","name":"MyStore - By STLFLIX","url":"https:\/\/my.stlflix.com\/","logo":{"@type":"ImageObject","inLanguage":"es-ES","@id":"https:\/\/my.stlflix.com\/#\/schema\/logo\/image\/","url":"https:\/\/my.stlflix.com\/wp-content\/uploads\/2024\/06\/logo-mystore.png","contentUrl":"https:\/\/my.stlflix.com\/wp-content\/uploads\/2024\/06\/logo-mystore.png","width":150,"height":41,"caption":"MyStore - By STLFLIX"},"image":{"@id":"https:\/\/my.stlflix.com\/#\/schema\/logo\/image\/"},"sameAs":["https:\/\/www.facebook.com\/STLFLIX","https:\/\/www.instagram.com\/stlflix_\/","https:\/\/www.tiktok.com\/@stlflix"]}]}},"_links":{"self":[{"href":"https:\/\/my.stlflix.com\/es\/wp-json\/wp\/v2\/product\/346421","targetHints":{"allow":["GET"]}}],"collection":[{"href":"https:\/\/my.stlflix.com\/es\/wp-json\/wp\/v2\/product"}],"about":[{"href":"https:\/\/my.stlflix.com\/es\/wp-json\/wp\/v2\/types\/product"}],"replies":[{"embeddable":true,"href":"https:\/\/my.stlflix.com\/es\/wp-json\/wp\/v2\/comments?post=346421"}],"wp:featuredmedia":[{"embeddable":true,"href":"https:\/\/my.stlflix.com\/es\/wp-json\/wp\/v2\/media\/337208"}],"wp:attachment":[{"href":"https:\/\/my.stlflix.com\/es\/wp-json\/wp\/v2\/media?parent=346421"}],"wp:term":[{"taxonomy":"product_brand","embeddable":true,"href":"https:\/\/my.stlflix.com\/es\/wp-json\/wp\/v2\/product_brand?post=346421"},{"taxonomy":"product_cat","embeddable":true,"href":"https:\/\/my.stlflix.com\/es\/wp-json\/wp\/v2\/product_cat?post=346421"},{"taxonomy":"product_tag","embeddable":true,"href":"https:\/\/my.stlflix.com\/es\/wp-json\/wp\/v2\/product_tag?post=346421"}],"curies":[{"name":"wp","href":"https:\/\/api.w.org\/{rel}","templated":true}]}}