{"id":35451,"date":"2024-06-04T04:54:59","date_gmt":"2024-06-04T04:54:59","guid":{"rendered":"https:\/\/my.stlflix.com\/?post_type=product&#038;p=35451"},"modified":"2024-12-22T11:11:31","modified_gmt":"2024-12-22T11:11:31","slug":"night-owl","status":"publish","type":"product","link":"https:\/\/my.stlflix.com\/es\/product\/night-owl\/","title":{"rendered":"Night Owl"},"content":{"rendered":"<p>Wir fertigen jede Lampe individuell nach Ihren Vorstellungen und W\u00fcnschen. Die Lichteffekte sind optional (aber inklusive). Die Lampe startet nach dem Einschalten mit ihrer pers\u00f6nlichen Standardbeleuchtung, wobei mehrere aufeinanderfolgende Effekte im Video dargestellt werden (bestimmte Farben und Effekte k\u00f6nnen, m\u00fcssen aber nicht eingestellt werden).<\/p>\n<p>Die Steuerung kann optional \u00fcber eine App oder eine Web-Oberfl\u00e4che erfolgen. Die Einrichtung ist einfach und kann von uns unterst\u00fctzt werden. Beachten Sie, dass die Einbindung in Ihr Netzwerk f\u00fcr die Steuerung per App oder Web-Oberfl\u00e4che erforderlich ist.<\/p>\n<p>Die Lampe dient zur Dekoration oder als Nachtlicht, da die Leuchtkraft je nach Farbe und Untergrund variieren kann. Die verbauten LEDs sind steuerbare NeoPixel (RGB) und werden per USB-C mit Strom versorgt. Optional kann ein Batteriefach eingebaut werden, jedoch wird dies nicht empfohlen, da Batterien oft ausgetauscht werden m\u00fcssen. Wenn die Option &#8220;mit Batteriefach&#8221; ausgew\u00e4hlt wird, ist es dennoch m\u00f6glich, die Eule per USB-C zu betreiben.<\/p>\n","protected":false},"excerpt":{"rendered":"<p>Design: Nacht-Eule<br \/>\nGr\u00f6\u00dfe: Ca. 21 cm H\u00f6he<br \/>\nAufbau: Die Fl\u00fcgel werden mit faszinierenden Lichteffekten erzeugt<\/p>\n","protected":false},"featured_media":35430,"comment_status":"open","ping_status":"closed","template":"","meta":[],"product_brand":[],"product_cat":[15],"product_tag":[153,152],"class_list":{"0":"post-35451","1":"product","2":"type-product","3":"status-publish","4":"has-post-thumbnail","6":"product_cat-uncategorized","7":"product_tag-led","8":"product_tag-owl","10":"first","11":"instock","12":"sold-individually","13":"taxable","14":"shipping-taxable","15":"purchasable","16":"product-type-simple"},"yoast_head":"<!-- This site is optimized with the Yoast SEO plugin v25.1 - https:\/\/yoast.com\/wordpress\/plugins\/seo\/ -->\n<title>Night Owl<\/title>\n<meta name=\"robots\" content=\"index, follow, max-snippet:-1, max-image-preview:large, max-video-preview:-1\" \/>\n<link rel=\"canonical\" href=\"https:\/\/www.lojadomandela3d.biz\/product\/night-owl\/\" \/>\n<meta property=\"og:locale\" content=\"es_ES\" \/>\n<meta property=\"og:type\" content=\"article\" \/>\n<meta property=\"og:title\" content=\"Night Owl\" \/>\n<meta property=\"og:description\" content=\"Design: Nacht-Eule Gr\u00f6\u00dfe: Ca. 21 cm H\u00f6he Aufbau: Die Fl\u00fcgel werden mit faszinierenden Lichteffekten erzeugt\" \/>\n<meta property=\"og:url\" content=\"https:\/\/www.lojadomandela3d.biz\/product\/night-owl\/\" \/>\n<meta property=\"og:site_name\" content=\"MyStore - By STLFLIX\" \/>\n<meta property=\"article:publisher\" content=\"https:\/\/www.facebook.com\/STLFLIX\" \/>\n<meta property=\"article:modified_time\" content=\"2024-12-22T11:11:31+00:00\" \/>\n<meta property=\"og:image\" content=\"https:\/\/www.lojadomandela3d.biz\/wp-content\/uploads\/2024\/06\/IMG_5579-Bearbeitet.jpg\" \/>\n\t<meta property=\"og:image:width\" content=\"992\" \/>\n\t<meta property=\"og:image:height\" content=\"661\" \/>\n\t<meta property=\"og:image:type\" content=\"image\/jpeg\" \/>\n<meta name=\"twitter:card\" content=\"summary_large_image\" \/>\n<meta name=\"twitter:label1\" content=\"Est. reading time\" \/>\n\t<meta name=\"twitter:data1\" content=\"1 minute\" \/>\n<script type=\"application\/ld+json\" class=\"yoast-schema-graph\">{\"@context\":\"https:\/\/schema.org\",\"@graph\":[{\"@type\":\"WebPage\",\"@id\":\"https:\/\/www.lojadomandela3d.biz\/product\/night-owl\/\",\"url\":\"https:\/\/www.lojadomandela3d.biz\/product\/night-owl\/\",\"name\":\"Night Owl\",\"isPartOf\":{\"@id\":\"https:\/\/my.stlflix.com\/#website\"},\"primaryImageOfPage\":{\"@id\":\"https:\/\/www.lojadomandela3d.biz\/product\/night-owl\/#primaryimage\"},\"image\":{\"@id\":\"https:\/\/www.lojadomandela3d.biz\/product\/night-owl\/#primaryimage\"},\"thumbnailUrl\":\"https:\/\/my.stlflix.com\/wp-content\/uploads\/2024\/06\/IMG_5579-Bearbeitet.jpg\",\"datePublished\":\"2024-06-04T04:54:59+00:00\",\"dateModified\":\"2024-12-22T11:11:31+00:00\",\"breadcrumb\":{\"@id\":\"https:\/\/www.lojadomandela3d.biz\/product\/night-owl\/#breadcrumb\"},\"inLanguage\":\"es-ES\",\"potentialAction\":[{\"@type\":\"ReadAction\",\"target\":[\"https:\/\/www.lojadomandela3d.biz\/product\/night-owl\/\"]}]},{\"@type\":\"ImageObject\",\"inLanguage\":\"es-ES\",\"@id\":\"https:\/\/www.lojadomandela3d.biz\/product\/night-owl\/#primaryimage\",\"url\":\"https:\/\/my.stlflix.com\/wp-content\/uploads\/2024\/06\/IMG_5579-Bearbeitet.jpg\",\"contentUrl\":\"https:\/\/my.stlflix.com\/wp-content\/uploads\/2024\/06\/IMG_5579-Bearbeitet.jpg\",\"width\":992,\"height\":661},{\"@type\":\"BreadcrumbList\",\"@id\":\"https:\/\/www.lojadomandela3d.biz\/product\/night-owl\/#breadcrumb\",\"itemListElement\":[{\"@type\":\"ListItem\",\"position\":1,\"name\":\"Home\",\"item\":\"https:\/\/www.stlflix-store.com\/\"},{\"@type\":\"ListItem\",\"position\":2,\"name\":\"Products\",\"item\":\"https:\/\/www.stlflix-store.com\/shop\/\"},{\"@type\":\"ListItem\",\"position\":3,\"name\":\"Night Owl\"}]},{\"@type\":\"WebSite\",\"@id\":\"https:\/\/my.stlflix.com\/#website\",\"url\":\"https:\/\/my.stlflix.com\/\",\"name\":\"MyStore - By STLFLIX\",\"description\":\"\",\"publisher\":{\"@id\":\"https:\/\/my.stlflix.com\/#organization\"},\"potentialAction\":[{\"@type\":\"SearchAction\",\"target\":{\"@type\":\"EntryPoint\",\"urlTemplate\":\"https:\/\/my.stlflix.com\/?s={search_term_string}\"},\"query-input\":{\"@type\":\"PropertyValueSpecification\",\"valueRequired\":true,\"valueName\":\"search_term_string\"}}],\"inLanguage\":\"es-ES\"},{\"@type\":\"Organization\",\"@id\":\"https:\/\/my.stlflix.com\/#organization\",\"name\":\"MyStore - By STLFLIX\",\"url\":\"https:\/\/my.stlflix.com\/\",\"logo\":{\"@type\":\"ImageObject\",\"inLanguage\":\"es-ES\",\"@id\":\"https:\/\/my.stlflix.com\/#\/schema\/logo\/image\/\",\"url\":\"https:\/\/my.stlflix.com\/wp-content\/uploads\/2024\/06\/logo-mystore.png\",\"contentUrl\":\"https:\/\/my.stlflix.com\/wp-content\/uploads\/2024\/06\/logo-mystore.png\",\"width\":150,\"height\":41,\"caption\":\"MyStore - By STLFLIX\"},\"image\":{\"@id\":\"https:\/\/my.stlflix.com\/#\/schema\/logo\/image\/\"},\"sameAs\":[\"https:\/\/www.facebook.com\/STLFLIX\",\"https:\/\/www.instagram.com\/stlflix_\/\",\"https:\/\/www.tiktok.com\/@stlflix\"]}]}<\/script>\n<!-- \/ Yoast SEO plugin. -->","yoast_head_json":{"title":"Night Owl","robots":{"index":"index","follow":"follow","max-snippet":"max-snippet:-1","max-image-preview":"max-image-preview:large","max-video-preview":"max-video-preview:-1"},"canonical":"https:\/\/www.lojadomandela3d.biz\/product\/night-owl\/","og_locale":"es_ES","og_type":"article","og_title":"Night Owl","og_description":"Design: Nacht-Eule Gr\u00f6\u00dfe: Ca. 21 cm H\u00f6he Aufbau: Die Fl\u00fcgel werden mit faszinierenden Lichteffekten erzeugt","og_url":"https:\/\/www.lojadomandela3d.biz\/product\/night-owl\/","og_site_name":"MyStore - By STLFLIX","article_publisher":"https:\/\/www.facebook.com\/STLFLIX","article_modified_time":"2024-12-22T11:11:31+00:00","og_image":[{"width":992,"height":661,"url":"https:\/\/www.lojadomandela3d.biz\/wp-content\/uploads\/2024\/06\/IMG_5579-Bearbeitet.jpg","type":"image\/jpeg"}],"twitter_card":"summary_large_image","twitter_misc":{"Est. reading time":"1 minute"},"schema":{"@context":"https:\/\/schema.org","@graph":[{"@type":"WebPage","@id":"https:\/\/www.lojadomandela3d.biz\/product\/night-owl\/","url":"https:\/\/www.lojadomandela3d.biz\/product\/night-owl\/","name":"Night Owl","isPartOf":{"@id":"https:\/\/my.stlflix.com\/#website"},"primaryImageOfPage":{"@id":"https:\/\/www.lojadomandela3d.biz\/product\/night-owl\/#primaryimage"},"image":{"@id":"https:\/\/www.lojadomandela3d.biz\/product\/night-owl\/#primaryimage"},"thumbnailUrl":"https:\/\/my.stlflix.com\/wp-content\/uploads\/2024\/06\/IMG_5579-Bearbeitet.jpg","datePublished":"2024-06-04T04:54:59+00:00","dateModified":"2024-12-22T11:11:31+00:00","breadcrumb":{"@id":"https:\/\/www.lojadomandela3d.biz\/product\/night-owl\/#breadcrumb"},"inLanguage":"es-ES","potentialAction":[{"@type":"ReadAction","target":["https:\/\/www.lojadomandela3d.biz\/product\/night-owl\/"]}]},{"@type":"ImageObject","inLanguage":"es-ES","@id":"https:\/\/www.lojadomandela3d.biz\/product\/night-owl\/#primaryimage","url":"https:\/\/my.stlflix.com\/wp-content\/uploads\/2024\/06\/IMG_5579-Bearbeitet.jpg","contentUrl":"https:\/\/my.stlflix.com\/wp-content\/uploads\/2024\/06\/IMG_5579-Bearbeitet.jpg","width":992,"height":661},{"@type":"BreadcrumbList","@id":"https:\/\/www.lojadomandela3d.biz\/product\/night-owl\/#breadcrumb","itemListElement":[{"@type":"ListItem","position":1,"name":"Home","item":"https:\/\/www.stlflix-store.com\/"},{"@type":"ListItem","position":2,"name":"Products","item":"https:\/\/www.stlflix-store.com\/shop\/"},{"@type":"ListItem","position":3,"name":"Night Owl"}]},{"@type":"WebSite","@id":"https:\/\/my.stlflix.com\/#website","url":"https:\/\/my.stlflix.com\/","name":"MyStore - By STLFLIX","description":"","publisher":{"@id":"https:\/\/my.stlflix.com\/#organization"},"potentialAction":[{"@type":"SearchAction","target":{"@type":"EntryPoint","urlTemplate":"https:\/\/my.stlflix.com\/?s={search_term_string}"},"query-input":{"@type":"PropertyValueSpecification","valueRequired":true,"valueName":"search_term_string"}}],"inLanguage":"es-ES"},{"@type":"Organization","@id":"https:\/\/my.stlflix.com\/#organization","name":"MyStore - By STLFLIX","url":"https:\/\/my.stlflix.com\/","logo":{"@type":"ImageObject","inLanguage":"es-ES","@id":"https:\/\/my.stlflix.com\/#\/schema\/logo\/image\/","url":"https:\/\/my.stlflix.com\/wp-content\/uploads\/2024\/06\/logo-mystore.png","contentUrl":"https:\/\/my.stlflix.com\/wp-content\/uploads\/2024\/06\/logo-mystore.png","width":150,"height":41,"caption":"MyStore - By STLFLIX"},"image":{"@id":"https:\/\/my.stlflix.com\/#\/schema\/logo\/image\/"},"sameAs":["https:\/\/www.facebook.com\/STLFLIX","https:\/\/www.instagram.com\/stlflix_\/","https:\/\/www.tiktok.com\/@stlflix"]}]}},"_links":{"self":[{"href":"https:\/\/my.stlflix.com\/es\/wp-json\/wp\/v2\/product\/35451","targetHints":{"allow":["GET"]}}],"collection":[{"href":"https:\/\/my.stlflix.com\/es\/wp-json\/wp\/v2\/product"}],"about":[{"href":"https:\/\/my.stlflix.com\/es\/wp-json\/wp\/v2\/types\/product"}],"replies":[{"embeddable":true,"href":"https:\/\/my.stlflix.com\/es\/wp-json\/wp\/v2\/comments?post=35451"}],"wp:featuredmedia":[{"embeddable":true,"href":"https:\/\/my.stlflix.com\/es\/wp-json\/wp\/v2\/media\/35430"}],"wp:attachment":[{"href":"https:\/\/my.stlflix.com\/es\/wp-json\/wp\/v2\/media?parent=35451"}],"wp:term":[{"taxonomy":"product_brand","embeddable":true,"href":"https:\/\/my.stlflix.com\/es\/wp-json\/wp\/v2\/product_brand?post=35451"},{"taxonomy":"product_cat","embeddable":true,"href":"https:\/\/my.stlflix.com\/es\/wp-json\/wp\/v2\/product_cat?post=35451"},{"taxonomy":"product_tag","embeddable":true,"href":"https:\/\/my.stlflix.com\/es\/wp-json\/wp\/v2\/product_tag?post=35451"}],"curies":[{"name":"wp","href":"https:\/\/api.w.org\/{rel}","templated":true}]}}