{"id":354638,"date":"2025-05-17T14:48:25","date_gmt":"2025-05-17T14:48:25","guid":{"rendered":"https:\/\/my.stlflix.com\/?post_type=product&#038;p=354638"},"modified":"2025-05-18T17:15:53","modified_gmt":"2025-05-18T17:15:53","slug":"baby-triceratops-6828926dc3a15","status":"publish","type":"product","link":"https:\/\/my.stlflix.com\/es\/product\/baby-triceratops-6828926dc3a15\/","title":{"rendered":"Baby Triceratops"},"content":{"rendered":"<p>Un mini dinosaure trop mignon, parfait comme cadeau ou d\u00e9co de bureau!**<\/p>\n<p>&nbsp;<\/p>\n<h3 class=\"\" data-start=\"484\" data-end=\"515\">\ud83d\udce6 <strong data-start=\"491\" data-end=\"515\">D\u00e9tails du produit :<\/strong><\/h3>\n<ul data-start=\"516\" data-end=\"764\">\n<li class=\"\" data-start=\"516\" data-end=\"558\">\n<p class=\"\" data-start=\"518\" data-end=\"558\">Mat\u00e9riau : PLA (biod\u00e9gradable et solide)<\/p>\n<\/li>\n<li class=\"\" data-start=\"559\" data-end=\"578\">\n<p class=\"\" data-start=\"561\" data-end=\"578\">Longueur : ~15 cm<\/p>\n<\/li>\n<li class=\"\" data-start=\"620\" data-end=\"705\">\n<p class=\"\" data-start=\"622\" data-end=\"705\">Couleurs disponibles : [\u00c0 personnaliser \u2013 ex. : vert, rose, multicolore, surprise!]<\/p>\n<\/li>\n<li class=\"\" data-start=\"706\" data-end=\"764\">\n<p class=\"\" data-start=\"708\" data-end=\"764\">Finition : Impression 3D soign\u00e9e, l\u00e9g\u00e8re texture visible<\/p>\n<\/li>\n<\/ul>\n<hr class=\"\" data-start=\"766\" data-end=\"769\" \/>\n<h3 class=\"\" data-start=\"771\" data-end=\"796\">\ud83c\udf81 <strong data-start=\"778\" data-end=\"796\">Parfait pour :<\/strong><\/h3>\n<ul data-start=\"797\" data-end=\"887\">\n<li class=\"\" data-start=\"797\" data-end=\"822\">\n<p class=\"\" data-start=\"799\" data-end=\"822\">Cadeau pour enfant (6+)<\/p>\n<\/li>\n<li class=\"\" data-start=\"823\" data-end=\"842\">\n<p class=\"\" data-start=\"825\" data-end=\"842\">Fan de dinosaures<\/p>\n<\/li>\n<li class=\"\" data-start=\"843\" data-end=\"860\">\n<p class=\"\" data-start=\"845\" data-end=\"860\">D\u00e9coration geek<\/p>\n<\/li>\n<li class=\"\" data-start=\"861\" data-end=\"887\">\n<p class=\"\" data-start=\"863\" data-end=\"887\">Jouet sensoriel<\/p>\n<\/li>\n<\/ul>\n<hr class=\"\" data-start=\"889\" data-end=\"892\" \/>\n<h3 class=\"\" data-start=\"894\" data-end=\"922\">\ud83d\udd04 <strong data-start=\"901\" data-end=\"922\">Personnalisable ?<\/strong><\/h3>\n<p class=\"\" data-start=\"923\" data-end=\"998\">\u2705 Oui \u2013 Couleur au choix<br data-start=\"947\" data-end=\"950\" \/>\u2705 Possibilit\u00e9 d\u2019ajouter un nom sur le dos (+3 $)<\/p>\n<hr class=\"\" data-start=\"1000\" data-end=\"1003\" \/>\n<hr class=\"\" data-start=\"1070\" data-end=\"1073\" \/>\n<h3 class=\"\" data-start=\"1075\" data-end=\"1109\">\ud83d\ude9a <strong data-start=\"1082\" data-end=\"1109\">Livraison &amp; ramassage :<\/strong><\/h3>\n<ul data-start=\"1110\" data-end=\"1211\">\n<li class=\"\" data-start=\"1110\" data-end=\"1142\">\n<p class=\"\" data-start=\"1112\" data-end=\"1142\">\ud83d\udce6 Livraison partout au Qu\u00e9bec<\/p>\n<\/li>\n<li class=\"\" data-start=\"1143\" data-end=\"1176\">\n<p class=\"\" data-start=\"1145\" data-end=\"1176\">\ud83d\udccd Ramassage possible \u00e0 [ville]<\/p>\n<\/li>\n<li class=\"\" data-start=\"1177\" data-end=\"1211\">\n<p class=\"\" data-start=\"1179\" data-end=\"1211\">\u23f3 D\u00e9lais : 2 \u00e0 4 jours ouvrables<\/p>\n<\/li>\n<\/ul>\n","protected":false},"excerpt":{"rendered":"<p>Un mini dinosaure trop mignon, parfait comme cadeau ou d\u00e9co de bureau!** &nbsp; \ud83d\udce6 D\u00e9tails du produit : Mat\u00e9riau : PLA (biod\u00e9gradable et solide) Longueur : ~15 cm Couleurs disponibles : [\u00c0 personnaliser \u2013 ex. : vert, rose, multicolore, surprise!] Finition : Impression 3D soign\u00e9e, l\u00e9g\u00e8re texture visible \ud83c\udf81 Parfait pour : Cadeau pour enfant [&hellip;]<\/p>\n","protected":false},"featured_media":53250,"comment_status":"open","ping_status":"closed","template":"","meta":[],"product_brand":[],"product_cat":[19],"product_tag":[5934,546,3765,2234],"class_list":{"0":"post-354638","1":"product","2":"type-product","3":"status-publish","4":"has-post-thumbnail","6":"product_cat-animals","7":"product_tag-decore","8":"product_tag-dinosaure","9":"product_tag-enfant","10":"product_tag-figurine","12":"first","13":"instock","14":"shipping-taxable","15":"purchasable","16":"product-type-simple"},"yoast_head":"<!-- This site is optimized with the Yoast SEO plugin v25.1 - https:\/\/yoast.com\/wordpress\/plugins\/seo\/ -->\n<title>Baby Triceratops - MyStore - By STLFLIX<\/title>\n<meta name=\"robots\" content=\"index, follow, max-snippet:-1, max-image-preview:large, max-video-preview:-1\" \/>\n<link rel=\"canonical\" href=\"https:\/\/www.testeminhalojamandela.biz\/product\/baby-triceratops-6828926dc3a15\/\" \/>\n<meta property=\"og:locale\" content=\"es_ES\" \/>\n<meta property=\"og:type\" content=\"article\" \/>\n<meta property=\"og:title\" content=\"Baby Triceratops - MyStore - By STLFLIX\" \/>\n<meta property=\"og:description\" content=\"Un mini dinosaure trop mignon, parfait comme cadeau ou d\u00e9co de bureau!** &nbsp; \ud83d\udce6 D\u00e9tails du produit : Mat\u00e9riau : PLA (biod\u00e9gradable et solide) Longueur : ~15 cm Couleurs disponibles : [\u00c0 personnaliser \u2013 ex. : vert, rose, multicolore, surprise!] Finition : Impression 3D soign\u00e9e, l\u00e9g\u00e8re texture visible \ud83c\udf81 Parfait pour : Cadeau pour enfant [&hellip;]\" \/>\n<meta property=\"og:url\" content=\"https:\/\/www.testeminhalojamandela.biz\/product\/baby-triceratops-6828926dc3a15\/\" \/>\n<meta property=\"og:site_name\" content=\"MyStore - By STLFLIX\" \/>\n<meta property=\"article:publisher\" content=\"https:\/\/www.facebook.com\/STLFLIX\" \/>\n<meta property=\"article:modified_time\" content=\"2025-05-18T17:15:53+00:00\" \/>\n<meta property=\"og:image\" content=\"https:\/\/www.testeminhalojamandela.biz\/wp-content\/uploads\/2024\/07\/Baby_Triceratopsthumb_87c5c2d98c.jpg\" \/>\n\t<meta property=\"og:image:width\" content=\"1080\" \/>\n\t<meta property=\"og:image:height\" content=\"1350\" \/>\n\t<meta property=\"og:image:type\" content=\"image\/jpeg\" \/>\n<meta name=\"twitter:card\" content=\"summary_large_image\" \/>\n<script type=\"application\/ld+json\" class=\"yoast-schema-graph\">{\"@context\":\"https:\/\/schema.org\",\"@graph\":[{\"@type\":\"WebPage\",\"@id\":\"https:\/\/www.testeminhalojamandela.biz\/product\/baby-triceratops-6828926dc3a15\/\",\"url\":\"https:\/\/www.testeminhalojamandela.biz\/product\/baby-triceratops-6828926dc3a15\/\",\"name\":\"Baby Triceratops - MyStore - By STLFLIX\",\"isPartOf\":{\"@id\":\"https:\/\/my.stlflix.com\/#website\"},\"primaryImageOfPage\":{\"@id\":\"https:\/\/www.testeminhalojamandela.biz\/product\/baby-triceratops-6828926dc3a15\/#primaryimage\"},\"image\":{\"@id\":\"https:\/\/www.testeminhalojamandela.biz\/product\/baby-triceratops-6828926dc3a15\/#primaryimage\"},\"thumbnailUrl\":\"https:\/\/my.stlflix.com\/wp-content\/uploads\/2024\/07\/Baby_Triceratopsthumb_87c5c2d98c.jpg\",\"datePublished\":\"2025-05-17T14:48:25+00:00\",\"dateModified\":\"2025-05-18T17:15:53+00:00\",\"breadcrumb\":{\"@id\":\"https:\/\/www.testeminhalojamandela.biz\/product\/baby-triceratops-6828926dc3a15\/#breadcrumb\"},\"inLanguage\":\"es-ES\",\"potentialAction\":[{\"@type\":\"ReadAction\",\"target\":[\"https:\/\/www.testeminhalojamandela.biz\/product\/baby-triceratops-6828926dc3a15\/\"]}]},{\"@type\":\"ImageObject\",\"inLanguage\":\"es-ES\",\"@id\":\"https:\/\/www.testeminhalojamandela.biz\/product\/baby-triceratops-6828926dc3a15\/#primaryimage\",\"url\":\"https:\/\/my.stlflix.com\/wp-content\/uploads\/2024\/07\/Baby_Triceratopsthumb_87c5c2d98c.jpg\",\"contentUrl\":\"https:\/\/my.stlflix.com\/wp-content\/uploads\/2024\/07\/Baby_Triceratopsthumb_87c5c2d98c.jpg\",\"width\":1080,\"height\":1350},{\"@type\":\"BreadcrumbList\",\"@id\":\"https:\/\/www.testeminhalojamandela.biz\/product\/baby-triceratops-6828926dc3a15\/#breadcrumb\",\"itemListElement\":[{\"@type\":\"ListItem\",\"position\":1,\"name\":\"Home\",\"item\":\"https:\/\/www.stlflix-store.com\/\"},{\"@type\":\"ListItem\",\"position\":2,\"name\":\"Products\",\"item\":\"https:\/\/www.stlflix-store.com\/shop\/\"},{\"@type\":\"ListItem\",\"position\":3,\"name\":\"Baby Triceratops\"}]},{\"@type\":\"WebSite\",\"@id\":\"https:\/\/my.stlflix.com\/#website\",\"url\":\"https:\/\/my.stlflix.com\/\",\"name\":\"MyStore - By STLFLIX\",\"description\":\"\",\"publisher\":{\"@id\":\"https:\/\/my.stlflix.com\/#organization\"},\"potentialAction\":[{\"@type\":\"SearchAction\",\"target\":{\"@type\":\"EntryPoint\",\"urlTemplate\":\"https:\/\/my.stlflix.com\/?s={search_term_string}\"},\"query-input\":{\"@type\":\"PropertyValueSpecification\",\"valueRequired\":true,\"valueName\":\"search_term_string\"}}],\"inLanguage\":\"es-ES\"},{\"@type\":\"Organization\",\"@id\":\"https:\/\/my.stlflix.com\/#organization\",\"name\":\"MyStore - By STLFLIX\",\"url\":\"https:\/\/my.stlflix.com\/\",\"logo\":{\"@type\":\"ImageObject\",\"inLanguage\":\"es-ES\",\"@id\":\"https:\/\/my.stlflix.com\/#\/schema\/logo\/image\/\",\"url\":\"https:\/\/my.stlflix.com\/wp-content\/uploads\/2024\/06\/logo-mystore.png\",\"contentUrl\":\"https:\/\/my.stlflix.com\/wp-content\/uploads\/2024\/06\/logo-mystore.png\",\"width\":150,\"height\":41,\"caption\":\"MyStore - By STLFLIX\"},\"image\":{\"@id\":\"https:\/\/my.stlflix.com\/#\/schema\/logo\/image\/\"},\"sameAs\":[\"https:\/\/www.facebook.com\/STLFLIX\",\"https:\/\/www.instagram.com\/stlflix_\/\",\"https:\/\/www.tiktok.com\/@stlflix\"]}]}<\/script>\n<!-- \/ Yoast SEO plugin. -->","yoast_head_json":{"title":"Baby Triceratops - MyStore - By STLFLIX","robots":{"index":"index","follow":"follow","max-snippet":"max-snippet:-1","max-image-preview":"max-image-preview:large","max-video-preview":"max-video-preview:-1"},"canonical":"https:\/\/www.testeminhalojamandela.biz\/product\/baby-triceratops-6828926dc3a15\/","og_locale":"es_ES","og_type":"article","og_title":"Baby Triceratops - MyStore - By STLFLIX","og_description":"Un mini dinosaure trop mignon, parfait comme cadeau ou d\u00e9co de bureau!** &nbsp; \ud83d\udce6 D\u00e9tails du produit : Mat\u00e9riau : PLA (biod\u00e9gradable et solide) Longueur : ~15 cm Couleurs disponibles : [\u00c0 personnaliser \u2013 ex. : vert, rose, multicolore, surprise!] Finition : Impression 3D soign\u00e9e, l\u00e9g\u00e8re texture visible \ud83c\udf81 Parfait pour : Cadeau pour enfant [&hellip;]","og_url":"https:\/\/www.testeminhalojamandela.biz\/product\/baby-triceratops-6828926dc3a15\/","og_site_name":"MyStore - By STLFLIX","article_publisher":"https:\/\/www.facebook.com\/STLFLIX","article_modified_time":"2025-05-18T17:15:53+00:00","og_image":[{"width":1080,"height":1350,"url":"https:\/\/www.testeminhalojamandela.biz\/wp-content\/uploads\/2024\/07\/Baby_Triceratopsthumb_87c5c2d98c.jpg","type":"image\/jpeg"}],"twitter_card":"summary_large_image","schema":{"@context":"https:\/\/schema.org","@graph":[{"@type":"WebPage","@id":"https:\/\/www.testeminhalojamandela.biz\/product\/baby-triceratops-6828926dc3a15\/","url":"https:\/\/www.testeminhalojamandela.biz\/product\/baby-triceratops-6828926dc3a15\/","name":"Baby Triceratops - MyStore - By STLFLIX","isPartOf":{"@id":"https:\/\/my.stlflix.com\/#website"},"primaryImageOfPage":{"@id":"https:\/\/www.testeminhalojamandela.biz\/product\/baby-triceratops-6828926dc3a15\/#primaryimage"},"image":{"@id":"https:\/\/www.testeminhalojamandela.biz\/product\/baby-triceratops-6828926dc3a15\/#primaryimage"},"thumbnailUrl":"https:\/\/my.stlflix.com\/wp-content\/uploads\/2024\/07\/Baby_Triceratopsthumb_87c5c2d98c.jpg","datePublished":"2025-05-17T14:48:25+00:00","dateModified":"2025-05-18T17:15:53+00:00","breadcrumb":{"@id":"https:\/\/www.testeminhalojamandela.biz\/product\/baby-triceratops-6828926dc3a15\/#breadcrumb"},"inLanguage":"es-ES","potentialAction":[{"@type":"ReadAction","target":["https:\/\/www.testeminhalojamandela.biz\/product\/baby-triceratops-6828926dc3a15\/"]}]},{"@type":"ImageObject","inLanguage":"es-ES","@id":"https:\/\/www.testeminhalojamandela.biz\/product\/baby-triceratops-6828926dc3a15\/#primaryimage","url":"https:\/\/my.stlflix.com\/wp-content\/uploads\/2024\/07\/Baby_Triceratopsthumb_87c5c2d98c.jpg","contentUrl":"https:\/\/my.stlflix.com\/wp-content\/uploads\/2024\/07\/Baby_Triceratopsthumb_87c5c2d98c.jpg","width":1080,"height":1350},{"@type":"BreadcrumbList","@id":"https:\/\/www.testeminhalojamandela.biz\/product\/baby-triceratops-6828926dc3a15\/#breadcrumb","itemListElement":[{"@type":"ListItem","position":1,"name":"Home","item":"https:\/\/www.stlflix-store.com\/"},{"@type":"ListItem","position":2,"name":"Products","item":"https:\/\/www.stlflix-store.com\/shop\/"},{"@type":"ListItem","position":3,"name":"Baby Triceratops"}]},{"@type":"WebSite","@id":"https:\/\/my.stlflix.com\/#website","url":"https:\/\/my.stlflix.com\/","name":"MyStore - By STLFLIX","description":"","publisher":{"@id":"https:\/\/my.stlflix.com\/#organization"},"potentialAction":[{"@type":"SearchAction","target":{"@type":"EntryPoint","urlTemplate":"https:\/\/my.stlflix.com\/?s={search_term_string}"},"query-input":{"@type":"PropertyValueSpecification","valueRequired":true,"valueName":"search_term_string"}}],"inLanguage":"es-ES"},{"@type":"Organization","@id":"https:\/\/my.stlflix.com\/#organization","name":"MyStore - By STLFLIX","url":"https:\/\/my.stlflix.com\/","logo":{"@type":"ImageObject","inLanguage":"es-ES","@id":"https:\/\/my.stlflix.com\/#\/schema\/logo\/image\/","url":"https:\/\/my.stlflix.com\/wp-content\/uploads\/2024\/06\/logo-mystore.png","contentUrl":"https:\/\/my.stlflix.com\/wp-content\/uploads\/2024\/06\/logo-mystore.png","width":150,"height":41,"caption":"MyStore - By STLFLIX"},"image":{"@id":"https:\/\/my.stlflix.com\/#\/schema\/logo\/image\/"},"sameAs":["https:\/\/www.facebook.com\/STLFLIX","https:\/\/www.instagram.com\/stlflix_\/","https:\/\/www.tiktok.com\/@stlflix"]}]}},"_links":{"self":[{"href":"https:\/\/my.stlflix.com\/es\/wp-json\/wp\/v2\/product\/354638","targetHints":{"allow":["GET"]}}],"collection":[{"href":"https:\/\/my.stlflix.com\/es\/wp-json\/wp\/v2\/product"}],"about":[{"href":"https:\/\/my.stlflix.com\/es\/wp-json\/wp\/v2\/types\/product"}],"replies":[{"embeddable":true,"href":"https:\/\/my.stlflix.com\/es\/wp-json\/wp\/v2\/comments?post=354638"}],"wp:featuredmedia":[{"embeddable":true,"href":"https:\/\/my.stlflix.com\/es\/wp-json\/wp\/v2\/media\/53250"}],"wp:attachment":[{"href":"https:\/\/my.stlflix.com\/es\/wp-json\/wp\/v2\/media?parent=354638"}],"wp:term":[{"taxonomy":"product_brand","embeddable":true,"href":"https:\/\/my.stlflix.com\/es\/wp-json\/wp\/v2\/product_brand?post=354638"},{"taxonomy":"product_cat","embeddable":true,"href":"https:\/\/my.stlflix.com\/es\/wp-json\/wp\/v2\/product_cat?post=354638"},{"taxonomy":"product_tag","embeddable":true,"href":"https:\/\/my.stlflix.com\/es\/wp-json\/wp\/v2\/product_tag?post=354638"}],"curies":[{"name":"wp","href":"https:\/\/api.w.org\/{rel}","templated":true}]}}