{"id":355371,"date":"2025-05-18T03:43:41","date_gmt":"2025-05-18T03:43:41","guid":{"rendered":"https:\/\/my.stlflix.com\/?post_type=product&#038;p=355371"},"modified":"2025-05-20T01:55:22","modified_gmt":"2025-05-20T01:55:22","slug":"cozy-snuggles-bookend-682950224168b","status":"publish","type":"product","link":"https:\/\/my.stlflix.com\/es\/product\/cozy-snuggles-bookend-682950224168b\/","title":{"rendered":"Suporte para livros &#8211; Cozy Snuggles Bookend"},"content":{"rendered":"<p><strong>Suporte para Livros \u2013 Cozy Snuggles Bookend<\/strong><\/p>\n<p>Deixe sua estante ainda mais charmosa com este ador\u00e1vel par de apoios de livros em forma de gatinhos aconchegados! Uma combina\u00e7\u00e3o perfeita entre funcionalidade e decora\u00e7\u00e3o.<\/p>\n<ul>\n<li><strong>Design Encantador:<\/strong> Dois gatinhos fofos abra\u00e7ando seus livros com muito estilo e ternura.<\/li>\n<li><strong>Material:<\/strong> Impresso em 3D com <strong>PLA<\/strong> \u2013 um pl\u00e1stico biodegrad\u00e1vel de origem vegetal, resistente e sustent\u00e1vel.<\/li>\n<li><strong>Acabamento de Qualidade:<\/strong> Cada pe\u00e7a \u00e9 feita com aten\u00e7\u00e3o aos detalhes, resultando em um produto com \u00f3tima defini\u00e7\u00e3o e textura suave.<\/li>\n<li><strong>Utilidade:<\/strong> Ideal para manter seus livros organizados em prateleiras, mesas ou estantes, sem abrir m\u00e3o do estilo.<\/li>\n<\/ul>\n<p>O Cozy Snuggles \u00e9 o presente ideal para amantes de gatos, leitores apaixonados ou quem busca um toque de carinho na decora\u00e7\u00e3o.<\/p>\n<p><em>Observa\u00e7\u00e3o:<\/em> Como \u00e9 produzido por impress\u00e3o 3D, pequenas varia\u00e7\u00f5es de acabamento podem ocorrer.<\/p>\n","protected":false},"excerpt":{"rendered":"<p>Suporte para Livros \u2013 Cozy Snuggles Bookend Deixe sua estante ainda mais charmosa com este ador\u00e1vel par de apoios de livros em forma de gatinhos aconchegados! Uma combina\u00e7\u00e3o perfeita entre funcionalidade e decora\u00e7\u00e3o. Design Encantador: Dois gatinhos fofos abra\u00e7ando seus livros com muito estilo e ternura. Material: Impresso em 3D com PLA \u2013 um pl\u00e1stico [&hellip;]<\/p>\n","protected":false},"featured_media":303005,"comment_status":"open","ping_status":"closed","template":"","meta":[],"product_brand":[],"product_cat":[15],"product_tag":[4754,708],"class_list":{"0":"post-355371","1":"product","2":"type-product","3":"status-publish","4":"has-post-thumbnail","6":"product_cat-uncategorized","7":"product_tag-livros","8":"product_tag-suportes","10":"first","11":"instock","12":"taxable","13":"shipping-taxable","14":"purchasable","15":"product-type-simple"},"yoast_head":"<!-- This site is optimized with the Yoast SEO plugin v25.1 - https:\/\/yoast.com\/wordpress\/plugins\/seo\/ -->\n<title>Suporte para livros - Cozy Snuggles Bookend - MyStore - By STLFLIX<\/title>\n<meta name=\"robots\" content=\"index, follow, max-snippet:-1, max-image-preview:large, max-video-preview:-1\" \/>\n<link rel=\"canonical\" href=\"https:\/\/www.lojadomandela3d.biz\/product\/cozy-snuggles-bookend-682950224168b\/\" \/>\n<meta property=\"og:locale\" content=\"es_ES\" \/>\n<meta property=\"og:type\" content=\"article\" \/>\n<meta property=\"og:title\" content=\"Suporte para livros - Cozy Snuggles Bookend - MyStore - By STLFLIX\" \/>\n<meta property=\"og:description\" content=\"Suporte para Livros \u2013 Cozy Snuggles Bookend Deixe sua estante ainda mais charmosa com este ador\u00e1vel par de apoios de livros em forma de gatinhos aconchegados! Uma combina\u00e7\u00e3o perfeita entre funcionalidade e decora\u00e7\u00e3o. Design Encantador: Dois gatinhos fofos abra\u00e7ando seus livros com muito estilo e ternura. Material: Impresso em 3D com PLA \u2013 um pl\u00e1stico [&hellip;]\" \/>\n<meta property=\"og:url\" content=\"https:\/\/www.lojadomandela3d.biz\/product\/cozy-snuggles-bookend-682950224168b\/\" \/>\n<meta property=\"og:site_name\" content=\"MyStore - By STLFLIX\" \/>\n<meta property=\"article:publisher\" content=\"https:\/\/www.facebook.com\/STLFLIX\" \/>\n<meta property=\"article:modified_time\" content=\"2025-05-20T01:55:22+00:00\" \/>\n<meta property=\"og:image\" content=\"https:\/\/www.lojadomandela3d.biz\/wp-content\/uploads\/2025\/04\/Cozy_Snuggles_thumb_d77c93e791.jpg\" \/>\n\t<meta property=\"og:image:width\" content=\"1080\" \/>\n\t<meta property=\"og:image:height\" content=\"1350\" \/>\n\t<meta property=\"og:image:type\" content=\"image\/jpeg\" \/>\n<meta name=\"twitter:card\" content=\"summary_large_image\" \/>\n<meta name=\"twitter:label1\" content=\"Est. reading time\" \/>\n\t<meta name=\"twitter:data1\" content=\"1 minute\" \/>\n<script type=\"application\/ld+json\" class=\"yoast-schema-graph\">{\"@context\":\"https:\/\/schema.org\",\"@graph\":[{\"@type\":\"WebPage\",\"@id\":\"https:\/\/www.lojadomandela3d.biz\/product\/cozy-snuggles-bookend-682950224168b\/\",\"url\":\"https:\/\/www.lojadomandela3d.biz\/product\/cozy-snuggles-bookend-682950224168b\/\",\"name\":\"Suporte para livros - Cozy Snuggles Bookend - MyStore - By STLFLIX\",\"isPartOf\":{\"@id\":\"https:\/\/my.stlflix.com\/#website\"},\"primaryImageOfPage\":{\"@id\":\"https:\/\/www.lojadomandela3d.biz\/product\/cozy-snuggles-bookend-682950224168b\/#primaryimage\"},\"image\":{\"@id\":\"https:\/\/www.lojadomandela3d.biz\/product\/cozy-snuggles-bookend-682950224168b\/#primaryimage\"},\"thumbnailUrl\":\"https:\/\/my.stlflix.com\/wp-content\/uploads\/2025\/04\/Cozy_Snuggles_thumb_d77c93e791.jpg\",\"datePublished\":\"2025-05-18T03:43:41+00:00\",\"dateModified\":\"2025-05-20T01:55:22+00:00\",\"breadcrumb\":{\"@id\":\"https:\/\/www.lojadomandela3d.biz\/product\/cozy-snuggles-bookend-682950224168b\/#breadcrumb\"},\"inLanguage\":\"es-ES\",\"potentialAction\":[{\"@type\":\"ReadAction\",\"target\":[\"https:\/\/www.lojadomandela3d.biz\/product\/cozy-snuggles-bookend-682950224168b\/\"]}]},{\"@type\":\"ImageObject\",\"inLanguage\":\"es-ES\",\"@id\":\"https:\/\/www.lojadomandela3d.biz\/product\/cozy-snuggles-bookend-682950224168b\/#primaryimage\",\"url\":\"https:\/\/my.stlflix.com\/wp-content\/uploads\/2025\/04\/Cozy_Snuggles_thumb_d77c93e791.jpg\",\"contentUrl\":\"https:\/\/my.stlflix.com\/wp-content\/uploads\/2025\/04\/Cozy_Snuggles_thumb_d77c93e791.jpg\",\"width\":1080,\"height\":1350},{\"@type\":\"BreadcrumbList\",\"@id\":\"https:\/\/www.lojadomandela3d.biz\/product\/cozy-snuggles-bookend-682950224168b\/#breadcrumb\",\"itemListElement\":[{\"@type\":\"ListItem\",\"position\":1,\"name\":\"Home\",\"item\":\"https:\/\/www.stlflix-store.com\/\"},{\"@type\":\"ListItem\",\"position\":2,\"name\":\"Products\",\"item\":\"https:\/\/www.stlflix-store.com\/shop\/\"},{\"@type\":\"ListItem\",\"position\":3,\"name\":\"Suporte para livros &#8211; Cozy Snuggles Bookend\"}]},{\"@type\":\"WebSite\",\"@id\":\"https:\/\/my.stlflix.com\/#website\",\"url\":\"https:\/\/my.stlflix.com\/\",\"name\":\"MyStore - By STLFLIX\",\"description\":\"\",\"publisher\":{\"@id\":\"https:\/\/my.stlflix.com\/#organization\"},\"potentialAction\":[{\"@type\":\"SearchAction\",\"target\":{\"@type\":\"EntryPoint\",\"urlTemplate\":\"https:\/\/my.stlflix.com\/?s={search_term_string}\"},\"query-input\":{\"@type\":\"PropertyValueSpecification\",\"valueRequired\":true,\"valueName\":\"search_term_string\"}}],\"inLanguage\":\"es-ES\"},{\"@type\":\"Organization\",\"@id\":\"https:\/\/my.stlflix.com\/#organization\",\"name\":\"MyStore - By STLFLIX\",\"url\":\"https:\/\/my.stlflix.com\/\",\"logo\":{\"@type\":\"ImageObject\",\"inLanguage\":\"es-ES\",\"@id\":\"https:\/\/my.stlflix.com\/#\/schema\/logo\/image\/\",\"url\":\"https:\/\/my.stlflix.com\/wp-content\/uploads\/2024\/06\/logo-mystore.png\",\"contentUrl\":\"https:\/\/my.stlflix.com\/wp-content\/uploads\/2024\/06\/logo-mystore.png\",\"width\":150,\"height\":41,\"caption\":\"MyStore - By STLFLIX\"},\"image\":{\"@id\":\"https:\/\/my.stlflix.com\/#\/schema\/logo\/image\/\"},\"sameAs\":[\"https:\/\/www.facebook.com\/STLFLIX\",\"https:\/\/www.instagram.com\/stlflix_\/\",\"https:\/\/www.tiktok.com\/@stlflix\"]}]}<\/script>\n<!-- \/ Yoast SEO plugin. -->","yoast_head_json":{"title":"Suporte para livros - Cozy Snuggles Bookend - MyStore - By STLFLIX","robots":{"index":"index","follow":"follow","max-snippet":"max-snippet:-1","max-image-preview":"max-image-preview:large","max-video-preview":"max-video-preview:-1"},"canonical":"https:\/\/www.lojadomandela3d.biz\/product\/cozy-snuggles-bookend-682950224168b\/","og_locale":"es_ES","og_type":"article","og_title":"Suporte para livros - Cozy Snuggles Bookend - MyStore - By STLFLIX","og_description":"Suporte para Livros \u2013 Cozy Snuggles Bookend Deixe sua estante ainda mais charmosa com este ador\u00e1vel par de apoios de livros em forma de gatinhos aconchegados! Uma combina\u00e7\u00e3o perfeita entre funcionalidade e decora\u00e7\u00e3o. Design Encantador: Dois gatinhos fofos abra\u00e7ando seus livros com muito estilo e ternura. Material: Impresso em 3D com PLA \u2013 um pl\u00e1stico [&hellip;]","og_url":"https:\/\/www.lojadomandela3d.biz\/product\/cozy-snuggles-bookend-682950224168b\/","og_site_name":"MyStore - By STLFLIX","article_publisher":"https:\/\/www.facebook.com\/STLFLIX","article_modified_time":"2025-05-20T01:55:22+00:00","og_image":[{"width":1080,"height":1350,"url":"https:\/\/www.lojadomandela3d.biz\/wp-content\/uploads\/2025\/04\/Cozy_Snuggles_thumb_d77c93e791.jpg","type":"image\/jpeg"}],"twitter_card":"summary_large_image","twitter_misc":{"Est. reading time":"1 minute"},"schema":{"@context":"https:\/\/schema.org","@graph":[{"@type":"WebPage","@id":"https:\/\/www.lojadomandela3d.biz\/product\/cozy-snuggles-bookend-682950224168b\/","url":"https:\/\/www.lojadomandela3d.biz\/product\/cozy-snuggles-bookend-682950224168b\/","name":"Suporte para livros - Cozy Snuggles Bookend - MyStore - By STLFLIX","isPartOf":{"@id":"https:\/\/my.stlflix.com\/#website"},"primaryImageOfPage":{"@id":"https:\/\/www.lojadomandela3d.biz\/product\/cozy-snuggles-bookend-682950224168b\/#primaryimage"},"image":{"@id":"https:\/\/www.lojadomandela3d.biz\/product\/cozy-snuggles-bookend-682950224168b\/#primaryimage"},"thumbnailUrl":"https:\/\/my.stlflix.com\/wp-content\/uploads\/2025\/04\/Cozy_Snuggles_thumb_d77c93e791.jpg","datePublished":"2025-05-18T03:43:41+00:00","dateModified":"2025-05-20T01:55:22+00:00","breadcrumb":{"@id":"https:\/\/www.lojadomandela3d.biz\/product\/cozy-snuggles-bookend-682950224168b\/#breadcrumb"},"inLanguage":"es-ES","potentialAction":[{"@type":"ReadAction","target":["https:\/\/www.lojadomandela3d.biz\/product\/cozy-snuggles-bookend-682950224168b\/"]}]},{"@type":"ImageObject","inLanguage":"es-ES","@id":"https:\/\/www.lojadomandela3d.biz\/product\/cozy-snuggles-bookend-682950224168b\/#primaryimage","url":"https:\/\/my.stlflix.com\/wp-content\/uploads\/2025\/04\/Cozy_Snuggles_thumb_d77c93e791.jpg","contentUrl":"https:\/\/my.stlflix.com\/wp-content\/uploads\/2025\/04\/Cozy_Snuggles_thumb_d77c93e791.jpg","width":1080,"height":1350},{"@type":"BreadcrumbList","@id":"https:\/\/www.lojadomandela3d.biz\/product\/cozy-snuggles-bookend-682950224168b\/#breadcrumb","itemListElement":[{"@type":"ListItem","position":1,"name":"Home","item":"https:\/\/www.stlflix-store.com\/"},{"@type":"ListItem","position":2,"name":"Products","item":"https:\/\/www.stlflix-store.com\/shop\/"},{"@type":"ListItem","position":3,"name":"Suporte para livros &#8211; Cozy Snuggles Bookend"}]},{"@type":"WebSite","@id":"https:\/\/my.stlflix.com\/#website","url":"https:\/\/my.stlflix.com\/","name":"MyStore - By STLFLIX","description":"","publisher":{"@id":"https:\/\/my.stlflix.com\/#organization"},"potentialAction":[{"@type":"SearchAction","target":{"@type":"EntryPoint","urlTemplate":"https:\/\/my.stlflix.com\/?s={search_term_string}"},"query-input":{"@type":"PropertyValueSpecification","valueRequired":true,"valueName":"search_term_string"}}],"inLanguage":"es-ES"},{"@type":"Organization","@id":"https:\/\/my.stlflix.com\/#organization","name":"MyStore - By STLFLIX","url":"https:\/\/my.stlflix.com\/","logo":{"@type":"ImageObject","inLanguage":"es-ES","@id":"https:\/\/my.stlflix.com\/#\/schema\/logo\/image\/","url":"https:\/\/my.stlflix.com\/wp-content\/uploads\/2024\/06\/logo-mystore.png","contentUrl":"https:\/\/my.stlflix.com\/wp-content\/uploads\/2024\/06\/logo-mystore.png","width":150,"height":41,"caption":"MyStore - By STLFLIX"},"image":{"@id":"https:\/\/my.stlflix.com\/#\/schema\/logo\/image\/"},"sameAs":["https:\/\/www.facebook.com\/STLFLIX","https:\/\/www.instagram.com\/stlflix_\/","https:\/\/www.tiktok.com\/@stlflix"]}]}},"_links":{"self":[{"href":"https:\/\/my.stlflix.com\/es\/wp-json\/wp\/v2\/product\/355371","targetHints":{"allow":["GET"]}}],"collection":[{"href":"https:\/\/my.stlflix.com\/es\/wp-json\/wp\/v2\/product"}],"about":[{"href":"https:\/\/my.stlflix.com\/es\/wp-json\/wp\/v2\/types\/product"}],"replies":[{"embeddable":true,"href":"https:\/\/my.stlflix.com\/es\/wp-json\/wp\/v2\/comments?post=355371"}],"wp:featuredmedia":[{"embeddable":true,"href":"https:\/\/my.stlflix.com\/es\/wp-json\/wp\/v2\/media\/303005"}],"wp:attachment":[{"href":"https:\/\/my.stlflix.com\/es\/wp-json\/wp\/v2\/media?parent=355371"}],"wp:term":[{"taxonomy":"product_brand","embeddable":true,"href":"https:\/\/my.stlflix.com\/es\/wp-json\/wp\/v2\/product_brand?post=355371"},{"taxonomy":"product_cat","embeddable":true,"href":"https:\/\/my.stlflix.com\/es\/wp-json\/wp\/v2\/product_cat?post=355371"},{"taxonomy":"product_tag","embeddable":true,"href":"https:\/\/my.stlflix.com\/es\/wp-json\/wp\/v2\/product_tag?post=355371"}],"curies":[{"name":"wp","href":"https:\/\/api.w.org\/{rel}","templated":true}]}}