{"id":35538,"date":"2024-06-04T06:31:04","date_gmt":"2024-06-04T06:31:04","guid":{"rendered":"https:\/\/my.stlflix.com\/?post_type=product&#038;p=35538"},"modified":"2024-12-22T11:11:31","modified_gmt":"2024-12-22T11:11:31","slug":"bordeaux-the-octopus-wine-holder","status":"publish","type":"product","link":"https:\/\/my.stlflix.com\/es\/product\/bordeaux-the-octopus-wine-holder\/","title":{"rendered":"Bordeaux, The Octopus Wine Holder"},"content":{"rendered":"<p><strong><em>Bordeaux wurde an der franz\u00f6sischen K\u00fcste geboren, aber da Ozeane keine Grenzen haben, reist er h\u00e4ufig in die ganze Welt um verschiedene Weine zu probieren.<\/em><\/strong><br \/>\n<strong><em>Aber keine Sorge! Er nimmt nur einen kleinen Schluck, genau wie ein Sommelier.<\/em><\/strong><br \/>\n<strong><em>(Es ist ein Weinhalter, falls du es nicht bemerkt hast)<\/em><\/strong><\/p>\n<p>&nbsp;<\/p>\n<p>Passend f\u00fcr Flaschen bis 8cm Durchmesser.<\/p>\n<p>Material: PLA<\/p>\n<p>Alle hier gezeigten Modelle sind im nachhinein bemalt oder speziell behandelt. Es handelt sich hier nur um Beispiele. Die bestellten und ausgelieferten Produkte werden nur in der jeweilig angegebenen Farbe gedruckt und sind nicht bemalt oder behandelt wie in den Bildern gezeigt. Tats\u00e4chliche Erscheinung in den Farbvarianten ersichtlich. Die Farbe kann geringf\u00fcgig abweichen.<\/p>\n<p>Wenn Du das Modell selbst bemalen m\u00f6chtest, empfehlen wir Acrylfarben.<\/p>\n","protected":false},"excerpt":{"rendered":"<p><em>Bordeaux wurde an der franz\u00f6sischen K\u00fcste geboren, aber da Ozeane keine Grenzen haben, reist er h\u00e4ufig in die ganze Welt um verschiedene Weine zu probieren.<\/em><br \/>\n<em>Aber keine Sorge! Er nimmt nur einen kleinen Schluck, genau wie ein Sommelier.<\/em><br \/>\n<em>(Es ist ein Weinhalter, falls du es nicht bemerkt hast)<\/em><\/p>\n","protected":false},"featured_media":35540,"comment_status":"open","ping_status":"closed","template":"","meta":[],"product_brand":[],"product_cat":[25],"product_tag":[106],"class_list":{"0":"post-35538","1":"product","2":"type-product","3":"status-publish","4":"has-post-thumbnail","6":"product_cat-home-decor","7":"product_tag-wine-holder","9":"first","10":"instock","11":"sale","12":"taxable","13":"shipping-taxable","14":"purchasable","15":"product-type-simple"},"yoast_head":"<!-- This site is optimized with the Yoast SEO plugin v25.1 - https:\/\/yoast.com\/wordpress\/plugins\/seo\/ -->\n<title>Bordeaux, The Octopus Wine Holder<\/title>\n<meta name=\"robots\" content=\"index, follow, max-snippet:-1, max-image-preview:large, max-video-preview:-1\" \/>\n<link rel=\"canonical\" href=\"https:\/\/my.stlflix.com\/es\/product\/bordeaux-the-octopus-wine-holder\/\" \/>\n<meta property=\"og:locale\" content=\"es_ES\" \/>\n<meta property=\"og:type\" content=\"article\" \/>\n<meta property=\"og:title\" content=\"Bordeaux, The Octopus Wine Holder\" \/>\n<meta property=\"og:description\" content=\"Bordeaux wurde an der franz\u00f6sischen K\u00fcste geboren, aber da Ozeane keine Grenzen haben, reist er h\u00e4ufig in die ganze Welt um verschiedene Weine zu probieren. Aber keine Sorge! Er nimmt nur einen kleinen Schluck, genau wie ein Sommelier. (Es ist ein Weinhalter, falls du es nicht bemerkt hast)\" \/>\n<meta property=\"og:url\" content=\"https:\/\/my.stlflix.com\/es\/product\/bordeaux-the-octopus-wine-holder\/\" \/>\n<meta property=\"og:site_name\" content=\"MyStore - By STLFLIX\" \/>\n<meta property=\"article:publisher\" content=\"https:\/\/www.facebook.com\/STLFLIX\" \/>\n<meta property=\"article:modified_time\" content=\"2024-12-22T11:11:31+00:00\" \/>\n<meta property=\"og:image\" content=\"https:\/\/my.stlflix.com\/wp-content\/uploads\/2024\/06\/Octopus_Wine_Holder.png\" \/>\n\t<meta property=\"og:image:width\" content=\"1080\" \/>\n\t<meta property=\"og:image:height\" content=\"1350\" \/>\n\t<meta property=\"og:image:type\" content=\"image\/png\" \/>\n<meta name=\"twitter:card\" content=\"summary_large_image\" \/>\n<meta name=\"twitter:label1\" content=\"Est. reading time\" \/>\n\t<meta name=\"twitter:data1\" content=\"1 minute\" \/>\n<script type=\"application\/ld+json\" class=\"yoast-schema-graph\">{\"@context\":\"https:\/\/schema.org\",\"@graph\":[{\"@type\":\"WebPage\",\"@id\":\"https:\/\/my.stlflix.com\/es\/product\/bordeaux-the-octopus-wine-holder\/\",\"url\":\"https:\/\/my.stlflix.com\/es\/product\/bordeaux-the-octopus-wine-holder\/\",\"name\":\"Bordeaux, The Octopus Wine Holder\",\"isPartOf\":{\"@id\":\"https:\/\/my.stlflix.com\/#website\"},\"primaryImageOfPage\":{\"@id\":\"https:\/\/my.stlflix.com\/es\/product\/bordeaux-the-octopus-wine-holder\/#primaryimage\"},\"image\":{\"@id\":\"https:\/\/my.stlflix.com\/es\/product\/bordeaux-the-octopus-wine-holder\/#primaryimage\"},\"thumbnailUrl\":\"https:\/\/my.stlflix.com\/wp-content\/uploads\/2024\/06\/Octopus_Wine_Holder.png\",\"datePublished\":\"2024-06-04T06:31:04+00:00\",\"dateModified\":\"2024-12-22T11:11:31+00:00\",\"breadcrumb\":{\"@id\":\"https:\/\/my.stlflix.com\/es\/product\/bordeaux-the-octopus-wine-holder\/#breadcrumb\"},\"inLanguage\":\"es-ES\",\"potentialAction\":[{\"@type\":\"ReadAction\",\"target\":[\"https:\/\/my.stlflix.com\/es\/product\/bordeaux-the-octopus-wine-holder\/\"]}]},{\"@type\":\"ImageObject\",\"inLanguage\":\"es-ES\",\"@id\":\"https:\/\/my.stlflix.com\/es\/product\/bordeaux-the-octopus-wine-holder\/#primaryimage\",\"url\":\"https:\/\/my.stlflix.com\/wp-content\/uploads\/2024\/06\/Octopus_Wine_Holder.png\",\"contentUrl\":\"https:\/\/my.stlflix.com\/wp-content\/uploads\/2024\/06\/Octopus_Wine_Holder.png\",\"width\":1080,\"height\":1350},{\"@type\":\"BreadcrumbList\",\"@id\":\"https:\/\/my.stlflix.com\/es\/product\/bordeaux-the-octopus-wine-holder\/#breadcrumb\",\"itemListElement\":[{\"@type\":\"ListItem\",\"position\":1,\"name\":\"Home\",\"item\":\"https:\/\/www.stlflix-store.com\/\"},{\"@type\":\"ListItem\",\"position\":2,\"name\":\"Products\",\"item\":\"https:\/\/www.stlflix-store.com\/shop\/\"},{\"@type\":\"ListItem\",\"position\":3,\"name\":\"Bordeaux, The Octopus Wine Holder\"}]},{\"@type\":\"WebSite\",\"@id\":\"https:\/\/my.stlflix.com\/#website\",\"url\":\"https:\/\/my.stlflix.com\/\",\"name\":\"MyStore - By STLFLIX\",\"description\":\"\",\"publisher\":{\"@id\":\"https:\/\/my.stlflix.com\/#organization\"},\"potentialAction\":[{\"@type\":\"SearchAction\",\"target\":{\"@type\":\"EntryPoint\",\"urlTemplate\":\"https:\/\/my.stlflix.com\/?s={search_term_string}\"},\"query-input\":{\"@type\":\"PropertyValueSpecification\",\"valueRequired\":true,\"valueName\":\"search_term_string\"}}],\"inLanguage\":\"es-ES\"},{\"@type\":\"Organization\",\"@id\":\"https:\/\/my.stlflix.com\/#organization\",\"name\":\"MyStore - By STLFLIX\",\"url\":\"https:\/\/my.stlflix.com\/\",\"logo\":{\"@type\":\"ImageObject\",\"inLanguage\":\"es-ES\",\"@id\":\"https:\/\/my.stlflix.com\/#\/schema\/logo\/image\/\",\"url\":\"https:\/\/my.stlflix.com\/wp-content\/uploads\/2024\/06\/logo-mystore.png\",\"contentUrl\":\"https:\/\/my.stlflix.com\/wp-content\/uploads\/2024\/06\/logo-mystore.png\",\"width\":150,\"height\":41,\"caption\":\"MyStore - By STLFLIX\"},\"image\":{\"@id\":\"https:\/\/my.stlflix.com\/#\/schema\/logo\/image\/\"},\"sameAs\":[\"https:\/\/www.facebook.com\/STLFLIX\",\"https:\/\/www.instagram.com\/stlflix_\/\",\"https:\/\/www.tiktok.com\/@stlflix\"]}]}<\/script>\n<!-- \/ Yoast SEO plugin. -->","yoast_head_json":{"title":"Bordeaux, The Octopus Wine Holder","robots":{"index":"index","follow":"follow","max-snippet":"max-snippet:-1","max-image-preview":"max-image-preview:large","max-video-preview":"max-video-preview:-1"},"canonical":"https:\/\/my.stlflix.com\/es\/product\/bordeaux-the-octopus-wine-holder\/","og_locale":"es_ES","og_type":"article","og_title":"Bordeaux, The Octopus Wine Holder","og_description":"Bordeaux wurde an der franz\u00f6sischen K\u00fcste geboren, aber da Ozeane keine Grenzen haben, reist er h\u00e4ufig in die ganze Welt um verschiedene Weine zu probieren. Aber keine Sorge! Er nimmt nur einen kleinen Schluck, genau wie ein Sommelier. (Es ist ein Weinhalter, falls du es nicht bemerkt hast)","og_url":"https:\/\/my.stlflix.com\/es\/product\/bordeaux-the-octopus-wine-holder\/","og_site_name":"MyStore - By STLFLIX","article_publisher":"https:\/\/www.facebook.com\/STLFLIX","article_modified_time":"2024-12-22T11:11:31+00:00","og_image":[{"width":1080,"height":1350,"url":"https:\/\/my.stlflix.com\/wp-content\/uploads\/2024\/06\/Octopus_Wine_Holder.png","type":"image\/png"}],"twitter_card":"summary_large_image","twitter_misc":{"Est. reading time":"1 minute"},"schema":{"@context":"https:\/\/schema.org","@graph":[{"@type":"WebPage","@id":"https:\/\/my.stlflix.com\/es\/product\/bordeaux-the-octopus-wine-holder\/","url":"https:\/\/my.stlflix.com\/es\/product\/bordeaux-the-octopus-wine-holder\/","name":"Bordeaux, The Octopus Wine Holder","isPartOf":{"@id":"https:\/\/my.stlflix.com\/#website"},"primaryImageOfPage":{"@id":"https:\/\/my.stlflix.com\/es\/product\/bordeaux-the-octopus-wine-holder\/#primaryimage"},"image":{"@id":"https:\/\/my.stlflix.com\/es\/product\/bordeaux-the-octopus-wine-holder\/#primaryimage"},"thumbnailUrl":"https:\/\/my.stlflix.com\/wp-content\/uploads\/2024\/06\/Octopus_Wine_Holder.png","datePublished":"2024-06-04T06:31:04+00:00","dateModified":"2024-12-22T11:11:31+00:00","breadcrumb":{"@id":"https:\/\/my.stlflix.com\/es\/product\/bordeaux-the-octopus-wine-holder\/#breadcrumb"},"inLanguage":"es-ES","potentialAction":[{"@type":"ReadAction","target":["https:\/\/my.stlflix.com\/es\/product\/bordeaux-the-octopus-wine-holder\/"]}]},{"@type":"ImageObject","inLanguage":"es-ES","@id":"https:\/\/my.stlflix.com\/es\/product\/bordeaux-the-octopus-wine-holder\/#primaryimage","url":"https:\/\/my.stlflix.com\/wp-content\/uploads\/2024\/06\/Octopus_Wine_Holder.png","contentUrl":"https:\/\/my.stlflix.com\/wp-content\/uploads\/2024\/06\/Octopus_Wine_Holder.png","width":1080,"height":1350},{"@type":"BreadcrumbList","@id":"https:\/\/my.stlflix.com\/es\/product\/bordeaux-the-octopus-wine-holder\/#breadcrumb","itemListElement":[{"@type":"ListItem","position":1,"name":"Home","item":"https:\/\/www.stlflix-store.com\/"},{"@type":"ListItem","position":2,"name":"Products","item":"https:\/\/www.stlflix-store.com\/shop\/"},{"@type":"ListItem","position":3,"name":"Bordeaux, The Octopus Wine Holder"}]},{"@type":"WebSite","@id":"https:\/\/my.stlflix.com\/#website","url":"https:\/\/my.stlflix.com\/","name":"MyStore - By STLFLIX","description":"","publisher":{"@id":"https:\/\/my.stlflix.com\/#organization"},"potentialAction":[{"@type":"SearchAction","target":{"@type":"EntryPoint","urlTemplate":"https:\/\/my.stlflix.com\/?s={search_term_string}"},"query-input":{"@type":"PropertyValueSpecification","valueRequired":true,"valueName":"search_term_string"}}],"inLanguage":"es-ES"},{"@type":"Organization","@id":"https:\/\/my.stlflix.com\/#organization","name":"MyStore - By STLFLIX","url":"https:\/\/my.stlflix.com\/","logo":{"@type":"ImageObject","inLanguage":"es-ES","@id":"https:\/\/my.stlflix.com\/#\/schema\/logo\/image\/","url":"https:\/\/my.stlflix.com\/wp-content\/uploads\/2024\/06\/logo-mystore.png","contentUrl":"https:\/\/my.stlflix.com\/wp-content\/uploads\/2024\/06\/logo-mystore.png","width":150,"height":41,"caption":"MyStore - By STLFLIX"},"image":{"@id":"https:\/\/my.stlflix.com\/#\/schema\/logo\/image\/"},"sameAs":["https:\/\/www.facebook.com\/STLFLIX","https:\/\/www.instagram.com\/stlflix_\/","https:\/\/www.tiktok.com\/@stlflix"]}]}},"_links":{"self":[{"href":"https:\/\/my.stlflix.com\/es\/wp-json\/wp\/v2\/product\/35538","targetHints":{"allow":["GET"]}}],"collection":[{"href":"https:\/\/my.stlflix.com\/es\/wp-json\/wp\/v2\/product"}],"about":[{"href":"https:\/\/my.stlflix.com\/es\/wp-json\/wp\/v2\/types\/product"}],"replies":[{"embeddable":true,"href":"https:\/\/my.stlflix.com\/es\/wp-json\/wp\/v2\/comments?post=35538"}],"wp:featuredmedia":[{"embeddable":true,"href":"https:\/\/my.stlflix.com\/es\/wp-json\/wp\/v2\/media\/35540"}],"wp:attachment":[{"href":"https:\/\/my.stlflix.com\/es\/wp-json\/wp\/v2\/media?parent=35538"}],"wp:term":[{"taxonomy":"product_brand","embeddable":true,"href":"https:\/\/my.stlflix.com\/es\/wp-json\/wp\/v2\/product_brand?post=35538"},{"taxonomy":"product_cat","embeddable":true,"href":"https:\/\/my.stlflix.com\/es\/wp-json\/wp\/v2\/product_cat?post=35538"},{"taxonomy":"product_tag","embeddable":true,"href":"https:\/\/my.stlflix.com\/es\/wp-json\/wp\/v2\/product_tag?post=35538"}],"curies":[{"name":"wp","href":"https:\/\/api.w.org\/{rel}","templated":true}]}}