{"id":355390,"date":"2025-05-21T03:09:28","date_gmt":"2025-05-21T03:09:28","guid":{"rendered":"https:\/\/my.stlflix.com\/?post_type=product&#038;p=355390"},"modified":"2025-05-21T03:09:28","modified_gmt":"2025-05-21T03:09:28","slug":"misty-c-dragon-backflow-burner-682959db31e36","status":"publish","type":"product","link":"https:\/\/my.stlflix.com\/es\/product\/misty-c-dragon-backflow-burner-682959db31e36\/","title":{"rendered":"Suporte para incenso Drag\u00e3o &#8211; Misty-c Dragon Backflow Burner"},"content":{"rendered":"<p><strong>Suporte para Incenso Drag\u00e3o \u2013 Misty-c Dragon Backflow Burner<\/strong><\/p>\n<p>Desperte a energia e o misticismo no seu ambiente com este incr\u00edvel porta incenso em formato de drag\u00e3o! Uma pe\u00e7a que une for\u00e7a, prote\u00e7\u00e3o e beleza em um s\u00f3 objeto.<\/p>\n<ul>\n<li><strong>Efeito Cascata:<\/strong> Funciona com incensos do tipo backflow (refluxo), criando um efeito de fuma\u00e7a que desce suavemente, como uma n\u00e9voa m\u00e1gica, envolvendo a base do drag\u00e3o.<\/li>\n<li><strong>Design Poderoso:<\/strong> Um majestoso drag\u00e3o chin\u00eas, s\u00edmbolo de sorte, prote\u00e7\u00e3o e prosperidade, esculpido com detalhes impressionantes.<\/li>\n<li><strong>Material:<\/strong> Produzido em PLA (pl\u00e1stico biodegrad\u00e1vel de origem vegetal), feito por impress\u00e3o 3D com alta defini\u00e7\u00e3o e acabamento de qualidade.<\/li>\n<li><strong>Ideal Para:<\/strong> Aromaterapia, medita\u00e7\u00e3o, momentos de relaxamento, decora\u00e7\u00e3o ou como pe\u00e7a tem\u00e1tica para quem ama cultura oriental, misticismo ou drag\u00f5es.<\/li>\n<\/ul>\n<p>Al\u00e9m de funcional, \u00e9 uma pe\u00e7a decorativa que chama a aten\u00e7\u00e3o e traz uma atmosfera \u00fanica para qualquer espa\u00e7o.<\/p>\n<p><em>Observa\u00e7\u00e3o:<\/em> Utilize sempre com incensos do tipo backflow para que o efeito de cascata funcione corretamente.<\/p>\n","protected":false},"excerpt":{"rendered":"<p>Suporte para Incenso Drag\u00e3o \u2013 Misty-c Dragon Backflow Burner Desperte a energia e o misticismo no seu ambiente com este incr\u00edvel porta incenso em formato de drag\u00e3o! Uma pe\u00e7a que une for\u00e7a, prote\u00e7\u00e3o e beleza em um s\u00f3 objeto. Efeito Cascata: Funciona com incensos do tipo backflow (refluxo), criando um efeito de fuma\u00e7a que desce [&hellip;]<\/p>\n","protected":false},"featured_media":10623,"comment_status":"open","ping_status":"closed","template":"","meta":[],"product_brand":[],"product_cat":[25],"product_tag":[2621,5949,2624,3782,5715],"class_list":{"0":"post-355390","1":"product","2":"type-product","3":"status-publish","4":"has-post-thumbnail","6":"product_cat-home-decor","7":"product_tag-dragao","8":"product_tag-incenso","9":"product_tag-porta-incenso","10":"product_tag-suporte-de-incenso","11":"product_tag-suportes-de-incenso","13":"first","14":"instock","15":"taxable","16":"shipping-taxable","17":"purchasable","18":"product-type-simple"},"yoast_head":"<!-- This site is optimized with the Yoast SEO plugin v25.1 - https:\/\/yoast.com\/wordpress\/plugins\/seo\/ -->\n<title>Suporte para incenso Drag\u00e3o - Misty-c Dragon Backflow Burner - MyStore - By STLFLIX<\/title>\n<meta name=\"robots\" content=\"index, follow, max-snippet:-1, max-image-preview:large, max-video-preview:-1\" \/>\n<link rel=\"canonical\" href=\"https:\/\/www.monitorstlflix.online\/product\/misty-c-dragon-backflow-burner-682959db31e36\/\" \/>\n<meta property=\"og:locale\" content=\"es_ES\" \/>\n<meta property=\"og:type\" content=\"article\" \/>\n<meta property=\"og:title\" content=\"Suporte para incenso Drag\u00e3o - Misty-c Dragon Backflow Burner - MyStore - By STLFLIX\" \/>\n<meta property=\"og:description\" content=\"Suporte para Incenso Drag\u00e3o \u2013 Misty-c Dragon Backflow Burner Desperte a energia e o misticismo no seu ambiente com este incr\u00edvel porta incenso em formato de drag\u00e3o! Uma pe\u00e7a que une for\u00e7a, prote\u00e7\u00e3o e beleza em um s\u00f3 objeto. Efeito Cascata: Funciona com incensos do tipo backflow (refluxo), criando um efeito de fuma\u00e7a que desce [&hellip;]\" \/>\n<meta property=\"og:url\" content=\"https:\/\/www.monitorstlflix.online\/product\/misty-c-dragon-backflow-burner-682959db31e36\/\" \/>\n<meta property=\"og:site_name\" content=\"MyStore - By STLFLIX\" \/>\n<meta property=\"article:publisher\" content=\"https:\/\/www.facebook.com\/STLFLIX\" \/>\n<meta property=\"og:image\" content=\"https:\/\/www.monitorstlflix.online\/wp-content\/uploads\/2024\/04\/Misty_c_Dragon_Backflow_Burner_thumb_ec32124b0a.jpg\" \/>\n\t<meta property=\"og:image:width\" content=\"1080\" \/>\n\t<meta property=\"og:image:height\" content=\"1350\" \/>\n\t<meta property=\"og:image:type\" content=\"image\/jpeg\" \/>\n<meta name=\"twitter:card\" content=\"summary_large_image\" \/>\n<meta name=\"twitter:label1\" content=\"Est. reading time\" \/>\n\t<meta name=\"twitter:data1\" content=\"1 minute\" \/>\n<script type=\"application\/ld+json\" class=\"yoast-schema-graph\">{\"@context\":\"https:\/\/schema.org\",\"@graph\":[{\"@type\":\"WebPage\",\"@id\":\"https:\/\/www.monitorstlflix.online\/product\/misty-c-dragon-backflow-burner-682959db31e36\/\",\"url\":\"https:\/\/www.monitorstlflix.online\/product\/misty-c-dragon-backflow-burner-682959db31e36\/\",\"name\":\"Suporte para incenso Drag\u00e3o - Misty-c Dragon Backflow Burner - MyStore - By STLFLIX\",\"isPartOf\":{\"@id\":\"https:\/\/my.stlflix.com\/#website\"},\"primaryImageOfPage\":{\"@id\":\"https:\/\/www.monitorstlflix.online\/product\/misty-c-dragon-backflow-burner-682959db31e36\/#primaryimage\"},\"image\":{\"@id\":\"https:\/\/www.monitorstlflix.online\/product\/misty-c-dragon-backflow-burner-682959db31e36\/#primaryimage\"},\"thumbnailUrl\":\"https:\/\/my.stlflix.com\/wp-content\/uploads\/2024\/04\/Misty_c_Dragon_Backflow_Burner_thumb_ec32124b0a.jpg\",\"datePublished\":\"2025-05-21T03:09:28+00:00\",\"breadcrumb\":{\"@id\":\"https:\/\/www.monitorstlflix.online\/product\/misty-c-dragon-backflow-burner-682959db31e36\/#breadcrumb\"},\"inLanguage\":\"es-ES\",\"potentialAction\":[{\"@type\":\"ReadAction\",\"target\":[\"https:\/\/www.monitorstlflix.online\/product\/misty-c-dragon-backflow-burner-682959db31e36\/\"]}]},{\"@type\":\"ImageObject\",\"inLanguage\":\"es-ES\",\"@id\":\"https:\/\/www.monitorstlflix.online\/product\/misty-c-dragon-backflow-burner-682959db31e36\/#primaryimage\",\"url\":\"https:\/\/my.stlflix.com\/wp-content\/uploads\/2024\/04\/Misty_c_Dragon_Backflow_Burner_thumb_ec32124b0a.jpg\",\"contentUrl\":\"https:\/\/my.stlflix.com\/wp-content\/uploads\/2024\/04\/Misty_c_Dragon_Backflow_Burner_thumb_ec32124b0a.jpg\",\"width\":1080,\"height\":1350},{\"@type\":\"BreadcrumbList\",\"@id\":\"https:\/\/www.monitorstlflix.online\/product\/misty-c-dragon-backflow-burner-682959db31e36\/#breadcrumb\",\"itemListElement\":[{\"@type\":\"ListItem\",\"position\":1,\"name\":\"Home\",\"item\":\"https:\/\/www.stlflix-store.com\/\"},{\"@type\":\"ListItem\",\"position\":2,\"name\":\"Products\",\"item\":\"https:\/\/www.stlflix-store.com\/shop\/\"},{\"@type\":\"ListItem\",\"position\":3,\"name\":\"Suporte para incenso Drag\u00e3o &#8211; Misty-c Dragon Backflow Burner\"}]},{\"@type\":\"WebSite\",\"@id\":\"https:\/\/my.stlflix.com\/#website\",\"url\":\"https:\/\/my.stlflix.com\/\",\"name\":\"MyStore - By STLFLIX\",\"description\":\"\",\"publisher\":{\"@id\":\"https:\/\/my.stlflix.com\/#organization\"},\"potentialAction\":[{\"@type\":\"SearchAction\",\"target\":{\"@type\":\"EntryPoint\",\"urlTemplate\":\"https:\/\/my.stlflix.com\/?s={search_term_string}\"},\"query-input\":{\"@type\":\"PropertyValueSpecification\",\"valueRequired\":true,\"valueName\":\"search_term_string\"}}],\"inLanguage\":\"es-ES\"},{\"@type\":\"Organization\",\"@id\":\"https:\/\/my.stlflix.com\/#organization\",\"name\":\"MyStore - By STLFLIX\",\"url\":\"https:\/\/my.stlflix.com\/\",\"logo\":{\"@type\":\"ImageObject\",\"inLanguage\":\"es-ES\",\"@id\":\"https:\/\/my.stlflix.com\/#\/schema\/logo\/image\/\",\"url\":\"https:\/\/my.stlflix.com\/wp-content\/uploads\/2024\/06\/logo-mystore.png\",\"contentUrl\":\"https:\/\/my.stlflix.com\/wp-content\/uploads\/2024\/06\/logo-mystore.png\",\"width\":150,\"height\":41,\"caption\":\"MyStore - By STLFLIX\"},\"image\":{\"@id\":\"https:\/\/my.stlflix.com\/#\/schema\/logo\/image\/\"},\"sameAs\":[\"https:\/\/www.facebook.com\/STLFLIX\",\"https:\/\/www.instagram.com\/stlflix_\/\",\"https:\/\/www.tiktok.com\/@stlflix\"]}]}<\/script>\n<!-- \/ Yoast SEO plugin. -->","yoast_head_json":{"title":"Suporte para incenso Drag\u00e3o - Misty-c Dragon Backflow Burner - MyStore - By STLFLIX","robots":{"index":"index","follow":"follow","max-snippet":"max-snippet:-1","max-image-preview":"max-image-preview:large","max-video-preview":"max-video-preview:-1"},"canonical":"https:\/\/www.monitorstlflix.online\/product\/misty-c-dragon-backflow-burner-682959db31e36\/","og_locale":"es_ES","og_type":"article","og_title":"Suporte para incenso Drag\u00e3o - Misty-c Dragon Backflow Burner - MyStore - By STLFLIX","og_description":"Suporte para Incenso Drag\u00e3o \u2013 Misty-c Dragon Backflow Burner Desperte a energia e o misticismo no seu ambiente com este incr\u00edvel porta incenso em formato de drag\u00e3o! Uma pe\u00e7a que une for\u00e7a, prote\u00e7\u00e3o e beleza em um s\u00f3 objeto. Efeito Cascata: Funciona com incensos do tipo backflow (refluxo), criando um efeito de fuma\u00e7a que desce [&hellip;]","og_url":"https:\/\/www.monitorstlflix.online\/product\/misty-c-dragon-backflow-burner-682959db31e36\/","og_site_name":"MyStore - By STLFLIX","article_publisher":"https:\/\/www.facebook.com\/STLFLIX","og_image":[{"width":1080,"height":1350,"url":"https:\/\/www.monitorstlflix.online\/wp-content\/uploads\/2024\/04\/Misty_c_Dragon_Backflow_Burner_thumb_ec32124b0a.jpg","type":"image\/jpeg"}],"twitter_card":"summary_large_image","twitter_misc":{"Est. reading time":"1 minute"},"schema":{"@context":"https:\/\/schema.org","@graph":[{"@type":"WebPage","@id":"https:\/\/www.monitorstlflix.online\/product\/misty-c-dragon-backflow-burner-682959db31e36\/","url":"https:\/\/www.monitorstlflix.online\/product\/misty-c-dragon-backflow-burner-682959db31e36\/","name":"Suporte para incenso Drag\u00e3o - Misty-c Dragon Backflow Burner - MyStore - By STLFLIX","isPartOf":{"@id":"https:\/\/my.stlflix.com\/#website"},"primaryImageOfPage":{"@id":"https:\/\/www.monitorstlflix.online\/product\/misty-c-dragon-backflow-burner-682959db31e36\/#primaryimage"},"image":{"@id":"https:\/\/www.monitorstlflix.online\/product\/misty-c-dragon-backflow-burner-682959db31e36\/#primaryimage"},"thumbnailUrl":"https:\/\/my.stlflix.com\/wp-content\/uploads\/2024\/04\/Misty_c_Dragon_Backflow_Burner_thumb_ec32124b0a.jpg","datePublished":"2025-05-21T03:09:28+00:00","breadcrumb":{"@id":"https:\/\/www.monitorstlflix.online\/product\/misty-c-dragon-backflow-burner-682959db31e36\/#breadcrumb"},"inLanguage":"es-ES","potentialAction":[{"@type":"ReadAction","target":["https:\/\/www.monitorstlflix.online\/product\/misty-c-dragon-backflow-burner-682959db31e36\/"]}]},{"@type":"ImageObject","inLanguage":"es-ES","@id":"https:\/\/www.monitorstlflix.online\/product\/misty-c-dragon-backflow-burner-682959db31e36\/#primaryimage","url":"https:\/\/my.stlflix.com\/wp-content\/uploads\/2024\/04\/Misty_c_Dragon_Backflow_Burner_thumb_ec32124b0a.jpg","contentUrl":"https:\/\/my.stlflix.com\/wp-content\/uploads\/2024\/04\/Misty_c_Dragon_Backflow_Burner_thumb_ec32124b0a.jpg","width":1080,"height":1350},{"@type":"BreadcrumbList","@id":"https:\/\/www.monitorstlflix.online\/product\/misty-c-dragon-backflow-burner-682959db31e36\/#breadcrumb","itemListElement":[{"@type":"ListItem","position":1,"name":"Home","item":"https:\/\/www.stlflix-store.com\/"},{"@type":"ListItem","position":2,"name":"Products","item":"https:\/\/www.stlflix-store.com\/shop\/"},{"@type":"ListItem","position":3,"name":"Suporte para incenso Drag\u00e3o &#8211; Misty-c Dragon Backflow Burner"}]},{"@type":"WebSite","@id":"https:\/\/my.stlflix.com\/#website","url":"https:\/\/my.stlflix.com\/","name":"MyStore - By STLFLIX","description":"","publisher":{"@id":"https:\/\/my.stlflix.com\/#organization"},"potentialAction":[{"@type":"SearchAction","target":{"@type":"EntryPoint","urlTemplate":"https:\/\/my.stlflix.com\/?s={search_term_string}"},"query-input":{"@type":"PropertyValueSpecification","valueRequired":true,"valueName":"search_term_string"}}],"inLanguage":"es-ES"},{"@type":"Organization","@id":"https:\/\/my.stlflix.com\/#organization","name":"MyStore - By STLFLIX","url":"https:\/\/my.stlflix.com\/","logo":{"@type":"ImageObject","inLanguage":"es-ES","@id":"https:\/\/my.stlflix.com\/#\/schema\/logo\/image\/","url":"https:\/\/my.stlflix.com\/wp-content\/uploads\/2024\/06\/logo-mystore.png","contentUrl":"https:\/\/my.stlflix.com\/wp-content\/uploads\/2024\/06\/logo-mystore.png","width":150,"height":41,"caption":"MyStore - By STLFLIX"},"image":{"@id":"https:\/\/my.stlflix.com\/#\/schema\/logo\/image\/"},"sameAs":["https:\/\/www.facebook.com\/STLFLIX","https:\/\/www.instagram.com\/stlflix_\/","https:\/\/www.tiktok.com\/@stlflix"]}]}},"_links":{"self":[{"href":"https:\/\/my.stlflix.com\/es\/wp-json\/wp\/v2\/product\/355390","targetHints":{"allow":["GET"]}}],"collection":[{"href":"https:\/\/my.stlflix.com\/es\/wp-json\/wp\/v2\/product"}],"about":[{"href":"https:\/\/my.stlflix.com\/es\/wp-json\/wp\/v2\/types\/product"}],"replies":[{"embeddable":true,"href":"https:\/\/my.stlflix.com\/es\/wp-json\/wp\/v2\/comments?post=355390"}],"wp:featuredmedia":[{"embeddable":true,"href":"https:\/\/my.stlflix.com\/es\/wp-json\/wp\/v2\/media\/10623"}],"wp:attachment":[{"href":"https:\/\/my.stlflix.com\/es\/wp-json\/wp\/v2\/media?parent=355390"}],"wp:term":[{"taxonomy":"product_brand","embeddable":true,"href":"https:\/\/my.stlflix.com\/es\/wp-json\/wp\/v2\/product_brand?post=355390"},{"taxonomy":"product_cat","embeddable":true,"href":"https:\/\/my.stlflix.com\/es\/wp-json\/wp\/v2\/product_cat?post=355390"},{"taxonomy":"product_tag","embeddable":true,"href":"https:\/\/my.stlflix.com\/es\/wp-json\/wp\/v2\/product_tag?post=355390"}],"curies":[{"name":"wp","href":"https:\/\/api.w.org\/{rel}","templated":true}]}}