{"id":355466,"date":"2025-05-22T02:26:11","date_gmt":"2025-05-22T02:26:11","guid":{"rendered":"https:\/\/my.stlflix.com\/?post_type=product&#038;p=355466"},"modified":"2025-05-22T03:23:53","modified_gmt":"2025-05-22T03:23:53","slug":"ultimate-phone-holder-68295f2416997","status":"publish","type":"product","link":"https:\/\/my.stlflix.com\/es\/product\/ultimate-phone-holder-68295f2416997\/","title":{"rendered":"Suporte de Telefone &#8211; Ultimate Phone Holder"},"content":{"rendered":"<p><strong>Suporte de Telefone \u2013 Ultimate Phone Holder<\/strong><\/p>\n<p>O suporte definitivo para quem busca praticidade, organiza\u00e7\u00e3o e conforto no dia a dia. Perfeito para acompanhar suas tarefas, estudos, chamadas de v\u00eddeo ou assistir seus conte\u00fados favoritos.<\/p>\n<ul>\n<li><strong>Design Dobr\u00e1vel:<\/strong> Compacto, leve e f\u00e1cil de transportar. Pode ser dobrado quando n\u00e3o estiver em uso, ocupando pouqu\u00edssimo espa\u00e7o.<\/li>\n<li><strong>Ajust\u00e1vel:<\/strong> Possui \u00e2ngulo de inclina\u00e7\u00e3o ajust\u00e1vel para garantir o melhor conforto visual em qualquer situa\u00e7\u00e3o.<\/li>\n<li><strong>Material:<\/strong> Fabricado em PLA (pl\u00e1stico biodegrad\u00e1vel e sustent\u00e1vel), feito por impress\u00e3o 3D, resistente e com \u00f3timo acabamento.<\/li>\n<li><strong>Compatibilidade:<\/strong> Ideal para smartphones de diversos tamanhos, al\u00e9m de funcionar tamb\u00e9m como suporte para pequenos tablets e dispositivos similares.<\/li>\n<li><strong>Perfeito Para:<\/strong> Home office, estudos, mesa de trabalho, cozinha, mesa de cabeceira ou qualquer ambiente onde voc\u00ea queira ter seu celular sempre \u00e0 m\u00e3o e bem posicionado.<\/li>\n<\/ul>\n<p><em>Observa\u00e7\u00e3o:<\/em> Por ser produzido via impress\u00e3o 3D, pequenas varia\u00e7\u00f5es no acabamento podem ocorrer.<\/p>\n","protected":false},"excerpt":{"rendered":"<p>Suporte de Telefone \u2013 Ultimate Phone Holder O suporte definitivo para quem busca praticidade, organiza\u00e7\u00e3o e conforto no dia a dia. Perfeito para acompanhar suas tarefas, estudos, chamadas de v\u00eddeo ou assistir seus conte\u00fados favoritos. Design Dobr\u00e1vel: Compacto, leve e f\u00e1cil de transportar. Pode ser dobrado quando n\u00e3o estiver em uso, ocupando pouqu\u00edssimo espa\u00e7o. Ajust\u00e1vel: [&hellip;]<\/p>\n","protected":false},"featured_media":8864,"comment_status":"open","ping_status":"closed","template":"","meta":[],"product_brand":[],"product_cat":[22],"product_tag":[3781,2616],"class_list":{"0":"post-355466","1":"product","2":"type-product","3":"status-publish","4":"has-post-thumbnail","6":"product_cat-gadgets","7":"product_tag-suporte-de-celular","8":"product_tag-suporte-de-smartphone","10":"first","11":"instock","12":"taxable","13":"shipping-taxable","14":"purchasable","15":"product-type-simple"},"yoast_head":"<!-- This site is optimized with the Yoast SEO plugin v25.1 - https:\/\/yoast.com\/wordpress\/plugins\/seo\/ -->\n<title>Suporte de Telefone - Ultimate Phone Holder - MyStore - By STLFLIX<\/title>\n<meta name=\"robots\" content=\"index, follow, max-snippet:-1, max-image-preview:large, max-video-preview:-1\" \/>\n<link rel=\"canonical\" href=\"https:\/\/www.monitorstlflix.online\/product\/ultimate-phone-holder-68295f2416997\/\" \/>\n<meta property=\"og:locale\" content=\"es_ES\" \/>\n<meta property=\"og:type\" content=\"article\" \/>\n<meta property=\"og:title\" content=\"Suporte de Telefone - Ultimate Phone Holder - MyStore - By STLFLIX\" \/>\n<meta property=\"og:description\" content=\"Suporte de Telefone \u2013 Ultimate Phone Holder O suporte definitivo para quem busca praticidade, organiza\u00e7\u00e3o e conforto no dia a dia. Perfeito para acompanhar suas tarefas, estudos, chamadas de v\u00eddeo ou assistir seus conte\u00fados favoritos. Design Dobr\u00e1vel: Compacto, leve e f\u00e1cil de transportar. Pode ser dobrado quando n\u00e3o estiver em uso, ocupando pouqu\u00edssimo espa\u00e7o. Ajust\u00e1vel: [&hellip;]\" \/>\n<meta property=\"og:url\" content=\"https:\/\/www.monitorstlflix.online\/product\/ultimate-phone-holder-68295f2416997\/\" \/>\n<meta property=\"og:site_name\" content=\"MyStore - By STLFLIX\" \/>\n<meta property=\"article:publisher\" content=\"https:\/\/www.facebook.com\/STLFLIX\" \/>\n<meta property=\"article:modified_time\" content=\"2025-05-22T03:23:53+00:00\" \/>\n<meta property=\"og:image\" content=\"https:\/\/www.monitorstlflix.online\/wp-content\/uploads\/2024\/03\/Ultimate_Phone_Holder_b441d6368b.png\" \/>\n\t<meta property=\"og:image:width\" content=\"542\" \/>\n\t<meta property=\"og:image:height\" content=\"678\" \/>\n\t<meta property=\"og:image:type\" content=\"image\/png\" \/>\n<meta name=\"twitter:card\" content=\"summary_large_image\" \/>\n<meta name=\"twitter:label1\" content=\"Est. reading time\" \/>\n\t<meta name=\"twitter:data1\" content=\"1 minute\" \/>\n<script type=\"application\/ld+json\" class=\"yoast-schema-graph\">{\"@context\":\"https:\/\/schema.org\",\"@graph\":[{\"@type\":\"WebPage\",\"@id\":\"https:\/\/www.monitorstlflix.online\/product\/ultimate-phone-holder-68295f2416997\/\",\"url\":\"https:\/\/www.monitorstlflix.online\/product\/ultimate-phone-holder-68295f2416997\/\",\"name\":\"Suporte de Telefone - Ultimate Phone Holder - MyStore - By STLFLIX\",\"isPartOf\":{\"@id\":\"https:\/\/my.stlflix.com\/#website\"},\"primaryImageOfPage\":{\"@id\":\"https:\/\/www.monitorstlflix.online\/product\/ultimate-phone-holder-68295f2416997\/#primaryimage\"},\"image\":{\"@id\":\"https:\/\/www.monitorstlflix.online\/product\/ultimate-phone-holder-68295f2416997\/#primaryimage\"},\"thumbnailUrl\":\"https:\/\/my.stlflix.com\/wp-content\/uploads\/2024\/03\/Ultimate_Phone_Holder_b441d6368b.png\",\"datePublished\":\"2025-05-22T02:26:11+00:00\",\"dateModified\":\"2025-05-22T03:23:53+00:00\",\"breadcrumb\":{\"@id\":\"https:\/\/www.monitorstlflix.online\/product\/ultimate-phone-holder-68295f2416997\/#breadcrumb\"},\"inLanguage\":\"es-ES\",\"potentialAction\":[{\"@type\":\"ReadAction\",\"target\":[\"https:\/\/www.monitorstlflix.online\/product\/ultimate-phone-holder-68295f2416997\/\"]}]},{\"@type\":\"ImageObject\",\"inLanguage\":\"es-ES\",\"@id\":\"https:\/\/www.monitorstlflix.online\/product\/ultimate-phone-holder-68295f2416997\/#primaryimage\",\"url\":\"https:\/\/my.stlflix.com\/wp-content\/uploads\/2024\/03\/Ultimate_Phone_Holder_b441d6368b.png\",\"contentUrl\":\"https:\/\/my.stlflix.com\/wp-content\/uploads\/2024\/03\/Ultimate_Phone_Holder_b441d6368b.png\",\"width\":542,\"height\":678},{\"@type\":\"BreadcrumbList\",\"@id\":\"https:\/\/www.monitorstlflix.online\/product\/ultimate-phone-holder-68295f2416997\/#breadcrumb\",\"itemListElement\":[{\"@type\":\"ListItem\",\"position\":1,\"name\":\"Home\",\"item\":\"https:\/\/www.stlflix-store.com\/\"},{\"@type\":\"ListItem\",\"position\":2,\"name\":\"Products\",\"item\":\"https:\/\/www.stlflix-store.com\/shop\/\"},{\"@type\":\"ListItem\",\"position\":3,\"name\":\"Suporte de Telefone &#8211; Ultimate Phone Holder\"}]},{\"@type\":\"WebSite\",\"@id\":\"https:\/\/my.stlflix.com\/#website\",\"url\":\"https:\/\/my.stlflix.com\/\",\"name\":\"MyStore - By STLFLIX\",\"description\":\"\",\"publisher\":{\"@id\":\"https:\/\/my.stlflix.com\/#organization\"},\"potentialAction\":[{\"@type\":\"SearchAction\",\"target\":{\"@type\":\"EntryPoint\",\"urlTemplate\":\"https:\/\/my.stlflix.com\/?s={search_term_string}\"},\"query-input\":{\"@type\":\"PropertyValueSpecification\",\"valueRequired\":true,\"valueName\":\"search_term_string\"}}],\"inLanguage\":\"es-ES\"},{\"@type\":\"Organization\",\"@id\":\"https:\/\/my.stlflix.com\/#organization\",\"name\":\"MyStore - By STLFLIX\",\"url\":\"https:\/\/my.stlflix.com\/\",\"logo\":{\"@type\":\"ImageObject\",\"inLanguage\":\"es-ES\",\"@id\":\"https:\/\/my.stlflix.com\/#\/schema\/logo\/image\/\",\"url\":\"https:\/\/my.stlflix.com\/wp-content\/uploads\/2024\/06\/logo-mystore.png\",\"contentUrl\":\"https:\/\/my.stlflix.com\/wp-content\/uploads\/2024\/06\/logo-mystore.png\",\"width\":150,\"height\":41,\"caption\":\"MyStore - By STLFLIX\"},\"image\":{\"@id\":\"https:\/\/my.stlflix.com\/#\/schema\/logo\/image\/\"},\"sameAs\":[\"https:\/\/www.facebook.com\/STLFLIX\",\"https:\/\/www.instagram.com\/stlflix_\/\",\"https:\/\/www.tiktok.com\/@stlflix\"]}]}<\/script>\n<!-- \/ Yoast SEO plugin. -->","yoast_head_json":{"title":"Suporte de Telefone - Ultimate Phone Holder - MyStore - By STLFLIX","robots":{"index":"index","follow":"follow","max-snippet":"max-snippet:-1","max-image-preview":"max-image-preview:large","max-video-preview":"max-video-preview:-1"},"canonical":"https:\/\/www.monitorstlflix.online\/product\/ultimate-phone-holder-68295f2416997\/","og_locale":"es_ES","og_type":"article","og_title":"Suporte de Telefone - Ultimate Phone Holder - MyStore - By STLFLIX","og_description":"Suporte de Telefone \u2013 Ultimate Phone Holder O suporte definitivo para quem busca praticidade, organiza\u00e7\u00e3o e conforto no dia a dia. Perfeito para acompanhar suas tarefas, estudos, chamadas de v\u00eddeo ou assistir seus conte\u00fados favoritos. Design Dobr\u00e1vel: Compacto, leve e f\u00e1cil de transportar. Pode ser dobrado quando n\u00e3o estiver em uso, ocupando pouqu\u00edssimo espa\u00e7o. Ajust\u00e1vel: [&hellip;]","og_url":"https:\/\/www.monitorstlflix.online\/product\/ultimate-phone-holder-68295f2416997\/","og_site_name":"MyStore - By STLFLIX","article_publisher":"https:\/\/www.facebook.com\/STLFLIX","article_modified_time":"2025-05-22T03:23:53+00:00","og_image":[{"width":542,"height":678,"url":"https:\/\/www.monitorstlflix.online\/wp-content\/uploads\/2024\/03\/Ultimate_Phone_Holder_b441d6368b.png","type":"image\/png"}],"twitter_card":"summary_large_image","twitter_misc":{"Est. reading time":"1 minute"},"schema":{"@context":"https:\/\/schema.org","@graph":[{"@type":"WebPage","@id":"https:\/\/www.monitorstlflix.online\/product\/ultimate-phone-holder-68295f2416997\/","url":"https:\/\/www.monitorstlflix.online\/product\/ultimate-phone-holder-68295f2416997\/","name":"Suporte de Telefone - Ultimate Phone Holder - MyStore - By STLFLIX","isPartOf":{"@id":"https:\/\/my.stlflix.com\/#website"},"primaryImageOfPage":{"@id":"https:\/\/www.monitorstlflix.online\/product\/ultimate-phone-holder-68295f2416997\/#primaryimage"},"image":{"@id":"https:\/\/www.monitorstlflix.online\/product\/ultimate-phone-holder-68295f2416997\/#primaryimage"},"thumbnailUrl":"https:\/\/my.stlflix.com\/wp-content\/uploads\/2024\/03\/Ultimate_Phone_Holder_b441d6368b.png","datePublished":"2025-05-22T02:26:11+00:00","dateModified":"2025-05-22T03:23:53+00:00","breadcrumb":{"@id":"https:\/\/www.monitorstlflix.online\/product\/ultimate-phone-holder-68295f2416997\/#breadcrumb"},"inLanguage":"es-ES","potentialAction":[{"@type":"ReadAction","target":["https:\/\/www.monitorstlflix.online\/product\/ultimate-phone-holder-68295f2416997\/"]}]},{"@type":"ImageObject","inLanguage":"es-ES","@id":"https:\/\/www.monitorstlflix.online\/product\/ultimate-phone-holder-68295f2416997\/#primaryimage","url":"https:\/\/my.stlflix.com\/wp-content\/uploads\/2024\/03\/Ultimate_Phone_Holder_b441d6368b.png","contentUrl":"https:\/\/my.stlflix.com\/wp-content\/uploads\/2024\/03\/Ultimate_Phone_Holder_b441d6368b.png","width":542,"height":678},{"@type":"BreadcrumbList","@id":"https:\/\/www.monitorstlflix.online\/product\/ultimate-phone-holder-68295f2416997\/#breadcrumb","itemListElement":[{"@type":"ListItem","position":1,"name":"Home","item":"https:\/\/www.stlflix-store.com\/"},{"@type":"ListItem","position":2,"name":"Products","item":"https:\/\/www.stlflix-store.com\/shop\/"},{"@type":"ListItem","position":3,"name":"Suporte de Telefone &#8211; Ultimate Phone Holder"}]},{"@type":"WebSite","@id":"https:\/\/my.stlflix.com\/#website","url":"https:\/\/my.stlflix.com\/","name":"MyStore - By STLFLIX","description":"","publisher":{"@id":"https:\/\/my.stlflix.com\/#organization"},"potentialAction":[{"@type":"SearchAction","target":{"@type":"EntryPoint","urlTemplate":"https:\/\/my.stlflix.com\/?s={search_term_string}"},"query-input":{"@type":"PropertyValueSpecification","valueRequired":true,"valueName":"search_term_string"}}],"inLanguage":"es-ES"},{"@type":"Organization","@id":"https:\/\/my.stlflix.com\/#organization","name":"MyStore - By STLFLIX","url":"https:\/\/my.stlflix.com\/","logo":{"@type":"ImageObject","inLanguage":"es-ES","@id":"https:\/\/my.stlflix.com\/#\/schema\/logo\/image\/","url":"https:\/\/my.stlflix.com\/wp-content\/uploads\/2024\/06\/logo-mystore.png","contentUrl":"https:\/\/my.stlflix.com\/wp-content\/uploads\/2024\/06\/logo-mystore.png","width":150,"height":41,"caption":"MyStore - By STLFLIX"},"image":{"@id":"https:\/\/my.stlflix.com\/#\/schema\/logo\/image\/"},"sameAs":["https:\/\/www.facebook.com\/STLFLIX","https:\/\/www.instagram.com\/stlflix_\/","https:\/\/www.tiktok.com\/@stlflix"]}]}},"_links":{"self":[{"href":"https:\/\/my.stlflix.com\/es\/wp-json\/wp\/v2\/product\/355466","targetHints":{"allow":["GET"]}}],"collection":[{"href":"https:\/\/my.stlflix.com\/es\/wp-json\/wp\/v2\/product"}],"about":[{"href":"https:\/\/my.stlflix.com\/es\/wp-json\/wp\/v2\/types\/product"}],"replies":[{"embeddable":true,"href":"https:\/\/my.stlflix.com\/es\/wp-json\/wp\/v2\/comments?post=355466"}],"wp:featuredmedia":[{"embeddable":true,"href":"https:\/\/my.stlflix.com\/es\/wp-json\/wp\/v2\/media\/8864"}],"wp:attachment":[{"href":"https:\/\/my.stlflix.com\/es\/wp-json\/wp\/v2\/media?parent=355466"}],"wp:term":[{"taxonomy":"product_brand","embeddable":true,"href":"https:\/\/my.stlflix.com\/es\/wp-json\/wp\/v2\/product_brand?post=355466"},{"taxonomy":"product_cat","embeddable":true,"href":"https:\/\/my.stlflix.com\/es\/wp-json\/wp\/v2\/product_cat?post=355466"},{"taxonomy":"product_tag","embeddable":true,"href":"https:\/\/my.stlflix.com\/es\/wp-json\/wp\/v2\/product_tag?post=355466"}],"curies":[{"name":"wp","href":"https:\/\/api.w.org\/{rel}","templated":true}]}}