{"id":357479,"date":"2025-05-19T16:59:52","date_gmt":"2025-05-19T16:59:52","guid":{"rendered":"https:\/\/my.stlflix.com\/?post_type=product&#038;p=357479"},"modified":"2025-07-07T03:45:54","modified_gmt":"2025-07-07T03:45:54","slug":"tag-para-caes-nome-e-telefone","status":"publish","type":"product","link":"https:\/\/my.stlflix.com\/es\/product\/tag-para-caes-nome-e-telefone\/","title":{"rendered":"4 (quatro) Tags para c\u00e3es &#8211; Nome e telefone."},"content":{"rendered":"<p class=\"\" style=\"text-align: left\" data-start=\"151\" data-end=\"229\"><strong data-start=\"151\" data-end=\"229\">Descri\u00e7\u00e3o da Tag de Identifica\u00e7\u00e3o para C\u00e3es \u2013 Impress\u00e3o 3D em PETG At\u00f3xico<\/strong><\/p>\n<p class=\"\" style=\"text-align: left\" data-start=\"231\" data-end=\"462\">Identifique seu pet com seguran\u00e7a, estilo e durabilidade com nossa tag personalizada impressa em 3D. Fabricada com <strong data-start=\"346\" data-end=\"372\">filamento PETG at\u00f3xico<\/strong>, essa tag \u00e9 resistente, higi\u00eanica e ideal para o uso di\u00e1rio, mesmo em ambientes externos.<\/p>\n<p class=\"\" style=\"text-align: left\" data-start=\"464\" data-end=\"493\"><strong data-start=\"464\" data-end=\"493\">Caracter\u00edsticas t\u00e9cnicas:<\/strong><\/p>\n<p class=\"\" style=\"text-align: left\" data-start=\"497\" data-end=\"560\"><strong data-start=\"497\" data-end=\"510\">Material:<\/strong> PETG at\u00f3xico (livre de BPA e seguro para animais)<\/p>\n<p class=\"\" style=\"text-align: left\" data-start=\"563\" data-end=\"579\"><strong data-start=\"563\" data-end=\"577\">Dimens\u00f5es:<\/strong><\/p>\n<p class=\"\" style=\"text-align: left\" data-start=\"584\" data-end=\"604\">Largura: <strong data-start=\"593\" data-end=\"602\">66 mm<\/strong><\/p>\n<p class=\"\" style=\"text-align: left\" data-start=\"609\" data-end=\"628\">Altura: <strong data-start=\"617\" data-end=\"626\">45 mm<\/strong><\/p>\n<p class=\"\" style=\"text-align: left\" data-start=\"633\" data-end=\"654\">Espessura: <strong data-start=\"644\" data-end=\"654\">4,7 mm<\/strong><\/p>\n<p class=\"\" style=\"text-align: left\" data-start=\"657\" data-end=\"739\"><strong data-start=\"657\" data-end=\"669\">Formato:<\/strong> Osso anat\u00f4mico, com bordas arredondadas para maior conforto do animal<\/p>\n<p class=\"\" style=\"text-align: left\" data-start=\"742\" data-end=\"820\"><strong data-start=\"742\" data-end=\"752\">Cores:<\/strong> Impress\u00e3o em <strong data-start=\"766\" data-end=\"780\">duas cores<\/strong> (uma para o fundo e outra para o texto)<\/p>\n<p class=\"\" style=\"text-align: left\" data-start=\"823\" data-end=\"858\"><strong data-start=\"823\" data-end=\"858\">Informa\u00e7\u00f5es exibidas na frente:<\/strong><\/p>\n<p class=\"\" style=\"text-align: left\" data-start=\"863\" data-end=\"903\"><strong data-start=\"863\" data-end=\"878\">Nome do pet<\/strong> em destaque centralizado<\/p>\n<p class=\"\" style=\"text-align: left\" data-start=\"908\" data-end=\"962\"><strong data-start=\"908\" data-end=\"929\">Telefone do tutor<\/strong>, logo abaixo, em tamanho leg\u00edvel<\/p>\n<p class=\"\" style=\"text-align: left\" data-start=\"965\" data-end=\"1059\"><strong data-start=\"965\" data-end=\"977\">Fixa\u00e7\u00e3o:<\/strong> Orif\u00edcio superior central para encaixe em argola met\u00e1lica ou mosquet\u00e3o de coleira<\/p>\n<p style=\"text-align: left\" data-start=\"965\" data-end=\"1059\">4 (quatro) unidades que podem ser personalizadas com nomes e telefones diferentes. Exemplo&#8230;Caso voc\u00ea tenha quatro c\u00e3es; cada um dos quatro possuem o nome de cada Pet e seu respectivo telefone de cada dono que voc\u00ea dever\u00e1 nos informar antes ou no momento da compra na op\u00e7\u00e3o chamada NOTAS ADICIONAIS ou ORDER NOTES.<\/p>\n<p class=\"\" style=\"text-align: left\" data-start=\"1061\" data-end=\"1078\"><strong data-start=\"1061\" data-end=\"1078\">Diferenciais:<\/strong><\/p>\n<p class=\"\" style=\"text-align: left\" data-start=\"1082\" data-end=\"1175\">Produzida em <strong data-start=\"1095\" data-end=\"1129\">impressora 3D de alta precis\u00e3o<\/strong>, garantindo acabamento suave e visual moderno<\/p>\n<p class=\"\" style=\"text-align: left\" data-start=\"1178\" data-end=\"1260\">Ideal para personaliza\u00e7\u00e3o de acordo com a cor do pet ou identidade visual do tutor<\/p>\n<p class=\"\" style=\"text-align: left\" data-start=\"1263\" data-end=\"1317\">Resistente \u00e0 \u00e1gua, impactos e exposi\u00e7\u00e3o solar moderada<\/p>\n<p class=\"\" style=\"text-align: left\" data-start=\"1319\" data-end=\"1502\"><strong data-start=\"1319\" data-end=\"1333\">Aplica\u00e7\u00e3o:<\/strong><br data-start=\"1333\" data-end=\"1336\" \/>Perfeita para c\u00e3es de pequeno a grande porte, a tag \u00e9 leve, dur\u00e1vel e contribui para a <strong data-start=\"1423\" data-end=\"1446\">seguran\u00e7a do animal<\/strong> em caso de perda, garantindo f\u00e1cil contato com o tutor.<\/p>\n<h3 style=\"text-align: left\" data-start=\"1319\" data-end=\"1502\"><strong>Obs.: N\u00e3o acompanha o colar, somente a tag com argola.<\/strong><\/h3>\n","protected":false},"excerpt":{"rendered":"<p>Descri\u00e7\u00e3o da Tag de Identifica\u00e7\u00e3o para C\u00e3es \u2013 Impress\u00e3o 3D em PETG At\u00f3xico Identifique seu pet com seguran\u00e7a, estilo e durabilidade com nossa tag personalizada impressa em 3D. Fabricada com filamento PETG at\u00f3xico, essa tag \u00e9 resistente, higi\u00eanica e ideal para o uso di\u00e1rio, mesmo em ambientes externos. Caracter\u00edsticas t\u00e9cnicas: Material: PETG at\u00f3xico (livre de [&hellip;]<\/p>\n","protected":false},"featured_media":357480,"comment_status":"open","ping_status":"closed","template":"","meta":[],"product_brand":[],"product_cat":[15],"product_tag":[5081],"class_list":{"0":"post-357479","1":"product","2":"type-product","3":"status-publish","4":"has-post-thumbnail","6":"product_cat-uncategorized","7":"product_tag-home-decor-3","9":"first","10":"instock","11":"sale","12":"shipping-taxable","13":"purchasable","14":"product-type-simple"},"yoast_head":"<!-- This site is optimized with the Yoast SEO plugin v25.1 - https:\/\/yoast.com\/wordpress\/plugins\/seo\/ -->\n<title>4 (quatro) Tags para c\u00e3es - Nome e telefone. - [https:\/\/my.stlflix.com\/s\/printnow3dscan\/]<\/title>\n<meta name=\"description\" content=\"tag, pet, promo\u00e7\u00e3o, impress\u00e3o 3d, leve,\" \/>\n<meta name=\"robots\" content=\"index, follow, max-snippet:-1, max-image-preview:large, max-video-preview:-1\" \/>\n<link rel=\"canonical\" href=\"https:\/\/www.my3dstore-example.com\/product\/tag-para-caes-nome-e-telefone\/\" \/>\n<meta property=\"og:locale\" content=\"es_ES\" \/>\n<meta property=\"og:type\" content=\"article\" \/>\n<meta property=\"og:title\" content=\"4 (quatro) Tags para c\u00e3es - Nome e telefone. - [https:\/\/my.stlflix.com\/s\/printnow3dscan\/]\" \/>\n<meta property=\"og:description\" content=\"tag, pet, promo\u00e7\u00e3o, impress\u00e3o 3d, leve,\" \/>\n<meta property=\"og:url\" content=\"https:\/\/www.my3dstore-example.com\/product\/tag-para-caes-nome-e-telefone\/\" \/>\n<meta property=\"og:site_name\" content=\"MyStore - By STLFLIX\" \/>\n<meta property=\"article:publisher\" content=\"https:\/\/www.facebook.com\/STLFLIX\" \/>\n<meta property=\"article:modified_time\" content=\"2025-07-07T03:45:54+00:00\" \/>\n<meta property=\"og:image\" content=\"https:\/\/www.my3dstore-example.com\/wp-content\/uploads\/2025\/05\/tag_pet-683x1024.png\" \/>\n\t<meta property=\"og:image:width\" content=\"683\" \/>\n\t<meta property=\"og:image:height\" content=\"1024\" \/>\n\t<meta property=\"og:image:type\" content=\"image\/png\" \/>\n<meta name=\"twitter:card\" content=\"summary_large_image\" \/>\n<meta name=\"twitter:label1\" content=\"Est. reading time\" \/>\n\t<meta name=\"twitter:data1\" content=\"1 minute\" \/>\n<script type=\"application\/ld+json\" class=\"yoast-schema-graph\">{\"@context\":\"https:\/\/schema.org\",\"@graph\":[{\"@type\":\"WebPage\",\"@id\":\"https:\/\/www.my3dstore-example.com\/product\/tag-para-caes-nome-e-telefone\/\",\"url\":\"https:\/\/www.my3dstore-example.com\/product\/tag-para-caes-nome-e-telefone\/\",\"name\":\"4 (quatro) Tags para c\u00e3es - Nome e telefone. - [https:\/\/my.stlflix.com\/s\/printnow3dscan\/]\",\"isPartOf\":{\"@id\":\"https:\/\/my.stlflix.com\/#website\"},\"primaryImageOfPage\":{\"@id\":\"https:\/\/www.my3dstore-example.com\/product\/tag-para-caes-nome-e-telefone\/#primaryimage\"},\"image\":{\"@id\":\"https:\/\/www.my3dstore-example.com\/product\/tag-para-caes-nome-e-telefone\/#primaryimage\"},\"thumbnailUrl\":\"https:\/\/my.stlflix.com\/wp-content\/uploads\/2025\/05\/tag_pet.png\",\"datePublished\":\"2025-05-19T16:59:52+00:00\",\"dateModified\":\"2025-07-07T03:45:54+00:00\",\"description\":\"tag, pet, promo\u00e7\u00e3o, impress\u00e3o 3d, leve,\",\"breadcrumb\":{\"@id\":\"https:\/\/www.my3dstore-example.com\/product\/tag-para-caes-nome-e-telefone\/#breadcrumb\"},\"inLanguage\":\"es-ES\",\"potentialAction\":[{\"@type\":\"ReadAction\",\"target\":[\"https:\/\/www.my3dstore-example.com\/product\/tag-para-caes-nome-e-telefone\/\"]}]},{\"@type\":\"ImageObject\",\"inLanguage\":\"es-ES\",\"@id\":\"https:\/\/www.my3dstore-example.com\/product\/tag-para-caes-nome-e-telefone\/#primaryimage\",\"url\":\"https:\/\/my.stlflix.com\/wp-content\/uploads\/2025\/05\/tag_pet.png\",\"contentUrl\":\"https:\/\/my.stlflix.com\/wp-content\/uploads\/2025\/05\/tag_pet.png\",\"width\":1024,\"height\":1536},{\"@type\":\"BreadcrumbList\",\"@id\":\"https:\/\/www.my3dstore-example.com\/product\/tag-para-caes-nome-e-telefone\/#breadcrumb\",\"itemListElement\":[{\"@type\":\"ListItem\",\"position\":1,\"name\":\"Home\",\"item\":\"https:\/\/www.stlflix-store.com\/\"},{\"@type\":\"ListItem\",\"position\":2,\"name\":\"Products\",\"item\":\"https:\/\/www.stlflix-store.com\/shop\/\"},{\"@type\":\"ListItem\",\"position\":3,\"name\":\"4 (quatro) Tags para c\u00e3es &#8211; Nome e telefone.\"}]},{\"@type\":\"WebSite\",\"@id\":\"https:\/\/my.stlflix.com\/#website\",\"url\":\"https:\/\/my.stlflix.com\/\",\"name\":\"MyStore - By STLFLIX\",\"description\":\"\",\"publisher\":{\"@id\":\"https:\/\/my.stlflix.com\/#organization\"},\"potentialAction\":[{\"@type\":\"SearchAction\",\"target\":{\"@type\":\"EntryPoint\",\"urlTemplate\":\"https:\/\/my.stlflix.com\/?s={search_term_string}\"},\"query-input\":{\"@type\":\"PropertyValueSpecification\",\"valueRequired\":true,\"valueName\":\"search_term_string\"}}],\"inLanguage\":\"es-ES\"},{\"@type\":\"Organization\",\"@id\":\"https:\/\/my.stlflix.com\/#organization\",\"name\":\"MyStore - By STLFLIX\",\"url\":\"https:\/\/my.stlflix.com\/\",\"logo\":{\"@type\":\"ImageObject\",\"inLanguage\":\"es-ES\",\"@id\":\"https:\/\/my.stlflix.com\/#\/schema\/logo\/image\/\",\"url\":\"https:\/\/my.stlflix.com\/wp-content\/uploads\/2024\/06\/logo-mystore.png\",\"contentUrl\":\"https:\/\/my.stlflix.com\/wp-content\/uploads\/2024\/06\/logo-mystore.png\",\"width\":150,\"height\":41,\"caption\":\"MyStore - By STLFLIX\"},\"image\":{\"@id\":\"https:\/\/my.stlflix.com\/#\/schema\/logo\/image\/\"},\"sameAs\":[\"https:\/\/www.facebook.com\/STLFLIX\",\"https:\/\/www.instagram.com\/stlflix_\/\",\"https:\/\/www.tiktok.com\/@stlflix\"]}]}<\/script>\n<!-- \/ Yoast SEO plugin. -->","yoast_head_json":{"title":"4 (quatro) Tags para c\u00e3es - Nome e telefone. - [https:\/\/my.stlflix.com\/s\/printnow3dscan\/]","description":"tag, pet, promo\u00e7\u00e3o, impress\u00e3o 3d, leve,","robots":{"index":"index","follow":"follow","max-snippet":"max-snippet:-1","max-image-preview":"max-image-preview:large","max-video-preview":"max-video-preview:-1"},"canonical":"https:\/\/www.my3dstore-example.com\/product\/tag-para-caes-nome-e-telefone\/","og_locale":"es_ES","og_type":"article","og_title":"4 (quatro) Tags para c\u00e3es - Nome e telefone. - [https:\/\/my.stlflix.com\/s\/printnow3dscan\/]","og_description":"tag, pet, promo\u00e7\u00e3o, impress\u00e3o 3d, leve,","og_url":"https:\/\/www.my3dstore-example.com\/product\/tag-para-caes-nome-e-telefone\/","og_site_name":"MyStore - By STLFLIX","article_publisher":"https:\/\/www.facebook.com\/STLFLIX","article_modified_time":"2025-07-07T03:45:54+00:00","og_image":[{"width":683,"height":1024,"url":"https:\/\/www.my3dstore-example.com\/wp-content\/uploads\/2025\/05\/tag_pet-683x1024.png","type":"image\/png"}],"twitter_card":"summary_large_image","twitter_misc":{"Est. reading time":"1 minute"},"schema":{"@context":"https:\/\/schema.org","@graph":[{"@type":"WebPage","@id":"https:\/\/www.my3dstore-example.com\/product\/tag-para-caes-nome-e-telefone\/","url":"https:\/\/www.my3dstore-example.com\/product\/tag-para-caes-nome-e-telefone\/","name":"4 (quatro) Tags para c\u00e3es - Nome e telefone. - [https:\/\/my.stlflix.com\/s\/printnow3dscan\/]","isPartOf":{"@id":"https:\/\/my.stlflix.com\/#website"},"primaryImageOfPage":{"@id":"https:\/\/www.my3dstore-example.com\/product\/tag-para-caes-nome-e-telefone\/#primaryimage"},"image":{"@id":"https:\/\/www.my3dstore-example.com\/product\/tag-para-caes-nome-e-telefone\/#primaryimage"},"thumbnailUrl":"https:\/\/my.stlflix.com\/wp-content\/uploads\/2025\/05\/tag_pet.png","datePublished":"2025-05-19T16:59:52+00:00","dateModified":"2025-07-07T03:45:54+00:00","description":"tag, pet, promo\u00e7\u00e3o, impress\u00e3o 3d, leve,","breadcrumb":{"@id":"https:\/\/www.my3dstore-example.com\/product\/tag-para-caes-nome-e-telefone\/#breadcrumb"},"inLanguage":"es-ES","potentialAction":[{"@type":"ReadAction","target":["https:\/\/www.my3dstore-example.com\/product\/tag-para-caes-nome-e-telefone\/"]}]},{"@type":"ImageObject","inLanguage":"es-ES","@id":"https:\/\/www.my3dstore-example.com\/product\/tag-para-caes-nome-e-telefone\/#primaryimage","url":"https:\/\/my.stlflix.com\/wp-content\/uploads\/2025\/05\/tag_pet.png","contentUrl":"https:\/\/my.stlflix.com\/wp-content\/uploads\/2025\/05\/tag_pet.png","width":1024,"height":1536},{"@type":"BreadcrumbList","@id":"https:\/\/www.my3dstore-example.com\/product\/tag-para-caes-nome-e-telefone\/#breadcrumb","itemListElement":[{"@type":"ListItem","position":1,"name":"Home","item":"https:\/\/www.stlflix-store.com\/"},{"@type":"ListItem","position":2,"name":"Products","item":"https:\/\/www.stlflix-store.com\/shop\/"},{"@type":"ListItem","position":3,"name":"4 (quatro) Tags para c\u00e3es &#8211; Nome e telefone."}]},{"@type":"WebSite","@id":"https:\/\/my.stlflix.com\/#website","url":"https:\/\/my.stlflix.com\/","name":"MyStore - By STLFLIX","description":"","publisher":{"@id":"https:\/\/my.stlflix.com\/#organization"},"potentialAction":[{"@type":"SearchAction","target":{"@type":"EntryPoint","urlTemplate":"https:\/\/my.stlflix.com\/?s={search_term_string}"},"query-input":{"@type":"PropertyValueSpecification","valueRequired":true,"valueName":"search_term_string"}}],"inLanguage":"es-ES"},{"@type":"Organization","@id":"https:\/\/my.stlflix.com\/#organization","name":"MyStore - By STLFLIX","url":"https:\/\/my.stlflix.com\/","logo":{"@type":"ImageObject","inLanguage":"es-ES","@id":"https:\/\/my.stlflix.com\/#\/schema\/logo\/image\/","url":"https:\/\/my.stlflix.com\/wp-content\/uploads\/2024\/06\/logo-mystore.png","contentUrl":"https:\/\/my.stlflix.com\/wp-content\/uploads\/2024\/06\/logo-mystore.png","width":150,"height":41,"caption":"MyStore - By STLFLIX"},"image":{"@id":"https:\/\/my.stlflix.com\/#\/schema\/logo\/image\/"},"sameAs":["https:\/\/www.facebook.com\/STLFLIX","https:\/\/www.instagram.com\/stlflix_\/","https:\/\/www.tiktok.com\/@stlflix"]}]}},"_links":{"self":[{"href":"https:\/\/my.stlflix.com\/es\/wp-json\/wp\/v2\/product\/357479","targetHints":{"allow":["GET"]}}],"collection":[{"href":"https:\/\/my.stlflix.com\/es\/wp-json\/wp\/v2\/product"}],"about":[{"href":"https:\/\/my.stlflix.com\/es\/wp-json\/wp\/v2\/types\/product"}],"replies":[{"embeddable":true,"href":"https:\/\/my.stlflix.com\/es\/wp-json\/wp\/v2\/comments?post=357479"}],"wp:featuredmedia":[{"embeddable":true,"href":"https:\/\/my.stlflix.com\/es\/wp-json\/wp\/v2\/media\/357480"}],"wp:attachment":[{"href":"https:\/\/my.stlflix.com\/es\/wp-json\/wp\/v2\/media?parent=357479"}],"wp:term":[{"taxonomy":"product_brand","embeddable":true,"href":"https:\/\/my.stlflix.com\/es\/wp-json\/wp\/v2\/product_brand?post=357479"},{"taxonomy":"product_cat","embeddable":true,"href":"https:\/\/my.stlflix.com\/es\/wp-json\/wp\/v2\/product_cat?post=357479"},{"taxonomy":"product_tag","embeddable":true,"href":"https:\/\/my.stlflix.com\/es\/wp-json\/wp\/v2\/product_tag?post=357479"}],"curies":[{"name":"wp","href":"https:\/\/api.w.org\/{rel}","templated":true}]}}