{"id":357608,"date":"2025-05-19T22:49:46","date_gmt":"2025-05-19T22:49:46","guid":{"rendered":"https:\/\/my.stlflix.com\/?post_type=product&#038;p=357608"},"modified":"2025-05-20T00:23:44","modified_gmt":"2025-05-20T00:23:44","slug":"sombrero-keychain-tabasco-topper-682ba88018791","status":"publish","type":"product","link":"https:\/\/my.stlflix.com\/es\/product\/sombrero-keychain-tabasco-topper-682ba88018791\/","title":{"rendered":"Sombrero para Pimenta Tabasco e chaveiro exclusivo"},"content":{"rendered":"<p>Sombrero para Pimenta Tabasco e chaveiro exclusivo!<\/p>\n<p>Transforme sua garrafinha de Pimenta Tabasco com nosso encantador sombrero! Este acess\u00f3rio divertido e original \u00e9 a maneira perfeita de adicionar um toque de personalidade \u00e0s suas refei\u00e7\u00f5es. E o chaveiro sombrero hein!? para enfeitar sua mochila, sua bolsa ou at\u00e9 mesmo usar como chaveiro. Feito de material leve e dur\u00e1vel, o sombrero n\u00e3o s\u00f3 serve como uma tampinha estilizada, mas tamb\u00e9m mant\u00e9m a frescura do seu molho favorito.<\/p>\n<p>Com um design vibrante e aut\u00eantico, este sombrero vai certamente ser o centro das aten\u00e7\u00f5es na sua mesa. Ideal para festas, churrascos ou simplesmente para dar um charme extra \u00e0 sua cozinha. Al\u00e9m de funcional, ele \u00e9 uma excelente op\u00e7\u00e3o de presente para amantes da culin\u00e1ria e f\u00e3s de pimenta.<\/p>\n<p>D\u00ea um toque especial ao seu Tabasco e surpreenda seus convidados com este sombrero exclusivo!<\/p>\n","protected":false},"excerpt":{"rendered":"<p>Sombrero para Pimenta Tabasco e chaveiro exclusivo! Transforme sua garrafinha de Pimenta Tabasco com nosso encantador sombrero! Este acess\u00f3rio divertido e original \u00e9 a maneira perfeita de adicionar um toque de personalidade \u00e0s suas refei\u00e7\u00f5es. E o chaveiro sombrero hein!? para enfeitar sua mochila, sua bolsa ou at\u00e9 mesmo usar como chaveiro. Feito de material [&hellip;]<\/p>\n","protected":false},"featured_media":63951,"comment_status":"open","ping_status":"closed","template":"","meta":[],"product_brand":[],"product_cat":[25],"product_tag":[3275],"class_list":{"0":"post-357608","1":"product","2":"type-product","3":"status-publish","4":"has-post-thumbnail","6":"product_cat-home-decor","7":"product_tag-ornament-2","9":"first","10":"instock","11":"sale","12":"purchasable","13":"product-type-simple"},"yoast_head":"<!-- This site is optimized with the Yoast SEO plugin v25.1 - https:\/\/yoast.com\/wordpress\/plugins\/seo\/ -->\n<title>Sombrero para Pimenta Tabasco e chaveiro exclusivo - MyStore - By STLFLIX<\/title>\n<meta name=\"robots\" content=\"index, follow, max-snippet:-1, max-image-preview:large, max-video-preview:-1\" \/>\n<link rel=\"canonical\" href=\"https:\/\/my.stlflix.com\/product\/sombrero-keychain-tabasco-topper-682ba88018791\/\" \/>\n<meta property=\"og:locale\" content=\"es_ES\" \/>\n<meta property=\"og:type\" content=\"article\" \/>\n<meta property=\"og:title\" content=\"Sombrero para Pimenta Tabasco e chaveiro exclusivo - MyStore - By STLFLIX\" \/>\n<meta property=\"og:description\" content=\"Sombrero para Pimenta Tabasco e chaveiro exclusivo! Transforme sua garrafinha de Pimenta Tabasco com nosso encantador sombrero! Este acess\u00f3rio divertido e original \u00e9 a maneira perfeita de adicionar um toque de personalidade \u00e0s suas refei\u00e7\u00f5es. E o chaveiro sombrero hein!? para enfeitar sua mochila, sua bolsa ou at\u00e9 mesmo usar como chaveiro. Feito de material [&hellip;]\" \/>\n<meta property=\"og:url\" content=\"https:\/\/my.stlflix.com\/product\/sombrero-keychain-tabasco-topper-682ba88018791\/\" \/>\n<meta property=\"og:site_name\" content=\"MyStore - By STLFLIX\" \/>\n<meta property=\"article:publisher\" content=\"https:\/\/www.facebook.com\/STLFLIX\" \/>\n<meta property=\"article:modified_time\" content=\"2025-05-20T00:23:44+00:00\" \/>\n<meta property=\"og:image\" content=\"https:\/\/my.stlflix.com\/wp-content\/uploads\/2024\/08\/Sombrero_Keychain_and_Tabasco_Topper_thumb_35001ce9ea.jpg\" \/>\n\t<meta property=\"og:image:width\" content=\"1080\" \/>\n\t<meta property=\"og:image:height\" content=\"1350\" \/>\n\t<meta property=\"og:image:type\" content=\"image\/jpeg\" \/>\n<meta name=\"twitter:card\" content=\"summary_large_image\" \/>\n<meta name=\"twitter:label1\" content=\"Est. reading time\" \/>\n\t<meta name=\"twitter:data1\" content=\"1 minute\" \/>\n<script type=\"application\/ld+json\" class=\"yoast-schema-graph\">{\"@context\":\"https:\/\/schema.org\",\"@graph\":[{\"@type\":\"WebPage\",\"@id\":\"https:\/\/my.stlflix.com\/product\/sombrero-keychain-tabasco-topper-682ba88018791\/\",\"url\":\"https:\/\/my.stlflix.com\/product\/sombrero-keychain-tabasco-topper-682ba88018791\/\",\"name\":\"Sombrero para Pimenta Tabasco e chaveiro exclusivo - MyStore - By STLFLIX\",\"isPartOf\":{\"@id\":\"https:\/\/my.stlflix.com\/#website\"},\"primaryImageOfPage\":{\"@id\":\"https:\/\/my.stlflix.com\/product\/sombrero-keychain-tabasco-topper-682ba88018791\/#primaryimage\"},\"image\":{\"@id\":\"https:\/\/my.stlflix.com\/product\/sombrero-keychain-tabasco-topper-682ba88018791\/#primaryimage\"},\"thumbnailUrl\":\"https:\/\/my.stlflix.com\/wp-content\/uploads\/2024\/08\/Sombrero_Keychain_and_Tabasco_Topper_thumb_35001ce9ea.jpg\",\"datePublished\":\"2025-05-19T22:49:46+00:00\",\"dateModified\":\"2025-05-20T00:23:44+00:00\",\"breadcrumb\":{\"@id\":\"https:\/\/my.stlflix.com\/product\/sombrero-keychain-tabasco-topper-682ba88018791\/#breadcrumb\"},\"inLanguage\":\"es-ES\",\"potentialAction\":[{\"@type\":\"ReadAction\",\"target\":[\"https:\/\/my.stlflix.com\/product\/sombrero-keychain-tabasco-topper-682ba88018791\/\"]}]},{\"@type\":\"ImageObject\",\"inLanguage\":\"es-ES\",\"@id\":\"https:\/\/my.stlflix.com\/product\/sombrero-keychain-tabasco-topper-682ba88018791\/#primaryimage\",\"url\":\"https:\/\/my.stlflix.com\/wp-content\/uploads\/2024\/08\/Sombrero_Keychain_and_Tabasco_Topper_thumb_35001ce9ea.jpg\",\"contentUrl\":\"https:\/\/my.stlflix.com\/wp-content\/uploads\/2024\/08\/Sombrero_Keychain_and_Tabasco_Topper_thumb_35001ce9ea.jpg\",\"width\":1080,\"height\":1350},{\"@type\":\"BreadcrumbList\",\"@id\":\"https:\/\/my.stlflix.com\/product\/sombrero-keychain-tabasco-topper-682ba88018791\/#breadcrumb\",\"itemListElement\":[{\"@type\":\"ListItem\",\"position\":1,\"name\":\"Home\",\"item\":\"https:\/\/www.stlflix-store.com\/\"},{\"@type\":\"ListItem\",\"position\":2,\"name\":\"Products\",\"item\":\"https:\/\/www.stlflix-store.com\/shop\/\"},{\"@type\":\"ListItem\",\"position\":3,\"name\":\"Sombrero para Pimenta Tabasco e chaveiro exclusivo\"}]},{\"@type\":\"WebSite\",\"@id\":\"https:\/\/my.stlflix.com\/#website\",\"url\":\"https:\/\/my.stlflix.com\/\",\"name\":\"MyStore - By STLFLIX\",\"description\":\"\",\"publisher\":{\"@id\":\"https:\/\/my.stlflix.com\/#organization\"},\"potentialAction\":[{\"@type\":\"SearchAction\",\"target\":{\"@type\":\"EntryPoint\",\"urlTemplate\":\"https:\/\/my.stlflix.com\/?s={search_term_string}\"},\"query-input\":{\"@type\":\"PropertyValueSpecification\",\"valueRequired\":true,\"valueName\":\"search_term_string\"}}],\"inLanguage\":\"es-ES\"},{\"@type\":\"Organization\",\"@id\":\"https:\/\/my.stlflix.com\/#organization\",\"name\":\"MyStore - By STLFLIX\",\"url\":\"https:\/\/my.stlflix.com\/\",\"logo\":{\"@type\":\"ImageObject\",\"inLanguage\":\"es-ES\",\"@id\":\"https:\/\/my.stlflix.com\/#\/schema\/logo\/image\/\",\"url\":\"https:\/\/my.stlflix.com\/wp-content\/uploads\/2024\/06\/logo-mystore.png\",\"contentUrl\":\"https:\/\/my.stlflix.com\/wp-content\/uploads\/2024\/06\/logo-mystore.png\",\"width\":150,\"height\":41,\"caption\":\"MyStore - By STLFLIX\"},\"image\":{\"@id\":\"https:\/\/my.stlflix.com\/#\/schema\/logo\/image\/\"},\"sameAs\":[\"https:\/\/www.facebook.com\/STLFLIX\",\"https:\/\/www.instagram.com\/stlflix_\/\",\"https:\/\/www.tiktok.com\/@stlflix\"]}]}<\/script>\n<!-- \/ Yoast SEO plugin. -->","yoast_head_json":{"title":"Sombrero para Pimenta Tabasco e chaveiro exclusivo - MyStore - By STLFLIX","robots":{"index":"index","follow":"follow","max-snippet":"max-snippet:-1","max-image-preview":"max-image-preview:large","max-video-preview":"max-video-preview:-1"},"canonical":"https:\/\/my.stlflix.com\/product\/sombrero-keychain-tabasco-topper-682ba88018791\/","og_locale":"es_ES","og_type":"article","og_title":"Sombrero para Pimenta Tabasco e chaveiro exclusivo - MyStore - By STLFLIX","og_description":"Sombrero para Pimenta Tabasco e chaveiro exclusivo! Transforme sua garrafinha de Pimenta Tabasco com nosso encantador sombrero! Este acess\u00f3rio divertido e original \u00e9 a maneira perfeita de adicionar um toque de personalidade \u00e0s suas refei\u00e7\u00f5es. E o chaveiro sombrero hein!? para enfeitar sua mochila, sua bolsa ou at\u00e9 mesmo usar como chaveiro. Feito de material [&hellip;]","og_url":"https:\/\/my.stlflix.com\/product\/sombrero-keychain-tabasco-topper-682ba88018791\/","og_site_name":"MyStore - By STLFLIX","article_publisher":"https:\/\/www.facebook.com\/STLFLIX","article_modified_time":"2025-05-20T00:23:44+00:00","og_image":[{"width":1080,"height":1350,"url":"https:\/\/my.stlflix.com\/wp-content\/uploads\/2024\/08\/Sombrero_Keychain_and_Tabasco_Topper_thumb_35001ce9ea.jpg","type":"image\/jpeg"}],"twitter_card":"summary_large_image","twitter_misc":{"Est. reading time":"1 minute"},"schema":{"@context":"https:\/\/schema.org","@graph":[{"@type":"WebPage","@id":"https:\/\/my.stlflix.com\/product\/sombrero-keychain-tabasco-topper-682ba88018791\/","url":"https:\/\/my.stlflix.com\/product\/sombrero-keychain-tabasco-topper-682ba88018791\/","name":"Sombrero para Pimenta Tabasco e chaveiro exclusivo - MyStore - By STLFLIX","isPartOf":{"@id":"https:\/\/my.stlflix.com\/#website"},"primaryImageOfPage":{"@id":"https:\/\/my.stlflix.com\/product\/sombrero-keychain-tabasco-topper-682ba88018791\/#primaryimage"},"image":{"@id":"https:\/\/my.stlflix.com\/product\/sombrero-keychain-tabasco-topper-682ba88018791\/#primaryimage"},"thumbnailUrl":"https:\/\/my.stlflix.com\/wp-content\/uploads\/2024\/08\/Sombrero_Keychain_and_Tabasco_Topper_thumb_35001ce9ea.jpg","datePublished":"2025-05-19T22:49:46+00:00","dateModified":"2025-05-20T00:23:44+00:00","breadcrumb":{"@id":"https:\/\/my.stlflix.com\/product\/sombrero-keychain-tabasco-topper-682ba88018791\/#breadcrumb"},"inLanguage":"es-ES","potentialAction":[{"@type":"ReadAction","target":["https:\/\/my.stlflix.com\/product\/sombrero-keychain-tabasco-topper-682ba88018791\/"]}]},{"@type":"ImageObject","inLanguage":"es-ES","@id":"https:\/\/my.stlflix.com\/product\/sombrero-keychain-tabasco-topper-682ba88018791\/#primaryimage","url":"https:\/\/my.stlflix.com\/wp-content\/uploads\/2024\/08\/Sombrero_Keychain_and_Tabasco_Topper_thumb_35001ce9ea.jpg","contentUrl":"https:\/\/my.stlflix.com\/wp-content\/uploads\/2024\/08\/Sombrero_Keychain_and_Tabasco_Topper_thumb_35001ce9ea.jpg","width":1080,"height":1350},{"@type":"BreadcrumbList","@id":"https:\/\/my.stlflix.com\/product\/sombrero-keychain-tabasco-topper-682ba88018791\/#breadcrumb","itemListElement":[{"@type":"ListItem","position":1,"name":"Home","item":"https:\/\/www.stlflix-store.com\/"},{"@type":"ListItem","position":2,"name":"Products","item":"https:\/\/www.stlflix-store.com\/shop\/"},{"@type":"ListItem","position":3,"name":"Sombrero para Pimenta Tabasco e chaveiro exclusivo"}]},{"@type":"WebSite","@id":"https:\/\/my.stlflix.com\/#website","url":"https:\/\/my.stlflix.com\/","name":"MyStore - By STLFLIX","description":"","publisher":{"@id":"https:\/\/my.stlflix.com\/#organization"},"potentialAction":[{"@type":"SearchAction","target":{"@type":"EntryPoint","urlTemplate":"https:\/\/my.stlflix.com\/?s={search_term_string}"},"query-input":{"@type":"PropertyValueSpecification","valueRequired":true,"valueName":"search_term_string"}}],"inLanguage":"es-ES"},{"@type":"Organization","@id":"https:\/\/my.stlflix.com\/#organization","name":"MyStore - By STLFLIX","url":"https:\/\/my.stlflix.com\/","logo":{"@type":"ImageObject","inLanguage":"es-ES","@id":"https:\/\/my.stlflix.com\/#\/schema\/logo\/image\/","url":"https:\/\/my.stlflix.com\/wp-content\/uploads\/2024\/06\/logo-mystore.png","contentUrl":"https:\/\/my.stlflix.com\/wp-content\/uploads\/2024\/06\/logo-mystore.png","width":150,"height":41,"caption":"MyStore - By STLFLIX"},"image":{"@id":"https:\/\/my.stlflix.com\/#\/schema\/logo\/image\/"},"sameAs":["https:\/\/www.facebook.com\/STLFLIX","https:\/\/www.instagram.com\/stlflix_\/","https:\/\/www.tiktok.com\/@stlflix"]}]}},"_links":{"self":[{"href":"https:\/\/my.stlflix.com\/es\/wp-json\/wp\/v2\/product\/357608","targetHints":{"allow":["GET"]}}],"collection":[{"href":"https:\/\/my.stlflix.com\/es\/wp-json\/wp\/v2\/product"}],"about":[{"href":"https:\/\/my.stlflix.com\/es\/wp-json\/wp\/v2\/types\/product"}],"replies":[{"embeddable":true,"href":"https:\/\/my.stlflix.com\/es\/wp-json\/wp\/v2\/comments?post=357608"}],"wp:featuredmedia":[{"embeddable":true,"href":"https:\/\/my.stlflix.com\/es\/wp-json\/wp\/v2\/media\/63951"}],"wp:attachment":[{"href":"https:\/\/my.stlflix.com\/es\/wp-json\/wp\/v2\/media?parent=357608"}],"wp:term":[{"taxonomy":"product_brand","embeddable":true,"href":"https:\/\/my.stlflix.com\/es\/wp-json\/wp\/v2\/product_brand?post=357608"},{"taxonomy":"product_cat","embeddable":true,"href":"https:\/\/my.stlflix.com\/es\/wp-json\/wp\/v2\/product_cat?post=357608"},{"taxonomy":"product_tag","embeddable":true,"href":"https:\/\/my.stlflix.com\/es\/wp-json\/wp\/v2\/product_tag?post=357608"}],"curies":[{"name":"wp","href":"https:\/\/api.w.org\/{rel}","templated":true}]}}