{"id":361833,"date":"2025-05-27T02:21:20","date_gmt":"2025-05-27T02:21:20","guid":{"rendered":"https:\/\/my.stlflix.com\/?post_type=product&#038;p=361833"},"modified":"2026-01-21T11:27:08","modified_gmt":"2026-01-21T11:27:08","slug":"vaso_de_parede_cylindrix","status":"publish","type":"product","link":"https:\/\/my.stlflix.com\/es\/product\/vaso_de_parede_cylindrix\/","title":{"rendered":"Vaso de parede &#8220;Cylindrix&#8221; com reservat\u00f3rio na base para a drenagem da \u00e1gua. Fabricado com pl\u00e1stico ecol\u00f3gico PLA atrav\u00e9s de impress\u00e3o 3D."},"content":{"rendered":"<p>Transforme o seu ambiente com o vaso de plantas de parede &#8220;Cylindrix&#8221;.<\/p>\n<p>Torne a decora\u00e7\u00e3o mais elegante com este lindo vaso decorativo para plantas naturais.<\/p>\n<p>Cor da base dispon\u00edvel em estoque: bronze met\u00e1lico. ATEN\u00c7\u00c3O: N\u00c2O vem com plantas. Somente o vaso.<\/p>\n<p>Cont\u00e9m um reservat\u00f3rio na base que pode ser removido facilmente para descarte da \u00e1gua de drenagem do processo de irriga\u00e7\u00e3o.<\/p>\n<p>Tenha eleg\u00e2ncia e praticidade em um s\u00f3 produto.<\/p>\n<p>Al\u00e9m disso, o vaso pode ser removido facilmente do suporte fixado na parede para facilitar o seu manuseio na hora da manuten\u00e7\u00e3o.<\/p>\n<p>Impresso em pl\u00e1stico PLA que n\u00e3o agride a natureza- pl\u00e1stico biodegrad\u00e1vel produzido a partir da fermenta\u00e7\u00e3o de vegetais (aproximadamente 90 % do produto \u00e9 produzido em PLA biodegrad\u00e1vel, sendo a porcentagem restante composta por outros materiais, como l\u00e2mpada, bocal etc.<\/p>\n<p>Garantia de 3 meses.<\/p>\n<p>Dimens\u00f5es do produto: 11 cm (altura) x 9 cm (di\u00e2metro) x 10 cm (di\u00e2metro + espessura do suporte).<\/p>\n<p>Peso do produto: 158 g.<\/p>\n<p>Utilizar em ambientes com temperaturas inferiores a 55 \u00ba C.<\/p>\n","protected":false},"excerpt":{"rendered":"<p>Transforme o seu ambiente com o vaso de plantas de parede &#8220;Cylindrix&#8221;. Torne a decora\u00e7\u00e3o mais elegante com este lindo vaso decorativo para plantas naturais. Cor da base dispon\u00edvel em estoque: bronze met\u00e1lico. ATEN\u00c7\u00c3O: N\u00c2O vem com plantas. Somente o vaso. Cont\u00e9m um reservat\u00f3rio na base que pode ser removido facilmente para descarte da \u00e1gua [&hellip;]<\/p>\n","protected":false},"featured_media":266429,"comment_status":"open","ping_status":"closed","template":"","meta":[],"product_brand":[],"product_cat":[15],"product_tag":[6022,6023,6024,6021],"class_list":{"0":"post-361833","1":"product","2":"type-product","3":"status-publish","4":"has-post-thumbnail","6":"product_cat-uncategorized","7":"product_tag-decoracao-3","8":"product_tag-plantas-2","9":"product_tag-vaso-de-plantas","10":"product_tag-vasos-2","12":"first","13":"instock","14":"purchasable","15":"product-type-variable"},"yoast_head":"<!-- This site is optimized with the Yoast SEO plugin v25.1 - https:\/\/yoast.com\/wordpress\/plugins\/seo\/ -->\n<title>Vaso de parede &quot;Cylindrix&quot; com reservat\u00f3rio na base para a drenagem da \u00e1gua. Fabricado com pl\u00e1stico ecol\u00f3gico PLA atrav\u00e9s de impress\u00e3o 3D. - MyStore - By STLFLIX<\/title>\n<meta name=\"robots\" content=\"index, follow, max-snippet:-1, max-image-preview:large, max-video-preview:-1\" \/>\n<link rel=\"canonical\" href=\"https:\/\/www.monitorstlflix.com\/product\/vaso_de_parede_cylindrix\/\" \/>\n<meta property=\"og:locale\" content=\"es_ES\" \/>\n<meta property=\"og:type\" content=\"article\" \/>\n<meta property=\"og:title\" content=\"Vaso de parede &quot;Cylindrix&quot; com reservat\u00f3rio na base para a drenagem da \u00e1gua. Fabricado com pl\u00e1stico ecol\u00f3gico PLA atrav\u00e9s de impress\u00e3o 3D. - MyStore - By STLFLIX\" \/>\n<meta property=\"og:description\" content=\"Transforme o seu ambiente com o vaso de plantas de parede &#8220;Cylindrix&#8221;. Torne a decora\u00e7\u00e3o mais elegante com este lindo vaso decorativo para plantas naturais. Cor da base dispon\u00edvel em estoque: bronze met\u00e1lico. ATEN\u00c7\u00c3O: N\u00c2O vem com plantas. Somente o vaso. Cont\u00e9m um reservat\u00f3rio na base que pode ser removido facilmente para descarte da \u00e1gua [&hellip;]\" \/>\n<meta property=\"og:url\" content=\"https:\/\/www.monitorstlflix.com\/product\/vaso_de_parede_cylindrix\/\" \/>\n<meta property=\"og:site_name\" content=\"MyStore - By STLFLIX\" \/>\n<meta property=\"article:publisher\" content=\"https:\/\/www.facebook.com\/STLFLIX\" \/>\n<meta property=\"article:modified_time\" content=\"2026-01-21T11:27:08+00:00\" \/>\n<meta property=\"og:image\" content=\"https:\/\/www.monitorstlflix.com\/wp-content\/uploads\/2025\/02\/CYLINDRIX_Wall_planter_setthumb_2b888680fc.jpg\" \/>\n\t<meta property=\"og:image:width\" content=\"1080\" \/>\n\t<meta property=\"og:image:height\" content=\"1350\" \/>\n\t<meta property=\"og:image:type\" content=\"image\/jpeg\" \/>\n<meta name=\"twitter:card\" content=\"summary_large_image\" \/>\n<meta name=\"twitter:label1\" content=\"Est. reading time\" \/>\n\t<meta name=\"twitter:data1\" content=\"1 minute\" \/>\n<script type=\"application\/ld+json\" class=\"yoast-schema-graph\">{\"@context\":\"https:\/\/schema.org\",\"@graph\":[{\"@type\":\"WebPage\",\"@id\":\"https:\/\/www.monitorstlflix.com\/product\/vaso_de_parede_cylindrix\/\",\"url\":\"https:\/\/www.monitorstlflix.com\/product\/vaso_de_parede_cylindrix\/\",\"name\":\"Vaso de parede \\\"Cylindrix\\\" com reservat\u00f3rio na base para a drenagem da \u00e1gua. Fabricado com pl\u00e1stico ecol\u00f3gico PLA atrav\u00e9s de impress\u00e3o 3D. - MyStore - By STLFLIX\",\"isPartOf\":{\"@id\":\"https:\/\/my.stlflix.com\/#website\"},\"primaryImageOfPage\":{\"@id\":\"https:\/\/www.monitorstlflix.com\/product\/vaso_de_parede_cylindrix\/#primaryimage\"},\"image\":{\"@id\":\"https:\/\/www.monitorstlflix.com\/product\/vaso_de_parede_cylindrix\/#primaryimage\"},\"thumbnailUrl\":\"https:\/\/my.stlflix.com\/wp-content\/uploads\/2025\/02\/CYLINDRIX_Wall_planter_setthumb_2b888680fc.jpg\",\"datePublished\":\"2025-05-27T02:21:20+00:00\",\"dateModified\":\"2026-01-21T11:27:08+00:00\",\"breadcrumb\":{\"@id\":\"https:\/\/www.monitorstlflix.com\/product\/vaso_de_parede_cylindrix\/#breadcrumb\"},\"inLanguage\":\"es-ES\",\"potentialAction\":[{\"@type\":\"ReadAction\",\"target\":[\"https:\/\/www.monitorstlflix.com\/product\/vaso_de_parede_cylindrix\/\"]}]},{\"@type\":\"ImageObject\",\"inLanguage\":\"es-ES\",\"@id\":\"https:\/\/www.monitorstlflix.com\/product\/vaso_de_parede_cylindrix\/#primaryimage\",\"url\":\"https:\/\/my.stlflix.com\/wp-content\/uploads\/2025\/02\/CYLINDRIX_Wall_planter_setthumb_2b888680fc.jpg\",\"contentUrl\":\"https:\/\/my.stlflix.com\/wp-content\/uploads\/2025\/02\/CYLINDRIX_Wall_planter_setthumb_2b888680fc.jpg\",\"width\":1080,\"height\":1350},{\"@type\":\"BreadcrumbList\",\"@id\":\"https:\/\/www.monitorstlflix.com\/product\/vaso_de_parede_cylindrix\/#breadcrumb\",\"itemListElement\":[{\"@type\":\"ListItem\",\"position\":1,\"name\":\"Home\",\"item\":\"https:\/\/www.stlflix-store.com\/\"},{\"@type\":\"ListItem\",\"position\":2,\"name\":\"Products\",\"item\":\"https:\/\/www.stlflix-store.com\/shop\/\"},{\"@type\":\"ListItem\",\"position\":3,\"name\":\"Vaso de parede &#8220;Cylindrix&#8221; com reservat\u00f3rio na base para a drenagem da \u00e1gua. Fabricado com pl\u00e1stico ecol\u00f3gico PLA atrav\u00e9s de impress\u00e3o 3D.\"}]},{\"@type\":\"WebSite\",\"@id\":\"https:\/\/my.stlflix.com\/#website\",\"url\":\"https:\/\/my.stlflix.com\/\",\"name\":\"MyStore - By STLFLIX\",\"description\":\"\",\"publisher\":{\"@id\":\"https:\/\/my.stlflix.com\/#organization\"},\"potentialAction\":[{\"@type\":\"SearchAction\",\"target\":{\"@type\":\"EntryPoint\",\"urlTemplate\":\"https:\/\/my.stlflix.com\/?s={search_term_string}\"},\"query-input\":{\"@type\":\"PropertyValueSpecification\",\"valueRequired\":true,\"valueName\":\"search_term_string\"}}],\"inLanguage\":\"es-ES\"},{\"@type\":\"Organization\",\"@id\":\"https:\/\/my.stlflix.com\/#organization\",\"name\":\"MyStore - By STLFLIX\",\"url\":\"https:\/\/my.stlflix.com\/\",\"logo\":{\"@type\":\"ImageObject\",\"inLanguage\":\"es-ES\",\"@id\":\"https:\/\/my.stlflix.com\/#\/schema\/logo\/image\/\",\"url\":\"https:\/\/my.stlflix.com\/wp-content\/uploads\/2024\/06\/logo-mystore.png\",\"contentUrl\":\"https:\/\/my.stlflix.com\/wp-content\/uploads\/2024\/06\/logo-mystore.png\",\"width\":150,\"height\":41,\"caption\":\"MyStore - By STLFLIX\"},\"image\":{\"@id\":\"https:\/\/my.stlflix.com\/#\/schema\/logo\/image\/\"},\"sameAs\":[\"https:\/\/www.facebook.com\/STLFLIX\",\"https:\/\/www.instagram.com\/stlflix_\/\",\"https:\/\/www.tiktok.com\/@stlflix\"]}]}<\/script>\n<!-- \/ Yoast SEO plugin. -->","yoast_head_json":{"title":"Vaso de parede \"Cylindrix\" com reservat\u00f3rio na base para a drenagem da \u00e1gua. Fabricado com pl\u00e1stico ecol\u00f3gico PLA atrav\u00e9s de impress\u00e3o 3D. - MyStore - By STLFLIX","robots":{"index":"index","follow":"follow","max-snippet":"max-snippet:-1","max-image-preview":"max-image-preview:large","max-video-preview":"max-video-preview:-1"},"canonical":"https:\/\/www.monitorstlflix.com\/product\/vaso_de_parede_cylindrix\/","og_locale":"es_ES","og_type":"article","og_title":"Vaso de parede \"Cylindrix\" com reservat\u00f3rio na base para a drenagem da \u00e1gua. Fabricado com pl\u00e1stico ecol\u00f3gico PLA atrav\u00e9s de impress\u00e3o 3D. - MyStore - By STLFLIX","og_description":"Transforme o seu ambiente com o vaso de plantas de parede &#8220;Cylindrix&#8221;. Torne a decora\u00e7\u00e3o mais elegante com este lindo vaso decorativo para plantas naturais. Cor da base dispon\u00edvel em estoque: bronze met\u00e1lico. ATEN\u00c7\u00c3O: N\u00c2O vem com plantas. Somente o vaso. Cont\u00e9m um reservat\u00f3rio na base que pode ser removido facilmente para descarte da \u00e1gua [&hellip;]","og_url":"https:\/\/www.monitorstlflix.com\/product\/vaso_de_parede_cylindrix\/","og_site_name":"MyStore - By STLFLIX","article_publisher":"https:\/\/www.facebook.com\/STLFLIX","article_modified_time":"2026-01-21T11:27:08+00:00","og_image":[{"width":1080,"height":1350,"url":"https:\/\/www.monitorstlflix.com\/wp-content\/uploads\/2025\/02\/CYLINDRIX_Wall_planter_setthumb_2b888680fc.jpg","type":"image\/jpeg"}],"twitter_card":"summary_large_image","twitter_misc":{"Est. reading time":"1 minute"},"schema":{"@context":"https:\/\/schema.org","@graph":[{"@type":"WebPage","@id":"https:\/\/www.monitorstlflix.com\/product\/vaso_de_parede_cylindrix\/","url":"https:\/\/www.monitorstlflix.com\/product\/vaso_de_parede_cylindrix\/","name":"Vaso de parede \"Cylindrix\" com reservat\u00f3rio na base para a drenagem da \u00e1gua. Fabricado com pl\u00e1stico ecol\u00f3gico PLA atrav\u00e9s de impress\u00e3o 3D. - MyStore - By STLFLIX","isPartOf":{"@id":"https:\/\/my.stlflix.com\/#website"},"primaryImageOfPage":{"@id":"https:\/\/www.monitorstlflix.com\/product\/vaso_de_parede_cylindrix\/#primaryimage"},"image":{"@id":"https:\/\/www.monitorstlflix.com\/product\/vaso_de_parede_cylindrix\/#primaryimage"},"thumbnailUrl":"https:\/\/my.stlflix.com\/wp-content\/uploads\/2025\/02\/CYLINDRIX_Wall_planter_setthumb_2b888680fc.jpg","datePublished":"2025-05-27T02:21:20+00:00","dateModified":"2026-01-21T11:27:08+00:00","breadcrumb":{"@id":"https:\/\/www.monitorstlflix.com\/product\/vaso_de_parede_cylindrix\/#breadcrumb"},"inLanguage":"es-ES","potentialAction":[{"@type":"ReadAction","target":["https:\/\/www.monitorstlflix.com\/product\/vaso_de_parede_cylindrix\/"]}]},{"@type":"ImageObject","inLanguage":"es-ES","@id":"https:\/\/www.monitorstlflix.com\/product\/vaso_de_parede_cylindrix\/#primaryimage","url":"https:\/\/my.stlflix.com\/wp-content\/uploads\/2025\/02\/CYLINDRIX_Wall_planter_setthumb_2b888680fc.jpg","contentUrl":"https:\/\/my.stlflix.com\/wp-content\/uploads\/2025\/02\/CYLINDRIX_Wall_planter_setthumb_2b888680fc.jpg","width":1080,"height":1350},{"@type":"BreadcrumbList","@id":"https:\/\/www.monitorstlflix.com\/product\/vaso_de_parede_cylindrix\/#breadcrumb","itemListElement":[{"@type":"ListItem","position":1,"name":"Home","item":"https:\/\/www.stlflix-store.com\/"},{"@type":"ListItem","position":2,"name":"Products","item":"https:\/\/www.stlflix-store.com\/shop\/"},{"@type":"ListItem","position":3,"name":"Vaso de parede &#8220;Cylindrix&#8221; com reservat\u00f3rio na base para a drenagem da \u00e1gua. Fabricado com pl\u00e1stico ecol\u00f3gico PLA atrav\u00e9s de impress\u00e3o 3D."}]},{"@type":"WebSite","@id":"https:\/\/my.stlflix.com\/#website","url":"https:\/\/my.stlflix.com\/","name":"MyStore - By STLFLIX","description":"","publisher":{"@id":"https:\/\/my.stlflix.com\/#organization"},"potentialAction":[{"@type":"SearchAction","target":{"@type":"EntryPoint","urlTemplate":"https:\/\/my.stlflix.com\/?s={search_term_string}"},"query-input":{"@type":"PropertyValueSpecification","valueRequired":true,"valueName":"search_term_string"}}],"inLanguage":"es-ES"},{"@type":"Organization","@id":"https:\/\/my.stlflix.com\/#organization","name":"MyStore - By STLFLIX","url":"https:\/\/my.stlflix.com\/","logo":{"@type":"ImageObject","inLanguage":"es-ES","@id":"https:\/\/my.stlflix.com\/#\/schema\/logo\/image\/","url":"https:\/\/my.stlflix.com\/wp-content\/uploads\/2024\/06\/logo-mystore.png","contentUrl":"https:\/\/my.stlflix.com\/wp-content\/uploads\/2024\/06\/logo-mystore.png","width":150,"height":41,"caption":"MyStore - By STLFLIX"},"image":{"@id":"https:\/\/my.stlflix.com\/#\/schema\/logo\/image\/"},"sameAs":["https:\/\/www.facebook.com\/STLFLIX","https:\/\/www.instagram.com\/stlflix_\/","https:\/\/www.tiktok.com\/@stlflix"]}]}},"_links":{"self":[{"href":"https:\/\/my.stlflix.com\/es\/wp-json\/wp\/v2\/product\/361833","targetHints":{"allow":["GET"]}}],"collection":[{"href":"https:\/\/my.stlflix.com\/es\/wp-json\/wp\/v2\/product"}],"about":[{"href":"https:\/\/my.stlflix.com\/es\/wp-json\/wp\/v2\/types\/product"}],"replies":[{"embeddable":true,"href":"https:\/\/my.stlflix.com\/es\/wp-json\/wp\/v2\/comments?post=361833"}],"wp:featuredmedia":[{"embeddable":true,"href":"https:\/\/my.stlflix.com\/es\/wp-json\/wp\/v2\/media\/266429"}],"wp:attachment":[{"href":"https:\/\/my.stlflix.com\/es\/wp-json\/wp\/v2\/media?parent=361833"}],"wp:term":[{"taxonomy":"product_brand","embeddable":true,"href":"https:\/\/my.stlflix.com\/es\/wp-json\/wp\/v2\/product_brand?post=361833"},{"taxonomy":"product_cat","embeddable":true,"href":"https:\/\/my.stlflix.com\/es\/wp-json\/wp\/v2\/product_cat?post=361833"},{"taxonomy":"product_tag","embeddable":true,"href":"https:\/\/my.stlflix.com\/es\/wp-json\/wp\/v2\/product_tag?post=361833"}],"curies":[{"name":"wp","href":"https:\/\/api.w.org\/{rel}","templated":true}]}}