{"id":361864,"date":"2025-05-24T01:32:02","date_gmt":"2025-05-24T01:32:02","guid":{"rendered":"https:\/\/my.stlflix.com\/?post_type=product&#038;p=361864"},"modified":"2025-11-25T18:41:10","modified_gmt":"2025-11-25T18:41:10","slug":"abajur-reversed-diamond-sem-fio","status":"publish","type":"product","link":"https:\/\/my.stlflix.com\/es\/product\/abajur-reversed-diamond-sem-fio\/","title":{"rendered":"Abajur port\u00e1til &#8220;Reversed Diamond&#8221; sem fio, com l\u00e2mpada RGB recarreg\u00e1vel e com controle remoto. Fabricada com pl\u00e1stico ecol\u00f3gico PLA atrav\u00e9s de impress\u00e3o 3D."},"content":{"rendered":"<p>Abajur port\u00e1til &#8220;Reversed Diamond&#8221; sem fio, recarreg\u00e1vel e com controle remoto.<\/p>\n<p>Decore o seu ambiente com esta linda lumin\u00e1ria de mesa, artisticamente modelada em 3D e produzida artesanalmente com impress\u00e3o 3D.<\/p>\n<p>Impresso em pl\u00e1stico PLA que n\u00e3o agride a natureza- pl\u00e1stico biodegrad\u00e1vel produzido a partir da fermenta\u00e7\u00e3o de vegetais (aproximadamente 90 % do produto \u00e9 produzido em PLA biodegrad\u00e1vel, sendo a porcentagem restante composta por outros materiais, como l\u00e2mpada, bocal etc.<\/p>\n<p>Acompanha 1 l\u00e2mpada RGB recarreg\u00e1vel e controle remoto. (aten\u00e7\u00e3o: N\u00c2O acompanha recarregador).<\/p>\n<p>L\u00e2mpada recarreg\u00e1vel por meio de qualquer recarregador de celular com plug do tipo USB &#8211; C (modelo novo).<\/p>\n<p>1 l\u00e2mpada RGB 5 Volts\u00a0 (N\u00e3o deve ser ligada em 110 v ou 220 V. Apenas recarreg\u00e1vel via recarregador 5 V de celular android com porta USB tipo C).<\/p>\n<p>Com op\u00e7\u00e3o de luz fria (branca), luz neutra, luz quente e 9 varia\u00e7\u00f5es de cores RGB.<\/p>\n<p>Controle remoto com as seguintes fun\u00e7\u00f5es: liga &#8211; desliga, escolha das cores, 2 efeitos de transi\u00e7\u00e3o autom\u00e1tica, temporizador para 30, 60 e 120 minutos, controle de 3 n\u00edveis de intensidade.<\/p>\n<p>Dura\u00e7\u00e3o da bateria da l\u00e2mpada:<\/p>\n<p>-Intensidade m\u00ednima: aproximadamente 17 horas.<\/p>\n<p>-Intensidade m\u00e9dia: aproximadamente 9 horas.<\/p>\n<p>-Intensidade m\u00e1xima: aproximadamente 4 horas e meia.<\/p>\n<p>Tempo para recarga total da bateria da l\u00e2mpada: aproximadamente 2 horas e meia.<\/p>\n<p>Garantia de 3 meses.<\/p>\n<p>Dimens\u00f5es do produto: 32,5 cm de altura (total) x 20 cm di\u00e2metro (c\u00fapula).<\/p>\n<p>Peso do produto: 455 gramas.<\/p>\n<p>Utilizar em ambientes com temperaturas inferiores a 59 \u00ba C.<\/p>\n<p>Itens inclusos com o abajur: 1 l\u00e2mpada RGB recarreg\u00e1vel 5 V via USB tipo C, 1 cabo USB &#8211; USB &#8211; C de 45 cm, 1 controle remoto.<\/p>\n","protected":false},"excerpt":{"rendered":"<p>Abajur port\u00e1til &#8220;Reversed Diamond&#8221; sem fio, recarreg\u00e1vel e com controle remoto. Decore o seu ambiente com esta linda lumin\u00e1ria de mesa, artisticamente modelada em 3D e produzida artesanalmente com impress\u00e3o 3D. Impresso em pl\u00e1stico PLA que n\u00e3o agride a natureza- pl\u00e1stico biodegrad\u00e1vel produzido a partir da fermenta\u00e7\u00e3o de vegetais (aproximadamente 90 % do produto \u00e9 [&hellip;]<\/p>\n","protected":false},"featured_media":361893,"comment_status":"open","ping_status":"closed","template":"","meta":[],"product_brand":[],"product_cat":[15],"product_tag":[6002,6004,6001,6003],"class_list":{"0":"post-361864","1":"product","2":"type-product","3":"status-publish","4":"has-post-thumbnail","6":"product_cat-uncategorized","7":"product_tag-abajur","8":"product_tag-lampadas","9":"product_tag-luminarias-2","10":"product_tag-lustres","12":"first","13":"instock","14":"sale","15":"purchasable","16":"product-type-simple"},"yoast_head":"<!-- This site is optimized with the Yoast SEO plugin v25.1 - https:\/\/yoast.com\/wordpress\/plugins\/seo\/ -->\n<title>Abajur port\u00e1til &quot;Reversed Diamond&quot; sem fio, com l\u00e2mpada RGB recarreg\u00e1vel e com controle remoto. Fabricada com pl\u00e1stico ecol\u00f3gico PLA atrav\u00e9s de impress\u00e3o 3D. - MyStore - By STLFLIX<\/title>\n<meta name=\"robots\" content=\"index, follow, max-snippet:-1, max-image-preview:large, max-video-preview:-1\" \/>\n<link rel=\"canonical\" href=\"https:\/\/my.stlflix.com\/es\/product\/abajur-reversed-diamond-sem-fio\/\" \/>\n<meta property=\"og:locale\" content=\"es_ES\" \/>\n<meta property=\"og:type\" content=\"article\" \/>\n<meta property=\"og:title\" content=\"Abajur port\u00e1til &quot;Reversed Diamond&quot; sem fio, com l\u00e2mpada RGB recarreg\u00e1vel e com controle remoto. Fabricada com pl\u00e1stico ecol\u00f3gico PLA atrav\u00e9s de impress\u00e3o 3D. - MyStore - By STLFLIX\" \/>\n<meta property=\"og:description\" content=\"Abajur port\u00e1til &#8220;Reversed Diamond&#8221; sem fio, recarreg\u00e1vel e com controle remoto. Decore o seu ambiente com esta linda lumin\u00e1ria de mesa, artisticamente modelada em 3D e produzida artesanalmente com impress\u00e3o 3D. Impresso em pl\u00e1stico PLA que n\u00e3o agride a natureza- pl\u00e1stico biodegrad\u00e1vel produzido a partir da fermenta\u00e7\u00e3o de vegetais (aproximadamente 90 % do produto \u00e9 [&hellip;]\" \/>\n<meta property=\"og:url\" content=\"https:\/\/my.stlflix.com\/es\/product\/abajur-reversed-diamond-sem-fio\/\" \/>\n<meta property=\"og:site_name\" content=\"MyStore - By STLFLIX\" \/>\n<meta property=\"article:publisher\" content=\"https:\/\/www.facebook.com\/STLFLIX\" \/>\n<meta property=\"article:modified_time\" content=\"2025-11-25T18:41:10+00:00\" \/>\n<meta property=\"og:image\" content=\"https:\/\/my.stlflix.com\/wp-content\/uploads\/2025\/05\/Reversed_Diamond_Table_Lamp_6_d1747640b8.jpg\" \/>\n\t<meta property=\"og:image:width\" content=\"1080\" \/>\n\t<meta property=\"og:image:height\" content=\"1350\" \/>\n\t<meta property=\"og:image:type\" content=\"image\/jpeg\" \/>\n<meta name=\"twitter:card\" content=\"summary_large_image\" \/>\n<meta name=\"twitter:label1\" content=\"Est. reading time\" \/>\n\t<meta name=\"twitter:data1\" content=\"1 minute\" \/>\n<script type=\"application\/ld+json\" class=\"yoast-schema-graph\">{\"@context\":\"https:\/\/schema.org\",\"@graph\":[{\"@type\":\"WebPage\",\"@id\":\"https:\/\/my.stlflix.com\/es\/product\/abajur-reversed-diamond-sem-fio\/\",\"url\":\"https:\/\/my.stlflix.com\/es\/product\/abajur-reversed-diamond-sem-fio\/\",\"name\":\"Abajur port\u00e1til \\\"Reversed Diamond\\\" sem fio, com l\u00e2mpada RGB recarreg\u00e1vel e com controle remoto. Fabricada com pl\u00e1stico ecol\u00f3gico PLA atrav\u00e9s de impress\u00e3o 3D. - MyStore - By STLFLIX\",\"isPartOf\":{\"@id\":\"https:\/\/my.stlflix.com\/#website\"},\"primaryImageOfPage\":{\"@id\":\"https:\/\/my.stlflix.com\/es\/product\/abajur-reversed-diamond-sem-fio\/#primaryimage\"},\"image\":{\"@id\":\"https:\/\/my.stlflix.com\/es\/product\/abajur-reversed-diamond-sem-fio\/#primaryimage\"},\"thumbnailUrl\":\"https:\/\/my.stlflix.com\/wp-content\/uploads\/2025\/05\/Reversed_Diamond_Table_Lamp_6_d1747640b8.jpg\",\"datePublished\":\"2025-05-24T01:32:02+00:00\",\"dateModified\":\"2025-11-25T18:41:10+00:00\",\"breadcrumb\":{\"@id\":\"https:\/\/my.stlflix.com\/es\/product\/abajur-reversed-diamond-sem-fio\/#breadcrumb\"},\"inLanguage\":\"es-ES\",\"potentialAction\":[{\"@type\":\"ReadAction\",\"target\":[\"https:\/\/my.stlflix.com\/es\/product\/abajur-reversed-diamond-sem-fio\/\"]}]},{\"@type\":\"ImageObject\",\"inLanguage\":\"es-ES\",\"@id\":\"https:\/\/my.stlflix.com\/es\/product\/abajur-reversed-diamond-sem-fio\/#primaryimage\",\"url\":\"https:\/\/my.stlflix.com\/wp-content\/uploads\/2025\/05\/Reversed_Diamond_Table_Lamp_6_d1747640b8.jpg\",\"contentUrl\":\"https:\/\/my.stlflix.com\/wp-content\/uploads\/2025\/05\/Reversed_Diamond_Table_Lamp_6_d1747640b8.jpg\",\"width\":1080,\"height\":1350},{\"@type\":\"BreadcrumbList\",\"@id\":\"https:\/\/my.stlflix.com\/es\/product\/abajur-reversed-diamond-sem-fio\/#breadcrumb\",\"itemListElement\":[{\"@type\":\"ListItem\",\"position\":1,\"name\":\"Home\",\"item\":\"https:\/\/www.stlflix-store.com\/\"},{\"@type\":\"ListItem\",\"position\":2,\"name\":\"Products\",\"item\":\"https:\/\/www.stlflix-store.com\/shop\/\"},{\"@type\":\"ListItem\",\"position\":3,\"name\":\"Abajur port\u00e1til &#8220;Reversed Diamond&#8221; sem fio, com l\u00e2mpada RGB recarreg\u00e1vel e com controle remoto. Fabricada com pl\u00e1stico ecol\u00f3gico PLA atrav\u00e9s de impress\u00e3o 3D.\"}]},{\"@type\":\"WebSite\",\"@id\":\"https:\/\/my.stlflix.com\/#website\",\"url\":\"https:\/\/my.stlflix.com\/\",\"name\":\"MyStore - By STLFLIX\",\"description\":\"\",\"publisher\":{\"@id\":\"https:\/\/my.stlflix.com\/#organization\"},\"potentialAction\":[{\"@type\":\"SearchAction\",\"target\":{\"@type\":\"EntryPoint\",\"urlTemplate\":\"https:\/\/my.stlflix.com\/?s={search_term_string}\"},\"query-input\":{\"@type\":\"PropertyValueSpecification\",\"valueRequired\":true,\"valueName\":\"search_term_string\"}}],\"inLanguage\":\"es-ES\"},{\"@type\":\"Organization\",\"@id\":\"https:\/\/my.stlflix.com\/#organization\",\"name\":\"MyStore - By STLFLIX\",\"url\":\"https:\/\/my.stlflix.com\/\",\"logo\":{\"@type\":\"ImageObject\",\"inLanguage\":\"es-ES\",\"@id\":\"https:\/\/my.stlflix.com\/#\/schema\/logo\/image\/\",\"url\":\"https:\/\/my.stlflix.com\/wp-content\/uploads\/2024\/06\/logo-mystore.png\",\"contentUrl\":\"https:\/\/my.stlflix.com\/wp-content\/uploads\/2024\/06\/logo-mystore.png\",\"width\":150,\"height\":41,\"caption\":\"MyStore - By STLFLIX\"},\"image\":{\"@id\":\"https:\/\/my.stlflix.com\/#\/schema\/logo\/image\/\"},\"sameAs\":[\"https:\/\/www.facebook.com\/STLFLIX\",\"https:\/\/www.instagram.com\/stlflix_\/\",\"https:\/\/www.tiktok.com\/@stlflix\"]}]}<\/script>\n<!-- \/ Yoast SEO plugin. -->","yoast_head_json":{"title":"Abajur port\u00e1til \"Reversed Diamond\" sem fio, com l\u00e2mpada RGB recarreg\u00e1vel e com controle remoto. Fabricada com pl\u00e1stico ecol\u00f3gico PLA atrav\u00e9s de impress\u00e3o 3D. - MyStore - By STLFLIX","robots":{"index":"index","follow":"follow","max-snippet":"max-snippet:-1","max-image-preview":"max-image-preview:large","max-video-preview":"max-video-preview:-1"},"canonical":"https:\/\/my.stlflix.com\/es\/product\/abajur-reversed-diamond-sem-fio\/","og_locale":"es_ES","og_type":"article","og_title":"Abajur port\u00e1til \"Reversed Diamond\" sem fio, com l\u00e2mpada RGB recarreg\u00e1vel e com controle remoto. Fabricada com pl\u00e1stico ecol\u00f3gico PLA atrav\u00e9s de impress\u00e3o 3D. - MyStore - By STLFLIX","og_description":"Abajur port\u00e1til &#8220;Reversed Diamond&#8221; sem fio, recarreg\u00e1vel e com controle remoto. Decore o seu ambiente com esta linda lumin\u00e1ria de mesa, artisticamente modelada em 3D e produzida artesanalmente com impress\u00e3o 3D. Impresso em pl\u00e1stico PLA que n\u00e3o agride a natureza- pl\u00e1stico biodegrad\u00e1vel produzido a partir da fermenta\u00e7\u00e3o de vegetais (aproximadamente 90 % do produto \u00e9 [&hellip;]","og_url":"https:\/\/my.stlflix.com\/es\/product\/abajur-reversed-diamond-sem-fio\/","og_site_name":"MyStore - By STLFLIX","article_publisher":"https:\/\/www.facebook.com\/STLFLIX","article_modified_time":"2025-11-25T18:41:10+00:00","og_image":[{"width":1080,"height":1350,"url":"https:\/\/my.stlflix.com\/wp-content\/uploads\/2025\/05\/Reversed_Diamond_Table_Lamp_6_d1747640b8.jpg","type":"image\/jpeg"}],"twitter_card":"summary_large_image","twitter_misc":{"Est. reading time":"1 minute"},"schema":{"@context":"https:\/\/schema.org","@graph":[{"@type":"WebPage","@id":"https:\/\/my.stlflix.com\/es\/product\/abajur-reversed-diamond-sem-fio\/","url":"https:\/\/my.stlflix.com\/es\/product\/abajur-reversed-diamond-sem-fio\/","name":"Abajur port\u00e1til \"Reversed Diamond\" sem fio, com l\u00e2mpada RGB recarreg\u00e1vel e com controle remoto. Fabricada com pl\u00e1stico ecol\u00f3gico PLA atrav\u00e9s de impress\u00e3o 3D. - MyStore - By STLFLIX","isPartOf":{"@id":"https:\/\/my.stlflix.com\/#website"},"primaryImageOfPage":{"@id":"https:\/\/my.stlflix.com\/es\/product\/abajur-reversed-diamond-sem-fio\/#primaryimage"},"image":{"@id":"https:\/\/my.stlflix.com\/es\/product\/abajur-reversed-diamond-sem-fio\/#primaryimage"},"thumbnailUrl":"https:\/\/my.stlflix.com\/wp-content\/uploads\/2025\/05\/Reversed_Diamond_Table_Lamp_6_d1747640b8.jpg","datePublished":"2025-05-24T01:32:02+00:00","dateModified":"2025-11-25T18:41:10+00:00","breadcrumb":{"@id":"https:\/\/my.stlflix.com\/es\/product\/abajur-reversed-diamond-sem-fio\/#breadcrumb"},"inLanguage":"es-ES","potentialAction":[{"@type":"ReadAction","target":["https:\/\/my.stlflix.com\/es\/product\/abajur-reversed-diamond-sem-fio\/"]}]},{"@type":"ImageObject","inLanguage":"es-ES","@id":"https:\/\/my.stlflix.com\/es\/product\/abajur-reversed-diamond-sem-fio\/#primaryimage","url":"https:\/\/my.stlflix.com\/wp-content\/uploads\/2025\/05\/Reversed_Diamond_Table_Lamp_6_d1747640b8.jpg","contentUrl":"https:\/\/my.stlflix.com\/wp-content\/uploads\/2025\/05\/Reversed_Diamond_Table_Lamp_6_d1747640b8.jpg","width":1080,"height":1350},{"@type":"BreadcrumbList","@id":"https:\/\/my.stlflix.com\/es\/product\/abajur-reversed-diamond-sem-fio\/#breadcrumb","itemListElement":[{"@type":"ListItem","position":1,"name":"Home","item":"https:\/\/www.stlflix-store.com\/"},{"@type":"ListItem","position":2,"name":"Products","item":"https:\/\/www.stlflix-store.com\/shop\/"},{"@type":"ListItem","position":3,"name":"Abajur port\u00e1til &#8220;Reversed Diamond&#8221; sem fio, com l\u00e2mpada RGB recarreg\u00e1vel e com controle remoto. Fabricada com pl\u00e1stico ecol\u00f3gico PLA atrav\u00e9s de impress\u00e3o 3D."}]},{"@type":"WebSite","@id":"https:\/\/my.stlflix.com\/#website","url":"https:\/\/my.stlflix.com\/","name":"MyStore - By STLFLIX","description":"","publisher":{"@id":"https:\/\/my.stlflix.com\/#organization"},"potentialAction":[{"@type":"SearchAction","target":{"@type":"EntryPoint","urlTemplate":"https:\/\/my.stlflix.com\/?s={search_term_string}"},"query-input":{"@type":"PropertyValueSpecification","valueRequired":true,"valueName":"search_term_string"}}],"inLanguage":"es-ES"},{"@type":"Organization","@id":"https:\/\/my.stlflix.com\/#organization","name":"MyStore - By STLFLIX","url":"https:\/\/my.stlflix.com\/","logo":{"@type":"ImageObject","inLanguage":"es-ES","@id":"https:\/\/my.stlflix.com\/#\/schema\/logo\/image\/","url":"https:\/\/my.stlflix.com\/wp-content\/uploads\/2024\/06\/logo-mystore.png","contentUrl":"https:\/\/my.stlflix.com\/wp-content\/uploads\/2024\/06\/logo-mystore.png","width":150,"height":41,"caption":"MyStore - By STLFLIX"},"image":{"@id":"https:\/\/my.stlflix.com\/#\/schema\/logo\/image\/"},"sameAs":["https:\/\/www.facebook.com\/STLFLIX","https:\/\/www.instagram.com\/stlflix_\/","https:\/\/www.tiktok.com\/@stlflix"]}]}},"_links":{"self":[{"href":"https:\/\/my.stlflix.com\/es\/wp-json\/wp\/v2\/product\/361864","targetHints":{"allow":["GET"]}}],"collection":[{"href":"https:\/\/my.stlflix.com\/es\/wp-json\/wp\/v2\/product"}],"about":[{"href":"https:\/\/my.stlflix.com\/es\/wp-json\/wp\/v2\/types\/product"}],"replies":[{"embeddable":true,"href":"https:\/\/my.stlflix.com\/es\/wp-json\/wp\/v2\/comments?post=361864"}],"wp:featuredmedia":[{"embeddable":true,"href":"https:\/\/my.stlflix.com\/es\/wp-json\/wp\/v2\/media\/361893"}],"wp:attachment":[{"href":"https:\/\/my.stlflix.com\/es\/wp-json\/wp\/v2\/media?parent=361864"}],"wp:term":[{"taxonomy":"product_brand","embeddable":true,"href":"https:\/\/my.stlflix.com\/es\/wp-json\/wp\/v2\/product_brand?post=361864"},{"taxonomy":"product_cat","embeddable":true,"href":"https:\/\/my.stlflix.com\/es\/wp-json\/wp\/v2\/product_cat?post=361864"},{"taxonomy":"product_tag","embeddable":true,"href":"https:\/\/my.stlflix.com\/es\/wp-json\/wp\/v2\/product_tag?post=361864"}],"curies":[{"name":"wp","href":"https:\/\/api.w.org\/{rel}","templated":true}]}}