{"id":361948,"date":"2025-05-24T03:48:43","date_gmt":"2025-05-24T03:48:43","guid":{"rendered":"https:\/\/my.stlflix.com\/?post_type=product&#038;p=361948"},"modified":"2025-05-24T04:36:48","modified_gmt":"2025-05-24T04:36:48","slug":"merlot-the-octopus-wine-holder-683125634fe14","status":"publish","type":"product","link":"https:\/\/my.stlflix.com\/es\/product\/merlot-the-octopus-wine-holder-683125634fe14\/","title":{"rendered":"Merlot the Octopus Wine Holder"},"content":{"rendered":"<p data-start=\"81\" data-end=\"388\">Adicione um toque de originalidade e estilo n\u00e1utico \u00e0 sua decora\u00e7\u00e3o com este incr\u00edvel <strong data-start=\"167\" data-end=\"231\">suporte para garrafa de vinho em formato de polvo com \u00e2ncora<\/strong>. Produzido com riqueza de detalhes simulando a textura realista de um polvo em meio a uma \u00e2ncora n\u00e1utica.<\/p>\n<p data-start=\"390\" data-end=\"660\">Ideal para amantes de vinhos, este suporte \u00e9 perfeito para exibir sua garrafa favorita com criatividade e personalidade. Feito em material resistente, \u00e9 uma pe\u00e7a funcional e decorativa, ideal para compor ambientes como cozinhas, bares, adegas ou salas de estar.<\/p>\n<p data-start=\"662\" data-end=\"682\"><strong data-start=\"662\" data-end=\"682\">Caracter\u00edsticas:<\/strong><\/p>\n<ul data-start=\"683\" data-end=\"947\">\n<li data-start=\"683\" data-end=\"733\">\n<p data-start=\"685\" data-end=\"733\">Design exclusivo em formato de polvo com \u00e2ncora;<\/p>\n<\/li>\n<li data-start=\"734\" data-end=\"776\">\n<p data-start=\"736\" data-end=\"776\">Material dur\u00e1vel e acabamento detalhado;<\/p>\n<\/li>\n<li data-start=\"777\" data-end=\"833\">\n<p data-start=\"779\" data-end=\"833\">Suporte est\u00e1vel para garrafas de vinho (750ml padr\u00e3o);<\/p>\n<\/li>\n<li data-start=\"834\" data-end=\"883\">\n<p data-start=\"836\" data-end=\"883\">\u00d3tima op\u00e7\u00e3o de presente criativo e sofisticado;<\/p>\n<\/li>\n<li data-start=\"884\" data-end=\"947\">\n<p data-start=\"886\" data-end=\"947\">Dimens\u00f5es aproximadas: [inserir dimens\u00f5es reais, se desejar].<\/p>\n<\/li>\n<\/ul>\n<p data-start=\"949\" data-end=\"1044\" data-is-last-node=\"\" data-is-only-node=\"\">Leve para casa essa pe\u00e7a encantadora que une arte, utilidade e charme em um s\u00f3 produto!<\/p>\n","protected":false},"excerpt":{"rendered":"<p>Adicione um toque de originalidade e estilo n\u00e1utico \u00e0 sua decora\u00e7\u00e3o com este incr\u00edvel suporte para garrafa de vinho em formato de polvo com \u00e2ncora. Produzido com riqueza de detalhes simulando a textura realista de um polvo em meio a uma \u00e2ncora n\u00e1utica. Ideal para amantes de vinhos, este suporte \u00e9 perfeito para exibir sua [&hellip;]<\/p>\n","protected":false},"featured_media":33752,"comment_status":"open","ping_status":"closed","template":"","meta":[],"product_brand":[],"product_cat":[25],"product_tag":[5694],"class_list":{"0":"post-361948","1":"product","2":"type-product","3":"status-publish","4":"has-post-thumbnail","6":"product_cat-home-decor","7":"product_tag-household-2","9":"first","10":"onbackorder","11":"taxable","12":"shipping-taxable","13":"purchasable","14":"product-type-simple"},"yoast_head":"<!-- This site is optimized with the Yoast SEO plugin v25.1 - https:\/\/yoast.com\/wordpress\/plugins\/seo\/ -->\n<title>Merlot the Octopus Wine Holder - MyStore - By STLFLIX<\/title>\n<meta name=\"robots\" content=\"index, follow, max-snippet:-1, max-image-preview:large, max-video-preview:-1\" \/>\n<link rel=\"canonical\" href=\"https:\/\/my.stlflix.com\/es\/product\/merlot-the-octopus-wine-holder-683125634fe14\/\" \/>\n<meta property=\"og:locale\" content=\"es_ES\" \/>\n<meta property=\"og:type\" content=\"article\" \/>\n<meta property=\"og:title\" content=\"Merlot the Octopus Wine Holder - MyStore - By STLFLIX\" \/>\n<meta property=\"og:description\" content=\"Adicione um toque de originalidade e estilo n\u00e1utico \u00e0 sua decora\u00e7\u00e3o com este incr\u00edvel suporte para garrafa de vinho em formato de polvo com \u00e2ncora. Produzido com riqueza de detalhes simulando a textura realista de um polvo em meio a uma \u00e2ncora n\u00e1utica. Ideal para amantes de vinhos, este suporte \u00e9 perfeito para exibir sua [&hellip;]\" \/>\n<meta property=\"og:url\" content=\"https:\/\/my.stlflix.com\/es\/product\/merlot-the-octopus-wine-holder-683125634fe14\/\" \/>\n<meta property=\"og:site_name\" content=\"MyStore - By STLFLIX\" \/>\n<meta property=\"article:publisher\" content=\"https:\/\/www.facebook.com\/STLFLIX\" \/>\n<meta property=\"article:modified_time\" content=\"2025-05-24T04:36:48+00:00\" \/>\n<meta property=\"og:image\" content=\"https:\/\/my.stlflix.com\/wp-content\/uploads\/2024\/05\/Merlot_the_Octopus_Wine_Holder_thumb_8d46efee84.jpg\" \/>\n\t<meta property=\"og:image:width\" content=\"1080\" \/>\n\t<meta property=\"og:image:height\" content=\"1350\" \/>\n\t<meta property=\"og:image:type\" content=\"image\/jpeg\" \/>\n<meta name=\"twitter:card\" content=\"summary_large_image\" \/>\n<meta name=\"twitter:label1\" content=\"Est. reading time\" \/>\n\t<meta name=\"twitter:data1\" content=\"1 minute\" \/>\n<script type=\"application\/ld+json\" class=\"yoast-schema-graph\">{\"@context\":\"https:\/\/schema.org\",\"@graph\":[{\"@type\":\"WebPage\",\"@id\":\"https:\/\/my.stlflix.com\/es\/product\/merlot-the-octopus-wine-holder-683125634fe14\/\",\"url\":\"https:\/\/my.stlflix.com\/es\/product\/merlot-the-octopus-wine-holder-683125634fe14\/\",\"name\":\"Merlot the Octopus Wine Holder - MyStore - By STLFLIX\",\"isPartOf\":{\"@id\":\"https:\/\/my.stlflix.com\/#website\"},\"primaryImageOfPage\":{\"@id\":\"https:\/\/my.stlflix.com\/es\/product\/merlot-the-octopus-wine-holder-683125634fe14\/#primaryimage\"},\"image\":{\"@id\":\"https:\/\/my.stlflix.com\/es\/product\/merlot-the-octopus-wine-holder-683125634fe14\/#primaryimage\"},\"thumbnailUrl\":\"https:\/\/my.stlflix.com\/wp-content\/uploads\/2024\/05\/Merlot_the_Octopus_Wine_Holder_thumb_8d46efee84.jpg\",\"datePublished\":\"2025-05-24T03:48:43+00:00\",\"dateModified\":\"2025-05-24T04:36:48+00:00\",\"breadcrumb\":{\"@id\":\"https:\/\/my.stlflix.com\/es\/product\/merlot-the-octopus-wine-holder-683125634fe14\/#breadcrumb\"},\"inLanguage\":\"es-ES\",\"potentialAction\":[{\"@type\":\"ReadAction\",\"target\":[\"https:\/\/my.stlflix.com\/es\/product\/merlot-the-octopus-wine-holder-683125634fe14\/\"]}]},{\"@type\":\"ImageObject\",\"inLanguage\":\"es-ES\",\"@id\":\"https:\/\/my.stlflix.com\/es\/product\/merlot-the-octopus-wine-holder-683125634fe14\/#primaryimage\",\"url\":\"https:\/\/my.stlflix.com\/wp-content\/uploads\/2024\/05\/Merlot_the_Octopus_Wine_Holder_thumb_8d46efee84.jpg\",\"contentUrl\":\"https:\/\/my.stlflix.com\/wp-content\/uploads\/2024\/05\/Merlot_the_Octopus_Wine_Holder_thumb_8d46efee84.jpg\",\"width\":1080,\"height\":1350},{\"@type\":\"BreadcrumbList\",\"@id\":\"https:\/\/my.stlflix.com\/es\/product\/merlot-the-octopus-wine-holder-683125634fe14\/#breadcrumb\",\"itemListElement\":[{\"@type\":\"ListItem\",\"position\":1,\"name\":\"Home\",\"item\":\"https:\/\/www.stlflix-store.com\/\"},{\"@type\":\"ListItem\",\"position\":2,\"name\":\"Products\",\"item\":\"https:\/\/www.stlflix-store.com\/shop\/\"},{\"@type\":\"ListItem\",\"position\":3,\"name\":\"Merlot the Octopus Wine Holder\"}]},{\"@type\":\"WebSite\",\"@id\":\"https:\/\/my.stlflix.com\/#website\",\"url\":\"https:\/\/my.stlflix.com\/\",\"name\":\"MyStore - By STLFLIX\",\"description\":\"\",\"publisher\":{\"@id\":\"https:\/\/my.stlflix.com\/#organization\"},\"potentialAction\":[{\"@type\":\"SearchAction\",\"target\":{\"@type\":\"EntryPoint\",\"urlTemplate\":\"https:\/\/my.stlflix.com\/?s={search_term_string}\"},\"query-input\":{\"@type\":\"PropertyValueSpecification\",\"valueRequired\":true,\"valueName\":\"search_term_string\"}}],\"inLanguage\":\"es-ES\"},{\"@type\":\"Organization\",\"@id\":\"https:\/\/my.stlflix.com\/#organization\",\"name\":\"MyStore - By STLFLIX\",\"url\":\"https:\/\/my.stlflix.com\/\",\"logo\":{\"@type\":\"ImageObject\",\"inLanguage\":\"es-ES\",\"@id\":\"https:\/\/my.stlflix.com\/#\/schema\/logo\/image\/\",\"url\":\"https:\/\/my.stlflix.com\/wp-content\/uploads\/2024\/06\/logo-mystore.png\",\"contentUrl\":\"https:\/\/my.stlflix.com\/wp-content\/uploads\/2024\/06\/logo-mystore.png\",\"width\":150,\"height\":41,\"caption\":\"MyStore - By STLFLIX\"},\"image\":{\"@id\":\"https:\/\/my.stlflix.com\/#\/schema\/logo\/image\/\"},\"sameAs\":[\"https:\/\/www.facebook.com\/STLFLIX\",\"https:\/\/www.instagram.com\/stlflix_\/\",\"https:\/\/www.tiktok.com\/@stlflix\"]}]}<\/script>\n<!-- \/ Yoast SEO plugin. -->","yoast_head_json":{"title":"Merlot the Octopus Wine Holder - MyStore - By STLFLIX","robots":{"index":"index","follow":"follow","max-snippet":"max-snippet:-1","max-image-preview":"max-image-preview:large","max-video-preview":"max-video-preview:-1"},"canonical":"https:\/\/my.stlflix.com\/es\/product\/merlot-the-octopus-wine-holder-683125634fe14\/","og_locale":"es_ES","og_type":"article","og_title":"Merlot the Octopus Wine Holder - MyStore - By STLFLIX","og_description":"Adicione um toque de originalidade e estilo n\u00e1utico \u00e0 sua decora\u00e7\u00e3o com este incr\u00edvel suporte para garrafa de vinho em formato de polvo com \u00e2ncora. Produzido com riqueza de detalhes simulando a textura realista de um polvo em meio a uma \u00e2ncora n\u00e1utica. Ideal para amantes de vinhos, este suporte \u00e9 perfeito para exibir sua [&hellip;]","og_url":"https:\/\/my.stlflix.com\/es\/product\/merlot-the-octopus-wine-holder-683125634fe14\/","og_site_name":"MyStore - By STLFLIX","article_publisher":"https:\/\/www.facebook.com\/STLFLIX","article_modified_time":"2025-05-24T04:36:48+00:00","og_image":[{"width":1080,"height":1350,"url":"https:\/\/my.stlflix.com\/wp-content\/uploads\/2024\/05\/Merlot_the_Octopus_Wine_Holder_thumb_8d46efee84.jpg","type":"image\/jpeg"}],"twitter_card":"summary_large_image","twitter_misc":{"Est. reading time":"1 minute"},"schema":{"@context":"https:\/\/schema.org","@graph":[{"@type":"WebPage","@id":"https:\/\/my.stlflix.com\/es\/product\/merlot-the-octopus-wine-holder-683125634fe14\/","url":"https:\/\/my.stlflix.com\/es\/product\/merlot-the-octopus-wine-holder-683125634fe14\/","name":"Merlot the Octopus Wine Holder - MyStore - By STLFLIX","isPartOf":{"@id":"https:\/\/my.stlflix.com\/#website"},"primaryImageOfPage":{"@id":"https:\/\/my.stlflix.com\/es\/product\/merlot-the-octopus-wine-holder-683125634fe14\/#primaryimage"},"image":{"@id":"https:\/\/my.stlflix.com\/es\/product\/merlot-the-octopus-wine-holder-683125634fe14\/#primaryimage"},"thumbnailUrl":"https:\/\/my.stlflix.com\/wp-content\/uploads\/2024\/05\/Merlot_the_Octopus_Wine_Holder_thumb_8d46efee84.jpg","datePublished":"2025-05-24T03:48:43+00:00","dateModified":"2025-05-24T04:36:48+00:00","breadcrumb":{"@id":"https:\/\/my.stlflix.com\/es\/product\/merlot-the-octopus-wine-holder-683125634fe14\/#breadcrumb"},"inLanguage":"es-ES","potentialAction":[{"@type":"ReadAction","target":["https:\/\/my.stlflix.com\/es\/product\/merlot-the-octopus-wine-holder-683125634fe14\/"]}]},{"@type":"ImageObject","inLanguage":"es-ES","@id":"https:\/\/my.stlflix.com\/es\/product\/merlot-the-octopus-wine-holder-683125634fe14\/#primaryimage","url":"https:\/\/my.stlflix.com\/wp-content\/uploads\/2024\/05\/Merlot_the_Octopus_Wine_Holder_thumb_8d46efee84.jpg","contentUrl":"https:\/\/my.stlflix.com\/wp-content\/uploads\/2024\/05\/Merlot_the_Octopus_Wine_Holder_thumb_8d46efee84.jpg","width":1080,"height":1350},{"@type":"BreadcrumbList","@id":"https:\/\/my.stlflix.com\/es\/product\/merlot-the-octopus-wine-holder-683125634fe14\/#breadcrumb","itemListElement":[{"@type":"ListItem","position":1,"name":"Home","item":"https:\/\/www.stlflix-store.com\/"},{"@type":"ListItem","position":2,"name":"Products","item":"https:\/\/www.stlflix-store.com\/shop\/"},{"@type":"ListItem","position":3,"name":"Merlot the Octopus Wine Holder"}]},{"@type":"WebSite","@id":"https:\/\/my.stlflix.com\/#website","url":"https:\/\/my.stlflix.com\/","name":"MyStore - By STLFLIX","description":"","publisher":{"@id":"https:\/\/my.stlflix.com\/#organization"},"potentialAction":[{"@type":"SearchAction","target":{"@type":"EntryPoint","urlTemplate":"https:\/\/my.stlflix.com\/?s={search_term_string}"},"query-input":{"@type":"PropertyValueSpecification","valueRequired":true,"valueName":"search_term_string"}}],"inLanguage":"es-ES"},{"@type":"Organization","@id":"https:\/\/my.stlflix.com\/#organization","name":"MyStore - By STLFLIX","url":"https:\/\/my.stlflix.com\/","logo":{"@type":"ImageObject","inLanguage":"es-ES","@id":"https:\/\/my.stlflix.com\/#\/schema\/logo\/image\/","url":"https:\/\/my.stlflix.com\/wp-content\/uploads\/2024\/06\/logo-mystore.png","contentUrl":"https:\/\/my.stlflix.com\/wp-content\/uploads\/2024\/06\/logo-mystore.png","width":150,"height":41,"caption":"MyStore - By STLFLIX"},"image":{"@id":"https:\/\/my.stlflix.com\/#\/schema\/logo\/image\/"},"sameAs":["https:\/\/www.facebook.com\/STLFLIX","https:\/\/www.instagram.com\/stlflix_\/","https:\/\/www.tiktok.com\/@stlflix"]}]}},"_links":{"self":[{"href":"https:\/\/my.stlflix.com\/es\/wp-json\/wp\/v2\/product\/361948","targetHints":{"allow":["GET"]}}],"collection":[{"href":"https:\/\/my.stlflix.com\/es\/wp-json\/wp\/v2\/product"}],"about":[{"href":"https:\/\/my.stlflix.com\/es\/wp-json\/wp\/v2\/types\/product"}],"replies":[{"embeddable":true,"href":"https:\/\/my.stlflix.com\/es\/wp-json\/wp\/v2\/comments?post=361948"}],"wp:featuredmedia":[{"embeddable":true,"href":"https:\/\/my.stlflix.com\/es\/wp-json\/wp\/v2\/media\/33752"}],"wp:attachment":[{"href":"https:\/\/my.stlflix.com\/es\/wp-json\/wp\/v2\/media?parent=361948"}],"wp:term":[{"taxonomy":"product_brand","embeddable":true,"href":"https:\/\/my.stlflix.com\/es\/wp-json\/wp\/v2\/product_brand?post=361948"},{"taxonomy":"product_cat","embeddable":true,"href":"https:\/\/my.stlflix.com\/es\/wp-json\/wp\/v2\/product_cat?post=361948"},{"taxonomy":"product_tag","embeddable":true,"href":"https:\/\/my.stlflix.com\/es\/wp-json\/wp\/v2\/product_tag?post=361948"}],"curies":[{"name":"wp","href":"https:\/\/api.w.org\/{rel}","templated":true}]}}