{"id":362633,"date":"2025-05-31T15:21:49","date_gmt":"2025-05-31T15:21:49","guid":{"rendered":"https:\/\/my.stlflix.com\/?post_type=product&#038;p=362633"},"modified":"2025-08-21T12:26:14","modified_gmt":"2025-08-21T12:26:14","slug":"current-calm-tabletop-fountain-planter-6833387c8cb78","status":"publish","type":"product","link":"https:\/\/my.stlflix.com\/es\/product\/current-calm-tabletop-fountain-planter-6833387c8cb78\/","title":{"rendered":"Current Calm Fontaine de table et jardini\u00e8re"},"content":{"rendered":"<p>Apportez calme et \u00e9l\u00e9gance \u00e0 votre int\u00e9rieur avec <strong data-start=\"369\" data-end=\"385\">Current Calm<\/strong>, une fontaine de table unique qui combine le doux ruissellement de l\u2019eau \u00e0 la beaut\u00e9 des plantes.<br data-start=\"483\" data-end=\"486\" \/>Son design fluide en spirale cr\u00e9e un mouvement relaxant, parfait pour apaiser l\u2019esprit dans un bureau, une chambre ou un coin lecture.<\/p>\n","protected":false},"excerpt":{"rendered":"<p>Apportez calme et \u00e9l\u00e9gance \u00e0 votre int\u00e9rieur avec Current Calm, une fontaine de table unique qui combine le doux ruissellement de l\u2019eau \u00e0 la beaut\u00e9 des plantes.Son design fluide en spirale cr\u00e9e un mouvement relaxant, parfait pour apaiser l\u2019esprit dans un bureau, une chambre ou un coin lecture.<\/p>\n","protected":false},"featured_media":320584,"comment_status":"open","ping_status":"closed","template":"","meta":[],"product_brand":[],"product_cat":[15],"product_tag":[5876],"class_list":{"0":"post-362633","1":"product","2":"type-product","3":"status-publish","4":"has-post-thumbnail","6":"product_cat-uncategorized","7":"product_tag-fontaine","9":"first","10":"instock","11":"taxable","12":"shipping-taxable","13":"purchasable","14":"product-type-simple"},"yoast_head":"<!-- This site is optimized with the Yoast SEO plugin v25.1 - https:\/\/yoast.com\/wordpress\/plugins\/seo\/ -->\n<title>Current Calm Fontaine de table et jardini\u00e8re - MyStore - By STLFLIX<\/title>\n<meta name=\"robots\" content=\"index, follow, max-snippet:-1, max-image-preview:large, max-video-preview:-1\" \/>\n<link rel=\"canonical\" href=\"https:\/\/my.stlflix.com\/product\/current-calm-tabletop-fountain-planter-6833387c8cb78\/\" \/>\n<meta property=\"og:locale\" content=\"es_ES\" \/>\n<meta property=\"og:type\" content=\"article\" \/>\n<meta property=\"og:title\" content=\"Current Calm Fontaine de table et jardini\u00e8re - MyStore - By STLFLIX\" \/>\n<meta property=\"og:description\" content=\"Apportez calme et \u00e9l\u00e9gance \u00e0 votre int\u00e9rieur avec Current Calm, une fontaine de table unique qui combine le doux ruissellement de l\u2019eau \u00e0 la beaut\u00e9 des plantes.Son design fluide en spirale cr\u00e9e un mouvement relaxant, parfait pour apaiser l\u2019esprit dans un bureau, une chambre ou un coin lecture.\" \/>\n<meta property=\"og:url\" content=\"https:\/\/my.stlflix.com\/product\/current-calm-tabletop-fountain-planter-6833387c8cb78\/\" \/>\n<meta property=\"og:site_name\" content=\"MyStore - By STLFLIX\" \/>\n<meta property=\"article:publisher\" content=\"https:\/\/www.facebook.com\/STLFLIX\" \/>\n<meta property=\"article:modified_time\" content=\"2025-08-21T12:26:14+00:00\" \/>\n<meta property=\"og:image\" content=\"https:\/\/my.stlflix.com\/wp-content\/uploads\/2025\/04\/Current_Calm_Tabletop_Fountain_and_Planterthumb_a0b07bf905.png\" \/>\n\t<meta property=\"og:image:width\" content=\"1080\" \/>\n\t<meta property=\"og:image:height\" content=\"1350\" \/>\n\t<meta property=\"og:image:type\" content=\"image\/png\" \/>\n<meta name=\"twitter:card\" content=\"summary_large_image\" \/>\n<script type=\"application\/ld+json\" class=\"yoast-schema-graph\">{\"@context\":\"https:\/\/schema.org\",\"@graph\":[{\"@type\":\"WebPage\",\"@id\":\"https:\/\/my.stlflix.com\/product\/current-calm-tabletop-fountain-planter-6833387c8cb78\/\",\"url\":\"https:\/\/my.stlflix.com\/product\/current-calm-tabletop-fountain-planter-6833387c8cb78\/\",\"name\":\"Current Calm Fontaine de table et jardini\u00e8re - MyStore - By STLFLIX\",\"isPartOf\":{\"@id\":\"https:\/\/my.stlflix.com\/#website\"},\"primaryImageOfPage\":{\"@id\":\"https:\/\/my.stlflix.com\/product\/current-calm-tabletop-fountain-planter-6833387c8cb78\/#primaryimage\"},\"image\":{\"@id\":\"https:\/\/my.stlflix.com\/product\/current-calm-tabletop-fountain-planter-6833387c8cb78\/#primaryimage\"},\"thumbnailUrl\":\"https:\/\/my.stlflix.com\/wp-content\/uploads\/2025\/04\/Current_Calm_Tabletop_Fountain_and_Planterthumb_a0b07bf905.png\",\"datePublished\":\"2025-05-31T15:21:49+00:00\",\"dateModified\":\"2025-08-21T12:26:14+00:00\",\"breadcrumb\":{\"@id\":\"https:\/\/my.stlflix.com\/product\/current-calm-tabletop-fountain-planter-6833387c8cb78\/#breadcrumb\"},\"inLanguage\":\"es-ES\",\"potentialAction\":[{\"@type\":\"ReadAction\",\"target\":[\"https:\/\/my.stlflix.com\/product\/current-calm-tabletop-fountain-planter-6833387c8cb78\/\"]}]},{\"@type\":\"ImageObject\",\"inLanguage\":\"es-ES\",\"@id\":\"https:\/\/my.stlflix.com\/product\/current-calm-tabletop-fountain-planter-6833387c8cb78\/#primaryimage\",\"url\":\"https:\/\/my.stlflix.com\/wp-content\/uploads\/2025\/04\/Current_Calm_Tabletop_Fountain_and_Planterthumb_a0b07bf905.png\",\"contentUrl\":\"https:\/\/my.stlflix.com\/wp-content\/uploads\/2025\/04\/Current_Calm_Tabletop_Fountain_and_Planterthumb_a0b07bf905.png\",\"width\":1080,\"height\":1350},{\"@type\":\"BreadcrumbList\",\"@id\":\"https:\/\/my.stlflix.com\/product\/current-calm-tabletop-fountain-planter-6833387c8cb78\/#breadcrumb\",\"itemListElement\":[{\"@type\":\"ListItem\",\"position\":1,\"name\":\"Home\",\"item\":\"https:\/\/www.stlflix-store.com\/\"},{\"@type\":\"ListItem\",\"position\":2,\"name\":\"Products\",\"item\":\"https:\/\/www.stlflix-store.com\/shop\/\"},{\"@type\":\"ListItem\",\"position\":3,\"name\":\"Current Calm Fontaine de table et jardini\u00e8re\"}]},{\"@type\":\"WebSite\",\"@id\":\"https:\/\/my.stlflix.com\/#website\",\"url\":\"https:\/\/my.stlflix.com\/\",\"name\":\"MyStore - By STLFLIX\",\"description\":\"\",\"publisher\":{\"@id\":\"https:\/\/my.stlflix.com\/#organization\"},\"potentialAction\":[{\"@type\":\"SearchAction\",\"target\":{\"@type\":\"EntryPoint\",\"urlTemplate\":\"https:\/\/my.stlflix.com\/?s={search_term_string}\"},\"query-input\":{\"@type\":\"PropertyValueSpecification\",\"valueRequired\":true,\"valueName\":\"search_term_string\"}}],\"inLanguage\":\"es-ES\"},{\"@type\":\"Organization\",\"@id\":\"https:\/\/my.stlflix.com\/#organization\",\"name\":\"MyStore - By STLFLIX\",\"url\":\"https:\/\/my.stlflix.com\/\",\"logo\":{\"@type\":\"ImageObject\",\"inLanguage\":\"es-ES\",\"@id\":\"https:\/\/my.stlflix.com\/#\/schema\/logo\/image\/\",\"url\":\"https:\/\/my.stlflix.com\/wp-content\/uploads\/2024\/06\/logo-mystore.png\",\"contentUrl\":\"https:\/\/my.stlflix.com\/wp-content\/uploads\/2024\/06\/logo-mystore.png\",\"width\":150,\"height\":41,\"caption\":\"MyStore - By STLFLIX\"},\"image\":{\"@id\":\"https:\/\/my.stlflix.com\/#\/schema\/logo\/image\/\"},\"sameAs\":[\"https:\/\/www.facebook.com\/STLFLIX\",\"https:\/\/www.instagram.com\/stlflix_\/\",\"https:\/\/www.tiktok.com\/@stlflix\"]}]}<\/script>\n<!-- \/ Yoast SEO plugin. -->","yoast_head_json":{"title":"Current Calm Fontaine de table et jardini\u00e8re - MyStore - By STLFLIX","robots":{"index":"index","follow":"follow","max-snippet":"max-snippet:-1","max-image-preview":"max-image-preview:large","max-video-preview":"max-video-preview:-1"},"canonical":"https:\/\/my.stlflix.com\/product\/current-calm-tabletop-fountain-planter-6833387c8cb78\/","og_locale":"es_ES","og_type":"article","og_title":"Current Calm Fontaine de table et jardini\u00e8re - MyStore - By STLFLIX","og_description":"Apportez calme et \u00e9l\u00e9gance \u00e0 votre int\u00e9rieur avec Current Calm, une fontaine de table unique qui combine le doux ruissellement de l\u2019eau \u00e0 la beaut\u00e9 des plantes.Son design fluide en spirale cr\u00e9e un mouvement relaxant, parfait pour apaiser l\u2019esprit dans un bureau, une chambre ou un coin lecture.","og_url":"https:\/\/my.stlflix.com\/product\/current-calm-tabletop-fountain-planter-6833387c8cb78\/","og_site_name":"MyStore - By STLFLIX","article_publisher":"https:\/\/www.facebook.com\/STLFLIX","article_modified_time":"2025-08-21T12:26:14+00:00","og_image":[{"width":1080,"height":1350,"url":"https:\/\/my.stlflix.com\/wp-content\/uploads\/2025\/04\/Current_Calm_Tabletop_Fountain_and_Planterthumb_a0b07bf905.png","type":"image\/png"}],"twitter_card":"summary_large_image","schema":{"@context":"https:\/\/schema.org","@graph":[{"@type":"WebPage","@id":"https:\/\/my.stlflix.com\/product\/current-calm-tabletop-fountain-planter-6833387c8cb78\/","url":"https:\/\/my.stlflix.com\/product\/current-calm-tabletop-fountain-planter-6833387c8cb78\/","name":"Current Calm Fontaine de table et jardini\u00e8re - MyStore - By STLFLIX","isPartOf":{"@id":"https:\/\/my.stlflix.com\/#website"},"primaryImageOfPage":{"@id":"https:\/\/my.stlflix.com\/product\/current-calm-tabletop-fountain-planter-6833387c8cb78\/#primaryimage"},"image":{"@id":"https:\/\/my.stlflix.com\/product\/current-calm-tabletop-fountain-planter-6833387c8cb78\/#primaryimage"},"thumbnailUrl":"https:\/\/my.stlflix.com\/wp-content\/uploads\/2025\/04\/Current_Calm_Tabletop_Fountain_and_Planterthumb_a0b07bf905.png","datePublished":"2025-05-31T15:21:49+00:00","dateModified":"2025-08-21T12:26:14+00:00","breadcrumb":{"@id":"https:\/\/my.stlflix.com\/product\/current-calm-tabletop-fountain-planter-6833387c8cb78\/#breadcrumb"},"inLanguage":"es-ES","potentialAction":[{"@type":"ReadAction","target":["https:\/\/my.stlflix.com\/product\/current-calm-tabletop-fountain-planter-6833387c8cb78\/"]}]},{"@type":"ImageObject","inLanguage":"es-ES","@id":"https:\/\/my.stlflix.com\/product\/current-calm-tabletop-fountain-planter-6833387c8cb78\/#primaryimage","url":"https:\/\/my.stlflix.com\/wp-content\/uploads\/2025\/04\/Current_Calm_Tabletop_Fountain_and_Planterthumb_a0b07bf905.png","contentUrl":"https:\/\/my.stlflix.com\/wp-content\/uploads\/2025\/04\/Current_Calm_Tabletop_Fountain_and_Planterthumb_a0b07bf905.png","width":1080,"height":1350},{"@type":"BreadcrumbList","@id":"https:\/\/my.stlflix.com\/product\/current-calm-tabletop-fountain-planter-6833387c8cb78\/#breadcrumb","itemListElement":[{"@type":"ListItem","position":1,"name":"Home","item":"https:\/\/www.stlflix-store.com\/"},{"@type":"ListItem","position":2,"name":"Products","item":"https:\/\/www.stlflix-store.com\/shop\/"},{"@type":"ListItem","position":3,"name":"Current Calm Fontaine de table et jardini\u00e8re"}]},{"@type":"WebSite","@id":"https:\/\/my.stlflix.com\/#website","url":"https:\/\/my.stlflix.com\/","name":"MyStore - By STLFLIX","description":"","publisher":{"@id":"https:\/\/my.stlflix.com\/#organization"},"potentialAction":[{"@type":"SearchAction","target":{"@type":"EntryPoint","urlTemplate":"https:\/\/my.stlflix.com\/?s={search_term_string}"},"query-input":{"@type":"PropertyValueSpecification","valueRequired":true,"valueName":"search_term_string"}}],"inLanguage":"es-ES"},{"@type":"Organization","@id":"https:\/\/my.stlflix.com\/#organization","name":"MyStore - By STLFLIX","url":"https:\/\/my.stlflix.com\/","logo":{"@type":"ImageObject","inLanguage":"es-ES","@id":"https:\/\/my.stlflix.com\/#\/schema\/logo\/image\/","url":"https:\/\/my.stlflix.com\/wp-content\/uploads\/2024\/06\/logo-mystore.png","contentUrl":"https:\/\/my.stlflix.com\/wp-content\/uploads\/2024\/06\/logo-mystore.png","width":150,"height":41,"caption":"MyStore - By STLFLIX"},"image":{"@id":"https:\/\/my.stlflix.com\/#\/schema\/logo\/image\/"},"sameAs":["https:\/\/www.facebook.com\/STLFLIX","https:\/\/www.instagram.com\/stlflix_\/","https:\/\/www.tiktok.com\/@stlflix"]}]}},"_links":{"self":[{"href":"https:\/\/my.stlflix.com\/es\/wp-json\/wp\/v2\/product\/362633","targetHints":{"allow":["GET"]}}],"collection":[{"href":"https:\/\/my.stlflix.com\/es\/wp-json\/wp\/v2\/product"}],"about":[{"href":"https:\/\/my.stlflix.com\/es\/wp-json\/wp\/v2\/types\/product"}],"replies":[{"embeddable":true,"href":"https:\/\/my.stlflix.com\/es\/wp-json\/wp\/v2\/comments?post=362633"}],"wp:featuredmedia":[{"embeddable":true,"href":"https:\/\/my.stlflix.com\/es\/wp-json\/wp\/v2\/media\/320584"}],"wp:attachment":[{"href":"https:\/\/my.stlflix.com\/es\/wp-json\/wp\/v2\/media?parent=362633"}],"wp:term":[{"taxonomy":"product_brand","embeddable":true,"href":"https:\/\/my.stlflix.com\/es\/wp-json\/wp\/v2\/product_brand?post=362633"},{"taxonomy":"product_cat","embeddable":true,"href":"https:\/\/my.stlflix.com\/es\/wp-json\/wp\/v2\/product_cat?post=362633"},{"taxonomy":"product_tag","embeddable":true,"href":"https:\/\/my.stlflix.com\/es\/wp-json\/wp\/v2\/product_tag?post=362633"}],"curies":[{"name":"wp","href":"https:\/\/api.w.org\/{rel}","templated":true}]}}