{"id":362964,"date":"2025-05-25T20:16:59","date_gmt":"2025-05-25T20:16:59","guid":{"rendered":"https:\/\/my.stlflix.com\/?post_type=product&#038;p=362964"},"modified":"2025-05-25T20:19:18","modified_gmt":"2025-05-25T20:19:18","slug":"escultura-meditando","status":"publish","type":"product","link":"https:\/\/my.stlflix.com\/es\/product\/escultura-meditando\/","title":{"rendered":"Escultura meditando"},"content":{"rendered":"<p data-start=\"69\" data-end=\"405\"><strong data-start=\"69\" data-end=\"123\">Escultura Decorativa Medita\u00e7\u00e3o em PLA \u2013 Cor Branca<\/strong><br data-start=\"123\" data-end=\"126\" \/>Minimalista, elegante e cheia de significado. Esta escultura representa serenidade, equil\u00edbrio e conex\u00e3o interior. Produzida em PLA, um material ecol\u00f3gico, ela \u00e9 perfeita para compor espa\u00e7os de medita\u00e7\u00e3o, yoga, terapias ou simplesmente trazer paz e harmonia para sua decora\u00e7\u00e3o.<\/p>\n<p data-start=\"407\" data-end=\"580\">\u2714\ufe0f Material: PLA (biopl\u00e1stico sustent\u00e1vel)<br data-start=\"449\" data-end=\"452\" \/>\u2714\ufe0f Cor: Branco fosco<br data-start=\"472\" data-end=\"475\" \/>\u2714\ufe0f Design: Minimalista e moderno<br data-start=\"507\" data-end=\"510\" \/>\u2714\ufe0f Tamanho: [inserir as dimens\u00f5es]<br data-start=\"544\" data-end=\"547\" data-is-only-node=\"\" \/>\u2714\ufe0f Leve, resistente e ecol\u00f3gica<\/p>\n","protected":false},"excerpt":{"rendered":"<p>Escultura Decorativa Medita\u00e7\u00e3o em PLA \u2013 Cor BrancaMinimalista, elegante e cheia de significado. Esta escultura representa serenidade, equil\u00edbrio e conex\u00e3o interior. Produzida em PLA, um material ecol\u00f3gico, ela \u00e9 perfeita para compor espa\u00e7os de medita\u00e7\u00e3o, yoga, terapias ou simplesmente trazer paz e harmonia para sua decora\u00e7\u00e3o. \u2714\ufe0f Material: PLA (biopl\u00e1stico sustent\u00e1vel)\u2714\ufe0f Cor: Branco fosco\u2714\ufe0f Design: [&hellip;]<\/p>\n","protected":false},"featured_media":362965,"comment_status":"open","ping_status":"closed","template":"","meta":[],"product_brand":[],"product_cat":[15],"product_tag":[738],"class_list":{"0":"post-362964","1":"product","2":"type-product","3":"status-publish","4":"has-post-thumbnail","6":"product_cat-uncategorized","7":"product_tag-decoracao","9":"first","10":"instock","11":"taxable","12":"shipping-taxable","13":"purchasable","14":"product-type-simple"},"yoast_head":"<!-- This site is optimized with the Yoast SEO plugin v25.1 - https:\/\/yoast.com\/wordpress\/plugins\/seo\/ -->\n<title>Escultura meditando - MyStore - By STLFLIX<\/title>\n<meta name=\"robots\" content=\"index, follow, max-snippet:-1, max-image-preview:large, max-video-preview:-1\" \/>\n<link rel=\"canonical\" href=\"https:\/\/my.stlflix.com\/es\/product\/escultura-meditando\/\" \/>\n<meta property=\"og:locale\" content=\"es_ES\" \/>\n<meta property=\"og:type\" content=\"article\" \/>\n<meta property=\"og:title\" content=\"Escultura meditando - MyStore - By STLFLIX\" \/>\n<meta property=\"og:description\" content=\"Escultura Decorativa Medita\u00e7\u00e3o em PLA \u2013 Cor BrancaMinimalista, elegante e cheia de significado. Esta escultura representa serenidade, equil\u00edbrio e conex\u00e3o interior. Produzida em PLA, um material ecol\u00f3gico, ela \u00e9 perfeita para compor espa\u00e7os de medita\u00e7\u00e3o, yoga, terapias ou simplesmente trazer paz e harmonia para sua decora\u00e7\u00e3o. \u2714\ufe0f Material: PLA (biopl\u00e1stico sustent\u00e1vel)\u2714\ufe0f Cor: Branco fosco\u2714\ufe0f Design: [&hellip;]\" \/>\n<meta property=\"og:url\" content=\"https:\/\/my.stlflix.com\/es\/product\/escultura-meditando\/\" \/>\n<meta property=\"og:site_name\" content=\"MyStore - By STLFLIX\" \/>\n<meta property=\"article:publisher\" content=\"https:\/\/www.facebook.com\/STLFLIX\" \/>\n<meta property=\"article:modified_time\" content=\"2025-05-25T20:19:18+00:00\" \/>\n<meta property=\"og:image\" content=\"https:\/\/my.stlflix.com\/wp-content\/uploads\/2025\/05\/meditacao.jpg\" \/>\n\t<meta property=\"og:image:width\" content=\"405\" \/>\n\t<meta property=\"og:image:height\" content=\"368\" \/>\n\t<meta property=\"og:image:type\" content=\"image\/jpeg\" \/>\n<meta name=\"twitter:card\" content=\"summary_large_image\" \/>\n<script type=\"application\/ld+json\" class=\"yoast-schema-graph\">{\"@context\":\"https:\/\/schema.org\",\"@graph\":[{\"@type\":\"WebPage\",\"@id\":\"https:\/\/my.stlflix.com\/es\/product\/escultura-meditando\/\",\"url\":\"https:\/\/my.stlflix.com\/es\/product\/escultura-meditando\/\",\"name\":\"Escultura meditando - MyStore - By STLFLIX\",\"isPartOf\":{\"@id\":\"https:\/\/www.stlflix-store.com\/#website\"},\"primaryImageOfPage\":{\"@id\":\"https:\/\/my.stlflix.com\/es\/product\/escultura-meditando\/#primaryimage\"},\"image\":{\"@id\":\"https:\/\/my.stlflix.com\/es\/product\/escultura-meditando\/#primaryimage\"},\"thumbnailUrl\":\"https:\/\/my.stlflix.com\/wp-content\/uploads\/2025\/05\/meditacao.jpg\",\"datePublished\":\"2025-05-25T20:16:59+00:00\",\"dateModified\":\"2025-05-25T20:19:18+00:00\",\"breadcrumb\":{\"@id\":\"https:\/\/my.stlflix.com\/es\/product\/escultura-meditando\/#breadcrumb\"},\"inLanguage\":\"es-ES\",\"potentialAction\":[{\"@type\":\"ReadAction\",\"target\":[\"https:\/\/my.stlflix.com\/es\/product\/escultura-meditando\/\"]}]},{\"@type\":\"ImageObject\",\"inLanguage\":\"es-ES\",\"@id\":\"https:\/\/my.stlflix.com\/es\/product\/escultura-meditando\/#primaryimage\",\"url\":\"https:\/\/my.stlflix.com\/wp-content\/uploads\/2025\/05\/meditacao.jpg\",\"contentUrl\":\"https:\/\/my.stlflix.com\/wp-content\/uploads\/2025\/05\/meditacao.jpg\",\"width\":405,\"height\":368},{\"@type\":\"BreadcrumbList\",\"@id\":\"https:\/\/my.stlflix.com\/es\/product\/escultura-meditando\/#breadcrumb\",\"itemListElement\":[{\"@type\":\"ListItem\",\"position\":1,\"name\":\"Home\",\"item\":\"https:\/\/www.lojadomandela3d.biz\/\"},{\"@type\":\"ListItem\",\"position\":2,\"name\":\"Products\",\"item\":\"https:\/\/www.lojadomandela3d.biz\/shop\/\"},{\"@type\":\"ListItem\",\"position\":3,\"name\":\"Escultura meditando\"}]},{\"@type\":\"WebSite\",\"@id\":\"https:\/\/www.stlflix-store.com\/#website\",\"url\":\"https:\/\/www.stlflix-store.com\/\",\"name\":\"MyStore - By STLFLIX\",\"description\":\"\",\"publisher\":{\"@id\":\"https:\/\/www.stlflix-store.com\/#organization\"},\"potentialAction\":[{\"@type\":\"SearchAction\",\"target\":{\"@type\":\"EntryPoint\",\"urlTemplate\":\"https:\/\/www.stlflix-store.com\/?s={search_term_string}\"},\"query-input\":{\"@type\":\"PropertyValueSpecification\",\"valueRequired\":true,\"valueName\":\"search_term_string\"}}],\"inLanguage\":\"es-ES\"},{\"@type\":\"Organization\",\"@id\":\"https:\/\/www.stlflix-store.com\/#organization\",\"name\":\"MyStore - By STLFLIX\",\"url\":\"https:\/\/www.stlflix-store.com\/\",\"logo\":{\"@type\":\"ImageObject\",\"inLanguage\":\"es-ES\",\"@id\":\"https:\/\/www.stlflix-store.com\/#\/schema\/logo\/image\/\",\"url\":\"https:\/\/my.stlflix.com\/wp-content\/uploads\/2024\/06\/logo-mystore.png\",\"contentUrl\":\"https:\/\/my.stlflix.com\/wp-content\/uploads\/2024\/06\/logo-mystore.png\",\"width\":150,\"height\":41,\"caption\":\"MyStore - By STLFLIX\"},\"image\":{\"@id\":\"https:\/\/www.stlflix-store.com\/#\/schema\/logo\/image\/\"},\"sameAs\":[\"https:\/\/www.facebook.com\/STLFLIX\",\"https:\/\/www.instagram.com\/stlflix_\/\",\"https:\/\/www.tiktok.com\/@stlflix\"]}]}<\/script>\n<!-- \/ Yoast SEO plugin. -->","yoast_head_json":{"title":"Escultura meditando - MyStore - By STLFLIX","robots":{"index":"index","follow":"follow","max-snippet":"max-snippet:-1","max-image-preview":"max-image-preview:large","max-video-preview":"max-video-preview:-1"},"canonical":"https:\/\/my.stlflix.com\/es\/product\/escultura-meditando\/","og_locale":"es_ES","og_type":"article","og_title":"Escultura meditando - MyStore - By STLFLIX","og_description":"Escultura Decorativa Medita\u00e7\u00e3o em PLA \u2013 Cor BrancaMinimalista, elegante e cheia de significado. Esta escultura representa serenidade, equil\u00edbrio e conex\u00e3o interior. Produzida em PLA, um material ecol\u00f3gico, ela \u00e9 perfeita para compor espa\u00e7os de medita\u00e7\u00e3o, yoga, terapias ou simplesmente trazer paz e harmonia para sua decora\u00e7\u00e3o. \u2714\ufe0f Material: PLA (biopl\u00e1stico sustent\u00e1vel)\u2714\ufe0f Cor: Branco fosco\u2714\ufe0f Design: [&hellip;]","og_url":"https:\/\/my.stlflix.com\/es\/product\/escultura-meditando\/","og_site_name":"MyStore - By STLFLIX","article_publisher":"https:\/\/www.facebook.com\/STLFLIX","article_modified_time":"2025-05-25T20:19:18+00:00","og_image":[{"width":405,"height":368,"url":"https:\/\/my.stlflix.com\/wp-content\/uploads\/2025\/05\/meditacao.jpg","type":"image\/jpeg"}],"twitter_card":"summary_large_image","schema":{"@context":"https:\/\/schema.org","@graph":[{"@type":"WebPage","@id":"https:\/\/my.stlflix.com\/es\/product\/escultura-meditando\/","url":"https:\/\/my.stlflix.com\/es\/product\/escultura-meditando\/","name":"Escultura meditando - MyStore - By STLFLIX","isPartOf":{"@id":"https:\/\/www.stlflix-store.com\/#website"},"primaryImageOfPage":{"@id":"https:\/\/my.stlflix.com\/es\/product\/escultura-meditando\/#primaryimage"},"image":{"@id":"https:\/\/my.stlflix.com\/es\/product\/escultura-meditando\/#primaryimage"},"thumbnailUrl":"https:\/\/my.stlflix.com\/wp-content\/uploads\/2025\/05\/meditacao.jpg","datePublished":"2025-05-25T20:16:59+00:00","dateModified":"2025-05-25T20:19:18+00:00","breadcrumb":{"@id":"https:\/\/my.stlflix.com\/es\/product\/escultura-meditando\/#breadcrumb"},"inLanguage":"es-ES","potentialAction":[{"@type":"ReadAction","target":["https:\/\/my.stlflix.com\/es\/product\/escultura-meditando\/"]}]},{"@type":"ImageObject","inLanguage":"es-ES","@id":"https:\/\/my.stlflix.com\/es\/product\/escultura-meditando\/#primaryimage","url":"https:\/\/my.stlflix.com\/wp-content\/uploads\/2025\/05\/meditacao.jpg","contentUrl":"https:\/\/my.stlflix.com\/wp-content\/uploads\/2025\/05\/meditacao.jpg","width":405,"height":368},{"@type":"BreadcrumbList","@id":"https:\/\/my.stlflix.com\/es\/product\/escultura-meditando\/#breadcrumb","itemListElement":[{"@type":"ListItem","position":1,"name":"Home","item":"https:\/\/www.lojadomandela3d.biz\/"},{"@type":"ListItem","position":2,"name":"Products","item":"https:\/\/www.lojadomandela3d.biz\/shop\/"},{"@type":"ListItem","position":3,"name":"Escultura meditando"}]},{"@type":"WebSite","@id":"https:\/\/www.stlflix-store.com\/#website","url":"https:\/\/www.stlflix-store.com\/","name":"MyStore - By STLFLIX","description":"","publisher":{"@id":"https:\/\/www.stlflix-store.com\/#organization"},"potentialAction":[{"@type":"SearchAction","target":{"@type":"EntryPoint","urlTemplate":"https:\/\/www.stlflix-store.com\/?s={search_term_string}"},"query-input":{"@type":"PropertyValueSpecification","valueRequired":true,"valueName":"search_term_string"}}],"inLanguage":"es-ES"},{"@type":"Organization","@id":"https:\/\/www.stlflix-store.com\/#organization","name":"MyStore - By STLFLIX","url":"https:\/\/www.stlflix-store.com\/","logo":{"@type":"ImageObject","inLanguage":"es-ES","@id":"https:\/\/www.stlflix-store.com\/#\/schema\/logo\/image\/","url":"https:\/\/my.stlflix.com\/wp-content\/uploads\/2024\/06\/logo-mystore.png","contentUrl":"https:\/\/my.stlflix.com\/wp-content\/uploads\/2024\/06\/logo-mystore.png","width":150,"height":41,"caption":"MyStore - By STLFLIX"},"image":{"@id":"https:\/\/www.stlflix-store.com\/#\/schema\/logo\/image\/"},"sameAs":["https:\/\/www.facebook.com\/STLFLIX","https:\/\/www.instagram.com\/stlflix_\/","https:\/\/www.tiktok.com\/@stlflix"]}]}},"_links":{"self":[{"href":"https:\/\/my.stlflix.com\/es\/wp-json\/wp\/v2\/product\/362964","targetHints":{"allow":["GET"]}}],"collection":[{"href":"https:\/\/my.stlflix.com\/es\/wp-json\/wp\/v2\/product"}],"about":[{"href":"https:\/\/my.stlflix.com\/es\/wp-json\/wp\/v2\/types\/product"}],"replies":[{"embeddable":true,"href":"https:\/\/my.stlflix.com\/es\/wp-json\/wp\/v2\/comments?post=362964"}],"wp:featuredmedia":[{"embeddable":true,"href":"https:\/\/my.stlflix.com\/es\/wp-json\/wp\/v2\/media\/362965"}],"wp:attachment":[{"href":"https:\/\/my.stlflix.com\/es\/wp-json\/wp\/v2\/media?parent=362964"}],"wp:term":[{"taxonomy":"product_brand","embeddable":true,"href":"https:\/\/my.stlflix.com\/es\/wp-json\/wp\/v2\/product_brand?post=362964"},{"taxonomy":"product_cat","embeddable":true,"href":"https:\/\/my.stlflix.com\/es\/wp-json\/wp\/v2\/product_cat?post=362964"},{"taxonomy":"product_tag","embeddable":true,"href":"https:\/\/my.stlflix.com\/es\/wp-json\/wp\/v2\/product_tag?post=362964"}],"curies":[{"name":"wp","href":"https:\/\/api.w.org\/{rel}","templated":true}]}}