{"id":369828,"date":"2025-05-31T18:47:42","date_gmt":"2025-05-31T18:47:42","guid":{"rendered":"https:\/\/my.stlflix.com\/?post_type=product&#038;p=369828"},"modified":"2025-05-31T18:57:06","modified_gmt":"2025-05-31T18:57:06","slug":"organizador-marcadores-182-espacos-p-touch-ohuhu-copic-e-outros","status":"publish","type":"product","link":"https:\/\/my.stlflix.com\/es\/product\/organizador-marcadores-182-espacos-p-touch-ohuhu-copic-e-outros\/","title":{"rendered":"Organizador Marcadores 182 espa\u00e7os p\/ Touch, Ohuhu, Copic e outros"},"content":{"rendered":"<p>\ud83d\udd8d\ufe0f ORGANIZE SUAS CANETINHAS COM ESTILO!<\/p>\n<p>Organizador de mesa impresso em 3D, elegante e funcional, ideal para Touch, Ohuhu, Copic e outras marcas com at\u00e9 16mm de di\u00e2metro.<\/p>\n<p>Dispon\u00edvel em tamanhos de 48 at\u00e9 182 espa\u00e7os. Compacto, moderno e colorido \u2014 perfeito para artistas, ilustradoras e amantes do bullet journal!<\/p>\n<p>\ud83d\udcd0 TAMANHOS DISPON\u00cdVEIS:<br \/>\nTodos com 11,7cm de profundidade. Confira as medidas:<\/p>\n<p>48 marcadores: 13,9 x 10,4 cm (6&#215;8)<br \/>\n60 marcadores: 17,2 x 10,4 cm (6&#215;10)<br \/>\n80 marcadores: 13,9 x 17,2 cm (8&#215;10)<br \/>\n96 marcadores: 13,9 x 20,7 cm (8&#215;12)<br \/>\n100 marcadores: 17,2 x 17,2 cm (10&#215;10)<br \/>\n120 marcadores: 17,3 x 20,6 cm (10&#215;12)<br \/>\n168 marcadores: 20,7 x 24,0 cm (12&#215;14)<br \/>\n182 marcadores: 22,4 x 24,0 cm (13&#215;14)<\/p>\n<p>\ud83d\udd38 Dica de combina\u00e7\u00e3o: modelos com o mesmo n\u00famero de fileiras em um dos lados formam composi\u00e7\u00f5es mais harm\u00f4nicas (ex: 100 e 120 compartilham 10 fileiras).<\/p>\n<p>\ud83c\udfa8 CORES &amp; PERSONALIZA\u00c7\u00c3O<\/p>\n<p>Diversas cores dispon\u00edveis!<br \/>\nAo escolher \u201cPersonalizada\u201d, envie uma mensagem para combinarmos a cor.<\/p>\n<p>\u26a0\ufe0f INFORMA\u00c7\u00d5ES IMPORTANTES:<\/p>\n<p>N\u00e3o acompanha os marcadores<br \/>\nN\u00e3o compat\u00edvel com Anjgg<br \/>\nPode haver leve varia\u00e7\u00e3o no tom de cor entre lotes<br \/>\nPLA de alta qualidade com impress\u00e3o 3D de precis\u00e3o<\/p>\n<p>\u2705 CUIDADOS:<\/p>\n<p>Evite exposi\u00e7\u00e3o ao calor<br \/>\nLimpe com pano \u00famido<br \/>\nArmazene os marcadores na horizontal para maior durabilidade<\/p>\n<p>\u26a0\ufe0f SOBRE O MATERIAL:<\/p>\n<p>Nossos organizadores s\u00e3o feitos em impress\u00e3o 3D utilizando PLA, um material ecol\u00f3gico, biodegrad\u00e1vel e muito resistente para uso no dia a dia.<br \/>\nPor\u00e9m, como qualquer material pl\u00e1stico, ele possui uma caracter\u00edstica importante: n\u00e3o \u00e9 resistente a quedas e impactos fortes. Assim como um objeto de cer\u00e2mica ou vidro, pode quebrar se cair, mesmo de pequenas alturas.<\/p>\n<p>\u2b50\ufe0f AVALIADO COM 5 ESTRELAS!<\/p>\n<p>Mais de 60 avalia\u00e7\u00f5es positivas e 500 unidades vendidas. Confira os coment\u00e1rios das nossas clientes!<\/p>\n","protected":false},"excerpt":{"rendered":"<p>\ud83d\udd8d\ufe0f ORGANIZE SUAS CANETINHAS COM ESTILO! Organizador de mesa impresso em 3D, elegante e funcional, ideal para Touch, Ohuhu, Copic e outras marcas com at\u00e9 16mm de di\u00e2metro. Dispon\u00edvel em tamanhos de 48 at\u00e9 182 espa\u00e7os. Compacto, moderno e colorido \u2014 perfeito para artistas, ilustradoras e amantes do bullet journal! \ud83d\udcd0 TAMANHOS DISPON\u00cdVEIS: Todos com [&hellip;]<\/p>\n","protected":false},"featured_media":369829,"comment_status":"open","ping_status":"closed","template":"","meta":[],"product_brand":[],"product_cat":[15],"product_tag":[4396],"class_list":{"0":"post-369828","1":"product","2":"type-product","3":"status-publish","4":"has-post-thumbnail","6":"product_cat-uncategorized","7":"product_tag-desk-organization","9":"first","10":"instock","11":"taxable","12":"shipping-taxable","13":"purchasable","14":"product-type-variable"},"yoast_head":"<!-- This site is optimized with the Yoast SEO plugin v25.1 - https:\/\/yoast.com\/wordpress\/plugins\/seo\/ -->\n<title>Organizador Marcadores 182 espa\u00e7os p\/ Touch, Ohuhu, Copic e outros - MyStore - By STLFLIX<\/title>\n<meta name=\"robots\" content=\"index, follow, max-snippet:-1, max-image-preview:large, max-video-preview:-1\" \/>\n<link rel=\"canonical\" href=\"https:\/\/my.stlflix.com\/es\/product\/organizador-marcadores-182-espacos-p-touch-ohuhu-copic-e-outros\/\" \/>\n<meta property=\"og:locale\" content=\"es_ES\" \/>\n<meta property=\"og:type\" content=\"article\" \/>\n<meta property=\"og:title\" content=\"Organizador Marcadores 182 espa\u00e7os p\/ Touch, Ohuhu, Copic e outros - MyStore - By STLFLIX\" \/>\n<meta property=\"og:description\" content=\"\ud83d\udd8d\ufe0f ORGANIZE SUAS CANETINHAS COM ESTILO! Organizador de mesa impresso em 3D, elegante e funcional, ideal para Touch, Ohuhu, Copic e outras marcas com at\u00e9 16mm de di\u00e2metro. Dispon\u00edvel em tamanhos de 48 at\u00e9 182 espa\u00e7os. Compacto, moderno e colorido \u2014 perfeito para artistas, ilustradoras e amantes do bullet journal! \ud83d\udcd0 TAMANHOS DISPON\u00cdVEIS: Todos com [&hellip;]\" \/>\n<meta property=\"og:url\" content=\"https:\/\/my.stlflix.com\/es\/product\/organizador-marcadores-182-espacos-p-touch-ohuhu-copic-e-outros\/\" \/>\n<meta property=\"og:site_name\" content=\"MyStore - By STLFLIX\" \/>\n<meta property=\"article:publisher\" content=\"https:\/\/www.facebook.com\/STLFLIX\" \/>\n<meta property=\"article:modified_time\" content=\"2025-05-31T18:57:06+00:00\" \/>\n<meta property=\"og:image\" content=\"https:\/\/my.stlflix.com\/wp-content\/uploads\/2025\/05\/NAO-ACOMPANHA-OS-MARCADORES.png\" \/>\n\t<meta property=\"og:image:width\" content=\"646\" \/>\n\t<meta property=\"og:image:height\" content=\"646\" \/>\n\t<meta property=\"og:image:type\" content=\"image\/png\" \/>\n<meta name=\"twitter:card\" content=\"summary_large_image\" \/>\n<meta name=\"twitter:label1\" content=\"Est. reading time\" \/>\n\t<meta name=\"twitter:data1\" content=\"1 minute\" \/>\n<script type=\"application\/ld+json\" class=\"yoast-schema-graph\">{\"@context\":\"https:\/\/schema.org\",\"@graph\":[{\"@type\":\"WebPage\",\"@id\":\"https:\/\/my.stlflix.com\/es\/product\/organizador-marcadores-182-espacos-p-touch-ohuhu-copic-e-outros\/\",\"url\":\"https:\/\/my.stlflix.com\/es\/product\/organizador-marcadores-182-espacos-p-touch-ohuhu-copic-e-outros\/\",\"name\":\"Organizador Marcadores 182 espa\u00e7os p\/ Touch, Ohuhu, Copic e outros - MyStore - By STLFLIX\",\"isPartOf\":{\"@id\":\"https:\/\/my.stlflix.com\/#website\"},\"primaryImageOfPage\":{\"@id\":\"https:\/\/my.stlflix.com\/es\/product\/organizador-marcadores-182-espacos-p-touch-ohuhu-copic-e-outros\/#primaryimage\"},\"image\":{\"@id\":\"https:\/\/my.stlflix.com\/es\/product\/organizador-marcadores-182-espacos-p-touch-ohuhu-copic-e-outros\/#primaryimage\"},\"thumbnailUrl\":\"https:\/\/my.stlflix.com\/wp-content\/uploads\/2025\/05\/NAO-ACOMPANHA-OS-MARCADORES.png\",\"datePublished\":\"2025-05-31T18:47:42+00:00\",\"dateModified\":\"2025-05-31T18:57:06+00:00\",\"breadcrumb\":{\"@id\":\"https:\/\/my.stlflix.com\/es\/product\/organizador-marcadores-182-espacos-p-touch-ohuhu-copic-e-outros\/#breadcrumb\"},\"inLanguage\":\"es-ES\",\"potentialAction\":[{\"@type\":\"ReadAction\",\"target\":[\"https:\/\/my.stlflix.com\/es\/product\/organizador-marcadores-182-espacos-p-touch-ohuhu-copic-e-outros\/\"]}]},{\"@type\":\"ImageObject\",\"inLanguage\":\"es-ES\",\"@id\":\"https:\/\/my.stlflix.com\/es\/product\/organizador-marcadores-182-espacos-p-touch-ohuhu-copic-e-outros\/#primaryimage\",\"url\":\"https:\/\/my.stlflix.com\/wp-content\/uploads\/2025\/05\/NAO-ACOMPANHA-OS-MARCADORES.png\",\"contentUrl\":\"https:\/\/my.stlflix.com\/wp-content\/uploads\/2025\/05\/NAO-ACOMPANHA-OS-MARCADORES.png\",\"width\":646,\"height\":646},{\"@type\":\"BreadcrumbList\",\"@id\":\"https:\/\/my.stlflix.com\/es\/product\/organizador-marcadores-182-espacos-p-touch-ohuhu-copic-e-outros\/#breadcrumb\",\"itemListElement\":[{\"@type\":\"ListItem\",\"position\":1,\"name\":\"Home\",\"item\":\"https:\/\/www.stlflix-store.com\/\"},{\"@type\":\"ListItem\",\"position\":2,\"name\":\"Products\",\"item\":\"https:\/\/www.stlflix-store.com\/shop\/\"},{\"@type\":\"ListItem\",\"position\":3,\"name\":\"Organizador Marcadores 182 espa\u00e7os p\/ Touch, Ohuhu, Copic e outros\"}]},{\"@type\":\"WebSite\",\"@id\":\"https:\/\/my.stlflix.com\/#website\",\"url\":\"https:\/\/my.stlflix.com\/\",\"name\":\"MyStore - By STLFLIX\",\"description\":\"\",\"publisher\":{\"@id\":\"https:\/\/my.stlflix.com\/#organization\"},\"potentialAction\":[{\"@type\":\"SearchAction\",\"target\":{\"@type\":\"EntryPoint\",\"urlTemplate\":\"https:\/\/my.stlflix.com\/?s={search_term_string}\"},\"query-input\":{\"@type\":\"PropertyValueSpecification\",\"valueRequired\":true,\"valueName\":\"search_term_string\"}}],\"inLanguage\":\"es-ES\"},{\"@type\":\"Organization\",\"@id\":\"https:\/\/my.stlflix.com\/#organization\",\"name\":\"MyStore - By STLFLIX\",\"url\":\"https:\/\/my.stlflix.com\/\",\"logo\":{\"@type\":\"ImageObject\",\"inLanguage\":\"es-ES\",\"@id\":\"https:\/\/my.stlflix.com\/#\/schema\/logo\/image\/\",\"url\":\"https:\/\/my.stlflix.com\/wp-content\/uploads\/2024\/06\/logo-mystore.png\",\"contentUrl\":\"https:\/\/my.stlflix.com\/wp-content\/uploads\/2024\/06\/logo-mystore.png\",\"width\":150,\"height\":41,\"caption\":\"MyStore - By STLFLIX\"},\"image\":{\"@id\":\"https:\/\/my.stlflix.com\/#\/schema\/logo\/image\/\"},\"sameAs\":[\"https:\/\/www.facebook.com\/STLFLIX\",\"https:\/\/www.instagram.com\/stlflix_\/\",\"https:\/\/www.tiktok.com\/@stlflix\"]}]}<\/script>\n<!-- \/ Yoast SEO plugin. -->","yoast_head_json":{"title":"Organizador Marcadores 182 espa\u00e7os p\/ Touch, Ohuhu, Copic e outros - MyStore - By STLFLIX","robots":{"index":"index","follow":"follow","max-snippet":"max-snippet:-1","max-image-preview":"max-image-preview:large","max-video-preview":"max-video-preview:-1"},"canonical":"https:\/\/my.stlflix.com\/es\/product\/organizador-marcadores-182-espacos-p-touch-ohuhu-copic-e-outros\/","og_locale":"es_ES","og_type":"article","og_title":"Organizador Marcadores 182 espa\u00e7os p\/ Touch, Ohuhu, Copic e outros - MyStore - By STLFLIX","og_description":"\ud83d\udd8d\ufe0f ORGANIZE SUAS CANETINHAS COM ESTILO! Organizador de mesa impresso em 3D, elegante e funcional, ideal para Touch, Ohuhu, Copic e outras marcas com at\u00e9 16mm de di\u00e2metro. Dispon\u00edvel em tamanhos de 48 at\u00e9 182 espa\u00e7os. Compacto, moderno e colorido \u2014 perfeito para artistas, ilustradoras e amantes do bullet journal! \ud83d\udcd0 TAMANHOS DISPON\u00cdVEIS: Todos com [&hellip;]","og_url":"https:\/\/my.stlflix.com\/es\/product\/organizador-marcadores-182-espacos-p-touch-ohuhu-copic-e-outros\/","og_site_name":"MyStore - By STLFLIX","article_publisher":"https:\/\/www.facebook.com\/STLFLIX","article_modified_time":"2025-05-31T18:57:06+00:00","og_image":[{"width":646,"height":646,"url":"https:\/\/my.stlflix.com\/wp-content\/uploads\/2025\/05\/NAO-ACOMPANHA-OS-MARCADORES.png","type":"image\/png"}],"twitter_card":"summary_large_image","twitter_misc":{"Est. reading time":"1 minute"},"schema":{"@context":"https:\/\/schema.org","@graph":[{"@type":"WebPage","@id":"https:\/\/my.stlflix.com\/es\/product\/organizador-marcadores-182-espacos-p-touch-ohuhu-copic-e-outros\/","url":"https:\/\/my.stlflix.com\/es\/product\/organizador-marcadores-182-espacos-p-touch-ohuhu-copic-e-outros\/","name":"Organizador Marcadores 182 espa\u00e7os p\/ Touch, Ohuhu, Copic e outros - MyStore - By STLFLIX","isPartOf":{"@id":"https:\/\/my.stlflix.com\/#website"},"primaryImageOfPage":{"@id":"https:\/\/my.stlflix.com\/es\/product\/organizador-marcadores-182-espacos-p-touch-ohuhu-copic-e-outros\/#primaryimage"},"image":{"@id":"https:\/\/my.stlflix.com\/es\/product\/organizador-marcadores-182-espacos-p-touch-ohuhu-copic-e-outros\/#primaryimage"},"thumbnailUrl":"https:\/\/my.stlflix.com\/wp-content\/uploads\/2025\/05\/NAO-ACOMPANHA-OS-MARCADORES.png","datePublished":"2025-05-31T18:47:42+00:00","dateModified":"2025-05-31T18:57:06+00:00","breadcrumb":{"@id":"https:\/\/my.stlflix.com\/es\/product\/organizador-marcadores-182-espacos-p-touch-ohuhu-copic-e-outros\/#breadcrumb"},"inLanguage":"es-ES","potentialAction":[{"@type":"ReadAction","target":["https:\/\/my.stlflix.com\/es\/product\/organizador-marcadores-182-espacos-p-touch-ohuhu-copic-e-outros\/"]}]},{"@type":"ImageObject","inLanguage":"es-ES","@id":"https:\/\/my.stlflix.com\/es\/product\/organizador-marcadores-182-espacos-p-touch-ohuhu-copic-e-outros\/#primaryimage","url":"https:\/\/my.stlflix.com\/wp-content\/uploads\/2025\/05\/NAO-ACOMPANHA-OS-MARCADORES.png","contentUrl":"https:\/\/my.stlflix.com\/wp-content\/uploads\/2025\/05\/NAO-ACOMPANHA-OS-MARCADORES.png","width":646,"height":646},{"@type":"BreadcrumbList","@id":"https:\/\/my.stlflix.com\/es\/product\/organizador-marcadores-182-espacos-p-touch-ohuhu-copic-e-outros\/#breadcrumb","itemListElement":[{"@type":"ListItem","position":1,"name":"Home","item":"https:\/\/www.stlflix-store.com\/"},{"@type":"ListItem","position":2,"name":"Products","item":"https:\/\/www.stlflix-store.com\/shop\/"},{"@type":"ListItem","position":3,"name":"Organizador Marcadores 182 espa\u00e7os p\/ Touch, Ohuhu, Copic e outros"}]},{"@type":"WebSite","@id":"https:\/\/my.stlflix.com\/#website","url":"https:\/\/my.stlflix.com\/","name":"MyStore - By STLFLIX","description":"","publisher":{"@id":"https:\/\/my.stlflix.com\/#organization"},"potentialAction":[{"@type":"SearchAction","target":{"@type":"EntryPoint","urlTemplate":"https:\/\/my.stlflix.com\/?s={search_term_string}"},"query-input":{"@type":"PropertyValueSpecification","valueRequired":true,"valueName":"search_term_string"}}],"inLanguage":"es-ES"},{"@type":"Organization","@id":"https:\/\/my.stlflix.com\/#organization","name":"MyStore - By STLFLIX","url":"https:\/\/my.stlflix.com\/","logo":{"@type":"ImageObject","inLanguage":"es-ES","@id":"https:\/\/my.stlflix.com\/#\/schema\/logo\/image\/","url":"https:\/\/my.stlflix.com\/wp-content\/uploads\/2024\/06\/logo-mystore.png","contentUrl":"https:\/\/my.stlflix.com\/wp-content\/uploads\/2024\/06\/logo-mystore.png","width":150,"height":41,"caption":"MyStore - By STLFLIX"},"image":{"@id":"https:\/\/my.stlflix.com\/#\/schema\/logo\/image\/"},"sameAs":["https:\/\/www.facebook.com\/STLFLIX","https:\/\/www.instagram.com\/stlflix_\/","https:\/\/www.tiktok.com\/@stlflix"]}]}},"_links":{"self":[{"href":"https:\/\/my.stlflix.com\/es\/wp-json\/wp\/v2\/product\/369828","targetHints":{"allow":["GET"]}}],"collection":[{"href":"https:\/\/my.stlflix.com\/es\/wp-json\/wp\/v2\/product"}],"about":[{"href":"https:\/\/my.stlflix.com\/es\/wp-json\/wp\/v2\/types\/product"}],"replies":[{"embeddable":true,"href":"https:\/\/my.stlflix.com\/es\/wp-json\/wp\/v2\/comments?post=369828"}],"wp:featuredmedia":[{"embeddable":true,"href":"https:\/\/my.stlflix.com\/es\/wp-json\/wp\/v2\/media\/369829"}],"wp:attachment":[{"href":"https:\/\/my.stlflix.com\/es\/wp-json\/wp\/v2\/media?parent=369828"}],"wp:term":[{"taxonomy":"product_brand","embeddable":true,"href":"https:\/\/my.stlflix.com\/es\/wp-json\/wp\/v2\/product_brand?post=369828"},{"taxonomy":"product_cat","embeddable":true,"href":"https:\/\/my.stlflix.com\/es\/wp-json\/wp\/v2\/product_cat?post=369828"},{"taxonomy":"product_tag","embeddable":true,"href":"https:\/\/my.stlflix.com\/es\/wp-json\/wp\/v2\/product_tag?post=369828"}],"curies":[{"name":"wp","href":"https:\/\/api.w.org\/{rel}","templated":true}]}}