{"id":371867,"date":"2025-06-03T20:14:16","date_gmt":"2025-06-03T20:14:16","guid":{"rendered":"https:\/\/my.stlflix.com\/?post_type=product&#038;p=371867"},"modified":"2025-06-03T20:21:07","modified_gmt":"2025-06-03T20:21:07","slug":"mascara-aku-aku-crash","status":"publish","type":"product","link":"https:\/\/my.stlflix.com\/es\/product\/mascara-aku-aku-crash\/","title":{"rendered":"M\u00e1scara Aku Aku \u2013 Crash"},"content":{"rendered":"<p data-start=\"474\" data-end=\"648\">D\u00ea vida \u00e0 sua decora\u00e7\u00e3o com essa pe\u00e7a incr\u00edvel inspirada no lend\u00e1rio guardi\u00e3o Aku Aku! Um toque tribal e vibrante, perfeito para f\u00e3s de jogos cl\u00e1ssicos e ambientes criativos.<\/p>\n<ul data-start=\"650\" data-end=\"940\">\n<li data-start=\"650\" data-end=\"727\">\n<p data-start=\"652\" data-end=\"727\"><strong data-start=\"652\" data-end=\"664\">Medidas:<\/strong><br data-start=\"664\" data-end=\"667\" \/>Largura: 200,28 mm<br data-start=\"685\" data-end=\"688\" \/>Altura: 300 mm<br data-start=\"702\" data-end=\"705\" \/>Profundidade: 26,10 mm<\/p>\n<\/li>\n<li data-start=\"729\" data-end=\"765\">\n<p data-start=\"731\" data-end=\"765\"><strong data-start=\"731\" data-end=\"759\">Peso aproximado da pe\u00e7a:<\/strong> 93g<\/p>\n<\/li>\n<li data-start=\"766\" data-end=\"940\">\n<p data-start=\"768\" data-end=\"940\"><strong data-start=\"768\" data-end=\"781\">Material:<\/strong> Impressa em PLA de alta qualidade das marcas GTMax, 3DLAB e Voolt 3D, com acabamento em filamentos Velvet, S\u00f3lido e GTMax para um visual marcante e detalhado.<\/p>\n<\/li>\n<\/ul>\n","protected":false},"excerpt":{"rendered":"<p>D\u00ea vida \u00e0 sua decora\u00e7\u00e3o com essa pe\u00e7a incr\u00edvel inspirada no lend\u00e1rio guardi\u00e3o Aku Aku! Um toque tribal e vibrante, perfeito para f\u00e3s de jogos cl\u00e1ssicos e ambientes criativos. Medidas:Largura: 200,28 mmAltura: 300 mmProfundidade: 26,10 mm Peso aproximado da pe\u00e7a: 93g Material: Impressa em PLA de alta qualidade das marcas GTMax, 3DLAB e Voolt 3D, [&hellip;]<\/p>\n","protected":false},"featured_media":371869,"comment_status":"open","ping_status":"closed","template":"","meta":[],"product_brand":[],"product_cat":[15],"product_tag":[630],"class_list":{"0":"post-371867","1":"product","2":"type-product","3":"status-publish","4":"has-post-thumbnail","6":"product_cat-uncategorized","7":"product_tag-games","9":"first","10":"instock","11":"sale","12":"taxable","13":"shipping-taxable","14":"purchasable","15":"product-type-simple"},"yoast_head":"<!-- This site is optimized with the Yoast SEO plugin v25.1 - https:\/\/yoast.com\/wordpress\/plugins\/seo\/ -->\n<title>M\u00e1scara Aku Aku \u2013 Crash - MyStore - By STLFLIX<\/title>\n<meta name=\"robots\" content=\"index, follow, max-snippet:-1, max-image-preview:large, max-video-preview:-1\" \/>\n<link rel=\"canonical\" href=\"https:\/\/www.lojadomandela3d.biz\/product\/mascara-aku-aku-crash\/\" \/>\n<meta property=\"og:locale\" content=\"es_ES\" \/>\n<meta property=\"og:type\" content=\"article\" \/>\n<meta property=\"og:title\" content=\"M\u00e1scara Aku Aku \u2013 Crash - MyStore - By STLFLIX\" \/>\n<meta property=\"og:description\" content=\"D\u00ea vida \u00e0 sua decora\u00e7\u00e3o com essa pe\u00e7a incr\u00edvel inspirada no lend\u00e1rio guardi\u00e3o Aku Aku! Um toque tribal e vibrante, perfeito para f\u00e3s de jogos cl\u00e1ssicos e ambientes criativos. Medidas:Largura: 200,28 mmAltura: 300 mmProfundidade: 26,10 mm Peso aproximado da pe\u00e7a: 93g Material: Impressa em PLA de alta qualidade das marcas GTMax, 3DLAB e Voolt 3D, [&hellip;]\" \/>\n<meta property=\"og:url\" content=\"https:\/\/www.lojadomandela3d.biz\/product\/mascara-aku-aku-crash\/\" \/>\n<meta property=\"og:site_name\" content=\"MyStore - By STLFLIX\" \/>\n<meta property=\"article:publisher\" content=\"https:\/\/www.facebook.com\/STLFLIX\" \/>\n<meta property=\"article:modified_time\" content=\"2025-06-03T20:21:07+00:00\" \/>\n<meta property=\"og:image\" content=\"https:\/\/www.lojadomandela3d.biz\/wp-content\/uploads\/2025\/06\/PXL_20250602_2342339152.jpg\" \/>\n\t<meta property=\"og:image:width\" content=\"2268\" \/>\n\t<meta property=\"og:image:height\" content=\"2269\" \/>\n\t<meta property=\"og:image:type\" content=\"image\/jpeg\" \/>\n<meta name=\"twitter:card\" content=\"summary_large_image\" \/>\n<script type=\"application\/ld+json\" class=\"yoast-schema-graph\">{\"@context\":\"https:\/\/schema.org\",\"@graph\":[{\"@type\":\"WebPage\",\"@id\":\"https:\/\/www.lojadomandela3d.biz\/product\/mascara-aku-aku-crash\/\",\"url\":\"https:\/\/www.lojadomandela3d.biz\/product\/mascara-aku-aku-crash\/\",\"name\":\"M\u00e1scara Aku Aku \u2013 Crash - MyStore - By STLFLIX\",\"isPartOf\":{\"@id\":\"https:\/\/my.stlflix.com\/#website\"},\"primaryImageOfPage\":{\"@id\":\"https:\/\/www.lojadomandela3d.biz\/product\/mascara-aku-aku-crash\/#primaryimage\"},\"image\":{\"@id\":\"https:\/\/www.lojadomandela3d.biz\/product\/mascara-aku-aku-crash\/#primaryimage\"},\"thumbnailUrl\":\"https:\/\/my.stlflix.com\/wp-content\/uploads\/2025\/06\/PXL_20250602_2342339152.jpg\",\"datePublished\":\"2025-06-03T20:14:16+00:00\",\"dateModified\":\"2025-06-03T20:21:07+00:00\",\"breadcrumb\":{\"@id\":\"https:\/\/www.lojadomandela3d.biz\/product\/mascara-aku-aku-crash\/#breadcrumb\"},\"inLanguage\":\"es-ES\",\"potentialAction\":[{\"@type\":\"ReadAction\",\"target\":[\"https:\/\/www.lojadomandela3d.biz\/product\/mascara-aku-aku-crash\/\"]}]},{\"@type\":\"ImageObject\",\"inLanguage\":\"es-ES\",\"@id\":\"https:\/\/www.lojadomandela3d.biz\/product\/mascara-aku-aku-crash\/#primaryimage\",\"url\":\"https:\/\/my.stlflix.com\/wp-content\/uploads\/2025\/06\/PXL_20250602_2342339152.jpg\",\"contentUrl\":\"https:\/\/my.stlflix.com\/wp-content\/uploads\/2025\/06\/PXL_20250602_2342339152.jpg\",\"width\":2268,\"height\":2269},{\"@type\":\"BreadcrumbList\",\"@id\":\"https:\/\/www.lojadomandela3d.biz\/product\/mascara-aku-aku-crash\/#breadcrumb\",\"itemListElement\":[{\"@type\":\"ListItem\",\"position\":1,\"name\":\"Home\",\"item\":\"https:\/\/www.stlflix-store.com\/\"},{\"@type\":\"ListItem\",\"position\":2,\"name\":\"Products\",\"item\":\"https:\/\/www.stlflix-store.com\/shop\/\"},{\"@type\":\"ListItem\",\"position\":3,\"name\":\"M\u00e1scara Aku Aku \u2013 Crash\"}]},{\"@type\":\"WebSite\",\"@id\":\"https:\/\/my.stlflix.com\/#website\",\"url\":\"https:\/\/my.stlflix.com\/\",\"name\":\"MyStore - By STLFLIX\",\"description\":\"\",\"publisher\":{\"@id\":\"https:\/\/my.stlflix.com\/#organization\"},\"potentialAction\":[{\"@type\":\"SearchAction\",\"target\":{\"@type\":\"EntryPoint\",\"urlTemplate\":\"https:\/\/my.stlflix.com\/?s={search_term_string}\"},\"query-input\":{\"@type\":\"PropertyValueSpecification\",\"valueRequired\":true,\"valueName\":\"search_term_string\"}}],\"inLanguage\":\"es-ES\"},{\"@type\":\"Organization\",\"@id\":\"https:\/\/my.stlflix.com\/#organization\",\"name\":\"MyStore - By STLFLIX\",\"url\":\"https:\/\/my.stlflix.com\/\",\"logo\":{\"@type\":\"ImageObject\",\"inLanguage\":\"es-ES\",\"@id\":\"https:\/\/my.stlflix.com\/#\/schema\/logo\/image\/\",\"url\":\"https:\/\/my.stlflix.com\/wp-content\/uploads\/2024\/06\/logo-mystore.png\",\"contentUrl\":\"https:\/\/my.stlflix.com\/wp-content\/uploads\/2024\/06\/logo-mystore.png\",\"width\":150,\"height\":41,\"caption\":\"MyStore - By STLFLIX\"},\"image\":{\"@id\":\"https:\/\/my.stlflix.com\/#\/schema\/logo\/image\/\"},\"sameAs\":[\"https:\/\/www.facebook.com\/STLFLIX\",\"https:\/\/www.instagram.com\/stlflix_\/\",\"https:\/\/www.tiktok.com\/@stlflix\"]}]}<\/script>\n<!-- \/ Yoast SEO plugin. -->","yoast_head_json":{"title":"M\u00e1scara Aku Aku \u2013 Crash - MyStore - By STLFLIX","robots":{"index":"index","follow":"follow","max-snippet":"max-snippet:-1","max-image-preview":"max-image-preview:large","max-video-preview":"max-video-preview:-1"},"canonical":"https:\/\/www.lojadomandela3d.biz\/product\/mascara-aku-aku-crash\/","og_locale":"es_ES","og_type":"article","og_title":"M\u00e1scara Aku Aku \u2013 Crash - MyStore - By STLFLIX","og_description":"D\u00ea vida \u00e0 sua decora\u00e7\u00e3o com essa pe\u00e7a incr\u00edvel inspirada no lend\u00e1rio guardi\u00e3o Aku Aku! Um toque tribal e vibrante, perfeito para f\u00e3s de jogos cl\u00e1ssicos e ambientes criativos. Medidas:Largura: 200,28 mmAltura: 300 mmProfundidade: 26,10 mm Peso aproximado da pe\u00e7a: 93g Material: Impressa em PLA de alta qualidade das marcas GTMax, 3DLAB e Voolt 3D, [&hellip;]","og_url":"https:\/\/www.lojadomandela3d.biz\/product\/mascara-aku-aku-crash\/","og_site_name":"MyStore - By STLFLIX","article_publisher":"https:\/\/www.facebook.com\/STLFLIX","article_modified_time":"2025-06-03T20:21:07+00:00","og_image":[{"width":2268,"height":2269,"url":"https:\/\/www.lojadomandela3d.biz\/wp-content\/uploads\/2025\/06\/PXL_20250602_2342339152.jpg","type":"image\/jpeg"}],"twitter_card":"summary_large_image","schema":{"@context":"https:\/\/schema.org","@graph":[{"@type":"WebPage","@id":"https:\/\/www.lojadomandela3d.biz\/product\/mascara-aku-aku-crash\/","url":"https:\/\/www.lojadomandela3d.biz\/product\/mascara-aku-aku-crash\/","name":"M\u00e1scara Aku Aku \u2013 Crash - MyStore - By STLFLIX","isPartOf":{"@id":"https:\/\/my.stlflix.com\/#website"},"primaryImageOfPage":{"@id":"https:\/\/www.lojadomandela3d.biz\/product\/mascara-aku-aku-crash\/#primaryimage"},"image":{"@id":"https:\/\/www.lojadomandela3d.biz\/product\/mascara-aku-aku-crash\/#primaryimage"},"thumbnailUrl":"https:\/\/my.stlflix.com\/wp-content\/uploads\/2025\/06\/PXL_20250602_2342339152.jpg","datePublished":"2025-06-03T20:14:16+00:00","dateModified":"2025-06-03T20:21:07+00:00","breadcrumb":{"@id":"https:\/\/www.lojadomandela3d.biz\/product\/mascara-aku-aku-crash\/#breadcrumb"},"inLanguage":"es-ES","potentialAction":[{"@type":"ReadAction","target":["https:\/\/www.lojadomandela3d.biz\/product\/mascara-aku-aku-crash\/"]}]},{"@type":"ImageObject","inLanguage":"es-ES","@id":"https:\/\/www.lojadomandela3d.biz\/product\/mascara-aku-aku-crash\/#primaryimage","url":"https:\/\/my.stlflix.com\/wp-content\/uploads\/2025\/06\/PXL_20250602_2342339152.jpg","contentUrl":"https:\/\/my.stlflix.com\/wp-content\/uploads\/2025\/06\/PXL_20250602_2342339152.jpg","width":2268,"height":2269},{"@type":"BreadcrumbList","@id":"https:\/\/www.lojadomandela3d.biz\/product\/mascara-aku-aku-crash\/#breadcrumb","itemListElement":[{"@type":"ListItem","position":1,"name":"Home","item":"https:\/\/www.stlflix-store.com\/"},{"@type":"ListItem","position":2,"name":"Products","item":"https:\/\/www.stlflix-store.com\/shop\/"},{"@type":"ListItem","position":3,"name":"M\u00e1scara Aku Aku \u2013 Crash"}]},{"@type":"WebSite","@id":"https:\/\/my.stlflix.com\/#website","url":"https:\/\/my.stlflix.com\/","name":"MyStore - By STLFLIX","description":"","publisher":{"@id":"https:\/\/my.stlflix.com\/#organization"},"potentialAction":[{"@type":"SearchAction","target":{"@type":"EntryPoint","urlTemplate":"https:\/\/my.stlflix.com\/?s={search_term_string}"},"query-input":{"@type":"PropertyValueSpecification","valueRequired":true,"valueName":"search_term_string"}}],"inLanguage":"es-ES"},{"@type":"Organization","@id":"https:\/\/my.stlflix.com\/#organization","name":"MyStore - By STLFLIX","url":"https:\/\/my.stlflix.com\/","logo":{"@type":"ImageObject","inLanguage":"es-ES","@id":"https:\/\/my.stlflix.com\/#\/schema\/logo\/image\/","url":"https:\/\/my.stlflix.com\/wp-content\/uploads\/2024\/06\/logo-mystore.png","contentUrl":"https:\/\/my.stlflix.com\/wp-content\/uploads\/2024\/06\/logo-mystore.png","width":150,"height":41,"caption":"MyStore - By STLFLIX"},"image":{"@id":"https:\/\/my.stlflix.com\/#\/schema\/logo\/image\/"},"sameAs":["https:\/\/www.facebook.com\/STLFLIX","https:\/\/www.instagram.com\/stlflix_\/","https:\/\/www.tiktok.com\/@stlflix"]}]}},"_links":{"self":[{"href":"https:\/\/my.stlflix.com\/es\/wp-json\/wp\/v2\/product\/371867","targetHints":{"allow":["GET"]}}],"collection":[{"href":"https:\/\/my.stlflix.com\/es\/wp-json\/wp\/v2\/product"}],"about":[{"href":"https:\/\/my.stlflix.com\/es\/wp-json\/wp\/v2\/types\/product"}],"replies":[{"embeddable":true,"href":"https:\/\/my.stlflix.com\/es\/wp-json\/wp\/v2\/comments?post=371867"}],"wp:featuredmedia":[{"embeddable":true,"href":"https:\/\/my.stlflix.com\/es\/wp-json\/wp\/v2\/media\/371869"}],"wp:attachment":[{"href":"https:\/\/my.stlflix.com\/es\/wp-json\/wp\/v2\/media?parent=371867"}],"wp:term":[{"taxonomy":"product_brand","embeddable":true,"href":"https:\/\/my.stlflix.com\/es\/wp-json\/wp\/v2\/product_brand?post=371867"},{"taxonomy":"product_cat","embeddable":true,"href":"https:\/\/my.stlflix.com\/es\/wp-json\/wp\/v2\/product_cat?post=371867"},{"taxonomy":"product_tag","embeddable":true,"href":"https:\/\/my.stlflix.com\/es\/wp-json\/wp\/v2\/product_tag?post=371867"}],"curies":[{"name":"wp","href":"https:\/\/api.w.org\/{rel}","templated":true}]}}