{"id":378170,"date":"2025-06-09T15:11:26","date_gmt":"2025-06-09T15:11:26","guid":{"rendered":"https:\/\/my.stlflix.com\/?post_type=product&#038;p=378170"},"modified":"2025-06-09T19:12:49","modified_gmt":"2025-06-09T19:12:49","slug":"pop-the-top-phone-holder-6846edbdb107e","status":"publish","type":"product","link":"https:\/\/my.stlflix.com\/es\/product\/pop-the-top-phone-holder-6846edbdb107e\/","title":{"rendered":"Suporte para celular tipo lata amassada"},"content":{"rendered":"<p data-start=\"140\" data-end=\"339\">\ud83d\udcf1\u2728 <em data-start=\"144\" data-end=\"194\">Seu celular merece um trono \u2014 e n\u00e3o qualquer um.<\/em><br data-start=\"194\" data-end=\"197\" \/>Chega de suportes sem gra\u00e7a que parecem todos iguais! Apresentamos os <strong data-start=\"267\" data-end=\"292\">suportes 3D da SANFEL<\/strong>, onde funcionalidade encontra personalidade.<\/p>\n<p data-start=\"341\" data-end=\"577\">\ud83c\udf5f Uma lata de refrigerante segurando seu celular? Sim!<br data-start=\"396\" data-end=\"399\" \/>\ud83e\udd4a Uma luva de box mantendo ele em p\u00e9 enquanto voc\u00ea maratona sua s\u00e9rie? Tamb\u00e9m temos!<br data-start=\"484\" data-end=\"487\" \/>\ud83c\udf5f Um cone de batata frita com um toque de irrever\u00eancia no seu home office? Claro que sim.<\/p>\n<p data-start=\"579\" data-end=\"701\">Todos nossos suportes s\u00e3o impressos em 3D com alt\u00edssima qualidade, feitos para durar e arrancar sorrisos. Al\u00e9m disso, s\u00e3o:<\/p>\n<p data-start=\"703\" data-end=\"857\">\u2714\ufe0f \u00danicos (ningu\u00e9m vai ter igual ao seu)<br data-start=\"743\" data-end=\"746\" \/>\u2714\ufe0f Criativos (\u00f3timos para presentear!)<br data-start=\"784\" data-end=\"787\" \/>\u2714\ufe0f Funcionais (cabem em qualquer lugar e garantem firmeza ao aparelho)<\/p>\n<p data-start=\"859\" data-end=\"1022\">\ud83c\udf81 D\u00ea um toque divertido \u00e0 sua mesa, ao seu setup ou at\u00e9 ao seu cantinho de estudos.<br data-start=\"943\" data-end=\"946\" \/>Transforme algo comum em algo com <strong data-start=\"980\" data-end=\"1021\">estilo, atitude e muita personalidade<\/strong>.<\/p>\n<p data-start=\"1024\" data-end=\"1164\">\ud83d\udc49 Compre agora e leve mais do que um suporte: leve uma pe\u00e7a de conversa, um item de decora\u00e7\u00e3o e um toque de originalidade no seu dia a dia.<\/p>\n<p data-start=\"1166\" data-end=\"1243\">#Sanfel3D #SuporteDiferenciado #Impress\u00e3o3D #DesignCriativo #PresentePerfeito<\/p>\n","protected":false},"excerpt":{"rendered":"<p>\ud83d\udcf1\u2728 Seu celular merece um trono \u2014 e n\u00e3o qualquer um.Chega de suportes sem gra\u00e7a que parecem todos iguais! Apresentamos os suportes 3D da SANFEL, onde funcionalidade encontra personalidade. \ud83c\udf5f Uma lata de refrigerante segurando seu celular? Sim!\ud83e\udd4a Uma luva de box mantendo ele em p\u00e9 enquanto voc\u00ea maratona sua s\u00e9rie? Tamb\u00e9m temos!\ud83c\udf5f Um cone [&hellip;]<\/p>\n","protected":false},"featured_media":93885,"comment_status":"open","ping_status":"closed","template":"","meta":[],"product_brand":[],"product_cat":[22],"product_tag":[6071],"class_list":{"0":"post-378170","1":"product","2":"type-product","3":"status-publish","4":"has-post-thumbnail","6":"product_cat-gadgets","7":"product_tag-suporte-para-celular","9":"first","10":"instock","11":"taxable","12":"shipping-taxable","13":"purchasable","14":"product-type-simple"},"yoast_head":"<!-- This site is optimized with the Yoast SEO plugin v25.1 - https:\/\/yoast.com\/wordpress\/plugins\/seo\/ -->\n<title>Suporte para celular tipo lata amassada - MyStore - By STLFLIX<\/title>\n<meta name=\"robots\" content=\"index, follow, max-snippet:-1, max-image-preview:large, max-video-preview:-1\" \/>\n<link rel=\"canonical\" href=\"https:\/\/www.testeminhalojamandela.biz\/product\/pop-the-top-phone-holder-6846edbdb107e\/\" \/>\n<meta property=\"og:locale\" content=\"es_ES\" \/>\n<meta property=\"og:type\" content=\"article\" \/>\n<meta property=\"og:title\" content=\"Suporte para celular tipo lata amassada - MyStore - By STLFLIX\" \/>\n<meta property=\"og:description\" content=\"\ud83d\udcf1\u2728 Seu celular merece um trono \u2014 e n\u00e3o qualquer um.Chega de suportes sem gra\u00e7a que parecem todos iguais! Apresentamos os suportes 3D da SANFEL, onde funcionalidade encontra personalidade. \ud83c\udf5f Uma lata de refrigerante segurando seu celular? Sim!\ud83e\udd4a Uma luva de box mantendo ele em p\u00e9 enquanto voc\u00ea maratona sua s\u00e9rie? Tamb\u00e9m temos!\ud83c\udf5f Um cone [&hellip;]\" \/>\n<meta property=\"og:url\" content=\"https:\/\/www.testeminhalojamandela.biz\/product\/pop-the-top-phone-holder-6846edbdb107e\/\" \/>\n<meta property=\"og:site_name\" content=\"MyStore - By STLFLIX\" \/>\n<meta property=\"article:publisher\" content=\"https:\/\/www.facebook.com\/STLFLIX\" \/>\n<meta property=\"article:modified_time\" content=\"2025-06-09T19:12:49+00:00\" \/>\n<meta property=\"og:image\" content=\"https:\/\/www.testeminhalojamandela.biz\/wp-content\/uploads\/2024\/09\/Pop_the_Top_Phone_Holder_thumb_93d194989a.jpg\" \/>\n\t<meta property=\"og:image:width\" content=\"1080\" \/>\n\t<meta property=\"og:image:height\" content=\"1350\" \/>\n\t<meta property=\"og:image:type\" content=\"image\/jpeg\" \/>\n<meta name=\"twitter:card\" content=\"summary_large_image\" \/>\n<meta name=\"twitter:label1\" content=\"Est. reading time\" \/>\n\t<meta name=\"twitter:data1\" content=\"1 minute\" \/>\n<script type=\"application\/ld+json\" class=\"yoast-schema-graph\">{\"@context\":\"https:\/\/schema.org\",\"@graph\":[{\"@type\":\"WebPage\",\"@id\":\"https:\/\/www.testeminhalojamandela.biz\/product\/pop-the-top-phone-holder-6846edbdb107e\/\",\"url\":\"https:\/\/www.testeminhalojamandela.biz\/product\/pop-the-top-phone-holder-6846edbdb107e\/\",\"name\":\"Suporte para celular tipo lata amassada - MyStore - By STLFLIX\",\"isPartOf\":{\"@id\":\"https:\/\/my.stlflix.com\/fr\/#website\"},\"primaryImageOfPage\":{\"@id\":\"https:\/\/www.testeminhalojamandela.biz\/product\/pop-the-top-phone-holder-6846edbdb107e\/#primaryimage\"},\"image\":{\"@id\":\"https:\/\/www.testeminhalojamandela.biz\/product\/pop-the-top-phone-holder-6846edbdb107e\/#primaryimage\"},\"thumbnailUrl\":\"https:\/\/my.stlflix.com\/wp-content\/uploads\/2024\/09\/Pop_the_Top_Phone_Holder_thumb_93d194989a.jpg\",\"datePublished\":\"2025-06-09T15:11:26+00:00\",\"dateModified\":\"2025-06-09T19:12:49+00:00\",\"breadcrumb\":{\"@id\":\"https:\/\/www.testeminhalojamandela.biz\/product\/pop-the-top-phone-holder-6846edbdb107e\/#breadcrumb\"},\"inLanguage\":\"es-ES\",\"potentialAction\":[{\"@type\":\"ReadAction\",\"target\":[\"https:\/\/www.testeminhalojamandela.biz\/product\/pop-the-top-phone-holder-6846edbdb107e\/\"]}]},{\"@type\":\"ImageObject\",\"inLanguage\":\"es-ES\",\"@id\":\"https:\/\/www.testeminhalojamandela.biz\/product\/pop-the-top-phone-holder-6846edbdb107e\/#primaryimage\",\"url\":\"https:\/\/my.stlflix.com\/wp-content\/uploads\/2024\/09\/Pop_the_Top_Phone_Holder_thumb_93d194989a.jpg\",\"contentUrl\":\"https:\/\/my.stlflix.com\/wp-content\/uploads\/2024\/09\/Pop_the_Top_Phone_Holder_thumb_93d194989a.jpg\",\"width\":1080,\"height\":1350},{\"@type\":\"BreadcrumbList\",\"@id\":\"https:\/\/www.testeminhalojamandela.biz\/product\/pop-the-top-phone-holder-6846edbdb107e\/#breadcrumb\",\"itemListElement\":[{\"@type\":\"ListItem\",\"position\":1,\"name\":\"Home\",\"item\":\"https:\/\/my.stlflix.com\/\"},{\"@type\":\"ListItem\",\"position\":2,\"name\":\"Products\",\"item\":\"https:\/\/www.lojadomandela3d.biz\/shop\/\"},{\"@type\":\"ListItem\",\"position\":3,\"name\":\"Suporte para celular tipo lata amassada\"}]},{\"@type\":\"WebSite\",\"@id\":\"https:\/\/my.stlflix.com\/fr\/#website\",\"url\":\"https:\/\/my.stlflix.com\/fr\/\",\"name\":\"MyStore - By STLFLIX\",\"description\":\"\",\"publisher\":{\"@id\":\"https:\/\/my.stlflix.com\/fr\/#organization\"},\"potentialAction\":[{\"@type\":\"SearchAction\",\"target\":{\"@type\":\"EntryPoint\",\"urlTemplate\":\"https:\/\/my.stlflix.com\/fr\/?s={search_term_string}\"},\"query-input\":{\"@type\":\"PropertyValueSpecification\",\"valueRequired\":true,\"valueName\":\"search_term_string\"}}],\"inLanguage\":\"es-ES\"},{\"@type\":\"Organization\",\"@id\":\"https:\/\/my.stlflix.com\/fr\/#organization\",\"name\":\"MyStore - By STLFLIX\",\"url\":\"https:\/\/my.stlflix.com\/fr\/\",\"logo\":{\"@type\":\"ImageObject\",\"inLanguage\":\"es-ES\",\"@id\":\"https:\/\/my.stlflix.com\/fr\/#\/schema\/logo\/image\/\",\"url\":\"https:\/\/my.stlflix.com\/wp-content\/uploads\/2024\/06\/logo-mystore.png\",\"contentUrl\":\"https:\/\/my.stlflix.com\/wp-content\/uploads\/2024\/06\/logo-mystore.png\",\"width\":150,\"height\":41,\"caption\":\"MyStore - By STLFLIX\"},\"image\":{\"@id\":\"https:\/\/my.stlflix.com\/fr\/#\/schema\/logo\/image\/\"},\"sameAs\":[\"https:\/\/www.facebook.com\/STLFLIX\",\"https:\/\/www.instagram.com\/stlflix_\/\",\"https:\/\/www.tiktok.com\/@stlflix\"]}]}<\/script>\n<!-- \/ Yoast SEO plugin. -->","yoast_head_json":{"title":"Suporte para celular tipo lata amassada - MyStore - By STLFLIX","robots":{"index":"index","follow":"follow","max-snippet":"max-snippet:-1","max-image-preview":"max-image-preview:large","max-video-preview":"max-video-preview:-1"},"canonical":"https:\/\/www.testeminhalojamandela.biz\/product\/pop-the-top-phone-holder-6846edbdb107e\/","og_locale":"es_ES","og_type":"article","og_title":"Suporte para celular tipo lata amassada - MyStore - By STLFLIX","og_description":"\ud83d\udcf1\u2728 Seu celular merece um trono \u2014 e n\u00e3o qualquer um.Chega de suportes sem gra\u00e7a que parecem todos iguais! Apresentamos os suportes 3D da SANFEL, onde funcionalidade encontra personalidade. \ud83c\udf5f Uma lata de refrigerante segurando seu celular? Sim!\ud83e\udd4a Uma luva de box mantendo ele em p\u00e9 enquanto voc\u00ea maratona sua s\u00e9rie? Tamb\u00e9m temos!\ud83c\udf5f Um cone [&hellip;]","og_url":"https:\/\/www.testeminhalojamandela.biz\/product\/pop-the-top-phone-holder-6846edbdb107e\/","og_site_name":"MyStore - By STLFLIX","article_publisher":"https:\/\/www.facebook.com\/STLFLIX","article_modified_time":"2025-06-09T19:12:49+00:00","og_image":[{"width":1080,"height":1350,"url":"https:\/\/www.testeminhalojamandela.biz\/wp-content\/uploads\/2024\/09\/Pop_the_Top_Phone_Holder_thumb_93d194989a.jpg","type":"image\/jpeg"}],"twitter_card":"summary_large_image","twitter_misc":{"Est. reading time":"1 minute"},"schema":{"@context":"https:\/\/schema.org","@graph":[{"@type":"WebPage","@id":"https:\/\/www.testeminhalojamandela.biz\/product\/pop-the-top-phone-holder-6846edbdb107e\/","url":"https:\/\/www.testeminhalojamandela.biz\/product\/pop-the-top-phone-holder-6846edbdb107e\/","name":"Suporte para celular tipo lata amassada - MyStore - By STLFLIX","isPartOf":{"@id":"https:\/\/my.stlflix.com\/fr\/#website"},"primaryImageOfPage":{"@id":"https:\/\/www.testeminhalojamandela.biz\/product\/pop-the-top-phone-holder-6846edbdb107e\/#primaryimage"},"image":{"@id":"https:\/\/www.testeminhalojamandela.biz\/product\/pop-the-top-phone-holder-6846edbdb107e\/#primaryimage"},"thumbnailUrl":"https:\/\/my.stlflix.com\/wp-content\/uploads\/2024\/09\/Pop_the_Top_Phone_Holder_thumb_93d194989a.jpg","datePublished":"2025-06-09T15:11:26+00:00","dateModified":"2025-06-09T19:12:49+00:00","breadcrumb":{"@id":"https:\/\/www.testeminhalojamandela.biz\/product\/pop-the-top-phone-holder-6846edbdb107e\/#breadcrumb"},"inLanguage":"es-ES","potentialAction":[{"@type":"ReadAction","target":["https:\/\/www.testeminhalojamandela.biz\/product\/pop-the-top-phone-holder-6846edbdb107e\/"]}]},{"@type":"ImageObject","inLanguage":"es-ES","@id":"https:\/\/www.testeminhalojamandela.biz\/product\/pop-the-top-phone-holder-6846edbdb107e\/#primaryimage","url":"https:\/\/my.stlflix.com\/wp-content\/uploads\/2024\/09\/Pop_the_Top_Phone_Holder_thumb_93d194989a.jpg","contentUrl":"https:\/\/my.stlflix.com\/wp-content\/uploads\/2024\/09\/Pop_the_Top_Phone_Holder_thumb_93d194989a.jpg","width":1080,"height":1350},{"@type":"BreadcrumbList","@id":"https:\/\/www.testeminhalojamandela.biz\/product\/pop-the-top-phone-holder-6846edbdb107e\/#breadcrumb","itemListElement":[{"@type":"ListItem","position":1,"name":"Home","item":"https:\/\/my.stlflix.com\/"},{"@type":"ListItem","position":2,"name":"Products","item":"https:\/\/www.lojadomandela3d.biz\/shop\/"},{"@type":"ListItem","position":3,"name":"Suporte para celular tipo lata amassada"}]},{"@type":"WebSite","@id":"https:\/\/my.stlflix.com\/fr\/#website","url":"https:\/\/my.stlflix.com\/fr\/","name":"MyStore - By STLFLIX","description":"","publisher":{"@id":"https:\/\/my.stlflix.com\/fr\/#organization"},"potentialAction":[{"@type":"SearchAction","target":{"@type":"EntryPoint","urlTemplate":"https:\/\/my.stlflix.com\/fr\/?s={search_term_string}"},"query-input":{"@type":"PropertyValueSpecification","valueRequired":true,"valueName":"search_term_string"}}],"inLanguage":"es-ES"},{"@type":"Organization","@id":"https:\/\/my.stlflix.com\/fr\/#organization","name":"MyStore - By STLFLIX","url":"https:\/\/my.stlflix.com\/fr\/","logo":{"@type":"ImageObject","inLanguage":"es-ES","@id":"https:\/\/my.stlflix.com\/fr\/#\/schema\/logo\/image\/","url":"https:\/\/my.stlflix.com\/wp-content\/uploads\/2024\/06\/logo-mystore.png","contentUrl":"https:\/\/my.stlflix.com\/wp-content\/uploads\/2024\/06\/logo-mystore.png","width":150,"height":41,"caption":"MyStore - By STLFLIX"},"image":{"@id":"https:\/\/my.stlflix.com\/fr\/#\/schema\/logo\/image\/"},"sameAs":["https:\/\/www.facebook.com\/STLFLIX","https:\/\/www.instagram.com\/stlflix_\/","https:\/\/www.tiktok.com\/@stlflix"]}]}},"_links":{"self":[{"href":"https:\/\/my.stlflix.com\/es\/wp-json\/wp\/v2\/product\/378170","targetHints":{"allow":["GET"]}}],"collection":[{"href":"https:\/\/my.stlflix.com\/es\/wp-json\/wp\/v2\/product"}],"about":[{"href":"https:\/\/my.stlflix.com\/es\/wp-json\/wp\/v2\/types\/product"}],"replies":[{"embeddable":true,"href":"https:\/\/my.stlflix.com\/es\/wp-json\/wp\/v2\/comments?post=378170"}],"wp:featuredmedia":[{"embeddable":true,"href":"https:\/\/my.stlflix.com\/es\/wp-json\/wp\/v2\/media\/93885"}],"wp:attachment":[{"href":"https:\/\/my.stlflix.com\/es\/wp-json\/wp\/v2\/media?parent=378170"}],"wp:term":[{"taxonomy":"product_brand","embeddable":true,"href":"https:\/\/my.stlflix.com\/es\/wp-json\/wp\/v2\/product_brand?post=378170"},{"taxonomy":"product_cat","embeddable":true,"href":"https:\/\/my.stlflix.com\/es\/wp-json\/wp\/v2\/product_cat?post=378170"},{"taxonomy":"product_tag","embeddable":true,"href":"https:\/\/my.stlflix.com\/es\/wp-json\/wp\/v2\/product_tag?post=378170"}],"curies":[{"name":"wp","href":"https:\/\/api.w.org\/{rel}","templated":true}]}}