{"id":378456,"date":"2025-06-10T13:01:47","date_gmt":"2025-06-10T13:01:47","guid":{"rendered":"https:\/\/my.stlflix.com\/?post_type=product&#038;p=378456"},"modified":"2025-06-11T02:17:00","modified_gmt":"2025-06-11T02:17:00","slug":"kit-suportes-de-espelhos-p-127mm-e-s-25mm-tubo-de-150mm-telescopios-diy","status":"publish","type":"product","link":"https:\/\/my.stlflix.com\/es\/product\/kit-suportes-de-espelhos-p-127mm-e-s-25mm-tubo-de-150mm-telescopios-diy\/","title":{"rendered":"Kit Suportes de Espelhos P. 127mm e S. 25mm &#8211; Tubo de 150mm &#8211; Telesc\u00f3pios DIY"},"content":{"rendered":"<h3 data-start=\"185\" data-end=\"301\"><strong data-start=\"193\" data-end=\"301\"><span style=\"vertical-align: inherit\">Kit de Suportes para Espelhos de Telesc\u00f3pio \u2013 Espelho Prim\u00e1rio 127mm e Secund\u00e1rio 25mm | Para Tubo 150mm<\/span><\/strong><\/h3>\n<p data-start=\"303\" data-end=\"322\"><strong data-start=\"303\" data-end=\"322\"><span style=\"vertical-align: inherit\">Itens inclusos:<\/span><\/strong><\/p>\n<ul data-start=\"323\" data-end=\"550\">\n<li data-start=\"323\" data-end=\"374\">\n<p data-start=\"325\" data-end=\"374\"><span style=\"vertical-align: inherit\">Suporte\/base para espelho prim\u00e1rio de <\/span><strong data-start=\"363\" data-end=\"372\"><span style=\"vertical-align: inherit\">127mm<\/span><\/strong><\/p>\n<\/li>\n<li data-start=\"375\" data-end=\"433\">\n<p data-start=\"377\" data-end=\"433\"><span style=\"vertical-align: inherit\">Aranha com suporte para espelho secund\u00e1rio de <\/span><strong data-start=\"423\" data-end=\"431\"><span style=\"vertical-align: inherit\">25mm<\/span><\/strong><\/p>\n<\/li>\n<li data-start=\"434\" data-end=\"491\">\n<p data-start=\"436\" data-end=\"491\"><span style=\"vertical-align: inherit\">Suporte de fixa\u00e7\u00e3o para tubo de <\/span><strong data-start=\"468\" data-end=\"489\"><span style=\"vertical-align: inherit\">150mm de di\u00e2metro<\/span><\/strong><\/p>\n<\/li>\n<li data-start=\"492\" data-end=\"520\">\n<p data-start=\"494\" data-end=\"520\"><span style=\"vertical-align: inherit\">Conjunto com <\/span><strong data-start=\"507\" data-end=\"518\"><span style=\"vertical-align: inherit\">3 molas<\/span><\/strong><\/p>\n<\/li>\n<li data-start=\"521\" data-end=\"550\">\n<p data-start=\"523\" data-end=\"550\"><strong data-start=\"523\" data-end=\"536\"><span style=\"vertical-align: inherit\">Parafusos<\/span><\/strong><span style=\"vertical-align: inherit\"> para montagem<\/span><\/p>\n<\/li>\n<\/ul>\n<hr data-start=\"552\" data-end=\"555\" \/>\n<p data-start=\"557\" data-end=\"751\"><strong data-start=\"557\" data-end=\"570\"><span style=\"vertical-align: inherit\">Material:<\/span><\/strong><span style=\"vertical-align: inherit\"> PETG (impress\u00e3o 3D) <\/span><br data-start=\"590\" data-end=\"593\" \/><strong data-start=\"593\" data-end=\"613\"><span style=\"vertical-align: inherit\">Caracter\u00edsticas:<\/span><\/strong><span style=\"vertical-align: inherit\"> Estrutura leve, resistente e de f\u00e1cil adapta\u00e7\u00e3o. Ideal para projetos de telesc\u00f3pios newtonianos no estilo ATM (Amateur Telescope Making).<\/span><\/p>\n<hr data-start=\"753\" data-end=\"756\" \/>\n<p data-start=\"758\" data-end=\"785\"><strong data-start=\"758\" data-end=\"785\"><span style=\"vertical-align: inherit\">Instru\u00e7\u00f5es de montagem:<\/span><\/strong><\/p>\n<ul data-start=\"786\" data-end=\"1246\">\n<li data-start=\"786\" data-end=\"930\">\n<p data-start=\"788\" data-end=\"930\"><span style=\"vertical-align: inherit\">Para fixar o <\/span><strong data-start=\"801\" data-end=\"821\"><span style=\"vertical-align: inherit\">espelho prim\u00e1rio<\/span><\/strong><span style=\"vertical-align: inherit\"> , utilize <\/span><strong data-start=\"831\" data-end=\"850\"><span style=\"vertical-align: inherit\">fita dupla face<\/span><\/strong><span style=\"vertical-align: inherit\"> sob o espelho e, em seguida, aperte os parafusos das presilhas com modera\u00e7\u00e3o.<\/span><\/p>\n<\/li>\n<li data-start=\"931\" data-end=\"1026\">\n<p data-start=\"933\" data-end=\"1026\"><span style=\"vertical-align: inherit\">Certifique-se de que o espelho est\u00e1 bem preso antes de instalar o suporte no tubo de 150mm.<\/span><\/p>\n<\/li>\n<\/ul>\n<p><strong><span style=\"vertical-align: inherit\">Observa\u00e7\u00f5es importantes:<\/span><\/strong><br \/>\n<span style=\"vertical-align: inherit\"> Compat\u00edvel com projetos de telesc\u00f3pios <\/span><strong data-start=\"1431\" data-end=\"1443\"><span style=\"vertical-align: inherit\">caseiros<\/span><\/strong><span style=\"vertical-align: inherit\"> , modelos Newtonianos com espelho de <\/span><strong data-start=\"1480\" data-end=\"1501\"><span style=\"vertical-align: inherit\">127mm de abertura e tubo de 150mm de di\u00e2metro.<\/span><\/strong><\/p>\n","protected":false},"excerpt":{"rendered":"<p>Kit de Suportes para Espelhos de Telesc\u00f3pio \u2013 Espelho Prim\u00e1rio 127mm e Secund\u00e1rio 25mm | Para Tubo 150mm Itens inclusos: Suporte\/base para espelho prim\u00e1rio de 127mm Aranha com suporte para espelho secund\u00e1rio de 25mm Suporte de fixa\u00e7\u00e3o para tubo de 150mm de di\u00e2metro Conjunto com 3 molas Parafusos para montagem Material: PETG (impress\u00e3o 3D) Caracter\u00edsticas: [&hellip;]<\/p>\n","protected":false},"featured_media":378832,"comment_status":"open","ping_status":"closed","template":"","meta":[],"product_brand":[],"product_cat":[15],"product_tag":[6073],"class_list":{"0":"post-378456","1":"product","2":"type-product","3":"status-publish","4":"has-post-thumbnail","6":"product_cat-uncategorized","7":"product_tag-suporte-espelho","9":"first","10":"instock","11":"shipping-taxable","12":"purchasable","13":"product-type-simple"},"yoast_head":"<!-- This site is optimized with the Yoast SEO plugin v25.1 - https:\/\/yoast.com\/wordpress\/plugins\/seo\/ -->\n<title>Kit Suportes de Espelhos P. 127mm e S. 25mm - Tubo de 150mm - Telesc\u00f3pios DIY - MyStore - By STLFLIX<\/title>\n<meta name=\"robots\" content=\"index, follow, max-snippet:-1, max-image-preview:large, max-video-preview:-1\" \/>\n<link rel=\"canonical\" href=\"https:\/\/my.stlflix.com\/product\/kit-suportes-de-espelhos-p-127mm-e-s-25mm-tubo-de-150mm-telescopios-diy\/\" \/>\n<meta property=\"og:locale\" content=\"es_ES\" \/>\n<meta property=\"og:type\" content=\"article\" \/>\n<meta property=\"og:title\" content=\"Kit Suportes de Espelhos P. 127mm e S. 25mm - Tubo de 150mm - Telesc\u00f3pios DIY - MyStore - By STLFLIX\" \/>\n<meta property=\"og:description\" content=\"Kit de Suportes para Espelhos de Telesc\u00f3pio \u2013 Espelho Prim\u00e1rio 127mm e Secund\u00e1rio 25mm | Para Tubo 150mm Itens inclusos: Suporte\/base para espelho prim\u00e1rio de 127mm Aranha com suporte para espelho secund\u00e1rio de 25mm Suporte de fixa\u00e7\u00e3o para tubo de 150mm de di\u00e2metro Conjunto com 3 molas Parafusos para montagem Material: PETG (impress\u00e3o 3D) Caracter\u00edsticas: [&hellip;]\" \/>\n<meta property=\"og:url\" content=\"https:\/\/my.stlflix.com\/product\/kit-suportes-de-espelhos-p-127mm-e-s-25mm-tubo-de-150mm-telescopios-diy\/\" \/>\n<meta property=\"og:site_name\" content=\"MyStore - By STLFLIX\" \/>\n<meta property=\"article:publisher\" content=\"https:\/\/www.facebook.com\/STLFLIX\" \/>\n<meta property=\"article:modified_time\" content=\"2025-06-11T02:17:00+00:00\" \/>\n<meta property=\"og:image\" content=\"https:\/\/my.stlflix.com\/wp-content\/uploads\/2025\/06\/150mm-primario-1-1.png\" \/>\n\t<meta property=\"og:image:width\" content=\"1080\" \/>\n\t<meta property=\"og:image:height\" content=\"1080\" \/>\n\t<meta property=\"og:image:type\" content=\"image\/png\" \/>\n<meta name=\"twitter:card\" content=\"summary_large_image\" \/>\n<meta name=\"twitter:label1\" content=\"Est. reading time\" \/>\n\t<meta name=\"twitter:data1\" content=\"1 minute\" \/>\n<script type=\"application\/ld+json\" class=\"yoast-schema-graph\">{\"@context\":\"https:\/\/schema.org\",\"@graph\":[{\"@type\":\"WebPage\",\"@id\":\"https:\/\/my.stlflix.com\/product\/kit-suportes-de-espelhos-p-127mm-e-s-25mm-tubo-de-150mm-telescopios-diy\/\",\"url\":\"https:\/\/my.stlflix.com\/product\/kit-suportes-de-espelhos-p-127mm-e-s-25mm-tubo-de-150mm-telescopios-diy\/\",\"name\":\"Kit Suportes de Espelhos P. 127mm e S. 25mm - Tubo de 150mm - Telesc\u00f3pios DIY - MyStore - By STLFLIX\",\"isPartOf\":{\"@id\":\"https:\/\/my.stlflix.com\/#website\"},\"primaryImageOfPage\":{\"@id\":\"https:\/\/my.stlflix.com\/product\/kit-suportes-de-espelhos-p-127mm-e-s-25mm-tubo-de-150mm-telescopios-diy\/#primaryimage\"},\"image\":{\"@id\":\"https:\/\/my.stlflix.com\/product\/kit-suportes-de-espelhos-p-127mm-e-s-25mm-tubo-de-150mm-telescopios-diy\/#primaryimage\"},\"thumbnailUrl\":\"https:\/\/my.stlflix.com\/wp-content\/uploads\/2025\/06\/150mm-primario-1-1.png\",\"datePublished\":\"2025-06-10T13:01:47+00:00\",\"dateModified\":\"2025-06-11T02:17:00+00:00\",\"breadcrumb\":{\"@id\":\"https:\/\/my.stlflix.com\/product\/kit-suportes-de-espelhos-p-127mm-e-s-25mm-tubo-de-150mm-telescopios-diy\/#breadcrumb\"},\"inLanguage\":\"es-ES\",\"potentialAction\":[{\"@type\":\"ReadAction\",\"target\":[\"https:\/\/my.stlflix.com\/product\/kit-suportes-de-espelhos-p-127mm-e-s-25mm-tubo-de-150mm-telescopios-diy\/\"]}]},{\"@type\":\"ImageObject\",\"inLanguage\":\"es-ES\",\"@id\":\"https:\/\/my.stlflix.com\/product\/kit-suportes-de-espelhos-p-127mm-e-s-25mm-tubo-de-150mm-telescopios-diy\/#primaryimage\",\"url\":\"https:\/\/my.stlflix.com\/wp-content\/uploads\/2025\/06\/150mm-primario-1-1.png\",\"contentUrl\":\"https:\/\/my.stlflix.com\/wp-content\/uploads\/2025\/06\/150mm-primario-1-1.png\",\"width\":1080,\"height\":1080,\"caption\":\"Kit de suportes para espelho prim\u00e1rio de 127mm e aranha para espelho secund\u00e1rio, compat\u00edveis com tubo de 150mm para telesc\u00f3pio newtoniano.\"},{\"@type\":\"BreadcrumbList\",\"@id\":\"https:\/\/my.stlflix.com\/product\/kit-suportes-de-espelhos-p-127mm-e-s-25mm-tubo-de-150mm-telescopios-diy\/#breadcrumb\",\"itemListElement\":[{\"@type\":\"ListItem\",\"position\":1,\"name\":\"Home\",\"item\":\"https:\/\/www.stlflix-store.com\/\"},{\"@type\":\"ListItem\",\"position\":2,\"name\":\"Products\",\"item\":\"https:\/\/www.stlflix-store.com\/shop\/\"},{\"@type\":\"ListItem\",\"position\":3,\"name\":\"Kit Suportes de Espelhos P. 127mm e S. 25mm &#8211; Tubo de 150mm &#8211; Telesc\u00f3pios DIY\"}]},{\"@type\":\"WebSite\",\"@id\":\"https:\/\/my.stlflix.com\/#website\",\"url\":\"https:\/\/my.stlflix.com\/\",\"name\":\"MyStore - By STLFLIX\",\"description\":\"\",\"publisher\":{\"@id\":\"https:\/\/my.stlflix.com\/#organization\"},\"potentialAction\":[{\"@type\":\"SearchAction\",\"target\":{\"@type\":\"EntryPoint\",\"urlTemplate\":\"https:\/\/my.stlflix.com\/?s={search_term_string}\"},\"query-input\":{\"@type\":\"PropertyValueSpecification\",\"valueRequired\":true,\"valueName\":\"search_term_string\"}}],\"inLanguage\":\"es-ES\"},{\"@type\":\"Organization\",\"@id\":\"https:\/\/my.stlflix.com\/#organization\",\"name\":\"MyStore - By STLFLIX\",\"url\":\"https:\/\/my.stlflix.com\/\",\"logo\":{\"@type\":\"ImageObject\",\"inLanguage\":\"es-ES\",\"@id\":\"https:\/\/my.stlflix.com\/#\/schema\/logo\/image\/\",\"url\":\"https:\/\/my.stlflix.com\/wp-content\/uploads\/2024\/06\/logo-mystore.png\",\"contentUrl\":\"https:\/\/my.stlflix.com\/wp-content\/uploads\/2024\/06\/logo-mystore.png\",\"width\":150,\"height\":41,\"caption\":\"MyStore - By STLFLIX\"},\"image\":{\"@id\":\"https:\/\/my.stlflix.com\/#\/schema\/logo\/image\/\"},\"sameAs\":[\"https:\/\/www.facebook.com\/STLFLIX\",\"https:\/\/www.instagram.com\/stlflix_\/\",\"https:\/\/www.tiktok.com\/@stlflix\"]}]}<\/script>\n<!-- \/ Yoast SEO plugin. -->","yoast_head_json":{"title":"Kit Suportes de Espelhos P. 127mm e S. 25mm - Tubo de 150mm - Telesc\u00f3pios DIY - MyStore - By STLFLIX","robots":{"index":"index","follow":"follow","max-snippet":"max-snippet:-1","max-image-preview":"max-image-preview:large","max-video-preview":"max-video-preview:-1"},"canonical":"https:\/\/my.stlflix.com\/product\/kit-suportes-de-espelhos-p-127mm-e-s-25mm-tubo-de-150mm-telescopios-diy\/","og_locale":"es_ES","og_type":"article","og_title":"Kit Suportes de Espelhos P. 127mm e S. 25mm - Tubo de 150mm - Telesc\u00f3pios DIY - MyStore - By STLFLIX","og_description":"Kit de Suportes para Espelhos de Telesc\u00f3pio \u2013 Espelho Prim\u00e1rio 127mm e Secund\u00e1rio 25mm | Para Tubo 150mm Itens inclusos: Suporte\/base para espelho prim\u00e1rio de 127mm Aranha com suporte para espelho secund\u00e1rio de 25mm Suporte de fixa\u00e7\u00e3o para tubo de 150mm de di\u00e2metro Conjunto com 3 molas Parafusos para montagem Material: PETG (impress\u00e3o 3D) Caracter\u00edsticas: [&hellip;]","og_url":"https:\/\/my.stlflix.com\/product\/kit-suportes-de-espelhos-p-127mm-e-s-25mm-tubo-de-150mm-telescopios-diy\/","og_site_name":"MyStore - By STLFLIX","article_publisher":"https:\/\/www.facebook.com\/STLFLIX","article_modified_time":"2025-06-11T02:17:00+00:00","og_image":[{"width":1080,"height":1080,"url":"https:\/\/my.stlflix.com\/wp-content\/uploads\/2025\/06\/150mm-primario-1-1.png","type":"image\/png"}],"twitter_card":"summary_large_image","twitter_misc":{"Est. reading time":"1 minute"},"schema":{"@context":"https:\/\/schema.org","@graph":[{"@type":"WebPage","@id":"https:\/\/my.stlflix.com\/product\/kit-suportes-de-espelhos-p-127mm-e-s-25mm-tubo-de-150mm-telescopios-diy\/","url":"https:\/\/my.stlflix.com\/product\/kit-suportes-de-espelhos-p-127mm-e-s-25mm-tubo-de-150mm-telescopios-diy\/","name":"Kit Suportes de Espelhos P. 127mm e S. 25mm - Tubo de 150mm - Telesc\u00f3pios DIY - MyStore - By STLFLIX","isPartOf":{"@id":"https:\/\/my.stlflix.com\/#website"},"primaryImageOfPage":{"@id":"https:\/\/my.stlflix.com\/product\/kit-suportes-de-espelhos-p-127mm-e-s-25mm-tubo-de-150mm-telescopios-diy\/#primaryimage"},"image":{"@id":"https:\/\/my.stlflix.com\/product\/kit-suportes-de-espelhos-p-127mm-e-s-25mm-tubo-de-150mm-telescopios-diy\/#primaryimage"},"thumbnailUrl":"https:\/\/my.stlflix.com\/wp-content\/uploads\/2025\/06\/150mm-primario-1-1.png","datePublished":"2025-06-10T13:01:47+00:00","dateModified":"2025-06-11T02:17:00+00:00","breadcrumb":{"@id":"https:\/\/my.stlflix.com\/product\/kit-suportes-de-espelhos-p-127mm-e-s-25mm-tubo-de-150mm-telescopios-diy\/#breadcrumb"},"inLanguage":"es-ES","potentialAction":[{"@type":"ReadAction","target":["https:\/\/my.stlflix.com\/product\/kit-suportes-de-espelhos-p-127mm-e-s-25mm-tubo-de-150mm-telescopios-diy\/"]}]},{"@type":"ImageObject","inLanguage":"es-ES","@id":"https:\/\/my.stlflix.com\/product\/kit-suportes-de-espelhos-p-127mm-e-s-25mm-tubo-de-150mm-telescopios-diy\/#primaryimage","url":"https:\/\/my.stlflix.com\/wp-content\/uploads\/2025\/06\/150mm-primario-1-1.png","contentUrl":"https:\/\/my.stlflix.com\/wp-content\/uploads\/2025\/06\/150mm-primario-1-1.png","width":1080,"height":1080,"caption":"Kit de suportes para espelho prim\u00e1rio de 127mm e aranha para espelho secund\u00e1rio, compat\u00edveis com tubo de 150mm para telesc\u00f3pio newtoniano."},{"@type":"BreadcrumbList","@id":"https:\/\/my.stlflix.com\/product\/kit-suportes-de-espelhos-p-127mm-e-s-25mm-tubo-de-150mm-telescopios-diy\/#breadcrumb","itemListElement":[{"@type":"ListItem","position":1,"name":"Home","item":"https:\/\/www.stlflix-store.com\/"},{"@type":"ListItem","position":2,"name":"Products","item":"https:\/\/www.stlflix-store.com\/shop\/"},{"@type":"ListItem","position":3,"name":"Kit Suportes de Espelhos P. 127mm e S. 25mm &#8211; Tubo de 150mm &#8211; Telesc\u00f3pios DIY"}]},{"@type":"WebSite","@id":"https:\/\/my.stlflix.com\/#website","url":"https:\/\/my.stlflix.com\/","name":"MyStore - By STLFLIX","description":"","publisher":{"@id":"https:\/\/my.stlflix.com\/#organization"},"potentialAction":[{"@type":"SearchAction","target":{"@type":"EntryPoint","urlTemplate":"https:\/\/my.stlflix.com\/?s={search_term_string}"},"query-input":{"@type":"PropertyValueSpecification","valueRequired":true,"valueName":"search_term_string"}}],"inLanguage":"es-ES"},{"@type":"Organization","@id":"https:\/\/my.stlflix.com\/#organization","name":"MyStore - By STLFLIX","url":"https:\/\/my.stlflix.com\/","logo":{"@type":"ImageObject","inLanguage":"es-ES","@id":"https:\/\/my.stlflix.com\/#\/schema\/logo\/image\/","url":"https:\/\/my.stlflix.com\/wp-content\/uploads\/2024\/06\/logo-mystore.png","contentUrl":"https:\/\/my.stlflix.com\/wp-content\/uploads\/2024\/06\/logo-mystore.png","width":150,"height":41,"caption":"MyStore - By STLFLIX"},"image":{"@id":"https:\/\/my.stlflix.com\/#\/schema\/logo\/image\/"},"sameAs":["https:\/\/www.facebook.com\/STLFLIX","https:\/\/www.instagram.com\/stlflix_\/","https:\/\/www.tiktok.com\/@stlflix"]}]}},"_links":{"self":[{"href":"https:\/\/my.stlflix.com\/es\/wp-json\/wp\/v2\/product\/378456","targetHints":{"allow":["GET"]}}],"collection":[{"href":"https:\/\/my.stlflix.com\/es\/wp-json\/wp\/v2\/product"}],"about":[{"href":"https:\/\/my.stlflix.com\/es\/wp-json\/wp\/v2\/types\/product"}],"replies":[{"embeddable":true,"href":"https:\/\/my.stlflix.com\/es\/wp-json\/wp\/v2\/comments?post=378456"}],"wp:featuredmedia":[{"embeddable":true,"href":"https:\/\/my.stlflix.com\/es\/wp-json\/wp\/v2\/media\/378832"}],"wp:attachment":[{"href":"https:\/\/my.stlflix.com\/es\/wp-json\/wp\/v2\/media?parent=378456"}],"wp:term":[{"taxonomy":"product_brand","embeddable":true,"href":"https:\/\/my.stlflix.com\/es\/wp-json\/wp\/v2\/product_brand?post=378456"},{"taxonomy":"product_cat","embeddable":true,"href":"https:\/\/my.stlflix.com\/es\/wp-json\/wp\/v2\/product_cat?post=378456"},{"taxonomy":"product_tag","embeddable":true,"href":"https:\/\/my.stlflix.com\/es\/wp-json\/wp\/v2\/product_tag?post=378456"}],"curies":[{"name":"wp","href":"https:\/\/api.w.org\/{rel}","templated":true}]}}