{"id":380615,"date":"2025-06-13T00:25:53","date_gmt":"2025-06-13T00:25:53","guid":{"rendered":"https:\/\/my.stlflix.com\/?post_type=product&#038;p=380615"},"modified":"2025-06-13T19:44:09","modified_gmt":"2025-06-13T19:44:09","slug":"genderless-couples-sculptures-684b6f489c682","status":"publish","type":"product","link":"https:\/\/my.stlflix.com\/es\/product\/genderless-couples-sculptures-684b6f489c682\/","title":{"rendered":"Esculturas de casais sem g\u00eanero &#8211; Customiz\u00e1vel"},"content":{"rendered":"<p>Se voc\u00ea gosta de simplicidade e n\u00e3o quer atrapalhar tanto a decora\u00e7\u00e3o moderna da sua casa, uma Escultura de Casais sem G\u00eanero \u00e9 o que voc\u00ea procura.<\/p>\n<p>Tamb\u00e9m dispon\u00edvel em tr\u00eas modelos diferentes.<\/p>\n","protected":false},"excerpt":{"rendered":"<p>Se voc\u00ea gosta de simplicidade e n\u00e3o quer atrapalhar tanto a decora\u00e7\u00e3o moderna da sua casa, uma Escultura de Casais sem G\u00eanero \u00e9 o que voc\u00ea procura. Tamb\u00e9m dispon\u00edvel em tr\u00eas modelos diferentes.<\/p>\n","protected":false},"featured_media":8146,"comment_status":"open","ping_status":"closed","template":"","meta":[],"product_brand":[],"product_cat":[34],"product_tag":[6083,1407,6082],"class_list":{"0":"post-380615","1":"product","2":"type-product","3":"status-publish","4":"has-post-thumbnail","6":"product_cat-customizables","7":"product_tag-customizavel-2","8":"product_tag-decoracoes","9":"product_tag-para-presentear","11":"first","12":"onbackorder","13":"taxable","14":"shipping-taxable","15":"purchasable","16":"product-type-simple"},"yoast_head":"<!-- This site is optimized with the Yoast SEO plugin v25.1 - https:\/\/yoast.com\/wordpress\/plugins\/seo\/ -->\n<title>Esculturas de casais sem g\u00eanero - Customiz\u00e1vel - MyStore - By STLFLIX<\/title>\n<meta name=\"robots\" content=\"index, follow, max-snippet:-1, max-image-preview:large, max-video-preview:-1\" \/>\n<link rel=\"canonical\" href=\"https:\/\/my.stlflix.com\/product\/genderless-couples-sculptures-684b6f489c682\/\" \/>\n<meta property=\"og:locale\" content=\"es_ES\" \/>\n<meta property=\"og:type\" content=\"article\" \/>\n<meta property=\"og:title\" content=\"Esculturas de casais sem g\u00eanero - Customiz\u00e1vel - MyStore - By STLFLIX\" \/>\n<meta property=\"og:description\" content=\"Se voc\u00ea gosta de simplicidade e n\u00e3o quer atrapalhar tanto a decora\u00e7\u00e3o moderna da sua casa, uma Escultura de Casais sem G\u00eanero \u00e9 o que voc\u00ea procura. Tamb\u00e9m dispon\u00edvel em tr\u00eas modelos diferentes.\" \/>\n<meta property=\"og:url\" content=\"https:\/\/my.stlflix.com\/product\/genderless-couples-sculptures-684b6f489c682\/\" \/>\n<meta property=\"og:site_name\" content=\"MyStore - By STLFLIX\" \/>\n<meta property=\"article:publisher\" content=\"https:\/\/www.facebook.com\/STLFLIX\" \/>\n<meta property=\"article:modified_time\" content=\"2025-06-13T19:44:09+00:00\" \/>\n<meta property=\"og:image\" content=\"https:\/\/my.stlflix.com\/wp-content\/uploads\/2024\/03\/feed_1cc12fd271.webp\" \/>\n\t<meta property=\"og:image:width\" content=\"1080\" \/>\n\t<meta property=\"og:image:height\" content=\"1350\" \/>\n\t<meta property=\"og:image:type\" content=\"image\/webp\" \/>\n<meta name=\"twitter:card\" content=\"summary_large_image\" \/>\n<script type=\"application\/ld+json\" class=\"yoast-schema-graph\">{\"@context\":\"https:\/\/schema.org\",\"@graph\":[{\"@type\":\"WebPage\",\"@id\":\"https:\/\/my.stlflix.com\/product\/genderless-couples-sculptures-684b6f489c682\/\",\"url\":\"https:\/\/my.stlflix.com\/product\/genderless-couples-sculptures-684b6f489c682\/\",\"name\":\"Esculturas de casais sem g\u00eanero - Customiz\u00e1vel - MyStore - By STLFLIX\",\"isPartOf\":{\"@id\":\"https:\/\/my.stlflix.com\/#website\"},\"primaryImageOfPage\":{\"@id\":\"https:\/\/my.stlflix.com\/product\/genderless-couples-sculptures-684b6f489c682\/#primaryimage\"},\"image\":{\"@id\":\"https:\/\/my.stlflix.com\/product\/genderless-couples-sculptures-684b6f489c682\/#primaryimage\"},\"thumbnailUrl\":\"https:\/\/my.stlflix.com\/wp-content\/uploads\/2024\/03\/feed_1cc12fd271.webp\",\"datePublished\":\"2025-06-13T00:25:53+00:00\",\"dateModified\":\"2025-06-13T19:44:09+00:00\",\"breadcrumb\":{\"@id\":\"https:\/\/my.stlflix.com\/product\/genderless-couples-sculptures-684b6f489c682\/#breadcrumb\"},\"inLanguage\":\"es-ES\",\"potentialAction\":[{\"@type\":\"ReadAction\",\"target\":[\"https:\/\/my.stlflix.com\/product\/genderless-couples-sculptures-684b6f489c682\/\"]}]},{\"@type\":\"ImageObject\",\"inLanguage\":\"es-ES\",\"@id\":\"https:\/\/my.stlflix.com\/product\/genderless-couples-sculptures-684b6f489c682\/#primaryimage\",\"url\":\"https:\/\/my.stlflix.com\/wp-content\/uploads\/2024\/03\/feed_1cc12fd271.webp\",\"contentUrl\":\"https:\/\/my.stlflix.com\/wp-content\/uploads\/2024\/03\/feed_1cc12fd271.webp\",\"width\":1080,\"height\":1350},{\"@type\":\"BreadcrumbList\",\"@id\":\"https:\/\/my.stlflix.com\/product\/genderless-couples-sculptures-684b6f489c682\/#breadcrumb\",\"itemListElement\":[{\"@type\":\"ListItem\",\"position\":1,\"name\":\"Home\",\"item\":\"https:\/\/www.stlflix-store.com\/\"},{\"@type\":\"ListItem\",\"position\":2,\"name\":\"Products\",\"item\":\"https:\/\/www.stlflix-store.com\/shop\/\"},{\"@type\":\"ListItem\",\"position\":3,\"name\":\"Esculturas de casais sem g\u00eanero &#8211; Customiz\u00e1vel\"}]},{\"@type\":\"WebSite\",\"@id\":\"https:\/\/my.stlflix.com\/#website\",\"url\":\"https:\/\/my.stlflix.com\/\",\"name\":\"MyStore - By STLFLIX\",\"description\":\"\",\"publisher\":{\"@id\":\"https:\/\/my.stlflix.com\/#organization\"},\"potentialAction\":[{\"@type\":\"SearchAction\",\"target\":{\"@type\":\"EntryPoint\",\"urlTemplate\":\"https:\/\/my.stlflix.com\/?s={search_term_string}\"},\"query-input\":{\"@type\":\"PropertyValueSpecification\",\"valueRequired\":true,\"valueName\":\"search_term_string\"}}],\"inLanguage\":\"es-ES\"},{\"@type\":\"Organization\",\"@id\":\"https:\/\/my.stlflix.com\/#organization\",\"name\":\"MyStore - By STLFLIX\",\"url\":\"https:\/\/my.stlflix.com\/\",\"logo\":{\"@type\":\"ImageObject\",\"inLanguage\":\"es-ES\",\"@id\":\"https:\/\/my.stlflix.com\/#\/schema\/logo\/image\/\",\"url\":\"https:\/\/my.stlflix.com\/wp-content\/uploads\/2024\/06\/logo-mystore.png\",\"contentUrl\":\"https:\/\/my.stlflix.com\/wp-content\/uploads\/2024\/06\/logo-mystore.png\",\"width\":150,\"height\":41,\"caption\":\"MyStore - By STLFLIX\"},\"image\":{\"@id\":\"https:\/\/my.stlflix.com\/#\/schema\/logo\/image\/\"},\"sameAs\":[\"https:\/\/www.facebook.com\/STLFLIX\",\"https:\/\/www.instagram.com\/stlflix_\/\",\"https:\/\/www.tiktok.com\/@stlflix\"]}]}<\/script>\n<!-- \/ Yoast SEO plugin. -->","yoast_head_json":{"title":"Esculturas de casais sem g\u00eanero - Customiz\u00e1vel - MyStore - By STLFLIX","robots":{"index":"index","follow":"follow","max-snippet":"max-snippet:-1","max-image-preview":"max-image-preview:large","max-video-preview":"max-video-preview:-1"},"canonical":"https:\/\/my.stlflix.com\/product\/genderless-couples-sculptures-684b6f489c682\/","og_locale":"es_ES","og_type":"article","og_title":"Esculturas de casais sem g\u00eanero - Customiz\u00e1vel - MyStore - By STLFLIX","og_description":"Se voc\u00ea gosta de simplicidade e n\u00e3o quer atrapalhar tanto a decora\u00e7\u00e3o moderna da sua casa, uma Escultura de Casais sem G\u00eanero \u00e9 o que voc\u00ea procura. Tamb\u00e9m dispon\u00edvel em tr\u00eas modelos diferentes.","og_url":"https:\/\/my.stlflix.com\/product\/genderless-couples-sculptures-684b6f489c682\/","og_site_name":"MyStore - By STLFLIX","article_publisher":"https:\/\/www.facebook.com\/STLFLIX","article_modified_time":"2025-06-13T19:44:09+00:00","og_image":[{"width":1080,"height":1350,"url":"https:\/\/my.stlflix.com\/wp-content\/uploads\/2024\/03\/feed_1cc12fd271.webp","type":"image\/webp"}],"twitter_card":"summary_large_image","schema":{"@context":"https:\/\/schema.org","@graph":[{"@type":"WebPage","@id":"https:\/\/my.stlflix.com\/product\/genderless-couples-sculptures-684b6f489c682\/","url":"https:\/\/my.stlflix.com\/product\/genderless-couples-sculptures-684b6f489c682\/","name":"Esculturas de casais sem g\u00eanero - Customiz\u00e1vel - MyStore - By STLFLIX","isPartOf":{"@id":"https:\/\/my.stlflix.com\/#website"},"primaryImageOfPage":{"@id":"https:\/\/my.stlflix.com\/product\/genderless-couples-sculptures-684b6f489c682\/#primaryimage"},"image":{"@id":"https:\/\/my.stlflix.com\/product\/genderless-couples-sculptures-684b6f489c682\/#primaryimage"},"thumbnailUrl":"https:\/\/my.stlflix.com\/wp-content\/uploads\/2024\/03\/feed_1cc12fd271.webp","datePublished":"2025-06-13T00:25:53+00:00","dateModified":"2025-06-13T19:44:09+00:00","breadcrumb":{"@id":"https:\/\/my.stlflix.com\/product\/genderless-couples-sculptures-684b6f489c682\/#breadcrumb"},"inLanguage":"es-ES","potentialAction":[{"@type":"ReadAction","target":["https:\/\/my.stlflix.com\/product\/genderless-couples-sculptures-684b6f489c682\/"]}]},{"@type":"ImageObject","inLanguage":"es-ES","@id":"https:\/\/my.stlflix.com\/product\/genderless-couples-sculptures-684b6f489c682\/#primaryimage","url":"https:\/\/my.stlflix.com\/wp-content\/uploads\/2024\/03\/feed_1cc12fd271.webp","contentUrl":"https:\/\/my.stlflix.com\/wp-content\/uploads\/2024\/03\/feed_1cc12fd271.webp","width":1080,"height":1350},{"@type":"BreadcrumbList","@id":"https:\/\/my.stlflix.com\/product\/genderless-couples-sculptures-684b6f489c682\/#breadcrumb","itemListElement":[{"@type":"ListItem","position":1,"name":"Home","item":"https:\/\/www.stlflix-store.com\/"},{"@type":"ListItem","position":2,"name":"Products","item":"https:\/\/www.stlflix-store.com\/shop\/"},{"@type":"ListItem","position":3,"name":"Esculturas de casais sem g\u00eanero &#8211; Customiz\u00e1vel"}]},{"@type":"WebSite","@id":"https:\/\/my.stlflix.com\/#website","url":"https:\/\/my.stlflix.com\/","name":"MyStore - By STLFLIX","description":"","publisher":{"@id":"https:\/\/my.stlflix.com\/#organization"},"potentialAction":[{"@type":"SearchAction","target":{"@type":"EntryPoint","urlTemplate":"https:\/\/my.stlflix.com\/?s={search_term_string}"},"query-input":{"@type":"PropertyValueSpecification","valueRequired":true,"valueName":"search_term_string"}}],"inLanguage":"es-ES"},{"@type":"Organization","@id":"https:\/\/my.stlflix.com\/#organization","name":"MyStore - By STLFLIX","url":"https:\/\/my.stlflix.com\/","logo":{"@type":"ImageObject","inLanguage":"es-ES","@id":"https:\/\/my.stlflix.com\/#\/schema\/logo\/image\/","url":"https:\/\/my.stlflix.com\/wp-content\/uploads\/2024\/06\/logo-mystore.png","contentUrl":"https:\/\/my.stlflix.com\/wp-content\/uploads\/2024\/06\/logo-mystore.png","width":150,"height":41,"caption":"MyStore - By STLFLIX"},"image":{"@id":"https:\/\/my.stlflix.com\/#\/schema\/logo\/image\/"},"sameAs":["https:\/\/www.facebook.com\/STLFLIX","https:\/\/www.instagram.com\/stlflix_\/","https:\/\/www.tiktok.com\/@stlflix"]}]}},"_links":{"self":[{"href":"https:\/\/my.stlflix.com\/es\/wp-json\/wp\/v2\/product\/380615","targetHints":{"allow":["GET"]}}],"collection":[{"href":"https:\/\/my.stlflix.com\/es\/wp-json\/wp\/v2\/product"}],"about":[{"href":"https:\/\/my.stlflix.com\/es\/wp-json\/wp\/v2\/types\/product"}],"replies":[{"embeddable":true,"href":"https:\/\/my.stlflix.com\/es\/wp-json\/wp\/v2\/comments?post=380615"}],"wp:featuredmedia":[{"embeddable":true,"href":"https:\/\/my.stlflix.com\/es\/wp-json\/wp\/v2\/media\/8146"}],"wp:attachment":[{"href":"https:\/\/my.stlflix.com\/es\/wp-json\/wp\/v2\/media?parent=380615"}],"wp:term":[{"taxonomy":"product_brand","embeddable":true,"href":"https:\/\/my.stlflix.com\/es\/wp-json\/wp\/v2\/product_brand?post=380615"},{"taxonomy":"product_cat","embeddable":true,"href":"https:\/\/my.stlflix.com\/es\/wp-json\/wp\/v2\/product_cat?post=380615"},{"taxonomy":"product_tag","embeddable":true,"href":"https:\/\/my.stlflix.com\/es\/wp-json\/wp\/v2\/product_tag?post=380615"}],"curies":[{"name":"wp","href":"https:\/\/api.w.org\/{rel}","templated":true}]}}