{"id":384301,"date":"2025-06-17T20:35:11","date_gmt":"2025-06-17T20:35:11","guid":{"rendered":"https:\/\/my.stlflix.com\/?post_type=product&#038;p=384301"},"modified":"2025-06-17T20:43:45","modified_gmt":"2025-06-17T20:43:45","slug":"printipop-3d-druck-henry-hai-grau-beweglich","status":"publish","type":"product","link":"https:\/\/my.stlflix.com\/es\/product\/printipop-3d-druck-henry-hai-grau-beweglich\/","title":{"rendered":"Printipop 3D Druck Henry Hai grau beweglich"},"content":{"rendered":"<h2 id=\"h1-henry-hai--bewegliche-3d-gedruckte-haifigur-aus\" class=\"mb-2 mt-6 text-base font-[500] first:mt-0 md:text-lg dark:font-[475] [hr+&amp;]:mt-4\">Henry Hai \u2013 Bewegliche 3D-gedruckte Haifigur aus PLA kaufen<\/h2>\n<h2 id=\"h2-was-macht-den-henry-hai-besonders\" class=\"mb-2 mt-6 text-base font-[500] first:mt-0 md:text-lg dark:font-[475] [hr+&amp;]:mt-4\">Was macht den Henry Hai besonders?<\/h2>\n<p class=\"my-0\">Tauche ein in die faszinierende Welt des Henry Hai \u2013 eine liebevoll gestaltete, bewegliche Haifigur, komplett aus PLA im 3D-Druckverfahren hergestellt. Jeder Henry Hai ist ein Unikat, das durch seine nat\u00fcrliche Beweglichkeit begeistert und sowohl f\u00fcr Kinder als auch f\u00fcr Erwachsene ein tolles Sammlerst\u00fcck oder Deko-Objekt darstellt.<\/p>\n<p class=\"my-0\">Unsere Henry Hai Figur ist nicht nur ein kreatives Geschenk, sondern auch ein echter Blickfang f\u00fcr jede Vitrine oder das Kinderzimmer. Dank des robusten und umweltfreundlichen PLA-Materials ist Henry Hai besonders langlebig und sicher im Gebrauch. Die beweglichen Flossen und der Schwanz bieten zahlreiche Spiel- und Gestaltungsm\u00f6glichkeiten \u2013 ideal f\u00fcr alle, die das Besondere und Einzigartige lieben.<\/p>\n","protected":false},"excerpt":{"rendered":"<p>Henry Hai \u2013 Bewegliche 3D-gedruckte Haifigur aus PLA kaufen Was macht den Henry Hai besonders? Tauche ein in die faszinierende Welt des Henry Hai \u2013 eine liebevoll gestaltete, bewegliche Haifigur, komplett aus PLA im 3D-Druckverfahren hergestellt. Jeder Henry Hai ist ein Unikat, das durch seine nat\u00fcrliche Beweglichkeit begeistert und sowohl f\u00fcr Kinder als auch f\u00fcr [&hellip;]<\/p>\n","protected":false},"featured_media":384215,"comment_status":"open","ping_status":"closed","template":"","meta":[],"product_brand":[],"product_cat":[15],"product_tag":[5781],"class_list":{"0":"post-384301","1":"product","2":"type-product","3":"status-publish","4":"has-post-thumbnail","6":"product_cat-uncategorized","7":"product_tag-articulated-toys-2","9":"first","10":"instock","11":"taxable","12":"shipping-taxable","13":"purchasable","14":"product-type-simple"},"yoast_head":"<!-- This site is optimized with the Yoast SEO plugin v25.1 - https:\/\/yoast.com\/wordpress\/plugins\/seo\/ -->\n<title>Printipop 3D Druck Henry Hai grau beweglich - MyStore - By STLFLIX<\/title>\n<meta name=\"robots\" content=\"index, follow, max-snippet:-1, max-image-preview:large, max-video-preview:-1\" \/>\n<link rel=\"canonical\" href=\"https:\/\/my.stlflix.com\/es\/product\/printipop-3d-druck-henry-hai-grau-beweglich\/\" \/>\n<meta property=\"og:locale\" content=\"es_ES\" \/>\n<meta property=\"og:type\" content=\"article\" \/>\n<meta property=\"og:title\" content=\"Printipop 3D Druck Henry Hai grau beweglich - MyStore - By STLFLIX\" \/>\n<meta property=\"og:description\" content=\"Henry Hai \u2013 Bewegliche 3D-gedruckte Haifigur aus PLA kaufen Was macht den Henry Hai besonders? Tauche ein in die faszinierende Welt des Henry Hai \u2013 eine liebevoll gestaltete, bewegliche Haifigur, komplett aus PLA im 3D-Druckverfahren hergestellt. Jeder Henry Hai ist ein Unikat, das durch seine nat\u00fcrliche Beweglichkeit begeistert und sowohl f\u00fcr Kinder als auch f\u00fcr [&hellip;]\" \/>\n<meta property=\"og:url\" content=\"https:\/\/my.stlflix.com\/es\/product\/printipop-3d-druck-henry-hai-grau-beweglich\/\" \/>\n<meta property=\"og:site_name\" content=\"MyStore - By STLFLIX\" \/>\n<meta property=\"article:publisher\" content=\"https:\/\/www.facebook.com\/STLFLIX\" \/>\n<meta property=\"article:modified_time\" content=\"2025-06-17T20:43:45+00:00\" \/>\n<meta property=\"og:image\" content=\"https:\/\/my.stlflix.com\/wp-content\/uploads\/2025\/06\/WhatsApp-Image-2025-06-17-at-22.14.28-2.jpeg\" \/>\n\t<meta property=\"og:image:width\" content=\"1536\" \/>\n\t<meta property=\"og:image:height\" content=\"2048\" \/>\n\t<meta property=\"og:image:type\" content=\"image\/jpeg\" \/>\n<meta name=\"twitter:card\" content=\"summary_large_image\" \/>\n<meta name=\"twitter:label1\" content=\"Est. reading time\" \/>\n\t<meta name=\"twitter:data1\" content=\"1 minute\" \/>\n<script type=\"application\/ld+json\" class=\"yoast-schema-graph\">{\"@context\":\"https:\/\/schema.org\",\"@graph\":[{\"@type\":\"WebPage\",\"@id\":\"https:\/\/my.stlflix.com\/es\/product\/printipop-3d-druck-henry-hai-grau-beweglich\/\",\"url\":\"https:\/\/my.stlflix.com\/es\/product\/printipop-3d-druck-henry-hai-grau-beweglich\/\",\"name\":\"Printipop 3D Druck Henry Hai grau beweglich - MyStore - By STLFLIX\",\"isPartOf\":{\"@id\":\"https:\/\/my.stlflix.com\/#website\"},\"primaryImageOfPage\":{\"@id\":\"https:\/\/my.stlflix.com\/es\/product\/printipop-3d-druck-henry-hai-grau-beweglich\/#primaryimage\"},\"image\":{\"@id\":\"https:\/\/my.stlflix.com\/es\/product\/printipop-3d-druck-henry-hai-grau-beweglich\/#primaryimage\"},\"thumbnailUrl\":\"https:\/\/my.stlflix.com\/wp-content\/uploads\/2025\/06\/WhatsApp-Image-2025-06-17-at-22.14.28-2.jpeg\",\"datePublished\":\"2025-06-17T20:35:11+00:00\",\"dateModified\":\"2025-06-17T20:43:45+00:00\",\"breadcrumb\":{\"@id\":\"https:\/\/my.stlflix.com\/es\/product\/printipop-3d-druck-henry-hai-grau-beweglich\/#breadcrumb\"},\"inLanguage\":\"es-ES\",\"potentialAction\":[{\"@type\":\"ReadAction\",\"target\":[\"https:\/\/my.stlflix.com\/es\/product\/printipop-3d-druck-henry-hai-grau-beweglich\/\"]}]},{\"@type\":\"ImageObject\",\"inLanguage\":\"es-ES\",\"@id\":\"https:\/\/my.stlflix.com\/es\/product\/printipop-3d-druck-henry-hai-grau-beweglich\/#primaryimage\",\"url\":\"https:\/\/my.stlflix.com\/wp-content\/uploads\/2025\/06\/WhatsApp-Image-2025-06-17-at-22.14.28-2.jpeg\",\"contentUrl\":\"https:\/\/my.stlflix.com\/wp-content\/uploads\/2025\/06\/WhatsApp-Image-2025-06-17-at-22.14.28-2.jpeg\",\"width\":1536,\"height\":2048},{\"@type\":\"BreadcrumbList\",\"@id\":\"https:\/\/my.stlflix.com\/es\/product\/printipop-3d-druck-henry-hai-grau-beweglich\/#breadcrumb\",\"itemListElement\":[{\"@type\":\"ListItem\",\"position\":1,\"name\":\"Home\",\"item\":\"https:\/\/www.stlflix-store.com\/\"},{\"@type\":\"ListItem\",\"position\":2,\"name\":\"Products\",\"item\":\"https:\/\/www.stlflix-store.com\/shop\/\"},{\"@type\":\"ListItem\",\"position\":3,\"name\":\"Printipop 3D Druck Henry Hai grau beweglich\"}]},{\"@type\":\"WebSite\",\"@id\":\"https:\/\/my.stlflix.com\/#website\",\"url\":\"https:\/\/my.stlflix.com\/\",\"name\":\"MyStore - By STLFLIX\",\"description\":\"\",\"publisher\":{\"@id\":\"https:\/\/my.stlflix.com\/#organization\"},\"potentialAction\":[{\"@type\":\"SearchAction\",\"target\":{\"@type\":\"EntryPoint\",\"urlTemplate\":\"https:\/\/my.stlflix.com\/?s={search_term_string}\"},\"query-input\":{\"@type\":\"PropertyValueSpecification\",\"valueRequired\":true,\"valueName\":\"search_term_string\"}}],\"inLanguage\":\"es-ES\"},{\"@type\":\"Organization\",\"@id\":\"https:\/\/my.stlflix.com\/#organization\",\"name\":\"MyStore - By STLFLIX\",\"url\":\"https:\/\/my.stlflix.com\/\",\"logo\":{\"@type\":\"ImageObject\",\"inLanguage\":\"es-ES\",\"@id\":\"https:\/\/my.stlflix.com\/#\/schema\/logo\/image\/\",\"url\":\"https:\/\/my.stlflix.com\/wp-content\/uploads\/2024\/06\/logo-mystore.png\",\"contentUrl\":\"https:\/\/my.stlflix.com\/wp-content\/uploads\/2024\/06\/logo-mystore.png\",\"width\":150,\"height\":41,\"caption\":\"MyStore - By STLFLIX\"},\"image\":{\"@id\":\"https:\/\/my.stlflix.com\/#\/schema\/logo\/image\/\"},\"sameAs\":[\"https:\/\/www.facebook.com\/STLFLIX\",\"https:\/\/www.instagram.com\/stlflix_\/\",\"https:\/\/www.tiktok.com\/@stlflix\"]}]}<\/script>\n<!-- \/ Yoast SEO plugin. -->","yoast_head_json":{"title":"Printipop 3D Druck Henry Hai grau beweglich - MyStore - By STLFLIX","robots":{"index":"index","follow":"follow","max-snippet":"max-snippet:-1","max-image-preview":"max-image-preview:large","max-video-preview":"max-video-preview:-1"},"canonical":"https:\/\/my.stlflix.com\/es\/product\/printipop-3d-druck-henry-hai-grau-beweglich\/","og_locale":"es_ES","og_type":"article","og_title":"Printipop 3D Druck Henry Hai grau beweglich - MyStore - By STLFLIX","og_description":"Henry Hai \u2013 Bewegliche 3D-gedruckte Haifigur aus PLA kaufen Was macht den Henry Hai besonders? Tauche ein in die faszinierende Welt des Henry Hai \u2013 eine liebevoll gestaltete, bewegliche Haifigur, komplett aus PLA im 3D-Druckverfahren hergestellt. Jeder Henry Hai ist ein Unikat, das durch seine nat\u00fcrliche Beweglichkeit begeistert und sowohl f\u00fcr Kinder als auch f\u00fcr [&hellip;]","og_url":"https:\/\/my.stlflix.com\/es\/product\/printipop-3d-druck-henry-hai-grau-beweglich\/","og_site_name":"MyStore - By STLFLIX","article_publisher":"https:\/\/www.facebook.com\/STLFLIX","article_modified_time":"2025-06-17T20:43:45+00:00","og_image":[{"width":1536,"height":2048,"url":"https:\/\/my.stlflix.com\/wp-content\/uploads\/2025\/06\/WhatsApp-Image-2025-06-17-at-22.14.28-2.jpeg","type":"image\/jpeg"}],"twitter_card":"summary_large_image","twitter_misc":{"Est. reading time":"1 minute"},"schema":{"@context":"https:\/\/schema.org","@graph":[{"@type":"WebPage","@id":"https:\/\/my.stlflix.com\/es\/product\/printipop-3d-druck-henry-hai-grau-beweglich\/","url":"https:\/\/my.stlflix.com\/es\/product\/printipop-3d-druck-henry-hai-grau-beweglich\/","name":"Printipop 3D Druck Henry Hai grau beweglich - MyStore - By STLFLIX","isPartOf":{"@id":"https:\/\/my.stlflix.com\/#website"},"primaryImageOfPage":{"@id":"https:\/\/my.stlflix.com\/es\/product\/printipop-3d-druck-henry-hai-grau-beweglich\/#primaryimage"},"image":{"@id":"https:\/\/my.stlflix.com\/es\/product\/printipop-3d-druck-henry-hai-grau-beweglich\/#primaryimage"},"thumbnailUrl":"https:\/\/my.stlflix.com\/wp-content\/uploads\/2025\/06\/WhatsApp-Image-2025-06-17-at-22.14.28-2.jpeg","datePublished":"2025-06-17T20:35:11+00:00","dateModified":"2025-06-17T20:43:45+00:00","breadcrumb":{"@id":"https:\/\/my.stlflix.com\/es\/product\/printipop-3d-druck-henry-hai-grau-beweglich\/#breadcrumb"},"inLanguage":"es-ES","potentialAction":[{"@type":"ReadAction","target":["https:\/\/my.stlflix.com\/es\/product\/printipop-3d-druck-henry-hai-grau-beweglich\/"]}]},{"@type":"ImageObject","inLanguage":"es-ES","@id":"https:\/\/my.stlflix.com\/es\/product\/printipop-3d-druck-henry-hai-grau-beweglich\/#primaryimage","url":"https:\/\/my.stlflix.com\/wp-content\/uploads\/2025\/06\/WhatsApp-Image-2025-06-17-at-22.14.28-2.jpeg","contentUrl":"https:\/\/my.stlflix.com\/wp-content\/uploads\/2025\/06\/WhatsApp-Image-2025-06-17-at-22.14.28-2.jpeg","width":1536,"height":2048},{"@type":"BreadcrumbList","@id":"https:\/\/my.stlflix.com\/es\/product\/printipop-3d-druck-henry-hai-grau-beweglich\/#breadcrumb","itemListElement":[{"@type":"ListItem","position":1,"name":"Home","item":"https:\/\/www.stlflix-store.com\/"},{"@type":"ListItem","position":2,"name":"Products","item":"https:\/\/www.stlflix-store.com\/shop\/"},{"@type":"ListItem","position":3,"name":"Printipop 3D Druck Henry Hai grau beweglich"}]},{"@type":"WebSite","@id":"https:\/\/my.stlflix.com\/#website","url":"https:\/\/my.stlflix.com\/","name":"MyStore - By STLFLIX","description":"","publisher":{"@id":"https:\/\/my.stlflix.com\/#organization"},"potentialAction":[{"@type":"SearchAction","target":{"@type":"EntryPoint","urlTemplate":"https:\/\/my.stlflix.com\/?s={search_term_string}"},"query-input":{"@type":"PropertyValueSpecification","valueRequired":true,"valueName":"search_term_string"}}],"inLanguage":"es-ES"},{"@type":"Organization","@id":"https:\/\/my.stlflix.com\/#organization","name":"MyStore - By STLFLIX","url":"https:\/\/my.stlflix.com\/","logo":{"@type":"ImageObject","inLanguage":"es-ES","@id":"https:\/\/my.stlflix.com\/#\/schema\/logo\/image\/","url":"https:\/\/my.stlflix.com\/wp-content\/uploads\/2024\/06\/logo-mystore.png","contentUrl":"https:\/\/my.stlflix.com\/wp-content\/uploads\/2024\/06\/logo-mystore.png","width":150,"height":41,"caption":"MyStore - By STLFLIX"},"image":{"@id":"https:\/\/my.stlflix.com\/#\/schema\/logo\/image\/"},"sameAs":["https:\/\/www.facebook.com\/STLFLIX","https:\/\/www.instagram.com\/stlflix_\/","https:\/\/www.tiktok.com\/@stlflix"]}]}},"_links":{"self":[{"href":"https:\/\/my.stlflix.com\/es\/wp-json\/wp\/v2\/product\/384301","targetHints":{"allow":["GET"]}}],"collection":[{"href":"https:\/\/my.stlflix.com\/es\/wp-json\/wp\/v2\/product"}],"about":[{"href":"https:\/\/my.stlflix.com\/es\/wp-json\/wp\/v2\/types\/product"}],"replies":[{"embeddable":true,"href":"https:\/\/my.stlflix.com\/es\/wp-json\/wp\/v2\/comments?post=384301"}],"wp:featuredmedia":[{"embeddable":true,"href":"https:\/\/my.stlflix.com\/es\/wp-json\/wp\/v2\/media\/384215"}],"wp:attachment":[{"href":"https:\/\/my.stlflix.com\/es\/wp-json\/wp\/v2\/media?parent=384301"}],"wp:term":[{"taxonomy":"product_brand","embeddable":true,"href":"https:\/\/my.stlflix.com\/es\/wp-json\/wp\/v2\/product_brand?post=384301"},{"taxonomy":"product_cat","embeddable":true,"href":"https:\/\/my.stlflix.com\/es\/wp-json\/wp\/v2\/product_cat?post=384301"},{"taxonomy":"product_tag","embeddable":true,"href":"https:\/\/my.stlflix.com\/es\/wp-json\/wp\/v2\/product_tag?post=384301"}],"curies":[{"name":"wp","href":"https:\/\/api.w.org\/{rel}","templated":true}]}}