{"id":385195,"date":"2025-06-19T00:14:00","date_gmt":"2025-06-19T00:14:00","guid":{"rendered":"https:\/\/my.stlflix.com\/?post_type=product&#038;p=385195"},"modified":"2025-06-19T00:14:01","modified_gmt":"2025-06-19T00:14:01","slug":"silhouette-maker-685337aa3078c","status":"publish","type":"product","link":"https:\/\/my.stlflix.com\/es\/product\/silhouette-maker-685337aa3078c\/","title":{"rendered":"Criador de silhuetas"},"content":{"rendered":"<p>Se voc\u00ea est\u00e1 com a pessoa amada h\u00e1 algum tempo, \u00e9 quase certo que voc\u00ea tenha uma galeria de fotos favoritas no seu celular. De um dia especial, de um lugar especial, ou de ambos. Bem, agora voc\u00ea pode torn\u00e1-las ainda mais especiais com o Criador de silhuetas!<\/p>\n<p>(Originalmente, ele foi feito para casais, mas voc\u00ea pode fazer sobre qualquer coisa! Alguma ideia em mente?)<\/p>\n","protected":false},"excerpt":{"rendered":"<p>Se voc\u00ea est\u00e1 com a pessoa amada h\u00e1 algum tempo, \u00e9 quase certo que voc\u00ea tenha uma galeria de fotos favoritas no seu celular. De um dia especial, de um lugar especial, ou de ambos. Bem, agora voc\u00ea pode torn\u00e1-las ainda mais especiais com o Criador de silhuetas! (Originalmente, ele foi feito para casais, mas [&hellip;]<\/p>\n","protected":false},"featured_media":8034,"comment_status":"open","ping_status":"closed","template":"","meta":[],"product_brand":[],"product_cat":[34],"product_tag":[6083,6082],"class_list":{"0":"post-385195","1":"product","2":"type-product","3":"status-publish","4":"has-post-thumbnail","6":"product_cat-customizables","7":"product_tag-customizavel-2","8":"product_tag-para-presentear","10":"first","11":"onbackorder","12":"taxable","13":"shipping-taxable","14":"purchasable","15":"product-type-simple"},"yoast_head":"<!-- This site is optimized with the Yoast SEO plugin v25.1 - https:\/\/yoast.com\/wordpress\/plugins\/seo\/ -->\n<title>Criador de silhuetas - MyStore - By STLFLIX<\/title>\n<meta name=\"robots\" content=\"index, follow, max-snippet:-1, max-image-preview:large, max-video-preview:-1\" \/>\n<link rel=\"canonical\" href=\"https:\/\/my.stlflix.com\/es\/product\/silhouette-maker-685337aa3078c\/\" \/>\n<meta property=\"og:locale\" content=\"es_ES\" \/>\n<meta property=\"og:type\" content=\"article\" \/>\n<meta property=\"og:title\" content=\"Criador de silhuetas - MyStore - By STLFLIX\" \/>\n<meta property=\"og:description\" content=\"Se voc\u00ea est\u00e1 com a pessoa amada h\u00e1 algum tempo, \u00e9 quase certo que voc\u00ea tenha uma galeria de fotos favoritas no seu celular. De um dia especial, de um lugar especial, ou de ambos. Bem, agora voc\u00ea pode torn\u00e1-las ainda mais especiais com o Criador de silhuetas! (Originalmente, ele foi feito para casais, mas [&hellip;]\" \/>\n<meta property=\"og:url\" content=\"https:\/\/my.stlflix.com\/es\/product\/silhouette-maker-685337aa3078c\/\" \/>\n<meta property=\"og:site_name\" content=\"MyStore - By STLFLIX\" \/>\n<meta property=\"article:publisher\" content=\"https:\/\/www.facebook.com\/STLFLIX\" \/>\n<meta property=\"article:modified_time\" content=\"2025-06-19T00:14:01+00:00\" \/>\n<meta property=\"og:image\" content=\"https:\/\/my.stlflix.com\/wp-content\/uploads\/2024\/03\/feed_3707eba1a5.webp\" \/>\n\t<meta property=\"og:image:width\" content=\"1079\" \/>\n\t<meta property=\"og:image:height\" content=\"1350\" \/>\n\t<meta property=\"og:image:type\" content=\"image\/webp\" \/>\n<meta name=\"twitter:card\" content=\"summary_large_image\" \/>\n<script type=\"application\/ld+json\" class=\"yoast-schema-graph\">{\"@context\":\"https:\/\/schema.org\",\"@graph\":[{\"@type\":\"WebPage\",\"@id\":\"https:\/\/my.stlflix.com\/es\/product\/silhouette-maker-685337aa3078c\/\",\"url\":\"https:\/\/my.stlflix.com\/es\/product\/silhouette-maker-685337aa3078c\/\",\"name\":\"Criador de silhuetas - MyStore - By STLFLIX\",\"isPartOf\":{\"@id\":\"https:\/\/my.stlflix.com\/#website\"},\"primaryImageOfPage\":{\"@id\":\"https:\/\/my.stlflix.com\/es\/product\/silhouette-maker-685337aa3078c\/#primaryimage\"},\"image\":{\"@id\":\"https:\/\/my.stlflix.com\/es\/product\/silhouette-maker-685337aa3078c\/#primaryimage\"},\"thumbnailUrl\":\"https:\/\/my.stlflix.com\/wp-content\/uploads\/2024\/03\/feed_3707eba1a5.webp\",\"datePublished\":\"2025-06-19T00:14:00+00:00\",\"dateModified\":\"2025-06-19T00:14:01+00:00\",\"breadcrumb\":{\"@id\":\"https:\/\/my.stlflix.com\/es\/product\/silhouette-maker-685337aa3078c\/#breadcrumb\"},\"inLanguage\":\"es-ES\",\"potentialAction\":[{\"@type\":\"ReadAction\",\"target\":[\"https:\/\/my.stlflix.com\/es\/product\/silhouette-maker-685337aa3078c\/\"]}]},{\"@type\":\"ImageObject\",\"inLanguage\":\"es-ES\",\"@id\":\"https:\/\/my.stlflix.com\/es\/product\/silhouette-maker-685337aa3078c\/#primaryimage\",\"url\":\"https:\/\/my.stlflix.com\/wp-content\/uploads\/2024\/03\/feed_3707eba1a5.webp\",\"contentUrl\":\"https:\/\/my.stlflix.com\/wp-content\/uploads\/2024\/03\/feed_3707eba1a5.webp\",\"width\":1079,\"height\":1350},{\"@type\":\"BreadcrumbList\",\"@id\":\"https:\/\/my.stlflix.com\/es\/product\/silhouette-maker-685337aa3078c\/#breadcrumb\",\"itemListElement\":[{\"@type\":\"ListItem\",\"position\":1,\"name\":\"Home\",\"item\":\"https:\/\/www.stlflix-store.com\/\"},{\"@type\":\"ListItem\",\"position\":2,\"name\":\"Products\",\"item\":\"https:\/\/www.stlflix-store.com\/shop\/\"},{\"@type\":\"ListItem\",\"position\":3,\"name\":\"Criador de silhuetas\"}]},{\"@type\":\"WebSite\",\"@id\":\"https:\/\/my.stlflix.com\/#website\",\"url\":\"https:\/\/my.stlflix.com\/\",\"name\":\"MyStore - By STLFLIX\",\"description\":\"\",\"publisher\":{\"@id\":\"https:\/\/my.stlflix.com\/#organization\"},\"potentialAction\":[{\"@type\":\"SearchAction\",\"target\":{\"@type\":\"EntryPoint\",\"urlTemplate\":\"https:\/\/my.stlflix.com\/?s={search_term_string}\"},\"query-input\":{\"@type\":\"PropertyValueSpecification\",\"valueRequired\":true,\"valueName\":\"search_term_string\"}}],\"inLanguage\":\"es-ES\"},{\"@type\":\"Organization\",\"@id\":\"https:\/\/my.stlflix.com\/#organization\",\"name\":\"MyStore - By STLFLIX\",\"url\":\"https:\/\/my.stlflix.com\/\",\"logo\":{\"@type\":\"ImageObject\",\"inLanguage\":\"es-ES\",\"@id\":\"https:\/\/my.stlflix.com\/#\/schema\/logo\/image\/\",\"url\":\"https:\/\/my.stlflix.com\/wp-content\/uploads\/2024\/06\/logo-mystore.png\",\"contentUrl\":\"https:\/\/my.stlflix.com\/wp-content\/uploads\/2024\/06\/logo-mystore.png\",\"width\":150,\"height\":41,\"caption\":\"MyStore - By STLFLIX\"},\"image\":{\"@id\":\"https:\/\/my.stlflix.com\/#\/schema\/logo\/image\/\"},\"sameAs\":[\"https:\/\/www.facebook.com\/STLFLIX\",\"https:\/\/www.instagram.com\/stlflix_\/\",\"https:\/\/www.tiktok.com\/@stlflix\"]}]}<\/script>\n<!-- \/ Yoast SEO plugin. -->","yoast_head_json":{"title":"Criador de silhuetas - MyStore - By STLFLIX","robots":{"index":"index","follow":"follow","max-snippet":"max-snippet:-1","max-image-preview":"max-image-preview:large","max-video-preview":"max-video-preview:-1"},"canonical":"https:\/\/my.stlflix.com\/es\/product\/silhouette-maker-685337aa3078c\/","og_locale":"es_ES","og_type":"article","og_title":"Criador de silhuetas - MyStore - By STLFLIX","og_description":"Se voc\u00ea est\u00e1 com a pessoa amada h\u00e1 algum tempo, \u00e9 quase certo que voc\u00ea tenha uma galeria de fotos favoritas no seu celular. De um dia especial, de um lugar especial, ou de ambos. Bem, agora voc\u00ea pode torn\u00e1-las ainda mais especiais com o Criador de silhuetas! (Originalmente, ele foi feito para casais, mas [&hellip;]","og_url":"https:\/\/my.stlflix.com\/es\/product\/silhouette-maker-685337aa3078c\/","og_site_name":"MyStore - By STLFLIX","article_publisher":"https:\/\/www.facebook.com\/STLFLIX","article_modified_time":"2025-06-19T00:14:01+00:00","og_image":[{"width":1079,"height":1350,"url":"https:\/\/my.stlflix.com\/wp-content\/uploads\/2024\/03\/feed_3707eba1a5.webp","type":"image\/webp"}],"twitter_card":"summary_large_image","schema":{"@context":"https:\/\/schema.org","@graph":[{"@type":"WebPage","@id":"https:\/\/my.stlflix.com\/es\/product\/silhouette-maker-685337aa3078c\/","url":"https:\/\/my.stlflix.com\/es\/product\/silhouette-maker-685337aa3078c\/","name":"Criador de silhuetas - MyStore - By STLFLIX","isPartOf":{"@id":"https:\/\/my.stlflix.com\/#website"},"primaryImageOfPage":{"@id":"https:\/\/my.stlflix.com\/es\/product\/silhouette-maker-685337aa3078c\/#primaryimage"},"image":{"@id":"https:\/\/my.stlflix.com\/es\/product\/silhouette-maker-685337aa3078c\/#primaryimage"},"thumbnailUrl":"https:\/\/my.stlflix.com\/wp-content\/uploads\/2024\/03\/feed_3707eba1a5.webp","datePublished":"2025-06-19T00:14:00+00:00","dateModified":"2025-06-19T00:14:01+00:00","breadcrumb":{"@id":"https:\/\/my.stlflix.com\/es\/product\/silhouette-maker-685337aa3078c\/#breadcrumb"},"inLanguage":"es-ES","potentialAction":[{"@type":"ReadAction","target":["https:\/\/my.stlflix.com\/es\/product\/silhouette-maker-685337aa3078c\/"]}]},{"@type":"ImageObject","inLanguage":"es-ES","@id":"https:\/\/my.stlflix.com\/es\/product\/silhouette-maker-685337aa3078c\/#primaryimage","url":"https:\/\/my.stlflix.com\/wp-content\/uploads\/2024\/03\/feed_3707eba1a5.webp","contentUrl":"https:\/\/my.stlflix.com\/wp-content\/uploads\/2024\/03\/feed_3707eba1a5.webp","width":1079,"height":1350},{"@type":"BreadcrumbList","@id":"https:\/\/my.stlflix.com\/es\/product\/silhouette-maker-685337aa3078c\/#breadcrumb","itemListElement":[{"@type":"ListItem","position":1,"name":"Home","item":"https:\/\/www.stlflix-store.com\/"},{"@type":"ListItem","position":2,"name":"Products","item":"https:\/\/www.stlflix-store.com\/shop\/"},{"@type":"ListItem","position":3,"name":"Criador de silhuetas"}]},{"@type":"WebSite","@id":"https:\/\/my.stlflix.com\/#website","url":"https:\/\/my.stlflix.com\/","name":"MyStore - By STLFLIX","description":"","publisher":{"@id":"https:\/\/my.stlflix.com\/#organization"},"potentialAction":[{"@type":"SearchAction","target":{"@type":"EntryPoint","urlTemplate":"https:\/\/my.stlflix.com\/?s={search_term_string}"},"query-input":{"@type":"PropertyValueSpecification","valueRequired":true,"valueName":"search_term_string"}}],"inLanguage":"es-ES"},{"@type":"Organization","@id":"https:\/\/my.stlflix.com\/#organization","name":"MyStore - By STLFLIX","url":"https:\/\/my.stlflix.com\/","logo":{"@type":"ImageObject","inLanguage":"es-ES","@id":"https:\/\/my.stlflix.com\/#\/schema\/logo\/image\/","url":"https:\/\/my.stlflix.com\/wp-content\/uploads\/2024\/06\/logo-mystore.png","contentUrl":"https:\/\/my.stlflix.com\/wp-content\/uploads\/2024\/06\/logo-mystore.png","width":150,"height":41,"caption":"MyStore - By STLFLIX"},"image":{"@id":"https:\/\/my.stlflix.com\/#\/schema\/logo\/image\/"},"sameAs":["https:\/\/www.facebook.com\/STLFLIX","https:\/\/www.instagram.com\/stlflix_\/","https:\/\/www.tiktok.com\/@stlflix"]}]}},"_links":{"self":[{"href":"https:\/\/my.stlflix.com\/es\/wp-json\/wp\/v2\/product\/385195","targetHints":{"allow":["GET"]}}],"collection":[{"href":"https:\/\/my.stlflix.com\/es\/wp-json\/wp\/v2\/product"}],"about":[{"href":"https:\/\/my.stlflix.com\/es\/wp-json\/wp\/v2\/types\/product"}],"replies":[{"embeddable":true,"href":"https:\/\/my.stlflix.com\/es\/wp-json\/wp\/v2\/comments?post=385195"}],"wp:featuredmedia":[{"embeddable":true,"href":"https:\/\/my.stlflix.com\/es\/wp-json\/wp\/v2\/media\/8034"}],"wp:attachment":[{"href":"https:\/\/my.stlflix.com\/es\/wp-json\/wp\/v2\/media?parent=385195"}],"wp:term":[{"taxonomy":"product_brand","embeddable":true,"href":"https:\/\/my.stlflix.com\/es\/wp-json\/wp\/v2\/product_brand?post=385195"},{"taxonomy":"product_cat","embeddable":true,"href":"https:\/\/my.stlflix.com\/es\/wp-json\/wp\/v2\/product_cat?post=385195"},{"taxonomy":"product_tag","embeddable":true,"href":"https:\/\/my.stlflix.com\/es\/wp-json\/wp\/v2\/product_tag?post=385195"}],"curies":[{"name":"wp","href":"https:\/\/api.w.org\/{rel}","templated":true}]}}