{"id":386576,"date":"2025-06-20T07:25:54","date_gmt":"2025-06-20T07:25:54","guid":{"rendered":"https:\/\/my.stlflix.com\/?post_type=product&#038;p=386576"},"modified":"2025-06-20T08:17:29","modified_gmt":"2025-06-20T08:17:29","slug":"deadly-dose-keychain-pill-holder-685509a863c9c","status":"publish","type":"product","link":"https:\/\/my.stlflix.com\/es\/product\/deadly-dose-keychain-pill-holder-685509a863c9c\/","title":{"rendered":"Porta rem\u00e9dio Chaveiro Deadly dose"},"content":{"rendered":"<h2 data-start=\"130\" data-end=\"216\">\ud83d\udc80 <strong data-start=\"133\" data-end=\"175\">Porta-Comprimidos Deadly dose<\/strong> \ud83d\udc80<\/h2>\n<h3 data-start=\"130\" data-end=\"216\">Leve estilo e praticidade com voc\u00ea!<\/h3>\n<p data-start=\"218\" data-end=\"471\">Este porta comprimidos em formato de caveira \u00e9 perfeito para quem gosta de unir funcionalidade com personalidade. Compacto e discreto, ele pode ser usado como chaveiro, facilitando o transporte de seus rem\u00e9dios, vitaminas ou at\u00e9 pequenos objetos do dia a dia.<\/p>\n<p data-start=\"473\" data-end=\"672\">\u2705 Design divertido e estiloso em formato de caveira<br data-start=\"524\" data-end=\"527\" \/>\u2705 Ideal para levar comprimidos na bolsa, mochila ou no chaveiro<br data-start=\"590\" data-end=\"593\" \/>\u2705 Leve, resistente e f\u00e1cil de abrir<br data-start=\"628\" data-end=\"631\" \/>\u2705 \u00d3timo para uso di\u00e1rio ou viagens curtas<\/p>\n<p data-start=\"674\" data-end=\"734\">Leve o que voc\u00ea precisa com voc\u00ea, com estilo e praticidade!<\/p>\n","protected":false},"excerpt":{"rendered":"<p>\ud83d\udc80 Porta-Comprimidos Deadly dose \ud83d\udc80 Leve estilo e praticidade com voc\u00ea! Este porta comprimidos em formato de caveira \u00e9 perfeito para quem gosta de unir funcionalidade com personalidade. Compacto e discreto, ele pode ser usado como chaveiro, facilitando o transporte de seus rem\u00e9dios, vitaminas ou at\u00e9 pequenos objetos do dia a dia. \u2705 Design divertido [&hellip;]<\/p>\n","protected":false},"featured_media":386659,"comment_status":"open","ping_status":"closed","template":"","meta":[],"product_brand":[],"product_cat":[15],"product_tag":[820],"class_list":{"0":"post-386576","1":"product","2":"type-product","3":"status-publish","4":"has-post-thumbnail","6":"product_cat-uncategorized","7":"product_tag-chaveiros","9":"first","10":"onbackorder","11":"purchasable","12":"product-type-simple"},"yoast_head":"<!-- This site is optimized with the Yoast SEO plugin v25.1 - https:\/\/yoast.com\/wordpress\/plugins\/seo\/ -->\n<title>Porta rem\u00e9dio Chaveiro Deadly dose<\/title>\n<meta name=\"description\" content=\"\ud83d\udc80 Porta-Comprimidos Deadly dose \ud83d\udc80 Leve estilo e praticidade com voc\u00ea! Este porta comprimidos em formato de caveira \u00e9 perfeito para quem gosta de unir funcionalidade com personalidade. Compacto e discreto, ele pode ser usado como chaveiro, facilitando o transporte de seus rem\u00e9dios, vitaminas ou at\u00e9 pequenos objetos do dia a dia. \u2705 Design divertido e estiloso em formato de caveira \u2705 Ideal para levar comprimidos na bolsa, mochila ou no chaveiro \u2705 Leve, resistente e f\u00e1cil de abrir \u2705 \u00d3timo para uso di\u00e1rio ou viagens curtas Leve o que voc\u00ea precisa com voc\u00ea, com estilo e praticidade! - Porta rem\u00e9dio Chaveiro Deadly dose MyStore - By STLFLIX\" \/>\n<meta name=\"robots\" content=\"index, follow, max-snippet:-1, max-image-preview:large, max-video-preview:-1\" \/>\n<link rel=\"canonical\" href=\"https:\/\/my.stlflix.com\/es\/product\/deadly-dose-keychain-pill-holder-685509a863c9c\/\" \/>\n<meta property=\"og:locale\" content=\"es_ES\" \/>\n<meta property=\"og:type\" content=\"article\" \/>\n<meta property=\"og:title\" content=\"Porta rem\u00e9dio Chaveiro Deadly dose\" \/>\n<meta property=\"og:description\" content=\"\ud83d\udc80 Porta-Comprimidos Deadly dose \ud83d\udc80 Leve estilo e praticidade com voc\u00ea! Este porta comprimidos em formato de caveira \u00e9 perfeito para quem gosta de unir funcionalidade com personalidade. Compacto e discreto, ele pode ser usado como chaveiro, facilitando o transporte de seus rem\u00e9dios, vitaminas ou at\u00e9 pequenos objetos do dia a dia. \u2705 Design divertido e estiloso em formato de caveira \u2705 Ideal para levar comprimidos na bolsa, mochila ou no chaveiro \u2705 Leve, resistente e f\u00e1cil de abrir \u2705 \u00d3timo para uso di\u00e1rio ou viagens curtas Leve o que voc\u00ea precisa com voc\u00ea, com estilo e praticidade! - Porta rem\u00e9dio Chaveiro Deadly dose MyStore - By STLFLIX\" \/>\n<meta property=\"og:url\" content=\"https:\/\/my.stlflix.com\/es\/product\/deadly-dose-keychain-pill-holder-685509a863c9c\/\" \/>\n<meta property=\"og:site_name\" content=\"MyStore - By STLFLIX\" \/>\n<meta property=\"article:publisher\" content=\"https:\/\/www.facebook.com\/STLFLIX\" \/>\n<meta property=\"article:modified_time\" content=\"2025-06-20T08:17:29+00:00\" \/>\n<meta property=\"og:image\" content=\"https:\/\/my.stlflix.com\/wp-content\/uploads\/2025\/06\/Deadly_Dose_pill_holderthumb_efa6a59396.webp\" \/>\n\t<meta property=\"og:image:width\" content=\"400\" \/>\n\t<meta property=\"og:image:height\" content=\"499\" \/>\n\t<meta property=\"og:image:type\" content=\"image\/webp\" \/>\n<meta name=\"twitter:card\" content=\"summary_large_image\" \/>\n<script type=\"application\/ld+json\" class=\"yoast-schema-graph\">{\"@context\":\"https:\/\/schema.org\",\"@graph\":[{\"@type\":\"WebPage\",\"@id\":\"https:\/\/my.stlflix.com\/es\/product\/deadly-dose-keychain-pill-holder-685509a863c9c\/\",\"url\":\"https:\/\/my.stlflix.com\/es\/product\/deadly-dose-keychain-pill-holder-685509a863c9c\/\",\"name\":\"Porta rem\u00e9dio Chaveiro Deadly dose\",\"isPartOf\":{\"@id\":\"https:\/\/my.stlflix.com\/#website\"},\"primaryImageOfPage\":{\"@id\":\"https:\/\/my.stlflix.com\/es\/product\/deadly-dose-keychain-pill-holder-685509a863c9c\/#primaryimage\"},\"image\":{\"@id\":\"https:\/\/my.stlflix.com\/es\/product\/deadly-dose-keychain-pill-holder-685509a863c9c\/#primaryimage\"},\"thumbnailUrl\":\"https:\/\/my.stlflix.com\/wp-content\/uploads\/2025\/06\/Deadly_Dose_pill_holderthumb_efa6a59396.webp\",\"datePublished\":\"2025-06-20T07:25:54+00:00\",\"dateModified\":\"2025-06-20T08:17:29+00:00\",\"description\":\"\ud83d\udc80 Porta-Comprimidos Deadly dose \ud83d\udc80 Leve estilo e praticidade com voc\u00ea! Este porta comprimidos em formato de caveira \u00e9 perfeito para quem gosta de unir funcionalidade com personalidade. Compacto e discreto, ele pode ser usado como chaveiro, facilitando o transporte de seus rem\u00e9dios, vitaminas ou at\u00e9 pequenos objetos do dia a dia. \u2705 Design divertido e estiloso em formato de caveira \u2705 Ideal para levar comprimidos na bolsa, mochila ou no chaveiro \u2705 Leve, resistente e f\u00e1cil de abrir \u2705 \u00d3timo para uso di\u00e1rio ou viagens curtas Leve o que voc\u00ea precisa com voc\u00ea, com estilo e praticidade! - Porta rem\u00e9dio Chaveiro Deadly dose MyStore - By STLFLIX\",\"breadcrumb\":{\"@id\":\"https:\/\/my.stlflix.com\/es\/product\/deadly-dose-keychain-pill-holder-685509a863c9c\/#breadcrumb\"},\"inLanguage\":\"es-ES\",\"potentialAction\":[{\"@type\":\"ReadAction\",\"target\":[\"https:\/\/my.stlflix.com\/es\/product\/deadly-dose-keychain-pill-holder-685509a863c9c\/\"]}]},{\"@type\":\"ImageObject\",\"inLanguage\":\"es-ES\",\"@id\":\"https:\/\/my.stlflix.com\/es\/product\/deadly-dose-keychain-pill-holder-685509a863c9c\/#primaryimage\",\"url\":\"https:\/\/my.stlflix.com\/wp-content\/uploads\/2025\/06\/Deadly_Dose_pill_holderthumb_efa6a59396.webp\",\"contentUrl\":\"https:\/\/my.stlflix.com\/wp-content\/uploads\/2025\/06\/Deadly_Dose_pill_holderthumb_efa6a59396.webp\",\"width\":400,\"height\":499},{\"@type\":\"BreadcrumbList\",\"@id\":\"https:\/\/my.stlflix.com\/es\/product\/deadly-dose-keychain-pill-holder-685509a863c9c\/#breadcrumb\",\"itemListElement\":[{\"@type\":\"ListItem\",\"position\":1,\"name\":\"Home\",\"item\":\"https:\/\/www.stlflix-store.com\/\"},{\"@type\":\"ListItem\",\"position\":2,\"name\":\"Products\",\"item\":\"https:\/\/www.stlflix-store.com\/shop\/\"},{\"@type\":\"ListItem\",\"position\":3,\"name\":\"Porta rem\u00e9dio Chaveiro Deadly dose\"}]},{\"@type\":\"WebSite\",\"@id\":\"https:\/\/my.stlflix.com\/#website\",\"url\":\"https:\/\/my.stlflix.com\/\",\"name\":\"MyStore - By STLFLIX\",\"description\":\"\",\"publisher\":{\"@id\":\"https:\/\/my.stlflix.com\/#organization\"},\"potentialAction\":[{\"@type\":\"SearchAction\",\"target\":{\"@type\":\"EntryPoint\",\"urlTemplate\":\"https:\/\/my.stlflix.com\/?s={search_term_string}\"},\"query-input\":{\"@type\":\"PropertyValueSpecification\",\"valueRequired\":true,\"valueName\":\"search_term_string\"}}],\"inLanguage\":\"es-ES\"},{\"@type\":\"Organization\",\"@id\":\"https:\/\/my.stlflix.com\/#organization\",\"name\":\"MyStore - By STLFLIX\",\"url\":\"https:\/\/my.stlflix.com\/\",\"logo\":{\"@type\":\"ImageObject\",\"inLanguage\":\"es-ES\",\"@id\":\"https:\/\/my.stlflix.com\/#\/schema\/logo\/image\/\",\"url\":\"https:\/\/my.stlflix.com\/wp-content\/uploads\/2024\/06\/logo-mystore.png\",\"contentUrl\":\"https:\/\/my.stlflix.com\/wp-content\/uploads\/2024\/06\/logo-mystore.png\",\"width\":150,\"height\":41,\"caption\":\"MyStore - By STLFLIX\"},\"image\":{\"@id\":\"https:\/\/my.stlflix.com\/#\/schema\/logo\/image\/\"},\"sameAs\":[\"https:\/\/www.facebook.com\/STLFLIX\",\"https:\/\/www.instagram.com\/stlflix_\/\",\"https:\/\/www.tiktok.com\/@stlflix\"]}]}<\/script>\n<!-- \/ Yoast SEO plugin. -->","yoast_head_json":{"title":"Porta rem\u00e9dio Chaveiro Deadly dose","description":"\ud83d\udc80 Porta-Comprimidos Deadly dose \ud83d\udc80 Leve estilo e praticidade com voc\u00ea! Este porta comprimidos em formato de caveira \u00e9 perfeito para quem gosta de unir funcionalidade com personalidade. Compacto e discreto, ele pode ser usado como chaveiro, facilitando o transporte de seus rem\u00e9dios, vitaminas ou at\u00e9 pequenos objetos do dia a dia. \u2705 Design divertido e estiloso em formato de caveira \u2705 Ideal para levar comprimidos na bolsa, mochila ou no chaveiro \u2705 Leve, resistente e f\u00e1cil de abrir \u2705 \u00d3timo para uso di\u00e1rio ou viagens curtas Leve o que voc\u00ea precisa com voc\u00ea, com estilo e praticidade! - Porta rem\u00e9dio Chaveiro Deadly dose MyStore - By STLFLIX","robots":{"index":"index","follow":"follow","max-snippet":"max-snippet:-1","max-image-preview":"max-image-preview:large","max-video-preview":"max-video-preview:-1"},"canonical":"https:\/\/my.stlflix.com\/es\/product\/deadly-dose-keychain-pill-holder-685509a863c9c\/","og_locale":"es_ES","og_type":"article","og_title":"Porta rem\u00e9dio Chaveiro Deadly dose","og_description":"\ud83d\udc80 Porta-Comprimidos Deadly dose \ud83d\udc80 Leve estilo e praticidade com voc\u00ea! Este porta comprimidos em formato de caveira \u00e9 perfeito para quem gosta de unir funcionalidade com personalidade. Compacto e discreto, ele pode ser usado como chaveiro, facilitando o transporte de seus rem\u00e9dios, vitaminas ou at\u00e9 pequenos objetos do dia a dia. \u2705 Design divertido e estiloso em formato de caveira \u2705 Ideal para levar comprimidos na bolsa, mochila ou no chaveiro \u2705 Leve, resistente e f\u00e1cil de abrir \u2705 \u00d3timo para uso di\u00e1rio ou viagens curtas Leve o que voc\u00ea precisa com voc\u00ea, com estilo e praticidade! - Porta rem\u00e9dio Chaveiro Deadly dose MyStore - By STLFLIX","og_url":"https:\/\/my.stlflix.com\/es\/product\/deadly-dose-keychain-pill-holder-685509a863c9c\/","og_site_name":"MyStore - By STLFLIX","article_publisher":"https:\/\/www.facebook.com\/STLFLIX","article_modified_time":"2025-06-20T08:17:29+00:00","og_image":[{"width":400,"height":499,"url":"https:\/\/my.stlflix.com\/wp-content\/uploads\/2025\/06\/Deadly_Dose_pill_holderthumb_efa6a59396.webp","type":"image\/webp"}],"twitter_card":"summary_large_image","schema":{"@context":"https:\/\/schema.org","@graph":[{"@type":"WebPage","@id":"https:\/\/my.stlflix.com\/es\/product\/deadly-dose-keychain-pill-holder-685509a863c9c\/","url":"https:\/\/my.stlflix.com\/es\/product\/deadly-dose-keychain-pill-holder-685509a863c9c\/","name":"Porta rem\u00e9dio Chaveiro Deadly dose","isPartOf":{"@id":"https:\/\/my.stlflix.com\/#website"},"primaryImageOfPage":{"@id":"https:\/\/my.stlflix.com\/es\/product\/deadly-dose-keychain-pill-holder-685509a863c9c\/#primaryimage"},"image":{"@id":"https:\/\/my.stlflix.com\/es\/product\/deadly-dose-keychain-pill-holder-685509a863c9c\/#primaryimage"},"thumbnailUrl":"https:\/\/my.stlflix.com\/wp-content\/uploads\/2025\/06\/Deadly_Dose_pill_holderthumb_efa6a59396.webp","datePublished":"2025-06-20T07:25:54+00:00","dateModified":"2025-06-20T08:17:29+00:00","description":"\ud83d\udc80 Porta-Comprimidos Deadly dose \ud83d\udc80 Leve estilo e praticidade com voc\u00ea! Este porta comprimidos em formato de caveira \u00e9 perfeito para quem gosta de unir funcionalidade com personalidade. Compacto e discreto, ele pode ser usado como chaveiro, facilitando o transporte de seus rem\u00e9dios, vitaminas ou at\u00e9 pequenos objetos do dia a dia. \u2705 Design divertido e estiloso em formato de caveira \u2705 Ideal para levar comprimidos na bolsa, mochila ou no chaveiro \u2705 Leve, resistente e f\u00e1cil de abrir \u2705 \u00d3timo para uso di\u00e1rio ou viagens curtas Leve o que voc\u00ea precisa com voc\u00ea, com estilo e praticidade! - Porta rem\u00e9dio Chaveiro Deadly dose MyStore - By STLFLIX","breadcrumb":{"@id":"https:\/\/my.stlflix.com\/es\/product\/deadly-dose-keychain-pill-holder-685509a863c9c\/#breadcrumb"},"inLanguage":"es-ES","potentialAction":[{"@type":"ReadAction","target":["https:\/\/my.stlflix.com\/es\/product\/deadly-dose-keychain-pill-holder-685509a863c9c\/"]}]},{"@type":"ImageObject","inLanguage":"es-ES","@id":"https:\/\/my.stlflix.com\/es\/product\/deadly-dose-keychain-pill-holder-685509a863c9c\/#primaryimage","url":"https:\/\/my.stlflix.com\/wp-content\/uploads\/2025\/06\/Deadly_Dose_pill_holderthumb_efa6a59396.webp","contentUrl":"https:\/\/my.stlflix.com\/wp-content\/uploads\/2025\/06\/Deadly_Dose_pill_holderthumb_efa6a59396.webp","width":400,"height":499},{"@type":"BreadcrumbList","@id":"https:\/\/my.stlflix.com\/es\/product\/deadly-dose-keychain-pill-holder-685509a863c9c\/#breadcrumb","itemListElement":[{"@type":"ListItem","position":1,"name":"Home","item":"https:\/\/www.stlflix-store.com\/"},{"@type":"ListItem","position":2,"name":"Products","item":"https:\/\/www.stlflix-store.com\/shop\/"},{"@type":"ListItem","position":3,"name":"Porta rem\u00e9dio Chaveiro Deadly dose"}]},{"@type":"WebSite","@id":"https:\/\/my.stlflix.com\/#website","url":"https:\/\/my.stlflix.com\/","name":"MyStore - By STLFLIX","description":"","publisher":{"@id":"https:\/\/my.stlflix.com\/#organization"},"potentialAction":[{"@type":"SearchAction","target":{"@type":"EntryPoint","urlTemplate":"https:\/\/my.stlflix.com\/?s={search_term_string}"},"query-input":{"@type":"PropertyValueSpecification","valueRequired":true,"valueName":"search_term_string"}}],"inLanguage":"es-ES"},{"@type":"Organization","@id":"https:\/\/my.stlflix.com\/#organization","name":"MyStore - By STLFLIX","url":"https:\/\/my.stlflix.com\/","logo":{"@type":"ImageObject","inLanguage":"es-ES","@id":"https:\/\/my.stlflix.com\/#\/schema\/logo\/image\/","url":"https:\/\/my.stlflix.com\/wp-content\/uploads\/2024\/06\/logo-mystore.png","contentUrl":"https:\/\/my.stlflix.com\/wp-content\/uploads\/2024\/06\/logo-mystore.png","width":150,"height":41,"caption":"MyStore - By STLFLIX"},"image":{"@id":"https:\/\/my.stlflix.com\/#\/schema\/logo\/image\/"},"sameAs":["https:\/\/www.facebook.com\/STLFLIX","https:\/\/www.instagram.com\/stlflix_\/","https:\/\/www.tiktok.com\/@stlflix"]}]}},"_links":{"self":[{"href":"https:\/\/my.stlflix.com\/es\/wp-json\/wp\/v2\/product\/386576","targetHints":{"allow":["GET"]}}],"collection":[{"href":"https:\/\/my.stlflix.com\/es\/wp-json\/wp\/v2\/product"}],"about":[{"href":"https:\/\/my.stlflix.com\/es\/wp-json\/wp\/v2\/types\/product"}],"replies":[{"embeddable":true,"href":"https:\/\/my.stlflix.com\/es\/wp-json\/wp\/v2\/comments?post=386576"}],"wp:featuredmedia":[{"embeddable":true,"href":"https:\/\/my.stlflix.com\/es\/wp-json\/wp\/v2\/media\/386659"}],"wp:attachment":[{"href":"https:\/\/my.stlflix.com\/es\/wp-json\/wp\/v2\/media?parent=386576"}],"wp:term":[{"taxonomy":"product_brand","embeddable":true,"href":"https:\/\/my.stlflix.com\/es\/wp-json\/wp\/v2\/product_brand?post=386576"},{"taxonomy":"product_cat","embeddable":true,"href":"https:\/\/my.stlflix.com\/es\/wp-json\/wp\/v2\/product_cat?post=386576"},{"taxonomy":"product_tag","embeddable":true,"href":"https:\/\/my.stlflix.com\/es\/wp-json\/wp\/v2\/product_tag?post=386576"}],"curies":[{"name":"wp","href":"https:\/\/api.w.org\/{rel}","templated":true}]}}