{"id":386855,"date":"2025-06-20T19:33:22","date_gmt":"2025-06-20T19:33:22","guid":{"rendered":"https:\/\/my.stlflix.com\/?post_type=product&#038;p=386855"},"modified":"2025-06-20T19:35:20","modified_gmt":"2025-06-20T19:35:20","slug":"cortador-folha","status":"publish","type":"product","link":"https:\/\/my.stlflix.com\/es\/product\/cortador-folha\/","title":{"rendered":"Cortador Folha"},"content":{"rendered":"<p data-start=\"78\" data-end=\"220\">Este cortador para cer\u00e2mica \u00e9 uma ferramenta indispens\u00e1vel para ceramistas e artes\u00e3os que buscam precis\u00e3o e riqueza de detalhes em suas pe\u00e7as.<\/p>\n<p data-start=\"222\" data-end=\"411\">Projetado com bordas de corte bem definidas, ele molda com facilidade formas limpas e suaves na argila, enquanto as linhas de impress\u00e3o integradas adicionam relevo e profundidade ao design.<\/p>\n<p data-start=\"413\" data-end=\"659\">Fabricado com materiais resistentes a \u00e1gua, \u00e9 perfeito para criar pingentes, apliques e outras pe\u00e7as decorativas. Seu design leve e ergon\u00f4mico proporciona conforto mesmo durante longas sess\u00f5es de modelagem.<\/p>\n<p data-start=\"661\" data-end=\"822\">Seja voc\u00ea iniciante ou profissional experiente, este cortador \u00e9 uma ferramenta essencial para transformar sua criatividade em pe\u00e7as \u00fanicas com precis\u00e3o e estilo.<\/p>\n","protected":false},"excerpt":{"rendered":"<p>Este cortador para cer\u00e2mica \u00e9 uma ferramenta indispens\u00e1vel para ceramistas e artes\u00e3os que buscam precis\u00e3o e riqueza de detalhes em suas pe\u00e7as. Projetado com bordas de corte bem definidas, ele molda com facilidade formas limpas e suaves na argila, enquanto as linhas de impress\u00e3o integradas adicionam relevo e profundidade ao design. Fabricado com materiais resistentes [&hellip;]<\/p>\n","protected":false},"featured_media":386300,"comment_status":"open","ping_status":"closed","template":"","meta":[],"product_brand":[],"product_cat":[15],"product_tag":[6097],"class_list":{"0":"post-386855","1":"product","2":"type-product","3":"status-publish","4":"has-post-thumbnail","6":"product_cat-uncategorized","7":"product_tag-ceramica","9":"first","10":"instock","11":"taxable","12":"shipping-taxable","13":"purchasable","14":"product-type-simple"},"yoast_head":"<!-- This site is optimized with the Yoast SEO plugin v25.1 - https:\/\/yoast.com\/wordpress\/plugins\/seo\/ -->\n<title>Cortador Folha - MyStore - By STLFLIX<\/title>\n<meta name=\"robots\" content=\"index, follow, max-snippet:-1, max-image-preview:large, max-video-preview:-1\" \/>\n<link rel=\"canonical\" href=\"https:\/\/www.monitorstlflix.com\/product\/cortador-folha\/\" \/>\n<meta property=\"og:locale\" content=\"es_ES\" \/>\n<meta property=\"og:type\" content=\"article\" \/>\n<meta property=\"og:title\" content=\"Cortador Folha - MyStore - By STLFLIX\" \/>\n<meta property=\"og:description\" content=\"Este cortador para cer\u00e2mica \u00e9 uma ferramenta indispens\u00e1vel para ceramistas e artes\u00e3os que buscam precis\u00e3o e riqueza de detalhes em suas pe\u00e7as. Projetado com bordas de corte bem definidas, ele molda com facilidade formas limpas e suaves na argila, enquanto as linhas de impress\u00e3o integradas adicionam relevo e profundidade ao design. Fabricado com materiais resistentes [&hellip;]\" \/>\n<meta property=\"og:url\" content=\"https:\/\/www.monitorstlflix.com\/product\/cortador-folha\/\" \/>\n<meta property=\"og:site_name\" content=\"MyStore - By STLFLIX\" \/>\n<meta property=\"article:publisher\" content=\"https:\/\/www.facebook.com\/STLFLIX\" \/>\n<meta property=\"article:modified_time\" content=\"2025-06-20T19:35:20+00:00\" \/>\n<meta property=\"og:image\" content=\"https:\/\/www.monitorstlflix.com\/wp-content\/uploads\/2025\/06\/ChatGPT-Image-19-de-jun.-de-2025-19_50_16.png\" \/>\n\t<meta property=\"og:image:width\" content=\"1024\" \/>\n\t<meta property=\"og:image:height\" content=\"1536\" \/>\n\t<meta property=\"og:image:type\" content=\"image\/png\" \/>\n<meta name=\"twitter:card\" content=\"summary_large_image\" \/>\n<meta name=\"twitter:label1\" content=\"Est. reading time\" \/>\n\t<meta name=\"twitter:data1\" content=\"1 minute\" \/>\n<script type=\"application\/ld+json\" class=\"yoast-schema-graph\">{\"@context\":\"https:\/\/schema.org\",\"@graph\":[{\"@type\":\"WebPage\",\"@id\":\"https:\/\/www.monitorstlflix.com\/product\/cortador-folha\/\",\"url\":\"https:\/\/www.monitorstlflix.com\/product\/cortador-folha\/\",\"name\":\"Cortador Folha - MyStore - By STLFLIX\",\"isPartOf\":{\"@id\":\"https:\/\/my.stlflix.com\/#website\"},\"primaryImageOfPage\":{\"@id\":\"https:\/\/www.monitorstlflix.com\/product\/cortador-folha\/#primaryimage\"},\"image\":{\"@id\":\"https:\/\/www.monitorstlflix.com\/product\/cortador-folha\/#primaryimage\"},\"thumbnailUrl\":\"https:\/\/my.stlflix.com\/wp-content\/uploads\/2025\/06\/ChatGPT-Image-19-de-jun.-de-2025-19_50_16.png\",\"datePublished\":\"2025-06-20T19:33:22+00:00\",\"dateModified\":\"2025-06-20T19:35:20+00:00\",\"breadcrumb\":{\"@id\":\"https:\/\/www.monitorstlflix.com\/product\/cortador-folha\/#breadcrumb\"},\"inLanguage\":\"es-ES\",\"potentialAction\":[{\"@type\":\"ReadAction\",\"target\":[\"https:\/\/www.monitorstlflix.com\/product\/cortador-folha\/\"]}]},{\"@type\":\"ImageObject\",\"inLanguage\":\"es-ES\",\"@id\":\"https:\/\/www.monitorstlflix.com\/product\/cortador-folha\/#primaryimage\",\"url\":\"https:\/\/my.stlflix.com\/wp-content\/uploads\/2025\/06\/ChatGPT-Image-19-de-jun.-de-2025-19_50_16.png\",\"contentUrl\":\"https:\/\/my.stlflix.com\/wp-content\/uploads\/2025\/06\/ChatGPT-Image-19-de-jun.-de-2025-19_50_16.png\",\"width\":1024,\"height\":1536},{\"@type\":\"BreadcrumbList\",\"@id\":\"https:\/\/www.monitorstlflix.com\/product\/cortador-folha\/#breadcrumb\",\"itemListElement\":[{\"@type\":\"ListItem\",\"position\":1,\"name\":\"Home\",\"item\":\"https:\/\/www.stlflix-store.com\/\"},{\"@type\":\"ListItem\",\"position\":2,\"name\":\"Products\",\"item\":\"https:\/\/www.stlflix-store.com\/shop\/\"},{\"@type\":\"ListItem\",\"position\":3,\"name\":\"Cortador Folha\"}]},{\"@type\":\"WebSite\",\"@id\":\"https:\/\/my.stlflix.com\/#website\",\"url\":\"https:\/\/my.stlflix.com\/\",\"name\":\"MyStore - By STLFLIX\",\"description\":\"\",\"publisher\":{\"@id\":\"https:\/\/my.stlflix.com\/#organization\"},\"potentialAction\":[{\"@type\":\"SearchAction\",\"target\":{\"@type\":\"EntryPoint\",\"urlTemplate\":\"https:\/\/my.stlflix.com\/?s={search_term_string}\"},\"query-input\":{\"@type\":\"PropertyValueSpecification\",\"valueRequired\":true,\"valueName\":\"search_term_string\"}}],\"inLanguage\":\"es-ES\"},{\"@type\":\"Organization\",\"@id\":\"https:\/\/my.stlflix.com\/#organization\",\"name\":\"MyStore - By STLFLIX\",\"url\":\"https:\/\/my.stlflix.com\/\",\"logo\":{\"@type\":\"ImageObject\",\"inLanguage\":\"es-ES\",\"@id\":\"https:\/\/my.stlflix.com\/#\/schema\/logo\/image\/\",\"url\":\"https:\/\/my.stlflix.com\/wp-content\/uploads\/2024\/06\/logo-mystore.png\",\"contentUrl\":\"https:\/\/my.stlflix.com\/wp-content\/uploads\/2024\/06\/logo-mystore.png\",\"width\":150,\"height\":41,\"caption\":\"MyStore - By STLFLIX\"},\"image\":{\"@id\":\"https:\/\/my.stlflix.com\/#\/schema\/logo\/image\/\"},\"sameAs\":[\"https:\/\/www.facebook.com\/STLFLIX\",\"https:\/\/www.instagram.com\/stlflix_\/\",\"https:\/\/www.tiktok.com\/@stlflix\"]}]}<\/script>\n<!-- \/ Yoast SEO plugin. -->","yoast_head_json":{"title":"Cortador Folha - MyStore - By STLFLIX","robots":{"index":"index","follow":"follow","max-snippet":"max-snippet:-1","max-image-preview":"max-image-preview:large","max-video-preview":"max-video-preview:-1"},"canonical":"https:\/\/www.monitorstlflix.com\/product\/cortador-folha\/","og_locale":"es_ES","og_type":"article","og_title":"Cortador Folha - MyStore - By STLFLIX","og_description":"Este cortador para cer\u00e2mica \u00e9 uma ferramenta indispens\u00e1vel para ceramistas e artes\u00e3os que buscam precis\u00e3o e riqueza de detalhes em suas pe\u00e7as. Projetado com bordas de corte bem definidas, ele molda com facilidade formas limpas e suaves na argila, enquanto as linhas de impress\u00e3o integradas adicionam relevo e profundidade ao design. Fabricado com materiais resistentes [&hellip;]","og_url":"https:\/\/www.monitorstlflix.com\/product\/cortador-folha\/","og_site_name":"MyStore - By STLFLIX","article_publisher":"https:\/\/www.facebook.com\/STLFLIX","article_modified_time":"2025-06-20T19:35:20+00:00","og_image":[{"width":1024,"height":1536,"url":"https:\/\/www.monitorstlflix.com\/wp-content\/uploads\/2025\/06\/ChatGPT-Image-19-de-jun.-de-2025-19_50_16.png","type":"image\/png"}],"twitter_card":"summary_large_image","twitter_misc":{"Est. reading time":"1 minute"},"schema":{"@context":"https:\/\/schema.org","@graph":[{"@type":"WebPage","@id":"https:\/\/www.monitorstlflix.com\/product\/cortador-folha\/","url":"https:\/\/www.monitorstlflix.com\/product\/cortador-folha\/","name":"Cortador Folha - MyStore - By STLFLIX","isPartOf":{"@id":"https:\/\/my.stlflix.com\/#website"},"primaryImageOfPage":{"@id":"https:\/\/www.monitorstlflix.com\/product\/cortador-folha\/#primaryimage"},"image":{"@id":"https:\/\/www.monitorstlflix.com\/product\/cortador-folha\/#primaryimage"},"thumbnailUrl":"https:\/\/my.stlflix.com\/wp-content\/uploads\/2025\/06\/ChatGPT-Image-19-de-jun.-de-2025-19_50_16.png","datePublished":"2025-06-20T19:33:22+00:00","dateModified":"2025-06-20T19:35:20+00:00","breadcrumb":{"@id":"https:\/\/www.monitorstlflix.com\/product\/cortador-folha\/#breadcrumb"},"inLanguage":"es-ES","potentialAction":[{"@type":"ReadAction","target":["https:\/\/www.monitorstlflix.com\/product\/cortador-folha\/"]}]},{"@type":"ImageObject","inLanguage":"es-ES","@id":"https:\/\/www.monitorstlflix.com\/product\/cortador-folha\/#primaryimage","url":"https:\/\/my.stlflix.com\/wp-content\/uploads\/2025\/06\/ChatGPT-Image-19-de-jun.-de-2025-19_50_16.png","contentUrl":"https:\/\/my.stlflix.com\/wp-content\/uploads\/2025\/06\/ChatGPT-Image-19-de-jun.-de-2025-19_50_16.png","width":1024,"height":1536},{"@type":"BreadcrumbList","@id":"https:\/\/www.monitorstlflix.com\/product\/cortador-folha\/#breadcrumb","itemListElement":[{"@type":"ListItem","position":1,"name":"Home","item":"https:\/\/www.stlflix-store.com\/"},{"@type":"ListItem","position":2,"name":"Products","item":"https:\/\/www.stlflix-store.com\/shop\/"},{"@type":"ListItem","position":3,"name":"Cortador Folha"}]},{"@type":"WebSite","@id":"https:\/\/my.stlflix.com\/#website","url":"https:\/\/my.stlflix.com\/","name":"MyStore - By STLFLIX","description":"","publisher":{"@id":"https:\/\/my.stlflix.com\/#organization"},"potentialAction":[{"@type":"SearchAction","target":{"@type":"EntryPoint","urlTemplate":"https:\/\/my.stlflix.com\/?s={search_term_string}"},"query-input":{"@type":"PropertyValueSpecification","valueRequired":true,"valueName":"search_term_string"}}],"inLanguage":"es-ES"},{"@type":"Organization","@id":"https:\/\/my.stlflix.com\/#organization","name":"MyStore - By STLFLIX","url":"https:\/\/my.stlflix.com\/","logo":{"@type":"ImageObject","inLanguage":"es-ES","@id":"https:\/\/my.stlflix.com\/#\/schema\/logo\/image\/","url":"https:\/\/my.stlflix.com\/wp-content\/uploads\/2024\/06\/logo-mystore.png","contentUrl":"https:\/\/my.stlflix.com\/wp-content\/uploads\/2024\/06\/logo-mystore.png","width":150,"height":41,"caption":"MyStore - By STLFLIX"},"image":{"@id":"https:\/\/my.stlflix.com\/#\/schema\/logo\/image\/"},"sameAs":["https:\/\/www.facebook.com\/STLFLIX","https:\/\/www.instagram.com\/stlflix_\/","https:\/\/www.tiktok.com\/@stlflix"]}]}},"_links":{"self":[{"href":"https:\/\/my.stlflix.com\/es\/wp-json\/wp\/v2\/product\/386855","targetHints":{"allow":["GET"]}}],"collection":[{"href":"https:\/\/my.stlflix.com\/es\/wp-json\/wp\/v2\/product"}],"about":[{"href":"https:\/\/my.stlflix.com\/es\/wp-json\/wp\/v2\/types\/product"}],"replies":[{"embeddable":true,"href":"https:\/\/my.stlflix.com\/es\/wp-json\/wp\/v2\/comments?post=386855"}],"wp:featuredmedia":[{"embeddable":true,"href":"https:\/\/my.stlflix.com\/es\/wp-json\/wp\/v2\/media\/386300"}],"wp:attachment":[{"href":"https:\/\/my.stlflix.com\/es\/wp-json\/wp\/v2\/media?parent=386855"}],"wp:term":[{"taxonomy":"product_brand","embeddable":true,"href":"https:\/\/my.stlflix.com\/es\/wp-json\/wp\/v2\/product_brand?post=386855"},{"taxonomy":"product_cat","embeddable":true,"href":"https:\/\/my.stlflix.com\/es\/wp-json\/wp\/v2\/product_cat?post=386855"},{"taxonomy":"product_tag","embeddable":true,"href":"https:\/\/my.stlflix.com\/es\/wp-json\/wp\/v2\/product_tag?post=386855"}],"curies":[{"name":"wp","href":"https:\/\/api.w.org\/{rel}","templated":true}]}}