{"id":387501,"date":"2025-06-21T19:31:43","date_gmt":"2025-06-21T19:31:43","guid":{"rendered":"https:\/\/my.stlflix.com\/?post_type=product&#038;p=387501"},"modified":"2025-06-23T05:13:10","modified_gmt":"2025-06-23T05:13:10","slug":"coroa-baby-luminaria-de-mesa","status":"publish","type":"product","link":"https:\/\/my.stlflix.com\/es\/product\/coroa-baby-luminaria-de-mesa\/","title":{"rendered":"Lumin\u00e1ria Luz da Coroa &#8211; Cole\u00e7\u00e3o &#8220;Sonhos em Luz&#8221;"},"content":{"rendered":"<h3 data-start=\"1178\" data-end=\"1246\">\ud83d\udc51 <strong data-start=\"1185\" data-end=\"1246\">Lumin\u00e1ria Luz da Coroa \u2013 Pequenos Reis e Rainhas merecem sua luz<\/strong><\/h3>\n<p data-start=\"1248\" data-end=\"1536\">Mais do que uma lumin\u00e1ria\u2026 um s\u00edmbolo de carinho e prote\u00e7\u00e3o. <br data-start=\"1308\" data-end=\"1311\" \/>A <strong data-start=\"1313\" data-end=\"1322\">Coroa<\/strong> \u00e9 para os pequenos que amam imaginar castelos, aventuras e finais felizes. <br data-start=\"1397\" data-end=\"1400\" \/>Seu design em camadas traz profundidade e eleg\u00e2ncia, enquanto a ilumina\u00e7\u00e3o indireta transforma o ambiente num verdadeiro conto de fadas.<\/p>\n<h3 data-start=\"2676\" data-end=\"2712\">\ud83d\udc9b Por que escolher nossa linha?<\/h3>\n<p data-start=\"2714\" data-end=\"2927\">Porque al\u00e9m de beleza, a gente entrega seguran\u00e7a, sustentabilidade e uma experi\u00eancia emocional real. <br data-start=\"2814\" data-end=\"2817\" \/>Cada lumin\u00e1ria \u00e9 feita com cuidado, de forma artesanal e com materiais pensados para o bem-estar das fam\u00edlias.<\/p>\n<p data-start=\"2929\" data-end=\"3139\"><strong data-start=\"2929\" data-end=\"2961\">\ud83c\udf31 Feito com PLA V-silk (Acabamento Brilhante)<\/strong><br data-start=\"2961\" data-end=\"2964\" \/><strong data-start=\"2964\" data-end=\"3016\">\ud83d\udca1 Ilumina\u00e7\u00e3o suave com LED de baixa temperatura<\/strong><br data-start=\"3016\" data-end=\"3019\" \/><strong data-start=\"3019\" data-end=\"3076\">\ud83d\udee0\ufe0f Montagem feita \u00e0 m\u00e3o, com acabamento de qualidade<\/strong><\/p>\n<p data-start=\"1732\" data-end=\"1834\">Ideal para quem busca um presente com significado ou para decorar de forma criativa o quarto infantil.<\/p>\n<p data-start=\"1732\" data-end=\"1834\">\n","protected":false},"excerpt":{"rendered":"<p>\ud83d\udc51 Lumin\u00e1ria Luz da Coroa \u2013 Pequenos Reis e Rainhas merecem sua luz Mais do que uma lumin\u00e1ria\u2026 um s\u00edmbolo de carinho e prote\u00e7\u00e3o. A Coroa \u00e9 para os pequenos que amam imaginar castelos, aventuras e finais felizes. Seu design em camadas traz profundidade e eleg\u00e2ncia, enquanto a ilumina\u00e7\u00e3o indireta transforma o ambiente num verdadeiro [&hellip;]<\/p>\n","protected":false},"featured_media":388004,"comment_status":"open","ping_status":"closed","template":"","meta":[],"product_brand":[],"product_cat":[15],"product_tag":[6012,6001,898],"class_list":{"0":"post-387501","1":"product","2":"type-product","3":"status-publish","4":"has-post-thumbnail","6":"product_cat-uncategorized","7":"product_tag-luminaria-de-mesa","8":"product_tag-luminarias-2","9":"product_tag-luminarias","11":"first","12":"outofstock","13":"purchasable","14":"product-type-variable"},"yoast_head":"<!-- This site is optimized with the Yoast SEO plugin v25.1 - https:\/\/yoast.com\/wordpress\/plugins\/seo\/ -->\n<title>Lumin\u00e1ria Luz da Coroa - Cole\u00e7\u00e3o &quot;Sonhos em Luz&quot; - MyStore - By STLFLIX<\/title>\n<meta name=\"robots\" content=\"index, follow, max-snippet:-1, max-image-preview:large, max-video-preview:-1\" \/>\n<link rel=\"canonical\" href=\"https:\/\/www.my3dstore-example.com\/product\/coroa-baby-luminaria-de-mesa\/\" \/>\n<meta property=\"og:locale\" content=\"es_ES\" \/>\n<meta property=\"og:type\" content=\"article\" \/>\n<meta property=\"og:title\" content=\"Lumin\u00e1ria Luz da Coroa - Cole\u00e7\u00e3o &quot;Sonhos em Luz&quot; - MyStore - By STLFLIX\" \/>\n<meta property=\"og:description\" content=\"\ud83d\udc51 Lumin\u00e1ria Luz da Coroa \u2013 Pequenos Reis e Rainhas merecem sua luz Mais do que uma lumin\u00e1ria\u2026 um s\u00edmbolo de carinho e prote\u00e7\u00e3o. A Coroa \u00e9 para os pequenos que amam imaginar castelos, aventuras e finais felizes. Seu design em camadas traz profundidade e eleg\u00e2ncia, enquanto a ilumina\u00e7\u00e3o indireta transforma o ambiente num verdadeiro [&hellip;]\" \/>\n<meta property=\"og:url\" content=\"https:\/\/www.my3dstore-example.com\/product\/coroa-baby-luminaria-de-mesa\/\" \/>\n<meta property=\"og:site_name\" content=\"MyStore - By STLFLIX\" \/>\n<meta property=\"article:publisher\" content=\"https:\/\/www.facebook.com\/STLFLIX\" \/>\n<meta property=\"article:modified_time\" content=\"2025-06-23T05:13:10+00:00\" \/>\n<meta property=\"og:image\" content=\"https:\/\/www.my3dstore-example.com\/wp-content\/uploads\/2025\/06\/file_000000004c80620abb02371a100ee3f9-683x1024.png\" \/>\n\t<meta property=\"og:image:width\" content=\"683\" \/>\n\t<meta property=\"og:image:height\" content=\"1024\" \/>\n\t<meta property=\"og:image:type\" content=\"image\/png\" \/>\n<meta name=\"twitter:card\" content=\"summary_large_image\" \/>\n<meta name=\"twitter:label1\" content=\"Est. reading time\" \/>\n\t<meta name=\"twitter:data1\" content=\"1 minute\" \/>\n<script type=\"application\/ld+json\" class=\"yoast-schema-graph\">{\"@context\":\"https:\/\/schema.org\",\"@graph\":[{\"@type\":\"WebPage\",\"@id\":\"https:\/\/www.my3dstore-example.com\/product\/coroa-baby-luminaria-de-mesa\/\",\"url\":\"https:\/\/www.my3dstore-example.com\/product\/coroa-baby-luminaria-de-mesa\/\",\"name\":\"Lumin\u00e1ria Luz da Coroa - Cole\u00e7\u00e3o \\\"Sonhos em Luz\\\" - MyStore - By STLFLIX\",\"isPartOf\":{\"@id\":\"https:\/\/my.stlflix.com\/#website\"},\"primaryImageOfPage\":{\"@id\":\"https:\/\/www.my3dstore-example.com\/product\/coroa-baby-luminaria-de-mesa\/#primaryimage\"},\"image\":{\"@id\":\"https:\/\/www.my3dstore-example.com\/product\/coroa-baby-luminaria-de-mesa\/#primaryimage\"},\"thumbnailUrl\":\"https:\/\/my.stlflix.com\/wp-content\/uploads\/2025\/06\/file_000000004c80620abb02371a100ee3f9.png\",\"datePublished\":\"2025-06-21T19:31:43+00:00\",\"dateModified\":\"2025-06-23T05:13:10+00:00\",\"breadcrumb\":{\"@id\":\"https:\/\/www.my3dstore-example.com\/product\/coroa-baby-luminaria-de-mesa\/#breadcrumb\"},\"inLanguage\":\"es-ES\",\"potentialAction\":[{\"@type\":\"ReadAction\",\"target\":[\"https:\/\/www.my3dstore-example.com\/product\/coroa-baby-luminaria-de-mesa\/\"]}]},{\"@type\":\"ImageObject\",\"inLanguage\":\"es-ES\",\"@id\":\"https:\/\/www.my3dstore-example.com\/product\/coroa-baby-luminaria-de-mesa\/#primaryimage\",\"url\":\"https:\/\/my.stlflix.com\/wp-content\/uploads\/2025\/06\/file_000000004c80620abb02371a100ee3f9.png\",\"contentUrl\":\"https:\/\/my.stlflix.com\/wp-content\/uploads\/2025\/06\/file_000000004c80620abb02371a100ee3f9.png\",\"width\":1024,\"height\":1536},{\"@type\":\"BreadcrumbList\",\"@id\":\"https:\/\/www.my3dstore-example.com\/product\/coroa-baby-luminaria-de-mesa\/#breadcrumb\",\"itemListElement\":[{\"@type\":\"ListItem\",\"position\":1,\"name\":\"Home\",\"item\":\"https:\/\/www.stlflix-store.com\/\"},{\"@type\":\"ListItem\",\"position\":2,\"name\":\"Products\",\"item\":\"https:\/\/www.stlflix-store.com\/shop\/\"},{\"@type\":\"ListItem\",\"position\":3,\"name\":\"Lumin\u00e1ria Luz da Coroa &#8211; Cole\u00e7\u00e3o &#8220;Sonhos em Luz&#8221;\"}]},{\"@type\":\"WebSite\",\"@id\":\"https:\/\/my.stlflix.com\/#website\",\"url\":\"https:\/\/my.stlflix.com\/\",\"name\":\"MyStore - By STLFLIX\",\"description\":\"\",\"publisher\":{\"@id\":\"https:\/\/my.stlflix.com\/#organization\"},\"potentialAction\":[{\"@type\":\"SearchAction\",\"target\":{\"@type\":\"EntryPoint\",\"urlTemplate\":\"https:\/\/my.stlflix.com\/?s={search_term_string}\"},\"query-input\":{\"@type\":\"PropertyValueSpecification\",\"valueRequired\":true,\"valueName\":\"search_term_string\"}}],\"inLanguage\":\"es-ES\"},{\"@type\":\"Organization\",\"@id\":\"https:\/\/my.stlflix.com\/#organization\",\"name\":\"MyStore - By STLFLIX\",\"url\":\"https:\/\/my.stlflix.com\/\",\"logo\":{\"@type\":\"ImageObject\",\"inLanguage\":\"es-ES\",\"@id\":\"https:\/\/my.stlflix.com\/#\/schema\/logo\/image\/\",\"url\":\"https:\/\/my.stlflix.com\/wp-content\/uploads\/2024\/06\/logo-mystore.png\",\"contentUrl\":\"https:\/\/my.stlflix.com\/wp-content\/uploads\/2024\/06\/logo-mystore.png\",\"width\":150,\"height\":41,\"caption\":\"MyStore - By STLFLIX\"},\"image\":{\"@id\":\"https:\/\/my.stlflix.com\/#\/schema\/logo\/image\/\"},\"sameAs\":[\"https:\/\/www.facebook.com\/STLFLIX\",\"https:\/\/www.instagram.com\/stlflix_\/\",\"https:\/\/www.tiktok.com\/@stlflix\"]}]}<\/script>\n<!-- \/ Yoast SEO plugin. -->","yoast_head_json":{"title":"Lumin\u00e1ria Luz da Coroa - Cole\u00e7\u00e3o \"Sonhos em Luz\" - MyStore - By STLFLIX","robots":{"index":"index","follow":"follow","max-snippet":"max-snippet:-1","max-image-preview":"max-image-preview:large","max-video-preview":"max-video-preview:-1"},"canonical":"https:\/\/www.my3dstore-example.com\/product\/coroa-baby-luminaria-de-mesa\/","og_locale":"es_ES","og_type":"article","og_title":"Lumin\u00e1ria Luz da Coroa - Cole\u00e7\u00e3o \"Sonhos em Luz\" - MyStore - By STLFLIX","og_description":"\ud83d\udc51 Lumin\u00e1ria Luz da Coroa \u2013 Pequenos Reis e Rainhas merecem sua luz Mais do que uma lumin\u00e1ria\u2026 um s\u00edmbolo de carinho e prote\u00e7\u00e3o. A Coroa \u00e9 para os pequenos que amam imaginar castelos, aventuras e finais felizes. Seu design em camadas traz profundidade e eleg\u00e2ncia, enquanto a ilumina\u00e7\u00e3o indireta transforma o ambiente num verdadeiro [&hellip;]","og_url":"https:\/\/www.my3dstore-example.com\/product\/coroa-baby-luminaria-de-mesa\/","og_site_name":"MyStore - By STLFLIX","article_publisher":"https:\/\/www.facebook.com\/STLFLIX","article_modified_time":"2025-06-23T05:13:10+00:00","og_image":[{"width":683,"height":1024,"url":"https:\/\/www.my3dstore-example.com\/wp-content\/uploads\/2025\/06\/file_000000004c80620abb02371a100ee3f9-683x1024.png","type":"image\/png"}],"twitter_card":"summary_large_image","twitter_misc":{"Est. reading time":"1 minute"},"schema":{"@context":"https:\/\/schema.org","@graph":[{"@type":"WebPage","@id":"https:\/\/www.my3dstore-example.com\/product\/coroa-baby-luminaria-de-mesa\/","url":"https:\/\/www.my3dstore-example.com\/product\/coroa-baby-luminaria-de-mesa\/","name":"Lumin\u00e1ria Luz da Coroa - Cole\u00e7\u00e3o \"Sonhos em Luz\" - MyStore - By STLFLIX","isPartOf":{"@id":"https:\/\/my.stlflix.com\/#website"},"primaryImageOfPage":{"@id":"https:\/\/www.my3dstore-example.com\/product\/coroa-baby-luminaria-de-mesa\/#primaryimage"},"image":{"@id":"https:\/\/www.my3dstore-example.com\/product\/coroa-baby-luminaria-de-mesa\/#primaryimage"},"thumbnailUrl":"https:\/\/my.stlflix.com\/wp-content\/uploads\/2025\/06\/file_000000004c80620abb02371a100ee3f9.png","datePublished":"2025-06-21T19:31:43+00:00","dateModified":"2025-06-23T05:13:10+00:00","breadcrumb":{"@id":"https:\/\/www.my3dstore-example.com\/product\/coroa-baby-luminaria-de-mesa\/#breadcrumb"},"inLanguage":"es-ES","potentialAction":[{"@type":"ReadAction","target":["https:\/\/www.my3dstore-example.com\/product\/coroa-baby-luminaria-de-mesa\/"]}]},{"@type":"ImageObject","inLanguage":"es-ES","@id":"https:\/\/www.my3dstore-example.com\/product\/coroa-baby-luminaria-de-mesa\/#primaryimage","url":"https:\/\/my.stlflix.com\/wp-content\/uploads\/2025\/06\/file_000000004c80620abb02371a100ee3f9.png","contentUrl":"https:\/\/my.stlflix.com\/wp-content\/uploads\/2025\/06\/file_000000004c80620abb02371a100ee3f9.png","width":1024,"height":1536},{"@type":"BreadcrumbList","@id":"https:\/\/www.my3dstore-example.com\/product\/coroa-baby-luminaria-de-mesa\/#breadcrumb","itemListElement":[{"@type":"ListItem","position":1,"name":"Home","item":"https:\/\/www.stlflix-store.com\/"},{"@type":"ListItem","position":2,"name":"Products","item":"https:\/\/www.stlflix-store.com\/shop\/"},{"@type":"ListItem","position":3,"name":"Lumin\u00e1ria Luz da Coroa &#8211; Cole\u00e7\u00e3o &#8220;Sonhos em Luz&#8221;"}]},{"@type":"WebSite","@id":"https:\/\/my.stlflix.com\/#website","url":"https:\/\/my.stlflix.com\/","name":"MyStore - By STLFLIX","description":"","publisher":{"@id":"https:\/\/my.stlflix.com\/#organization"},"potentialAction":[{"@type":"SearchAction","target":{"@type":"EntryPoint","urlTemplate":"https:\/\/my.stlflix.com\/?s={search_term_string}"},"query-input":{"@type":"PropertyValueSpecification","valueRequired":true,"valueName":"search_term_string"}}],"inLanguage":"es-ES"},{"@type":"Organization","@id":"https:\/\/my.stlflix.com\/#organization","name":"MyStore - By STLFLIX","url":"https:\/\/my.stlflix.com\/","logo":{"@type":"ImageObject","inLanguage":"es-ES","@id":"https:\/\/my.stlflix.com\/#\/schema\/logo\/image\/","url":"https:\/\/my.stlflix.com\/wp-content\/uploads\/2024\/06\/logo-mystore.png","contentUrl":"https:\/\/my.stlflix.com\/wp-content\/uploads\/2024\/06\/logo-mystore.png","width":150,"height":41,"caption":"MyStore - By STLFLIX"},"image":{"@id":"https:\/\/my.stlflix.com\/#\/schema\/logo\/image\/"},"sameAs":["https:\/\/www.facebook.com\/STLFLIX","https:\/\/www.instagram.com\/stlflix_\/","https:\/\/www.tiktok.com\/@stlflix"]}]}},"_links":{"self":[{"href":"https:\/\/my.stlflix.com\/es\/wp-json\/wp\/v2\/product\/387501","targetHints":{"allow":["GET"]}}],"collection":[{"href":"https:\/\/my.stlflix.com\/es\/wp-json\/wp\/v2\/product"}],"about":[{"href":"https:\/\/my.stlflix.com\/es\/wp-json\/wp\/v2\/types\/product"}],"replies":[{"embeddable":true,"href":"https:\/\/my.stlflix.com\/es\/wp-json\/wp\/v2\/comments?post=387501"}],"wp:featuredmedia":[{"embeddable":true,"href":"https:\/\/my.stlflix.com\/es\/wp-json\/wp\/v2\/media\/388004"}],"wp:attachment":[{"href":"https:\/\/my.stlflix.com\/es\/wp-json\/wp\/v2\/media?parent=387501"}],"wp:term":[{"taxonomy":"product_brand","embeddable":true,"href":"https:\/\/my.stlflix.com\/es\/wp-json\/wp\/v2\/product_brand?post=387501"},{"taxonomy":"product_cat","embeddable":true,"href":"https:\/\/my.stlflix.com\/es\/wp-json\/wp\/v2\/product_cat?post=387501"},{"taxonomy":"product_tag","embeddable":true,"href":"https:\/\/my.stlflix.com\/es\/wp-json\/wp\/v2\/product_tag?post=387501"}],"curies":[{"name":"wp","href":"https:\/\/api.w.org\/{rel}","templated":true}]}}