{"id":388409,"date":"2025-06-23T14:26:46","date_gmt":"2025-06-23T14:26:46","guid":{"rendered":"https:\/\/my.stlflix.com\/?post_type=product&#038;p=388409"},"modified":"2025-06-23T14:49:16","modified_gmt":"2025-06-23T14:49:16","slug":"chaveiro-eu-amo-itariri-5-x-3cm-cod-suv_0001","status":"publish","type":"product","link":"https:\/\/my.stlflix.com\/es\/product\/chaveiro-eu-amo-itariri-5-x-3cm-cod-suv_0001\/","title":{"rendered":"Chaveiro Eu Amo Itariri &#8211; Cod SUV_0001"},"content":{"rendered":"<p><!--StartFragment --><\/p>\n<h3><strong>Chaveiro de Lembran\u00e7a \u2013 Itariri\/SP<\/strong><\/h3>\n<p>Leve um pedacinho de Itariri com voc\u00ea! Nosso chaveiro exclusivo celebra o charme desta cidade encantadora do interior paulista. Ele vem cuidadosamente acomodado em uma charmosa caixinha de papel kraft personalizada, ideal para presentear ou guardar como recorda\u00e7\u00e3o especial.<\/p>\n<p>E tem mais: ao adquirir o chaveiro, voc\u00ea ganha <em>inteiramente gr\u00e1tis<\/em> um adesivo com o mesmo design \u2014 perfeito para colar no laptop, no carro ou onde quiser espalhar seu amor por Itariri!<\/p>\n<p>Produto artesanal, feito com carinho para quem carrega boas mem\u00f3rias ou quer presentear com afeto.<\/p>\n<p><!--EndFragment --><\/p>\n","protected":false},"excerpt":{"rendered":"<p>Chaveiro de Lembran\u00e7a \u2013 Itariri\/SP Leve um pedacinho de Itariri com voc\u00ea! Nosso chaveiro exclusivo celebra o charme desta cidade encantadora do interior paulista. Ele vem cuidadosamente acomodado em uma charmosa caixinha de papel kraft personalizada, ideal para presentear ou guardar como recorda\u00e7\u00e3o especial. E tem mais: ao adquirir o chaveiro, voc\u00ea ganha inteiramente gr\u00e1tis [&hellip;]<\/p>\n","protected":false},"featured_media":0,"comment_status":"open","ping_status":"closed","template":"","meta":[],"product_brand":[],"product_cat":[15],"product_tag":[1564,6104,6105,6103],"class_list":{"0":"post-388409","1":"product","2":"type-product","3":"status-publish","5":"product_cat-uncategorized","6":"product_tag-chaveiro","7":"product_tag-itariri","8":"product_tag-lemban","9":"product_tag-souvenir","11":"first","12":"instock","13":"sale","14":"purchasable","15":"product-type-simple"},"yoast_head":"<!-- This site is optimized with the Yoast SEO plugin v25.1 - https:\/\/yoast.com\/wordpress\/plugins\/seo\/ -->\n<title>Chaveiro Eu Amo Itariri - Cod SUV_0001 - MyStore - By STLFLIX<\/title>\n<meta name=\"robots\" content=\"index, follow, max-snippet:-1, max-image-preview:large, max-video-preview:-1\" \/>\n<link rel=\"canonical\" href=\"https:\/\/www.lojadomandela3d.biz\/product\/chaveiro-eu-amo-itariri-5-x-3cm-cod-suv_0001\/\" \/>\n<meta property=\"og:locale\" content=\"es_ES\" \/>\n<meta property=\"og:type\" content=\"article\" \/>\n<meta property=\"og:title\" content=\"Chaveiro Eu Amo Itariri - Cod SUV_0001 - MyStore - By STLFLIX\" \/>\n<meta property=\"og:description\" content=\"Chaveiro de Lembran\u00e7a \u2013 Itariri\/SP Leve um pedacinho de Itariri com voc\u00ea! Nosso chaveiro exclusivo celebra o charme desta cidade encantadora do interior paulista. Ele vem cuidadosamente acomodado em uma charmosa caixinha de papel kraft personalizada, ideal para presentear ou guardar como recorda\u00e7\u00e3o especial. E tem mais: ao adquirir o chaveiro, voc\u00ea ganha inteiramente gr\u00e1tis [&hellip;]\" \/>\n<meta property=\"og:url\" content=\"https:\/\/www.lojadomandela3d.biz\/product\/chaveiro-eu-amo-itariri-5-x-3cm-cod-suv_0001\/\" \/>\n<meta property=\"og:site_name\" content=\"MyStore - By STLFLIX\" \/>\n<meta property=\"article:publisher\" content=\"https:\/\/www.facebook.com\/STLFLIX\" \/>\n<meta property=\"article:modified_time\" content=\"2025-06-23T14:49:16+00:00\" \/>\n<meta name=\"twitter:card\" content=\"summary_large_image\" \/>\n<script type=\"application\/ld+json\" class=\"yoast-schema-graph\">{\"@context\":\"https:\/\/schema.org\",\"@graph\":[{\"@type\":\"WebPage\",\"@id\":\"https:\/\/www.lojadomandela3d.biz\/product\/chaveiro-eu-amo-itariri-5-x-3cm-cod-suv_0001\/\",\"url\":\"https:\/\/www.lojadomandela3d.biz\/product\/chaveiro-eu-amo-itariri-5-x-3cm-cod-suv_0001\/\",\"name\":\"Chaveiro Eu Amo Itariri - Cod SUV_0001 - MyStore - By STLFLIX\",\"isPartOf\":{\"@id\":\"https:\/\/my.stlflix.com\/#website\"},\"datePublished\":\"2025-06-23T14:26:46+00:00\",\"dateModified\":\"2025-06-23T14:49:16+00:00\",\"breadcrumb\":{\"@id\":\"https:\/\/www.lojadomandela3d.biz\/product\/chaveiro-eu-amo-itariri-5-x-3cm-cod-suv_0001\/#breadcrumb\"},\"inLanguage\":\"es-ES\",\"potentialAction\":[{\"@type\":\"ReadAction\",\"target\":[\"https:\/\/www.lojadomandela3d.biz\/product\/chaveiro-eu-amo-itariri-5-x-3cm-cod-suv_0001\/\"]}]},{\"@type\":\"BreadcrumbList\",\"@id\":\"https:\/\/www.lojadomandela3d.biz\/product\/chaveiro-eu-amo-itariri-5-x-3cm-cod-suv_0001\/#breadcrumb\",\"itemListElement\":[{\"@type\":\"ListItem\",\"position\":1,\"name\":\"Home\",\"item\":\"https:\/\/www.stlflix-store.com\/\"},{\"@type\":\"ListItem\",\"position\":2,\"name\":\"Products\",\"item\":\"https:\/\/www.stlflix-store.com\/shop\/\"},{\"@type\":\"ListItem\",\"position\":3,\"name\":\"Chaveiro Eu Amo Itariri &#8211; Cod SUV_0001\"}]},{\"@type\":\"WebSite\",\"@id\":\"https:\/\/my.stlflix.com\/#website\",\"url\":\"https:\/\/my.stlflix.com\/\",\"name\":\"MyStore - By STLFLIX\",\"description\":\"\",\"publisher\":{\"@id\":\"https:\/\/my.stlflix.com\/#organization\"},\"potentialAction\":[{\"@type\":\"SearchAction\",\"target\":{\"@type\":\"EntryPoint\",\"urlTemplate\":\"https:\/\/my.stlflix.com\/?s={search_term_string}\"},\"query-input\":{\"@type\":\"PropertyValueSpecification\",\"valueRequired\":true,\"valueName\":\"search_term_string\"}}],\"inLanguage\":\"es-ES\"},{\"@type\":\"Organization\",\"@id\":\"https:\/\/my.stlflix.com\/#organization\",\"name\":\"MyStore - By STLFLIX\",\"url\":\"https:\/\/my.stlflix.com\/\",\"logo\":{\"@type\":\"ImageObject\",\"inLanguage\":\"es-ES\",\"@id\":\"https:\/\/my.stlflix.com\/#\/schema\/logo\/image\/\",\"url\":\"https:\/\/my.stlflix.com\/wp-content\/uploads\/2024\/06\/logo-mystore.png\",\"contentUrl\":\"https:\/\/my.stlflix.com\/wp-content\/uploads\/2024\/06\/logo-mystore.png\",\"width\":150,\"height\":41,\"caption\":\"MyStore - By STLFLIX\"},\"image\":{\"@id\":\"https:\/\/my.stlflix.com\/#\/schema\/logo\/image\/\"},\"sameAs\":[\"https:\/\/www.facebook.com\/STLFLIX\",\"https:\/\/www.instagram.com\/stlflix_\/\",\"https:\/\/www.tiktok.com\/@stlflix\"]}]}<\/script>\n<!-- \/ Yoast SEO plugin. -->","yoast_head_json":{"title":"Chaveiro Eu Amo Itariri - Cod SUV_0001 - MyStore - By STLFLIX","robots":{"index":"index","follow":"follow","max-snippet":"max-snippet:-1","max-image-preview":"max-image-preview:large","max-video-preview":"max-video-preview:-1"},"canonical":"https:\/\/www.lojadomandela3d.biz\/product\/chaveiro-eu-amo-itariri-5-x-3cm-cod-suv_0001\/","og_locale":"es_ES","og_type":"article","og_title":"Chaveiro Eu Amo Itariri - Cod SUV_0001 - MyStore - By STLFLIX","og_description":"Chaveiro de Lembran\u00e7a \u2013 Itariri\/SP Leve um pedacinho de Itariri com voc\u00ea! Nosso chaveiro exclusivo celebra o charme desta cidade encantadora do interior paulista. Ele vem cuidadosamente acomodado em uma charmosa caixinha de papel kraft personalizada, ideal para presentear ou guardar como recorda\u00e7\u00e3o especial. E tem mais: ao adquirir o chaveiro, voc\u00ea ganha inteiramente gr\u00e1tis [&hellip;]","og_url":"https:\/\/www.lojadomandela3d.biz\/product\/chaveiro-eu-amo-itariri-5-x-3cm-cod-suv_0001\/","og_site_name":"MyStore - By STLFLIX","article_publisher":"https:\/\/www.facebook.com\/STLFLIX","article_modified_time":"2025-06-23T14:49:16+00:00","twitter_card":"summary_large_image","schema":{"@context":"https:\/\/schema.org","@graph":[{"@type":"WebPage","@id":"https:\/\/www.lojadomandela3d.biz\/product\/chaveiro-eu-amo-itariri-5-x-3cm-cod-suv_0001\/","url":"https:\/\/www.lojadomandela3d.biz\/product\/chaveiro-eu-amo-itariri-5-x-3cm-cod-suv_0001\/","name":"Chaveiro Eu Amo Itariri - Cod SUV_0001 - MyStore - By STLFLIX","isPartOf":{"@id":"https:\/\/my.stlflix.com\/#website"},"datePublished":"2025-06-23T14:26:46+00:00","dateModified":"2025-06-23T14:49:16+00:00","breadcrumb":{"@id":"https:\/\/www.lojadomandela3d.biz\/product\/chaveiro-eu-amo-itariri-5-x-3cm-cod-suv_0001\/#breadcrumb"},"inLanguage":"es-ES","potentialAction":[{"@type":"ReadAction","target":["https:\/\/www.lojadomandela3d.biz\/product\/chaveiro-eu-amo-itariri-5-x-3cm-cod-suv_0001\/"]}]},{"@type":"BreadcrumbList","@id":"https:\/\/www.lojadomandela3d.biz\/product\/chaveiro-eu-amo-itariri-5-x-3cm-cod-suv_0001\/#breadcrumb","itemListElement":[{"@type":"ListItem","position":1,"name":"Home","item":"https:\/\/www.stlflix-store.com\/"},{"@type":"ListItem","position":2,"name":"Products","item":"https:\/\/www.stlflix-store.com\/shop\/"},{"@type":"ListItem","position":3,"name":"Chaveiro Eu Amo Itariri &#8211; Cod SUV_0001"}]},{"@type":"WebSite","@id":"https:\/\/my.stlflix.com\/#website","url":"https:\/\/my.stlflix.com\/","name":"MyStore - By STLFLIX","description":"","publisher":{"@id":"https:\/\/my.stlflix.com\/#organization"},"potentialAction":[{"@type":"SearchAction","target":{"@type":"EntryPoint","urlTemplate":"https:\/\/my.stlflix.com\/?s={search_term_string}"},"query-input":{"@type":"PropertyValueSpecification","valueRequired":true,"valueName":"search_term_string"}}],"inLanguage":"es-ES"},{"@type":"Organization","@id":"https:\/\/my.stlflix.com\/#organization","name":"MyStore - By STLFLIX","url":"https:\/\/my.stlflix.com\/","logo":{"@type":"ImageObject","inLanguage":"es-ES","@id":"https:\/\/my.stlflix.com\/#\/schema\/logo\/image\/","url":"https:\/\/my.stlflix.com\/wp-content\/uploads\/2024\/06\/logo-mystore.png","contentUrl":"https:\/\/my.stlflix.com\/wp-content\/uploads\/2024\/06\/logo-mystore.png","width":150,"height":41,"caption":"MyStore - By STLFLIX"},"image":{"@id":"https:\/\/my.stlflix.com\/#\/schema\/logo\/image\/"},"sameAs":["https:\/\/www.facebook.com\/STLFLIX","https:\/\/www.instagram.com\/stlflix_\/","https:\/\/www.tiktok.com\/@stlflix"]}]}},"_links":{"self":[{"href":"https:\/\/my.stlflix.com\/es\/wp-json\/wp\/v2\/product\/388409","targetHints":{"allow":["GET"]}}],"collection":[{"href":"https:\/\/my.stlflix.com\/es\/wp-json\/wp\/v2\/product"}],"about":[{"href":"https:\/\/my.stlflix.com\/es\/wp-json\/wp\/v2\/types\/product"}],"replies":[{"embeddable":true,"href":"https:\/\/my.stlflix.com\/es\/wp-json\/wp\/v2\/comments?post=388409"}],"wp:attachment":[{"href":"https:\/\/my.stlflix.com\/es\/wp-json\/wp\/v2\/media?parent=388409"}],"wp:term":[{"taxonomy":"product_brand","embeddable":true,"href":"https:\/\/my.stlflix.com\/es\/wp-json\/wp\/v2\/product_brand?post=388409"},{"taxonomy":"product_cat","embeddable":true,"href":"https:\/\/my.stlflix.com\/es\/wp-json\/wp\/v2\/product_cat?post=388409"},{"taxonomy":"product_tag","embeddable":true,"href":"https:\/\/my.stlflix.com\/es\/wp-json\/wp\/v2\/product_tag?post=388409"}],"curies":[{"name":"wp","href":"https:\/\/api.w.org\/{rel}","templated":true}]}}