{"id":388946,"date":"2025-07-27T17:59:13","date_gmt":"2025-07-27T17:59:13","guid":{"rendered":"https:\/\/my.stlflix.com\/?post_type=product&#038;p=388946"},"modified":"2025-07-27T17:59:13","modified_gmt":"2025-07-27T17:59:13","slug":"minimalist-table-lamp-685afe27596fa","status":"publish","type":"product","link":"https:\/\/my.stlflix.com\/es\/product\/minimalist-table-lamp-685afe27596fa\/","title":{"rendered":"Minimalist Table Lamp"},"content":{"rendered":"<p data-start=\"84\" data-end=\"145\"><strong data-start=\"84\" data-end=\"145\">\ud83d\udda4<span dir=\"auto\" style=\"vertical-align: inherit\"><span dir=\"auto\" style=\"vertical-align: inherit\">Minimalistische Tischleuchte \u2013 Design in seiner reinsten Form<\/span><\/span><\/strong><\/p>\n<p data-start=\"147\" data-end=\"422\"><span dir=\"auto\" style=\"vertical-align: inherit\"><span dir=\"auto\" style=\"vertical-align: inherit\">Diese minimalistischen Tischlampen stehen f\u00fcr klare Linien, moderne Zur\u00fcckhaltung und funktionales Design. <\/span><\/span><br data-start=\"250\" data-end=\"253\" \/><span dir=\"auto\" style=\"vertical-align: inherit\"><span dir=\"auto\" style=\"vertical-align: inherit\">Sie f\u00fcgt sich dezent in jedes Ambiente ein und zieht gleichzeitig mit ihrer stilvollen Schlichtheit alle Blicke auf sich \u2013 perfekt f\u00fcr Wohnr\u00e4ume, B\u00fcros oder Nachttische.<\/span><\/span><\/p>\n<p data-start=\"424\" data-end=\"445\">\u2728 <strong data-start=\"426\" data-end=\"445\"><span dir=\"auto\" style=\"vertical-align: inherit\"><span dir=\"auto\" style=\"vertical-align: inherit\">Produktdetails:<\/span><\/span><\/strong><\/p>\n<ul data-start=\"446\" data-end=\"666\">\n<li data-start=\"446\" data-end=\"490\">\n<p data-start=\"448\" data-end=\"490\"><span dir=\"auto\" style=\"vertical-align: inherit\"><span dir=\"auto\" style=\"vertical-align: inherit\">3D-gedruckt mit PLA<\/span><\/span><\/p>\n<\/li>\n<li data-start=\"491\" data-end=\"521\">\n<p data-start=\"493\" data-end=\"521\"><span dir=\"auto\" style=\"vertical-align: inherit\"><span dir=\"auto\" style=\"vertical-align: inherit\">H\u00f6he: ca. 33 cm (montiert)<\/span><\/span><\/p>\n<\/li>\n<li data-start=\"566\" data-end=\"613\">\n<p data-start=\"568\" data-end=\"613\"><span dir=\"auto\" style=\"vertical-align: inherit\"><span dir=\"auto\" style=\"vertical-align: inherit\">Anschluss: E27 (Leuchtmittel ist nicht enthalten)<\/span><\/span><\/p>\n<\/li>\n<\/ul>\n<p data-start=\"668\" data-end=\"742\">\ud83d\udecb\ufe0f<span dir=\"auto\" style=\"vertical-align: inherit\"><span dir=\"auto\" style=\"vertical-align: inherit\">Ein Must-Have f\u00fcr alle, die klassische und moderne Eleganz m\u00f6gen!<\/span><\/span><\/p>\n","protected":false},"excerpt":{"rendered":"<p>\ud83d\udda4Minimalistische Tischleuchte \u2013 Design in seiner reinsten Form Diese minimalistischen Tischlampen stehen f\u00fcr klare Linien, moderne Zur\u00fcckhaltung und funktionales Design. Sie f\u00fcgt sich dezent in jedes Ambiente ein und zieht gleichzeitig mit ihrer stilvollen Schlichtheit alle Blicke auf sich \u2013 perfekt f\u00fcr Wohnr\u00e4ume, B\u00fcros oder Nachttische. \u2728 Produktdetails: 3D-gedruckt mit PLA H\u00f6he: ca. 33 cm [&hellip;]<\/p>\n","protected":false},"featured_media":345193,"comment_status":"open","ping_status":"closed","template":"","meta":[],"product_brand":[],"product_cat":[15],"product_tag":[547,1631],"class_list":{"0":"post-388946","1":"product","2":"type-product","3":"status-publish","4":"has-post-thumbnail","6":"product_cat-uncategorized","7":"product_tag-dekoracje","8":"product_tag-lampe","10":"first","11":"instock","12":"taxable","13":"shipping-taxable","14":"purchasable","15":"product-type-simple"},"yoast_head":"<!-- This site is optimized with the Yoast SEO plugin v25.1 - https:\/\/yoast.com\/wordpress\/plugins\/seo\/ -->\n<title>Minimalist Table Lamp - MyStore - By STLFLIX<\/title>\n<meta name=\"robots\" content=\"index, follow, max-snippet:-1, max-image-preview:large, max-video-preview:-1\" \/>\n<link rel=\"canonical\" href=\"https:\/\/www.monitorstlflix.com\/product\/minimalist-table-lamp-685afe27596fa\/\" \/>\n<meta property=\"og:locale\" content=\"es_ES\" \/>\n<meta property=\"og:type\" content=\"article\" \/>\n<meta property=\"og:title\" content=\"Minimalist Table Lamp - MyStore - By STLFLIX\" \/>\n<meta property=\"og:description\" content=\"\ud83d\udda4Minimalistische Tischleuchte \u2013 Design in seiner reinsten Form Diese minimalistischen Tischlampen stehen f\u00fcr klare Linien, moderne Zur\u00fcckhaltung und funktionales Design. Sie f\u00fcgt sich dezent in jedes Ambiente ein und zieht gleichzeitig mit ihrer stilvollen Schlichtheit alle Blicke auf sich \u2013 perfekt f\u00fcr Wohnr\u00e4ume, B\u00fcros oder Nachttische. \u2728 Produktdetails: 3D-gedruckt mit PLA H\u00f6he: ca. 33 cm [&hellip;]\" \/>\n<meta property=\"og:url\" content=\"https:\/\/www.monitorstlflix.com\/product\/minimalist-table-lamp-685afe27596fa\/\" \/>\n<meta property=\"og:site_name\" content=\"MyStore - By STLFLIX\" \/>\n<meta property=\"article:publisher\" content=\"https:\/\/www.facebook.com\/STLFLIX\" \/>\n<meta property=\"og:image\" content=\"https:\/\/www.monitorstlflix.com\/wp-content\/uploads\/2025\/05\/Minimalist_Table_Lamp_thumb_fbb32fe96f.jpg\" \/>\n\t<meta property=\"og:image:width\" content=\"1080\" \/>\n\t<meta property=\"og:image:height\" content=\"1350\" \/>\n\t<meta property=\"og:image:type\" content=\"image\/jpeg\" \/>\n<meta name=\"twitter:card\" content=\"summary_large_image\" \/>\n<script type=\"application\/ld+json\" class=\"yoast-schema-graph\">{\"@context\":\"https:\/\/schema.org\",\"@graph\":[{\"@type\":\"WebPage\",\"@id\":\"https:\/\/www.monitorstlflix.com\/product\/minimalist-table-lamp-685afe27596fa\/\",\"url\":\"https:\/\/www.monitorstlflix.com\/product\/minimalist-table-lamp-685afe27596fa\/\",\"name\":\"Minimalist Table Lamp - MyStore - By STLFLIX\",\"isPartOf\":{\"@id\":\"https:\/\/my.stlflix.com\/#website\"},\"primaryImageOfPage\":{\"@id\":\"https:\/\/www.monitorstlflix.com\/product\/minimalist-table-lamp-685afe27596fa\/#primaryimage\"},\"image\":{\"@id\":\"https:\/\/www.monitorstlflix.com\/product\/minimalist-table-lamp-685afe27596fa\/#primaryimage\"},\"thumbnailUrl\":\"https:\/\/my.stlflix.com\/wp-content\/uploads\/2025\/05\/Minimalist_Table_Lamp_thumb_fbb32fe96f.jpg\",\"datePublished\":\"2025-07-27T17:59:13+00:00\",\"breadcrumb\":{\"@id\":\"https:\/\/www.monitorstlflix.com\/product\/minimalist-table-lamp-685afe27596fa\/#breadcrumb\"},\"inLanguage\":\"es-ES\",\"potentialAction\":[{\"@type\":\"ReadAction\",\"target\":[\"https:\/\/www.monitorstlflix.com\/product\/minimalist-table-lamp-685afe27596fa\/\"]}]},{\"@type\":\"ImageObject\",\"inLanguage\":\"es-ES\",\"@id\":\"https:\/\/www.monitorstlflix.com\/product\/minimalist-table-lamp-685afe27596fa\/#primaryimage\",\"url\":\"https:\/\/my.stlflix.com\/wp-content\/uploads\/2025\/05\/Minimalist_Table_Lamp_thumb_fbb32fe96f.jpg\",\"contentUrl\":\"https:\/\/my.stlflix.com\/wp-content\/uploads\/2025\/05\/Minimalist_Table_Lamp_thumb_fbb32fe96f.jpg\",\"width\":1080,\"height\":1350},{\"@type\":\"BreadcrumbList\",\"@id\":\"https:\/\/www.monitorstlflix.com\/product\/minimalist-table-lamp-685afe27596fa\/#breadcrumb\",\"itemListElement\":[{\"@type\":\"ListItem\",\"position\":1,\"name\":\"Home\",\"item\":\"https:\/\/www.stlflix-store.com\/\"},{\"@type\":\"ListItem\",\"position\":2,\"name\":\"Products\",\"item\":\"https:\/\/www.stlflix-store.com\/shop\/\"},{\"@type\":\"ListItem\",\"position\":3,\"name\":\"Minimalist Table Lamp\"}]},{\"@type\":\"WebSite\",\"@id\":\"https:\/\/my.stlflix.com\/#website\",\"url\":\"https:\/\/my.stlflix.com\/\",\"name\":\"MyStore - By STLFLIX\",\"description\":\"\",\"publisher\":{\"@id\":\"https:\/\/my.stlflix.com\/#organization\"},\"potentialAction\":[{\"@type\":\"SearchAction\",\"target\":{\"@type\":\"EntryPoint\",\"urlTemplate\":\"https:\/\/my.stlflix.com\/?s={search_term_string}\"},\"query-input\":{\"@type\":\"PropertyValueSpecification\",\"valueRequired\":true,\"valueName\":\"search_term_string\"}}],\"inLanguage\":\"es-ES\"},{\"@type\":\"Organization\",\"@id\":\"https:\/\/my.stlflix.com\/#organization\",\"name\":\"MyStore - By STLFLIX\",\"url\":\"https:\/\/my.stlflix.com\/\",\"logo\":{\"@type\":\"ImageObject\",\"inLanguage\":\"es-ES\",\"@id\":\"https:\/\/my.stlflix.com\/#\/schema\/logo\/image\/\",\"url\":\"https:\/\/my.stlflix.com\/wp-content\/uploads\/2024\/06\/logo-mystore.png\",\"contentUrl\":\"https:\/\/my.stlflix.com\/wp-content\/uploads\/2024\/06\/logo-mystore.png\",\"width\":150,\"height\":41,\"caption\":\"MyStore - By STLFLIX\"},\"image\":{\"@id\":\"https:\/\/my.stlflix.com\/#\/schema\/logo\/image\/\"},\"sameAs\":[\"https:\/\/www.facebook.com\/STLFLIX\",\"https:\/\/www.instagram.com\/stlflix_\/\",\"https:\/\/www.tiktok.com\/@stlflix\"]}]}<\/script>\n<!-- \/ Yoast SEO plugin. -->","yoast_head_json":{"title":"Minimalist Table Lamp - MyStore - By STLFLIX","robots":{"index":"index","follow":"follow","max-snippet":"max-snippet:-1","max-image-preview":"max-image-preview:large","max-video-preview":"max-video-preview:-1"},"canonical":"https:\/\/www.monitorstlflix.com\/product\/minimalist-table-lamp-685afe27596fa\/","og_locale":"es_ES","og_type":"article","og_title":"Minimalist Table Lamp - MyStore - By STLFLIX","og_description":"\ud83d\udda4Minimalistische Tischleuchte \u2013 Design in seiner reinsten Form Diese minimalistischen Tischlampen stehen f\u00fcr klare Linien, moderne Zur\u00fcckhaltung und funktionales Design. Sie f\u00fcgt sich dezent in jedes Ambiente ein und zieht gleichzeitig mit ihrer stilvollen Schlichtheit alle Blicke auf sich \u2013 perfekt f\u00fcr Wohnr\u00e4ume, B\u00fcros oder Nachttische. \u2728 Produktdetails: 3D-gedruckt mit PLA H\u00f6he: ca. 33 cm [&hellip;]","og_url":"https:\/\/www.monitorstlflix.com\/product\/minimalist-table-lamp-685afe27596fa\/","og_site_name":"MyStore - By STLFLIX","article_publisher":"https:\/\/www.facebook.com\/STLFLIX","og_image":[{"width":1080,"height":1350,"url":"https:\/\/www.monitorstlflix.com\/wp-content\/uploads\/2025\/05\/Minimalist_Table_Lamp_thumb_fbb32fe96f.jpg","type":"image\/jpeg"}],"twitter_card":"summary_large_image","schema":{"@context":"https:\/\/schema.org","@graph":[{"@type":"WebPage","@id":"https:\/\/www.monitorstlflix.com\/product\/minimalist-table-lamp-685afe27596fa\/","url":"https:\/\/www.monitorstlflix.com\/product\/minimalist-table-lamp-685afe27596fa\/","name":"Minimalist Table Lamp - MyStore - By STLFLIX","isPartOf":{"@id":"https:\/\/my.stlflix.com\/#website"},"primaryImageOfPage":{"@id":"https:\/\/www.monitorstlflix.com\/product\/minimalist-table-lamp-685afe27596fa\/#primaryimage"},"image":{"@id":"https:\/\/www.monitorstlflix.com\/product\/minimalist-table-lamp-685afe27596fa\/#primaryimage"},"thumbnailUrl":"https:\/\/my.stlflix.com\/wp-content\/uploads\/2025\/05\/Minimalist_Table_Lamp_thumb_fbb32fe96f.jpg","datePublished":"2025-07-27T17:59:13+00:00","breadcrumb":{"@id":"https:\/\/www.monitorstlflix.com\/product\/minimalist-table-lamp-685afe27596fa\/#breadcrumb"},"inLanguage":"es-ES","potentialAction":[{"@type":"ReadAction","target":["https:\/\/www.monitorstlflix.com\/product\/minimalist-table-lamp-685afe27596fa\/"]}]},{"@type":"ImageObject","inLanguage":"es-ES","@id":"https:\/\/www.monitorstlflix.com\/product\/minimalist-table-lamp-685afe27596fa\/#primaryimage","url":"https:\/\/my.stlflix.com\/wp-content\/uploads\/2025\/05\/Minimalist_Table_Lamp_thumb_fbb32fe96f.jpg","contentUrl":"https:\/\/my.stlflix.com\/wp-content\/uploads\/2025\/05\/Minimalist_Table_Lamp_thumb_fbb32fe96f.jpg","width":1080,"height":1350},{"@type":"BreadcrumbList","@id":"https:\/\/www.monitorstlflix.com\/product\/minimalist-table-lamp-685afe27596fa\/#breadcrumb","itemListElement":[{"@type":"ListItem","position":1,"name":"Home","item":"https:\/\/www.stlflix-store.com\/"},{"@type":"ListItem","position":2,"name":"Products","item":"https:\/\/www.stlflix-store.com\/shop\/"},{"@type":"ListItem","position":3,"name":"Minimalist Table Lamp"}]},{"@type":"WebSite","@id":"https:\/\/my.stlflix.com\/#website","url":"https:\/\/my.stlflix.com\/","name":"MyStore - By STLFLIX","description":"","publisher":{"@id":"https:\/\/my.stlflix.com\/#organization"},"potentialAction":[{"@type":"SearchAction","target":{"@type":"EntryPoint","urlTemplate":"https:\/\/my.stlflix.com\/?s={search_term_string}"},"query-input":{"@type":"PropertyValueSpecification","valueRequired":true,"valueName":"search_term_string"}}],"inLanguage":"es-ES"},{"@type":"Organization","@id":"https:\/\/my.stlflix.com\/#organization","name":"MyStore - By STLFLIX","url":"https:\/\/my.stlflix.com\/","logo":{"@type":"ImageObject","inLanguage":"es-ES","@id":"https:\/\/my.stlflix.com\/#\/schema\/logo\/image\/","url":"https:\/\/my.stlflix.com\/wp-content\/uploads\/2024\/06\/logo-mystore.png","contentUrl":"https:\/\/my.stlflix.com\/wp-content\/uploads\/2024\/06\/logo-mystore.png","width":150,"height":41,"caption":"MyStore - By STLFLIX"},"image":{"@id":"https:\/\/my.stlflix.com\/#\/schema\/logo\/image\/"},"sameAs":["https:\/\/www.facebook.com\/STLFLIX","https:\/\/www.instagram.com\/stlflix_\/","https:\/\/www.tiktok.com\/@stlflix"]}]}},"_links":{"self":[{"href":"https:\/\/my.stlflix.com\/es\/wp-json\/wp\/v2\/product\/388946","targetHints":{"allow":["GET"]}}],"collection":[{"href":"https:\/\/my.stlflix.com\/es\/wp-json\/wp\/v2\/product"}],"about":[{"href":"https:\/\/my.stlflix.com\/es\/wp-json\/wp\/v2\/types\/product"}],"replies":[{"embeddable":true,"href":"https:\/\/my.stlflix.com\/es\/wp-json\/wp\/v2\/comments?post=388946"}],"wp:featuredmedia":[{"embeddable":true,"href":"https:\/\/my.stlflix.com\/es\/wp-json\/wp\/v2\/media\/345193"}],"wp:attachment":[{"href":"https:\/\/my.stlflix.com\/es\/wp-json\/wp\/v2\/media?parent=388946"}],"wp:term":[{"taxonomy":"product_brand","embeddable":true,"href":"https:\/\/my.stlflix.com\/es\/wp-json\/wp\/v2\/product_brand?post=388946"},{"taxonomy":"product_cat","embeddable":true,"href":"https:\/\/my.stlflix.com\/es\/wp-json\/wp\/v2\/product_cat?post=388946"},{"taxonomy":"product_tag","embeddable":true,"href":"https:\/\/my.stlflix.com\/es\/wp-json\/wp\/v2\/product_tag?post=388946"}],"curies":[{"name":"wp","href":"https:\/\/api.w.org\/{rel}","templated":true}]}}