{"id":393866,"date":"2025-06-30T00:22:55","date_gmt":"2025-06-30T00:22:55","guid":{"rendered":"https:\/\/my.stlflix.com\/?post_type=product&#038;p=393866"},"modified":"2025-08-27T09:10:07","modified_gmt":"2025-08-27T09:10:07","slug":"backboard-breaking-dunk-685f5412bcf1a","status":"publish","type":"product","link":"https:\/\/my.stlflix.com\/es\/product\/backboard-breaking-dunk-685f5412bcf1a\/","title":{"rendered":"Backboard Breaking Dunk"},"content":{"rendered":"<p>\ud83d\udde3\ufe0f **Gosta de basquete?**<\/p>\n<p>\ud83d\udc55 **Quem foram os maiores jogadores que vestiram a lend\u00e1ria camisa 24?**<\/p>\n<p>(Pensou em Kobe? A gente tamb\u00e9m. \ud83d\udc51)<\/p>\n<p>&nbsp;<\/p>\n<p>Agora imagine ter **essa energia imortalizada em uma escultura feita sob medida**.<\/p>\n<p>&nbsp;<\/p>\n<p>\ud83c\udfc0\ud83d\udca5 **A ENTERRADA DA VIT\u00d3RIA \u2013 ESCULTURA 3D EXCLUSIVA**<\/p>\n<p>&nbsp;<\/p>\n<p>Um momento \u00e9pico de jogo, congelado no ar.<\/p>\n<p>**Um jogador voando rumo \u00e0 cesta, em uma posi\u00e7\u00e3o \u00fanica, com pot\u00eancia e estilo.**<\/p>\n<p>\ud83c\udfaf **Feita em impress\u00e3o 3D com acabamento de alto padr\u00e3o**<\/p>\n<p>\ud83e\udde9 Base firme e personaliz\u00e1vel (nome, n\u00famero, time ou frase)<\/p>\n<p>\ud83c\udf81 **Presente ideal para:**<\/p>\n<p>* F\u00e3s de basquete<\/p>\n<p>* Decora\u00e7\u00e3o de ambientes estilosos<\/p>\n<p>* Lojas de artigos esportivos<\/p>\n<p>* Lembran\u00e7as memor\u00e1veis para atletas e t\u00e9cnicos<\/p>\n<p>\ud83d\udea8 Produ\u00e7\u00e3o sob encomenda.<\/p>\n<p>**Exclusividade garantida. Edi\u00e7\u00e3o limitada.**<\/p>\n<p>&nbsp;<\/p>\n<p>\ud83d\udcac Fa\u00e7a seu pedido com a Sanfel 3D:<\/p>\n<p>&nbsp;<\/p>\n<p>\ud83d\udcf1 (11) 94449-6824<\/p>\n<p>\ud83d\udcf8 @sanfelsanfel1<\/p>\n<p>\ud83d\uded2 stlflix.com\/s\/felixeverton02<\/p>\n<p>&nbsp;<\/p>\n<p>**\ud83c\udfc0 Sanfel 3D \u2013 Onde o jogo vira arte<\/p>\n","protected":false},"excerpt":{"rendered":"<p>\ud83d\udde3\ufe0f **Gosta de basquete?** \ud83d\udc55 **Quem foram os maiores jogadores que vestiram a lend\u00e1ria camisa 24?** (Pensou em Kobe? A gente tamb\u00e9m. \ud83d\udc51) &nbsp; Agora imagine ter **essa energia imortalizada em uma escultura feita sob medida**. &nbsp; \ud83c\udfc0\ud83d\udca5 **A ENTERRADA DA VIT\u00d3RIA \u2013 ESCULTURA 3D EXCLUSIVA** &nbsp; Um momento \u00e9pico de jogo, congelado no ar. [&hellip;]<\/p>\n","protected":false},"featured_media":5353,"comment_status":"open","ping_status":"closed","template":"","meta":[],"product_brand":[],"product_cat":[36],"product_tag":[],"class_list":{"0":"post-393866","1":"product","2":"type-product","3":"status-publish","4":"has-post-thumbnail","6":"product_cat-statues","8":"first","9":"instock","10":"sale","11":"taxable","12":"shipping-taxable","13":"purchasable","14":"product-type-simple"},"yoast_head":"<!-- This site is optimized with the Yoast SEO plugin v25.1 - https:\/\/yoast.com\/wordpress\/plugins\/seo\/ -->\n<title>Backboard Breaking Dunk - MyStore - By STLFLIX<\/title>\n<meta name=\"robots\" content=\"index, follow, max-snippet:-1, max-image-preview:large, max-video-preview:-1\" \/>\n<link rel=\"canonical\" href=\"https:\/\/my.stlflix.com\/es\/product\/backboard-breaking-dunk-685f5412bcf1a\/\" \/>\n<meta property=\"og:locale\" content=\"es_ES\" \/>\n<meta property=\"og:type\" content=\"article\" \/>\n<meta property=\"og:title\" content=\"Backboard Breaking Dunk - MyStore - By STLFLIX\" \/>\n<meta property=\"og:description\" content=\"\ud83d\udde3\ufe0f **Gosta de basquete?** \ud83d\udc55 **Quem foram os maiores jogadores que vestiram a lend\u00e1ria camisa 24?** (Pensou em Kobe? A gente tamb\u00e9m. \ud83d\udc51) &nbsp; Agora imagine ter **essa energia imortalizada em uma escultura feita sob medida**. &nbsp; \ud83c\udfc0\ud83d\udca5 **A ENTERRADA DA VIT\u00d3RIA \u2013 ESCULTURA 3D EXCLUSIVA** &nbsp; Um momento \u00e9pico de jogo, congelado no ar. [&hellip;]\" \/>\n<meta property=\"og:url\" content=\"https:\/\/my.stlflix.com\/es\/product\/backboard-breaking-dunk-685f5412bcf1a\/\" \/>\n<meta property=\"og:site_name\" content=\"MyStore - By STLFLIX\" \/>\n<meta property=\"article:publisher\" content=\"https:\/\/www.facebook.com\/STLFLIX\" \/>\n<meta property=\"article:modified_time\" content=\"2025-08-27T09:10:07+00:00\" \/>\n<meta property=\"og:image\" content=\"https:\/\/my.stlflix.com\/wp-content\/uploads\/2024\/03\/FEED_2282d8949a.jpg\" \/>\n\t<meta property=\"og:image:width\" content=\"1079\" \/>\n\t<meta property=\"og:image:height\" content=\"1350\" \/>\n\t<meta property=\"og:image:type\" content=\"image\/jpeg\" \/>\n<meta name=\"twitter:card\" content=\"summary_large_image\" \/>\n<meta name=\"twitter:label1\" content=\"Est. reading time\" \/>\n\t<meta name=\"twitter:data1\" content=\"1 minute\" \/>\n<script type=\"application\/ld+json\" class=\"yoast-schema-graph\">{\"@context\":\"https:\/\/schema.org\",\"@graph\":[{\"@type\":\"WebPage\",\"@id\":\"https:\/\/my.stlflix.com\/es\/product\/backboard-breaking-dunk-685f5412bcf1a\/\",\"url\":\"https:\/\/my.stlflix.com\/es\/product\/backboard-breaking-dunk-685f5412bcf1a\/\",\"name\":\"Backboard Breaking Dunk - MyStore - By STLFLIX\",\"isPartOf\":{\"@id\":\"https:\/\/my.stlflix.com\/#website\"},\"primaryImageOfPage\":{\"@id\":\"https:\/\/my.stlflix.com\/es\/product\/backboard-breaking-dunk-685f5412bcf1a\/#primaryimage\"},\"image\":{\"@id\":\"https:\/\/my.stlflix.com\/es\/product\/backboard-breaking-dunk-685f5412bcf1a\/#primaryimage\"},\"thumbnailUrl\":\"https:\/\/my.stlflix.com\/wp-content\/uploads\/2024\/03\/FEED_2282d8949a.jpg\",\"datePublished\":\"2025-06-30T00:22:55+00:00\",\"dateModified\":\"2025-08-27T09:10:07+00:00\",\"breadcrumb\":{\"@id\":\"https:\/\/my.stlflix.com\/es\/product\/backboard-breaking-dunk-685f5412bcf1a\/#breadcrumb\"},\"inLanguage\":\"es-ES\",\"potentialAction\":[{\"@type\":\"ReadAction\",\"target\":[\"https:\/\/my.stlflix.com\/es\/product\/backboard-breaking-dunk-685f5412bcf1a\/\"]}]},{\"@type\":\"ImageObject\",\"inLanguage\":\"es-ES\",\"@id\":\"https:\/\/my.stlflix.com\/es\/product\/backboard-breaking-dunk-685f5412bcf1a\/#primaryimage\",\"url\":\"https:\/\/my.stlflix.com\/wp-content\/uploads\/2024\/03\/FEED_2282d8949a.jpg\",\"contentUrl\":\"https:\/\/my.stlflix.com\/wp-content\/uploads\/2024\/03\/FEED_2282d8949a.jpg\",\"width\":1079,\"height\":1350},{\"@type\":\"BreadcrumbList\",\"@id\":\"https:\/\/my.stlflix.com\/es\/product\/backboard-breaking-dunk-685f5412bcf1a\/#breadcrumb\",\"itemListElement\":[{\"@type\":\"ListItem\",\"position\":1,\"name\":\"Home\",\"item\":\"https:\/\/www.stlflix-store.com\/\"},{\"@type\":\"ListItem\",\"position\":2,\"name\":\"Products\",\"item\":\"https:\/\/www.stlflix-store.com\/shop\/\"},{\"@type\":\"ListItem\",\"position\":3,\"name\":\"Backboard Breaking Dunk\"}]},{\"@type\":\"WebSite\",\"@id\":\"https:\/\/my.stlflix.com\/#website\",\"url\":\"https:\/\/my.stlflix.com\/\",\"name\":\"MyStore - By STLFLIX\",\"description\":\"\",\"publisher\":{\"@id\":\"https:\/\/my.stlflix.com\/#organization\"},\"potentialAction\":[{\"@type\":\"SearchAction\",\"target\":{\"@type\":\"EntryPoint\",\"urlTemplate\":\"https:\/\/my.stlflix.com\/?s={search_term_string}\"},\"query-input\":{\"@type\":\"PropertyValueSpecification\",\"valueRequired\":true,\"valueName\":\"search_term_string\"}}],\"inLanguage\":\"es-ES\"},{\"@type\":\"Organization\",\"@id\":\"https:\/\/my.stlflix.com\/#organization\",\"name\":\"MyStore - By STLFLIX\",\"url\":\"https:\/\/my.stlflix.com\/\",\"logo\":{\"@type\":\"ImageObject\",\"inLanguage\":\"es-ES\",\"@id\":\"https:\/\/my.stlflix.com\/#\/schema\/logo\/image\/\",\"url\":\"https:\/\/my.stlflix.com\/wp-content\/uploads\/2024\/06\/logo-mystore.png\",\"contentUrl\":\"https:\/\/my.stlflix.com\/wp-content\/uploads\/2024\/06\/logo-mystore.png\",\"width\":150,\"height\":41,\"caption\":\"MyStore - By STLFLIX\"},\"image\":{\"@id\":\"https:\/\/my.stlflix.com\/#\/schema\/logo\/image\/\"},\"sameAs\":[\"https:\/\/www.facebook.com\/STLFLIX\",\"https:\/\/www.instagram.com\/stlflix_\/\",\"https:\/\/www.tiktok.com\/@stlflix\"]}]}<\/script>\n<!-- \/ Yoast SEO plugin. -->","yoast_head_json":{"title":"Backboard Breaking Dunk - MyStore - By STLFLIX","robots":{"index":"index","follow":"follow","max-snippet":"max-snippet:-1","max-image-preview":"max-image-preview:large","max-video-preview":"max-video-preview:-1"},"canonical":"https:\/\/my.stlflix.com\/es\/product\/backboard-breaking-dunk-685f5412bcf1a\/","og_locale":"es_ES","og_type":"article","og_title":"Backboard Breaking Dunk - MyStore - By STLFLIX","og_description":"\ud83d\udde3\ufe0f **Gosta de basquete?** \ud83d\udc55 **Quem foram os maiores jogadores que vestiram a lend\u00e1ria camisa 24?** (Pensou em Kobe? A gente tamb\u00e9m. \ud83d\udc51) &nbsp; Agora imagine ter **essa energia imortalizada em uma escultura feita sob medida**. &nbsp; \ud83c\udfc0\ud83d\udca5 **A ENTERRADA DA VIT\u00d3RIA \u2013 ESCULTURA 3D EXCLUSIVA** &nbsp; Um momento \u00e9pico de jogo, congelado no ar. [&hellip;]","og_url":"https:\/\/my.stlflix.com\/es\/product\/backboard-breaking-dunk-685f5412bcf1a\/","og_site_name":"MyStore - By STLFLIX","article_publisher":"https:\/\/www.facebook.com\/STLFLIX","article_modified_time":"2025-08-27T09:10:07+00:00","og_image":[{"width":1079,"height":1350,"url":"https:\/\/my.stlflix.com\/wp-content\/uploads\/2024\/03\/FEED_2282d8949a.jpg","type":"image\/jpeg"}],"twitter_card":"summary_large_image","twitter_misc":{"Est. reading time":"1 minute"},"schema":{"@context":"https:\/\/schema.org","@graph":[{"@type":"WebPage","@id":"https:\/\/my.stlflix.com\/es\/product\/backboard-breaking-dunk-685f5412bcf1a\/","url":"https:\/\/my.stlflix.com\/es\/product\/backboard-breaking-dunk-685f5412bcf1a\/","name":"Backboard Breaking Dunk - MyStore - By STLFLIX","isPartOf":{"@id":"https:\/\/my.stlflix.com\/#website"},"primaryImageOfPage":{"@id":"https:\/\/my.stlflix.com\/es\/product\/backboard-breaking-dunk-685f5412bcf1a\/#primaryimage"},"image":{"@id":"https:\/\/my.stlflix.com\/es\/product\/backboard-breaking-dunk-685f5412bcf1a\/#primaryimage"},"thumbnailUrl":"https:\/\/my.stlflix.com\/wp-content\/uploads\/2024\/03\/FEED_2282d8949a.jpg","datePublished":"2025-06-30T00:22:55+00:00","dateModified":"2025-08-27T09:10:07+00:00","breadcrumb":{"@id":"https:\/\/my.stlflix.com\/es\/product\/backboard-breaking-dunk-685f5412bcf1a\/#breadcrumb"},"inLanguage":"es-ES","potentialAction":[{"@type":"ReadAction","target":["https:\/\/my.stlflix.com\/es\/product\/backboard-breaking-dunk-685f5412bcf1a\/"]}]},{"@type":"ImageObject","inLanguage":"es-ES","@id":"https:\/\/my.stlflix.com\/es\/product\/backboard-breaking-dunk-685f5412bcf1a\/#primaryimage","url":"https:\/\/my.stlflix.com\/wp-content\/uploads\/2024\/03\/FEED_2282d8949a.jpg","contentUrl":"https:\/\/my.stlflix.com\/wp-content\/uploads\/2024\/03\/FEED_2282d8949a.jpg","width":1079,"height":1350},{"@type":"BreadcrumbList","@id":"https:\/\/my.stlflix.com\/es\/product\/backboard-breaking-dunk-685f5412bcf1a\/#breadcrumb","itemListElement":[{"@type":"ListItem","position":1,"name":"Home","item":"https:\/\/www.stlflix-store.com\/"},{"@type":"ListItem","position":2,"name":"Products","item":"https:\/\/www.stlflix-store.com\/shop\/"},{"@type":"ListItem","position":3,"name":"Backboard Breaking Dunk"}]},{"@type":"WebSite","@id":"https:\/\/my.stlflix.com\/#website","url":"https:\/\/my.stlflix.com\/","name":"MyStore - By STLFLIX","description":"","publisher":{"@id":"https:\/\/my.stlflix.com\/#organization"},"potentialAction":[{"@type":"SearchAction","target":{"@type":"EntryPoint","urlTemplate":"https:\/\/my.stlflix.com\/?s={search_term_string}"},"query-input":{"@type":"PropertyValueSpecification","valueRequired":true,"valueName":"search_term_string"}}],"inLanguage":"es-ES"},{"@type":"Organization","@id":"https:\/\/my.stlflix.com\/#organization","name":"MyStore - By STLFLIX","url":"https:\/\/my.stlflix.com\/","logo":{"@type":"ImageObject","inLanguage":"es-ES","@id":"https:\/\/my.stlflix.com\/#\/schema\/logo\/image\/","url":"https:\/\/my.stlflix.com\/wp-content\/uploads\/2024\/06\/logo-mystore.png","contentUrl":"https:\/\/my.stlflix.com\/wp-content\/uploads\/2024\/06\/logo-mystore.png","width":150,"height":41,"caption":"MyStore - By STLFLIX"},"image":{"@id":"https:\/\/my.stlflix.com\/#\/schema\/logo\/image\/"},"sameAs":["https:\/\/www.facebook.com\/STLFLIX","https:\/\/www.instagram.com\/stlflix_\/","https:\/\/www.tiktok.com\/@stlflix"]}]}},"_links":{"self":[{"href":"https:\/\/my.stlflix.com\/es\/wp-json\/wp\/v2\/product\/393866","targetHints":{"allow":["GET"]}}],"collection":[{"href":"https:\/\/my.stlflix.com\/es\/wp-json\/wp\/v2\/product"}],"about":[{"href":"https:\/\/my.stlflix.com\/es\/wp-json\/wp\/v2\/types\/product"}],"replies":[{"embeddable":true,"href":"https:\/\/my.stlflix.com\/es\/wp-json\/wp\/v2\/comments?post=393866"}],"wp:featuredmedia":[{"embeddable":true,"href":"https:\/\/my.stlflix.com\/es\/wp-json\/wp\/v2\/media\/5353"}],"wp:attachment":[{"href":"https:\/\/my.stlflix.com\/es\/wp-json\/wp\/v2\/media?parent=393866"}],"wp:term":[{"taxonomy":"product_brand","embeddable":true,"href":"https:\/\/my.stlflix.com\/es\/wp-json\/wp\/v2\/product_brand?post=393866"},{"taxonomy":"product_cat","embeddable":true,"href":"https:\/\/my.stlflix.com\/es\/wp-json\/wp\/v2\/product_cat?post=393866"},{"taxonomy":"product_tag","embeddable":true,"href":"https:\/\/my.stlflix.com\/es\/wp-json\/wp\/v2\/product_tag?post=393866"}],"curies":[{"name":"wp","href":"https:\/\/api.w.org\/{rel}","templated":true}]}}