{"id":394662,"date":"2025-06-29T19:18:30","date_gmt":"2025-06-29T19:18:30","guid":{"rendered":"https:\/\/my.stlflix.com\/?post_type=product&#038;p=394662"},"modified":"2025-06-29T19:31:31","modified_gmt":"2025-06-29T19:31:31","slug":"seta-de-mario-bross-para-almacenar-juegos","status":"publish","type":"product","link":"https:\/\/my.stlflix.com\/es\/product\/seta-de-mario-bross-para-almacenar-juegos\/","title":{"rendered":"Seta de Mario Bross para almacenar juegos"},"content":{"rendered":"<p data-start=\"174\" data-end=\"557\"><span style=\"vertical-align: inherit\"><span style=\"vertical-align: inherit\"><span style=\"vertical-align: inherit\"><span style=\"vertical-align: inherit\">\u00a1Organiza tus juegos de Nintendo Switch con estilo! \ud83c\udfae\ud83c\udf44 <\/span><\/span><\/span><\/span><br data-start=\"230\" data-end=\"233\" \/><span style=\"vertical-align: inherit\"><span style=\"vertical-align: inherit\"><span style=\"vertical-align: inherit\"><span style=\"vertical-align: inherit\">Este pr\u00e1ctico y original estuche en forma de hongo inspirado en Mario es perfecto para almacenar tus cartuchos de manera segura y divertida. Fabricado en impresi\u00f3n 3D con materiales de alta calidad, tiene capacidad para varios juegos (como se muestra en la imagen) y es ideal para mantener tu colecci\u00f3n ordenada y protegida.<\/span><\/span><\/span><\/span><\/p>\n<p data-start=\"559\" data-end=\"579\"><strong data-start=\"559\" data-end=\"579\"><span style=\"vertical-align: inherit\"><span style=\"vertical-align: inherit\"><span style=\"vertical-align: inherit\"><span style=\"vertical-align: inherit\">Caracter\u00edsticas:<\/span><\/span><\/span><\/span><\/strong><\/p>\n<ul data-start=\"580\" data-end=\"808\">\n<li data-start=\"580\" data-end=\"635\">\n<p data-start=\"582\" data-end=\"635\"><span style=\"vertical-align: inherit\"><span style=\"vertical-align: inherit\"><span style=\"vertical-align: inherit\"><span style=\"vertical-align: inherit\">Dise\u00f1o \u00fanico basado en el cl\u00e1sico hongo de Mario Bros.<\/span><\/span><\/span><\/span><\/p>\n<\/li>\n<li data-start=\"636\" data-end=\"697\">\n<p data-start=\"638\" data-end=\"697\"><span style=\"vertical-align: inherit\"><span style=\"vertical-align: inherit\"><span style=\"vertical-align: inherit\"><span style=\"vertical-align: inherit\">Capacidad para guardar hasta 6 cartuchos de Nintendo Switch<\/span><\/span><\/span><\/span><\/p>\n<\/li>\n<li data-start=\"698\" data-end=\"739\">\n<p data-start=\"700\" data-end=\"739\"><span style=\"vertical-align: inherit\"><span style=\"vertical-align: inherit\"><span style=\"vertical-align: inherit\"><span style=\"vertical-align: inherit\">Hecho con impresi\u00f3n 3D.<\/span><\/span><\/span><\/span><\/p>\n<\/li>\n<li data-start=\"740\" data-end=\"771\">\n<p data-start=\"742\" data-end=\"771\"><span style=\"vertical-align: inherit\"><span style=\"vertical-align: inherit\"><span style=\"vertical-align: inherit\"><span style=\"vertical-align: inherit\">Compacto, ligero y decorativo<\/span><\/span><\/span><\/span><\/p>\n<\/li>\n<li data-start=\"772\" data-end=\"808\">\n<p data-start=\"774\" data-end=\"808\"><span style=\"vertical-align: inherit\"><span style=\"vertical-align: inherit\"><span style=\"vertical-align: inherit\"><span style=\"vertical-align: inherit\">Ideal para jugadores y coleccionistas.<\/span><\/span><\/span><\/span><\/p>\n<\/li>\n<\/ul>\n<p data-start=\"810\" data-end=\"850\"><span style=\"vertical-align: inherit\"><span style=\"vertical-align: inherit\"><span style=\"vertical-align: inherit\"><span style=\"vertical-align: inherit\">\ud83d\udce6 <\/span><\/span><\/span><\/span><em data-start=\"813\" data-end=\"850\"><span style=\"vertical-align: inherit\"><span style=\"vertical-align: inherit\"><span style=\"vertical-align: inherit\"><span style=\"vertical-align: inherit\">No incluye cartuchos. Solo estuche.<\/span><\/span><\/span><\/span><\/em><\/p>\n<p data-start=\"852\" data-end=\"955\"><span style=\"vertical-align: inherit\"><span style=\"vertical-align: inherit\"><span style=\"vertical-align: inherit\"><span style=\"vertical-align: inherit\">Perfecto como regalo o para llevar tus juegos favoritos a todas partes. \u00a1Haz que tu colecci\u00f3n se destaque!<\/span><\/span><\/span><\/span><\/p>\n","protected":false},"excerpt":{"rendered":"<p>\u00a1Organiza tus juegos de Nintendo Switch con estilo! \ud83c\udfae\ud83c\udf44 Este pr\u00e1ctico y original estuche en forma de hongo inspirado en Mario es perfecto para almacenar tus cartuchos de manera segura y divertida. Fabricado en impresi\u00f3n 3D con materiales de alta calidad, tiene capacidad para varios juegos (como se muestra en la imagen) y es ideal [&hellip;]<\/p>\n","protected":false},"featured_media":394672,"comment_status":"open","ping_status":"closed","template":"","meta":[],"product_brand":[],"product_cat":[15],"product_tag":[5418,6157,6156,530,6120,6155],"class_list":{"0":"post-394662","1":"product","2":"type-product","3":"status-publish","4":"has-post-thumbnail","6":"product_cat-uncategorized","7":"product_tag-alll","8":"product_tag-almacenaje","9":"product_tag-bross","10":"product_tag-nintendo","11":"product_tag-nintendo-switch","12":"product_tag-seta","14":"first","15":"instock","16":"shipping-taxable","17":"purchasable","18":"product-type-simple"},"yoast_head":"<!-- This site is optimized with the Yoast SEO plugin v25.1 - https:\/\/yoast.com\/wordpress\/plugins\/seo\/ -->\n<title>Seta de Mario Bross para almacenar juegos - MyStore - By STLFLIX<\/title>\n<meta name=\"description\" content=\"Seta de Mario Bross para almacenar juegos - MyStore - By STLFLIX Seta Mario Bross Almacenajo Nintendo Switch\" \/>\n<meta name=\"robots\" content=\"index, follow, max-snippet:-1, max-image-preview:large, max-video-preview:-1\" \/>\n<link rel=\"canonical\" href=\"https:\/\/my.stlflix.com\/es\/product\/seta-de-mario-bross-para-almacenar-juegos\/\" \/>\n<meta property=\"og:locale\" content=\"es_ES\" \/>\n<meta property=\"og:type\" content=\"article\" \/>\n<meta property=\"og:title\" content=\"Seta de Mario Bross para almacenar juegos - MyStore - By STLFLIX\" \/>\n<meta property=\"og:description\" content=\"Seta de Mario Bross para almacenar juegos - MyStore - By STLFLIX Seta Mario Bross Almacenajo Nintendo Switch\" \/>\n<meta property=\"og:url\" content=\"https:\/\/my.stlflix.com\/es\/product\/seta-de-mario-bross-para-almacenar-juegos\/\" \/>\n<meta property=\"og:site_name\" content=\"MyStore - By STLFLIX\" \/>\n<meta property=\"article:publisher\" content=\"https:\/\/www.facebook.com\/STLFLIX\" \/>\n<meta property=\"article:modified_time\" content=\"2025-06-29T19:31:31+00:00\" \/>\n<meta property=\"og:image\" content=\"https:\/\/my.stlflix.com\/wp-content\/uploads\/2025\/06\/20250530_203700-scaled.jpg\" \/>\n\t<meta property=\"og:image:width\" content=\"2120\" \/>\n\t<meta property=\"og:image:height\" content=\"2560\" \/>\n\t<meta property=\"og:image:type\" content=\"image\/jpeg\" \/>\n<meta name=\"twitter:card\" content=\"summary_large_image\" \/>\n<meta name=\"twitter:label1\" content=\"Est. reading time\" \/>\n\t<meta name=\"twitter:data1\" content=\"1 minute\" \/>\n<script type=\"application\/ld+json\" class=\"yoast-schema-graph\">{\"@context\":\"https:\/\/schema.org\",\"@graph\":[{\"@type\":\"WebPage\",\"@id\":\"https:\/\/my.stlflix.com\/es\/product\/seta-de-mario-bross-para-almacenar-juegos\/\",\"url\":\"https:\/\/my.stlflix.com\/es\/product\/seta-de-mario-bross-para-almacenar-juegos\/\",\"name\":\"Seta de Mario Bross para almacenar juegos - MyStore - By STLFLIX\",\"isPartOf\":{\"@id\":\"https:\/\/my.stlflix.com\/#website\"},\"primaryImageOfPage\":{\"@id\":\"https:\/\/my.stlflix.com\/es\/product\/seta-de-mario-bross-para-almacenar-juegos\/#primaryimage\"},\"image\":{\"@id\":\"https:\/\/my.stlflix.com\/es\/product\/seta-de-mario-bross-para-almacenar-juegos\/#primaryimage\"},\"thumbnailUrl\":\"https:\/\/my.stlflix.com\/wp-content\/uploads\/2025\/06\/20250530_203700-scaled.jpg\",\"datePublished\":\"2025-06-29T19:18:30+00:00\",\"dateModified\":\"2025-06-29T19:31:31+00:00\",\"description\":\"Seta de Mario Bross para almacenar juegos - MyStore - By STLFLIX Seta Mario Bross Almacenajo Nintendo Switch\",\"breadcrumb\":{\"@id\":\"https:\/\/my.stlflix.com\/es\/product\/seta-de-mario-bross-para-almacenar-juegos\/#breadcrumb\"},\"inLanguage\":\"es-ES\",\"potentialAction\":[{\"@type\":\"ReadAction\",\"target\":[\"https:\/\/my.stlflix.com\/es\/product\/seta-de-mario-bross-para-almacenar-juegos\/\"]}]},{\"@type\":\"ImageObject\",\"inLanguage\":\"es-ES\",\"@id\":\"https:\/\/my.stlflix.com\/es\/product\/seta-de-mario-bross-para-almacenar-juegos\/#primaryimage\",\"url\":\"https:\/\/my.stlflix.com\/wp-content\/uploads\/2025\/06\/20250530_203700-scaled.jpg\",\"contentUrl\":\"https:\/\/my.stlflix.com\/wp-content\/uploads\/2025\/06\/20250530_203700-scaled.jpg\",\"width\":2120,\"height\":2560,\"caption\":\"Almacenamiento con estilo para cartuchos de Nintendo Switch guardados en un adorable hongo 3D inspirado en Mario.\"},{\"@type\":\"BreadcrumbList\",\"@id\":\"https:\/\/my.stlflix.com\/es\/product\/seta-de-mario-bross-para-almacenar-juegos\/#breadcrumb\",\"itemListElement\":[{\"@type\":\"ListItem\",\"position\":1,\"name\":\"Home\",\"item\":\"https:\/\/www.stlflix-store.com\/\"},{\"@type\":\"ListItem\",\"position\":2,\"name\":\"Products\",\"item\":\"https:\/\/www.stlflix-store.com\/shop\/\"},{\"@type\":\"ListItem\",\"position\":3,\"name\":\"Seta de Mario Bross para almacenar juegos\"}]},{\"@type\":\"WebSite\",\"@id\":\"https:\/\/my.stlflix.com\/#website\",\"url\":\"https:\/\/my.stlflix.com\/\",\"name\":\"MyStore - By STLFLIX\",\"description\":\"\",\"publisher\":{\"@id\":\"https:\/\/my.stlflix.com\/#organization\"},\"potentialAction\":[{\"@type\":\"SearchAction\",\"target\":{\"@type\":\"EntryPoint\",\"urlTemplate\":\"https:\/\/my.stlflix.com\/?s={search_term_string}\"},\"query-input\":{\"@type\":\"PropertyValueSpecification\",\"valueRequired\":true,\"valueName\":\"search_term_string\"}}],\"inLanguage\":\"es-ES\"},{\"@type\":\"Organization\",\"@id\":\"https:\/\/my.stlflix.com\/#organization\",\"name\":\"MyStore - By STLFLIX\",\"url\":\"https:\/\/my.stlflix.com\/\",\"logo\":{\"@type\":\"ImageObject\",\"inLanguage\":\"es-ES\",\"@id\":\"https:\/\/my.stlflix.com\/#\/schema\/logo\/image\/\",\"url\":\"https:\/\/my.stlflix.com\/wp-content\/uploads\/2024\/06\/logo-mystore.png\",\"contentUrl\":\"https:\/\/my.stlflix.com\/wp-content\/uploads\/2024\/06\/logo-mystore.png\",\"width\":150,\"height\":41,\"caption\":\"MyStore - By STLFLIX\"},\"image\":{\"@id\":\"https:\/\/my.stlflix.com\/#\/schema\/logo\/image\/\"},\"sameAs\":[\"https:\/\/www.facebook.com\/STLFLIX\",\"https:\/\/www.instagram.com\/stlflix_\/\",\"https:\/\/www.tiktok.com\/@stlflix\"]}]}<\/script>\n<!-- \/ Yoast SEO plugin. -->","yoast_head_json":{"title":"Seta de Mario Bross para almacenar juegos - MyStore - By STLFLIX","description":"Seta de Mario Bross para almacenar juegos - MyStore - By STLFLIX Seta Mario Bross Almacenajo Nintendo Switch","robots":{"index":"index","follow":"follow","max-snippet":"max-snippet:-1","max-image-preview":"max-image-preview:large","max-video-preview":"max-video-preview:-1"},"canonical":"https:\/\/my.stlflix.com\/es\/product\/seta-de-mario-bross-para-almacenar-juegos\/","og_locale":"es_ES","og_type":"article","og_title":"Seta de Mario Bross para almacenar juegos - MyStore - By STLFLIX","og_description":"Seta de Mario Bross para almacenar juegos - MyStore - By STLFLIX Seta Mario Bross Almacenajo Nintendo Switch","og_url":"https:\/\/my.stlflix.com\/es\/product\/seta-de-mario-bross-para-almacenar-juegos\/","og_site_name":"MyStore - By STLFLIX","article_publisher":"https:\/\/www.facebook.com\/STLFLIX","article_modified_time":"2025-06-29T19:31:31+00:00","og_image":[{"width":2120,"height":2560,"url":"https:\/\/my.stlflix.com\/wp-content\/uploads\/2025\/06\/20250530_203700-scaled.jpg","type":"image\/jpeg"}],"twitter_card":"summary_large_image","twitter_misc":{"Est. reading time":"1 minute"},"schema":{"@context":"https:\/\/schema.org","@graph":[{"@type":"WebPage","@id":"https:\/\/my.stlflix.com\/es\/product\/seta-de-mario-bross-para-almacenar-juegos\/","url":"https:\/\/my.stlflix.com\/es\/product\/seta-de-mario-bross-para-almacenar-juegos\/","name":"Seta de Mario Bross para almacenar juegos - MyStore - By STLFLIX","isPartOf":{"@id":"https:\/\/my.stlflix.com\/#website"},"primaryImageOfPage":{"@id":"https:\/\/my.stlflix.com\/es\/product\/seta-de-mario-bross-para-almacenar-juegos\/#primaryimage"},"image":{"@id":"https:\/\/my.stlflix.com\/es\/product\/seta-de-mario-bross-para-almacenar-juegos\/#primaryimage"},"thumbnailUrl":"https:\/\/my.stlflix.com\/wp-content\/uploads\/2025\/06\/20250530_203700-scaled.jpg","datePublished":"2025-06-29T19:18:30+00:00","dateModified":"2025-06-29T19:31:31+00:00","description":"Seta de Mario Bross para almacenar juegos - MyStore - By STLFLIX Seta Mario Bross Almacenajo Nintendo Switch","breadcrumb":{"@id":"https:\/\/my.stlflix.com\/es\/product\/seta-de-mario-bross-para-almacenar-juegos\/#breadcrumb"},"inLanguage":"es-ES","potentialAction":[{"@type":"ReadAction","target":["https:\/\/my.stlflix.com\/es\/product\/seta-de-mario-bross-para-almacenar-juegos\/"]}]},{"@type":"ImageObject","inLanguage":"es-ES","@id":"https:\/\/my.stlflix.com\/es\/product\/seta-de-mario-bross-para-almacenar-juegos\/#primaryimage","url":"https:\/\/my.stlflix.com\/wp-content\/uploads\/2025\/06\/20250530_203700-scaled.jpg","contentUrl":"https:\/\/my.stlflix.com\/wp-content\/uploads\/2025\/06\/20250530_203700-scaled.jpg","width":2120,"height":2560,"caption":"Almacenamiento con estilo para cartuchos de Nintendo Switch guardados en un adorable hongo 3D inspirado en Mario."},{"@type":"BreadcrumbList","@id":"https:\/\/my.stlflix.com\/es\/product\/seta-de-mario-bross-para-almacenar-juegos\/#breadcrumb","itemListElement":[{"@type":"ListItem","position":1,"name":"Home","item":"https:\/\/www.stlflix-store.com\/"},{"@type":"ListItem","position":2,"name":"Products","item":"https:\/\/www.stlflix-store.com\/shop\/"},{"@type":"ListItem","position":3,"name":"Seta de Mario Bross para almacenar juegos"}]},{"@type":"WebSite","@id":"https:\/\/my.stlflix.com\/#website","url":"https:\/\/my.stlflix.com\/","name":"MyStore - By STLFLIX","description":"","publisher":{"@id":"https:\/\/my.stlflix.com\/#organization"},"potentialAction":[{"@type":"SearchAction","target":{"@type":"EntryPoint","urlTemplate":"https:\/\/my.stlflix.com\/?s={search_term_string}"},"query-input":{"@type":"PropertyValueSpecification","valueRequired":true,"valueName":"search_term_string"}}],"inLanguage":"es-ES"},{"@type":"Organization","@id":"https:\/\/my.stlflix.com\/#organization","name":"MyStore - By STLFLIX","url":"https:\/\/my.stlflix.com\/","logo":{"@type":"ImageObject","inLanguage":"es-ES","@id":"https:\/\/my.stlflix.com\/#\/schema\/logo\/image\/","url":"https:\/\/my.stlflix.com\/wp-content\/uploads\/2024\/06\/logo-mystore.png","contentUrl":"https:\/\/my.stlflix.com\/wp-content\/uploads\/2024\/06\/logo-mystore.png","width":150,"height":41,"caption":"MyStore - By STLFLIX"},"image":{"@id":"https:\/\/my.stlflix.com\/#\/schema\/logo\/image\/"},"sameAs":["https:\/\/www.facebook.com\/STLFLIX","https:\/\/www.instagram.com\/stlflix_\/","https:\/\/www.tiktok.com\/@stlflix"]}]}},"_links":{"self":[{"href":"https:\/\/my.stlflix.com\/es\/wp-json\/wp\/v2\/product\/394662","targetHints":{"allow":["GET"]}}],"collection":[{"href":"https:\/\/my.stlflix.com\/es\/wp-json\/wp\/v2\/product"}],"about":[{"href":"https:\/\/my.stlflix.com\/es\/wp-json\/wp\/v2\/types\/product"}],"replies":[{"embeddable":true,"href":"https:\/\/my.stlflix.com\/es\/wp-json\/wp\/v2\/comments?post=394662"}],"wp:featuredmedia":[{"embeddable":true,"href":"https:\/\/my.stlflix.com\/es\/wp-json\/wp\/v2\/media\/394672"}],"wp:attachment":[{"href":"https:\/\/my.stlflix.com\/es\/wp-json\/wp\/v2\/media?parent=394662"}],"wp:term":[{"taxonomy":"product_brand","embeddable":true,"href":"https:\/\/my.stlflix.com\/es\/wp-json\/wp\/v2\/product_brand?post=394662"},{"taxonomy":"product_cat","embeddable":true,"href":"https:\/\/my.stlflix.com\/es\/wp-json\/wp\/v2\/product_cat?post=394662"},{"taxonomy":"product_tag","embeddable":true,"href":"https:\/\/my.stlflix.com\/es\/wp-json\/wp\/v2\/product_tag?post=394662"}],"curies":[{"name":"wp","href":"https:\/\/api.w.org\/{rel}","templated":true}]}}