{"id":403480,"date":"2025-07-13T22:07:41","date_gmt":"2025-07-13T22:07:41","guid":{"rendered":"https:\/\/my.stlflix.com\/?post_type=product&#038;p=403480"},"modified":"2025-07-13T22:28:01","modified_gmt":"2025-07-13T22:28:01","slug":"kitty-loaf-dock-cover-controller-holder-68741e0f3698f","status":"publish","type":"product","link":"https:\/\/my.stlflix.com\/es\/product\/kitty-loaf-dock-cover-controller-holder-68741e0f3698f\/","title":{"rendered":"Base dock station de gatinho rosa"},"content":{"rendered":"<p>Deixe seu setup gamer ainda mais fofo com esta <b>base dock station de gatinho rosa<\/b> para o seu Nintendo Switch! Al\u00e9m de ser um suporte seguro e est\u00e1vel para o seu console, ela vem com <b>dois suportes integrados e ergon\u00f4micos\u00a0 para controles<\/b>, deixando seus Joy-Cons sempre organizados e prontos para a a\u00e7\u00e3o.<\/p>\n<p>O design charmoso de gatinho em um tom de rosa suave vai dar um toque de estilo e divers\u00e3o ao seu cantinho gamer. Prepare-se para jogar com muito mais charme!<\/p>\n","protected":false},"excerpt":{"rendered":"<p>Deixe seu setup gamer ainda mais fofo com esta base dock station de gatinho rosa para o seu Nintendo Switch! Al\u00e9m de ser um suporte seguro e est\u00e1vel para o seu console, ela vem com dois suportes integrados e ergon\u00f4micos\u00a0 para controles, deixando seus Joy-Cons sempre organizados e prontos para a a\u00e7\u00e3o. O design charmoso [&hellip;]<\/p>\n","protected":false},"featured_media":304636,"comment_status":"open","ping_status":"closed","template":"","meta":[],"product_brand":[],"product_cat":[15],"product_tag":[6022,5081,5694,5616,6255,5864,6256,817,6254],"class_list":{"0":"post-403480","1":"product","2":"type-product","3":"status-publish","4":"has-post-thumbnail","6":"product_cat-uncategorized","7":"product_tag-decoracao-3","8":"product_tag-home-decor-3","9":"product_tag-household-2","10":"product_tag-pets-2","11":"product_tag-controles","12":"product_tag-games-acessorios","13":"product_tag-gatinho","14":"product_tag-gato","15":"product_tag-nindento","17":"first","18":"onbackorder","19":"sale","20":"shipping-taxable","21":"purchasable","22":"product-type-simple"},"yoast_head":"<!-- This site is optimized with the Yoast SEO plugin v25.1 - https:\/\/yoast.com\/wordpress\/plugins\/seo\/ -->\n<title>Suporte Nindento e controles de patas rosa<\/title>\n<meta name=\"robots\" content=\"index, follow, max-snippet:-1, max-image-preview:large, max-video-preview:-1\" \/>\n<link rel=\"canonical\" href=\"https:\/\/www.monitorstlflix.com\/product\/kitty-loaf-dock-cover-controller-holder-68741e0f3698f\/\" \/>\n<meta property=\"og:locale\" content=\"es_ES\" \/>\n<meta property=\"og:type\" content=\"article\" \/>\n<meta property=\"og:title\" content=\"Suporte Nindento e controles de patas rosa\" \/>\n<meta property=\"og:description\" content=\"Deixe seu setup gamer ainda mais fofo com esta base dock station de gatinho rosa para o seu Nintendo Switch! Al\u00e9m de ser um suporte seguro e est\u00e1vel para o seu console, ela vem com dois suportes integrados e ergon\u00f4micos\u00a0 para controles, deixando seus Joy-Cons sempre organizados e prontos para a a\u00e7\u00e3o. O design charmoso [&hellip;]\" \/>\n<meta property=\"og:url\" content=\"https:\/\/www.monitorstlflix.com\/product\/kitty-loaf-dock-cover-controller-holder-68741e0f3698f\/\" \/>\n<meta property=\"og:site_name\" content=\"MyStore - By STLFLIX\" \/>\n<meta property=\"article:publisher\" content=\"https:\/\/www.facebook.com\/STLFLIX\" \/>\n<meta property=\"article:modified_time\" content=\"2025-07-13T22:28:01+00:00\" \/>\n<meta property=\"og:image\" content=\"https:\/\/www.monitorstlflix.com\/wp-content\/uploads\/2025\/04\/Kitty_Loaf_Dock_Cover_and_Controller_Holderthumb_105d2a5813.png\" \/>\n\t<meta property=\"og:image:width\" content=\"1080\" \/>\n\t<meta property=\"og:image:height\" content=\"1350\" \/>\n\t<meta property=\"og:image:type\" content=\"image\/png\" \/>\n<meta name=\"twitter:card\" content=\"summary_large_image\" \/>\n<script type=\"application\/ld+json\" class=\"yoast-schema-graph\">{\"@context\":\"https:\/\/schema.org\",\"@graph\":[{\"@type\":\"WebPage\",\"@id\":\"https:\/\/www.monitorstlflix.com\/product\/kitty-loaf-dock-cover-controller-holder-68741e0f3698f\/\",\"url\":\"https:\/\/www.monitorstlflix.com\/product\/kitty-loaf-dock-cover-controller-holder-68741e0f3698f\/\",\"name\":\"Suporte Nindento e controles de patas rosa\",\"isPartOf\":{\"@id\":\"https:\/\/my.stlflix.com\/#website\"},\"primaryImageOfPage\":{\"@id\":\"https:\/\/www.monitorstlflix.com\/product\/kitty-loaf-dock-cover-controller-holder-68741e0f3698f\/#primaryimage\"},\"image\":{\"@id\":\"https:\/\/www.monitorstlflix.com\/product\/kitty-loaf-dock-cover-controller-holder-68741e0f3698f\/#primaryimage\"},\"thumbnailUrl\":\"https:\/\/my.stlflix.com\/wp-content\/uploads\/2025\/04\/Kitty_Loaf_Dock_Cover_and_Controller_Holderthumb_105d2a5813.png\",\"datePublished\":\"2025-07-13T22:07:41+00:00\",\"dateModified\":\"2025-07-13T22:28:01+00:00\",\"breadcrumb\":{\"@id\":\"https:\/\/www.monitorstlflix.com\/product\/kitty-loaf-dock-cover-controller-holder-68741e0f3698f\/#breadcrumb\"},\"inLanguage\":\"es-ES\",\"potentialAction\":[{\"@type\":\"ReadAction\",\"target\":[\"https:\/\/www.monitorstlflix.com\/product\/kitty-loaf-dock-cover-controller-holder-68741e0f3698f\/\"]}]},{\"@type\":\"ImageObject\",\"inLanguage\":\"es-ES\",\"@id\":\"https:\/\/www.monitorstlflix.com\/product\/kitty-loaf-dock-cover-controller-holder-68741e0f3698f\/#primaryimage\",\"url\":\"https:\/\/my.stlflix.com\/wp-content\/uploads\/2025\/04\/Kitty_Loaf_Dock_Cover_and_Controller_Holderthumb_105d2a5813.png\",\"contentUrl\":\"https:\/\/my.stlflix.com\/wp-content\/uploads\/2025\/04\/Kitty_Loaf_Dock_Cover_and_Controller_Holderthumb_105d2a5813.png\",\"width\":1080,\"height\":1350},{\"@type\":\"BreadcrumbList\",\"@id\":\"https:\/\/www.monitorstlflix.com\/product\/kitty-loaf-dock-cover-controller-holder-68741e0f3698f\/#breadcrumb\",\"itemListElement\":[{\"@type\":\"ListItem\",\"position\":1,\"name\":\"Home\",\"item\":\"https:\/\/www.stlflix-store.com\/\"},{\"@type\":\"ListItem\",\"position\":2,\"name\":\"Products\",\"item\":\"https:\/\/www.stlflix-store.com\/shop\/\"},{\"@type\":\"ListItem\",\"position\":3,\"name\":\"Base dock station de gatinho rosa\"}]},{\"@type\":\"WebSite\",\"@id\":\"https:\/\/my.stlflix.com\/#website\",\"url\":\"https:\/\/my.stlflix.com\/\",\"name\":\"MyStore - By STLFLIX\",\"description\":\"\",\"publisher\":{\"@id\":\"https:\/\/my.stlflix.com\/#organization\"},\"potentialAction\":[{\"@type\":\"SearchAction\",\"target\":{\"@type\":\"EntryPoint\",\"urlTemplate\":\"https:\/\/my.stlflix.com\/?s={search_term_string}\"},\"query-input\":{\"@type\":\"PropertyValueSpecification\",\"valueRequired\":true,\"valueName\":\"search_term_string\"}}],\"inLanguage\":\"es-ES\"},{\"@type\":\"Organization\",\"@id\":\"https:\/\/my.stlflix.com\/#organization\",\"name\":\"MyStore - By STLFLIX\",\"url\":\"https:\/\/my.stlflix.com\/\",\"logo\":{\"@type\":\"ImageObject\",\"inLanguage\":\"es-ES\",\"@id\":\"https:\/\/my.stlflix.com\/#\/schema\/logo\/image\/\",\"url\":\"https:\/\/my.stlflix.com\/wp-content\/uploads\/2024\/06\/logo-mystore.png\",\"contentUrl\":\"https:\/\/my.stlflix.com\/wp-content\/uploads\/2024\/06\/logo-mystore.png\",\"width\":150,\"height\":41,\"caption\":\"MyStore - By STLFLIX\"},\"image\":{\"@id\":\"https:\/\/my.stlflix.com\/#\/schema\/logo\/image\/\"},\"sameAs\":[\"https:\/\/www.facebook.com\/STLFLIX\",\"https:\/\/www.instagram.com\/stlflix_\/\",\"https:\/\/www.tiktok.com\/@stlflix\"]}]}<\/script>\n<!-- \/ Yoast SEO plugin. -->","yoast_head_json":{"title":"Suporte Nindento e controles de patas rosa","robots":{"index":"index","follow":"follow","max-snippet":"max-snippet:-1","max-image-preview":"max-image-preview:large","max-video-preview":"max-video-preview:-1"},"canonical":"https:\/\/www.monitorstlflix.com\/product\/kitty-loaf-dock-cover-controller-holder-68741e0f3698f\/","og_locale":"es_ES","og_type":"article","og_title":"Suporte Nindento e controles de patas rosa","og_description":"Deixe seu setup gamer ainda mais fofo com esta base dock station de gatinho rosa para o seu Nintendo Switch! Al\u00e9m de ser um suporte seguro e est\u00e1vel para o seu console, ela vem com dois suportes integrados e ergon\u00f4micos\u00a0 para controles, deixando seus Joy-Cons sempre organizados e prontos para a a\u00e7\u00e3o. O design charmoso [&hellip;]","og_url":"https:\/\/www.monitorstlflix.com\/product\/kitty-loaf-dock-cover-controller-holder-68741e0f3698f\/","og_site_name":"MyStore - By STLFLIX","article_publisher":"https:\/\/www.facebook.com\/STLFLIX","article_modified_time":"2025-07-13T22:28:01+00:00","og_image":[{"width":1080,"height":1350,"url":"https:\/\/www.monitorstlflix.com\/wp-content\/uploads\/2025\/04\/Kitty_Loaf_Dock_Cover_and_Controller_Holderthumb_105d2a5813.png","type":"image\/png"}],"twitter_card":"summary_large_image","schema":{"@context":"https:\/\/schema.org","@graph":[{"@type":"WebPage","@id":"https:\/\/www.monitorstlflix.com\/product\/kitty-loaf-dock-cover-controller-holder-68741e0f3698f\/","url":"https:\/\/www.monitorstlflix.com\/product\/kitty-loaf-dock-cover-controller-holder-68741e0f3698f\/","name":"Suporte Nindento e controles de patas rosa","isPartOf":{"@id":"https:\/\/my.stlflix.com\/#website"},"primaryImageOfPage":{"@id":"https:\/\/www.monitorstlflix.com\/product\/kitty-loaf-dock-cover-controller-holder-68741e0f3698f\/#primaryimage"},"image":{"@id":"https:\/\/www.monitorstlflix.com\/product\/kitty-loaf-dock-cover-controller-holder-68741e0f3698f\/#primaryimage"},"thumbnailUrl":"https:\/\/my.stlflix.com\/wp-content\/uploads\/2025\/04\/Kitty_Loaf_Dock_Cover_and_Controller_Holderthumb_105d2a5813.png","datePublished":"2025-07-13T22:07:41+00:00","dateModified":"2025-07-13T22:28:01+00:00","breadcrumb":{"@id":"https:\/\/www.monitorstlflix.com\/product\/kitty-loaf-dock-cover-controller-holder-68741e0f3698f\/#breadcrumb"},"inLanguage":"es-ES","potentialAction":[{"@type":"ReadAction","target":["https:\/\/www.monitorstlflix.com\/product\/kitty-loaf-dock-cover-controller-holder-68741e0f3698f\/"]}]},{"@type":"ImageObject","inLanguage":"es-ES","@id":"https:\/\/www.monitorstlflix.com\/product\/kitty-loaf-dock-cover-controller-holder-68741e0f3698f\/#primaryimage","url":"https:\/\/my.stlflix.com\/wp-content\/uploads\/2025\/04\/Kitty_Loaf_Dock_Cover_and_Controller_Holderthumb_105d2a5813.png","contentUrl":"https:\/\/my.stlflix.com\/wp-content\/uploads\/2025\/04\/Kitty_Loaf_Dock_Cover_and_Controller_Holderthumb_105d2a5813.png","width":1080,"height":1350},{"@type":"BreadcrumbList","@id":"https:\/\/www.monitorstlflix.com\/product\/kitty-loaf-dock-cover-controller-holder-68741e0f3698f\/#breadcrumb","itemListElement":[{"@type":"ListItem","position":1,"name":"Home","item":"https:\/\/www.stlflix-store.com\/"},{"@type":"ListItem","position":2,"name":"Products","item":"https:\/\/www.stlflix-store.com\/shop\/"},{"@type":"ListItem","position":3,"name":"Base dock station de gatinho rosa"}]},{"@type":"WebSite","@id":"https:\/\/my.stlflix.com\/#website","url":"https:\/\/my.stlflix.com\/","name":"MyStore - By STLFLIX","description":"","publisher":{"@id":"https:\/\/my.stlflix.com\/#organization"},"potentialAction":[{"@type":"SearchAction","target":{"@type":"EntryPoint","urlTemplate":"https:\/\/my.stlflix.com\/?s={search_term_string}"},"query-input":{"@type":"PropertyValueSpecification","valueRequired":true,"valueName":"search_term_string"}}],"inLanguage":"es-ES"},{"@type":"Organization","@id":"https:\/\/my.stlflix.com\/#organization","name":"MyStore - By STLFLIX","url":"https:\/\/my.stlflix.com\/","logo":{"@type":"ImageObject","inLanguage":"es-ES","@id":"https:\/\/my.stlflix.com\/#\/schema\/logo\/image\/","url":"https:\/\/my.stlflix.com\/wp-content\/uploads\/2024\/06\/logo-mystore.png","contentUrl":"https:\/\/my.stlflix.com\/wp-content\/uploads\/2024\/06\/logo-mystore.png","width":150,"height":41,"caption":"MyStore - By STLFLIX"},"image":{"@id":"https:\/\/my.stlflix.com\/#\/schema\/logo\/image\/"},"sameAs":["https:\/\/www.facebook.com\/STLFLIX","https:\/\/www.instagram.com\/stlflix_\/","https:\/\/www.tiktok.com\/@stlflix"]}]}},"_links":{"self":[{"href":"https:\/\/my.stlflix.com\/es\/wp-json\/wp\/v2\/product\/403480","targetHints":{"allow":["GET"]}}],"collection":[{"href":"https:\/\/my.stlflix.com\/es\/wp-json\/wp\/v2\/product"}],"about":[{"href":"https:\/\/my.stlflix.com\/es\/wp-json\/wp\/v2\/types\/product"}],"replies":[{"embeddable":true,"href":"https:\/\/my.stlflix.com\/es\/wp-json\/wp\/v2\/comments?post=403480"}],"wp:featuredmedia":[{"embeddable":true,"href":"https:\/\/my.stlflix.com\/es\/wp-json\/wp\/v2\/media\/304636"}],"wp:attachment":[{"href":"https:\/\/my.stlflix.com\/es\/wp-json\/wp\/v2\/media?parent=403480"}],"wp:term":[{"taxonomy":"product_brand","embeddable":true,"href":"https:\/\/my.stlflix.com\/es\/wp-json\/wp\/v2\/product_brand?post=403480"},{"taxonomy":"product_cat","embeddable":true,"href":"https:\/\/my.stlflix.com\/es\/wp-json\/wp\/v2\/product_cat?post=403480"},{"taxonomy":"product_tag","embeddable":true,"href":"https:\/\/my.stlflix.com\/es\/wp-json\/wp\/v2\/product_tag?post=403480"}],"curies":[{"name":"wp","href":"https:\/\/api.w.org\/{rel}","templated":true}]}}