{"id":403483,"date":"2025-07-13T21:36:00","date_gmt":"2025-07-13T21:36:00","guid":{"rendered":"https:\/\/my.stlflix.com\/?post_type=product&#038;p=403483"},"modified":"2025-07-13T22:28:02","modified_gmt":"2025-07-13T22:28:02","slug":"chew-it-dock-cover-controller-holder-68741e169a1d4","status":"publish","type":"product","link":"https:\/\/my.stlflix.com\/es\/product\/chew-it-dock-cover-controller-holder-68741e169a1d4\/","title":{"rendered":"Base grudento para dock station"},"content":{"rendered":"<p>Que tal um suporte &#8220;grudentamente pr\u00e1tico&#8221; para o seu Nintendo Switch?<\/p>\n<p>Apresentamos o <b>suporte grudento para dock station!<\/b> Com um design divertido, este suporte \u00e9 perfeito para manter seu console seguro e seus dois controles sempre \u00e0 m\u00e3o, organizados e prontos para a pr\u00f3xima partida. \u00c9 a escolha ideal para quem busca praticidade com uma pitada de irrever\u00eancia no visual.<\/p>\n","protected":false},"excerpt":{"rendered":"<p>Que tal um suporte &#8220;grudentamente pr\u00e1tico&#8221; para o seu Nintendo Switch? Apresentamos o suporte grudento para dock station! Com um design divertido, este suporte \u00e9 perfeito para manter seu console seguro e seus dois controles sempre \u00e0 m\u00e3o, organizados e prontos para a pr\u00f3xima partida. \u00c9 a escolha ideal para quem busca praticidade com uma [&hellip;]<\/p>\n","protected":false},"featured_media":304323,"comment_status":"open","ping_status":"closed","template":"","meta":[],"product_brand":[],"product_cat":[15],"product_tag":[6255,256,5797,5739,5864,6254,708,6240],"class_list":{"0":"post-403483","1":"product","2":"type-product","3":"status-publish","4":"has-post-thumbnail","6":"product_cat-uncategorized","7":"product_tag-controles","8":"product_tag-controller-holder","9":"product_tag-dock","10":"product_tag-game-contoller-holder","11":"product_tag-games-acessorios","12":"product_tag-nindento","13":"product_tag-suportes","14":"product_tag-videogames","16":"first","17":"onbackorder","18":"sale","19":"shipping-taxable","20":"purchasable","21":"product-type-simple"},"yoast_head":"<!-- This site is optimized with the Yoast SEO plugin v25.1 - https:\/\/yoast.com\/wordpress\/plugins\/seo\/ -->\n<title>Suporte grudento Nindento e controles<\/title>\n<meta name=\"robots\" content=\"index, follow, max-snippet:-1, max-image-preview:large, max-video-preview:-1\" \/>\n<link rel=\"canonical\" href=\"https:\/\/www.lojadomandela3d.biz\/product\/chew-it-dock-cover-controller-holder-68741e169a1d4\/\" \/>\n<meta property=\"og:locale\" content=\"es_ES\" \/>\n<meta property=\"og:type\" content=\"article\" \/>\n<meta property=\"og:title\" content=\"Suporte grudento Nindento e controles\" \/>\n<meta property=\"og:description\" content=\"Que tal um suporte &#8220;grudentamente pr\u00e1tico&#8221; para o seu Nintendo Switch? Apresentamos o suporte grudento para dock station! Com um design divertido, este suporte \u00e9 perfeito para manter seu console seguro e seus dois controles sempre \u00e0 m\u00e3o, organizados e prontos para a pr\u00f3xima partida. \u00c9 a escolha ideal para quem busca praticidade com uma [&hellip;]\" \/>\n<meta property=\"og:url\" content=\"https:\/\/www.lojadomandela3d.biz\/product\/chew-it-dock-cover-controller-holder-68741e169a1d4\/\" \/>\n<meta property=\"og:site_name\" content=\"MyStore - By STLFLIX\" \/>\n<meta property=\"article:publisher\" content=\"https:\/\/www.facebook.com\/STLFLIX\" \/>\n<meta property=\"article:modified_time\" content=\"2025-07-13T22:28:02+00:00\" \/>\n<meta property=\"og:image\" content=\"https:\/\/www.lojadomandela3d.biz\/wp-content\/uploads\/2025\/04\/Chew_it_Dock_Cover_and_Controller_Holderthumb_e719b3b545.png\" \/>\n\t<meta property=\"og:image:width\" content=\"1080\" \/>\n\t<meta property=\"og:image:height\" content=\"1350\" \/>\n\t<meta property=\"og:image:type\" content=\"image\/png\" \/>\n<meta name=\"twitter:card\" content=\"summary_large_image\" \/>\n<script type=\"application\/ld+json\" class=\"yoast-schema-graph\">{\"@context\":\"https:\/\/schema.org\",\"@graph\":[{\"@type\":\"WebPage\",\"@id\":\"https:\/\/www.lojadomandela3d.biz\/product\/chew-it-dock-cover-controller-holder-68741e169a1d4\/\",\"url\":\"https:\/\/www.lojadomandela3d.biz\/product\/chew-it-dock-cover-controller-holder-68741e169a1d4\/\",\"name\":\"Suporte grudento Nindento e controles\",\"isPartOf\":{\"@id\":\"https:\/\/my.stlflix.com\/#website\"},\"primaryImageOfPage\":{\"@id\":\"https:\/\/www.lojadomandela3d.biz\/product\/chew-it-dock-cover-controller-holder-68741e169a1d4\/#primaryimage\"},\"image\":{\"@id\":\"https:\/\/www.lojadomandela3d.biz\/product\/chew-it-dock-cover-controller-holder-68741e169a1d4\/#primaryimage\"},\"thumbnailUrl\":\"https:\/\/my.stlflix.com\/wp-content\/uploads\/2025\/04\/Chew_it_Dock_Cover_and_Controller_Holderthumb_e719b3b545.png\",\"datePublished\":\"2025-07-13T21:36:00+00:00\",\"dateModified\":\"2025-07-13T22:28:02+00:00\",\"breadcrumb\":{\"@id\":\"https:\/\/www.lojadomandela3d.biz\/product\/chew-it-dock-cover-controller-holder-68741e169a1d4\/#breadcrumb\"},\"inLanguage\":\"es-ES\",\"potentialAction\":[{\"@type\":\"ReadAction\",\"target\":[\"https:\/\/www.lojadomandela3d.biz\/product\/chew-it-dock-cover-controller-holder-68741e169a1d4\/\"]}]},{\"@type\":\"ImageObject\",\"inLanguage\":\"es-ES\",\"@id\":\"https:\/\/www.lojadomandela3d.biz\/product\/chew-it-dock-cover-controller-holder-68741e169a1d4\/#primaryimage\",\"url\":\"https:\/\/my.stlflix.com\/wp-content\/uploads\/2025\/04\/Chew_it_Dock_Cover_and_Controller_Holderthumb_e719b3b545.png\",\"contentUrl\":\"https:\/\/my.stlflix.com\/wp-content\/uploads\/2025\/04\/Chew_it_Dock_Cover_and_Controller_Holderthumb_e719b3b545.png\",\"width\":1080,\"height\":1350},{\"@type\":\"BreadcrumbList\",\"@id\":\"https:\/\/www.lojadomandela3d.biz\/product\/chew-it-dock-cover-controller-holder-68741e169a1d4\/#breadcrumb\",\"itemListElement\":[{\"@type\":\"ListItem\",\"position\":1,\"name\":\"Home\",\"item\":\"https:\/\/www.stlflix-store.com\/\"},{\"@type\":\"ListItem\",\"position\":2,\"name\":\"Products\",\"item\":\"https:\/\/www.stlflix-store.com\/shop\/\"},{\"@type\":\"ListItem\",\"position\":3,\"name\":\"Base grudento para dock station\"}]},{\"@type\":\"WebSite\",\"@id\":\"https:\/\/my.stlflix.com\/#website\",\"url\":\"https:\/\/my.stlflix.com\/\",\"name\":\"MyStore - By STLFLIX\",\"description\":\"\",\"publisher\":{\"@id\":\"https:\/\/my.stlflix.com\/#organization\"},\"potentialAction\":[{\"@type\":\"SearchAction\",\"target\":{\"@type\":\"EntryPoint\",\"urlTemplate\":\"https:\/\/my.stlflix.com\/?s={search_term_string}\"},\"query-input\":{\"@type\":\"PropertyValueSpecification\",\"valueRequired\":true,\"valueName\":\"search_term_string\"}}],\"inLanguage\":\"es-ES\"},{\"@type\":\"Organization\",\"@id\":\"https:\/\/my.stlflix.com\/#organization\",\"name\":\"MyStore - By STLFLIX\",\"url\":\"https:\/\/my.stlflix.com\/\",\"logo\":{\"@type\":\"ImageObject\",\"inLanguage\":\"es-ES\",\"@id\":\"https:\/\/my.stlflix.com\/#\/schema\/logo\/image\/\",\"url\":\"https:\/\/my.stlflix.com\/wp-content\/uploads\/2024\/06\/logo-mystore.png\",\"contentUrl\":\"https:\/\/my.stlflix.com\/wp-content\/uploads\/2024\/06\/logo-mystore.png\",\"width\":150,\"height\":41,\"caption\":\"MyStore - By STLFLIX\"},\"image\":{\"@id\":\"https:\/\/my.stlflix.com\/#\/schema\/logo\/image\/\"},\"sameAs\":[\"https:\/\/www.facebook.com\/STLFLIX\",\"https:\/\/www.instagram.com\/stlflix_\/\",\"https:\/\/www.tiktok.com\/@stlflix\"]}]}<\/script>\n<!-- \/ Yoast SEO plugin. -->","yoast_head_json":{"title":"Suporte grudento Nindento e controles","robots":{"index":"index","follow":"follow","max-snippet":"max-snippet:-1","max-image-preview":"max-image-preview:large","max-video-preview":"max-video-preview:-1"},"canonical":"https:\/\/www.lojadomandela3d.biz\/product\/chew-it-dock-cover-controller-holder-68741e169a1d4\/","og_locale":"es_ES","og_type":"article","og_title":"Suporte grudento Nindento e controles","og_description":"Que tal um suporte &#8220;grudentamente pr\u00e1tico&#8221; para o seu Nintendo Switch? Apresentamos o suporte grudento para dock station! Com um design divertido, este suporte \u00e9 perfeito para manter seu console seguro e seus dois controles sempre \u00e0 m\u00e3o, organizados e prontos para a pr\u00f3xima partida. \u00c9 a escolha ideal para quem busca praticidade com uma [&hellip;]","og_url":"https:\/\/www.lojadomandela3d.biz\/product\/chew-it-dock-cover-controller-holder-68741e169a1d4\/","og_site_name":"MyStore - By STLFLIX","article_publisher":"https:\/\/www.facebook.com\/STLFLIX","article_modified_time":"2025-07-13T22:28:02+00:00","og_image":[{"width":1080,"height":1350,"url":"https:\/\/www.lojadomandela3d.biz\/wp-content\/uploads\/2025\/04\/Chew_it_Dock_Cover_and_Controller_Holderthumb_e719b3b545.png","type":"image\/png"}],"twitter_card":"summary_large_image","schema":{"@context":"https:\/\/schema.org","@graph":[{"@type":"WebPage","@id":"https:\/\/www.lojadomandela3d.biz\/product\/chew-it-dock-cover-controller-holder-68741e169a1d4\/","url":"https:\/\/www.lojadomandela3d.biz\/product\/chew-it-dock-cover-controller-holder-68741e169a1d4\/","name":"Suporte grudento Nindento e controles","isPartOf":{"@id":"https:\/\/my.stlflix.com\/#website"},"primaryImageOfPage":{"@id":"https:\/\/www.lojadomandela3d.biz\/product\/chew-it-dock-cover-controller-holder-68741e169a1d4\/#primaryimage"},"image":{"@id":"https:\/\/www.lojadomandela3d.biz\/product\/chew-it-dock-cover-controller-holder-68741e169a1d4\/#primaryimage"},"thumbnailUrl":"https:\/\/my.stlflix.com\/wp-content\/uploads\/2025\/04\/Chew_it_Dock_Cover_and_Controller_Holderthumb_e719b3b545.png","datePublished":"2025-07-13T21:36:00+00:00","dateModified":"2025-07-13T22:28:02+00:00","breadcrumb":{"@id":"https:\/\/www.lojadomandela3d.biz\/product\/chew-it-dock-cover-controller-holder-68741e169a1d4\/#breadcrumb"},"inLanguage":"es-ES","potentialAction":[{"@type":"ReadAction","target":["https:\/\/www.lojadomandela3d.biz\/product\/chew-it-dock-cover-controller-holder-68741e169a1d4\/"]}]},{"@type":"ImageObject","inLanguage":"es-ES","@id":"https:\/\/www.lojadomandela3d.biz\/product\/chew-it-dock-cover-controller-holder-68741e169a1d4\/#primaryimage","url":"https:\/\/my.stlflix.com\/wp-content\/uploads\/2025\/04\/Chew_it_Dock_Cover_and_Controller_Holderthumb_e719b3b545.png","contentUrl":"https:\/\/my.stlflix.com\/wp-content\/uploads\/2025\/04\/Chew_it_Dock_Cover_and_Controller_Holderthumb_e719b3b545.png","width":1080,"height":1350},{"@type":"BreadcrumbList","@id":"https:\/\/www.lojadomandela3d.biz\/product\/chew-it-dock-cover-controller-holder-68741e169a1d4\/#breadcrumb","itemListElement":[{"@type":"ListItem","position":1,"name":"Home","item":"https:\/\/www.stlflix-store.com\/"},{"@type":"ListItem","position":2,"name":"Products","item":"https:\/\/www.stlflix-store.com\/shop\/"},{"@type":"ListItem","position":3,"name":"Base grudento para dock station"}]},{"@type":"WebSite","@id":"https:\/\/my.stlflix.com\/#website","url":"https:\/\/my.stlflix.com\/","name":"MyStore - By STLFLIX","description":"","publisher":{"@id":"https:\/\/my.stlflix.com\/#organization"},"potentialAction":[{"@type":"SearchAction","target":{"@type":"EntryPoint","urlTemplate":"https:\/\/my.stlflix.com\/?s={search_term_string}"},"query-input":{"@type":"PropertyValueSpecification","valueRequired":true,"valueName":"search_term_string"}}],"inLanguage":"es-ES"},{"@type":"Organization","@id":"https:\/\/my.stlflix.com\/#organization","name":"MyStore - By STLFLIX","url":"https:\/\/my.stlflix.com\/","logo":{"@type":"ImageObject","inLanguage":"es-ES","@id":"https:\/\/my.stlflix.com\/#\/schema\/logo\/image\/","url":"https:\/\/my.stlflix.com\/wp-content\/uploads\/2024\/06\/logo-mystore.png","contentUrl":"https:\/\/my.stlflix.com\/wp-content\/uploads\/2024\/06\/logo-mystore.png","width":150,"height":41,"caption":"MyStore - By STLFLIX"},"image":{"@id":"https:\/\/my.stlflix.com\/#\/schema\/logo\/image\/"},"sameAs":["https:\/\/www.facebook.com\/STLFLIX","https:\/\/www.instagram.com\/stlflix_\/","https:\/\/www.tiktok.com\/@stlflix"]}]}},"_links":{"self":[{"href":"https:\/\/my.stlflix.com\/es\/wp-json\/wp\/v2\/product\/403483","targetHints":{"allow":["GET"]}}],"collection":[{"href":"https:\/\/my.stlflix.com\/es\/wp-json\/wp\/v2\/product"}],"about":[{"href":"https:\/\/my.stlflix.com\/es\/wp-json\/wp\/v2\/types\/product"}],"replies":[{"embeddable":true,"href":"https:\/\/my.stlflix.com\/es\/wp-json\/wp\/v2\/comments?post=403483"}],"wp:featuredmedia":[{"embeddable":true,"href":"https:\/\/my.stlflix.com\/es\/wp-json\/wp\/v2\/media\/304323"}],"wp:attachment":[{"href":"https:\/\/my.stlflix.com\/es\/wp-json\/wp\/v2\/media?parent=403483"}],"wp:term":[{"taxonomy":"product_brand","embeddable":true,"href":"https:\/\/my.stlflix.com\/es\/wp-json\/wp\/v2\/product_brand?post=403483"},{"taxonomy":"product_cat","embeddable":true,"href":"https:\/\/my.stlflix.com\/es\/wp-json\/wp\/v2\/product_cat?post=403483"},{"taxonomy":"product_tag","embeddable":true,"href":"https:\/\/my.stlflix.com\/es\/wp-json\/wp\/v2\/product_tag?post=403483"}],"curies":[{"name":"wp","href":"https:\/\/api.w.org\/{rel}","templated":true}]}}