{"id":404054,"date":"2025-08-06T11:42:32","date_gmt":"2025-08-06T11:42:32","guid":{"rendered":"https:\/\/my.stlflix.com\/?post_type=product&#038;p=404054"},"modified":"2025-08-21T12:13:25","modified_gmt":"2025-08-21T12:13:25","slug":"serenity-falls-tabletop-fountain-68765d44d95ac","status":"publish","type":"product","link":"https:\/\/my.stlflix.com\/es\/product\/serenity-falls-tabletop-fountain-68765d44d95ac\/","title":{"rendered":"Fontaine de bureau de Serenity Falls"},"content":{"rendered":"<p>D\u00e9couvrez notre fontaine d&#8217;int\u00e9rieur &#8220;Serenity Falls&#8221;, alliant s\u00e9r\u00e9nit\u00e9 et \u00e9l\u00e9gance. Cette fontaine, repr\u00e9sentant une cascade apaisante avec un pont et une maison traditionnelle, apporte une touche de zen et de tranquillit\u00e9 \u00e0 votre int\u00e9rieur.<\/p>\n<p>Peut servir de fontaine pour chat.<\/p>\n<p>Le prix est en euro m\u00eame s&#8217;il est \u00e9crit en dollars.<\/p>\n","protected":false},"excerpt":{"rendered":"<p>D\u00e9couvrez notre fontaine d&#8217;int\u00e9rieur &#8220;Serenity Falls&#8221;, alliant s\u00e9r\u00e9nit\u00e9 et \u00e9l\u00e9gance. Cette fontaine, repr\u00e9sentant une cascade apaisante avec un pont et une maison traditionnelle, apporte une touche de zen et de tranquillit\u00e9 \u00e0 votre int\u00e9rieur. Peut servir de fontaine pour chat. Le prix est en euro m\u00eame s&#8217;il est \u00e9crit en dollars.<\/p>\n","protected":false},"featured_media":320813,"comment_status":"open","ping_status":"closed","template":"","meta":[],"product_brand":[],"product_cat":[15],"product_tag":[6257,5876],"class_list":{"0":"post-404054","1":"product","2":"type-product","3":"status-publish","4":"has-post-thumbnail","6":"product_cat-uncategorized","7":"product_tag-animaux-2","8":"product_tag-fontaine","10":"first","11":"instock","12":"taxable","13":"shipping-taxable","14":"purchasable","15":"product-type-simple"},"yoast_head":"<!-- This site is optimized with the Yoast SEO plugin v25.1 - https:\/\/yoast.com\/wordpress\/plugins\/seo\/ -->\n<title>Fontaine de bureau de Serenity Falls - MyStore - By STLFLIX<\/title>\n<meta name=\"robots\" content=\"index, follow, max-snippet:-1, max-image-preview:large, max-video-preview:-1\" \/>\n<link rel=\"canonical\" href=\"https:\/\/my.stlflix.com\/product\/serenity-falls-tabletop-fountain-68765d44d95ac\/\" \/>\n<meta property=\"og:locale\" content=\"es_ES\" \/>\n<meta property=\"og:type\" content=\"article\" \/>\n<meta property=\"og:title\" content=\"Fontaine de bureau de Serenity Falls - MyStore - By STLFLIX\" \/>\n<meta property=\"og:description\" content=\"D\u00e9couvrez notre fontaine d&#8217;int\u00e9rieur &#8220;Serenity Falls&#8221;, alliant s\u00e9r\u00e9nit\u00e9 et \u00e9l\u00e9gance. Cette fontaine, repr\u00e9sentant une cascade apaisante avec un pont et une maison traditionnelle, apporte une touche de zen et de tranquillit\u00e9 \u00e0 votre int\u00e9rieur. Peut servir de fontaine pour chat. Le prix est en euro m\u00eame s&#8217;il est \u00e9crit en dollars.\" \/>\n<meta property=\"og:url\" content=\"https:\/\/my.stlflix.com\/product\/serenity-falls-tabletop-fountain-68765d44d95ac\/\" \/>\n<meta property=\"og:site_name\" content=\"MyStore - By STLFLIX\" \/>\n<meta property=\"article:publisher\" content=\"https:\/\/www.facebook.com\/STLFLIX\" \/>\n<meta property=\"article:modified_time\" content=\"2025-08-21T12:13:25+00:00\" \/>\n<meta property=\"og:image\" content=\"https:\/\/my.stlflix.com\/wp-content\/uploads\/2025\/04\/Serenity_Falls_Tabletop_Fountain_thumb_f9e84be69a.jpg\" \/>\n\t<meta property=\"og:image:width\" content=\"1080\" \/>\n\t<meta property=\"og:image:height\" content=\"1350\" \/>\n\t<meta property=\"og:image:type\" content=\"image\/jpeg\" \/>\n<meta name=\"twitter:card\" content=\"summary_large_image\" \/>\n<script type=\"application\/ld+json\" class=\"yoast-schema-graph\">{\"@context\":\"https:\/\/schema.org\",\"@graph\":[{\"@type\":\"WebPage\",\"@id\":\"https:\/\/my.stlflix.com\/product\/serenity-falls-tabletop-fountain-68765d44d95ac\/\",\"url\":\"https:\/\/my.stlflix.com\/product\/serenity-falls-tabletop-fountain-68765d44d95ac\/\",\"name\":\"Fontaine de bureau de Serenity Falls - MyStore - By STLFLIX\",\"isPartOf\":{\"@id\":\"https:\/\/my.stlflix.com\/#website\"},\"primaryImageOfPage\":{\"@id\":\"https:\/\/my.stlflix.com\/product\/serenity-falls-tabletop-fountain-68765d44d95ac\/#primaryimage\"},\"image\":{\"@id\":\"https:\/\/my.stlflix.com\/product\/serenity-falls-tabletop-fountain-68765d44d95ac\/#primaryimage\"},\"thumbnailUrl\":\"https:\/\/my.stlflix.com\/wp-content\/uploads\/2025\/04\/Serenity_Falls_Tabletop_Fountain_thumb_f9e84be69a.jpg\",\"datePublished\":\"2025-08-06T11:42:32+00:00\",\"dateModified\":\"2025-08-21T12:13:25+00:00\",\"breadcrumb\":{\"@id\":\"https:\/\/my.stlflix.com\/product\/serenity-falls-tabletop-fountain-68765d44d95ac\/#breadcrumb\"},\"inLanguage\":\"es-ES\",\"potentialAction\":[{\"@type\":\"ReadAction\",\"target\":[\"https:\/\/my.stlflix.com\/product\/serenity-falls-tabletop-fountain-68765d44d95ac\/\"]}]},{\"@type\":\"ImageObject\",\"inLanguage\":\"es-ES\",\"@id\":\"https:\/\/my.stlflix.com\/product\/serenity-falls-tabletop-fountain-68765d44d95ac\/#primaryimage\",\"url\":\"https:\/\/my.stlflix.com\/wp-content\/uploads\/2025\/04\/Serenity_Falls_Tabletop_Fountain_thumb_f9e84be69a.jpg\",\"contentUrl\":\"https:\/\/my.stlflix.com\/wp-content\/uploads\/2025\/04\/Serenity_Falls_Tabletop_Fountain_thumb_f9e84be69a.jpg\",\"width\":1080,\"height\":1350},{\"@type\":\"BreadcrumbList\",\"@id\":\"https:\/\/my.stlflix.com\/product\/serenity-falls-tabletop-fountain-68765d44d95ac\/#breadcrumb\",\"itemListElement\":[{\"@type\":\"ListItem\",\"position\":1,\"name\":\"Home\",\"item\":\"https:\/\/www.stlflix-store.com\/\"},{\"@type\":\"ListItem\",\"position\":2,\"name\":\"Products\",\"item\":\"https:\/\/www.stlflix-store.com\/shop\/\"},{\"@type\":\"ListItem\",\"position\":3,\"name\":\"Fontaine de bureau de Serenity Falls\"}]},{\"@type\":\"WebSite\",\"@id\":\"https:\/\/my.stlflix.com\/#website\",\"url\":\"https:\/\/my.stlflix.com\/\",\"name\":\"MyStore - By STLFLIX\",\"description\":\"\",\"publisher\":{\"@id\":\"https:\/\/my.stlflix.com\/#organization\"},\"potentialAction\":[{\"@type\":\"SearchAction\",\"target\":{\"@type\":\"EntryPoint\",\"urlTemplate\":\"https:\/\/my.stlflix.com\/?s={search_term_string}\"},\"query-input\":{\"@type\":\"PropertyValueSpecification\",\"valueRequired\":true,\"valueName\":\"search_term_string\"}}],\"inLanguage\":\"es-ES\"},{\"@type\":\"Organization\",\"@id\":\"https:\/\/my.stlflix.com\/#organization\",\"name\":\"MyStore - By STLFLIX\",\"url\":\"https:\/\/my.stlflix.com\/\",\"logo\":{\"@type\":\"ImageObject\",\"inLanguage\":\"es-ES\",\"@id\":\"https:\/\/my.stlflix.com\/#\/schema\/logo\/image\/\",\"url\":\"https:\/\/my.stlflix.com\/wp-content\/uploads\/2024\/06\/logo-mystore.png\",\"contentUrl\":\"https:\/\/my.stlflix.com\/wp-content\/uploads\/2024\/06\/logo-mystore.png\",\"width\":150,\"height\":41,\"caption\":\"MyStore - By STLFLIX\"},\"image\":{\"@id\":\"https:\/\/my.stlflix.com\/#\/schema\/logo\/image\/\"},\"sameAs\":[\"https:\/\/www.facebook.com\/STLFLIX\",\"https:\/\/www.instagram.com\/stlflix_\/\",\"https:\/\/www.tiktok.com\/@stlflix\"]}]}<\/script>\n<!-- \/ Yoast SEO plugin. -->","yoast_head_json":{"title":"Fontaine de bureau de Serenity Falls - MyStore - By STLFLIX","robots":{"index":"index","follow":"follow","max-snippet":"max-snippet:-1","max-image-preview":"max-image-preview:large","max-video-preview":"max-video-preview:-1"},"canonical":"https:\/\/my.stlflix.com\/product\/serenity-falls-tabletop-fountain-68765d44d95ac\/","og_locale":"es_ES","og_type":"article","og_title":"Fontaine de bureau de Serenity Falls - MyStore - By STLFLIX","og_description":"D\u00e9couvrez notre fontaine d&#8217;int\u00e9rieur &#8220;Serenity Falls&#8221;, alliant s\u00e9r\u00e9nit\u00e9 et \u00e9l\u00e9gance. Cette fontaine, repr\u00e9sentant une cascade apaisante avec un pont et une maison traditionnelle, apporte une touche de zen et de tranquillit\u00e9 \u00e0 votre int\u00e9rieur. Peut servir de fontaine pour chat. Le prix est en euro m\u00eame s&#8217;il est \u00e9crit en dollars.","og_url":"https:\/\/my.stlflix.com\/product\/serenity-falls-tabletop-fountain-68765d44d95ac\/","og_site_name":"MyStore - By STLFLIX","article_publisher":"https:\/\/www.facebook.com\/STLFLIX","article_modified_time":"2025-08-21T12:13:25+00:00","og_image":[{"width":1080,"height":1350,"url":"https:\/\/my.stlflix.com\/wp-content\/uploads\/2025\/04\/Serenity_Falls_Tabletop_Fountain_thumb_f9e84be69a.jpg","type":"image\/jpeg"}],"twitter_card":"summary_large_image","schema":{"@context":"https:\/\/schema.org","@graph":[{"@type":"WebPage","@id":"https:\/\/my.stlflix.com\/product\/serenity-falls-tabletop-fountain-68765d44d95ac\/","url":"https:\/\/my.stlflix.com\/product\/serenity-falls-tabletop-fountain-68765d44d95ac\/","name":"Fontaine de bureau de Serenity Falls - MyStore - By STLFLIX","isPartOf":{"@id":"https:\/\/my.stlflix.com\/#website"},"primaryImageOfPage":{"@id":"https:\/\/my.stlflix.com\/product\/serenity-falls-tabletop-fountain-68765d44d95ac\/#primaryimage"},"image":{"@id":"https:\/\/my.stlflix.com\/product\/serenity-falls-tabletop-fountain-68765d44d95ac\/#primaryimage"},"thumbnailUrl":"https:\/\/my.stlflix.com\/wp-content\/uploads\/2025\/04\/Serenity_Falls_Tabletop_Fountain_thumb_f9e84be69a.jpg","datePublished":"2025-08-06T11:42:32+00:00","dateModified":"2025-08-21T12:13:25+00:00","breadcrumb":{"@id":"https:\/\/my.stlflix.com\/product\/serenity-falls-tabletop-fountain-68765d44d95ac\/#breadcrumb"},"inLanguage":"es-ES","potentialAction":[{"@type":"ReadAction","target":["https:\/\/my.stlflix.com\/product\/serenity-falls-tabletop-fountain-68765d44d95ac\/"]}]},{"@type":"ImageObject","inLanguage":"es-ES","@id":"https:\/\/my.stlflix.com\/product\/serenity-falls-tabletop-fountain-68765d44d95ac\/#primaryimage","url":"https:\/\/my.stlflix.com\/wp-content\/uploads\/2025\/04\/Serenity_Falls_Tabletop_Fountain_thumb_f9e84be69a.jpg","contentUrl":"https:\/\/my.stlflix.com\/wp-content\/uploads\/2025\/04\/Serenity_Falls_Tabletop_Fountain_thumb_f9e84be69a.jpg","width":1080,"height":1350},{"@type":"BreadcrumbList","@id":"https:\/\/my.stlflix.com\/product\/serenity-falls-tabletop-fountain-68765d44d95ac\/#breadcrumb","itemListElement":[{"@type":"ListItem","position":1,"name":"Home","item":"https:\/\/www.stlflix-store.com\/"},{"@type":"ListItem","position":2,"name":"Products","item":"https:\/\/www.stlflix-store.com\/shop\/"},{"@type":"ListItem","position":3,"name":"Fontaine de bureau de Serenity Falls"}]},{"@type":"WebSite","@id":"https:\/\/my.stlflix.com\/#website","url":"https:\/\/my.stlflix.com\/","name":"MyStore - By STLFLIX","description":"","publisher":{"@id":"https:\/\/my.stlflix.com\/#organization"},"potentialAction":[{"@type":"SearchAction","target":{"@type":"EntryPoint","urlTemplate":"https:\/\/my.stlflix.com\/?s={search_term_string}"},"query-input":{"@type":"PropertyValueSpecification","valueRequired":true,"valueName":"search_term_string"}}],"inLanguage":"es-ES"},{"@type":"Organization","@id":"https:\/\/my.stlflix.com\/#organization","name":"MyStore - By STLFLIX","url":"https:\/\/my.stlflix.com\/","logo":{"@type":"ImageObject","inLanguage":"es-ES","@id":"https:\/\/my.stlflix.com\/#\/schema\/logo\/image\/","url":"https:\/\/my.stlflix.com\/wp-content\/uploads\/2024\/06\/logo-mystore.png","contentUrl":"https:\/\/my.stlflix.com\/wp-content\/uploads\/2024\/06\/logo-mystore.png","width":150,"height":41,"caption":"MyStore - By STLFLIX"},"image":{"@id":"https:\/\/my.stlflix.com\/#\/schema\/logo\/image\/"},"sameAs":["https:\/\/www.facebook.com\/STLFLIX","https:\/\/www.instagram.com\/stlflix_\/","https:\/\/www.tiktok.com\/@stlflix"]}]}},"_links":{"self":[{"href":"https:\/\/my.stlflix.com\/es\/wp-json\/wp\/v2\/product\/404054","targetHints":{"allow":["GET"]}}],"collection":[{"href":"https:\/\/my.stlflix.com\/es\/wp-json\/wp\/v2\/product"}],"about":[{"href":"https:\/\/my.stlflix.com\/es\/wp-json\/wp\/v2\/types\/product"}],"replies":[{"embeddable":true,"href":"https:\/\/my.stlflix.com\/es\/wp-json\/wp\/v2\/comments?post=404054"}],"wp:featuredmedia":[{"embeddable":true,"href":"https:\/\/my.stlflix.com\/es\/wp-json\/wp\/v2\/media\/320813"}],"wp:attachment":[{"href":"https:\/\/my.stlflix.com\/es\/wp-json\/wp\/v2\/media?parent=404054"}],"wp:term":[{"taxonomy":"product_brand","embeddable":true,"href":"https:\/\/my.stlflix.com\/es\/wp-json\/wp\/v2\/product_brand?post=404054"},{"taxonomy":"product_cat","embeddable":true,"href":"https:\/\/my.stlflix.com\/es\/wp-json\/wp\/v2\/product_cat?post=404054"},{"taxonomy":"product_tag","embeddable":true,"href":"https:\/\/my.stlflix.com\/es\/wp-json\/wp\/v2\/product_tag?post=404054"}],"curies":[{"name":"wp","href":"https:\/\/api.w.org\/{rel}","templated":true}]}}