{"id":404742,"date":"2025-07-18T11:45:20","date_gmt":"2025-07-18T11:45:20","guid":{"rendered":"https:\/\/my.stlflix.com\/?post_type=product&#038;p=404742"},"modified":"2025-08-21T12:23:25","modified_gmt":"2025-08-21T12:23:25","slug":"buddha-in-bloom-tabletop-fountain-6877cf7084bed","status":"publish","type":"product","link":"https:\/\/my.stlflix.com\/es\/product\/buddha-in-bloom-tabletop-fountain-6877cf7084bed\/","title":{"rendered":"Fontaine de table Bouddha en fleurs"},"content":{"rendered":"<p>Cr\u00e9ez une oasis de calme dans votre maison ou votre bureau avec la <strong data-start=\"253\" data-end=\"272\">Buddha in Bloom<\/strong>, une \u00e9l\u00e9gante fontaine de table. L\u2019eau s\u2019\u00e9coule d\u00e9licatement depuis une fleur de lotus en pleine \u00e9closion, entourant une statue de Bouddha qui inspire la paix et la m\u00e9ditation.<\/p>\n<p>Le prix est en euro m\u00eame s&#8217;il est \u00e9crit en dollars.<\/p>\n","protected":false},"excerpt":{"rendered":"<p>Cr\u00e9ez une oasis de calme dans votre maison ou votre bureau avec la Buddha in Bloom, une \u00e9l\u00e9gante fontaine de table. L\u2019eau s\u2019\u00e9coule d\u00e9licatement depuis une fleur de lotus en pleine \u00e9closion, entourant une statue de Bouddha qui inspire la paix et la m\u00e9ditation. Le prix est en euro m\u00eame s&#8217;il est \u00e9crit en dollars.<\/p>\n","protected":false},"featured_media":321154,"comment_status":"open","ping_status":"closed","template":"","meta":[],"product_brand":[],"product_cat":[15],"product_tag":[5876],"class_list":{"0":"post-404742","1":"product","2":"type-product","3":"status-publish","4":"has-post-thumbnail","6":"product_cat-uncategorized","7":"product_tag-fontaine","9":"first","10":"instock","11":"taxable","12":"shipping-taxable","13":"purchasable","14":"product-type-simple"},"yoast_head":"<!-- This site is optimized with the Yoast SEO plugin v25.1 - https:\/\/yoast.com\/wordpress\/plugins\/seo\/ -->\n<title>Fontaine de table Bouddha en fleurs - MyStore - By STLFLIX<\/title>\n<meta name=\"robots\" content=\"index, follow, max-snippet:-1, max-image-preview:large, max-video-preview:-1\" \/>\n<link rel=\"canonical\" href=\"https:\/\/my.stlflix.com\/product\/buddha-in-bloom-tabletop-fountain-6877cf7084bed\/\" \/>\n<meta property=\"og:locale\" content=\"es_ES\" \/>\n<meta property=\"og:type\" content=\"article\" \/>\n<meta property=\"og:title\" content=\"Fontaine de table Bouddha en fleurs - MyStore - By STLFLIX\" \/>\n<meta property=\"og:description\" content=\"Cr\u00e9ez une oasis de calme dans votre maison ou votre bureau avec la Buddha in Bloom, une \u00e9l\u00e9gante fontaine de table. L\u2019eau s\u2019\u00e9coule d\u00e9licatement depuis une fleur de lotus en pleine \u00e9closion, entourant une statue de Bouddha qui inspire la paix et la m\u00e9ditation. Le prix est en euro m\u00eame s&#8217;il est \u00e9crit en dollars.\" \/>\n<meta property=\"og:url\" content=\"https:\/\/my.stlflix.com\/product\/buddha-in-bloom-tabletop-fountain-6877cf7084bed\/\" \/>\n<meta property=\"og:site_name\" content=\"MyStore - By STLFLIX\" \/>\n<meta property=\"article:publisher\" content=\"https:\/\/www.facebook.com\/STLFLIX\" \/>\n<meta property=\"article:modified_time\" content=\"2025-08-21T12:23:25+00:00\" \/>\n<meta property=\"og:image\" content=\"https:\/\/my.stlflix.com\/wp-content\/uploads\/2025\/04\/Buddha_in_Bloom_Tabletop_Fountain_thumb_d2fdca150e.jpg\" \/>\n\t<meta property=\"og:image:width\" content=\"1080\" \/>\n\t<meta property=\"og:image:height\" content=\"1350\" \/>\n\t<meta property=\"og:image:type\" content=\"image\/jpeg\" \/>\n<meta name=\"twitter:card\" content=\"summary_large_image\" \/>\n<script type=\"application\/ld+json\" class=\"yoast-schema-graph\">{\"@context\":\"https:\/\/schema.org\",\"@graph\":[{\"@type\":\"WebPage\",\"@id\":\"https:\/\/my.stlflix.com\/product\/buddha-in-bloom-tabletop-fountain-6877cf7084bed\/\",\"url\":\"https:\/\/my.stlflix.com\/product\/buddha-in-bloom-tabletop-fountain-6877cf7084bed\/\",\"name\":\"Fontaine de table Bouddha en fleurs - MyStore - By STLFLIX\",\"isPartOf\":{\"@id\":\"https:\/\/my.stlflix.com\/#website\"},\"primaryImageOfPage\":{\"@id\":\"https:\/\/my.stlflix.com\/product\/buddha-in-bloom-tabletop-fountain-6877cf7084bed\/#primaryimage\"},\"image\":{\"@id\":\"https:\/\/my.stlflix.com\/product\/buddha-in-bloom-tabletop-fountain-6877cf7084bed\/#primaryimage\"},\"thumbnailUrl\":\"https:\/\/my.stlflix.com\/wp-content\/uploads\/2025\/04\/Buddha_in_Bloom_Tabletop_Fountain_thumb_d2fdca150e.jpg\",\"datePublished\":\"2025-07-18T11:45:20+00:00\",\"dateModified\":\"2025-08-21T12:23:25+00:00\",\"breadcrumb\":{\"@id\":\"https:\/\/my.stlflix.com\/product\/buddha-in-bloom-tabletop-fountain-6877cf7084bed\/#breadcrumb\"},\"inLanguage\":\"es-ES\",\"potentialAction\":[{\"@type\":\"ReadAction\",\"target\":[\"https:\/\/my.stlflix.com\/product\/buddha-in-bloom-tabletop-fountain-6877cf7084bed\/\"]}]},{\"@type\":\"ImageObject\",\"inLanguage\":\"es-ES\",\"@id\":\"https:\/\/my.stlflix.com\/product\/buddha-in-bloom-tabletop-fountain-6877cf7084bed\/#primaryimage\",\"url\":\"https:\/\/my.stlflix.com\/wp-content\/uploads\/2025\/04\/Buddha_in_Bloom_Tabletop_Fountain_thumb_d2fdca150e.jpg\",\"contentUrl\":\"https:\/\/my.stlflix.com\/wp-content\/uploads\/2025\/04\/Buddha_in_Bloom_Tabletop_Fountain_thumb_d2fdca150e.jpg\",\"width\":1080,\"height\":1350},{\"@type\":\"BreadcrumbList\",\"@id\":\"https:\/\/my.stlflix.com\/product\/buddha-in-bloom-tabletop-fountain-6877cf7084bed\/#breadcrumb\",\"itemListElement\":[{\"@type\":\"ListItem\",\"position\":1,\"name\":\"Home\",\"item\":\"https:\/\/www.stlflix-store.com\/\"},{\"@type\":\"ListItem\",\"position\":2,\"name\":\"Products\",\"item\":\"https:\/\/www.stlflix-store.com\/shop\/\"},{\"@type\":\"ListItem\",\"position\":3,\"name\":\"Fontaine de table Bouddha en fleurs\"}]},{\"@type\":\"WebSite\",\"@id\":\"https:\/\/my.stlflix.com\/#website\",\"url\":\"https:\/\/my.stlflix.com\/\",\"name\":\"MyStore - By STLFLIX\",\"description\":\"\",\"publisher\":{\"@id\":\"https:\/\/my.stlflix.com\/#organization\"},\"potentialAction\":[{\"@type\":\"SearchAction\",\"target\":{\"@type\":\"EntryPoint\",\"urlTemplate\":\"https:\/\/my.stlflix.com\/?s={search_term_string}\"},\"query-input\":{\"@type\":\"PropertyValueSpecification\",\"valueRequired\":true,\"valueName\":\"search_term_string\"}}],\"inLanguage\":\"es-ES\"},{\"@type\":\"Organization\",\"@id\":\"https:\/\/my.stlflix.com\/#organization\",\"name\":\"MyStore - By STLFLIX\",\"url\":\"https:\/\/my.stlflix.com\/\",\"logo\":{\"@type\":\"ImageObject\",\"inLanguage\":\"es-ES\",\"@id\":\"https:\/\/my.stlflix.com\/#\/schema\/logo\/image\/\",\"url\":\"https:\/\/my.stlflix.com\/wp-content\/uploads\/2024\/06\/logo-mystore.png\",\"contentUrl\":\"https:\/\/my.stlflix.com\/wp-content\/uploads\/2024\/06\/logo-mystore.png\",\"width\":150,\"height\":41,\"caption\":\"MyStore - By STLFLIX\"},\"image\":{\"@id\":\"https:\/\/my.stlflix.com\/#\/schema\/logo\/image\/\"},\"sameAs\":[\"https:\/\/www.facebook.com\/STLFLIX\",\"https:\/\/www.instagram.com\/stlflix_\/\",\"https:\/\/www.tiktok.com\/@stlflix\"]}]}<\/script>\n<!-- \/ Yoast SEO plugin. -->","yoast_head_json":{"title":"Fontaine de table Bouddha en fleurs - MyStore - By STLFLIX","robots":{"index":"index","follow":"follow","max-snippet":"max-snippet:-1","max-image-preview":"max-image-preview:large","max-video-preview":"max-video-preview:-1"},"canonical":"https:\/\/my.stlflix.com\/product\/buddha-in-bloom-tabletop-fountain-6877cf7084bed\/","og_locale":"es_ES","og_type":"article","og_title":"Fontaine de table Bouddha en fleurs - MyStore - By STLFLIX","og_description":"Cr\u00e9ez une oasis de calme dans votre maison ou votre bureau avec la Buddha in Bloom, une \u00e9l\u00e9gante fontaine de table. L\u2019eau s\u2019\u00e9coule d\u00e9licatement depuis une fleur de lotus en pleine \u00e9closion, entourant une statue de Bouddha qui inspire la paix et la m\u00e9ditation. Le prix est en euro m\u00eame s&#8217;il est \u00e9crit en dollars.","og_url":"https:\/\/my.stlflix.com\/product\/buddha-in-bloom-tabletop-fountain-6877cf7084bed\/","og_site_name":"MyStore - By STLFLIX","article_publisher":"https:\/\/www.facebook.com\/STLFLIX","article_modified_time":"2025-08-21T12:23:25+00:00","og_image":[{"width":1080,"height":1350,"url":"https:\/\/my.stlflix.com\/wp-content\/uploads\/2025\/04\/Buddha_in_Bloom_Tabletop_Fountain_thumb_d2fdca150e.jpg","type":"image\/jpeg"}],"twitter_card":"summary_large_image","schema":{"@context":"https:\/\/schema.org","@graph":[{"@type":"WebPage","@id":"https:\/\/my.stlflix.com\/product\/buddha-in-bloom-tabletop-fountain-6877cf7084bed\/","url":"https:\/\/my.stlflix.com\/product\/buddha-in-bloom-tabletop-fountain-6877cf7084bed\/","name":"Fontaine de table Bouddha en fleurs - MyStore - By STLFLIX","isPartOf":{"@id":"https:\/\/my.stlflix.com\/#website"},"primaryImageOfPage":{"@id":"https:\/\/my.stlflix.com\/product\/buddha-in-bloom-tabletop-fountain-6877cf7084bed\/#primaryimage"},"image":{"@id":"https:\/\/my.stlflix.com\/product\/buddha-in-bloom-tabletop-fountain-6877cf7084bed\/#primaryimage"},"thumbnailUrl":"https:\/\/my.stlflix.com\/wp-content\/uploads\/2025\/04\/Buddha_in_Bloom_Tabletop_Fountain_thumb_d2fdca150e.jpg","datePublished":"2025-07-18T11:45:20+00:00","dateModified":"2025-08-21T12:23:25+00:00","breadcrumb":{"@id":"https:\/\/my.stlflix.com\/product\/buddha-in-bloom-tabletop-fountain-6877cf7084bed\/#breadcrumb"},"inLanguage":"es-ES","potentialAction":[{"@type":"ReadAction","target":["https:\/\/my.stlflix.com\/product\/buddha-in-bloom-tabletop-fountain-6877cf7084bed\/"]}]},{"@type":"ImageObject","inLanguage":"es-ES","@id":"https:\/\/my.stlflix.com\/product\/buddha-in-bloom-tabletop-fountain-6877cf7084bed\/#primaryimage","url":"https:\/\/my.stlflix.com\/wp-content\/uploads\/2025\/04\/Buddha_in_Bloom_Tabletop_Fountain_thumb_d2fdca150e.jpg","contentUrl":"https:\/\/my.stlflix.com\/wp-content\/uploads\/2025\/04\/Buddha_in_Bloom_Tabletop_Fountain_thumb_d2fdca150e.jpg","width":1080,"height":1350},{"@type":"BreadcrumbList","@id":"https:\/\/my.stlflix.com\/product\/buddha-in-bloom-tabletop-fountain-6877cf7084bed\/#breadcrumb","itemListElement":[{"@type":"ListItem","position":1,"name":"Home","item":"https:\/\/www.stlflix-store.com\/"},{"@type":"ListItem","position":2,"name":"Products","item":"https:\/\/www.stlflix-store.com\/shop\/"},{"@type":"ListItem","position":3,"name":"Fontaine de table Bouddha en fleurs"}]},{"@type":"WebSite","@id":"https:\/\/my.stlflix.com\/#website","url":"https:\/\/my.stlflix.com\/","name":"MyStore - By STLFLIX","description":"","publisher":{"@id":"https:\/\/my.stlflix.com\/#organization"},"potentialAction":[{"@type":"SearchAction","target":{"@type":"EntryPoint","urlTemplate":"https:\/\/my.stlflix.com\/?s={search_term_string}"},"query-input":{"@type":"PropertyValueSpecification","valueRequired":true,"valueName":"search_term_string"}}],"inLanguage":"es-ES"},{"@type":"Organization","@id":"https:\/\/my.stlflix.com\/#organization","name":"MyStore - By STLFLIX","url":"https:\/\/my.stlflix.com\/","logo":{"@type":"ImageObject","inLanguage":"es-ES","@id":"https:\/\/my.stlflix.com\/#\/schema\/logo\/image\/","url":"https:\/\/my.stlflix.com\/wp-content\/uploads\/2024\/06\/logo-mystore.png","contentUrl":"https:\/\/my.stlflix.com\/wp-content\/uploads\/2024\/06\/logo-mystore.png","width":150,"height":41,"caption":"MyStore - By STLFLIX"},"image":{"@id":"https:\/\/my.stlflix.com\/#\/schema\/logo\/image\/"},"sameAs":["https:\/\/www.facebook.com\/STLFLIX","https:\/\/www.instagram.com\/stlflix_\/","https:\/\/www.tiktok.com\/@stlflix"]}]}},"_links":{"self":[{"href":"https:\/\/my.stlflix.com\/es\/wp-json\/wp\/v2\/product\/404742","targetHints":{"allow":["GET"]}}],"collection":[{"href":"https:\/\/my.stlflix.com\/es\/wp-json\/wp\/v2\/product"}],"about":[{"href":"https:\/\/my.stlflix.com\/es\/wp-json\/wp\/v2\/types\/product"}],"replies":[{"embeddable":true,"href":"https:\/\/my.stlflix.com\/es\/wp-json\/wp\/v2\/comments?post=404742"}],"wp:featuredmedia":[{"embeddable":true,"href":"https:\/\/my.stlflix.com\/es\/wp-json\/wp\/v2\/media\/321154"}],"wp:attachment":[{"href":"https:\/\/my.stlflix.com\/es\/wp-json\/wp\/v2\/media?parent=404742"}],"wp:term":[{"taxonomy":"product_brand","embeddable":true,"href":"https:\/\/my.stlflix.com\/es\/wp-json\/wp\/v2\/product_brand?post=404742"},{"taxonomy":"product_cat","embeddable":true,"href":"https:\/\/my.stlflix.com\/es\/wp-json\/wp\/v2\/product_cat?post=404742"},{"taxonomy":"product_tag","embeddable":true,"href":"https:\/\/my.stlflix.com\/es\/wp-json\/wp\/v2\/product_tag?post=404742"}],"curies":[{"name":"wp","href":"https:\/\/api.w.org\/{rel}","templated":true}]}}