{"id":40758,"date":"2024-06-16T15:26:09","date_gmt":"2024-06-16T15:26:09","guid":{"rendered":"https:\/\/my.stlflix.com\/?post_type=product&#038;p=40758"},"modified":"2024-12-22T11:12:00","modified_gmt":"2024-12-22T11:12:00","slug":"atslegu-piekarins-p-violets","status":"publish","type":"product","link":"https:\/\/my.stlflix.com\/es\/product\/atslegu-piekarins-p-violets\/","title":{"rendered":"Atsl\u0113gu Piekari\u0146\u0161 &#8220;P&#8221; &#8211; violets"},"content":{"rendered":"<p>Ienesiet sav\u0101 ikdien\u0101 unik\u0101lu un stil\u012bgu piesk\u0101rienu ar m\u016bsu roku darba atsl\u0113gu piekari\u0146u, kas veidots no augstas kvalit\u0101tes resin. Katrs piekari\u0146\u0161 ir r\u016bp\u012bgi izgatavots ar lielu uzman\u012bbu deta\u013c\u0101m, lai nodro\u0161in\u0101tu izsmalcin\u0101tu dizainu un iztur\u012bbu. Pieejami da\u017e\u0101dos dizainos un kr\u0101su kombin\u0101cij\u0101s, \u0161ie piekari\u0146i ir ide\u0101li piem\u0113roti k\u0101 \u012bpa\u0161a d\u0101vana vai k\u0101 personaliz\u0113ts aksesu\u0101rs j\u016bsu atsl\u0113g\u0101m. Pievienojiet savam ikdienas stilam m\u0101ksliniecisku un ekskluz\u012bvu piesk\u0101rienu ar m\u016bsu unik\u0101lajiem resin atsl\u0113gu piekari\u0146iem!<\/p>\n","protected":false},"excerpt":{"rendered":"<p>Ienesiet sav\u0101 ikdien\u0101 unik\u0101lu un stil\u012bgu piesk\u0101rienu ar m\u016bsu roku darba atsl\u0113gu piekari\u0146u, kas veidots no augstas kvalit\u0101tes resin. Katrs piekari\u0146\u0161 ir r\u016bp\u012bgi izgatavots ar lielu uzman\u012bbu deta\u013c\u0101m, lai nodro\u0161in\u0101tu izsmalcin\u0101tu dizainu un iztur\u012bbu. Pieejami da\u017e\u0101dos dizainos un kr\u0101su kombin\u0101cij\u0101s, \u0161ie piekari\u0146i ir ide\u0101li piem\u0113roti k\u0101 \u012bpa\u0161a d\u0101vana vai k\u0101 personaliz\u0113ts aksesu\u0101rs j\u016bsu atsl\u0113g\u0101m. Pievienojiet [&hellip;]<\/p>\n","protected":false},"featured_media":40742,"comment_status":"open","ping_status":"closed","template":"","meta":[],"product_brand":[],"product_cat":[15],"product_tag":[185],"class_list":{"0":"post-40758","1":"product","2":"type-product","3":"status-publish","4":"has-post-thumbnail","6":"product_cat-uncategorized","7":"product_tag-resin","8":"product_shipping_class-class-1","10":"first","11":"instock","12":"shipping-taxable","13":"purchasable","14":"product-type-simple"},"yoast_head":"<!-- This site is optimized with the Yoast SEO plugin v25.1 - https:\/\/yoast.com\/wordpress\/plugins\/seo\/ -->\n<title>Atsl\u0113gu Piekari\u0146\u0161 &quot;P&quot; - violets<\/title>\n<meta name=\"robots\" content=\"index, follow, max-snippet:-1, max-image-preview:large, max-video-preview:-1\" \/>\n<link rel=\"canonical\" href=\"https:\/\/www.monitorstlflix.com\/product\/atslegu-piekarins-p-violets\/\" \/>\n<meta property=\"og:locale\" content=\"es_ES\" \/>\n<meta property=\"og:type\" content=\"article\" \/>\n<meta property=\"og:title\" content=\"Atsl\u0113gu Piekari\u0146\u0161 &quot;P&quot; - violets\" \/>\n<meta property=\"og:description\" content=\"Ienesiet sav\u0101 ikdien\u0101 unik\u0101lu un stil\u012bgu piesk\u0101rienu ar m\u016bsu roku darba atsl\u0113gu piekari\u0146u, kas veidots no augstas kvalit\u0101tes resin. Katrs piekari\u0146\u0161 ir r\u016bp\u012bgi izgatavots ar lielu uzman\u012bbu deta\u013c\u0101m, lai nodro\u0161in\u0101tu izsmalcin\u0101tu dizainu un iztur\u012bbu. Pieejami da\u017e\u0101dos dizainos un kr\u0101su kombin\u0101cij\u0101s, \u0161ie piekari\u0146i ir ide\u0101li piem\u0113roti k\u0101 \u012bpa\u0161a d\u0101vana vai k\u0101 personaliz\u0113ts aksesu\u0101rs j\u016bsu atsl\u0113g\u0101m. Pievienojiet [&hellip;]\" \/>\n<meta property=\"og:url\" content=\"https:\/\/www.monitorstlflix.com\/product\/atslegu-piekarins-p-violets\/\" \/>\n<meta property=\"og:site_name\" content=\"MyStore - By STLFLIX\" \/>\n<meta property=\"article:publisher\" content=\"https:\/\/www.facebook.com\/STLFLIX\" \/>\n<meta property=\"article:modified_time\" content=\"2024-12-22T11:12:00+00:00\" \/>\n<meta property=\"og:image\" content=\"https:\/\/www.monitorstlflix.com\/wp-content\/uploads\/2024\/06\/Noformejums-bez-nosaukuma-13.png\" \/>\n\t<meta property=\"og:image:width\" content=\"520\" \/>\n\t<meta property=\"og:image:height\" content=\"520\" \/>\n\t<meta property=\"og:image:type\" content=\"image\/png\" \/>\n<meta name=\"twitter:card\" content=\"summary_large_image\" \/>\n<meta name=\"twitter:label1\" content=\"Est. reading time\" \/>\n\t<meta name=\"twitter:data1\" content=\"1 minute\" \/>\n<script type=\"application\/ld+json\" class=\"yoast-schema-graph\">{\"@context\":\"https:\/\/schema.org\",\"@graph\":[{\"@type\":\"WebPage\",\"@id\":\"https:\/\/www.monitorstlflix.com\/product\/atslegu-piekarins-p-violets\/\",\"url\":\"https:\/\/www.monitorstlflix.com\/product\/atslegu-piekarins-p-violets\/\",\"name\":\"Atsl\u0113gu Piekari\u0146\u0161 \\\"P\\\" - violets\",\"isPartOf\":{\"@id\":\"https:\/\/my.stlflix.com\/#website\"},\"primaryImageOfPage\":{\"@id\":\"https:\/\/www.monitorstlflix.com\/product\/atslegu-piekarins-p-violets\/#primaryimage\"},\"image\":{\"@id\":\"https:\/\/www.monitorstlflix.com\/product\/atslegu-piekarins-p-violets\/#primaryimage\"},\"thumbnailUrl\":\"https:\/\/my.stlflix.com\/wp-content\/uploads\/2024\/06\/Noformejums-bez-nosaukuma-13.png\",\"datePublished\":\"2024-06-16T15:26:09+00:00\",\"dateModified\":\"2024-12-22T11:12:00+00:00\",\"breadcrumb\":{\"@id\":\"https:\/\/www.monitorstlflix.com\/product\/atslegu-piekarins-p-violets\/#breadcrumb\"},\"inLanguage\":\"es-ES\",\"potentialAction\":[{\"@type\":\"ReadAction\",\"target\":[\"https:\/\/www.monitorstlflix.com\/product\/atslegu-piekarins-p-violets\/\"]}]},{\"@type\":\"ImageObject\",\"inLanguage\":\"es-ES\",\"@id\":\"https:\/\/www.monitorstlflix.com\/product\/atslegu-piekarins-p-violets\/#primaryimage\",\"url\":\"https:\/\/my.stlflix.com\/wp-content\/uploads\/2024\/06\/Noformejums-bez-nosaukuma-13.png\",\"contentUrl\":\"https:\/\/my.stlflix.com\/wp-content\/uploads\/2024\/06\/Noformejums-bez-nosaukuma-13.png\",\"width\":520,\"height\":520},{\"@type\":\"BreadcrumbList\",\"@id\":\"https:\/\/www.monitorstlflix.com\/product\/atslegu-piekarins-p-violets\/#breadcrumb\",\"itemListElement\":[{\"@type\":\"ListItem\",\"position\":1,\"name\":\"Home\",\"item\":\"https:\/\/www.stlflix-store.com\/\"},{\"@type\":\"ListItem\",\"position\":2,\"name\":\"Products\",\"item\":\"https:\/\/www.stlflix-store.com\/shop\/\"},{\"@type\":\"ListItem\",\"position\":3,\"name\":\"Atsl\u0113gu Piekari\u0146\u0161 &#8220;P&#8221; &#8211; violets\"}]},{\"@type\":\"WebSite\",\"@id\":\"https:\/\/my.stlflix.com\/#website\",\"url\":\"https:\/\/my.stlflix.com\/\",\"name\":\"MyStore - By STLFLIX\",\"description\":\"\",\"publisher\":{\"@id\":\"https:\/\/my.stlflix.com\/#organization\"},\"potentialAction\":[{\"@type\":\"SearchAction\",\"target\":{\"@type\":\"EntryPoint\",\"urlTemplate\":\"https:\/\/my.stlflix.com\/?s={search_term_string}\"},\"query-input\":{\"@type\":\"PropertyValueSpecification\",\"valueRequired\":true,\"valueName\":\"search_term_string\"}}],\"inLanguage\":\"es-ES\"},{\"@type\":\"Organization\",\"@id\":\"https:\/\/my.stlflix.com\/#organization\",\"name\":\"MyStore - By STLFLIX\",\"url\":\"https:\/\/my.stlflix.com\/\",\"logo\":{\"@type\":\"ImageObject\",\"inLanguage\":\"es-ES\",\"@id\":\"https:\/\/my.stlflix.com\/#\/schema\/logo\/image\/\",\"url\":\"https:\/\/my.stlflix.com\/wp-content\/uploads\/2024\/06\/logo-mystore.png\",\"contentUrl\":\"https:\/\/my.stlflix.com\/wp-content\/uploads\/2024\/06\/logo-mystore.png\",\"width\":150,\"height\":41,\"caption\":\"MyStore - By STLFLIX\"},\"image\":{\"@id\":\"https:\/\/my.stlflix.com\/#\/schema\/logo\/image\/\"},\"sameAs\":[\"https:\/\/www.facebook.com\/STLFLIX\",\"https:\/\/www.instagram.com\/stlflix_\/\",\"https:\/\/www.tiktok.com\/@stlflix\"]}]}<\/script>\n<!-- \/ Yoast SEO plugin. -->","yoast_head_json":{"title":"Atsl\u0113gu Piekari\u0146\u0161 \"P\" - violets","robots":{"index":"index","follow":"follow","max-snippet":"max-snippet:-1","max-image-preview":"max-image-preview:large","max-video-preview":"max-video-preview:-1"},"canonical":"https:\/\/www.monitorstlflix.com\/product\/atslegu-piekarins-p-violets\/","og_locale":"es_ES","og_type":"article","og_title":"Atsl\u0113gu Piekari\u0146\u0161 \"P\" - violets","og_description":"Ienesiet sav\u0101 ikdien\u0101 unik\u0101lu un stil\u012bgu piesk\u0101rienu ar m\u016bsu roku darba atsl\u0113gu piekari\u0146u, kas veidots no augstas kvalit\u0101tes resin. Katrs piekari\u0146\u0161 ir r\u016bp\u012bgi izgatavots ar lielu uzman\u012bbu deta\u013c\u0101m, lai nodro\u0161in\u0101tu izsmalcin\u0101tu dizainu un iztur\u012bbu. Pieejami da\u017e\u0101dos dizainos un kr\u0101su kombin\u0101cij\u0101s, \u0161ie piekari\u0146i ir ide\u0101li piem\u0113roti k\u0101 \u012bpa\u0161a d\u0101vana vai k\u0101 personaliz\u0113ts aksesu\u0101rs j\u016bsu atsl\u0113g\u0101m. Pievienojiet [&hellip;]","og_url":"https:\/\/www.monitorstlflix.com\/product\/atslegu-piekarins-p-violets\/","og_site_name":"MyStore - By STLFLIX","article_publisher":"https:\/\/www.facebook.com\/STLFLIX","article_modified_time":"2024-12-22T11:12:00+00:00","og_image":[{"width":520,"height":520,"url":"https:\/\/www.monitorstlflix.com\/wp-content\/uploads\/2024\/06\/Noformejums-bez-nosaukuma-13.png","type":"image\/png"}],"twitter_card":"summary_large_image","twitter_misc":{"Est. reading time":"1 minute"},"schema":{"@context":"https:\/\/schema.org","@graph":[{"@type":"WebPage","@id":"https:\/\/www.monitorstlflix.com\/product\/atslegu-piekarins-p-violets\/","url":"https:\/\/www.monitorstlflix.com\/product\/atslegu-piekarins-p-violets\/","name":"Atsl\u0113gu Piekari\u0146\u0161 \"P\" - violets","isPartOf":{"@id":"https:\/\/my.stlflix.com\/#website"},"primaryImageOfPage":{"@id":"https:\/\/www.monitorstlflix.com\/product\/atslegu-piekarins-p-violets\/#primaryimage"},"image":{"@id":"https:\/\/www.monitorstlflix.com\/product\/atslegu-piekarins-p-violets\/#primaryimage"},"thumbnailUrl":"https:\/\/my.stlflix.com\/wp-content\/uploads\/2024\/06\/Noformejums-bez-nosaukuma-13.png","datePublished":"2024-06-16T15:26:09+00:00","dateModified":"2024-12-22T11:12:00+00:00","breadcrumb":{"@id":"https:\/\/www.monitorstlflix.com\/product\/atslegu-piekarins-p-violets\/#breadcrumb"},"inLanguage":"es-ES","potentialAction":[{"@type":"ReadAction","target":["https:\/\/www.monitorstlflix.com\/product\/atslegu-piekarins-p-violets\/"]}]},{"@type":"ImageObject","inLanguage":"es-ES","@id":"https:\/\/www.monitorstlflix.com\/product\/atslegu-piekarins-p-violets\/#primaryimage","url":"https:\/\/my.stlflix.com\/wp-content\/uploads\/2024\/06\/Noformejums-bez-nosaukuma-13.png","contentUrl":"https:\/\/my.stlflix.com\/wp-content\/uploads\/2024\/06\/Noformejums-bez-nosaukuma-13.png","width":520,"height":520},{"@type":"BreadcrumbList","@id":"https:\/\/www.monitorstlflix.com\/product\/atslegu-piekarins-p-violets\/#breadcrumb","itemListElement":[{"@type":"ListItem","position":1,"name":"Home","item":"https:\/\/www.stlflix-store.com\/"},{"@type":"ListItem","position":2,"name":"Products","item":"https:\/\/www.stlflix-store.com\/shop\/"},{"@type":"ListItem","position":3,"name":"Atsl\u0113gu Piekari\u0146\u0161 &#8220;P&#8221; &#8211; violets"}]},{"@type":"WebSite","@id":"https:\/\/my.stlflix.com\/#website","url":"https:\/\/my.stlflix.com\/","name":"MyStore - By STLFLIX","description":"","publisher":{"@id":"https:\/\/my.stlflix.com\/#organization"},"potentialAction":[{"@type":"SearchAction","target":{"@type":"EntryPoint","urlTemplate":"https:\/\/my.stlflix.com\/?s={search_term_string}"},"query-input":{"@type":"PropertyValueSpecification","valueRequired":true,"valueName":"search_term_string"}}],"inLanguage":"es-ES"},{"@type":"Organization","@id":"https:\/\/my.stlflix.com\/#organization","name":"MyStore - By STLFLIX","url":"https:\/\/my.stlflix.com\/","logo":{"@type":"ImageObject","inLanguage":"es-ES","@id":"https:\/\/my.stlflix.com\/#\/schema\/logo\/image\/","url":"https:\/\/my.stlflix.com\/wp-content\/uploads\/2024\/06\/logo-mystore.png","contentUrl":"https:\/\/my.stlflix.com\/wp-content\/uploads\/2024\/06\/logo-mystore.png","width":150,"height":41,"caption":"MyStore - By STLFLIX"},"image":{"@id":"https:\/\/my.stlflix.com\/#\/schema\/logo\/image\/"},"sameAs":["https:\/\/www.facebook.com\/STLFLIX","https:\/\/www.instagram.com\/stlflix_\/","https:\/\/www.tiktok.com\/@stlflix"]}]}},"_links":{"self":[{"href":"https:\/\/my.stlflix.com\/es\/wp-json\/wp\/v2\/product\/40758","targetHints":{"allow":["GET"]}}],"collection":[{"href":"https:\/\/my.stlflix.com\/es\/wp-json\/wp\/v2\/product"}],"about":[{"href":"https:\/\/my.stlflix.com\/es\/wp-json\/wp\/v2\/types\/product"}],"replies":[{"embeddable":true,"href":"https:\/\/my.stlflix.com\/es\/wp-json\/wp\/v2\/comments?post=40758"}],"wp:featuredmedia":[{"embeddable":true,"href":"https:\/\/my.stlflix.com\/es\/wp-json\/wp\/v2\/media\/40742"}],"wp:attachment":[{"href":"https:\/\/my.stlflix.com\/es\/wp-json\/wp\/v2\/media?parent=40758"}],"wp:term":[{"taxonomy":"product_brand","embeddable":true,"href":"https:\/\/my.stlflix.com\/es\/wp-json\/wp\/v2\/product_brand?post=40758"},{"taxonomy":"product_cat","embeddable":true,"href":"https:\/\/my.stlflix.com\/es\/wp-json\/wp\/v2\/product_cat?post=40758"},{"taxonomy":"product_tag","embeddable":true,"href":"https:\/\/my.stlflix.com\/es\/wp-json\/wp\/v2\/product_tag?post=40758"}],"curies":[{"name":"wp","href":"https:\/\/api.w.org\/{rel}","templated":true}]}}